{"id":17654,"date":"2024-05-23T15:02:08","date_gmt":"2024-05-23T13:02:08","guid":{"rendered":"https:\/\/vondetech.com\/%e5%8f%96%e6%b6%88%e6%9d%83\/"},"modified":"2025-03-21T07:47:59","modified_gmt":"2025-03-21T06:47:59","slug":"quxiaoquan","status":"publish","type":"page","link":"https:\/\/vondetech.com\/zh-hans\/quxiaoquan\/","title":{"rendered":"Vonde Pro \u5e94\u7528\u7a0b\u5e8f\u7684\u9690\u79c1\u653f\u7b56"},"content":{"rendered":"<div class=\"wpb-content-wrapper\"><p>[vc_row][vc_column][vc_empty_space][vc_column_text el_class=&#8221;legal-text&#8221;]<strong>\u751f\u6548\u65e5\u671f\uff1a 2025 \u5e74 3 \u6708 17 \u65e5<\/strong>2025 \u5e74 3 \u6708 17 \u65e5<\/p>\n<ol>\n<li><strong> \u5bfc\u8a00<\/strong><\/li>\n<\/ol>\n<p>KMAK Kelet-Magyarorsz\u00e1gi Adatk\u00f6zpont Kft. 5000 Szolnok, Szap\u00e1ry utca 20.\u7535\u5b50\u90ae\u4ef6\uff1ainfo@vondetechnology.com\u3002(Vonde\u516c\u53f8\uff08\u4ee5\u4e0b\u7b80\u79f0 &#8220;\u6211\u4eec&#8221;\u3001&#8221;\u6211\u4eec\u7684 &#8220;\u6216 &#8220;\u6211\u4eec&#8221;\uff09\u901a\u8fc7Vonde Pro\u5e94\u7528\u7a0b\u5e8f\uff08\u4ee5\u4e0b\u7b80\u79f0 &#8220;\u5e94\u7528\u7a0b\u5e8f&#8221;\uff09\u63d0\u4f9b\u5168\u9762\u7684\u6570\u5b57\u7f51\u7edc\u89e3\u51b3\u65b9\u6848\uff0c\u4fc3\u8fdb\u6570\u5b57\u540d\u7247\u3001URL\u7f29\u77ed\u3001NFC\u548cQR\u7801\u7ba1\u7406\u4ee5\u53ca\u82f9\u679c\/\u8c37\u6b4c\u94b1\u5305\u96c6\u6210\u3002\u672c\u9690\u79c1\u653f\u7b56\u6982\u8ff0\u4e86\u6211\u4eec\u6536\u96c6\u3001\u5904\u7406\u3001\u7ba1\u7406\u548c\u4fdd\u62a4\u4e2a\u4eba\u6570\u636e\u7684\u65b9\u6cd5\u3002   <\/p>\n<p>Vonde Technology LLC\uff08\u7f8e\u56fd\uff09\u8d1f\u8d23\u7ba1\u7406\u5168\u7403\u5e02\u573a\u548c\u56fd\u9645\u6269\u5f20\u3002 KMAK Kelet-Magyarorsz\u00e1gi Adatk\u00f6zpont Kft. (\u6b27\u6d32\uff0c\u5308\u7259\u5229\uff09\u8d1f\u8d23\u5f00\u53d1\u548c\u76f8\u5173\u8fd0\u8425\u4efb\u52a1\u3002<\/p>\n<p>Vonde Pro \u5e94\u7528\u7a0b\u5e8f\u662f\u4e00\u4e2a\u4e00\u4f53\u5316\u7684\u6570\u5b57\u7f51\u7edc\u89e3\u51b3\u65b9\u6848\uff0c\u5177\u6709\u6570\u5b57\u540d\u7247\u521b\u5efa\u548c\u5171\u4eab\u3001URL \u7f29\u77ed\u3001NFC \u548c QR \u7801\u7ba1\u7406\u4ee5\u53ca\u4e0e\u82f9\u679c\u548c\u8c37\u6b4c\u94b1\u5305\u65e0\u7f1d\u96c6\u6210\u7b49\u529f\u80fd\u3002<\/p>\n<p>\u653f\u7b56\u6458\u8981 \u672c\u6587\u4ef6\u63d0\u4f9b\u4ee5\u4e0b\u4fe1\u606f\uff1a<\/p>\n<ul>\n<li>\u6536\u96c6\u7684\u4e2a\u4eba\u6570\u636e\u7c7b\u578b<\/li>\n<li>\u6570\u636e\u5904\u7406\u7684\u76ee\u7684<\/li>\n<li>\u52a0\u5de5\u65b9\u6cd5\u548c\u5730\u70b9<\/li>\n<li>\u7b2c\u4e09\u65b9\u5171\u4eab\u4e2a\u4eba\u6570\u636e<\/li>\n<li>\u7279\u5b9a\u5730\u533a\u7684\u9690\u79c1\u6743\uff08\u6b27\u76df\u3001\u7f8e\u56fd\u3001\u5df4\u897f\uff09<\/li>\n<li>\u6570\u636e\u4fdd\u7559\u653f\u7b56<\/li>\n<li>\u5e7f\u544a\u548c\u5206\u6790\u5b9e\u8df5\uff08Google AdMob\u3001Google Analytics\u3001Firebase\uff09<\/li>\n<li>\u9000\u51fa\u9009\u9879<\/li>\n<li>\u6570\u636e\u6cc4\u9732\u901a\u77e5\u7a0b\u5e8f<\/li>\n<li>\u9690\u79c1\u54a8\u8be2\u8054\u7cfb\u4fe1\u606f<\/li>\n<\/ul>\n<ol start=\"2\">\n<li><strong> \u6536\u96c6\u7684\u4e2a\u4eba\u6570\u636e\u7c7b\u522b<\/strong><\/li>\n<\/ol>\n<p>\u6211\u4eec\u6536\u96c6<\/p>\n<ul>\n<li><strong>\u8054\u7cfb\u4fe1\u606f\uff1a<\/strong>\u59d3\u540d\u3001\u7535\u5b50\u90ae\u4ef6\u5730\u5740\u3001\u7535\u8bdd\u53f7\u7801<\/li>\n<li><strong>\u4ea4\u6613\u6570\u636e\uff1a<\/strong>\u8d2d\u4e70\u8be6\u60c5\u3001\u8ba2\u9605\u8bb0\u5f55<\/li>\n<li><strong>\u6280\u672f\u6570\u636e\uff1a<\/strong>IP \u5730\u5740\u3001\u8bbe\u5907\u6807\u8bc6\u7b26\uff08\u5982\u8c37\u6b4c\u5e7f\u544a\u5546 ID\u3001IDFA\uff09\u3001\u6d4f\u89c8\u5668\u7c7b\u578b\u3001\u64cd\u4f5c\u7cfb\u7edf\u8be6\u60c5<\/li>\n<li><strong>\u4f7f\u7528\u6570\u636e\uff1a<\/strong>\u5e94\u7528\u7a0b\u5e8f\u4e92\u52a8\u3001\u8bbf\u95ee\u529f\u80fd<\/li>\n<li><strong>\u5206\u6790\u6570\u636e\uff1a<\/strong>\u901a\u8fc7\u8c37\u6b4c\u5206\u6790\u548c Firebase<\/li>\n<li><strong>\u7528\u6237\u6570\u636e\uff1a<\/strong>\u4e2a\u4eba\u8d44\u6599\u6570\u636e\uff08\u5982\u7528\u6237\u540d\u3001\u5bc6\u7801\uff09\u3001\u8bbe\u7f6e\u3001\u504f\u597d<\/li>\n<li><strong>Cookie \u548c\u7c7b\u4f3c\u6280\u672f\uff1a<\/strong>\u7f51\u7ad9\u548c\u5e94\u7528\u7a0b\u5e8f\u4f7f\u7528 Cookie\u3001\u7f51\u7edc\u4fe1\u6807\u548c\u7c7b\u4f3c\u6280\u672f\u6765\u6539\u5584\u7528\u6237\u4f53\u9a8c\u3001\u5206\u6790\u6d41\u91cf\u548c\u4e2a\u6027\u5316\u5e7f\u544a\u3002<\/li>\n<\/ul>\n<ol start=\"3\">\n<li><strong> \u6570\u636e\u5904\u7406\u7684\u6cd5\u5f8b\u4f9d\u636e<\/strong><\/li>\n<\/ol>\n<p>\u6211\u4eec\u6839\u636e\u4ee5\u4e0b\u6cd5\u5f8b\u4f9d\u636e\u5904\u7406\u6570\u636e\uff1a<\/p>\n<ul>\n<li><strong>\u7528\u6237\u540c\u610f\uff1a<\/strong>\u5bf9\u4e8e\u4e2a\u6027\u5316\u5e7f\u544a\u3001\u76f4\u63a5\u8425\u9500\u548c\u67d0\u4e9b\u5206\u6790\u76ee\u7684\uff0c\u6211\u4eec\u4f1a\u4e8b\u5148\u5f81\u5f97\u7528\u6237\u7684\u540c\u610f\u3002<\/li>\n<li><strong>\u5408\u540c\u5fc5\u8981\u6027\uff1a<\/strong>\u8d26\u6237\u521b\u5efa\u3001\u6570\u5b57\u540d\u7247\u548c\u670d\u52a1\u63d0\u4f9b\u662f\u5c65\u884c\u5408\u540c\u4e49\u52a1\u6240\u5fc5\u9700\u7684\u3002<\/li>\n<li><strong>\u9075\u5b88\u6cd5\u5f8b\u4e49\u52a1<\/strong><\/li>\n<li><strong>\u5408\u6cd5\u5229\u76ca\uff1a<\/strong>\u6211\u4eec\u57fa\u4e8e\u5408\u6cd5\u5229\u76ca\u5904\u7406\u6570\u636e\uff0c\u4ee5\u9632\u6b62\u6b3a\u8bc8\u3001\u63d0\u9ad8\u670d\u52a1\u8d28\u91cf\u3001\u7ef4\u62a4\u5b89\u5168\u548c\u4f18\u5316\u4e1a\u52a1\u8fd0\u8425\u3002<\/li>\n<\/ul>\n<ol start=\"4\">\n<li><strong> \u5e7f\u544a\u548c\u5206\u6790<\/strong><\/li>\n<\/ol>\n<p>\u6211\u4eec\u4f7f\u7528 Google AdMob \u6839\u636e\u7528\u6237\u884c\u4e3a\u548c\u8bbe\u5907\u6807\u8bc6\u7b26\u53d1\u5e03\u6709\u9488\u5bf9\u6027\u7684\u5e7f\u544a\u3002Google AdMob \u6839\u636e\u7528\u6237\u884c\u4e3a\u548c\u8bbe\u5907\u6807\u8bc6\u7b26\u663e\u793a\u4e2a\u6027\u5316\u5e7f\u544a\u3002 <\/p>\n<p>\u5206\u6790\u670d\u52a1\uff08Google Analytics for Firebase\u3001Firebase \u6027\u80fd\u76d1\u63a7\u3001Firebase Crashlytics\uff09\u5206\u6790\u7528\u6237\u4ea4\u4e92\uff0c\u4ee5\u589e\u5f3a\u529f\u80fd\u548c\u5e94\u7528\u7a0b\u5e8f\u6027\u80fd\u3002Google Analytics \u6536\u96c6\u6709\u5173\u7528\u6237\u884c\u4e3a\u3001\u6d41\u91cf\u548c\u4eba\u53e3\u7edf\u8ba1\u4fe1\u606f\u7684\u533f\u540d\u6570\u636e\u3002Firebase \u6027\u80fd\u76d1\u63a7\u548c Firebase Crashlytics \u5206\u6790\u7528\u6237\u4ea4\u4e92\u3001\u5e94\u7528\u7a0b\u5e8f\u6027\u80fd\u548c\u5d29\u6e83\u60c5\u51b5\uff0c\u4ee5\u6539\u8fdb\u529f\u80fd\u548c\u5e94\u7528\u7a0b\u5e8f\u6027\u80fd\u3002  <\/p>\n<p>\u7528\u6237\u53ef\u4ee5\u5728\u8c37\u6b4c\u7684\u5e7f\u544a\u8bbe\u7f6e\u6216\u5176\u4ed6\u5728\u7ebf\u5e7f\u544a\u5e73\u53f0\u4e2d\u7ba1\u7406\u5e7f\u544a\u4e2a\u6027\u5316\u8bbe\u7f6e\u3002<\/p>\n<ol start=\"5\">\n<li><strong> \u6570\u636e\u5904\u7406\u548c\u7b2c\u4e09\u65b9\u5171\u4eab<\/strong><\/li>\n<\/ol>\n<p>\u6570\u636e\u5904\u7406\u901a\u8fc7\u7535\u5b50\u65b9\u5f0f\u8fdb\u884c\uff1a<\/p>\n<ul>\n<li>KMAK Kelet-Magyarorsz\u00e1gi Adatk\u00f6zpont Kft., 5000 Szolnok, Szap\u00e1ry utca 20., info@vondetechnology.com<\/li>\n<li>\u4e9a\u9a6c\u900a\u7f51\u7edc\u670d\u52a1\uff08AWS\uff09 \u4e9a\u9a6c\u900a\u7f51\u7edc\u670d\u52a1\uff08AWS\uff09\u4e3a\u6211\u4eec\u63d0\u4f9b\u57fa\u4e8e\u4e91\u7684\u5b58\u50a8\u548c\u6570\u636e\u5904\u7406\u670d\u52a1\u3002<\/li>\n<\/ul>\n<p>\u6211\u4eec\u53ef\u80fd\u4e0e\u4ee5\u4e0b\u4eba\u5458\u5171\u4eab\u4e2a\u4eba\u6570\u636e<\/p>\n<ul>\n<li>\u670d\u52a1\u63d0\u4f9b\u5546\uff1aAWS\u3001Google AdMob\u3001Firebase\u3002\u6211\u4eec\u53ef\u80fd\u4f1a\u4e0e\u534f\u52a9\u6211\u4eec\u63d0\u4f9b\u670d\u52a1\u3001\u5904\u7406\u4ed8\u6b3e\u3001\u63d0\u4f9b\u5ba2\u6237\u652f\u6301\u548c\u6267\u884c\u8425\u9500\u6d3b\u52a8\u7684\u5176\u4ed6\u670d\u52a1\u63d0\u4f9b\u5546\u5171\u4eab\u4e2a\u4eba\u6570\u636e\u3002 <\/li>\n<li>\u5206\u6790\u63d0\u4f9b\u5546\uff1a\u8c37\u6b4c\u5206\u6790<\/li>\n<li>\u6240\u6709\u7b2c\u4e09\u65b9\u90fd\u5fc5\u987b\u6839\u636e\u9002\u7528\u6cd5\u5f8b\u4fdd\u62a4\u4e2a\u4eba\u6570\u636e\u3002<\/li>\n<\/ul>\n<ol start=\"6\">\n<li><strong> \u7279\u5b9a\u5730\u533a\u7684\u9690\u79c1\u6743<\/strong><\/li>\n<\/ol>\n<ul>\n<li><strong>6.1 \u6b27\u76df\uff08GDPR\uff09<\/strong><\/li>\n<\/ul>\n<p>\u6b27\u76df\u7528\u6237\u6709\u6743<\/p>\n<ul>\n<li style=\"list-style-type: none;\">\n<ul>\n<li>\u8bbf\u95ee\u3001\u66f4\u6b63\u6216\u5220\u9664\u4e2a\u4eba\u6570\u636e<\/li>\n<li>\u53cd\u5bf9\u548c\u9650\u5236\u6570\u636e\u5904\u7406<\/li>\n<li>\u6570\u636e\u53ef\u79fb\u690d\u6027<\/li>\n<li>\u64a4\u9500\u540c\u610f<\/li>\n<li>\u5411\u5f53\u5730\u6570\u636e\u4fdd\u62a4\u673a\u6784\u6295\u8bc9\u3002\u6b27\u76df\u7528\u6237\u6709\u6743\u8bbf\u95ee\u3001\u66f4\u6b63\u3001\u5220\u9664\u3001\u9650\u5236\u5904\u7406\u3001\u53cd\u5bf9\u5904\u7406\u3001\u8981\u6c42\u6570\u636e\u53ef\u79fb\u690d\u6027\u548c\u64a4\u9500\u540c\u610f\u3002\u7528\u6237\u6709\u6743\u5411\u5f53\u5730\u6570\u636e\u4fdd\u62a4\u673a\u6784\u6295\u8bc9\u3002  <\/li>\n<\/ul>\n<\/li>\n<li><strong>6.2 \u7f8e\u56fd\uff08CCPA \u548c\u5176\u4ed6\u5dde\u6cd5\u5f8b\uff09<\/strong><\/li>\n<\/ul>\n<p>\u7f8e\u56fd\u7528\u6237\u6709\u6743<\/p>\n<ul>\n<li style=\"list-style-type: none;\">\n<ul>\n<li>\u8bbf\u95ee\u548c\u66f4\u6b63\u4e2a\u4eba\u6570\u636e<\/li>\n<li>\u8bf7\u6c42\u5220\u9664\u6570\u636e<\/li>\n<li>\u9000\u51fa\u5b9a\u5411\u5e7f\u544a\u3002\u7f8e\u56fd\u7528\u6237\u6709\u6743\u8bbf\u95ee\u3001\u66f4\u6b63\u3001\u5220\u9664\u5176\u4e2a\u4eba\u6570\u636e\uff0c\u5e76\u9009\u62e9\u9000\u51fa\u6709\u9488\u5bf9\u6027\u7684\u5e7f\u544a\u3002 <\/li>\n<li>\u884c\u4f7f\u9690\u79c1\u6743\u4e0d\u53d7\u6b67\u89c6<\/li>\n<li>\u9488\u5bf9\u52a0\u5229\u798f\u5c3c\u4e9a\u5dde\uff1a\u6211\u4eec\u4e0d\u51fa\u552e\u6216\u6536\u96c6 16 \u5c81\u4ee5\u4e0b\u7528\u6237\u7684\u4e2a\u4eba\u6570\u636e\u3002\u52a0\u5dde\u5c45\u6c11\u6709\u6743\u5728\u884c\u4f7f\u9690\u79c1\u6743\u65f6\u4e0d\u53d7\u6b67\u89c6\u3002\u6211\u4eec\u4e0d\u51fa\u552e\u6216\u6536\u96c6 16 \u5c81\u4ee5\u4e0b\u7528\u6237\u7684\u4e2a\u4eba\u6570\u636e\u3002  <\/li>\n<\/ul>\n<\/li>\n<li><strong>6.3 \u5df4\u897f\uff08LGPD\uff09<\/strong><\/li>\n<\/ul>\n<p>\u5df4\u897f\u7528\u6237\u6709\u6743<\/p>\n<ul>\n<li style=\"list-style-type: none;\">\n<ul>\n<li>\u786e\u8ba4\u6570\u636e\u5904\u7406<\/li>\n<li>\u8bbf\u95ee\u548c\u66f4\u6b63\u4e2a\u4eba\u6570\u636e<\/li>\n<li>\u8981\u6c42\u533f\u540d\u3001\u963b\u6b62\u6216\u5220\u9664\u6570\u636e<\/li>\n<li>\u8981\u6c42\u6570\u636e\u53ef\u79fb\u690d\u6027<\/li>\n<li>\u64a4\u9500\u540c\u610f<\/li>\n<li>\u5411 ANPD \u6295\u8bc9\u3002\u5df4\u897f\u7528\u6237\u6709\u6743\u786e\u8ba4\u5bf9\u5176\u6570\u636e\u7684\u5904\u7406\u3001\u8bbf\u95ee\u3001\u66f4\u6b63\u3001\u8981\u6c42\u533f\u540d\u5316\u3001\u963b\u6b62\u6216\u5220\u9664\u6570\u636e\u3001\u8981\u6c42\u6570\u636e\u53ef\u79fb\u690d\u6027\u3001\u64a4\u9500\u540c\u610f\u4ee5\u53ca\u5411 ANPD \u6295\u8bc9\u3002 <\/li>\n<\/ul>\n<\/li>\n<\/ul>\n<ol start=\"7\">\n<li><strong> \u6570\u636e\u4fdd\u7559<\/strong><\/li>\n<\/ol>\n<p>\u4e2a\u4eba\u6570\u636e\u7684\u4fdd\u7559\u671f\u9650\u4ec5\u9650\u4e8e\u5b9e\u73b0\u6240\u8ff0\u76ee\u7684\u6240\u9700\u7684\u65f6\u95f4\uff0c\u6216\u76f4\u81f3\u64a4\u9500\u540c\u610f\u4e3a\u6b62\uff0c\u4e4b\u540e\u6570\u636e\u5c06\u88ab\u5b89\u5168\u5220\u9664\u3002\u4e2a\u4eba\u6570\u636e\u7684\u4fdd\u7559\u671f\u9650\u4ec5\u9650\u4e8e\u5b9e\u73b0\u6307\u5b9a\u76ee\u7684\u6240\u9700\u7684\u65f6\u95f4\uff0c\u6216\u76f4\u81f3\u7528\u6237\u64a4\u9500\u540c\u610f\u4e3a\u6b62\u3002\u4e4b\u540e\uff0c\u6570\u636e\u5c06\u88ab\u5b89\u5168\u5220\u9664\u3002  <\/p>\n<p>\u6211\u4eec\u6839\u636e\u4ee5\u4e0b\u6807\u51c6\u786e\u5b9a\u6570\u636e\u4fdd\u7559\u671f\u9650\uff1a\u6536\u96c6\u6570\u636e\u7684\u76ee\u7684\u3001\u6cd5\u5f8b\u4e49\u52a1\u4ee5\u53ca\u6211\u4eec\u7684\u5408\u6cd5\u5546\u4e1a\u5229\u76ca\u3002<\/p>\n<p>\u6211\u4eec\u5df2\u91c7\u53d6\u9002\u5f53\u7684\u6570\u636e\u5b89\u5168\u63aa\u65bd\uff0c\u4fdd\u62a4\u4e2a\u4eba\u6570\u636e\u514d\u906d\u672a\u7ecf\u6388\u6743\u7684\u8bbf\u95ee\u3001\u4f7f\u7528\u3001\u4fee\u6539\u6216\u5220\u9664\u3002\u8fd9\u4e9b\u63aa\u65bd\u5305\u62ec\u52a0\u5bc6\u3001\u5b89\u5168\u5b58\u50a8\u3001\u8bbf\u95ee\u63a7\u5236\u548c\u5b9a\u671f\u5ba1\u8ba1\u3002 <\/p>\n<ol start=\"8\">\n<li><strong> Cookie\u3001\u5206\u6790\u548c\u9009\u62e9\u9000\u51fa<\/strong><\/li>\n<\/ol>\n<p>\u7528\u6237\u53ef\u4ee5\u901a\u8fc7\u8bbe\u5907\u8bbe\u7f6e\u6216\u9000\u51fa\u670d\u52a1\u7ba1\u7406\u9996\u9009\u9879\uff1a\u7528\u6237\u53ef\u5728\u8bbe\u5907\u6216\u6d4f\u89c8\u5668\u8bbe\u7f6e\u4e2d\u7ba1\u7406 cookie \u8bbe\u7f6e\u3002<\/p>\n<ul>\n<li>\u60a8\u7684\u5728\u7ebf\u9009\u62e9\uff08\u6b27\u76df\uff09<\/li>\n<li>\u7f51\u7edc\u5e7f\u544a\u5021\u8bae\uff08\u7f8e\u56fd\uff09<\/li>\n<li>\u6570\u5b57\u5e7f\u544a\u8054\u76df\uff08\u7f8e\u56fd\uff09<\/li>\n<li>\u7528\u6237\u4e5f\u53ef\u4ee5\u5728\u8c37\u6b4c\u7684\u5e7f\u544a\u8bbe\u7f6e\u6216\u5176\u4ed6\u5728\u7ebf\u5e7f\u544a\u5e73\u53f0\u4e2d\u9009\u62e9\u9000\u51fa\u5e7f\u544a\u4e2a\u6027\u5316\u3002<\/li>\n<\/ul>\n<p>\u6211\u4eec\u4f7f\u7528\u4f1a\u8bdd cookie\u3001\u6c38\u4e45 cookie\u3001\u5206\u6790 cookie \u548c\u5e7f\u544a cookie\u3002<\/p>\n<ol start=\"9\">\n<li><strong> \u56fd\u9645\u6570\u636e\u4f20\u8f93<\/strong><\/li>\n<\/ol>\n<p>\u4e2a\u4eba\u6570\u636e\u53ef\u80fd\u4e3b\u8981\u901a\u8fc7 AWS \u57fa\u7840\u8bbe\u65bd\u5728\u7528\u6237\u6240\u5728\u56fd\u4ee5\u5916\u5904\u7406\uff0c\u4ee5\u786e\u4fdd\u7b26\u5408\u56fd\u9645\u6570\u636e\u4fdd\u62a4\u6807\u51c6\uff08\u5982\u6807\u51c6\u5408\u540c\u6761\u6b3e\uff09\u3002\u6211\u4eec\u53ef\u80fd\u4f1a\u5c06\u4e2a\u4eba\u6570\u636e\u4f20\u8f93\u5230\u6b27\u76df\u4ee5\u5916\u7684\u56fd\u5bb6\uff0c\u5982\u7f8e\u56fd\uff0c\u90a3\u91cc\u7684\u6570\u636e\u4fdd\u62a4\u89c4\u5219\u53ef\u80fd\u4e0e\u6b27\u76df\u4e0d\u540c\u3002\u56fd\u9645\u6570\u636e\u4f20\u8f93\u57fa\u4e8e\u6807\u51c6\u5408\u540c\u6761\u6b3e (SCC) \u6216\u5176\u4ed6\u9002\u5f53\u7684\u6cd5\u5f8b\u4f9d\u636e\u3002\u6211\u4eec\u5df2\u91c7\u53d6\u9002\u5f53\u7684\u6570\u636e\u4fdd\u62a4\u63aa\u65bd\uff0c\u5728\u56fd\u9645\u6570\u636e\u4f20\u8f93\u8fc7\u7a0b\u4e2d\u4fdd\u62a4\u4e2a\u4eba\u6570\u636e\uff0c\u5305\u62ec\u4f7f\u7528\u6807\u51c6\u5408\u540c\u6761\u6b3e\u548c\u91c7\u53d6\u9002\u5f53\u7684\u5b89\u5168\u63aa\u65bd\u3002   <\/p>\n<ol start=\"10\">\n<li><strong> \u81ea\u52a8\u51b3\u7b56\u548c\u7279\u5f81\u5206\u6790<\/strong><\/li>\n<\/ol>\n<p>\u6211\u4eec\u91c7\u7528\u81ea\u52a8\u51b3\u7b56\u7684\u76ee\u7684\u662f<\/p>\n<ul>\n<li>\u6709\u9488\u5bf9\u6027\u7684\u5e7f\u544a<\/li>\n<li>\u7528\u6237\u884c\u4e3a\u5206\u6790<\/li>\n<li>\u4e2a\u6027\u5316\u5185\u5bb9<\/li>\n<li>\u6211\u4eec\u4f7f\u7528\u81ea\u52a8\u51b3\u7b56\u548c\u7279\u5f81\u5206\u6790\u6765\u663e\u793a\u6709\u9488\u5bf9\u6027\u7684\u5e7f\u544a\u3001\u5206\u6790\u7528\u6237\u884c\u4e3a\u548c\u63a8\u8350\u4e2a\u6027\u5316\u5185\u5bb9\u3002<\/li>\n<\/ul>\n<p>\u7528\u6237\u53ef\u968f\u65f6\u901a\u8fc7 info@vondetech.com \u53cd\u5bf9\u6b64\u7c7b\u5904\u7406\u3002\u7528\u6237\u6709\u6743\u901a\u8fc7 info@vondetech.com \u4e0e\u6211\u4eec\u8054\u7cfb\uff0c\u4ee5\u53cd\u5bf9\u81ea\u52a8\u51b3\u7b56\u548c\u8c8c\u76f8\u3002 <\/p>\n<ol start=\"11\">\n<li><strong> \u884c\u4f7f\u7528\u6237\u6743\u5229<\/strong><\/li>\n<\/ol>\n<p>\u5982\u9700\u884c\u4f7f\u60a8\u7684\u9690\u79c1\u6743\uff0c\u8bf7\u5411\u4ee5\u4e0b\u673a\u6784\u63d0\u4ea4\u4e66\u9762\u7533\u8bf7\uff1aKMAK Kelet-Magyarorsz\u00e1gi Adatk\u00f6zpont Kft. H-5000 Szolnok, Szap\u00e1ry utca 20. \u7535\u5b50\u90ae\u4ef6\uff1ainfo@vondetechnology.com\u3002\u7528\u6237\u53ef\u5411\u4ee5\u4e0b\u673a\u6784\u63d0\u4ea4\u4e66\u9762\u7533\u8bf7\uff0c\u4ee5\u884c\u4f7f\u5176\u6743\u5229\uff1aKMAK Kelet-Magyarorsz\u00e1gi Adatk\u00f6zpont Kft.  H-5000 Szolnok, Szap\u00e1ry utca 20. \u7535\u5b50\u90ae\u4ef6\uff1ainfo@vondetechnology.com.<\/p>\n<p>\u8eab\u4efd\u9a8c\u8bc1\uff1a\u7533\u8bf7\u5fc5\u987b\u6765\u81ea\u60a8\u6ce8\u518c\u7684\u7535\u5b50\u90ae\u4ef6\u5730\u5740\u3002\u53ef\u80fd\u4f1a\u8981\u6c42\u989d\u5916\u9a8c\u8bc1\uff0c\u9a8c\u8bc1\u540e\u5c06\u5220\u9664\u4f7f\u7528\u7684\u6587\u4ef6\u3002\u7533\u8bf7\u5fc5\u987b\u6765\u81ea\u60a8\u6ce8\u518c\u7684\u7535\u5b50\u90ae\u4ef6\u5730\u5740\u3002\u7528\u6237\u5728\u63d0\u4ea4\u7533\u8bf7\u65f6\u5fc5\u987b\u9a8c\u8bc1\u81ea\u5df1\u7684\u8eab\u4efd\u3002\u6211\u4eec\u53ef\u80fd\u4f1a\u8981\u6c42\u63d0\u4f9b\u5176\u4ed6\u4fe1\u606f\u4ee5\u6838\u5b9e\u8eab\u4efd\uff0c\u7528\u4e8e\u6838\u5b9e\u7684\u6587\u4ef6\u5c06\u5728\u6838\u5b9e\u540e\u5220\u9664\u3002    <\/p>\n<p>\u54cd\u5e94\u65f6\u95f4\uff1a<\/p>\n<ul>\n<li>GDPR \uff08\u6b27\u76df\uff09\uff1a30 \u5929\u5185<\/li>\n<li>LGPD \uff08\u5df4\u897f\uff09\uff1a15 \u5929\u5185<\/li>\n<li>CCPA \u548c\u7f8e\u56fd\u5404\u5dde\u6cd5\u5f8b\uff1a45 \u5929\u5185<\/li>\n<\/ul>\n<ol start=\"12\">\n<li><strong> \u6570\u636e\u6cc4\u9732\u901a\u77e5<\/strong><\/li>\n<\/ol>\n<p>\u5982\u679c\u53d1\u751f\u4e2a\u4eba\u6570\u636e\u6cc4\u9732\uff0c\u5c06\u6839\u636e\u9002\u7528\u6cd5\u89c4\u53ca\u65f6\u901a\u77e5\u7528\u6237\u548c\u76f8\u5173\u5f53\u5c40\u3002\u5982\u679c\u53d1\u751f\u4e2a\u4eba\u6570\u636e\u6cc4\u9732\uff0c\u5c06\u6839\u636e\u9002\u7528\u6cd5\u89c4\u53ca\u65f6\u901a\u77e5\u7528\u6237\u548c\u76f8\u5173\u5f53\u5c40\u3002 <\/p>\n<ol start=\"13\">\n<li><strong> \u6570\u636e\u5b89\u5168\u63aa\u65bd<\/strong><\/li>\n<\/ol>\n<p>\u6211\u4eec\u91c7\u53d6\u7684\u5b89\u5168\u63aa\u65bd\u5305\u62ec\u52a0\u5bc6\u3001\u5b89\u5168\u5b58\u50a8\u3001\u8bbf\u95ee\u63a7\u5236\u548c\u5b9a\u671f\u5ba1\u8ba1\uff0c\u4ee5\u4fdd\u62a4\u6570\u636e\u7684\u5b8c\u6574\u6027\u3002\u6211\u4eec\u7684\u6570\u636e\u5b89\u5168\u63aa\u65bd\u5305\u62ec\u52a0\u5bc6\uff08\u4f20\u8f93\u4e2d\u548c\u9759\u6001\uff09\u3001\u5b89\u5168\u5b58\u50a8\u3001\u8bbf\u95ee\u63a7\u5236\u3001\u5b9a\u671f\u5b89\u5168\u5ba1\u8ba1\u548c\u5458\u5de5\u6570\u636e\u4fdd\u62a4\u57f9\u8bad\u3002 <\/p>\n<ol start=\"14\">\n<li><strong> \u513f\u7ae5\u9690\u79c1<\/strong><\/li>\n<\/ol>\n<p>\u6211\u4eec\u4e0d\u4f1a\u6709\u610f\u6536\u96c6 16 \u5c81\u4ee5\u4e0b\u672a\u6210\u5e74\u4eba\u7684\u6570\u636e\u3002\u5982\u53d1\u73b0\u4efb\u4f55\u6b64\u7c7b\u6570\u636e\uff0c\u6211\u4eec\u5c06\u7acb\u5373\u5220\u9664\u3002\u6211\u4eec\u4e0d\u4f1a\u6709\u610f\u6536\u96c6 16 \u5c81\u4ee5\u4e0b\u672a\u6210\u5e74\u4eba\u7684\u6570\u636e\u3002\u5982\u679c\u6211\u4eec\u53d1\u73b0\u6b64\u7c7b\u6570\u636e\uff0c\u5c06\u7acb\u5373\u5220\u9664\u3002   <\/p>\n<ol start=\"15\">\n<li><strong> \u653f\u7b56\u66f4\u65b0<\/strong><\/li>\n<\/ol>\n<p>\u672c\u9690\u79c1\u653f\u7b56\u53ef\u80fd\u4f1a\u5b9a\u671f\u66f4\u65b0\uff0c\u91cd\u5927\u53d8\u66f4\u5c06\u901a\u8fc7\u5e94\u7528\u7a0b\u5e8f\u901a\u77e5\u6216\u7535\u5b50\u90ae\u4ef6\u544a\u77e5\u3002\u672c\u9690\u79c1\u653f\u7b56\u53ef\u80fd\u4f1a\u5b9a\u671f\u66f4\u65b0\u3002\u91cd\u5927\u53d8\u66f4\u5c06\u901a\u8fc7\u5e94\u7528\u7a0b\u5e8f\u901a\u77e5\u6216\u7535\u5b50\u90ae\u4ef6\u544a\u77e5\u3002\u66f4\u65b0\u540e\u7684\u9690\u79c1\u653f\u7b56\u5c06\u5728\u6211\u4eec\u7684\u7f51\u7ad9\u548c\u5e94\u7528\u7a0b\u5e8f\u4e2d\u516c\u5e03\u3002   <\/p>\n<p><strong>\u6570\u636e\u4fdd\u62a4\u8054\u7cfb\u4eba<\/strong><\/p>\n<p>\u5982\u6709\u95ee\u9898\u6216\u7591\u8651\uff0c\u8bf7\u8054\u7cfb\u6570\u636e\u4fdd\u62a4\u5b98 KMAK Kelet-Magyarorsz\u00e1gi Adatk\u00f6zpont Kft. H-5000 Szolnok, Szap\u00e1ry utca 20. \u7535\u5b50\u90ae\u4ef6\uff1ainfo@vondetechnology.com<\/p>\n<p>\u4f7f\u7528 Vonde Pro App \u5373\u8868\u793a\u60a8\u627f\u8ba4\u5e76\u540c\u610f\u672c\u9690\u79c1\u653f\u7b56\u3002[\/vc_column_text][\/vc_column][\/vc_row]<\/p>\n<\/div>","protected":false},"excerpt":{"rendered":"<p>[vc_row][vc_column][vc_empty_space][vc_column_text el_c [&hellip;]<\/p>\n","protected":false},"author":1,"featured_media":0,"parent":0,"menu_order":0,"comment_status":"closed","ping_status":"closed","template":"","meta":{"footnotes":""},"class_list":["post-17654","page","type-page","status-publish","hentry"],"yoast_head":"<!-- This site is optimized with the Yoast SEO plugin v24.7 - https:\/\/yoast.com\/wordpress\/plugins\/seo\/ -->\n<title>Vonde Pro \u5e94\u7528\u7a0b\u5e8f\u7684\u9690\u79c1\u653f\u7b56 - Vondetech<\/title>\n<meta name=\"robots\" content=\"index, follow, max-snippet:-1, max-image-preview:large, max-video-preview:-1\" \/>\n<link rel=\"canonical\" href=\"https:\/\/vondetech.com\/zh-hans\/quxiaoquan\/\" \/>\n<meta property=\"og:locale\" content=\"zh_CN\" \/>\n<meta property=\"og:type\" content=\"article\" \/>\n<meta property=\"og:title\" content=\"Vonde Pro \u5e94\u7528\u7a0b\u5e8f\u7684\u9690\u79c1\u653f\u7b56 - Vondetech\" \/>\n<meta property=\"og:description\" content=\"[vc_row][vc_column][vc_empty_space][vc_column_text el_c [&hellip;]\" \/>\n<meta property=\"og:url\" content=\"https:\/\/vondetech.com\/zh-hans\/quxiaoquan\/\" \/>\n<meta property=\"og:site_name\" content=\"Vondetech\" \/>\n<meta property=\"article:modified_time\" content=\"2025-03-21T06:47:59+00:00\" \/>\n<meta name=\"twitter:card\" content=\"summary_large_image\" \/>\n<meta name=\"twitter:label1\" content=\"\u9884\u8ba1\u9605\u8bfb\u65f6\u95f4\" \/>\n\t<meta name=\"twitter:data1\" content=\"1 \u5206\" \/>\n<script type=\"application\/ld+json\" class=\"yoast-schema-graph\">{\"@context\":\"https:\/\/schema.org\",\"@graph\":[{\"@type\":\"WebPage\",\"@id\":\"https:\/\/vondetech.com\/zh-hans\/quxiaoquan\/\",\"url\":\"https:\/\/vondetech.com\/zh-hans\/quxiaoquan\/\",\"name\":\"Vonde Pro \u5e94\u7528\u7a0b\u5e8f\u7684\u9690\u79c1\u653f\u7b56 - Vondetech\",\"isPartOf\":{\"@id\":\"https:\/\/vondetech.com\/zh-hans\/#website\"},\"datePublished\":\"2024-05-23T13:02:08+00:00\",\"dateModified\":\"2025-03-21T06:47:59+00:00\",\"breadcrumb\":{\"@id\":\"https:\/\/vondetech.com\/zh-hans\/quxiaoquan\/#breadcrumb\"},\"inLanguage\":\"zh-Hans\",\"potentialAction\":[{\"@type\":\"ReadAction\",\"target\":[\"https:\/\/vondetech.com\/zh-hans\/quxiaoquan\/\"]}]},{\"@type\":\"BreadcrumbList\",\"@id\":\"https:\/\/vondetech.com\/zh-hans\/quxiaoquan\/#breadcrumb\",\"itemListElement\":[{\"@type\":\"ListItem\",\"position\":1,\"name\":\"\u9996\u9875\",\"item\":\"https:\/\/vondetech.com\/zh-hans\/shouye\/\"},{\"@type\":\"ListItem\",\"position\":2,\"name\":\"Vonde Pro \u5e94\u7528\u7a0b\u5e8f\u7684\u9690\u79c1\u653f\u7b56\"}]},{\"@type\":\"WebSite\",\"@id\":\"https:\/\/vondetech.com\/zh-hans\/#website\",\"url\":\"https:\/\/vondetech.com\/zh-hans\/\",\"name\":\"Vondetech\",\"description\":\"\",\"potentialAction\":[{\"@type\":\"SearchAction\",\"target\":{\"@type\":\"EntryPoint\",\"urlTemplate\":\"https:\/\/vondetech.com\/zh-hans\/?s={search_term_string}\"},\"query-input\":{\"@type\":\"PropertyValueSpecification\",\"valueRequired\":true,\"valueName\":\"search_term_string\"}}],\"inLanguage\":\"zh-Hans\"}]}<\/script>\n<!-- \/ Yoast SEO plugin. -->","yoast_head_json":{"title":"Vonde Pro \u5e94\u7528\u7a0b\u5e8f\u7684\u9690\u79c1\u653f\u7b56 - Vondetech","robots":{"index":"index","follow":"follow","max-snippet":"max-snippet:-1","max-image-preview":"max-image-preview:large","max-video-preview":"max-video-preview:-1"},"canonical":"https:\/\/vondetech.com\/zh-hans\/quxiaoquan\/","og_locale":"zh_CN","og_type":"article","og_title":"Vonde Pro \u5e94\u7528\u7a0b\u5e8f\u7684\u9690\u79c1\u653f\u7b56 - Vondetech","og_description":"[vc_row][vc_column][vc_empty_space][vc_column_text el_c [&hellip;]","og_url":"https:\/\/vondetech.com\/zh-hans\/quxiaoquan\/","og_site_name":"Vondetech","article_modified_time":"2025-03-21T06:47:59+00:00","twitter_card":"summary_large_image","twitter_misc":{"\u9884\u8ba1\u9605\u8bfb\u65f6\u95f4":"1 \u5206"},"schema":{"@context":"https:\/\/schema.org","@graph":[{"@type":"WebPage","@id":"https:\/\/vondetech.com\/zh-hans\/quxiaoquan\/","url":"https:\/\/vondetech.com\/zh-hans\/quxiaoquan\/","name":"Vonde Pro \u5e94\u7528\u7a0b\u5e8f\u7684\u9690\u79c1\u653f\u7b56 - Vondetech","isPartOf":{"@id":"https:\/\/vondetech.com\/zh-hans\/#website"},"datePublished":"2024-05-23T13:02:08+00:00","dateModified":"2025-03-21T06:47:59+00:00","breadcrumb":{"@id":"https:\/\/vondetech.com\/zh-hans\/quxiaoquan\/#breadcrumb"},"inLanguage":"zh-Hans","potentialAction":[{"@type":"ReadAction","target":["https:\/\/vondetech.com\/zh-hans\/quxiaoquan\/"]}]},{"@type":"BreadcrumbList","@id":"https:\/\/vondetech.com\/zh-hans\/quxiaoquan\/#breadcrumb","itemListElement":[{"@type":"ListItem","position":1,"name":"\u9996\u9875","item":"https:\/\/vondetech.com\/zh-hans\/shouye\/"},{"@type":"ListItem","position":2,"name":"Vonde Pro \u5e94\u7528\u7a0b\u5e8f\u7684\u9690\u79c1\u653f\u7b56"}]},{"@type":"WebSite","@id":"https:\/\/vondetech.com\/zh-hans\/#website","url":"https:\/\/vondetech.com\/zh-hans\/","name":"Vondetech","description":"","potentialAction":[{"@type":"SearchAction","target":{"@type":"EntryPoint","urlTemplate":"https:\/\/vondetech.com\/zh-hans\/?s={search_term_string}"},"query-input":{"@type":"PropertyValueSpecification","valueRequired":true,"valueName":"search_term_string"}}],"inLanguage":"zh-Hans"}]}},"_links":{"self":[{"href":"https:\/\/vondetech.com\/zh-hans\/wp-json\/wp\/v2\/pages\/17654","targetHints":{"allow":["GET"]}}],"collection":[{"href":"https:\/\/vondetech.com\/zh-hans\/wp-json\/wp\/v2\/pages"}],"about":[{"href":"https:\/\/vondetech.com\/zh-hans\/wp-json\/wp\/v2\/types\/page"}],"author":[{"embeddable":true,"href":"https:\/\/vondetech.com\/zh-hans\/wp-json\/wp\/v2\/users\/1"}],"replies":[{"embeddable":true,"href":"https:\/\/vondetech.com\/zh-hans\/wp-json\/wp\/v2\/comments?post=17654"}],"version-history":[{"count":6,"href":"https:\/\/vondetech.com\/zh-hans\/wp-json\/wp\/v2\/pages\/17654\/revisions"}],"predecessor-version":[{"id":21011,"href":"https:\/\/vondetech.com\/zh-hans\/wp-json\/wp\/v2\/pages\/17654\/revisions\/21011"}],"wp:attachment":[{"href":"https:\/\/vondetech.com\/zh-hans\/wp-json\/wp\/v2\/media?parent=17654"}],"curies":[{"name":"wp","href":"https:\/\/api.w.org\/{rel}","templated":true}]}}