{"id":8890,"date":"2024-05-23T15:23:20","date_gmt":"2024-05-23T13:23:20","guid":{"rendered":"https:\/\/vondetech.com\/veri-isleme-sozlesmesi-dpa\/"},"modified":"2025-03-20T10:34:21","modified_gmt":"2025-03-20T09:34:21","slug":"veri-isleme-sozlesmesi-dpa","status":"publish","type":"page","link":"https:\/\/vondetech.com\/tr\/veri-isleme-sozlesmesi-dpa\/","title":{"rendered":"Vonde Pro Uygulamas\u0131 i\u00e7in Veri \u0130\u015fleme S\u00f6zle\u015fmesi (DPA)"},"content":{"rendered":"<div class=\"wpb-content-wrapper\"><p>[vc_row][vc_column][vc_empty_space][vc_column_text el_class=&#8221;legal-text&#8221;]<strong>Y\u00fcr\u00fcrl\u00fck Tarihi:<\/strong> 17 Mart 2025<\/p>\n<p>\u0130\u015fbu Veri \u0130\u015fleme S\u00f6zle\u015fmesi (&#8220;S\u00f6zle\u015fme&#8221;) a\u015fa\u011f\u0131dakiler aras\u0131nda akdedilmi\u015ftir:<\/p>\n<p><strong>Veri Kontrol\u00f6r\u00fc:<\/strong> Vonde Technology hizmetlerinin kullan\u0131c\u0131s\u0131 veya m\u00fc\u015fterisi (&#8220;Veri Kontrol\u00f6r\u00fc&#8221;)<\/p>\n<p>ve<\/p>\n<p><strong>Veri \u0130\u015fleyen:<\/strong> Vonde Technology, KMAK Kelet-Magyarorsz\u00e1gi Adatk\u00f6zpont Kft. taraf\u0131ndan i\u015fletilmektedir. (&#8220;Veri \u0130\u015fleyen&#8221;) <\/p>\n<ol>\n<li><strong>  Tan\u0131mlar<\/strong><\/li>\n<\/ol>\n<p>GDPR (AB 2016\/679 Y\u00f6netmeli\u011fi) taraf\u0131ndan tan\u0131mlanan terimler bu S\u00f6zle\u015fme i\u00e7in ge\u00e7erlidir:<\/p>\n<ul>\n<li>&#8220;Ki\u015fisel Veri&#8221;: Kimli\u011fi belirli veya belirlenebilir ger\u00e7ek ki\u015fiye ili\u015fkin her t\u00fcrl\u00fc bilgi.<\/li>\n<li>&#8220;\u0130\u015fleme&#8221;: verilerin toplanmas\u0131, depolanmas\u0131, de\u011fi\u015ftirilmesi, iletilmesi veya silinmesi gibi Ki\u015fisel Veriler \u00fczerinde ger\u00e7ekle\u015ftirilen her t\u00fcrl\u00fc i\u015flem.<\/li>\n<li>&#8220;Veri \u0130hlali&#8221;: Ki\u015fisel verilere yetkisiz eri\u015fim, de\u011fi\u015fiklik, if\u015fa veya kay\u0131p.<\/li>\n<\/ul>\n<ol start=\"2\">\n<li><strong>  \u0130\u015fleme Konusu ve S\u00fcresi<\/strong><\/li>\n<\/ol>\n<p>Veri \u0130\u015fleyen, ki\u015fisel verileri yaln\u0131zca a\u015fa\u011f\u0131daki hizmetleri sa\u011flamak i\u00e7in i\u015fler:<\/p>\n<ul>\n<li>Dijital kartvizit (Biopage) olu\u015fturma ve y\u00f6netimi<\/li>\n<li>URL k\u0131saltma<\/li>\n<li>NFC ve QR kod y\u00f6netimi<\/li>\n<li>Apple\/Google Wallet entegrasyonu<\/li>\n<\/ul>\n<p>Veri i\u015fleme, hizmetler sa\u011fland\u0131\u011f\u0131 s\u00fcrece veya Veri Sorumlusu taraf\u0131ndan hizmetlerin sonland\u0131r\u0131lmas\u0131na kadar devam eder.<\/p>\n<ol start=\"3\">\n<li><strong>  \u0130\u015flenen Ki\u015fisel Veri Kategorileri<\/strong><\/li>\n<\/ol>\n<ul>\n<li>\u0130leti\u015fim Bilgileri: \u0130sim, e-posta adresi, telefon numaras\u0131<\/li>\n<li>\u0130\u015flem ve abonelik bilgileri (varsa)<\/li>\n<li>Teknik veriler: IP adresleri, cihaz tan\u0131mlay\u0131c\u0131lar\u0131, i\u015fletim sistemi bilgileri<\/li>\n<li>Kullan\u0131m verileri ve analizler<\/li>\n<\/ul>\n<ol start=\"4\">\n<li><strong>  Veri \u0130\u015fleyen Y\u00fck\u00fcml\u00fcl\u00fckleri<\/strong><\/li>\n<\/ol>\n<p>Veri \u0130\u015fleyen \u015funlar\u0131 kabul eder:<\/p>\n<ul>\n<li>Ki\u015fisel verileri yaln\u0131zca Veri Sorumlusunun belgelendirilmi\u015f talimatlar\u0131na g\u00f6re i\u015fleyin.<\/li>\n<li>Ki\u015fisel verilerin gizlili\u011fini s\u0131k\u0131 bir \u015fekilde koruyun.<\/li>\n<li>Ki\u015fisel verileri i\u015fleyen t\u00fcm personelin gizlilik y\u00fck\u00fcml\u00fcl\u00fcklerine ba\u011fl\u0131 oldu\u011fundan emin olun.<\/li>\n<li>Ki\u015fisel verileri korumak i\u00e7in \u015fifreleme, g\u00fcvenli depolama, eri\u015fim kontrolleri ve d\u00fczenli g\u00fcvenlik denetimleri dahil ancak bunlarla s\u0131n\u0131rl\u0131 olmamak \u00fczere uygun teknik ve organizasyonel \u00f6nlemleri uygulamak.<\/li>\n<li>Veri ihlalleri durumunda Veri Kontrol\u00f6r\u00fcn\u00fc derhal ve gecikmeksizin bilgilendirmek ve Veri Kontrol\u00f6r\u00fcn\u00fcn GDPR kapsam\u0131ndaki y\u00fck\u00fcml\u00fcl\u00fcklerini yerine getirmesine yard\u0131mc\u0131 olmak i\u00e7in gerekli t\u00fcm bilgileri sa\u011flamak.<\/li>\n<li>Veri Denetleyicisinin bu S\u00f6zle\u015fmeye uygunlu\u011fu do\u011frulamak i\u00e7in makul bir s\u00fcre \u00f6nceden bildirimde bulunarak denetim veya tefti\u015f yapmas\u0131na izin verir.<\/li>\n<li>\u0130\u015flenen ki\u015fisel verilerle ilgili olarak veri sahipleri veya yetkili makamlardan gelen talepleri derhal Veri Sorumlusuna bildirmek.<\/li>\n<li>GDPR ve di\u011fer t\u00fcm ge\u00e7erli veri koruma yasalar\u0131 ve y\u00f6netmeliklerine uyun.<\/li>\n<\/ul>\n<ol start=\"5\">\n<li><strong>  Alt i\u015flemciler<\/strong><\/li>\n<\/ol>\n<p>Veri \u0130\u015fleyen a\u015fa\u011f\u0131daki alt i\u015fleyicileri g\u00f6revlendirebilir:<\/p>\n<ul>\n<li>Amazon Web Services (AWS): bulut altyap\u0131s\u0131 sa\u011flay\u0131c\u0131s\u0131<\/li>\n<li>Google (Firebase, AdMob, Analytics): analitik ve reklam hizmetleri<\/li>\n<\/ul>\n<p>Veri \u0130\u015fleyen, alt i\u015fleyicilerin bu s\u00f6zle\u015fmede belirtilen ayn\u0131 veri koruma y\u00fck\u00fcml\u00fcl\u00fcklerine uymas\u0131n\u0131 sa\u011flar ve onlar\u0131n eylem ve ihmallerinden sorumlu olmaya devam eder. Veri \u0130\u015fleyen, Veri Kontrol\u00f6r\u00fcne alt i\u015fleyicilerin bir listesini sunacak ve Veri Kontrol\u00f6r\u00fcn\u00fc di\u011fer alt i\u015fleyicilerin eklenmesi veya de\u011fi\u015ftirilmesi ile ilgili planlanan de\u011fi\u015fiklikler hakk\u0131nda bilgilendirecek ve b\u00f6ylece Veri Kontrol\u00f6r\u00fcne bu t\u00fcr de\u011fi\u015fikliklere itiraz etme f\u0131rsat\u0131 verecektir. <\/p>\n<ol start=\"6\">\n<li><strong>  Veri Transferleri<\/strong><\/li>\n<\/ol>\n<p>Uluslararas\u0131 veri aktar\u0131mlar\u0131 GDPR standartlar\u0131na uygun olacak ve yeterli d\u00fczeyde koruma sa\u011flamak i\u00e7in AB Standart S\u00f6zle\u015fme Maddeleri veya di\u011fer uygun aktar\u0131m mekanizmalar\u0131 gibi \u00f6nlemleri i\u00e7erecektir.<\/p>\n<ol start=\"6\">\n<li><strong>  Veri Sorumlusu Y\u00fck\u00fcml\u00fcl\u00fckleri<\/strong><\/li>\n<\/ol>\n<p>Veri Kontrol\u00f6r\u00fc \u015funlardan sorumludur:<\/p>\n<ul>\n<li>Ki\u015fisel verilerin i\u015flenmesi i\u00e7in ge\u00e7erli bir yasal dayana\u011f\u0131n sa\u011flanmas\u0131.<\/li>\n<li>Veri i\u015fleme faaliyetleri hakk\u0131nda veri sahiplerinin \u015feffaf bir \u015fekilde bilgilendirilmesi.<\/li>\n<li>Eri\u015fim, d\u00fczeltme, silme, k\u0131s\u0131tlama, ta\u015f\u0131nabilirlik ve i\u015flemeye itiraz etme hakk\u0131 dahil ancak bunlarla s\u0131n\u0131rl\u0131 olmamak \u00fczere, veri sahiplerinin taleplerine yan\u0131t vermek ve GDPR veya ilgili veri koruma d\u00fczenlemeleri kapsam\u0131ndaki y\u00fck\u00fcml\u00fcl\u00fckleri yerine getirmek.<\/li>\n<\/ul>\n<ol start=\"7\">\n<li><strong>  G\u00fcvenlik \u00d6nlemleri<\/strong><\/li>\n<\/ol>\n<p>Veri \u0130\u015fleyen, ki\u015fisel verilerin g\u00fcvenli\u011fini sa\u011flamak i\u00e7in a\u015fa\u011f\u0131dakiler de dahil olmak \u00fczere teknik ve organizasyonel \u00f6nlemler uygular:<\/p>\n<ul>\n<li>Ki\u015fisel verilerin hem aktar\u0131m s\u0131ras\u0131nda hem de beklemede \u015fifrelenmesi.<\/li>\n<li>Ki\u015fisel verilerin g\u00fcvenli bir \u015fekilde saklanmas\u0131.<\/li>\n<li>Ki\u015fisel verilere eri\u015fim kontrolleri, eri\u015fimin yaln\u0131zca yetkili personelle s\u0131n\u0131rland\u0131r\u0131lmas\u0131.<\/li>\n<li>D\u00fczenli g\u00fcvenlik denetimleri ve g\u00fcvenlik a\u00e7\u0131\u011f\u0131 de\u011ferlendirmeleri.<\/li>\n<li>Uygun kimlik do\u011frulama ve yetkilendirme mekanizmalar\u0131n\u0131n uygulanmas\u0131.<\/li>\n<li>D\u00fczenli veri yedekleme ve felaket kurtarma prosed\u00fcrleri.<\/li>\n<\/ul>\n<ol start=\"8\">\n<li><strong>  Veri \u0130hlali Bildirimi<\/strong><\/li>\n<\/ol>\n<p>Bir veri ihlali durumunda Veri \u0130\u015fleyen, Veri Kontrol\u00f6r\u00fcn\u00fc gecikmeksizin ve her hal\u00fckarda ihlalden haberdar olduktan sonraki 72 saat i\u00e7inde bilgilendirecektir. Bildirim, ihlalin niteli\u011fi, ilgili veri sahiplerinin kategorileri ve say\u0131s\u0131, olas\u0131 sonu\u00e7lar\u0131 ve ihlali ele almak i\u00e7in al\u0131nan veya al\u0131nmas\u0131 \u00f6nerilen \u00f6nlemler gibi GDPR kapsam\u0131nda gerekli olan t\u00fcm ilgili bilgileri i\u00e7erecektir. Veri \u0130\u015fleyen, ihlali ele alma ve hafifletme konusunda Veri Denetleyicisi ile tam i\u015fbirli\u011fi yapacakt\u0131r.  <\/p>\n<ol start=\"8\">\n<li><strong>  Veri Sahibi Haklar\u0131<\/strong><\/li>\n<\/ol>\n<p>Veri \u0130\u015fleyen, Veri Sorumlusuna veri sahibi taleplerine yan\u0131t vermesi i\u00e7in gerekli bilgi ve ara\u00e7lar\u0131 sa\u011flayarak veri sahiplerinin eri\u015fim, d\u00fczeltme, silme, k\u0131s\u0131tlama, ta\u015f\u0131nabilirlik ve i\u015fleme itirazlar\u0131 dahil olmak \u00fczere haklar\u0131na ili\u015fkin y\u00fck\u00fcml\u00fcl\u00fcklerin yerine getirilmesinde Veri Sorumlusuna yard\u0131mc\u0131 olur.<\/p>\n<ol start=\"9\">\n<li><strong>  Fesih ve Veri Silme<\/strong><\/li>\n<\/ol>\n<p>Hizmetin sona ermesi \u00fczerine Veri \u0130\u015fleyen, Veri \u0130\u015fleyenin tabi oldu\u011fu Birlik veya \u00dcye Devlet yasalar\u0131 taraf\u0131ndan saklama gerekmedik\u00e7e, Veri Kontrol\u00f6r\u00fcn\u00fcn belgelenmi\u015f talimatlar\u0131na dayanarak t\u00fcm ki\u015fisel verileri silecek veya iade edecektir.<\/p>\n<ol start=\"10\">\n<li><strong>  Denetimler ve Tefti\u015fler<\/strong><\/li>\n<\/ol>\n<p>Veri Denetleyicisi, makul bir s\u00fcre \u00f6nceden yaz\u0131l\u0131 bildirimde bulunmak suretiyle, i\u015fbu S\u00f6zle\u015fmeye uygunlu\u011fu do\u011frulamak i\u00e7in denetimler ger\u00e7ekle\u015ftirebilir. Veri \u0130\u015fleyen, Veri Kontrol\u00f6r\u00fcn\u00fcn s\u00f6z konusu denetimleri ger\u00e7ekle\u015ftirmesi i\u00e7in gerekli olan makul yard\u0131m\u0131 ve bilgilere eri\u015fimi sa\u011flayacakt\u0131r. <\/p>\n<ol start=\"10\">\n<li><strong>  Uluslararas\u0131 Transferler<\/strong><\/li>\n<\/ol>\n<p>Veri \u0130\u015fleyen, Standart S\u00f6zle\u015fme Maddelerinin veya di\u011fer uygun mekanizmalar\u0131n kullan\u0131m\u0131 da dahil olmak \u00fczere uluslararas\u0131 veri aktar\u0131m standartlar\u0131na uyumu sa\u011flar ve Avrupa Ekonomik Alan\u0131 (AEA) d\u0131\u015f\u0131na aktar\u0131lan ki\u015fisel veriler i\u00e7in yeterli d\u00fczeyde koruma sa\u011flamak i\u00e7in gerekti\u011finde ek koruma \u00f6nlemleri uygular.<\/p>\n<ol start=\"10\">\n<li><strong>  Veri \u0130hlali Bildirimi<\/strong><\/li>\n<\/ol>\n<p>Veri \u0130\u015fleyen, herhangi bir veri ihlalini gecikmeksizin ve her hal\u00fckarda ihlalden haberdar olduktan sonraki 72 saat i\u00e7inde Veri Kontrol\u00f6r\u00fcne bildirir ve ihlalin ele al\u0131nmas\u0131 ve hafifletilmesi konusunda tam i\u015fbirli\u011fi yapar.<\/p>\n<ol start=\"11\">\n<li><strong>  Ge\u00e7erli Kanun<\/strong><\/li>\n<\/ol>\n<p>Bu S\u00f6zle\u015fme, GDPR dahil olmak \u00fczere y\u00fcr\u00fcrl\u00fckteki AB veri koruma yasalar\u0131na ve di\u011fer ilgili yarg\u0131 d\u00fczenlemelerine tabi olacakt\u0131r.<\/p>\n<ol start=\"12\">\n<li><strong>  Bu S\u00f6zle\u015fmedeki G\u00fcncellemeler<\/strong><\/li>\n<\/ol>\n<p>Bu S\u00f6zle\u015fmeyi periyodik olarak g\u00fcncelleme hakk\u0131m\u0131z\u0131 sakl\u0131 tutar\u0131z. G\u00fcncellemeler Veri Kontrol\u00f6r\u00fcne a\u00e7\u0131k\u00e7a bildirilecek ve Veri Kontrol\u00f6r\u00fc bu t\u00fcr de\u011fi\u015fikliklere itiraz etme hakk\u0131na sahip olacakt\u0131r. <\/p>\n<ol start=\"12\">\n<li><strong>  \u0130leti\u015fim Bilgileri<\/strong><\/li>\n<\/ol>\n<p>Bu Veri \u0130\u015fleme S\u00f6zle\u015fmesi ile ilgili her t\u00fcrl\u00fc sorunuz i\u00e7in l\u00fctfen ileti\u015fime ge\u00e7in:<\/p>\n<p>KMAK Kelet-Magyarorsz\u00e1gi Adatk\u00f6zpont Kft.<\/p>\n<p>H-5000 Szolnok, Szap\u00e1ry utca 20.<\/p>\n<p>E-posta: info@vondetechnology.com<\/p>\n<p>Vonde Technology hizmetlerini kullanarak, her iki taraf da bu Veri \u0130\u015fleme S\u00f6zle\u015fmesinde belirtilen \u015fartlara uymay\u0131 kabul eder.[\/vc_column_text][\/vc_column][\/vc_row]<\/p>\n<\/div>","protected":false},"excerpt":{"rendered":"<p>[vc_row][vc_column][vc_empty_space][vc_column_text el_class=&#8221;legal-text&#8221;]Y\u00fcr\u00fcrl\u00fck Tarihi: 17 Mart 2025 \u0130\u015fbu Veri \u0130\u015fleme S\u00f6zle\u015fmesi (&#8220;S\u00f6zle\u015fme&#8221;) a\u015fa\u011f\u0131dakiler aras\u0131nda akdedilmi\u015ftir: Veri Kontrol\u00f6r\u00fc: Vonde Technology hizmetlerinin kullan\u0131c\u0131s\u0131 veya m\u00fc\u015fterisi (&#8220;Veri Kontrol\u00f6r\u00fc&#8221;) ve Veri \u0130\u015fleyen: Vonde Technology, KMAK Kelet-Magyarorsz\u00e1gi Adatk\u00f6zpont Kft. taraf\u0131ndan i\u015fletilmektedir. (&#8220;Veri \u0130\u015fleyen&#8221;) Tan\u0131mlar GDPR (AB 2016\/679 Y\u00f6netmeli\u011fi) taraf\u0131ndan tan\u0131mlanan terimler bu S\u00f6zle\u015fme i\u00e7in ge\u00e7erlidir: &#8220;Ki\u015fisel Veri&#8221;: Kimli\u011fi belirli veya belirlenebilir [&hellip;]<\/p>\n","protected":false},"author":1,"featured_media":0,"parent":0,"menu_order":0,"comment_status":"closed","ping_status":"closed","template":"","meta":{"footnotes":""},"class_list":["post-8890","page","type-page","status-publish","hentry"],"yoast_head":"<!-- This site is optimized with the Yoast SEO plugin v24.7 - https:\/\/yoast.com\/wordpress\/plugins\/seo\/ -->\n<title>Vonde Pro Uygulamas\u0131 i\u00e7in Veri \u0130\u015fleme S\u00f6zle\u015fmesi (DPA) - Vondetech<\/title>\n<meta name=\"robots\" content=\"index, follow, max-snippet:-1, max-image-preview:large, max-video-preview:-1\" \/>\n<link rel=\"canonical\" href=\"https:\/\/vondetech.com\/tr\/veri-isleme-sozlesmesi-dpa\/\" \/>\n<meta property=\"og:locale\" content=\"tr_TR\" \/>\n<meta property=\"og:type\" content=\"article\" \/>\n<meta property=\"og:title\" content=\"Vonde Pro Uygulamas\u0131 i\u00e7in Veri \u0130\u015fleme S\u00f6zle\u015fmesi (DPA) - Vondetech\" \/>\n<meta property=\"og:description\" content=\"[vc_row][vc_column][vc_empty_space][vc_column_text el_class=&#8221;legal-text&#8221;]Y\u00fcr\u00fcrl\u00fck Tarihi: 17 Mart 2025 \u0130\u015fbu Veri \u0130\u015fleme S\u00f6zle\u015fmesi (&#8220;S\u00f6zle\u015fme&#8221;) a\u015fa\u011f\u0131dakiler aras\u0131nda akdedilmi\u015ftir: Veri Kontrol\u00f6r\u00fc: Vonde Technology hizmetlerinin kullan\u0131c\u0131s\u0131 veya m\u00fc\u015fterisi (&#8220;Veri Kontrol\u00f6r\u00fc&#8221;) ve Veri \u0130\u015fleyen: Vonde Technology, KMAK Kelet-Magyarorsz\u00e1gi Adatk\u00f6zpont Kft. taraf\u0131ndan i\u015fletilmektedir. (&#8220;Veri \u0130\u015fleyen&#8221;) Tan\u0131mlar GDPR (AB 2016\/679 Y\u00f6netmeli\u011fi) taraf\u0131ndan tan\u0131mlanan terimler bu S\u00f6zle\u015fme i\u00e7in ge\u00e7erlidir: &#8220;Ki\u015fisel Veri&#8221;: Kimli\u011fi belirli veya belirlenebilir [&hellip;]\" \/>\n<meta property=\"og:url\" content=\"https:\/\/vondetech.com\/tr\/veri-isleme-sozlesmesi-dpa\/\" \/>\n<meta property=\"og:site_name\" content=\"Vondetech\" \/>\n<meta property=\"article:modified_time\" content=\"2025-03-20T09:34:21+00:00\" \/>\n<meta name=\"twitter:card\" content=\"summary_large_image\" \/>\n<meta name=\"twitter:label1\" content=\"Tahmini okuma s\u00fcresi\" \/>\n\t<meta name=\"twitter:data1\" content=\"5 dakika\" \/>\n<script type=\"application\/ld+json\" class=\"yoast-schema-graph\">{\"@context\":\"https:\/\/schema.org\",\"@graph\":[{\"@type\":\"WebPage\",\"@id\":\"https:\/\/vondetech.com\/tr\/veri-isleme-sozlesmesi-dpa\/\",\"url\":\"https:\/\/vondetech.com\/tr\/veri-isleme-sozlesmesi-dpa\/\",\"name\":\"Vonde Pro Uygulamas\u0131 i\u00e7in Veri \u0130\u015fleme S\u00f6zle\u015fmesi (DPA) - Vondetech\",\"isPartOf\":{\"@id\":\"https:\/\/vondetech.com\/tr\/#website\"},\"datePublished\":\"2024-05-23T13:23:20+00:00\",\"dateModified\":\"2025-03-20T09:34:21+00:00\",\"breadcrumb\":{\"@id\":\"https:\/\/vondetech.com\/tr\/veri-isleme-sozlesmesi-dpa\/#breadcrumb\"},\"inLanguage\":\"tr\",\"potentialAction\":[{\"@type\":\"ReadAction\",\"target\":[\"https:\/\/vondetech.com\/tr\/veri-isleme-sozlesmesi-dpa\/\"]}]},{\"@type\":\"BreadcrumbList\",\"@id\":\"https:\/\/vondetech.com\/tr\/veri-isleme-sozlesmesi-dpa\/#breadcrumb\",\"itemListElement\":[{\"@type\":\"ListItem\",\"position\":1,\"name\":\"Ev\",\"item\":\"https:\/\/vondetech.com\/tr\/ev\/\"},{\"@type\":\"ListItem\",\"position\":2,\"name\":\"Vonde Pro Uygulamas\u0131 i\u00e7in Veri \u0130\u015fleme S\u00f6zle\u015fmesi (DPA)\"}]},{\"@type\":\"WebSite\",\"@id\":\"https:\/\/vondetech.com\/tr\/#website\",\"url\":\"https:\/\/vondetech.com\/tr\/\",\"name\":\"Vondetech\",\"description\":\"\",\"potentialAction\":[{\"@type\":\"SearchAction\",\"target\":{\"@type\":\"EntryPoint\",\"urlTemplate\":\"https:\/\/vondetech.com\/tr\/?s={search_term_string}\"},\"query-input\":{\"@type\":\"PropertyValueSpecification\",\"valueRequired\":true,\"valueName\":\"search_term_string\"}}],\"inLanguage\":\"tr\"}]}<\/script>\n<!-- \/ Yoast SEO plugin. -->","yoast_head_json":{"title":"Vonde Pro Uygulamas\u0131 i\u00e7in Veri \u0130\u015fleme S\u00f6zle\u015fmesi (DPA) - Vondetech","robots":{"index":"index","follow":"follow","max-snippet":"max-snippet:-1","max-image-preview":"max-image-preview:large","max-video-preview":"max-video-preview:-1"},"canonical":"https:\/\/vondetech.com\/tr\/veri-isleme-sozlesmesi-dpa\/","og_locale":"tr_TR","og_type":"article","og_title":"Vonde Pro Uygulamas\u0131 i\u00e7in Veri \u0130\u015fleme S\u00f6zle\u015fmesi (DPA) - Vondetech","og_description":"[vc_row][vc_column][vc_empty_space][vc_column_text el_class=&#8221;legal-text&#8221;]Y\u00fcr\u00fcrl\u00fck Tarihi: 17 Mart 2025 \u0130\u015fbu Veri \u0130\u015fleme S\u00f6zle\u015fmesi (&#8220;S\u00f6zle\u015fme&#8221;) a\u015fa\u011f\u0131dakiler aras\u0131nda akdedilmi\u015ftir: Veri Kontrol\u00f6r\u00fc: Vonde Technology hizmetlerinin kullan\u0131c\u0131s\u0131 veya m\u00fc\u015fterisi (&#8220;Veri Kontrol\u00f6r\u00fc&#8221;) ve Veri \u0130\u015fleyen: Vonde Technology, KMAK Kelet-Magyarorsz\u00e1gi Adatk\u00f6zpont Kft. taraf\u0131ndan i\u015fletilmektedir. (&#8220;Veri \u0130\u015fleyen&#8221;) Tan\u0131mlar GDPR (AB 2016\/679 Y\u00f6netmeli\u011fi) taraf\u0131ndan tan\u0131mlanan terimler bu S\u00f6zle\u015fme i\u00e7in ge\u00e7erlidir: &#8220;Ki\u015fisel Veri&#8221;: Kimli\u011fi belirli veya belirlenebilir [&hellip;]","og_url":"https:\/\/vondetech.com\/tr\/veri-isleme-sozlesmesi-dpa\/","og_site_name":"Vondetech","article_modified_time":"2025-03-20T09:34:21+00:00","twitter_card":"summary_large_image","twitter_misc":{"Tahmini okuma s\u00fcresi":"5 dakika"},"schema":{"@context":"https:\/\/schema.org","@graph":[{"@type":"WebPage","@id":"https:\/\/vondetech.com\/tr\/veri-isleme-sozlesmesi-dpa\/","url":"https:\/\/vondetech.com\/tr\/veri-isleme-sozlesmesi-dpa\/","name":"Vonde Pro Uygulamas\u0131 i\u00e7in Veri \u0130\u015fleme S\u00f6zle\u015fmesi (DPA) - Vondetech","isPartOf":{"@id":"https:\/\/vondetech.com\/tr\/#website"},"datePublished":"2024-05-23T13:23:20+00:00","dateModified":"2025-03-20T09:34:21+00:00","breadcrumb":{"@id":"https:\/\/vondetech.com\/tr\/veri-isleme-sozlesmesi-dpa\/#breadcrumb"},"inLanguage":"tr","potentialAction":[{"@type":"ReadAction","target":["https:\/\/vondetech.com\/tr\/veri-isleme-sozlesmesi-dpa\/"]}]},{"@type":"BreadcrumbList","@id":"https:\/\/vondetech.com\/tr\/veri-isleme-sozlesmesi-dpa\/#breadcrumb","itemListElement":[{"@type":"ListItem","position":1,"name":"Ev","item":"https:\/\/vondetech.com\/tr\/ev\/"},{"@type":"ListItem","position":2,"name":"Vonde Pro Uygulamas\u0131 i\u00e7in Veri \u0130\u015fleme S\u00f6zle\u015fmesi (DPA)"}]},{"@type":"WebSite","@id":"https:\/\/vondetech.com\/tr\/#website","url":"https:\/\/vondetech.com\/tr\/","name":"Vondetech","description":"","potentialAction":[{"@type":"SearchAction","target":{"@type":"EntryPoint","urlTemplate":"https:\/\/vondetech.com\/tr\/?s={search_term_string}"},"query-input":{"@type":"PropertyValueSpecification","valueRequired":true,"valueName":"search_term_string"}}],"inLanguage":"tr"}]}},"_links":{"self":[{"href":"https:\/\/vondetech.com\/tr\/wp-json\/wp\/v2\/pages\/8890","targetHints":{"allow":["GET"]}}],"collection":[{"href":"https:\/\/vondetech.com\/tr\/wp-json\/wp\/v2\/pages"}],"about":[{"href":"https:\/\/vondetech.com\/tr\/wp-json\/wp\/v2\/types\/page"}],"author":[{"embeddable":true,"href":"https:\/\/vondetech.com\/tr\/wp-json\/wp\/v2\/users\/1"}],"replies":[{"embeddable":true,"href":"https:\/\/vondetech.com\/tr\/wp-json\/wp\/v2\/comments?post=8890"}],"version-history":[{"count":6,"href":"https:\/\/vondetech.com\/tr\/wp-json\/wp\/v2\/pages\/8890\/revisions"}],"predecessor-version":[{"id":20075,"href":"https:\/\/vondetech.com\/tr\/wp-json\/wp\/v2\/pages\/8890\/revisions\/20075"}],"wp:attachment":[{"href":"https:\/\/vondetech.com\/tr\/wp-json\/wp\/v2\/media?parent=8890"}],"curies":[{"name":"wp","href":"https:\/\/api.w.org\/{rel}","templated":true}]}}