{"id":8885,"date":"2024-05-23T15:17:28","date_gmt":"2024-05-23T13:17:28","guid":{"rendered":"https:\/\/vondetech.com\/gizlilik-politikasi\/"},"modified":"2025-03-19T13:42:17","modified_gmt":"2025-03-19T12:42:17","slug":"gizlilik-politikasi","status":"publish","type":"page","link":"https:\/\/vondetech.com\/tr\/gizlilik-politikasi\/","title":{"rendered":"Vonde Pro Web Sitesi i\u00e7in \u00c7erez Politikas\u0131"},"content":{"rendered":"<div class=\"wpb-content-wrapper\"><p>[vc_row][vc_column][vc_empty_space][vc_column_text el_class=&#8221;legal-text&#8221;]<strong>Vonde Pro Web Sitesi i\u00e7in \u00c7erez Politikas\u0131<\/strong><\/p>\n<p><strong>Y\u00fcr\u00fcrl\u00fck Tarihi:<\/strong> 17 Mart 2025<\/p>\n<ol>\n<li><strong>  Giri\u015f<\/strong><\/li>\n<\/ol>\n<p>Bu \u00c7erez Politikas\u0131, Vonde Technology&#8217;nin (&#8220;biz&#8221;, &#8220;bize&#8221; veya &#8220;bizim&#8221;) Vonde Pro web sitesinde (&#8220;Web Sitesi&#8221;) \u00e7erezleri ve benzer teknolojileri nas\u0131l kulland\u0131\u011f\u0131n\u0131 a\u00e7\u0131klar. Bu politika, kendi ayr\u0131 \u00c7erez Politikas\u0131 olan Vonde Pro mobil uygulamas\u0131 i\u00e7in ge\u00e7erli de\u011fildir. <\/p>\n<ol start=\"2\">\n<li><strong>  \u00c7erezler Nedir?<\/strong><\/li>\n<\/ol>\n<p>\u00c7erezler, Web Sitemizi ziyaret ederken cihaz\u0131n\u0131zda depolanan k\u00fc\u00e7\u00fck metin dosyalar\u0131d\u0131r. \u00c7erezler, web sitesi trafi\u011fini analiz etmemize ve kullan\u0131c\u0131 deneyimini geli\u015ftirmemize yard\u0131mc\u0131 olur. <\/p>\n<ol start=\"3\">\n<li><strong>  Kulland\u0131\u011f\u0131m\u0131z \u00c7erez T\u00fcrleri<\/strong><\/li>\n<\/ol>\n<ul>\n<li><strong>Temel \u00c7erezler:<\/strong> Bu \u00e7erezler, web sitesinin temel i\u015fleyi\u015fi i\u00e7in gereklidir. Sitede gezinmenizi, hesab\u0131n\u0131za giri\u015f yapmak, al\u0131\u015fveri\u015f sepetinize \u00fcr\u00fcn eklemek ve web sitesinin g\u00fcvenli alanlar\u0131na eri\u015fmek gibi temel \u00f6zellikleri kullanman\u0131z\u0131 sa\u011flarlar. <\/li>\n<li><strong>Analitik \u00c7erezler:<\/strong> Ziyaret\u00e7ileri tan\u0131mam\u0131za ve saymam\u0131za ve ziyaret\u00e7ilerin web sitesinde nas\u0131l hareket etti\u011fini g\u00f6rmemize olanak tan\u0131r. Bu, web sitesinin kullan\u0131labilirli\u011fini ve performans\u0131n\u0131 geli\u015ftirmemize yard\u0131mc\u0131 olur. Ziyaret\u00e7ilerin web sitemizi nas\u0131l kulland\u0131klar\u0131 hakk\u0131nda bilgi toplamak i\u00e7in Google Analytics kullan\u0131yoruz. Bu \u00e7erezler ziyaret\u00e7i say\u0131s\u0131, ziyaret ettikleri sayfalar ve her sayfada ge\u00e7irdikleri s\u00fcre gibi verileri toplar.   <\/li>\n<\/ul>\n<ol start=\"4\">\n<li><strong>  \u00c7erezlerin Kullan\u0131m Amac\u0131<\/strong><\/li>\n<\/ol>\n<p>\u00c7erezleri yaln\u0131zca \u015funlar i\u00e7in kullan\u0131yoruz:<\/p>\n<ul>\n<li>Temel ziyaret\u00e7i istatistiklerinin ve web sitesi kullan\u0131m\u0131n\u0131n izlenmesi ve analiz edilmesi.<\/li>\n<li>Web sitemizdeki genel performans\u0131 ve kullan\u0131c\u0131 deneyimini iyile\u015ftirmek.<\/li>\n<\/ul>\n<ol start=\"5\">\n<li><strong>  \u00dc\u00e7\u00fcnc\u00fc Taraf \u00c7erezleri<\/strong><\/li>\n<\/ol>\n<ul>\n<li><strong>Google Analytics:<\/strong> Google LLC taraf\u0131ndan sa\u011flanan bir web analiz hizmeti olan Google Analytics&#8217;i kullan\u0131yoruz. Google Analytics, IP adresiniz de dahil olmak \u00fczere web sitemizi kullan\u0131m\u0131n\u0131z hakk\u0131nda bilgi toplamak i\u00e7in \u00e7erezler kullan\u0131r. Bu bilgiler Google&#8217;a iletilir ve Google taraf\u0131ndan Amerika Birle\u015fik Devletleri&#8217;ndeki sunucularda saklan\u0131r. Google bu bilgileri web sitemizi kullan\u0131m\u0131n\u0131z\u0131 de\u011ferlendirmek, web sitesi etkinli\u011fi hakk\u0131nda raporlar derlemek ve web sitesi etkinli\u011fi ve internet kullan\u0131m\u0131yla ilgili di\u011fer hizmetleri sa\u011flamak i\u00e7in kullan\u0131r. Google ayr\u0131ca, yasalar\u0131n gerektirdi\u011fi durumlarda veya s\u00f6z konusu \u00fc\u00e7\u00fcnc\u00fc taraflar\u0131n bilgileri Google ad\u0131na i\u015fledi\u011fi durumlarda bu bilgileri \u00fc\u00e7\u00fcnc\u00fc taraflara aktarabilir. Google&#8217;\u0131n gizlilik uygulamalar\u0131 ve Google&#8217;\u0131n \u00e7erezleri nas\u0131l kulland\u0131\u011f\u0131 hakk\u0131nda daha fazla bilgiyi Google&#8217;\u0131n Gizlilik Politikas\u0131&#8217;nda bulabilirsiniz:       [Link to Google&#8217;s Privacy Policy]<\/li>\n<\/ul>\n<ol start=\"6\">\n<li><strong>  \u00c7erezleri Y\u00f6netme<\/strong><\/li>\n<\/ol>\n<p>Taray\u0131c\u0131 ayarlar\u0131n\u0131z arac\u0131l\u0131\u011f\u0131yla \u00e7erezleri kontrol edebilir, engelleyebilir veya silebilirsiniz. \u00c7o\u011fu web taray\u0131c\u0131s\u0131 \u00e7erezleri otomatik olarak kabul eder, ancak tercih ederseniz \u00e7erezleri reddetmek i\u00e7in genellikle taray\u0131c\u0131 ayar\u0131n\u0131z\u0131 de\u011fi\u015ftirebilirsiniz. \u00c7erezlerin nas\u0131l y\u00f6netilece\u011fine ili\u015fkin talimatlar i\u00e7in l\u00fctfen taray\u0131c\u0131n\u0131z\u0131n yard\u0131m belgelerine bak\u0131n. Burada baz\u0131 pop\u00fcler taray\u0131c\u0131lar\u0131n yard\u0131m sayfalar\u0131na ba\u011flant\u0131lar verilmi\u015ftir:   <\/p>\n<ul>\n<li>Google Chrome:  [Link to Chrome&#8217;s cookie settings help page]<\/li>\n<li>Mozilla Firefox:  [Link to Firefox&#8217;s cookie settings help page]<\/li>\n<li>Microsoft Edge:  [Link to Edge&#8217;s cookie settings help page]<\/li>\n<li>Apple Safari:  [Link to Safari&#8217;s cookie settings help page]<\/li>\n<\/ul>\n<p>\u00c7erezler oturum \u00e7erezleri veya kal\u0131c\u0131 \u00e7erezler olabilir. Oturum \u00e7erezleri, siz taray\u0131c\u0131n\u0131z\u0131 kapatana kadar cihaz\u0131n\u0131zda saklanan ge\u00e7ici \u00e7erezlerdir. Kal\u0131c\u0131 \u00e7erezler ise daha uzun bir s\u00fcre boyunca veya siz onlar\u0131 silene kadar cihaz\u0131n\u0131zda kal\u0131r.  <\/p>\n<ol start=\"7\">\n<li><strong>  Politika G\u00fcncellemeleri<\/strong><\/li>\n<\/ol>\n<p>Bu \u00c7erez Politikas\u0131n\u0131 periyodik olarak g\u00fcncelleyebiliriz. De\u011fi\u015fiklikler, g\u00fcncellenmi\u015f bir y\u00fcr\u00fcrl\u00fck tarihi ile bu sayfada yay\u0131nlanacakt\u0131r. <\/p>\n<ol start=\"8\">\n<li><strong>  Bize Ula\u015f\u0131n<\/strong><\/li>\n<\/ol>\n<p>Bu \u00c7erez Politikas\u0131 ile ilgili sorular\u0131n\u0131z i\u00e7in l\u00fctfen bizimle ileti\u015fime ge\u00e7in:<\/p>\n<p>KMAK Kelet-Magyarorsz\u00e1gi Adatk\u00f6zpont Kft.<\/p>\n<p>H-5000 Szolnok, Szap\u00e1ry utca 20.<\/p>\n<p>E-posta: info@vondetechnology.com<\/p>\n<p>Web sitemizi kullanarak, \u00e7erezlerin bu \u00c7erez Politikas\u0131nda a\u00e7\u0131kland\u0131\u011f\u0131 \u015fekilde kullan\u0131lmas\u0131na izin vermi\u015f olursunuz.[\/vc_column_text][\/vc_column][\/vc_row]<\/p>\n<\/div>","protected":false},"excerpt":{"rendered":"<p>[vc_row][vc_column][vc_empty_space][vc_column_text el_class=&#8221;legal-text&#8221;]Vonde Pro Web Sitesi i\u00e7in \u00c7erez Politikas\u0131 Y\u00fcr\u00fcrl\u00fck Tarihi: 17 Mart 2025 Giri\u015f Bu \u00c7erez Politikas\u0131, Vonde Technology&#8217;nin (&#8220;biz&#8221;, &#8220;bize&#8221; veya &#8220;bizim&#8221;) Vonde Pro web sitesinde (&#8220;Web Sitesi&#8221;) \u00e7erezleri ve benzer teknolojileri nas\u0131l kulland\u0131\u011f\u0131n\u0131 a\u00e7\u0131klar. Bu politika, kendi ayr\u0131 \u00c7erez Politikas\u0131 olan Vonde Pro mobil uygulamas\u0131 i\u00e7in ge\u00e7erli de\u011fildir. \u00c7erezler Nedir? \u00c7erezler, Web Sitemizi [&hellip;]<\/p>\n","protected":false},"author":1,"featured_media":0,"parent":0,"menu_order":0,"comment_status":"closed","ping_status":"closed","template":"","meta":{"footnotes":""},"class_list":["post-8885","page","type-page","status-publish","hentry"],"yoast_head":"<!-- This site is optimized with the Yoast SEO plugin v24.7 - https:\/\/yoast.com\/wordpress\/plugins\/seo\/ -->\n<title>Vonde Pro Web Sitesi i\u00e7in \u00c7erez Politikas\u0131 - Vondetech<\/title>\n<meta name=\"robots\" content=\"index, follow, max-snippet:-1, max-image-preview:large, max-video-preview:-1\" \/>\n<link rel=\"canonical\" href=\"https:\/\/vondetech.com\/tr\/gizlilik-politikasi\/\" \/>\n<meta property=\"og:locale\" content=\"tr_TR\" \/>\n<meta property=\"og:type\" content=\"article\" \/>\n<meta property=\"og:title\" content=\"Vonde Pro Web Sitesi i\u00e7in \u00c7erez Politikas\u0131 - Vondetech\" \/>\n<meta property=\"og:description\" content=\"[vc_row][vc_column][vc_empty_space][vc_column_text el_class=&#8221;legal-text&#8221;]Vonde Pro Web Sitesi i\u00e7in \u00c7erez Politikas\u0131 Y\u00fcr\u00fcrl\u00fck Tarihi: 17 Mart 2025 Giri\u015f Bu \u00c7erez Politikas\u0131, Vonde Technology&#8217;nin (&#8220;biz&#8221;, &#8220;bize&#8221; veya &#8220;bizim&#8221;) Vonde Pro web sitesinde (&#8220;Web Sitesi&#8221;) \u00e7erezleri ve benzer teknolojileri nas\u0131l kulland\u0131\u011f\u0131n\u0131 a\u00e7\u0131klar. Bu politika, kendi ayr\u0131 \u00c7erez Politikas\u0131 olan Vonde Pro mobil uygulamas\u0131 i\u00e7in ge\u00e7erli de\u011fildir. \u00c7erezler Nedir? \u00c7erezler, Web Sitemizi [&hellip;]\" \/>\n<meta property=\"og:url\" content=\"https:\/\/vondetech.com\/tr\/gizlilik-politikasi\/\" \/>\n<meta property=\"og:site_name\" content=\"Vondetech\" \/>\n<meta property=\"article:modified_time\" content=\"2025-03-19T12:42:17+00:00\" \/>\n<meta name=\"twitter:card\" content=\"summary_large_image\" \/>\n<meta name=\"twitter:label1\" content=\"Tahmini okuma s\u00fcresi\" \/>\n\t<meta name=\"twitter:data1\" content=\"2 dakika\" \/>\n<script type=\"application\/ld+json\" class=\"yoast-schema-graph\">{\"@context\":\"https:\/\/schema.org\",\"@graph\":[{\"@type\":\"WebPage\",\"@id\":\"https:\/\/vondetech.com\/tr\/gizlilik-politikasi\/\",\"url\":\"https:\/\/vondetech.com\/tr\/gizlilik-politikasi\/\",\"name\":\"Vonde Pro Web Sitesi i\u00e7in \u00c7erez Politikas\u0131 - Vondetech\",\"isPartOf\":{\"@id\":\"https:\/\/vondetech.com\/tr\/#website\"},\"datePublished\":\"2024-05-23T13:17:28+00:00\",\"dateModified\":\"2025-03-19T12:42:17+00:00\",\"breadcrumb\":{\"@id\":\"https:\/\/vondetech.com\/tr\/gizlilik-politikasi\/#breadcrumb\"},\"inLanguage\":\"tr\",\"potentialAction\":[{\"@type\":\"ReadAction\",\"target\":[\"https:\/\/vondetech.com\/tr\/gizlilik-politikasi\/\"]}]},{\"@type\":\"BreadcrumbList\",\"@id\":\"https:\/\/vondetech.com\/tr\/gizlilik-politikasi\/#breadcrumb\",\"itemListElement\":[{\"@type\":\"ListItem\",\"position\":1,\"name\":\"Ev\",\"item\":\"https:\/\/vondetech.com\/tr\/ev\/\"},{\"@type\":\"ListItem\",\"position\":2,\"name\":\"Vonde Pro Web Sitesi i\u00e7in \u00c7erez Politikas\u0131\"}]},{\"@type\":\"WebSite\",\"@id\":\"https:\/\/vondetech.com\/tr\/#website\",\"url\":\"https:\/\/vondetech.com\/tr\/\",\"name\":\"Vondetech\",\"description\":\"\",\"potentialAction\":[{\"@type\":\"SearchAction\",\"target\":{\"@type\":\"EntryPoint\",\"urlTemplate\":\"https:\/\/vondetech.com\/tr\/?s={search_term_string}\"},\"query-input\":{\"@type\":\"PropertyValueSpecification\",\"valueRequired\":true,\"valueName\":\"search_term_string\"}}],\"inLanguage\":\"tr\"}]}<\/script>\n<!-- \/ Yoast SEO plugin. -->","yoast_head_json":{"title":"Vonde Pro Web Sitesi i\u00e7in \u00c7erez Politikas\u0131 - Vondetech","robots":{"index":"index","follow":"follow","max-snippet":"max-snippet:-1","max-image-preview":"max-image-preview:large","max-video-preview":"max-video-preview:-1"},"canonical":"https:\/\/vondetech.com\/tr\/gizlilik-politikasi\/","og_locale":"tr_TR","og_type":"article","og_title":"Vonde Pro Web Sitesi i\u00e7in \u00c7erez Politikas\u0131 - Vondetech","og_description":"[vc_row][vc_column][vc_empty_space][vc_column_text el_class=&#8221;legal-text&#8221;]Vonde Pro Web Sitesi i\u00e7in \u00c7erez Politikas\u0131 Y\u00fcr\u00fcrl\u00fck Tarihi: 17 Mart 2025 Giri\u015f Bu \u00c7erez Politikas\u0131, Vonde Technology&#8217;nin (&#8220;biz&#8221;, &#8220;bize&#8221; veya &#8220;bizim&#8221;) Vonde Pro web sitesinde (&#8220;Web Sitesi&#8221;) \u00e7erezleri ve benzer teknolojileri nas\u0131l kulland\u0131\u011f\u0131n\u0131 a\u00e7\u0131klar. Bu politika, kendi ayr\u0131 \u00c7erez Politikas\u0131 olan Vonde Pro mobil uygulamas\u0131 i\u00e7in ge\u00e7erli de\u011fildir. \u00c7erezler Nedir? \u00c7erezler, Web Sitemizi [&hellip;]","og_url":"https:\/\/vondetech.com\/tr\/gizlilik-politikasi\/","og_site_name":"Vondetech","article_modified_time":"2025-03-19T12:42:17+00:00","twitter_card":"summary_large_image","twitter_misc":{"Tahmini okuma s\u00fcresi":"2 dakika"},"schema":{"@context":"https:\/\/schema.org","@graph":[{"@type":"WebPage","@id":"https:\/\/vondetech.com\/tr\/gizlilik-politikasi\/","url":"https:\/\/vondetech.com\/tr\/gizlilik-politikasi\/","name":"Vonde Pro Web Sitesi i\u00e7in \u00c7erez Politikas\u0131 - Vondetech","isPartOf":{"@id":"https:\/\/vondetech.com\/tr\/#website"},"datePublished":"2024-05-23T13:17:28+00:00","dateModified":"2025-03-19T12:42:17+00:00","breadcrumb":{"@id":"https:\/\/vondetech.com\/tr\/gizlilik-politikasi\/#breadcrumb"},"inLanguage":"tr","potentialAction":[{"@type":"ReadAction","target":["https:\/\/vondetech.com\/tr\/gizlilik-politikasi\/"]}]},{"@type":"BreadcrumbList","@id":"https:\/\/vondetech.com\/tr\/gizlilik-politikasi\/#breadcrumb","itemListElement":[{"@type":"ListItem","position":1,"name":"Ev","item":"https:\/\/vondetech.com\/tr\/ev\/"},{"@type":"ListItem","position":2,"name":"Vonde Pro Web Sitesi i\u00e7in \u00c7erez Politikas\u0131"}]},{"@type":"WebSite","@id":"https:\/\/vondetech.com\/tr\/#website","url":"https:\/\/vondetech.com\/tr\/","name":"Vondetech","description":"","potentialAction":[{"@type":"SearchAction","target":{"@type":"EntryPoint","urlTemplate":"https:\/\/vondetech.com\/tr\/?s={search_term_string}"},"query-input":{"@type":"PropertyValueSpecification","valueRequired":true,"valueName":"search_term_string"}}],"inLanguage":"tr"}]}},"_links":{"self":[{"href":"https:\/\/vondetech.com\/tr\/wp-json\/wp\/v2\/pages\/8885","targetHints":{"allow":["GET"]}}],"collection":[{"href":"https:\/\/vondetech.com\/tr\/wp-json\/wp\/v2\/pages"}],"about":[{"href":"https:\/\/vondetech.com\/tr\/wp-json\/wp\/v2\/types\/page"}],"author":[{"embeddable":true,"href":"https:\/\/vondetech.com\/tr\/wp-json\/wp\/v2\/users\/1"}],"replies":[{"embeddable":true,"href":"https:\/\/vondetech.com\/tr\/wp-json\/wp\/v2\/comments?post=8885"}],"version-history":[{"count":6,"href":"https:\/\/vondetech.com\/tr\/wp-json\/wp\/v2\/pages\/8885\/revisions"}],"predecessor-version":[{"id":20006,"href":"https:\/\/vondetech.com\/tr\/wp-json\/wp\/v2\/pages\/8885\/revisions\/20006"}],"wp:attachment":[{"href":"https:\/\/vondetech.com\/tr\/wp-json\/wp\/v2\/media?parent=8885"}],"curies":[{"name":"wp","href":"https:\/\/api.w.org\/{rel}","templated":true}]}}