{"id":8881,"date":"2024-05-23T15:08:00","date_gmt":"2024-05-23T13:08:00","guid":{"rendered":"https:\/\/vondetech.com\/iade-ve-geri-odeme-politikasi\/"},"modified":"2025-03-21T07:57:39","modified_gmt":"2025-03-21T06:57:39","slug":"iade-ve-geri-odeme-politikasi","status":"publish","type":"page","link":"https:\/\/vondetech.com\/tr\/iade-ve-geri-odeme-politikasi\/","title":{"rendered":"Vonde Pro Uygulamas\u0131 i\u00e7in Para \u0130adesi ve \u0130ptal Politikas\u0131"},"content":{"rendered":"<div class=\"wpb-content-wrapper\"><p>[vc_row][vc_column][vc_empty_space][vc_column_text el_class=&#8221;legal-text&#8221;]<strong>Y\u00fcr\u00fcrl\u00fck Tarihi:<\/strong> 17 Mart 2025<\/p>\n<ol>\n<li><strong>  Giri\u015f<\/strong><\/li>\n<\/ol>\n<p>Bu Geri \u00d6deme ve \u0130ptal Politikas\u0131, Vonde Technology (&#8220;biz&#8221;, &#8220;bize&#8221;, &#8220;bizim&#8221;) taraf\u0131ndan sa\u011flanan Vonde Pro Uygulamas\u0131 (&#8220;Uygulama&#8221;) dahilinde yap\u0131lan sat\u0131n alma ve aboneliklerin geri \u00f6demeleri ve iptalleri ile ilgili prosed\u00fcrleri ve \u015fartlar\u0131 a\u00e7\u0131klar. Vonde Pro Uygulamas\u0131 yaln\u0131zca Apple App Store ve Google Play Store arac\u0131l\u0131\u011f\u0131yla kullan\u0131labildi\u011finden, t\u00fcm i\u015flemler, iptaller ve geri \u00f6demeler ilgili ma\u011fazan\u0131n politikalar\u0131na tabidir. <\/p>\n<ol start=\"2\">\n<li><strong>  Aboneliklerin \u0130ptali<\/strong><\/li>\n<\/ol>\n<p>Kullan\u0131c\u0131lar aboneliklerini istedikleri zaman Apple App Store veya Google Play Store hesap ayarlar\u0131 \u00fczerinden iptal edebilirler. Ayr\u0131nt\u0131l\u0131 talimatlar i\u00e7in l\u00fctfen a\u015fa\u011f\u0131daki kaynaklara ba\u015fvurun: <\/p>\n<ul>\n<li><strong>Apple App Store:<\/strong> [https:\/\/support .apple.com\/en-us\/118428]<\/li>\n<li><strong>Google Play Store:<\/strong> [https:\/\/support .google.com=&#8221;&#8221;]<\/li>\n<\/ul>\n<p>\u0130ptal talepleri, mevcut faturaland\u0131rma d\u00f6ng\u00fcs\u00fcn\u00fcn sonunda ge\u00e7erli olur. Yasalar gerektirmedik\u00e7e veya sat\u0131\u015f noktas\u0131nda Apple veya Google taraf\u0131ndan aksi a\u00e7\u0131k\u00e7a belirtilmedik\u00e7e, kullan\u0131lmayan abonelik d\u00f6nemleri i\u00e7in para iadesi veya k\u0131smi para iadesi yap\u0131lmaz. <\/p>\n<ol start=\"3\">\n<li><strong>  Geri \u00d6deme Uygunlu\u011fu<\/strong><\/li>\n<\/ol>\n<p>Vonde Pro Uygulamas\u0131 arac\u0131l\u0131\u011f\u0131yla yap\u0131lan sat\u0131n al\u0131mlar veya abonelikler i\u00e7in geri \u00f6demeler, i\u015flemin ger\u00e7ekle\u015fti\u011fi yere ba\u011fl\u0131 olarak Apple App Store veya Google Play Store&#8217;un geri \u00f6deme politikalar\u0131na tabidir. Genel olarak, Apple veya Google taraf\u0131ndan belirlenen a\u015fa\u011f\u0131daki ko\u015fullar alt\u0131nda para iadesi yap\u0131labilir: <\/p>\n<ul>\n<li>\u00dccretli hizmetlerin kullan\u0131m\u0131n\u0131 engelleyen ve makul bir s\u00fcre i\u00e7inde \u00e7\u00f6zemedi\u011fimiz teknik sorunlar veya Uygulama ar\u0131zalar\u0131.<\/li>\n<li>Kullan\u0131c\u0131 ihmalinden kaynaklanmayan g\u00fcvenlik ihlalleri nedeniyle ger\u00e7ekle\u015fti\u011fi kan\u0131tlanan yetkisiz i\u015flemler.<\/li>\n<\/ul>\n<p>Yaln\u0131zca hizmetten memnuniyetsizli\u011fe veya de\u011fi\u015fen ki\u015fisel ko\u015fullara dayanan iade talepleri, Apple veya Google&#8217;\u0131n takdirine ba\u011fl\u0131 olarak ele al\u0131nd\u0131\u011f\u0131ndan genellikle uygun de\u011fildir.<\/p>\n<ol start=\"4\">\n<li><strong>  \u0130ade Talep Prosed\u00fcr\u00fc<\/strong><\/li>\n<\/ol>\n<p>T\u00fcm iade talepleri Apple App Store veya Google Play Store&#8217;un politika ve prosed\u00fcrlerine uygun olarak g\u00f6nderilmelidir. Para iadesi talep etmek i\u00e7in l\u00fctfen ilgili ma\u011faza taraf\u0131ndan sa\u011flanan talimatlar\u0131 izleyin: <\/p>\n<ul>\n<li><strong>Apple App Store:<\/strong> [https:\/\/support .apple.com\/en-gb\/118223]<\/li>\n<li><strong>Google Play Store:<\/strong> [https:\/\/support .google.com=&#8221;&#8221;]<\/li>\n<\/ul>\n<p>Para iadesi talepleriyle ilgili her t\u00fcrl\u00fc ileti\u015fim, ilgili uygulama ma\u011fazas\u0131na y\u00f6nlendirilmelidir.<\/p>\n<ol start=\"5\">\n<li><strong>  Geri \u00d6deme \u0130\u015flemleri<\/strong><\/li>\n<\/ol>\n<p>Onaylanan geri \u00f6demeler, orijinal \u00f6deme y\u00f6ntemi arac\u0131l\u0131\u011f\u0131yla Apple veya Google taraf\u0131ndan i\u015fleme al\u0131nacakt\u0131r. \u0130\u015flem s\u00fcreleri, \u00f6deme sa\u011flay\u0131c\u0131lar\u0131na ve uygulama ma\u011fazas\u0131n\u0131n politikalar\u0131na ba\u011fl\u0131 olarak de\u011fi\u015febilir. <\/p>\n<ol start=\"6\">\n<li><strong>  S\u0131n\u0131rlamalar<\/strong><\/li>\n<\/ol>\n<p>\u015eirketimiz, Apple App Store veya Google Play Store politikalar\u0131na uymayan iade taleplerine yard\u0131m etmeme hakk\u0131n\u0131 sakl\u0131 tutar.<\/p>\n<ol start=\"7\">\n<li><strong>  Bu Politikadaki De\u011fi\u015fiklikler<\/strong><\/li>\n<\/ol>\n<p>Bu Para \u0130adesi ve \u0130ptal Politikas\u0131 periyodik olarak g\u00fcncellenebilir. \u00d6nemli de\u011fi\u015fiklikler uygulama bildirimleri veya kay\u0131tl\u0131 e-posta yoluyla iletilecektir. <\/p>\n<ol start=\"8\">\n<li><strong>  \u0130leti\u015fim Bilgileri<\/strong><\/li>\n<\/ol>\n<p>Bu politika ile ilgili sorular\u0131n\u0131z veya yard\u0131m i\u00e7in l\u00fctfen ileti\u015fime ge\u00e7in:<\/p>\n<p>KMAK Kelet-Magyarorsz\u00e1gi Adatk\u00f6zpont Kft.<\/p>\n<p>H-5000 Szolnok, Szap\u00e1ry utca 20.<\/p>\n<p>E-posta: info@vondetechnology.com<\/p>\n<p>Vonde Pro Uygulamas\u0131nda bir sat\u0131n alma i\u015flemi yaparak veya abone olarak, bu Geri \u00d6deme ve \u0130ptal Politikas\u0131n\u0131n \u015fartlar\u0131n\u0131 kabul etmi\u015f ve onaylam\u0131\u015f olursunuz ve geri \u00f6deme ve iptal s\u00fcre\u00e7lerinin Apple App Store veya Google Play Store politikalar\u0131na tabi oldu\u011funu anlars\u0131n\u0131z.[\/vc_column_text][\/vc_column][\/vc_row]<\/p>\n<\/div>","protected":false},"excerpt":{"rendered":"<p>[vc_row][vc_column][vc_empty_space][vc_column_text el_class=&#8221;legal-text&#8221;]Y\u00fcr\u00fcrl\u00fck Tarihi: 17 Mart 2025 Giri\u015f Bu Geri \u00d6deme ve \u0130ptal Politikas\u0131, Vonde Technology (&#8220;biz&#8221;, &#8220;bize&#8221;, &#8220;bizim&#8221;) taraf\u0131ndan sa\u011flanan Vonde Pro Uygulamas\u0131 (&#8220;Uygulama&#8221;) dahilinde yap\u0131lan sat\u0131n alma ve aboneliklerin geri \u00f6demeleri ve iptalleri ile ilgili prosed\u00fcrleri ve \u015fartlar\u0131 a\u00e7\u0131klar. Vonde Pro Uygulamas\u0131 yaln\u0131zca Apple App Store ve Google Play Store arac\u0131l\u0131\u011f\u0131yla kullan\u0131labildi\u011finden, t\u00fcm i\u015flemler, [&hellip;]<\/p>\n","protected":false},"author":1,"featured_media":0,"parent":0,"menu_order":0,"comment_status":"closed","ping_status":"closed","template":"","meta":{"footnotes":""},"class_list":["post-8881","page","type-page","status-publish","hentry"],"yoast_head":"<!-- This site is optimized with the Yoast SEO plugin v24.7 - https:\/\/yoast.com\/wordpress\/plugins\/seo\/ -->\n<title>Vonde Pro Uygulamas\u0131 i\u00e7in Para \u0130adesi ve \u0130ptal Politikas\u0131 - Vondetech<\/title>\n<meta name=\"robots\" content=\"index, follow, max-snippet:-1, max-image-preview:large, max-video-preview:-1\" \/>\n<link rel=\"canonical\" href=\"https:\/\/vondetech.com\/tr\/iade-ve-geri-odeme-politikasi\/\" \/>\n<meta property=\"og:locale\" content=\"tr_TR\" \/>\n<meta property=\"og:type\" content=\"article\" \/>\n<meta property=\"og:title\" content=\"Vonde Pro Uygulamas\u0131 i\u00e7in Para \u0130adesi ve \u0130ptal Politikas\u0131 - Vondetech\" \/>\n<meta property=\"og:description\" content=\"[vc_row][vc_column][vc_empty_space][vc_column_text el_class=&#8221;legal-text&#8221;]Y\u00fcr\u00fcrl\u00fck Tarihi: 17 Mart 2025 Giri\u015f Bu Geri \u00d6deme ve \u0130ptal Politikas\u0131, Vonde Technology (&#8220;biz&#8221;, &#8220;bize&#8221;, &#8220;bizim&#8221;) taraf\u0131ndan sa\u011flanan Vonde Pro Uygulamas\u0131 (&#8220;Uygulama&#8221;) dahilinde yap\u0131lan sat\u0131n alma ve aboneliklerin geri \u00f6demeleri ve iptalleri ile ilgili prosed\u00fcrleri ve \u015fartlar\u0131 a\u00e7\u0131klar. Vonde Pro Uygulamas\u0131 yaln\u0131zca Apple App Store ve Google Play Store arac\u0131l\u0131\u011f\u0131yla kullan\u0131labildi\u011finden, t\u00fcm i\u015flemler, [&hellip;]\" \/>\n<meta property=\"og:url\" content=\"https:\/\/vondetech.com\/tr\/iade-ve-geri-odeme-politikasi\/\" \/>\n<meta property=\"og:site_name\" content=\"Vondetech\" \/>\n<meta property=\"article:modified_time\" content=\"2025-03-21T06:57:39+00:00\" \/>\n<meta name=\"twitter:card\" content=\"summary_large_image\" \/>\n<meta name=\"twitter:label1\" content=\"Tahmini okuma s\u00fcresi\" \/>\n\t<meta name=\"twitter:data1\" content=\"2 dakika\" \/>\n<script type=\"application\/ld+json\" class=\"yoast-schema-graph\">{\"@context\":\"https:\/\/schema.org\",\"@graph\":[{\"@type\":\"WebPage\",\"@id\":\"https:\/\/vondetech.com\/tr\/iade-ve-geri-odeme-politikasi\/\",\"url\":\"https:\/\/vondetech.com\/tr\/iade-ve-geri-odeme-politikasi\/\",\"name\":\"Vonde Pro Uygulamas\u0131 i\u00e7in Para \u0130adesi ve \u0130ptal Politikas\u0131 - Vondetech\",\"isPartOf\":{\"@id\":\"https:\/\/vondetech.com\/tr\/#website\"},\"datePublished\":\"2024-05-23T13:08:00+00:00\",\"dateModified\":\"2025-03-21T06:57:39+00:00\",\"breadcrumb\":{\"@id\":\"https:\/\/vondetech.com\/tr\/iade-ve-geri-odeme-politikasi\/#breadcrumb\"},\"inLanguage\":\"tr\",\"potentialAction\":[{\"@type\":\"ReadAction\",\"target\":[\"https:\/\/vondetech.com\/tr\/iade-ve-geri-odeme-politikasi\/\"]}]},{\"@type\":\"BreadcrumbList\",\"@id\":\"https:\/\/vondetech.com\/tr\/iade-ve-geri-odeme-politikasi\/#breadcrumb\",\"itemListElement\":[{\"@type\":\"ListItem\",\"position\":1,\"name\":\"Ev\",\"item\":\"https:\/\/vondetech.com\/tr\/ev\/\"},{\"@type\":\"ListItem\",\"position\":2,\"name\":\"Vonde Pro Uygulamas\u0131 i\u00e7in Para \u0130adesi ve \u0130ptal Politikas\u0131\"}]},{\"@type\":\"WebSite\",\"@id\":\"https:\/\/vondetech.com\/tr\/#website\",\"url\":\"https:\/\/vondetech.com\/tr\/\",\"name\":\"Vondetech\",\"description\":\"\",\"potentialAction\":[{\"@type\":\"SearchAction\",\"target\":{\"@type\":\"EntryPoint\",\"urlTemplate\":\"https:\/\/vondetech.com\/tr\/?s={search_term_string}\"},\"query-input\":{\"@type\":\"PropertyValueSpecification\",\"valueRequired\":true,\"valueName\":\"search_term_string\"}}],\"inLanguage\":\"tr\"}]}<\/script>\n<!-- \/ Yoast SEO plugin. -->","yoast_head_json":{"title":"Vonde Pro Uygulamas\u0131 i\u00e7in Para \u0130adesi ve \u0130ptal Politikas\u0131 - Vondetech","robots":{"index":"index","follow":"follow","max-snippet":"max-snippet:-1","max-image-preview":"max-image-preview:large","max-video-preview":"max-video-preview:-1"},"canonical":"https:\/\/vondetech.com\/tr\/iade-ve-geri-odeme-politikasi\/","og_locale":"tr_TR","og_type":"article","og_title":"Vonde Pro Uygulamas\u0131 i\u00e7in Para \u0130adesi ve \u0130ptal Politikas\u0131 - Vondetech","og_description":"[vc_row][vc_column][vc_empty_space][vc_column_text el_class=&#8221;legal-text&#8221;]Y\u00fcr\u00fcrl\u00fck Tarihi: 17 Mart 2025 Giri\u015f Bu Geri \u00d6deme ve \u0130ptal Politikas\u0131, Vonde Technology (&#8220;biz&#8221;, &#8220;bize&#8221;, &#8220;bizim&#8221;) taraf\u0131ndan sa\u011flanan Vonde Pro Uygulamas\u0131 (&#8220;Uygulama&#8221;) dahilinde yap\u0131lan sat\u0131n alma ve aboneliklerin geri \u00f6demeleri ve iptalleri ile ilgili prosed\u00fcrleri ve \u015fartlar\u0131 a\u00e7\u0131klar. Vonde Pro Uygulamas\u0131 yaln\u0131zca Apple App Store ve Google Play Store arac\u0131l\u0131\u011f\u0131yla kullan\u0131labildi\u011finden, t\u00fcm i\u015flemler, [&hellip;]","og_url":"https:\/\/vondetech.com\/tr\/iade-ve-geri-odeme-politikasi\/","og_site_name":"Vondetech","article_modified_time":"2025-03-21T06:57:39+00:00","twitter_card":"summary_large_image","twitter_misc":{"Tahmini okuma s\u00fcresi":"2 dakika"},"schema":{"@context":"https:\/\/schema.org","@graph":[{"@type":"WebPage","@id":"https:\/\/vondetech.com\/tr\/iade-ve-geri-odeme-politikasi\/","url":"https:\/\/vondetech.com\/tr\/iade-ve-geri-odeme-politikasi\/","name":"Vonde Pro Uygulamas\u0131 i\u00e7in Para \u0130adesi ve \u0130ptal Politikas\u0131 - Vondetech","isPartOf":{"@id":"https:\/\/vondetech.com\/tr\/#website"},"datePublished":"2024-05-23T13:08:00+00:00","dateModified":"2025-03-21T06:57:39+00:00","breadcrumb":{"@id":"https:\/\/vondetech.com\/tr\/iade-ve-geri-odeme-politikasi\/#breadcrumb"},"inLanguage":"tr","potentialAction":[{"@type":"ReadAction","target":["https:\/\/vondetech.com\/tr\/iade-ve-geri-odeme-politikasi\/"]}]},{"@type":"BreadcrumbList","@id":"https:\/\/vondetech.com\/tr\/iade-ve-geri-odeme-politikasi\/#breadcrumb","itemListElement":[{"@type":"ListItem","position":1,"name":"Ev","item":"https:\/\/vondetech.com\/tr\/ev\/"},{"@type":"ListItem","position":2,"name":"Vonde Pro Uygulamas\u0131 i\u00e7in Para \u0130adesi ve \u0130ptal Politikas\u0131"}]},{"@type":"WebSite","@id":"https:\/\/vondetech.com\/tr\/#website","url":"https:\/\/vondetech.com\/tr\/","name":"Vondetech","description":"","potentialAction":[{"@type":"SearchAction","target":{"@type":"EntryPoint","urlTemplate":"https:\/\/vondetech.com\/tr\/?s={search_term_string}"},"query-input":{"@type":"PropertyValueSpecification","valueRequired":true,"valueName":"search_term_string"}}],"inLanguage":"tr"}]}},"_links":{"self":[{"href":"https:\/\/vondetech.com\/tr\/wp-json\/wp\/v2\/pages\/8881","targetHints":{"allow":["GET"]}}],"collection":[{"href":"https:\/\/vondetech.com\/tr\/wp-json\/wp\/v2\/pages"}],"about":[{"href":"https:\/\/vondetech.com\/tr\/wp-json\/wp\/v2\/types\/page"}],"author":[{"embeddable":true,"href":"https:\/\/vondetech.com\/tr\/wp-json\/wp\/v2\/users\/1"}],"replies":[{"embeddable":true,"href":"https:\/\/vondetech.com\/tr\/wp-json\/wp\/v2\/comments?post=8881"}],"version-history":[{"count":16,"href":"https:\/\/vondetech.com\/tr\/wp-json\/wp\/v2\/pages\/8881\/revisions"}],"predecessor-version":[{"id":21220,"href":"https:\/\/vondetech.com\/tr\/wp-json\/wp\/v2\/pages\/8881\/revisions\/21220"}],"wp:attachment":[{"href":"https:\/\/vondetech.com\/tr\/wp-json\/wp\/v2\/media?parent=8881"}],"curies":[{"name":"wp","href":"https:\/\/api.w.org\/{rel}","templated":true}]}}