{"id":20922,"date":"2025-03-19T09:20:16","date_gmt":"2025-03-19T08:20:16","guid":{"rendered":"https:\/\/vondetech.com\/vonde-pro-uygulamasi-icin-kunye\/"},"modified":"2025-03-20T15:59:42","modified_gmt":"2025-03-20T14:59:42","slug":"vonde-pro-uygulamasi-icin-kunye","status":"publish","type":"page","link":"https:\/\/vondetech.com\/tr\/vonde-pro-uygulamasi-icin-kunye\/","title":{"rendered":"Vonde Pro Uygulamas\u0131 i\u00e7in K\u00fcnye"},"content":{"rendered":"<div class=\"wpb-content-wrapper\"><p>[vc_row][vc_column][vc_empty_space][vc_column_text el_class=&#8221;legal-text&#8221;]<strong>\u015eirket Bilgileri:<\/strong><\/p>\n<p>Vonde Teknoloji<\/p>\n<p><strong>Vonde Technology LLC hakk\u0131nda:<\/strong><\/p>\n<p>Vonde Pro App, iki kurulu\u015fun i\u015fbirli\u011fi ile geli\u015ftirilen ve i\u015fletilen yenilik\u00e7i bir mobil uygulamad\u0131r:<\/p>\n<ul>\n<li>Vonde Technology LLC (ABD) k\u00fcresel pazarlar\u0131 ve uluslararas\u0131 geni\u015flemeyi y\u00f6netmektedir.<\/li>\n<li>KMAK Kelet-Magyarorsz\u00e1gi Adatk\u00f6zpont Kft. (Avrupa, Macaristan) geli\u015ftirme ve ilgili operasyonel g\u00f6revleri y\u00fcr\u00fctmektedir.<\/li>\n<\/ul>\n<p><strong>Taraf\u0131ndan i\u015fletilmektedir:<\/strong><\/p>\n<p>KMAK Kelet-Magyarorsz\u00e1gi Adatk\u00f6zpont Kft.<\/p>\n<p><strong>Kay\u0131tl\u0131 Adres:<\/strong><\/p>\n<p>H-5000 Szolnok, Szap\u00e1ry utca 20. Macaristan<\/p>\n<p><strong>\u0130leti\u015fim Bilgileri:<\/strong><\/p>\n<p>E-posta: info@vondetechnology.com<\/p>\n<p><strong>Genel M\u00fcd\u00fcr:<\/strong><\/p>\n<p>Laszlo Berta<\/p>\n<p><strong>\u015eirket Kayd\u0131:<\/strong><\/p>\n<p>D-U-N-S: 401605625<\/p>\n<p>Tescil Mahkemesi: [Tescil Mahkemesini sa\u011flay\u0131n, \u00f6rne\u011fin Szolnok B\u00f6lge Mahkemesi]<\/p>\n<p><strong>KDV Kimlik Numaras\u0131:<\/strong><\/p>\n<p>HU24373427<\/p>\n<p><strong>Veri Koruma G\u00f6revlisi:<\/strong><\/p>\n<p>Veri koruma ile ilgili sorular\u0131n\u0131z i\u00e7in l\u00fctfen Veri Koruma G\u00f6revlimiz ile ileti\u015fime ge\u00e7in:<\/p>\n<p>E-posta: info@vondetechnology.com<\/p>\n<p><strong>Sorumluluk Reddi:<\/strong><\/p>\n<p>\u0130\u00e7eri\u011fin dikkatli bir \u015fekilde izlenmesine ra\u011fmen, harici ba\u011flant\u0131lar\u0131n i\u00e7eri\u011fi i\u00e7in sorumluluk kabul etmiyoruz. Ba\u011flant\u0131l\u0131 sayfalar\u0131n operat\u00f6rleri, i\u00e7eriklerinden yaln\u0131zca kendileri sorumludur. <\/p>\n<p><strong>Uyu\u015fmazl\u0131k \u00c7\u00f6z\u00fcm\u00fc:<\/strong><\/p>\n<p>AB y\u00f6netmeliklerine uygun olarak, anla\u015fmazl\u0131klar AB Komisyonu&#8217;nun \u00c7evrimi\u00e7i Anla\u015fmazl\u0131k \u00c7\u00f6z\u00fcm\u00fc platformu arac\u0131l\u0131\u011f\u0131yla \u00e7\u00f6z\u00fclebilir: http:\/\/ec.europa.eu\/consumers\/odr<\/p>\n<p><strong>\u0130leti\u015fim Bilgileri:<\/strong><\/p>\n<p>Genel sorular i\u00e7in:<\/p>\n<p>E-posta: info@vondetechnology.com<\/p>\n<p>Bu Impresszum, Avrupa Birli\u011fi pazarlar\u0131nda faaliyet g\u00f6steren ticari kurulu\u015flar i\u00e7in ge\u00e7erli olan AB y\u00f6netmeliklerine ve standartlar\u0131na uygundur.[\/vc_column_text][\/vc_column][\/vc_row]<\/p>\n<\/div>","protected":false},"excerpt":{"rendered":"<p>[vc_row][vc_column][vc_empty_space][vc_column_text el_class=&#8221;legal-text&#8221;]\u015eirket Bilgileri: Vonde Teknoloji Vonde Technology LLC hakk\u0131nda: Vonde Pro App, iki kurulu\u015fun i\u015fbirli\u011fi ile geli\u015ftirilen ve i\u015fletilen yenilik\u00e7i bir mobil uygulamad\u0131r: Vonde Technology LLC (ABD) k\u00fcresel pazarlar\u0131 ve uluslararas\u0131 geni\u015flemeyi y\u00f6netmektedir. KMAK Kelet-Magyarorsz\u00e1gi Adatk\u00f6zpont Kft. (Avrupa, Macaristan) geli\u015ftirme ve ilgili operasyonel g\u00f6revleri y\u00fcr\u00fctmektedir. Taraf\u0131ndan i\u015fletilmektedir: KMAK Kelet-Magyarorsz\u00e1gi Adatk\u00f6zpont Kft. Kay\u0131tl\u0131 Adres: H-5000 Szolnok, [&hellip;]<\/p>\n","protected":false},"author":1,"featured_media":0,"parent":0,"menu_order":0,"comment_status":"closed","ping_status":"closed","template":"","meta":{"footnotes":""},"class_list":["post-20922","page","type-page","status-publish","hentry"],"yoast_head":"<!-- This site is optimized with the Yoast SEO plugin v24.7 - https:\/\/yoast.com\/wordpress\/plugins\/seo\/ -->\n<title>Vonde Pro Uygulamas\u0131 i\u00e7in K\u00fcnye - Vondetech<\/title>\n<meta name=\"robots\" content=\"index, follow, max-snippet:-1, max-image-preview:large, max-video-preview:-1\" \/>\n<link rel=\"canonical\" href=\"https:\/\/vondetech.com\/tr\/vonde-pro-uygulamasi-icin-kunye\/\" \/>\n<meta property=\"og:locale\" content=\"tr_TR\" \/>\n<meta property=\"og:type\" content=\"article\" \/>\n<meta property=\"og:title\" content=\"Vonde Pro Uygulamas\u0131 i\u00e7in K\u00fcnye - Vondetech\" \/>\n<meta property=\"og:description\" content=\"[vc_row][vc_column][vc_empty_space][vc_column_text el_class=&#8221;legal-text&#8221;]\u015eirket Bilgileri: Vonde Teknoloji Vonde Technology LLC hakk\u0131nda: Vonde Pro App, iki kurulu\u015fun i\u015fbirli\u011fi ile geli\u015ftirilen ve i\u015fletilen yenilik\u00e7i bir mobil uygulamad\u0131r: Vonde Technology LLC (ABD) k\u00fcresel pazarlar\u0131 ve uluslararas\u0131 geni\u015flemeyi y\u00f6netmektedir. KMAK Kelet-Magyarorsz\u00e1gi Adatk\u00f6zpont Kft. (Avrupa, Macaristan) geli\u015ftirme ve ilgili operasyonel g\u00f6revleri y\u00fcr\u00fctmektedir. Taraf\u0131ndan i\u015fletilmektedir: KMAK Kelet-Magyarorsz\u00e1gi Adatk\u00f6zpont Kft. Kay\u0131tl\u0131 Adres: H-5000 Szolnok, [&hellip;]\" \/>\n<meta property=\"og:url\" content=\"https:\/\/vondetech.com\/tr\/vonde-pro-uygulamasi-icin-kunye\/\" \/>\n<meta property=\"og:site_name\" content=\"Vondetech\" \/>\n<meta property=\"article:modified_time\" content=\"2025-03-20T14:59:42+00:00\" \/>\n<meta name=\"twitter:card\" content=\"summary_large_image\" \/>\n<meta name=\"twitter:label1\" content=\"Tahmini okuma s\u00fcresi\" \/>\n\t<meta name=\"twitter:data1\" content=\"1 dakika\" \/>\n<script type=\"application\/ld+json\" class=\"yoast-schema-graph\">{\"@context\":\"https:\/\/schema.org\",\"@graph\":[{\"@type\":\"WebPage\",\"@id\":\"https:\/\/vondetech.com\/tr\/vonde-pro-uygulamasi-icin-kunye\/\",\"url\":\"https:\/\/vondetech.com\/tr\/vonde-pro-uygulamasi-icin-kunye\/\",\"name\":\"Vonde Pro Uygulamas\u0131 i\u00e7in K\u00fcnye - Vondetech\",\"isPartOf\":{\"@id\":\"https:\/\/vondetech.com\/tr\/#website\"},\"datePublished\":\"2025-03-19T08:20:16+00:00\",\"dateModified\":\"2025-03-20T14:59:42+00:00\",\"breadcrumb\":{\"@id\":\"https:\/\/vondetech.com\/tr\/vonde-pro-uygulamasi-icin-kunye\/#breadcrumb\"},\"inLanguage\":\"tr\",\"potentialAction\":[{\"@type\":\"ReadAction\",\"target\":[\"https:\/\/vondetech.com\/tr\/vonde-pro-uygulamasi-icin-kunye\/\"]}]},{\"@type\":\"BreadcrumbList\",\"@id\":\"https:\/\/vondetech.com\/tr\/vonde-pro-uygulamasi-icin-kunye\/#breadcrumb\",\"itemListElement\":[{\"@type\":\"ListItem\",\"position\":1,\"name\":\"Ev\",\"item\":\"https:\/\/vondetech.com\/tr\/ev\/\"},{\"@type\":\"ListItem\",\"position\":2,\"name\":\"Vonde Pro Uygulamas\u0131 i\u00e7in K\u00fcnye\"}]},{\"@type\":\"WebSite\",\"@id\":\"https:\/\/vondetech.com\/tr\/#website\",\"url\":\"https:\/\/vondetech.com\/tr\/\",\"name\":\"Vondetech\",\"description\":\"\",\"potentialAction\":[{\"@type\":\"SearchAction\",\"target\":{\"@type\":\"EntryPoint\",\"urlTemplate\":\"https:\/\/vondetech.com\/tr\/?s={search_term_string}\"},\"query-input\":{\"@type\":\"PropertyValueSpecification\",\"valueRequired\":true,\"valueName\":\"search_term_string\"}}],\"inLanguage\":\"tr\"}]}<\/script>\n<!-- \/ Yoast SEO plugin. -->","yoast_head_json":{"title":"Vonde Pro Uygulamas\u0131 i\u00e7in K\u00fcnye - Vondetech","robots":{"index":"index","follow":"follow","max-snippet":"max-snippet:-1","max-image-preview":"max-image-preview:large","max-video-preview":"max-video-preview:-1"},"canonical":"https:\/\/vondetech.com\/tr\/vonde-pro-uygulamasi-icin-kunye\/","og_locale":"tr_TR","og_type":"article","og_title":"Vonde Pro Uygulamas\u0131 i\u00e7in K\u00fcnye - Vondetech","og_description":"[vc_row][vc_column][vc_empty_space][vc_column_text el_class=&#8221;legal-text&#8221;]\u015eirket Bilgileri: Vonde Teknoloji Vonde Technology LLC hakk\u0131nda: Vonde Pro App, iki kurulu\u015fun i\u015fbirli\u011fi ile geli\u015ftirilen ve i\u015fletilen yenilik\u00e7i bir mobil uygulamad\u0131r: Vonde Technology LLC (ABD) k\u00fcresel pazarlar\u0131 ve uluslararas\u0131 geni\u015flemeyi y\u00f6netmektedir. KMAK Kelet-Magyarorsz\u00e1gi Adatk\u00f6zpont Kft. (Avrupa, Macaristan) geli\u015ftirme ve ilgili operasyonel g\u00f6revleri y\u00fcr\u00fctmektedir. Taraf\u0131ndan i\u015fletilmektedir: KMAK Kelet-Magyarorsz\u00e1gi Adatk\u00f6zpont Kft. Kay\u0131tl\u0131 Adres: H-5000 Szolnok, [&hellip;]","og_url":"https:\/\/vondetech.com\/tr\/vonde-pro-uygulamasi-icin-kunye\/","og_site_name":"Vondetech","article_modified_time":"2025-03-20T14:59:42+00:00","twitter_card":"summary_large_image","twitter_misc":{"Tahmini okuma s\u00fcresi":"1 dakika"},"schema":{"@context":"https:\/\/schema.org","@graph":[{"@type":"WebPage","@id":"https:\/\/vondetech.com\/tr\/vonde-pro-uygulamasi-icin-kunye\/","url":"https:\/\/vondetech.com\/tr\/vonde-pro-uygulamasi-icin-kunye\/","name":"Vonde Pro Uygulamas\u0131 i\u00e7in K\u00fcnye - Vondetech","isPartOf":{"@id":"https:\/\/vondetech.com\/tr\/#website"},"datePublished":"2025-03-19T08:20:16+00:00","dateModified":"2025-03-20T14:59:42+00:00","breadcrumb":{"@id":"https:\/\/vondetech.com\/tr\/vonde-pro-uygulamasi-icin-kunye\/#breadcrumb"},"inLanguage":"tr","potentialAction":[{"@type":"ReadAction","target":["https:\/\/vondetech.com\/tr\/vonde-pro-uygulamasi-icin-kunye\/"]}]},{"@type":"BreadcrumbList","@id":"https:\/\/vondetech.com\/tr\/vonde-pro-uygulamasi-icin-kunye\/#breadcrumb","itemListElement":[{"@type":"ListItem","position":1,"name":"Ev","item":"https:\/\/vondetech.com\/tr\/ev\/"},{"@type":"ListItem","position":2,"name":"Vonde Pro Uygulamas\u0131 i\u00e7in K\u00fcnye"}]},{"@type":"WebSite","@id":"https:\/\/vondetech.com\/tr\/#website","url":"https:\/\/vondetech.com\/tr\/","name":"Vondetech","description":"","potentialAction":[{"@type":"SearchAction","target":{"@type":"EntryPoint","urlTemplate":"https:\/\/vondetech.com\/tr\/?s={search_term_string}"},"query-input":{"@type":"PropertyValueSpecification","valueRequired":true,"valueName":"search_term_string"}}],"inLanguage":"tr"}]}},"_links":{"self":[{"href":"https:\/\/vondetech.com\/tr\/wp-json\/wp\/v2\/pages\/20922","targetHints":{"allow":["GET"]}}],"collection":[{"href":"https:\/\/vondetech.com\/tr\/wp-json\/wp\/v2\/pages"}],"about":[{"href":"https:\/\/vondetech.com\/tr\/wp-json\/wp\/v2\/types\/page"}],"author":[{"embeddable":true,"href":"https:\/\/vondetech.com\/tr\/wp-json\/wp\/v2\/users\/1"}],"replies":[{"embeddable":true,"href":"https:\/\/vondetech.com\/tr\/wp-json\/wp\/v2\/comments?post=20922"}],"version-history":[{"count":8,"href":"https:\/\/vondetech.com\/tr\/wp-json\/wp\/v2\/pages\/20922\/revisions"}],"predecessor-version":[{"id":20972,"href":"https:\/\/vondetech.com\/tr\/wp-json\/wp\/v2\/pages\/20922\/revisions\/20972"}],"wp:attachment":[{"href":"https:\/\/vondetech.com\/tr\/wp-json\/wp\/v2\/media?parent=20922"}],"curies":[{"name":"wp","href":"https:\/\/api.w.org\/{rel}","templated":true}]}}