{"id":20743,"date":"2025-03-19T09:19:24","date_gmt":"2025-03-19T08:19:24","guid":{"rendered":"https:\/\/vondetech.com\/eula\/"},"modified":"2025-03-20T15:50:08","modified_gmt":"2025-03-20T14:50:08","slug":"eula","status":"publish","type":"page","link":"https:\/\/vondetech.com\/tr\/eula\/","title":{"rendered":"EULA"},"content":{"rendered":"<div class=\"wpb-content-wrapper\"><p>[vc_row][vc_column][vc_empty_space][vc_column_text el_class=&#8221;legal-text&#8221;]<strong>\u00d6NEML\u0130 &#8211; D\u0130KKATL\u0130CE OKUYUN: B<\/strong> u Son Kullan\u0131c\u0131 Lisans S\u00f6zle\u015fmesi (&#8220;EULA&#8221;) siz (&#8220;Lisans Sahibi&#8221; veya &#8220;siz&#8221;) ile KMAK Kelet-Magyarorsz\u00e1gi Adatk\u00f6zpont Kft. (&#8220;Lisans Veren&#8221; veya &#8220;biz&#8221;) aras\u0131nda Vonde Pro App yaz\u0131l\u0131m uygulamas\u0131 (&#8220;Uygulama&#8221;) i\u00e7in yap\u0131lan yasal bir s\u00f6zle\u015fmedir. Uygulamay\u0131 y\u00fckleyerek, kopyalayarak veya ba\u015fka bir \u015fekilde kullanarak, bu EULA&#8217;n\u0131n \u015fartlar\u0131na tabi olmay\u0131 kabul edersiniz. Bu EULA&#8217;n\u0131n \u015fartlar\u0131n\u0131 kabul etmiyorsan\u0131z, Uygulamay\u0131 y\u00fcklemeyin veya kullanmay\u0131n.   <\/p>\n<ol>\n<li><strong>  Lisans Verilmesi:<\/strong><\/li>\n<\/ol>\n<p>Lisans Veren, Uygulamay\u0131 ki\u015fisel, ticari olmayan kullan\u0131m\u0131n\u0131z i\u00e7in tek bir mobil cihazda kullanman\u0131z i\u00e7in size s\u0131n\u0131rl\u0131, m\u00fcnhas\u0131r olmayan, devredilemez, geri al\u0131nabilir bir lisans verir.<\/p>\n<ol start=\"2\">\n<li><strong>  K\u0131s\u0131tlamalar:<\/strong><\/li>\n<\/ol>\n<p>Yapmayacaks\u0131n:<\/p>\n<ul>\n<li>Uygulamay\u0131 de\u011fi\u015ftirmek, uyarlamak veya tersine m\u00fchendislik yapmak veya kaynak kodunu t\u00fcretmeye \u00e7al\u0131\u015fmak.<\/li>\n<li>Uygulamay\u0131 ticari olarak kullanmak veya \u00fc\u00e7\u00fcnc\u00fc taraflara satmak, da\u011f\u0131tmak, kiralamak, alt lisans vermek, kiralamak, \u00f6d\u00fcn\u00e7 vermek veya ba\u015fka bir \u015fekilde devretmek.<\/li>\n<li>Herhangi bir telif hakk\u0131, ticari marka veya di\u011fer m\u00fclkiyet bildirimlerini kald\u0131rmak, de\u011fi\u015ftirmek veya gizlemek.<\/li>\n<li>Uygulamay\u0131 y\u00fcr\u00fcrl\u00fckteki yasalar\u0131 veya d\u00fczenlemeleri ihlal edecek, ba\u015fkalar\u0131n\u0131n fikri m\u00fclkiyet haklar\u0131n\u0131 ihlal edecek veya Uygulaman\u0131n g\u00fcvenlik \u00f6nlemlerini atlatmaya \u00e7al\u0131\u015facak \u015fekilde kullanmak.<\/li>\n<li>Uygulamay\u0131, yasa d\u0131\u015f\u0131 materyal iletmek veya depolamak ya da Uygulamaya veya hizmetlerine zarar verebilecek, devre d\u0131\u015f\u0131 b\u0131rakabilecek, a\u015f\u0131r\u0131 y\u00fck getirebilecek veya bozabilecek herhangi bir faaliyette bulunmak dahil ancak bunlarla s\u0131n\u0131rl\u0131 olmamak \u00fczere herhangi bir yasa d\u0131\u015f\u0131 faaliyet i\u00e7in kullanmak.<\/li>\n<\/ul>\n<ol start=\"3\">\n<li><strong>  M\u00fclkiyet:<\/strong><\/li>\n<\/ol>\n<p>Uygulama, Lisans Verene aittir ve telif hakk\u0131 ve di\u011fer fikri m\u00fclkiyet yasalar\u0131 taraf\u0131ndan korunmaktad\u0131r. Lisans\u0131n\u0131z, Uygulama \u00fczerinde hi\u00e7bir unvan veya m\u00fclkiyet hakk\u0131 vermez. <\/p>\n<ol start=\"4\">\n<li><strong>  Gizlilik:<\/strong><\/li>\n<\/ol>\n<p>Uygulaman\u0131n kullan\u0131m\u0131, veri toplama, i\u015fleme ve koruma uygulamalar\u0131m\u0131z\u0131 ayr\u0131nt\u0131l\u0131 olarak a\u00e7\u0131klayan Gizlilik Politikam\u0131za tabidir. Uygulamay\u0131 kullanarak, Gizlilik Politikas\u0131nda ayr\u0131nt\u0131l\u0131 olarak a\u00e7\u0131klanan \u015fartlar\u0131 kabul etmi\u015f olursunuz. Gizlilik Politikam\u0131z\u0131 \u015fu adreste bulabilirsiniz:    [Link to Privacy Policy]<\/p>\n<ol start=\"5\">\n<li><strong>  Garantilerin Reddi:<\/strong><\/li>\n<\/ol>\n<p>Uygulama, herhangi bir garanti olmaks\u0131z\u0131n &#8220;OLDU\u011eU G\u0130B\u0130&#8221; ve &#8220;MEVCUT OLDU\u011eU \u015eEK\u0130LDE&#8221; sa\u011flanmaktad\u0131r. Vonde Technology, z\u0131mni sat\u0131labilirlik garantileri, belirli bir amaca uygunluk, ihlal etmeme ve ticaretin seyri veya kullan\u0131m\u0131ndan kaynaklanan garantiler dahil ancak bunlarla s\u0131n\u0131rl\u0131 olmamak \u00fczere a\u00e7\u0131k, z\u0131mni, yasal veya ba\u015fka t\u00fcrl\u00fc t\u00fcm garantileri reddeder. <\/p>\n<ol start=\"6\">\n<li><strong>  Sorumlulu\u011fun S\u0131n\u0131rland\u0131r\u0131lmas\u0131:<\/strong><\/li>\n<\/ol>\n<p>Y\u00fcr\u00fcrl\u00fckteki yasalar\u0131n izin verdi\u011fi azami \u00f6l\u00e7\u00fcde, Vonde Technology, Uygulamay\u0131 kullanman\u0131zdan veya kullanamaman\u0131zdan kaynaklanan veya bunlarla ilgili olarak ortaya \u00e7\u0131kan dolayl\u0131, ar\u0131zi, \u00f6zel, sonu\u00e7 olarak ortaya \u00e7\u0131kan veya cezai zararlardan (kar, veri veya kullan\u0131m kayb\u0131 zararlar\u0131 dahil ancak bunlarla s\u0131n\u0131rl\u0131 olmamak \u00fczere), Vonde Technology bu t\u00fcr zararlar\u0131n olas\u0131l\u0131\u011f\u0131 konusunda bilgilendirilmi\u015f olsa bile hi\u00e7bir durumda sorumlu olmayacakt\u0131r. Vonde Technology&#8217;nin bu EULA veya Uygulamadan kaynaklanan veya bunlarla ilgili t\u00fcm talepler i\u00e7in size kar\u015f\u0131 toplam y\u00fck\u00fcml\u00fcl\u00fc\u011f\u00fc, varsa, Uygulamaya eri\u015fim i\u00e7in \u00f6dedi\u011finiz tutarla s\u0131n\u0131rl\u0131 olacakt\u0131r. <\/p>\n<ol start=\"7\">\n<li><strong>  Tazminat:<\/strong><\/li>\n<\/ol>\n<p>Vonde Technology&#8217;yi, ba\u011fl\u0131 kurulu\u015flar\u0131n\u0131, \u00e7al\u0131\u015fanlar\u0131n\u0131, y\u00f6neticilerini ve acentelerini, Uygulamay\u0131 k\u00f6t\u00fcye kullanman\u0131zdan, bu EULA&#8217;y\u0131 ihlal etmenizden veya herhangi bir ki\u015fi veya kurulu\u015fun fikri m\u00fclkiyetini veya di\u011fer haklar\u0131n\u0131 ihlal etmenizden kaynaklanan veya bunlarla ilgili her t\u00fcrl\u00fc talep, hasar, y\u00fck\u00fcml\u00fcl\u00fck, kay\u0131p veya masraftan (makul avukatl\u0131k \u00fccretleri dahil) tazmin etmeyi ve zarars\u0131z tutmay\u0131 kabul edersiniz.<\/p>\n<ol start=\"8\">\n<li><strong>  Fesih:<\/strong><\/li>\n<\/ol>\n<p>Bu EULA, siz veya Lisans Veren taraf\u0131ndan feshedilene kadar ge\u00e7erlidir. Lisans Veren, bu EULA&#8217;n\u0131n herhangi bir \u015fart(lar)\u0131na uymaman\u0131z halinde bu EULA&#8217;y\u0131 istedi\u011fi zaman feshedebilir. Fesih \u00fczerine, Uygulaman\u0131n t\u00fcm kullan\u0131m\u0131n\u0131 durdurmal\u0131 ve Uygulaman\u0131n tam veya k\u0131smi t\u00fcm kopyalar\u0131n\u0131 imha etmelisiniz.  <\/p>\n<ol start=\"9\">\n<li><strong>  Ge\u00e7erli Kanun:<\/strong><\/li>\n<\/ol>\n<p>Bu EULA, Macaristan yasalar\u0131na g\u00f6re y\u00f6netilir ve yorumlan\u0131r. Bu EULA&#8217;dan kaynaklanan veya bu EULA ile ilgili herhangi bir anla\u015fmazl\u0131k, Budape\u015fte, Macaristan&#8217;da bulunan mahkemelerin m\u00fcnhas\u0131r yarg\u0131 yetkisine tabi olacakt\u0131r. <\/p>\n<ol start=\"10\">\n<li><strong>  Bu EULA&#8217;da yap\u0131lan de\u011fi\u015fiklikler:<\/strong><\/li>\n<\/ol>\n<p>Bu EULA&#8217;y\u0131 periyodik olarak g\u00fcncelleme veya de\u011fi\u015ftirme hakk\u0131m\u0131z\u0131 sakl\u0131 tutar\u0131z. \u00d6nemli de\u011fi\u015fiklikler size uygulama bildirimleri, kay\u0131tl\u0131 e-posta yoluyla veya Uygulama i\u00e7inde veya web sitemizde bir bildirim yay\u0131nlayarak iletilecektir. Bu t\u00fcr de\u011fi\u015fikliklerden sonra Uygulamay\u0131 kullanmaya devam etmeniz, revize edilmi\u015f SKLA&#8217;y\u0131 kabul etti\u011finiz anlam\u0131na gelir.  <\/p>\n<ol start=\"11\">\n<li><strong>  \u0130leti\u015fim Bilgileri:<\/strong><\/li>\n<\/ol>\n<p>Bu EULA veya ilgili konularla ilgili sorular\u0131n\u0131z i\u00e7in bizimle \u015fu adresten ileti\u015fime ge\u00e7in:<\/p>\n<p>KMAK Kelet-Magyarorsz\u00e1gi Adatk\u00f6zpont Kft.<\/p>\n<p>H-5000 Szolnok, Szap\u00e1ry utca 20.<\/p>\n<p>E-posta: info@vondetechnology.com<\/p>\n<p>Web sitesi: https:\/\/www.vondetech.com<\/p>\n<ol start=\"12\">\n<li><strong>  T\u00fcm S\u00f6zle\u015fme:<\/strong><\/li>\n<\/ol>\n<p>Bu EULA, siz ve Lisans Veren aras\u0131nda Uygulama ile ilgili anla\u015fman\u0131n tamam\u0131n\u0131 olu\u015fturur ve s\u00f6zl\u00fc veya yaz\u0131l\u0131 olsun, \u00f6nceki veya e\u015fzamanl\u0131 t\u00fcm ileti\u015fim ve tekliflerin yerine ge\u00e7er.[\/vc_column_text][\/vc_column][\/vc_row]<\/p>\n<\/div>","protected":false},"excerpt":{"rendered":"<p>[vc_row][vc_column][vc_empty_space][vc_column_text el_class=&#8221;legal-text&#8221;]\u00d6NEML\u0130 &#8211; D\u0130KKATL\u0130CE OKUYUN: B u Son Kullan\u0131c\u0131 Lisans S\u00f6zle\u015fmesi (&#8220;EULA&#8221;) siz (&#8220;Lisans Sahibi&#8221; veya &#8220;siz&#8221;) ile KMAK Kelet-Magyarorsz\u00e1gi Adatk\u00f6zpont Kft. (&#8220;Lisans Veren&#8221; veya &#8220;biz&#8221;) aras\u0131nda Vonde Pro App yaz\u0131l\u0131m uygulamas\u0131 (&#8220;Uygulama&#8221;) i\u00e7in yap\u0131lan yasal bir s\u00f6zle\u015fmedir. Uygulamay\u0131 y\u00fckleyerek, kopyalayarak veya ba\u015fka bir \u015fekilde kullanarak, bu EULA&#8217;n\u0131n \u015fartlar\u0131na tabi olmay\u0131 kabul edersiniz. Bu EULA&#8217;n\u0131n [&hellip;]<\/p>\n","protected":false},"author":1,"featured_media":0,"parent":0,"menu_order":0,"comment_status":"closed","ping_status":"closed","template":"","meta":{"footnotes":""},"class_list":["post-20743","page","type-page","status-publish","hentry"],"yoast_head":"<!-- This site is optimized with the Yoast SEO plugin v24.7 - https:\/\/yoast.com\/wordpress\/plugins\/seo\/ -->\n<title>EULA - Vondetech<\/title>\n<meta name=\"robots\" content=\"index, follow, max-snippet:-1, max-image-preview:large, max-video-preview:-1\" \/>\n<link rel=\"canonical\" href=\"https:\/\/vondetech.com\/tr\/eula\/\" \/>\n<meta property=\"og:locale\" content=\"tr_TR\" \/>\n<meta property=\"og:type\" content=\"article\" \/>\n<meta property=\"og:title\" content=\"EULA - Vondetech\" \/>\n<meta property=\"og:description\" content=\"[vc_row][vc_column][vc_empty_space][vc_column_text el_class=&#8221;legal-text&#8221;]\u00d6NEML\u0130 &#8211; D\u0130KKATL\u0130CE OKUYUN: B u Son Kullan\u0131c\u0131 Lisans S\u00f6zle\u015fmesi (&#8220;EULA&#8221;) siz (&#8220;Lisans Sahibi&#8221; veya &#8220;siz&#8221;) ile KMAK Kelet-Magyarorsz\u00e1gi Adatk\u00f6zpont Kft. (&#8220;Lisans Veren&#8221; veya &#8220;biz&#8221;) aras\u0131nda Vonde Pro App yaz\u0131l\u0131m uygulamas\u0131 (&#8220;Uygulama&#8221;) i\u00e7in yap\u0131lan yasal bir s\u00f6zle\u015fmedir. Uygulamay\u0131 y\u00fckleyerek, kopyalayarak veya ba\u015fka bir \u015fekilde kullanarak, bu EULA&#8217;n\u0131n \u015fartlar\u0131na tabi olmay\u0131 kabul edersiniz. Bu EULA&#8217;n\u0131n [&hellip;]\" \/>\n<meta property=\"og:url\" content=\"https:\/\/vondetech.com\/tr\/eula\/\" \/>\n<meta property=\"og:site_name\" content=\"Vondetech\" \/>\n<meta property=\"article:modified_time\" content=\"2025-03-20T14:50:08+00:00\" \/>\n<meta name=\"twitter:card\" content=\"summary_large_image\" \/>\n<meta name=\"twitter:label1\" content=\"Tahmini okuma s\u00fcresi\" \/>\n\t<meta name=\"twitter:data1\" content=\"4 dakika\" \/>\n<script type=\"application\/ld+json\" class=\"yoast-schema-graph\">{\"@context\":\"https:\/\/schema.org\",\"@graph\":[{\"@type\":\"WebPage\",\"@id\":\"https:\/\/vondetech.com\/tr\/eula\/\",\"url\":\"https:\/\/vondetech.com\/tr\/eula\/\",\"name\":\"EULA - Vondetech\",\"isPartOf\":{\"@id\":\"https:\/\/vondetech.com\/tr\/#website\"},\"datePublished\":\"2025-03-19T08:19:24+00:00\",\"dateModified\":\"2025-03-20T14:50:08+00:00\",\"breadcrumb\":{\"@id\":\"https:\/\/vondetech.com\/tr\/eula\/#breadcrumb\"},\"inLanguage\":\"tr\",\"potentialAction\":[{\"@type\":\"ReadAction\",\"target\":[\"https:\/\/vondetech.com\/tr\/eula\/\"]}]},{\"@type\":\"BreadcrumbList\",\"@id\":\"https:\/\/vondetech.com\/tr\/eula\/#breadcrumb\",\"itemListElement\":[{\"@type\":\"ListItem\",\"position\":1,\"name\":\"Ev\",\"item\":\"https:\/\/vondetech.com\/tr\/ev\/\"},{\"@type\":\"ListItem\",\"position\":2,\"name\":\"EULA\"}]},{\"@type\":\"WebSite\",\"@id\":\"https:\/\/vondetech.com\/tr\/#website\",\"url\":\"https:\/\/vondetech.com\/tr\/\",\"name\":\"Vondetech\",\"description\":\"\",\"potentialAction\":[{\"@type\":\"SearchAction\",\"target\":{\"@type\":\"EntryPoint\",\"urlTemplate\":\"https:\/\/vondetech.com\/tr\/?s={search_term_string}\"},\"query-input\":{\"@type\":\"PropertyValueSpecification\",\"valueRequired\":true,\"valueName\":\"search_term_string\"}}],\"inLanguage\":\"tr\"}]}<\/script>\n<!-- \/ Yoast SEO plugin. -->","yoast_head_json":{"title":"EULA - Vondetech","robots":{"index":"index","follow":"follow","max-snippet":"max-snippet:-1","max-image-preview":"max-image-preview:large","max-video-preview":"max-video-preview:-1"},"canonical":"https:\/\/vondetech.com\/tr\/eula\/","og_locale":"tr_TR","og_type":"article","og_title":"EULA - Vondetech","og_description":"[vc_row][vc_column][vc_empty_space][vc_column_text el_class=&#8221;legal-text&#8221;]\u00d6NEML\u0130 &#8211; D\u0130KKATL\u0130CE OKUYUN: B u Son Kullan\u0131c\u0131 Lisans S\u00f6zle\u015fmesi (&#8220;EULA&#8221;) siz (&#8220;Lisans Sahibi&#8221; veya &#8220;siz&#8221;) ile KMAK Kelet-Magyarorsz\u00e1gi Adatk\u00f6zpont Kft. (&#8220;Lisans Veren&#8221; veya &#8220;biz&#8221;) aras\u0131nda Vonde Pro App yaz\u0131l\u0131m uygulamas\u0131 (&#8220;Uygulama&#8221;) i\u00e7in yap\u0131lan yasal bir s\u00f6zle\u015fmedir. Uygulamay\u0131 y\u00fckleyerek, kopyalayarak veya ba\u015fka bir \u015fekilde kullanarak, bu EULA&#8217;n\u0131n \u015fartlar\u0131na tabi olmay\u0131 kabul edersiniz. Bu EULA&#8217;n\u0131n [&hellip;]","og_url":"https:\/\/vondetech.com\/tr\/eula\/","og_site_name":"Vondetech","article_modified_time":"2025-03-20T14:50:08+00:00","twitter_card":"summary_large_image","twitter_misc":{"Tahmini okuma s\u00fcresi":"4 dakika"},"schema":{"@context":"https:\/\/schema.org","@graph":[{"@type":"WebPage","@id":"https:\/\/vondetech.com\/tr\/eula\/","url":"https:\/\/vondetech.com\/tr\/eula\/","name":"EULA - Vondetech","isPartOf":{"@id":"https:\/\/vondetech.com\/tr\/#website"},"datePublished":"2025-03-19T08:19:24+00:00","dateModified":"2025-03-20T14:50:08+00:00","breadcrumb":{"@id":"https:\/\/vondetech.com\/tr\/eula\/#breadcrumb"},"inLanguage":"tr","potentialAction":[{"@type":"ReadAction","target":["https:\/\/vondetech.com\/tr\/eula\/"]}]},{"@type":"BreadcrumbList","@id":"https:\/\/vondetech.com\/tr\/eula\/#breadcrumb","itemListElement":[{"@type":"ListItem","position":1,"name":"Ev","item":"https:\/\/vondetech.com\/tr\/ev\/"},{"@type":"ListItem","position":2,"name":"EULA"}]},{"@type":"WebSite","@id":"https:\/\/vondetech.com\/tr\/#website","url":"https:\/\/vondetech.com\/tr\/","name":"Vondetech","description":"","potentialAction":[{"@type":"SearchAction","target":{"@type":"EntryPoint","urlTemplate":"https:\/\/vondetech.com\/tr\/?s={search_term_string}"},"query-input":{"@type":"PropertyValueSpecification","valueRequired":true,"valueName":"search_term_string"}}],"inLanguage":"tr"}]}},"_links":{"self":[{"href":"https:\/\/vondetech.com\/tr\/wp-json\/wp\/v2\/pages\/20743","targetHints":{"allow":["GET"]}}],"collection":[{"href":"https:\/\/vondetech.com\/tr\/wp-json\/wp\/v2\/pages"}],"about":[{"href":"https:\/\/vondetech.com\/tr\/wp-json\/wp\/v2\/types\/page"}],"author":[{"embeddable":true,"href":"https:\/\/vondetech.com\/tr\/wp-json\/wp\/v2\/users\/1"}],"replies":[{"embeddable":true,"href":"https:\/\/vondetech.com\/tr\/wp-json\/wp\/v2\/comments?post=20743"}],"version-history":[{"count":8,"href":"https:\/\/vondetech.com\/tr\/wp-json\/wp\/v2\/pages\/20743\/revisions"}],"predecessor-version":[{"id":20795,"href":"https:\/\/vondetech.com\/tr\/wp-json\/wp\/v2\/pages\/20743\/revisions\/20795"}],"wp:attachment":[{"href":"https:\/\/vondetech.com\/tr\/wp-json\/wp\/v2\/media?parent=20743"}],"curies":[{"name":"wp","href":"https:\/\/api.w.org\/{rel}","templated":true}]}}