{"id":20686,"date":"2025-03-19T09:18:12","date_gmt":"2025-03-19T08:18:12","guid":{"rendered":"https:\/\/vondetech.com\/vonde-pro-mobil-uygulamasi-icin-cerez-politikasi\/"},"modified":"2025-07-02T13:01:45","modified_gmt":"2025-07-02T11:01:45","slug":"vonde-pro-mobil-uygulamasi-icin-cerez-politikasi","status":"publish","type":"page","link":"https:\/\/vondetech.com\/tr\/vonde-pro-mobil-uygulamasi-icin-cerez-politikasi\/","title":{"rendered":"Vonde Pro Mobil Uygulamas\u0131 i\u00e7in \u00c7erez Politikas\u0131"},"content":{"rendered":"<div class=\"wpb-content-wrapper\"><p>[vc_row][vc_column][vc_empty_space][vc_column_text el_class=&#8221;legal-text&#8221;]<strong>Y\u00fcr\u00fcrl\u00fck Tarihi:<\/strong> 17 Mart 2025<\/p>\n<ol>\n<li><strong>  Giri\u015f<\/strong><\/li>\n<\/ol>\n<p>Bu \u00c7erez Politikas\u0131, Vonde Technology&#8217;nin (&#8220;biz&#8221;, &#8220;bize&#8221; veya &#8220;bizim&#8221;) Vonde Pro mobil uygulamas\u0131nda (&#8220;Uygulama&#8221;) \u00e7erezleri ve benzer teknolojileri nas\u0131l kulland\u0131\u011f\u0131n\u0131 a\u00e7\u0131klar. Bu politika \u00f6zellikle Uygulama i\u00e7in ge\u00e7erlidir ve web sitemiz i\u00e7in ge\u00e7erli olan \u00c7erez Politikas\u0131ndan farkl\u0131d\u0131r. <\/p>\n<ol start=\"2\">\n<li><strong>  \u00c7erezler ve \u0130zleme Teknolojileri Nedir?<\/strong><\/li>\n<\/ol>\n<p>Mobil uygulamalardaki \u00e7erezler ve izleme teknolojileri, cihaz\u0131n\u0131z ve uygulama kullan\u0131m\u0131n\u0131z hakk\u0131nda veri toplayan ve depolayan cihaz tan\u0131mlay\u0131c\u0131lar\u0131, pikseller ve yerel depolamay\u0131 i\u00e7erir.<\/p>\n<ol start=\"3\">\n<li><strong>  Kulland\u0131\u011f\u0131m\u0131z \u00c7erez T\u00fcrleri ve \u0130zleme Teknolojileri<\/strong><\/li>\n<\/ol>\n<ul>\n<li><strong>Temel Teknolojiler:<\/strong> Bu teknolojiler, kullan\u0131c\u0131 kimlik do\u011frulamas\u0131, g\u00fcvenlik \u00f6zellikleri ve uygulama performans\u0131 gibi Uygulaman\u0131n temel i\u015flevlerini etkinle\u015ftirmek i\u00e7in gereklidir. Bu teknolojiler herhangi bir ki\u015fisel veri toplamaz. <\/li>\n<li><strong>Analitik Teknolojiler:<\/strong> Uygulama kalitesini art\u0131rmak amac\u0131yla kullan\u0131c\u0131 etkile\u015fimini analiz etmek, \u00e7\u00f6kmeleri te\u015fhis etmek ve performans\u0131 izlemek i\u00e7in Firebase Analytics, Firebase Performance Monitoring ve Firebase Crashlytics kullan\u0131yoruz. Bu teknolojiler, kullan\u0131c\u0131lar\u0131n Uygulama ile nas\u0131l etkile\u015fime girdi\u011fini anlamam\u0131za ve iyile\u015ftirme alanlar\u0131n\u0131 belirlememize yard\u0131mc\u0131 olmak i\u00e7in kullan\u0131c\u0131 etkile\u015fimleri, uygulama kullan\u0131m\u0131 ve cihaz bilgileri hakk\u0131nda anonimle\u015ftirilmi\u015f veriler toplar. <\/li>\n<li><strong>Reklam Teknolojileri:<\/strong> Google AdMob, kullan\u0131c\u0131 ilgi alanlar\u0131na g\u00f6re uyarlanm\u0131\u015f ki\u015fiselle\u015ftirilmi\u015f reklamlar g\u00f6r\u00fcnt\u00fclemek i\u00e7in cihaz tan\u0131mlay\u0131c\u0131lar\u0131n\u0131 ve uygulama kullan\u0131m verilerini toplar. Google AdMob, reklamlar\u0131 ki\u015fiselle\u015ftirmek i\u00e7in cihaz\u0131n reklam tan\u0131mlay\u0131c\u0131s\u0131 gibi teknolojileri kullan\u0131r. Bu tan\u0131mlay\u0131c\u0131n\u0131n kullan\u0131m\u0131n\u0131 cihaz\u0131n\u0131z\u0131n ayarlar\u0131ndan kontrol edebilirsiniz.  <\/li>\n<\/ul>\n<ol start=\"4\">\n<li><strong>  Takip Teknolojilerinin Kullan\u0131m Ama\u00e7lar\u0131<\/strong><\/li>\n<\/ol>\n<p>Bu teknolojileri \u015fu ama\u00e7larla kullan\u0131yoruz:<\/p>\n<ul>\n<li>Temel uygulama i\u015flevselli\u011fini sa\u011flay\u0131n.<\/li>\n<li>Uygulama performans\u0131n\u0131 ve kararl\u0131l\u0131\u011f\u0131n\u0131 izleyin ve geli\u015ftirin.<\/li>\n<li>Google AdMob arac\u0131l\u0131\u011f\u0131yla ki\u015fiselle\u015ftirilmi\u015f reklamlar sunun.<\/li>\n<li>Kullan\u0131c\u0131 deneyimini iyile\u015ftirmek ve uygulama i\u015flevselli\u011fini optimize etmek i\u00e7in kullan\u0131c\u0131 etkile\u015fimlerini analiz edin.<\/li>\n<\/ul>\n<ol start=\"5\">\n<li><strong>  \u00c7erezleri ve Tercihleri Y\u00f6netme<\/strong><\/li>\n<\/ol>\n<p>\u00c7erezlerin ve izleme teknolojilerinin kullan\u0131m\u0131n\u0131 cihaz ayarlar\u0131n\u0131z arac\u0131l\u0131\u011f\u0131yla kontrol edebilirsiniz.<\/p>\n<ul>\n<li><strong>Android cihazlar i\u00e7in:<\/strong> Cihaz\u0131n\u0131z\u0131n ayarlar\u0131nda &#8220;Reklam Ki\u015fiselle\u015ftirmeyi Devre D\u0131\u015f\u0131 B\u0131rak&#8221; se\u00e7ene\u011fini etkinle\u015ftirerek ki\u015fiselle\u015ftirilmi\u015f reklamlar\u0131 devre d\u0131\u015f\u0131 b\u0131rakabilirsiniz. Ayr\u0131ca cihaz\u0131n\u0131z\u0131n gizlilik ayarlar\u0131ndan analiz verilerinin toplanmas\u0131n\u0131 kontrol edebilirsiniz. <\/li>\n<li><strong>iOS cihazlar i\u00e7in:<\/strong> Cihaz\u0131n\u0131z\u0131n ayarlar\u0131nda &#8220;Reklam \u0130zlemeyi S\u0131n\u0131rla&#8221; se\u00e7ene\u011fini etkinle\u015ftirerek reklam izlemeyi s\u0131n\u0131rlayabilirsiniz. Ayr\u0131ca cihaz\u0131n\u0131z\u0131n gizlilik ayarlar\u0131ndan analiz verilerinin toplanmas\u0131n\u0131 kontrol edebilirsiniz. <\/li>\n<li>Gizlilik ayarlar\u0131n\u0131z\u0131 nas\u0131l y\u00f6netece\u011finiz hakk\u0131nda daha fazla bilgi i\u00e7in l\u00fctfen cihaz\u0131n\u0131z\u0131n yard\u0131m belgelerine bak\u0131n.<\/li>\n<\/ul>\n<p>Bu teknolojilerden baz\u0131lar\u0131 oturum tabanl\u0131d\u0131r, yani Uygulamay\u0131 kapatt\u0131\u011f\u0131n\u0131zda silinirler. Di\u011ferleri kal\u0131c\u0131d\u0131r, yani cihaz\u0131n\u0131zda daha uzun s\u00fcre kal\u0131rlar. <\/p>\n<ol start=\"6\">\n<li><strong>  \u00dc\u00e7\u00fcnc\u00fc Taraf Hizmet Sa\u011flay\u0131c\u0131lar<\/strong><\/li>\n<\/ol>\n<p>\u00c7erezleri veya izleme teknolojilerini kullanan a\u015fa\u011f\u0131daki \u00fc\u00e7\u00fcnc\u00fc taraf sa\u011flay\u0131c\u0131lar\u0131 kullan\u0131yoruz:<\/p>\n<ul>\n<li><strong>Google Firebase:<\/strong> Firebase Analytics, Firebase Crashlytics ve Firebase Performance Monitoring dahil olmak \u00fczere Google Firebase hizmetlerini kullan\u0131yoruz. Bu hizmetler, Uygulamay\u0131 kullan\u0131m\u0131n\u0131zla ilgili verileri toplamak ve i\u015flemek i\u00e7in teknolojiler kullan\u0131r. Google&#8217;\u0131n gizlilik uygulamalar\u0131 ve Google&#8217;\u0131n verileri nas\u0131l kulland\u0131\u011f\u0131 hakk\u0131nda daha fazla bilgiyi Google&#8217;\u0131n Gizlilik Politikas\u0131&#8217;nda bulabilirsiniz:    [Link to Google&#8217;s Privacy Policy]<\/li>\n<li><strong>Google AdMob:<\/strong> Uygulamada ki\u015fiselle\u015ftirilmi\u015f reklamlar g\u00f6r\u00fcnt\u00fclemek i\u00e7in Google AdMob kullan\u0131yoruz. Google AdMob, Uygulamay\u0131 ve cihaz\u0131n\u0131z\u0131 kullan\u0131m\u0131n\u0131zla ilgili verileri toplamak ve i\u015flemek i\u00e7in teknolojiler kullan\u0131r. Google&#8217;\u0131n gizlilik uygulamalar\u0131 ve Google&#8217;\u0131n verileri nas\u0131l kulland\u0131\u011f\u0131 hakk\u0131nda daha fazla bilgiyi Google&#8217;\u0131n Gizlilik Politikas\u0131&#8217;nda bulabilirsiniz:    [Link to Google&#8217;s Privacy Policy]<\/li>\n<\/ul>\n<p>T\u00fcm \u00fc\u00e7\u00fcnc\u00fc taraflar veri koruma standartlar\u0131na s\u0131k\u0131 s\u0131k\u0131ya ba\u011fl\u0131d\u0131r ve verileri yaln\u0131zca belirtilen ama\u00e7lar do\u011frultusunda i\u015fler.<\/p>\n<ol start=\"7\">\n<li><strong>  Politika G\u00fcncellemeleri<\/strong><\/li>\n<\/ol>\n<p>Bu \u00c7erez Politikas\u0131 periyodik olarak g\u00fcncellenebilir. \u00d6nemli de\u011fi\u015fiklikler uygulama bildirimleri veya e-posta yoluyla iletilecektir. <\/p>\n<ol start=\"8\">\n<li><strong>  \u0130leti\u015fim Bilgileri<\/strong><\/li>\n<\/ol>\n<p>Bu \u00c7erez Politikas\u0131 ile ilgili sorular\u0131n\u0131z veya endi\u015feleriniz i\u00e7in l\u00fctfen bizimle ileti\u015fime ge\u00e7in:<\/p>\n<p>KMAK Kelet-Magyarorsz\u00e1gi Adatk\u00f6zpont Kft.<\/p>\n<p>H-5000 Szolnok, Szap\u00e1ry utca 20.<\/p>\n<p>E-posta: info@vondetechnology.com<\/p>\n<p>Vonde Pro Uygulamas\u0131n\u0131 kullanarak, bu \u00c7erez Politikas\u0131nda a\u00e7\u0131kland\u0131\u011f\u0131 \u015fekilde \u00e7erezlerin ve izleme teknolojilerinin kullan\u0131lmas\u0131na izin vermi\u015f olursunuz.[\/vc_column_text][\/vc_column][\/vc_row]<\/p>\n<\/div>","protected":false},"excerpt":{"rendered":"<p>[vc_row][vc_column][vc_empty_space][vc_column_text el_class=&#8221;legal-text&#8221;]Y\u00fcr\u00fcrl\u00fck Tarihi: 17 Mart 2025 Giri\u015f Bu \u00c7erez Politikas\u0131, Vonde Technology&#8217;nin (&#8220;biz&#8221;, &#8220;bize&#8221; veya &#8220;bizim&#8221;) Vonde Pro mobil uygulamas\u0131nda (&#8220;Uygulama&#8221;) \u00e7erezleri ve benzer teknolojileri nas\u0131l kulland\u0131\u011f\u0131n\u0131 a\u00e7\u0131klar. Bu politika \u00f6zellikle Uygulama i\u00e7in ge\u00e7erlidir ve web sitemiz i\u00e7in ge\u00e7erli olan \u00c7erez Politikas\u0131ndan farkl\u0131d\u0131r. \u00c7erezler ve \u0130zleme Teknolojileri Nedir? Mobil uygulamalardaki \u00e7erezler ve izleme teknolojileri, cihaz\u0131n\u0131z [&hellip;]<\/p>\n","protected":false},"author":1,"featured_media":0,"parent":0,"menu_order":0,"comment_status":"closed","ping_status":"closed","template":"","meta":{"footnotes":""},"class_list":["post-20686","page","type-page","status-publish","hentry"],"yoast_head":"<!-- This site is optimized with the Yoast SEO plugin v24.7 - https:\/\/yoast.com\/wordpress\/plugins\/seo\/ -->\n<title>Vonde Pro Mobil Uygulamas\u0131 i\u00e7in \u00c7erez Politikas\u0131 - Vondetech<\/title>\n<meta name=\"robots\" content=\"index, follow, max-snippet:-1, max-image-preview:large, max-video-preview:-1\" \/>\n<link rel=\"canonical\" href=\"https:\/\/vondetech.com\/tr\/vonde-pro-mobil-uygulamasi-icin-cerez-politikasi\/\" \/>\n<meta property=\"og:locale\" content=\"tr_TR\" \/>\n<meta property=\"og:type\" content=\"article\" \/>\n<meta property=\"og:title\" content=\"Vonde Pro Mobil Uygulamas\u0131 i\u00e7in \u00c7erez Politikas\u0131 - Vondetech\" \/>\n<meta property=\"og:description\" content=\"[vc_row][vc_column][vc_empty_space][vc_column_text el_class=&#8221;legal-text&#8221;]Y\u00fcr\u00fcrl\u00fck Tarihi: 17 Mart 2025 Giri\u015f Bu \u00c7erez Politikas\u0131, Vonde Technology&#8217;nin (&#8220;biz&#8221;, &#8220;bize&#8221; veya &#8220;bizim&#8221;) Vonde Pro mobil uygulamas\u0131nda (&#8220;Uygulama&#8221;) \u00e7erezleri ve benzer teknolojileri nas\u0131l kulland\u0131\u011f\u0131n\u0131 a\u00e7\u0131klar. Bu politika \u00f6zellikle Uygulama i\u00e7in ge\u00e7erlidir ve web sitemiz i\u00e7in ge\u00e7erli olan \u00c7erez Politikas\u0131ndan farkl\u0131d\u0131r. \u00c7erezler ve \u0130zleme Teknolojileri Nedir? Mobil uygulamalardaki \u00e7erezler ve izleme teknolojileri, cihaz\u0131n\u0131z [&hellip;]\" \/>\n<meta property=\"og:url\" content=\"https:\/\/vondetech.com\/tr\/vonde-pro-mobil-uygulamasi-icin-cerez-politikasi\/\" \/>\n<meta property=\"og:site_name\" content=\"Vondetech\" \/>\n<meta property=\"article:modified_time\" content=\"2025-07-02T11:01:45+00:00\" \/>\n<meta name=\"twitter:card\" content=\"summary_large_image\" \/>\n<meta name=\"twitter:label1\" content=\"Tahmini okuma s\u00fcresi\" \/>\n\t<meta name=\"twitter:data1\" content=\"4 dakika\" \/>\n<script type=\"application\/ld+json\" class=\"yoast-schema-graph\">{\"@context\":\"https:\/\/schema.org\",\"@graph\":[{\"@type\":\"WebPage\",\"@id\":\"https:\/\/vondetech.com\/tr\/vonde-pro-mobil-uygulamasi-icin-cerez-politikasi\/\",\"url\":\"https:\/\/vondetech.com\/tr\/vonde-pro-mobil-uygulamasi-icin-cerez-politikasi\/\",\"name\":\"Vonde Pro Mobil Uygulamas\u0131 i\u00e7in \u00c7erez Politikas\u0131 - Vondetech\",\"isPartOf\":{\"@id\":\"https:\/\/vondetech.com\/tr\/#website\"},\"datePublished\":\"2025-03-19T08:18:12+00:00\",\"dateModified\":\"2025-07-02T11:01:45+00:00\",\"breadcrumb\":{\"@id\":\"https:\/\/vondetech.com\/tr\/vonde-pro-mobil-uygulamasi-icin-cerez-politikasi\/#breadcrumb\"},\"inLanguage\":\"tr\",\"potentialAction\":[{\"@type\":\"ReadAction\",\"target\":[\"https:\/\/vondetech.com\/tr\/vonde-pro-mobil-uygulamasi-icin-cerez-politikasi\/\"]}]},{\"@type\":\"BreadcrumbList\",\"@id\":\"https:\/\/vondetech.com\/tr\/vonde-pro-mobil-uygulamasi-icin-cerez-politikasi\/#breadcrumb\",\"itemListElement\":[{\"@type\":\"ListItem\",\"position\":1,\"name\":\"Ev\",\"item\":\"https:\/\/vondetech.com\/tr\/ev\/\"},{\"@type\":\"ListItem\",\"position\":2,\"name\":\"Vonde Pro Mobil Uygulamas\u0131 i\u00e7in \u00c7erez Politikas\u0131\"}]},{\"@type\":\"WebSite\",\"@id\":\"https:\/\/vondetech.com\/tr\/#website\",\"url\":\"https:\/\/vondetech.com\/tr\/\",\"name\":\"Vondetech\",\"description\":\"\",\"potentialAction\":[{\"@type\":\"SearchAction\",\"target\":{\"@type\":\"EntryPoint\",\"urlTemplate\":\"https:\/\/vondetech.com\/tr\/?s={search_term_string}\"},\"query-input\":{\"@type\":\"PropertyValueSpecification\",\"valueRequired\":true,\"valueName\":\"search_term_string\"}}],\"inLanguage\":\"tr\"}]}<\/script>\n<!-- \/ Yoast SEO plugin. -->","yoast_head_json":{"title":"Vonde Pro Mobil Uygulamas\u0131 i\u00e7in \u00c7erez Politikas\u0131 - Vondetech","robots":{"index":"index","follow":"follow","max-snippet":"max-snippet:-1","max-image-preview":"max-image-preview:large","max-video-preview":"max-video-preview:-1"},"canonical":"https:\/\/vondetech.com\/tr\/vonde-pro-mobil-uygulamasi-icin-cerez-politikasi\/","og_locale":"tr_TR","og_type":"article","og_title":"Vonde Pro Mobil Uygulamas\u0131 i\u00e7in \u00c7erez Politikas\u0131 - Vondetech","og_description":"[vc_row][vc_column][vc_empty_space][vc_column_text el_class=&#8221;legal-text&#8221;]Y\u00fcr\u00fcrl\u00fck Tarihi: 17 Mart 2025 Giri\u015f Bu \u00c7erez Politikas\u0131, Vonde Technology&#8217;nin (&#8220;biz&#8221;, &#8220;bize&#8221; veya &#8220;bizim&#8221;) Vonde Pro mobil uygulamas\u0131nda (&#8220;Uygulama&#8221;) \u00e7erezleri ve benzer teknolojileri nas\u0131l kulland\u0131\u011f\u0131n\u0131 a\u00e7\u0131klar. Bu politika \u00f6zellikle Uygulama i\u00e7in ge\u00e7erlidir ve web sitemiz i\u00e7in ge\u00e7erli olan \u00c7erez Politikas\u0131ndan farkl\u0131d\u0131r. \u00c7erezler ve \u0130zleme Teknolojileri Nedir? Mobil uygulamalardaki \u00e7erezler ve izleme teknolojileri, cihaz\u0131n\u0131z [&hellip;]","og_url":"https:\/\/vondetech.com\/tr\/vonde-pro-mobil-uygulamasi-icin-cerez-politikasi\/","og_site_name":"Vondetech","article_modified_time":"2025-07-02T11:01:45+00:00","twitter_card":"summary_large_image","twitter_misc":{"Tahmini okuma s\u00fcresi":"4 dakika"},"schema":{"@context":"https:\/\/schema.org","@graph":[{"@type":"WebPage","@id":"https:\/\/vondetech.com\/tr\/vonde-pro-mobil-uygulamasi-icin-cerez-politikasi\/","url":"https:\/\/vondetech.com\/tr\/vonde-pro-mobil-uygulamasi-icin-cerez-politikasi\/","name":"Vonde Pro Mobil Uygulamas\u0131 i\u00e7in \u00c7erez Politikas\u0131 - Vondetech","isPartOf":{"@id":"https:\/\/vondetech.com\/tr\/#website"},"datePublished":"2025-03-19T08:18:12+00:00","dateModified":"2025-07-02T11:01:45+00:00","breadcrumb":{"@id":"https:\/\/vondetech.com\/tr\/vonde-pro-mobil-uygulamasi-icin-cerez-politikasi\/#breadcrumb"},"inLanguage":"tr","potentialAction":[{"@type":"ReadAction","target":["https:\/\/vondetech.com\/tr\/vonde-pro-mobil-uygulamasi-icin-cerez-politikasi\/"]}]},{"@type":"BreadcrumbList","@id":"https:\/\/vondetech.com\/tr\/vonde-pro-mobil-uygulamasi-icin-cerez-politikasi\/#breadcrumb","itemListElement":[{"@type":"ListItem","position":1,"name":"Ev","item":"https:\/\/vondetech.com\/tr\/ev\/"},{"@type":"ListItem","position":2,"name":"Vonde Pro Mobil Uygulamas\u0131 i\u00e7in \u00c7erez Politikas\u0131"}]},{"@type":"WebSite","@id":"https:\/\/vondetech.com\/tr\/#website","url":"https:\/\/vondetech.com\/tr\/","name":"Vondetech","description":"","potentialAction":[{"@type":"SearchAction","target":{"@type":"EntryPoint","urlTemplate":"https:\/\/vondetech.com\/tr\/?s={search_term_string}"},"query-input":{"@type":"PropertyValueSpecification","valueRequired":true,"valueName":"search_term_string"}}],"inLanguage":"tr"}]}},"_links":{"self":[{"href":"https:\/\/vondetech.com\/tr\/wp-json\/wp\/v2\/pages\/20686","targetHints":{"allow":["GET"]}}],"collection":[{"href":"https:\/\/vondetech.com\/tr\/wp-json\/wp\/v2\/pages"}],"about":[{"href":"https:\/\/vondetech.com\/tr\/wp-json\/wp\/v2\/types\/page"}],"author":[{"embeddable":true,"href":"https:\/\/vondetech.com\/tr\/wp-json\/wp\/v2\/users\/1"}],"replies":[{"embeddable":true,"href":"https:\/\/vondetech.com\/tr\/wp-json\/wp\/v2\/comments?post=20686"}],"version-history":[{"count":10,"href":"https:\/\/vondetech.com\/tr\/wp-json\/wp\/v2\/pages\/20686\/revisions"}],"predecessor-version":[{"id":30463,"href":"https:\/\/vondetech.com\/tr\/wp-json\/wp\/v2\/pages\/20686\/revisions\/30463"}],"wp:attachment":[{"href":"https:\/\/vondetech.com\/tr\/wp-json\/wp\/v2\/media?parent=20686"}],"curies":[{"name":"wp","href":"https:\/\/api.w.org\/{rel}","templated":true}]}}