{"id":20932,"date":"2025-03-19T09:20:16","date_gmt":"2025-03-19T08:20:16","guid":{"rendered":"https:\/\/vondetech.com\/avtryck-for-vonde-pro-app\/"},"modified":"2025-03-20T15:59:42","modified_gmt":"2025-03-20T14:59:42","slug":"avtryck-for-vonde-pro-app","status":"publish","type":"page","link":"https:\/\/vondetech.com\/sv\/avtryck-for-vonde-pro-app\/","title":{"rendered":"Avtryck f\u00f6r Vonde Pro App"},"content":{"rendered":"<div class=\"wpb-content-wrapper\"><p>[vc_row][vc_column][vc_empty_space][vc_column_text el_class=&#8221;legal-text&#8221;]<strong>Information om f\u00f6retaget:<\/strong><\/p>\n<p>Vonde Teknik<\/p>\n<p><strong>Om Vonde Technology LLC:<\/strong><\/p>\n<p>Vonde Pro App \u00e4r en innovativ mobilapplikation som utvecklas och drivs genom samarbete mellan tv\u00e5 f\u00f6retag:<\/p>\n<ul>\n<li>Vonde Technology LLC (USA) hanterar globala marknader och internationell expansion.<\/li>\n<li>KMAK Kelet-Magyarorsz\u00e1gi Adatk\u00f6zpont Kft. (Europa, Ungern) hanterar utveckling och relaterade operativa uppgifter.<\/li>\n<\/ul>\n<p><strong>Drivs av:<\/strong><\/p>\n<p>KMAK Kelet-Magyarorsz\u00e1gi Adatk\u00f6zpont Kft.<\/p>\n<p><strong>Registrerad adress:<\/strong><\/p>\n<p>H-5000 Szolnok, Szap\u00e1ry utca 20. Ungern<\/p>\n<p><strong>Kontaktuppgifter:<\/strong><\/p>\n<p>E-post: info@vondetechnology.com<\/p>\n<p><strong>Verkst\u00e4llande direkt\u00f6r:<\/strong><\/p>\n<p>Laszlo Berta<\/p>\n<p><strong>F\u00f6retagsregistrering:<\/strong><\/p>\n<p>D-U-N-S: 401605625<\/p>\n<p>Registreringsdomstol: [Ange registreringsdomstol, t.ex. Szolnok regionala domstol].<\/p>\n<p><strong>Registreringsnummer f\u00f6r moms:<\/strong><\/p>\n<p>HU24373427<\/p>\n<p><strong>Dataskyddsombud:<\/strong><\/p>\n<p>F\u00f6r fr\u00e5gor om dataskydd, v\u00e4nligen kontakta v\u00e5rt dataskyddsombud p\u00e5<\/p>\n<p>E-post: info@vondetechnology.com<\/p>\n<p><strong>Ansvarsfriskrivning:<\/strong><\/p>\n<p>Trots noggrann kontroll av inneh\u00e5llet tar vi inte ansvar f\u00f6r inneh\u00e5llet i externa l\u00e4nkar. Operat\u00f6rer av l\u00e4nkade sidor \u00e4r ensamt ansvariga f\u00f6r deras inneh\u00e5ll. <\/p>\n<p><strong>Tvistl\u00f6sning:<\/strong><\/p>\n<p>I enlighet med EU:s regelverk kan tvister l\u00f6sas via EU-kommissionens plattform f\u00f6r tvistl\u00f6sning online: http:\/\/ec.europa.eu\/consumers\/odr<\/p>\n<p><strong>Kontaktuppgifter:<\/strong><\/p>\n<p>F\u00f6r allm\u00e4nna f\u00f6rfr\u00e5gningar:<\/p>\n<p>E-post: info@vondetechnology.com<\/p>\n<p>Detta Impresszum uppfyller EU:s best\u00e4mmelser och standarder som g\u00e4ller f\u00f6r kommersiella enheter som \u00e4r verksamma inom Europeiska unionens marknader.[\/vc_column_text][\/vc_column][\/vc_row]<\/p>\n<\/div>","protected":false},"excerpt":{"rendered":"<p>[vc_row][vc_column][vc_empty_space][vc_column_text el_class=&#8221;legal-text&#8221;]Information om f\u00f6retaget: Vonde Teknik Om Vonde Technology LLC: Vonde Pro App \u00e4r en innovativ mobilapplikation som utvecklas och drivs genom samarbete mellan tv\u00e5 f\u00f6retag: Vonde Technology LLC (USA) hanterar globala marknader och internationell expansion. KMAK Kelet-Magyarorsz\u00e1gi Adatk\u00f6zpont Kft. (Europa, Ungern) hanterar utveckling och relaterade operativa uppgifter. Drivs av: KMAK Kelet-Magyarorsz\u00e1gi Adatk\u00f6zpont Kft. Registrerad [&hellip;]<\/p>\n","protected":false},"author":1,"featured_media":0,"parent":0,"menu_order":0,"comment_status":"closed","ping_status":"closed","template":"","meta":{"footnotes":""},"class_list":["post-20932","page","type-page","status-publish","hentry"],"yoast_head":"<!-- This site is optimized with the Yoast SEO plugin v24.7 - https:\/\/yoast.com\/wordpress\/plugins\/seo\/ -->\n<title>Avtryck f\u00f6r Vonde Pro App - Vondetech<\/title>\n<meta name=\"robots\" content=\"index, follow, max-snippet:-1, max-image-preview:large, max-video-preview:-1\" \/>\n<link rel=\"canonical\" href=\"https:\/\/vondetech.com\/sv\/avtryck-for-vonde-pro-app\/\" \/>\n<meta property=\"og:locale\" content=\"sv_SE\" \/>\n<meta property=\"og:type\" content=\"article\" \/>\n<meta property=\"og:title\" content=\"Avtryck f\u00f6r Vonde Pro App - Vondetech\" \/>\n<meta property=\"og:description\" content=\"[vc_row][vc_column][vc_empty_space][vc_column_text el_class=&#8221;legal-text&#8221;]Information om f\u00f6retaget: Vonde Teknik Om Vonde Technology LLC: Vonde Pro App \u00e4r en innovativ mobilapplikation som utvecklas och drivs genom samarbete mellan tv\u00e5 f\u00f6retag: Vonde Technology LLC (USA) hanterar globala marknader och internationell expansion. KMAK Kelet-Magyarorsz\u00e1gi Adatk\u00f6zpont Kft. (Europa, Ungern) hanterar utveckling och relaterade operativa uppgifter. Drivs av: KMAK Kelet-Magyarorsz\u00e1gi Adatk\u00f6zpont Kft. Registrerad [&hellip;]\" \/>\n<meta property=\"og:url\" content=\"https:\/\/vondetech.com\/sv\/avtryck-for-vonde-pro-app\/\" \/>\n<meta property=\"og:site_name\" content=\"Vondetech\" \/>\n<meta property=\"article:modified_time\" content=\"2025-03-20T14:59:42+00:00\" \/>\n<meta name=\"twitter:card\" content=\"summary_large_image\" \/>\n<meta name=\"twitter:label1\" content=\"Ber\u00e4knad l\u00e4stid\" \/>\n\t<meta name=\"twitter:data1\" content=\"1 minut\" \/>\n<script type=\"application\/ld+json\" class=\"yoast-schema-graph\">{\"@context\":\"https:\/\/schema.org\",\"@graph\":[{\"@type\":\"WebPage\",\"@id\":\"https:\/\/vondetech.com\/sv\/avtryck-for-vonde-pro-app\/\",\"url\":\"https:\/\/vondetech.com\/sv\/avtryck-for-vonde-pro-app\/\",\"name\":\"Avtryck f\u00f6r Vonde Pro App - Vondetech\",\"isPartOf\":{\"@id\":\"https:\/\/vondetech.com\/sv\/#website\"},\"datePublished\":\"2025-03-19T08:20:16+00:00\",\"dateModified\":\"2025-03-20T14:59:42+00:00\",\"breadcrumb\":{\"@id\":\"https:\/\/vondetech.com\/sv\/avtryck-for-vonde-pro-app\/#breadcrumb\"},\"inLanguage\":\"sv-SE\",\"potentialAction\":[{\"@type\":\"ReadAction\",\"target\":[\"https:\/\/vondetech.com\/sv\/avtryck-for-vonde-pro-app\/\"]}]},{\"@type\":\"BreadcrumbList\",\"@id\":\"https:\/\/vondetech.com\/sv\/avtryck-for-vonde-pro-app\/#breadcrumb\",\"itemListElement\":[{\"@type\":\"ListItem\",\"position\":1,\"name\":\"Hem\",\"item\":\"https:\/\/vondetech.com\/sv\/hem\/\"},{\"@type\":\"ListItem\",\"position\":2,\"name\":\"Avtryck f\u00f6r Vonde Pro App\"}]},{\"@type\":\"WebSite\",\"@id\":\"https:\/\/vondetech.com\/sv\/#website\",\"url\":\"https:\/\/vondetech.com\/sv\/\",\"name\":\"Vondetech\",\"description\":\"\",\"potentialAction\":[{\"@type\":\"SearchAction\",\"target\":{\"@type\":\"EntryPoint\",\"urlTemplate\":\"https:\/\/vondetech.com\/sv\/?s={search_term_string}\"},\"query-input\":{\"@type\":\"PropertyValueSpecification\",\"valueRequired\":true,\"valueName\":\"search_term_string\"}}],\"inLanguage\":\"sv-SE\"}]}<\/script>\n<!-- \/ Yoast SEO plugin. -->","yoast_head_json":{"title":"Avtryck f\u00f6r Vonde Pro App - Vondetech","robots":{"index":"index","follow":"follow","max-snippet":"max-snippet:-1","max-image-preview":"max-image-preview:large","max-video-preview":"max-video-preview:-1"},"canonical":"https:\/\/vondetech.com\/sv\/avtryck-for-vonde-pro-app\/","og_locale":"sv_SE","og_type":"article","og_title":"Avtryck f\u00f6r Vonde Pro App - Vondetech","og_description":"[vc_row][vc_column][vc_empty_space][vc_column_text el_class=&#8221;legal-text&#8221;]Information om f\u00f6retaget: Vonde Teknik Om Vonde Technology LLC: Vonde Pro App \u00e4r en innovativ mobilapplikation som utvecklas och drivs genom samarbete mellan tv\u00e5 f\u00f6retag: Vonde Technology LLC (USA) hanterar globala marknader och internationell expansion. KMAK Kelet-Magyarorsz\u00e1gi Adatk\u00f6zpont Kft. (Europa, Ungern) hanterar utveckling och relaterade operativa uppgifter. Drivs av: KMAK Kelet-Magyarorsz\u00e1gi Adatk\u00f6zpont Kft. Registrerad [&hellip;]","og_url":"https:\/\/vondetech.com\/sv\/avtryck-for-vonde-pro-app\/","og_site_name":"Vondetech","article_modified_time":"2025-03-20T14:59:42+00:00","twitter_card":"summary_large_image","twitter_misc":{"Ber\u00e4knad l\u00e4stid":"1 minut"},"schema":{"@context":"https:\/\/schema.org","@graph":[{"@type":"WebPage","@id":"https:\/\/vondetech.com\/sv\/avtryck-for-vonde-pro-app\/","url":"https:\/\/vondetech.com\/sv\/avtryck-for-vonde-pro-app\/","name":"Avtryck f\u00f6r Vonde Pro App - Vondetech","isPartOf":{"@id":"https:\/\/vondetech.com\/sv\/#website"},"datePublished":"2025-03-19T08:20:16+00:00","dateModified":"2025-03-20T14:59:42+00:00","breadcrumb":{"@id":"https:\/\/vondetech.com\/sv\/avtryck-for-vonde-pro-app\/#breadcrumb"},"inLanguage":"sv-SE","potentialAction":[{"@type":"ReadAction","target":["https:\/\/vondetech.com\/sv\/avtryck-for-vonde-pro-app\/"]}]},{"@type":"BreadcrumbList","@id":"https:\/\/vondetech.com\/sv\/avtryck-for-vonde-pro-app\/#breadcrumb","itemListElement":[{"@type":"ListItem","position":1,"name":"Hem","item":"https:\/\/vondetech.com\/sv\/hem\/"},{"@type":"ListItem","position":2,"name":"Avtryck f\u00f6r Vonde Pro App"}]},{"@type":"WebSite","@id":"https:\/\/vondetech.com\/sv\/#website","url":"https:\/\/vondetech.com\/sv\/","name":"Vondetech","description":"","potentialAction":[{"@type":"SearchAction","target":{"@type":"EntryPoint","urlTemplate":"https:\/\/vondetech.com\/sv\/?s={search_term_string}"},"query-input":{"@type":"PropertyValueSpecification","valueRequired":true,"valueName":"search_term_string"}}],"inLanguage":"sv-SE"}]}},"_links":{"self":[{"href":"https:\/\/vondetech.com\/sv\/wp-json\/wp\/v2\/pages\/20932","targetHints":{"allow":["GET"]}}],"collection":[{"href":"https:\/\/vondetech.com\/sv\/wp-json\/wp\/v2\/pages"}],"about":[{"href":"https:\/\/vondetech.com\/sv\/wp-json\/wp\/v2\/types\/page"}],"author":[{"embeddable":true,"href":"https:\/\/vondetech.com\/sv\/wp-json\/wp\/v2\/users\/1"}],"replies":[{"embeddable":true,"href":"https:\/\/vondetech.com\/sv\/wp-json\/wp\/v2\/comments?post=20932"}],"version-history":[{"count":6,"href":"https:\/\/vondetech.com\/sv\/wp-json\/wp\/v2\/pages\/20932\/revisions"}],"predecessor-version":[{"id":20973,"href":"https:\/\/vondetech.com\/sv\/wp-json\/wp\/v2\/pages\/20932\/revisions\/20973"}],"wp:attachment":[{"href":"https:\/\/vondetech.com\/sv\/wp-json\/wp\/v2\/media?parent=20932"}],"curies":[{"name":"wp","href":"https:\/\/api.w.org\/{rel}","templated":true}]}}