{"id":20695,"date":"2025-03-19T09:18:12","date_gmt":"2025-03-19T08:18:12","guid":{"rendered":"https:\/\/vondetech.com\/cookiepolicy-for-vonde-pro-mobilapplikation\/"},"modified":"2025-07-02T13:01:45","modified_gmt":"2025-07-02T11:01:45","slug":"cookiepolicy-for-vonde-pro-mobilapplikation","status":"publish","type":"page","link":"https:\/\/vondetech.com\/sv\/cookiepolicy-for-vonde-pro-mobilapplikation\/","title":{"rendered":"Cookiepolicy f\u00f6r Vonde Pro mobilapplikation"},"content":{"rendered":"<div class=\"wpb-content-wrapper\"><p>[vc_row][vc_column][vc_empty_space][vc_column_text el_class=&#8221;legal-text&#8221;]<strong>Datum f\u00f6r ikrafttr\u00e4dande:<\/strong> 17 mars 2025<\/p>\n<ol>\n<li><strong>  Inledning<\/strong><\/li>\n<\/ol>\n<p>Denna cookiepolicy f\u00f6rklarar hur Vonde Technology (&#8220;vi&#8221;, &#8220;oss&#8221; eller &#8220;v\u00e5r&#8221;) anv\u00e4nder cookies och liknande tekniker inom Vonde Pro-mobilapplikationen (&#8220;App&#8221;). Denna policy g\u00e4ller specifikt f\u00f6r appen och skiljer sig fr\u00e5n den cookiepolicy som g\u00e4ller f\u00f6r v\u00e5r webbplats. <\/p>\n<ol start=\"2\">\n<li><strong>  Vad \u00e4r cookies och sp\u00e5rningsteknik?<\/strong><\/li>\n<\/ol>\n<p>Cookies och sp\u00e5rningstekniker i mobilapplikationer inkluderar enhetsidentifierare, pixlar och lokal lagring, som samlar in och lagrar data om din enhet och appanv\u00e4ndning.<\/p>\n<ol start=\"3\">\n<li><strong>  Typer av cookies och sp\u00e5rningstekniker som vi anv\u00e4nder<\/strong><\/li>\n<\/ol>\n<ul>\n<li><strong>V\u00e4sentliga tekniker:<\/strong> Dessa tekniker \u00e4r n\u00f6dv\u00e4ndiga f\u00f6r att m\u00f6jligg\u00f6ra appens k\u00e4rnfunktioner, t.ex. anv\u00e4ndarautentisering, s\u00e4kerhetsfunktioner och appens prestanda. Dessa tekniker samlar inte in n\u00e5gra personuppgifter. <\/li>\n<li><strong>Analytisk teknik:<\/strong> Vi anv\u00e4nder Firebase Analytics, Firebase Performance Monitoring och Firebase Crashlytics f\u00f6r att analysera anv\u00e4ndarinteraktion, diagnostisera krascher och \u00f6vervaka prestanda f\u00f6r att f\u00f6rb\u00e4ttra appens kvalitet. Dessa tekniker samlar in anonymiserade data om anv\u00e4ndarinteraktioner, appanv\u00e4ndning och enhetsinformation f\u00f6r att hj\u00e4lpa oss att f\u00f6rst\u00e5 hur anv\u00e4ndare interagerar med appen och identifiera omr\u00e5den som kan f\u00f6rb\u00e4ttras. <\/li>\n<li><strong>Teknik f\u00f6r annonsering:<\/strong> Google AdMob samlar in enhetsidentifierare och appanv\u00e4ndningsdata f\u00f6r att visa personliga annonser som \u00e4r anpassade till anv\u00e4ndarens intressen. Google AdMob anv\u00e4nder tekniker som enhetens annonseringsidentifierare f\u00f6r att anpassa annonser. Du kan styra anv\u00e4ndningen av denna identifierare i enhetens inst\u00e4llningar.  <\/li>\n<\/ul>\n<ol start=\"4\">\n<li><strong>  Syften med att anv\u00e4nda sp\u00e5rningsteknik<\/strong><\/li>\n<\/ol>\n<p>Vi anv\u00e4nder dessa tekniker f\u00f6r att:<\/p>\n<ul>\n<li>Tillhandah\u00e5lla viktig appfunktionalitet.<\/li>\n<li>\u00d6vervaka och f\u00f6rb\u00e4ttra appens prestanda och stabilitet.<\/li>\n<li>Leverera personliga annonser via Google AdMob.<\/li>\n<li>Analysera anv\u00e4ndarinteraktioner f\u00f6r att f\u00f6rb\u00e4ttra anv\u00e4ndarupplevelsen och optimera appens funktionalitet.<\/li>\n<\/ul>\n<ol start=\"5\">\n<li><strong>  Hantera cookies och preferenser<\/strong><\/li>\n<\/ol>\n<p>Du kan styra anv\u00e4ndningen av cookies och sp\u00e5rningstekniker genom inst\u00e4llningarna p\u00e5 din enhet.<\/p>\n<ul>\n<li><strong>F\u00f6r Android-enheter:<\/strong> Du kan v\u00e4lja bort personlig annonsering genom att aktivera &#8220;V\u00e4lj bort personlig annonsering&#8221; i enhetens inst\u00e4llningar. Du kan ocks\u00e5 styra insamlingen av analysdata i enhetens sekretessinst\u00e4llningar. <\/li>\n<li><strong>F\u00f6r iOS-enheter:<\/strong> Du kan begr\u00e4nsa sp\u00e5rning av annonser genom att aktivera &#8220;Begr\u00e4nsa sp\u00e5rning av annonser&#8221; i enhetens inst\u00e4llningar. Du kan ocks\u00e5 styra insamlingen av analysdata i enhetens sekretessinst\u00e4llningar. <\/li>\n<li>Mer information om hur du hanterar dina sekretessinst\u00e4llningar finns i hj\u00e4lpdokumentationen f\u00f6r din enhet.<\/li>\n<\/ul>\n<p>Vissa av dessa tekniker \u00e4r sessionsbaserade, vilket inneb\u00e4r att de raderas n\u00e4r du st\u00e4nger appen. Andra \u00e4r best\u00e4ndiga, vilket inneb\u00e4r att de finns kvar p\u00e5 din enhet under en l\u00e4ngre tid. <\/p>\n<ol start=\"6\">\n<li><strong>  Tredjepartsleverant\u00f6rer av tj\u00e4nster<\/strong><\/li>\n<\/ol>\n<p>Vi anv\u00e4nder f\u00f6ljande tredjepartsleverant\u00f6rer som anv\u00e4nder cookies eller sp\u00e5rningsteknik:<\/p>\n<ul>\n<li><strong>Google Firebase:<\/strong> Vi anv\u00e4nder Google Firebase-tj\u00e4nster, inklusive Firebase Analytics, Firebase Crashlytics och Firebase Performance Monitoring. Dessa tj\u00e4nster anv\u00e4nder teknik f\u00f6r att samla in och bearbeta data om din anv\u00e4ndning av appen. Du kan hitta mer information om Googles sekretesspraxis och hur Google anv\u00e4nder data i Googles sekretesspolicy:    [Link to Google&#8217;s Privacy Policy]<\/li>\n<li><strong>Google AdMob:<\/strong> Vi anv\u00e4nder Google AdMob f\u00f6r att visa personliga annonser i appen. Google AdMob anv\u00e4nder teknik f\u00f6r att samla in och bearbeta data om din anv\u00e4ndning av appen och din enhet. Du kan hitta mer information om Googles sekretesspraxis och hur Google anv\u00e4nder data i Googles sekretesspolicy:    [Link to Google&#8217;s Privacy Policy]<\/li>\n<\/ul>\n<p>Alla tredje parter f\u00f6ljer strikt dataskyddsstandarder och behandlar uppgifter enbart f\u00f6r angivna \u00e4ndam\u00e5l.<\/p>\n<ol start=\"7\">\n<li><strong>  Policyuppdateringar<\/strong><\/li>\n<\/ol>\n<p>Denna cookiepolicy kan komma att uppdateras med j\u00e4mna mellanrum. Betydande \u00e4ndringar kommer att meddelas via appaviseringar eller e-post. <\/p>\n<ol start=\"8\">\n<li><strong>  Kontaktuppgifter<\/strong><\/li>\n<\/ol>\n<p>Om du har fr\u00e5gor eller funderingar kring denna cookiepolicy, v\u00e4nligen kontakta oss:<\/p>\n<p>KMAK Kelet-Magyarorsz\u00e1gi Adatk\u00f6zpont Kft.<\/p>\n<p>H-5000 Szolnok, Szap\u00e1ry utca 20.<\/p>\n<p>E-post: info@vondetechnology.com<\/p>\n<p>Genom att anv\u00e4nda Vonde Pro-appen samtycker du till anv\u00e4ndningen av cookies och sp\u00e5rningstekniker enligt beskrivningen i denna cookiepolicy.[\/vc_column_text][\/vc_column][\/vc_row]<\/p>\n<\/div>","protected":false},"excerpt":{"rendered":"<p>[vc_row][vc_column][vc_empty_space][vc_column_text el_class=&#8221;legal-text&#8221;]Datum f\u00f6r ikrafttr\u00e4dande: 17 mars 2025 Inledning Denna cookiepolicy f\u00f6rklarar hur Vonde Technology (&#8220;vi&#8221;, &#8220;oss&#8221; eller &#8220;v\u00e5r&#8221;) anv\u00e4nder cookies och liknande tekniker inom Vonde Pro-mobilapplikationen (&#8220;App&#8221;). Denna policy g\u00e4ller specifikt f\u00f6r appen och skiljer sig fr\u00e5n den cookiepolicy som g\u00e4ller f\u00f6r v\u00e5r webbplats. Vad \u00e4r cookies och sp\u00e5rningsteknik? Cookies och sp\u00e5rningstekniker i mobilapplikationer inkluderar [&hellip;]<\/p>\n","protected":false},"author":1,"featured_media":0,"parent":0,"menu_order":0,"comment_status":"closed","ping_status":"closed","template":"","meta":{"footnotes":""},"class_list":["post-20695","page","type-page","status-publish","hentry"],"yoast_head":"<!-- This site is optimized with the Yoast SEO plugin v24.7 - https:\/\/yoast.com\/wordpress\/plugins\/seo\/ -->\n<title>Cookiepolicy f\u00f6r Vonde Pro mobilapplikation - Vondetech<\/title>\n<meta name=\"robots\" content=\"index, follow, max-snippet:-1, max-image-preview:large, max-video-preview:-1\" \/>\n<link rel=\"canonical\" href=\"https:\/\/vondetech.com\/sv\/cookiepolicy-for-vonde-pro-mobilapplikation\/\" \/>\n<meta property=\"og:locale\" content=\"sv_SE\" \/>\n<meta property=\"og:type\" content=\"article\" \/>\n<meta property=\"og:title\" content=\"Cookiepolicy f\u00f6r Vonde Pro mobilapplikation - Vondetech\" \/>\n<meta property=\"og:description\" content=\"[vc_row][vc_column][vc_empty_space][vc_column_text el_class=&#8221;legal-text&#8221;]Datum f\u00f6r ikrafttr\u00e4dande: 17 mars 2025 Inledning Denna cookiepolicy f\u00f6rklarar hur Vonde Technology (&#8220;vi&#8221;, &#8220;oss&#8221; eller &#8220;v\u00e5r&#8221;) anv\u00e4nder cookies och liknande tekniker inom Vonde Pro-mobilapplikationen (&#8220;App&#8221;). Denna policy g\u00e4ller specifikt f\u00f6r appen och skiljer sig fr\u00e5n den cookiepolicy som g\u00e4ller f\u00f6r v\u00e5r webbplats. Vad \u00e4r cookies och sp\u00e5rningsteknik? Cookies och sp\u00e5rningstekniker i mobilapplikationer inkluderar [&hellip;]\" \/>\n<meta property=\"og:url\" content=\"https:\/\/vondetech.com\/sv\/cookiepolicy-for-vonde-pro-mobilapplikation\/\" \/>\n<meta property=\"og:site_name\" content=\"Vondetech\" \/>\n<meta property=\"article:modified_time\" content=\"2025-07-02T11:01:45+00:00\" \/>\n<meta name=\"twitter:card\" content=\"summary_large_image\" \/>\n<meta name=\"twitter:label1\" content=\"Ber\u00e4knad l\u00e4stid\" \/>\n\t<meta name=\"twitter:data1\" content=\"3 minuter\" \/>\n<script type=\"application\/ld+json\" class=\"yoast-schema-graph\">{\"@context\":\"https:\/\/schema.org\",\"@graph\":[{\"@type\":\"WebPage\",\"@id\":\"https:\/\/vondetech.com\/sv\/cookiepolicy-for-vonde-pro-mobilapplikation\/\",\"url\":\"https:\/\/vondetech.com\/sv\/cookiepolicy-for-vonde-pro-mobilapplikation\/\",\"name\":\"Cookiepolicy f\u00f6r Vonde Pro mobilapplikation - Vondetech\",\"isPartOf\":{\"@id\":\"https:\/\/vondetech.com\/sv\/#website\"},\"datePublished\":\"2025-03-19T08:18:12+00:00\",\"dateModified\":\"2025-07-02T11:01:45+00:00\",\"breadcrumb\":{\"@id\":\"https:\/\/vondetech.com\/sv\/cookiepolicy-for-vonde-pro-mobilapplikation\/#breadcrumb\"},\"inLanguage\":\"sv-SE\",\"potentialAction\":[{\"@type\":\"ReadAction\",\"target\":[\"https:\/\/vondetech.com\/sv\/cookiepolicy-for-vonde-pro-mobilapplikation\/\"]}]},{\"@type\":\"BreadcrumbList\",\"@id\":\"https:\/\/vondetech.com\/sv\/cookiepolicy-for-vonde-pro-mobilapplikation\/#breadcrumb\",\"itemListElement\":[{\"@type\":\"ListItem\",\"position\":1,\"name\":\"Hem\",\"item\":\"https:\/\/vondetech.com\/sv\/hem\/\"},{\"@type\":\"ListItem\",\"position\":2,\"name\":\"Cookiepolicy f\u00f6r Vonde Pro mobilapplikation\"}]},{\"@type\":\"WebSite\",\"@id\":\"https:\/\/vondetech.com\/sv\/#website\",\"url\":\"https:\/\/vondetech.com\/sv\/\",\"name\":\"Vondetech\",\"description\":\"\",\"potentialAction\":[{\"@type\":\"SearchAction\",\"target\":{\"@type\":\"EntryPoint\",\"urlTemplate\":\"https:\/\/vondetech.com\/sv\/?s={search_term_string}\"},\"query-input\":{\"@type\":\"PropertyValueSpecification\",\"valueRequired\":true,\"valueName\":\"search_term_string\"}}],\"inLanguage\":\"sv-SE\"}]}<\/script>\n<!-- \/ Yoast SEO plugin. -->","yoast_head_json":{"title":"Cookiepolicy f\u00f6r Vonde Pro mobilapplikation - Vondetech","robots":{"index":"index","follow":"follow","max-snippet":"max-snippet:-1","max-image-preview":"max-image-preview:large","max-video-preview":"max-video-preview:-1"},"canonical":"https:\/\/vondetech.com\/sv\/cookiepolicy-for-vonde-pro-mobilapplikation\/","og_locale":"sv_SE","og_type":"article","og_title":"Cookiepolicy f\u00f6r Vonde Pro mobilapplikation - Vondetech","og_description":"[vc_row][vc_column][vc_empty_space][vc_column_text el_class=&#8221;legal-text&#8221;]Datum f\u00f6r ikrafttr\u00e4dande: 17 mars 2025 Inledning Denna cookiepolicy f\u00f6rklarar hur Vonde Technology (&#8220;vi&#8221;, &#8220;oss&#8221; eller &#8220;v\u00e5r&#8221;) anv\u00e4nder cookies och liknande tekniker inom Vonde Pro-mobilapplikationen (&#8220;App&#8221;). Denna policy g\u00e4ller specifikt f\u00f6r appen och skiljer sig fr\u00e5n den cookiepolicy som g\u00e4ller f\u00f6r v\u00e5r webbplats. Vad \u00e4r cookies och sp\u00e5rningsteknik? Cookies och sp\u00e5rningstekniker i mobilapplikationer inkluderar [&hellip;]","og_url":"https:\/\/vondetech.com\/sv\/cookiepolicy-for-vonde-pro-mobilapplikation\/","og_site_name":"Vondetech","article_modified_time":"2025-07-02T11:01:45+00:00","twitter_card":"summary_large_image","twitter_misc":{"Ber\u00e4knad l\u00e4stid":"3 minuter"},"schema":{"@context":"https:\/\/schema.org","@graph":[{"@type":"WebPage","@id":"https:\/\/vondetech.com\/sv\/cookiepolicy-for-vonde-pro-mobilapplikation\/","url":"https:\/\/vondetech.com\/sv\/cookiepolicy-for-vonde-pro-mobilapplikation\/","name":"Cookiepolicy f\u00f6r Vonde Pro mobilapplikation - Vondetech","isPartOf":{"@id":"https:\/\/vondetech.com\/sv\/#website"},"datePublished":"2025-03-19T08:18:12+00:00","dateModified":"2025-07-02T11:01:45+00:00","breadcrumb":{"@id":"https:\/\/vondetech.com\/sv\/cookiepolicy-for-vonde-pro-mobilapplikation\/#breadcrumb"},"inLanguage":"sv-SE","potentialAction":[{"@type":"ReadAction","target":["https:\/\/vondetech.com\/sv\/cookiepolicy-for-vonde-pro-mobilapplikation\/"]}]},{"@type":"BreadcrumbList","@id":"https:\/\/vondetech.com\/sv\/cookiepolicy-for-vonde-pro-mobilapplikation\/#breadcrumb","itemListElement":[{"@type":"ListItem","position":1,"name":"Hem","item":"https:\/\/vondetech.com\/sv\/hem\/"},{"@type":"ListItem","position":2,"name":"Cookiepolicy f\u00f6r Vonde Pro mobilapplikation"}]},{"@type":"WebSite","@id":"https:\/\/vondetech.com\/sv\/#website","url":"https:\/\/vondetech.com\/sv\/","name":"Vondetech","description":"","potentialAction":[{"@type":"SearchAction","target":{"@type":"EntryPoint","urlTemplate":"https:\/\/vondetech.com\/sv\/?s={search_term_string}"},"query-input":{"@type":"PropertyValueSpecification","valueRequired":true,"valueName":"search_term_string"}}],"inLanguage":"sv-SE"}]}},"_links":{"self":[{"href":"https:\/\/vondetech.com\/sv\/wp-json\/wp\/v2\/pages\/20695","targetHints":{"allow":["GET"]}}],"collection":[{"href":"https:\/\/vondetech.com\/sv\/wp-json\/wp\/v2\/pages"}],"about":[{"href":"https:\/\/vondetech.com\/sv\/wp-json\/wp\/v2\/types\/page"}],"author":[{"embeddable":true,"href":"https:\/\/vondetech.com\/sv\/wp-json\/wp\/v2\/users\/1"}],"replies":[{"embeddable":true,"href":"https:\/\/vondetech.com\/sv\/wp-json\/wp\/v2\/comments?post=20695"}],"version-history":[{"count":8,"href":"https:\/\/vondetech.com\/sv\/wp-json\/wp\/v2\/pages\/20695\/revisions"}],"predecessor-version":[{"id":30462,"href":"https:\/\/vondetech.com\/sv\/wp-json\/wp\/v2\/pages\/20695\/revisions\/30462"}],"wp:attachment":[{"href":"https:\/\/vondetech.com\/sv\/wp-json\/wp\/v2\/media?parent=20695"}],"curies":[{"name":"wp","href":"https:\/\/api.w.org\/{rel}","templated":true}]}}