{"id":12569,"date":"2024-05-23T15:17:28","date_gmt":"2024-05-23T13:17:28","guid":{"rendered":"https:\/\/vondetech.com\/integritetspolicy\/"},"modified":"2025-03-19T13:32:29","modified_gmt":"2025-03-19T12:32:29","slug":"integritetspolicy","status":"publish","type":"page","link":"https:\/\/vondetech.com\/sv\/integritetspolicy\/","title":{"rendered":"Cookiepolicy f\u00f6r Vonde Pros webbplats"},"content":{"rendered":"<div class=\"wpb-content-wrapper\"><p>[vc_row][vc_column][vc_empty_space][vc_column_text el_class=&#8221;legal-text&#8221;]<strong>Cookiepolicy f\u00f6r Vonde Pros webbplats<\/strong><\/p>\n<p><strong>Datum f\u00f6r ikrafttr\u00e4dande:<\/strong> 17 mars 2025<\/p>\n<ol>\n<li><strong>  Inledning<\/strong><\/li>\n<\/ol>\n<p>Denna cookiepolicy f\u00f6rklarar hur Vonde Technology (&#8220;vi&#8221;, &#8220;oss&#8221; eller &#8220;v\u00e5r&#8221;) anv\u00e4nder cookies och liknande tekniker p\u00e5 Vonde Pro-webbplatsen (&#8220;Webbplatsen&#8221;). Denna policy g\u00e4ller inte f\u00f6r Vonde Pro-mobilapplikationen, som har sin egen separata cookiepolicy. <\/p>\n<ol start=\"2\">\n<li><strong>  Vad \u00e4r cookies?<\/strong><\/li>\n<\/ol>\n<p>Cookies \u00e4r sm\u00e5 textfiler som lagras p\u00e5 din enhet n\u00e4r du bes\u00f6ker v\u00e5r webbplats. Cookies hj\u00e4lper oss att analysera trafiken p\u00e5 webbplatsen och f\u00f6rb\u00e4ttra anv\u00e4ndarupplevelsen. <\/p>\n<ol start=\"3\">\n<li><strong>  Typer av cookies som vi anv\u00e4nder<\/strong><\/li>\n<\/ol>\n<ul>\n<li><strong>Viktiga cookies:<\/strong> Dessa cookies \u00e4r n\u00f6dv\u00e4ndiga f\u00f6r att webbplatsen ska fungera p\u00e5 ett grundl\u00e4ggande s\u00e4tt. De g\u00f6r det m\u00f6jligt f\u00f6r dig att navigera p\u00e5 webbplatsen, anv\u00e4nda viktiga funktioner som att logga in p\u00e5 ditt konto, l\u00e4gga till varor i din kundvagn och f\u00e5 tillg\u00e5ng till s\u00e4kra omr\u00e5den p\u00e5 webbplatsen. <\/li>\n<li><strong>Analytiska cookies:<\/strong> G\u00f6r det m\u00f6jligt f\u00f6r oss att k\u00e4nna igen och r\u00e4kna bes\u00f6kare och se hur bes\u00f6kare r\u00f6r sig p\u00e5 webbplatsen. Detta hj\u00e4lper oss att f\u00f6rb\u00e4ttra webbplatsens anv\u00e4ndbarhet och prestanda. Vi anv\u00e4nder Google Analytics f\u00f6r att samla in information om hur bes\u00f6kare anv\u00e4nder v\u00e5r webbplats. Dessa cookies samlar in data som antalet bes\u00f6kare, vilka sidor de bes\u00f6ker och hur l\u00e5ng tid de tillbringar p\u00e5 varje sida.   <\/li>\n<\/ul>\n<ol start=\"4\">\n<li><strong>  Syftet med att anv\u00e4nda cookies<\/strong><\/li>\n<\/ol>\n<p>Vi anv\u00e4nder cookies uteslutande f\u00f6r:<\/p>\n<ul>\n<li>\u00d6vervakning och analys av grundl\u00e4ggande bes\u00f6ksstatistik och anv\u00e4ndning av webbplatsen.<\/li>\n<li>F\u00f6rb\u00e4ttra den \u00f6vergripande prestandan och anv\u00e4ndarupplevelsen p\u00e5 v\u00e5r webbplats.<\/li>\n<\/ul>\n<ol start=\"5\">\n<li><strong>  Cookies fr\u00e5n tredje part<\/strong><\/li>\n<\/ol>\n<ul>\n<li><strong>Google Analytics:<\/strong> Vi anv\u00e4nder Google Analytics, en webbanalystj\u00e4nst som tillhandah\u00e5lls av Google LLC. Google Analytics anv\u00e4nder cookies f\u00f6r att samla in information om din anv\u00e4ndning av v\u00e5r webbplats, inklusive din IP-adress. Denna information \u00f6verf\u00f6rs till och lagras av Google p\u00e5 servrar i USA. Google anv\u00e4nder denna information f\u00f6r att utv\u00e4rdera din anv\u00e4ndning av v\u00e5r webbplats, sammanst\u00e4lla rapporter om webbplatsaktivitet och tillhandah\u00e5lla andra tj\u00e4nster relaterade till webbplatsaktivitet och internetanv\u00e4ndning. Google kan ocks\u00e5 \u00f6verf\u00f6ra denna information till tredje part om det kr\u00e4vs enligt lag, eller om s\u00e5dan tredje part behandlar informationen f\u00f6r Googles r\u00e4kning. Mer information om Googles sekretesspraxis och hur Google anv\u00e4nder cookies finns i Googles sekretesspolicy:       [Link to Google&#8217;s Privacy Policy]<\/li>\n<\/ul>\n<ol start=\"6\">\n<li><strong>  Hantering av cookies<\/strong><\/li>\n<\/ol>\n<p>Du kan kontrollera, blockera eller radera cookies via inst\u00e4llningarna i din webbl\u00e4sare. De flesta webbl\u00e4sare accepterar automatiskt cookies, men du kan vanligtvis \u00e4ndra inst\u00e4llningarna i din webbl\u00e4sare s\u00e5 att du kan neka cookies om du f\u00f6redrar det. I din webbl\u00e4sares hj\u00e4lpdokumentation finns anvisningar om hur du hanterar cookies. H\u00e4r finns l\u00e4nkar till hj\u00e4lpsidorna f\u00f6r n\u00e5gra popul\u00e4ra webbl\u00e4sare:   <\/p>\n<ul>\n<li>Google Chrome:  [Link to Chrome&#8217;s cookie settings help page]<\/li>\n<li>Mozilla Firefox:  [Link to Firefox&#8217;s cookie settings help page]<\/li>\n<li>Microsoft Edge:  [Link to Edge&#8217;s cookie settings help page]<\/li>\n<li>Apple Safari:  [Link to Safari&#8217;s cookie settings help page]<\/li>\n<\/ul>\n<p>Cookies kan vara sessionscookies eller permanenta cookies. Sessionscookies \u00e4r tillf\u00e4lliga cookies som lagras p\u00e5 din enhet tills du st\u00e4nger din webbl\u00e4sare. Permanenta cookies ligger kvar p\u00e5 din enhet under en l\u00e4ngre tid eller tills du tar bort dem.  <\/p>\n<ol start=\"7\">\n<li><strong>  Policyuppdateringar<\/strong><\/li>\n<\/ol>\n<p>Vi kan komma att uppdatera denna cookiepolicy med j\u00e4mna mellanrum. \u00c4ndringar kommer att publiceras p\u00e5 denna sida med ett uppdaterat ikrafttr\u00e4dandedatum. <\/p>\n<ol start=\"8\">\n<li><strong>  Kontakta oss<\/strong><\/li>\n<\/ol>\n<p>F\u00f6r fr\u00e5gor om denna cookiepolicy, v\u00e4nligen kontakta oss p\u00e5:<\/p>\n<p>KMAK Kelet-Magyarorsz\u00e1gi Adatk\u00f6zpont Kft.<\/p>\n<p>H-5000 Szolnok, Szap\u00e1ry utca 20.<\/p>\n<p>E-post: info@vondetechnology.com<\/p>\n<p>Genom att anv\u00e4nda v\u00e5r webbplats samtycker du till anv\u00e4ndningen av cookies enligt beskrivningen i denna cookiepolicy.[\/vc_column_text][\/vc_column][\/vc_row]<\/p>\n<\/div>","protected":false},"excerpt":{"rendered":"<p>[vc_row][vc_column][vc_empty_space][vc_column_text el_class=&#8221;legal-text&#8221;]Cookiepolicy f\u00f6r Vonde Pros webbplats Datum f\u00f6r ikrafttr\u00e4dande: 17 mars 2025 Inledning Denna cookiepolicy f\u00f6rklarar hur Vonde Technology (&#8220;vi&#8221;, &#8220;oss&#8221; eller &#8220;v\u00e5r&#8221;) anv\u00e4nder cookies och liknande tekniker p\u00e5 Vonde Pro-webbplatsen (&#8220;Webbplatsen&#8221;). Denna policy g\u00e4ller inte f\u00f6r Vonde Pro-mobilapplikationen, som har sin egen separata cookiepolicy. Vad \u00e4r cookies? Cookies \u00e4r sm\u00e5 textfiler som lagras p\u00e5 [&hellip;]<\/p>\n","protected":false},"author":1,"featured_media":0,"parent":0,"menu_order":0,"comment_status":"closed","ping_status":"closed","template":"","meta":{"footnotes":""},"class_list":["post-12569","page","type-page","status-publish","hentry"],"yoast_head":"<!-- This site is optimized with the Yoast SEO plugin v24.7 - https:\/\/yoast.com\/wordpress\/plugins\/seo\/ -->\n<title>Cookiepolicy f\u00f6r Vonde Pros webbplats - Vondetech<\/title>\n<meta name=\"robots\" content=\"index, follow, max-snippet:-1, max-image-preview:large, max-video-preview:-1\" \/>\n<link rel=\"canonical\" href=\"https:\/\/vondetech.com\/sv\/integritetspolicy\/\" \/>\n<meta property=\"og:locale\" content=\"sv_SE\" \/>\n<meta property=\"og:type\" content=\"article\" \/>\n<meta property=\"og:title\" content=\"Cookiepolicy f\u00f6r Vonde Pros webbplats - Vondetech\" \/>\n<meta property=\"og:description\" content=\"[vc_row][vc_column][vc_empty_space][vc_column_text el_class=&#8221;legal-text&#8221;]Cookiepolicy f\u00f6r Vonde Pros webbplats Datum f\u00f6r ikrafttr\u00e4dande: 17 mars 2025 Inledning Denna cookiepolicy f\u00f6rklarar hur Vonde Technology (&#8220;vi&#8221;, &#8220;oss&#8221; eller &#8220;v\u00e5r&#8221;) anv\u00e4nder cookies och liknande tekniker p\u00e5 Vonde Pro-webbplatsen (&#8220;Webbplatsen&#8221;). Denna policy g\u00e4ller inte f\u00f6r Vonde Pro-mobilapplikationen, som har sin egen separata cookiepolicy. Vad \u00e4r cookies? Cookies \u00e4r sm\u00e5 textfiler som lagras p\u00e5 [&hellip;]\" \/>\n<meta property=\"og:url\" content=\"https:\/\/vondetech.com\/sv\/integritetspolicy\/\" \/>\n<meta property=\"og:site_name\" content=\"Vondetech\" \/>\n<meta property=\"article:modified_time\" content=\"2025-03-19T12:32:29+00:00\" \/>\n<meta name=\"twitter:card\" content=\"summary_large_image\" \/>\n<meta name=\"twitter:label1\" content=\"Ber\u00e4knad l\u00e4stid\" \/>\n\t<meta name=\"twitter:data1\" content=\"2 minuter\" \/>\n<script type=\"application\/ld+json\" class=\"yoast-schema-graph\">{\"@context\":\"https:\/\/schema.org\",\"@graph\":[{\"@type\":\"WebPage\",\"@id\":\"https:\/\/vondetech.com\/sv\/integritetspolicy\/\",\"url\":\"https:\/\/vondetech.com\/sv\/integritetspolicy\/\",\"name\":\"Cookiepolicy f\u00f6r Vonde Pros webbplats - Vondetech\",\"isPartOf\":{\"@id\":\"https:\/\/vondetech.com\/sv\/#website\"},\"datePublished\":\"2024-05-23T13:17:28+00:00\",\"dateModified\":\"2025-03-19T12:32:29+00:00\",\"breadcrumb\":{\"@id\":\"https:\/\/vondetech.com\/sv\/integritetspolicy\/#breadcrumb\"},\"inLanguage\":\"sv-SE\",\"potentialAction\":[{\"@type\":\"ReadAction\",\"target\":[\"https:\/\/vondetech.com\/sv\/integritetspolicy\/\"]}]},{\"@type\":\"BreadcrumbList\",\"@id\":\"https:\/\/vondetech.com\/sv\/integritetspolicy\/#breadcrumb\",\"itemListElement\":[{\"@type\":\"ListItem\",\"position\":1,\"name\":\"Hem\",\"item\":\"https:\/\/vondetech.com\/sv\/hem\/\"},{\"@type\":\"ListItem\",\"position\":2,\"name\":\"Cookiepolicy f\u00f6r Vonde Pros webbplats\"}]},{\"@type\":\"WebSite\",\"@id\":\"https:\/\/vondetech.com\/sv\/#website\",\"url\":\"https:\/\/vondetech.com\/sv\/\",\"name\":\"Vondetech\",\"description\":\"\",\"potentialAction\":[{\"@type\":\"SearchAction\",\"target\":{\"@type\":\"EntryPoint\",\"urlTemplate\":\"https:\/\/vondetech.com\/sv\/?s={search_term_string}\"},\"query-input\":{\"@type\":\"PropertyValueSpecification\",\"valueRequired\":true,\"valueName\":\"search_term_string\"}}],\"inLanguage\":\"sv-SE\"}]}<\/script>\n<!-- \/ Yoast SEO plugin. -->","yoast_head_json":{"title":"Cookiepolicy f\u00f6r Vonde Pros webbplats - Vondetech","robots":{"index":"index","follow":"follow","max-snippet":"max-snippet:-1","max-image-preview":"max-image-preview:large","max-video-preview":"max-video-preview:-1"},"canonical":"https:\/\/vondetech.com\/sv\/integritetspolicy\/","og_locale":"sv_SE","og_type":"article","og_title":"Cookiepolicy f\u00f6r Vonde Pros webbplats - Vondetech","og_description":"[vc_row][vc_column][vc_empty_space][vc_column_text el_class=&#8221;legal-text&#8221;]Cookiepolicy f\u00f6r Vonde Pros webbplats Datum f\u00f6r ikrafttr\u00e4dande: 17 mars 2025 Inledning Denna cookiepolicy f\u00f6rklarar hur Vonde Technology (&#8220;vi&#8221;, &#8220;oss&#8221; eller &#8220;v\u00e5r&#8221;) anv\u00e4nder cookies och liknande tekniker p\u00e5 Vonde Pro-webbplatsen (&#8220;Webbplatsen&#8221;). Denna policy g\u00e4ller inte f\u00f6r Vonde Pro-mobilapplikationen, som har sin egen separata cookiepolicy. Vad \u00e4r cookies? Cookies \u00e4r sm\u00e5 textfiler som lagras p\u00e5 [&hellip;]","og_url":"https:\/\/vondetech.com\/sv\/integritetspolicy\/","og_site_name":"Vondetech","article_modified_time":"2025-03-19T12:32:29+00:00","twitter_card":"summary_large_image","twitter_misc":{"Ber\u00e4knad l\u00e4stid":"2 minuter"},"schema":{"@context":"https:\/\/schema.org","@graph":[{"@type":"WebPage","@id":"https:\/\/vondetech.com\/sv\/integritetspolicy\/","url":"https:\/\/vondetech.com\/sv\/integritetspolicy\/","name":"Cookiepolicy f\u00f6r Vonde Pros webbplats - Vondetech","isPartOf":{"@id":"https:\/\/vondetech.com\/sv\/#website"},"datePublished":"2024-05-23T13:17:28+00:00","dateModified":"2025-03-19T12:32:29+00:00","breadcrumb":{"@id":"https:\/\/vondetech.com\/sv\/integritetspolicy\/#breadcrumb"},"inLanguage":"sv-SE","potentialAction":[{"@type":"ReadAction","target":["https:\/\/vondetech.com\/sv\/integritetspolicy\/"]}]},{"@type":"BreadcrumbList","@id":"https:\/\/vondetech.com\/sv\/integritetspolicy\/#breadcrumb","itemListElement":[{"@type":"ListItem","position":1,"name":"Hem","item":"https:\/\/vondetech.com\/sv\/hem\/"},{"@type":"ListItem","position":2,"name":"Cookiepolicy f\u00f6r Vonde Pros webbplats"}]},{"@type":"WebSite","@id":"https:\/\/vondetech.com\/sv\/#website","url":"https:\/\/vondetech.com\/sv\/","name":"Vondetech","description":"","potentialAction":[{"@type":"SearchAction","target":{"@type":"EntryPoint","urlTemplate":"https:\/\/vondetech.com\/sv\/?s={search_term_string}"},"query-input":{"@type":"PropertyValueSpecification","valueRequired":true,"valueName":"search_term_string"}}],"inLanguage":"sv-SE"}]}},"_links":{"self":[{"href":"https:\/\/vondetech.com\/sv\/wp-json\/wp\/v2\/pages\/12569","targetHints":{"allow":["GET"]}}],"collection":[{"href":"https:\/\/vondetech.com\/sv\/wp-json\/wp\/v2\/pages"}],"about":[{"href":"https:\/\/vondetech.com\/sv\/wp-json\/wp\/v2\/types\/page"}],"author":[{"embeddable":true,"href":"https:\/\/vondetech.com\/sv\/wp-json\/wp\/v2\/users\/1"}],"replies":[{"embeddable":true,"href":"https:\/\/vondetech.com\/sv\/wp-json\/wp\/v2\/comments?post=12569"}],"version-history":[{"count":6,"href":"https:\/\/vondetech.com\/sv\/wp-json\/wp\/v2\/pages\/12569\/revisions"}],"predecessor-version":[{"id":20003,"href":"https:\/\/vondetech.com\/sv\/wp-json\/wp\/v2\/pages\/12569\/revisions\/20003"}],"wp:attachment":[{"href":"https:\/\/vondetech.com\/sv\/wp-json\/wp\/v2\/media?parent=12569"}],"curies":[{"name":"wp","href":"https:\/\/api.w.org\/{rel}","templated":true}]}}