{"id":12564,"date":"2024-05-23T15:08:00","date_gmt":"2024-05-23T13:08:00","guid":{"rendered":"https:\/\/vondetech.com\/retur-och-aterbetalningspolicy\/"},"modified":"2025-03-21T07:57:39","modified_gmt":"2025-03-21T06:57:39","slug":"retur-och-aterbetalningspolicy","status":"publish","type":"page","link":"https:\/\/vondetech.com\/sv\/retur-och-aterbetalningspolicy\/","title":{"rendered":"\u00c5terbetalnings- och avbest\u00e4llningspolicy f\u00f6r Vonde Pro App"},"content":{"rendered":"<div class=\"wpb-content-wrapper\"><p>[vc_row][vc_column][vc_empty_space][vc_column_text el_class=&#8221;legal-text&#8221;]<strong>Datum f\u00f6r ikrafttr\u00e4dande:<\/strong> 17 mars 2025<\/p>\n<ol>\n<li><strong>  Inledning<\/strong><\/li>\n<\/ol>\n<p>Denna \u00e5terbetalnings- och avbokningspolicy beskriver f\u00f6rfarandena och villkoren f\u00f6r \u00e5terbetalningar och avbokningar av ink\u00f6p och prenumerationer som gjorts i Vonde Pro-appen (&#8220;App&#8221;), som tillhandah\u00e5lls av Vonde Technology (&#8220;vi&#8221;, &#8220;oss&#8221;, &#8220;v\u00e5r&#8221;). Eftersom Vonde Pro-appen \u00e4r exklusivt tillg\u00e4nglig via Apple App Store och Google Play Store, \u00e4r alla transaktioner, avbokningar och \u00e5terbetalningar f\u00f6rem\u00e5l f\u00f6r respektive butiks policy. <\/p>\n<ol start=\"2\">\n<li><strong>  Upps\u00e4gning av abonnemang<\/strong><\/li>\n<\/ol>\n<p>Anv\u00e4ndare kan n\u00e4r som helst s\u00e4ga upp prenumerationer via sina kontoinst\u00e4llningar i Apple App Store eller Google Play Store. Se f\u00f6ljande resurser f\u00f6r detaljerade instruktioner: <\/p>\n<ul>\n<li><strong>Apple App Store:<\/strong> [https:\/\/support .apple.com\/en-us\/118428]<\/li>\n<li><strong>Google Play Butik:<\/strong> [https:\/\/support .google.com=&#8221;&#8221;]<\/li>\n<\/ul>\n<p>Beg\u00e4ran om avbest\u00e4llning tr\u00e4der i kraft i slutet av den aktuella faktureringscykeln. Inga \u00e5terbetalningar eller del\u00e5terbetalningar g\u00f6rs f\u00f6r oanv\u00e4nda prenumerationsperioder, s\u00e5vida inte detta kr\u00e4vs enligt lag eller uttryckligen anges av Apple eller Google vid f\u00f6rs\u00e4ljningstillf\u00e4llet. <\/p>\n<ol start=\"3\">\n<li><strong>  R\u00e4tt till \u00e5terbetalning<\/strong><\/li>\n<\/ol>\n<p>\u00c5terbetalningar f\u00f6r ink\u00f6p eller prenumerationer som gjorts via Vonde Pro-appen omfattas av \u00e5terbetalningspolicyn f\u00f6r Apple App Store eller Google Play Store, beroende p\u00e5 var transaktionen intr\u00e4ffade. I allm\u00e4nhet kan \u00e5terbetalningar beviljas under f\u00f6ljande omst\u00e4ndigheter, enligt vad som best\u00e4ms av Apple eller Google: <\/p>\n<ul>\n<li>Tekniska problem eller funktionsst\u00f6rningar i Appen som f\u00f6rhindrar anv\u00e4ndning av betaltj\u00e4nster och som vi inte kan l\u00f6sa inom rimlig tid.<\/li>\n<li>Obeh\u00f6riga transaktioner som bevisligen har intr\u00e4ffat p\u00e5 grund av s\u00e4kerhetsbrister som inte orsakats av oaktsamhet fr\u00e5n anv\u00e4ndarnas sida.<\/li>\n<\/ul>\n<p>\u00c5terbetalningsans\u00f6kningar som enbart baseras p\u00e5 missn\u00f6je med tj\u00e4nsten eller \u00e4ndrade personliga omst\u00e4ndigheter \u00e4r vanligtvis inte ber\u00e4ttigade, eftersom dessa hanteras efter Apples eller Googles gottfinnande.<\/p>\n<ol start=\"4\">\n<li><strong>  F\u00f6rfarande f\u00f6r beg\u00e4ran om \u00e5terbetalning<\/strong><\/li>\n<\/ol>\n<p>Alla \u00e5terbetalningsans\u00f6kningar m\u00e5ste l\u00e4mnas in i enlighet med Apple App Stores eller Google Play Stores policyer och f\u00f6rfaranden. F\u00f6r att beg\u00e4ra \u00e5terbetalning, f\u00f6lj instruktionerna som tillhandah\u00e5lls av respektive butik: <\/p>\n<ul>\n<li><strong>Apple App Store:<\/strong> [https:\/\/support .apple.com\/en-gb\/118223]<\/li>\n<li><strong>Google Play Butik:<\/strong> [https:\/\/support .google.com=&#8221;&#8221;]<\/li>\n<\/ul>\n<p>All kommunikation g\u00e4llande beg\u00e4ran om \u00e5terbetalning ska riktas till den aktuella appbutiken.<\/p>\n<ol start=\"5\">\n<li><strong>  Behandling av \u00e5terbetalning<\/strong><\/li>\n<\/ol>\n<p>Godk\u00e4nda \u00e5terbetalningar kommer att behandlas av Apple eller Google via den ursprungliga betalningsmetoden. Behandlingstiderna kan variera beroende p\u00e5 betalningsleverant\u00f6rerna och appbutikens policyer. <\/p>\n<ol start=\"6\">\n<li><strong>  Begr\u00e4nsningar<\/strong><\/li>\n<\/ol>\n<p>V\u00e5rt f\u00f6retag f\u00f6rbeh\u00e5ller sig r\u00e4tten att neka hj\u00e4lp med \u00e5terbetalningsbeg\u00e4ran som inte \u00f6verensst\u00e4mmer med Apple App Stores eller Google Play Stores policyer.<\/p>\n<ol start=\"7\">\n<li><strong>  \u00c4ndringar av denna policy<\/strong><\/li>\n<\/ol>\n<p>Denna \u00e5terbetalnings- och avbest\u00e4llningspolicy kan komma att uppdateras med j\u00e4mna mellanrum. Betydande \u00e4ndringar kommer att meddelas via appaviseringar eller registrerad e-post. <\/p>\n<ol start=\"8\">\n<li><strong>  Kontaktuppgifter<\/strong><\/li>\n<\/ol>\n<p>F\u00f6r fr\u00e5gor eller hj\u00e4lp ang\u00e5ende denna policy, v\u00e4nligen kontakta:<\/p>\n<p>KMAK Kelet-Magyarorsz\u00e1gi Adatk\u00f6zpont Kft.<\/p>\n<p>H-5000 Szolnok, Szap\u00e1ry utca 20.<\/p>\n<p>E-post: info@vondetechnology.com<\/p>\n<p>Genom att g\u00f6ra ett k\u00f6p eller prenumerera i Vonde Pro-appen bekr\u00e4ftar och godk\u00e4nner du villkoren i denna \u00e5terbetalnings- och avbokningspolicy och f\u00f6rst\u00e5r att \u00e5terbetalnings- och avbokningsprocesserna styrs av Apple App Store eller Google Play Store-policyerna.[\/vc_column_text][\/vc_column][\/vc_row]<\/p>\n<\/div>","protected":false},"excerpt":{"rendered":"<p>[vc_row][vc_column][vc_empty_space][vc_column_text el_class=&#8221;legal-text&#8221;]Datum f\u00f6r ikrafttr\u00e4dande: 17 mars 2025 Inledning Denna \u00e5terbetalnings- och avbokningspolicy beskriver f\u00f6rfarandena och villkoren f\u00f6r \u00e5terbetalningar och avbokningar av ink\u00f6p och prenumerationer som gjorts i Vonde Pro-appen (&#8220;App&#8221;), som tillhandah\u00e5lls av Vonde Technology (&#8220;vi&#8221;, &#8220;oss&#8221;, &#8220;v\u00e5r&#8221;). Eftersom Vonde Pro-appen \u00e4r exklusivt tillg\u00e4nglig via Apple App Store och Google Play Store, \u00e4r alla transaktioner, [&hellip;]<\/p>\n","protected":false},"author":1,"featured_media":0,"parent":0,"menu_order":0,"comment_status":"closed","ping_status":"closed","template":"","meta":{"footnotes":""},"class_list":["post-12564","page","type-page","status-publish","hentry"],"yoast_head":"<!-- This site is optimized with the Yoast SEO plugin v24.7 - https:\/\/yoast.com\/wordpress\/plugins\/seo\/ -->\n<title>\u00c5terbetalnings- och avbest\u00e4llningspolicy f\u00f6r Vonde Pro App - Vondetech<\/title>\n<meta name=\"robots\" content=\"index, follow, max-snippet:-1, max-image-preview:large, max-video-preview:-1\" \/>\n<link rel=\"canonical\" href=\"https:\/\/vondetech.com\/sv\/retur-och-aterbetalningspolicy\/\" \/>\n<meta property=\"og:locale\" content=\"sv_SE\" \/>\n<meta property=\"og:type\" content=\"article\" \/>\n<meta property=\"og:title\" content=\"\u00c5terbetalnings- och avbest\u00e4llningspolicy f\u00f6r Vonde Pro App - Vondetech\" \/>\n<meta property=\"og:description\" content=\"[vc_row][vc_column][vc_empty_space][vc_column_text el_class=&#8221;legal-text&#8221;]Datum f\u00f6r ikrafttr\u00e4dande: 17 mars 2025 Inledning Denna \u00e5terbetalnings- och avbokningspolicy beskriver f\u00f6rfarandena och villkoren f\u00f6r \u00e5terbetalningar och avbokningar av ink\u00f6p och prenumerationer som gjorts i Vonde Pro-appen (&#8220;App&#8221;), som tillhandah\u00e5lls av Vonde Technology (&#8220;vi&#8221;, &#8220;oss&#8221;, &#8220;v\u00e5r&#8221;). Eftersom Vonde Pro-appen \u00e4r exklusivt tillg\u00e4nglig via Apple App Store och Google Play Store, \u00e4r alla transaktioner, [&hellip;]\" \/>\n<meta property=\"og:url\" content=\"https:\/\/vondetech.com\/sv\/retur-och-aterbetalningspolicy\/\" \/>\n<meta property=\"og:site_name\" content=\"Vondetech\" \/>\n<meta property=\"article:modified_time\" content=\"2025-03-21T06:57:39+00:00\" \/>\n<meta name=\"twitter:card\" content=\"summary_large_image\" \/>\n<meta name=\"twitter:label1\" content=\"Ber\u00e4knad l\u00e4stid\" \/>\n\t<meta name=\"twitter:data1\" content=\"2 minuter\" \/>\n<script type=\"application\/ld+json\" class=\"yoast-schema-graph\">{\"@context\":\"https:\/\/schema.org\",\"@graph\":[{\"@type\":\"WebPage\",\"@id\":\"https:\/\/vondetech.com\/sv\/retur-och-aterbetalningspolicy\/\",\"url\":\"https:\/\/vondetech.com\/sv\/retur-och-aterbetalningspolicy\/\",\"name\":\"\u00c5terbetalnings- och avbest\u00e4llningspolicy f\u00f6r Vonde Pro App - Vondetech\",\"isPartOf\":{\"@id\":\"https:\/\/vondetech.com\/sv\/#website\"},\"datePublished\":\"2024-05-23T13:08:00+00:00\",\"dateModified\":\"2025-03-21T06:57:39+00:00\",\"breadcrumb\":{\"@id\":\"https:\/\/vondetech.com\/sv\/retur-och-aterbetalningspolicy\/#breadcrumb\"},\"inLanguage\":\"sv-SE\",\"potentialAction\":[{\"@type\":\"ReadAction\",\"target\":[\"https:\/\/vondetech.com\/sv\/retur-och-aterbetalningspolicy\/\"]}]},{\"@type\":\"BreadcrumbList\",\"@id\":\"https:\/\/vondetech.com\/sv\/retur-och-aterbetalningspolicy\/#breadcrumb\",\"itemListElement\":[{\"@type\":\"ListItem\",\"position\":1,\"name\":\"Hem\",\"item\":\"https:\/\/vondetech.com\/sv\/hem\/\"},{\"@type\":\"ListItem\",\"position\":2,\"name\":\"\u00c5terbetalnings- och avbest\u00e4llningspolicy f\u00f6r Vonde Pro App\"}]},{\"@type\":\"WebSite\",\"@id\":\"https:\/\/vondetech.com\/sv\/#website\",\"url\":\"https:\/\/vondetech.com\/sv\/\",\"name\":\"Vondetech\",\"description\":\"\",\"potentialAction\":[{\"@type\":\"SearchAction\",\"target\":{\"@type\":\"EntryPoint\",\"urlTemplate\":\"https:\/\/vondetech.com\/sv\/?s={search_term_string}\"},\"query-input\":{\"@type\":\"PropertyValueSpecification\",\"valueRequired\":true,\"valueName\":\"search_term_string\"}}],\"inLanguage\":\"sv-SE\"}]}<\/script>\n<!-- \/ Yoast SEO plugin. -->","yoast_head_json":{"title":"\u00c5terbetalnings- och avbest\u00e4llningspolicy f\u00f6r Vonde Pro App - Vondetech","robots":{"index":"index","follow":"follow","max-snippet":"max-snippet:-1","max-image-preview":"max-image-preview:large","max-video-preview":"max-video-preview:-1"},"canonical":"https:\/\/vondetech.com\/sv\/retur-och-aterbetalningspolicy\/","og_locale":"sv_SE","og_type":"article","og_title":"\u00c5terbetalnings- och avbest\u00e4llningspolicy f\u00f6r Vonde Pro App - Vondetech","og_description":"[vc_row][vc_column][vc_empty_space][vc_column_text el_class=&#8221;legal-text&#8221;]Datum f\u00f6r ikrafttr\u00e4dande: 17 mars 2025 Inledning Denna \u00e5terbetalnings- och avbokningspolicy beskriver f\u00f6rfarandena och villkoren f\u00f6r \u00e5terbetalningar och avbokningar av ink\u00f6p och prenumerationer som gjorts i Vonde Pro-appen (&#8220;App&#8221;), som tillhandah\u00e5lls av Vonde Technology (&#8220;vi&#8221;, &#8220;oss&#8221;, &#8220;v\u00e5r&#8221;). Eftersom Vonde Pro-appen \u00e4r exklusivt tillg\u00e4nglig via Apple App Store och Google Play Store, \u00e4r alla transaktioner, [&hellip;]","og_url":"https:\/\/vondetech.com\/sv\/retur-och-aterbetalningspolicy\/","og_site_name":"Vondetech","article_modified_time":"2025-03-21T06:57:39+00:00","twitter_card":"summary_large_image","twitter_misc":{"Ber\u00e4knad l\u00e4stid":"2 minuter"},"schema":{"@context":"https:\/\/schema.org","@graph":[{"@type":"WebPage","@id":"https:\/\/vondetech.com\/sv\/retur-och-aterbetalningspolicy\/","url":"https:\/\/vondetech.com\/sv\/retur-och-aterbetalningspolicy\/","name":"\u00c5terbetalnings- och avbest\u00e4llningspolicy f\u00f6r Vonde Pro App - Vondetech","isPartOf":{"@id":"https:\/\/vondetech.com\/sv\/#website"},"datePublished":"2024-05-23T13:08:00+00:00","dateModified":"2025-03-21T06:57:39+00:00","breadcrumb":{"@id":"https:\/\/vondetech.com\/sv\/retur-och-aterbetalningspolicy\/#breadcrumb"},"inLanguage":"sv-SE","potentialAction":[{"@type":"ReadAction","target":["https:\/\/vondetech.com\/sv\/retur-och-aterbetalningspolicy\/"]}]},{"@type":"BreadcrumbList","@id":"https:\/\/vondetech.com\/sv\/retur-och-aterbetalningspolicy\/#breadcrumb","itemListElement":[{"@type":"ListItem","position":1,"name":"Hem","item":"https:\/\/vondetech.com\/sv\/hem\/"},{"@type":"ListItem","position":2,"name":"\u00c5terbetalnings- och avbest\u00e4llningspolicy f\u00f6r Vonde Pro App"}]},{"@type":"WebSite","@id":"https:\/\/vondetech.com\/sv\/#website","url":"https:\/\/vondetech.com\/sv\/","name":"Vondetech","description":"","potentialAction":[{"@type":"SearchAction","target":{"@type":"EntryPoint","urlTemplate":"https:\/\/vondetech.com\/sv\/?s={search_term_string}"},"query-input":{"@type":"PropertyValueSpecification","valueRequired":true,"valueName":"search_term_string"}}],"inLanguage":"sv-SE"}]}},"_links":{"self":[{"href":"https:\/\/vondetech.com\/sv\/wp-json\/wp\/v2\/pages\/12564","targetHints":{"allow":["GET"]}}],"collection":[{"href":"https:\/\/vondetech.com\/sv\/wp-json\/wp\/v2\/pages"}],"about":[{"href":"https:\/\/vondetech.com\/sv\/wp-json\/wp\/v2\/types\/page"}],"author":[{"embeddable":true,"href":"https:\/\/vondetech.com\/sv\/wp-json\/wp\/v2\/users\/1"}],"replies":[{"embeddable":true,"href":"https:\/\/vondetech.com\/sv\/wp-json\/wp\/v2\/comments?post=12564"}],"version-history":[{"count":9,"href":"https:\/\/vondetech.com\/sv\/wp-json\/wp\/v2\/pages\/12564\/revisions"}],"predecessor-version":[{"id":21222,"href":"https:\/\/vondetech.com\/sv\/wp-json\/wp\/v2\/pages\/12564\/revisions\/21222"}],"wp:attachment":[{"href":"https:\/\/vondetech.com\/sv\/wp-json\/wp\/v2\/media?parent=12564"}],"curies":[{"name":"wp","href":"https:\/\/api.w.org\/{rel}","templated":true}]}}