{"id":29785,"date":"2024-05-23T14:47:33","date_gmt":"2024-05-23T12:47:33","guid":{"rendered":"https:\/\/vondetech.com\/?page_id=29785"},"modified":"2025-05-06T11:15:55","modified_gmt":"2025-05-06T09:15:55","slug":"kushtet-e-sherbimit-per-aplikacionin-vonde-pro","status":"publish","type":"page","link":"https:\/\/vondetech.com\/sq\/kushtet-e-sherbimit-per-aplikacionin-vonde-pro\/","title":{"rendered":"Kushtet e sh\u00ebrbimit p\u00ebr aplikacionin Vonde Pro"},"content":{"rendered":"<div class=\"wpb-content-wrapper\"><p>[vc_row][vc_column][vc_empty_space][vc_column_text el_class=&#8221;legal-text&#8221;]<strong>Data e hyrjes n\u00eb fuqi:<\/strong> 17 Mars 2025<\/p>\n<ol>\n<li><strong> Hyrje<\/strong><\/li>\n<\/ol>\n<p>K\u00ebto Kushte t\u00eb Sh\u00ebrbimit (&#8220;Kushtet&#8221;) rregullojn\u00eb aksesin dhe p\u00ebrdorimin tuaj t\u00eb Aplikacionit Vonde Pro (&#8220;Aplikacioni&#8221;), i operuar nga Vonde Technology (&#8220;ne&#8221;, &#8220;jon\u00eb&#8221;, ose &#8220;kompania&#8221;), q\u00eb ofron karta dixhitale biznesi, shkurtim URL-sh, menaxhim t\u00eb kodeve NFC dhe QR, si dhe integrim me Apple\/Google Wallet.<\/p>\n<ol start=\"2\">\n<li><strong> Pranimi i Kushteve<\/strong><\/li>\n<\/ol>\n<p>Duke hyr\u00eb ose p\u00ebrdorur Aplikacionin, ju pranoni k\u00ebto Kushte t\u00eb Sh\u00ebrbimit. N\u00ebse nuk jeni dakord me ndonj\u00eb pjes\u00eb t\u00eb tyre, nuk duhet t\u00eb p\u00ebrdorni Aplikacionin.<\/p>\n<ol start=\"3\">\n<li><strong> Regjistrimi i Llogaris\u00eb dhe Siguria<\/strong><\/li>\n<\/ol>\n<p>P\u00ebrdoruesit duhet t\u00eb ofrojn\u00eb informacion t\u00eb sakt\u00eb dhe t\u00eb plot\u00eb gjat\u00eb regjistrimit dhe t\u00eb ruajn\u00eb konfidencialitetin e tij. Ju jeni plot\u00ebsisht p\u00ebrgjegj\u00ebs p\u00ebr \u00e7do aktivitet n\u00eb llogarin\u00eb tuaj dhe duhet t\u00eb na njoftoni menj\u00ebher\u00eb p\u00ebr \u00e7do p\u00ebrdorim t\u00eb paautorizuar.<\/p>\n<ol start=\"3\">\n<li><strong> P\u00ebrshkrimi i Sh\u00ebrbimit<\/strong><\/li>\n<\/ol>\n<p>Aplikacioni ofron:<\/p>\n<ul>\n<li>Krijimi dhe menaxhimi i kartave dixhitale t\u00eb biznesit (Biopages)<\/li>\n<li>Sh\u00ebrbime p\u00ebr shkurtimin e URL-ve<\/li>\n<li>Krijimi dhe menaxhimi i kodeve NFC dhe QR<\/li>\n<li>Integrim i kartave dixhitale n\u00eb Apple dhe Google Wallet<\/li>\n<\/ul>\n<ol start=\"4\">\n<li><strong> Llogarit\u00eb e P\u00ebrdoruesve<\/strong><\/li>\n<\/ol>\n<p>Ju duhet t\u00eb ofroni informacion t\u00eb sakt\u00eb dhe t\u00eb plot\u00eb gjat\u00eb krijimit t\u00eb nj\u00eb llogarie dhe t\u00eb ruani sigurin\u00eb dhe konfidencialitetin e saj. Njoftoni menj\u00ebher\u00eb p\u00ebr \u00e7do p\u00ebrdorim t\u00eb paautorizuar ose shkelje sigurie.<\/p>\n<ol start=\"5\">\n<li><strong> Sjellja e P\u00ebrdoruesit<\/strong><\/li>\n<\/ol>\n<p>Ju pranoni t\u00eb mos:<\/p>\n<ul>\n<li>P\u00ebrdorni Aplikacionin n\u00eb m\u00ebnyr\u00eb t\u00eb paligjshme ose mashtruese<\/li>\n<li>Tentoni akses t\u00eb paautorizuar ose nd\u00ebrprerje t\u00eb sh\u00ebrbimeve<\/li>\n<li>Ngarkoni p\u00ebrmbajtje t\u00eb d\u00ebmshme ose viruse<\/li>\n<li>Cenoni t\u00eb drejtat e pron\u00ebsis\u00eb intelektuale<\/li>\n<\/ul>\n<p>Shkelja e k\u00ebtyre kushteve mund t\u00eb rezultoj\u00eb n\u00eb pezullim ose mbyllje t\u00eb llogaris\u00eb tuaj.<\/p>\n<ol start=\"5\">\n<li><strong> Tarifat dhe Abonimet<\/strong><\/li>\n<\/ol>\n<p>Disa funksione t\u00eb aplikacionit k\u00ebrkojn\u00eb pages\u00eb ose abonim. Pagesat p\u00ebr abonime p\u00ebrpunohen ekskluzivisht p\u00ebrmes Apple App Store ose Google Play Store, n\u00eb var\u00ebsi t\u00eb sistemit operativ t\u00eb pajisjes tuaj.<\/p>\n<p>Opsionet e abonimit, \u00e7mimet, frekuenca e faturimit dhe periudhat prov\u00eb do t\u00eb shfaqen brenda aplikacionit ose gjat\u00eb procesit t\u00eb regjistrimit n\u00eb dyqanet p\u00ebrkat\u00ebse.<\/p>\n<p>Ju mund t\u00eb menaxhoni abonimet tuaja p\u00ebrmes cil\u00ebsimeve t\u00eb llogaris\u00eb n\u00eb Apple ose Google Play. P\u00ebr detaje, shihni dokumentacionin e mb\u00ebshtetjes s\u00eb dyqanit p\u00ebrkat\u00ebs.<\/p>\n<p>Vonde Technology nuk p\u00ebrpunon pagesa ose anulime direkt. T\u00eb gjitha pyetjet p\u00ebrkat\u00ebse duhet t\u00eb drejtohen tek mb\u00ebshtetja e Apple ose Google.<\/p>\n<p><!-- The rest of the terms would continue here in translated form --><\/p>\n<p>[\/vc_column_text][\/vc_column][\/vc_row]<\/p>\n<\/div>","protected":false},"excerpt":{"rendered":"<p>[vc_row][vc_column][vc_empty_space][vc_column_text el_class=&#8221;legal-text&#8221;]Data e hyrjes n\u00eb fuqi: 17 Mars 2025 Hyrje K\u00ebto Kushte t\u00eb Sh\u00ebrbimit (&#8220;Kushtet&#8221;) rregullojn\u00eb aksesin dhe p\u00ebrdorimin tuaj t\u00eb Aplikacionit Vonde Pro (&#8220;Aplikacioni&#8221;), i operuar nga Vonde Technology (&#8220;ne&#8221;, &#8220;jon\u00eb&#8221;, ose &#8220;kompania&#8221;), q\u00eb ofron karta dixhitale biznesi, shkurtim URL-sh, menaxhim t\u00eb kodeve NFC dhe QR, si dhe integrim me Apple\/Google Wallet. Pranimi i [&hellip;]<\/p>\n","protected":false},"author":1,"featured_media":0,"parent":0,"menu_order":0,"comment_status":"closed","ping_status":"closed","template":"","meta":{"footnotes":""},"class_list":["post-29785","page","type-page","status-publish","hentry"],"yoast_head":"<!-- This site is optimized with the Yoast SEO plugin v24.7 - https:\/\/yoast.com\/wordpress\/plugins\/seo\/ -->\n<title>Kushtet e sh\u00ebrbimit p\u00ebr aplikacionin Vonde Pro - Vondetech<\/title>\n<meta name=\"robots\" content=\"index, follow, max-snippet:-1, max-image-preview:large, max-video-preview:-1\" \/>\n<link rel=\"canonical\" href=\"https:\/\/vondetech.com\/sq\/kushtet-e-sherbimit-per-aplikacionin-vonde-pro\/\" \/>\n<meta property=\"og:locale\" content=\"sq_AL\" \/>\n<meta property=\"og:type\" content=\"article\" \/>\n<meta property=\"og:title\" content=\"Kushtet e sh\u00ebrbimit p\u00ebr aplikacionin Vonde Pro - Vondetech\" \/>\n<meta property=\"og:description\" content=\"[vc_row][vc_column][vc_empty_space][vc_column_text el_class=&#8221;legal-text&#8221;]Data e hyrjes n\u00eb fuqi: 17 Mars 2025 Hyrje K\u00ebto Kushte t\u00eb Sh\u00ebrbimit (&#8220;Kushtet&#8221;) rregullojn\u00eb aksesin dhe p\u00ebrdorimin tuaj t\u00eb Aplikacionit Vonde Pro (&#8220;Aplikacioni&#8221;), i operuar nga Vonde Technology (&#8220;ne&#8221;, &#8220;jon\u00eb&#8221;, ose &#8220;kompania&#8221;), q\u00eb ofron karta dixhitale biznesi, shkurtim URL-sh, menaxhim t\u00eb kodeve NFC dhe QR, si dhe integrim me Apple\/Google Wallet. Pranimi i [&hellip;]\" \/>\n<meta property=\"og:url\" content=\"https:\/\/vondetech.com\/sq\/kushtet-e-sherbimit-per-aplikacionin-vonde-pro\/\" \/>\n<meta property=\"og:site_name\" content=\"Vondetech\" \/>\n<meta property=\"article:modified_time\" content=\"2025-05-06T09:15:55+00:00\" \/>\n<meta name=\"twitter:card\" content=\"summary_large_image\" \/>\n<meta name=\"twitter:label1\" content=\"Est. reading time\" \/>\n\t<meta name=\"twitter:data1\" content=\"2 minutes\" \/>\n<script type=\"application\/ld+json\" class=\"yoast-schema-graph\">{\"@context\":\"https:\/\/schema.org\",\"@graph\":[{\"@type\":\"WebPage\",\"@id\":\"https:\/\/vondetech.com\/sq\/kushtet-e-sherbimit-per-aplikacionin-vonde-pro\/\",\"url\":\"https:\/\/vondetech.com\/sq\/kushtet-e-sherbimit-per-aplikacionin-vonde-pro\/\",\"name\":\"Kushtet e sh\u00ebrbimit p\u00ebr aplikacionin Vonde Pro - Vondetech\",\"isPartOf\":{\"@id\":\"https:\/\/vondetech.com\/sq\/#website\"},\"datePublished\":\"2024-05-23T12:47:33+00:00\",\"dateModified\":\"2025-05-06T09:15:55+00:00\",\"breadcrumb\":{\"@id\":\"https:\/\/vondetech.com\/sq\/kushtet-e-sherbimit-per-aplikacionin-vonde-pro\/#breadcrumb\"},\"inLanguage\":\"sq-AL\",\"potentialAction\":[{\"@type\":\"ReadAction\",\"target\":[\"https:\/\/vondetech.com\/sq\/kushtet-e-sherbimit-per-aplikacionin-vonde-pro\/\"]}]},{\"@type\":\"BreadcrumbList\",\"@id\":\"https:\/\/vondetech.com\/sq\/kushtet-e-sherbimit-per-aplikacionin-vonde-pro\/#breadcrumb\",\"itemListElement\":[{\"@type\":\"ListItem\",\"position\":1,\"name\":\"Home\",\"item\":\"https:\/\/vondetech.com\/sq\/\"},{\"@type\":\"ListItem\",\"position\":2,\"name\":\"Kushtet e sh\u00ebrbimit p\u00ebr aplikacionin Vonde Pro\"}]},{\"@type\":\"WebSite\",\"@id\":\"https:\/\/vondetech.com\/sq\/#website\",\"url\":\"https:\/\/vondetech.com\/sq\/\",\"name\":\"Vondetech\",\"description\":\"\",\"potentialAction\":[{\"@type\":\"SearchAction\",\"target\":{\"@type\":\"EntryPoint\",\"urlTemplate\":\"https:\/\/vondetech.com\/sq\/?s={search_term_string}\"},\"query-input\":{\"@type\":\"PropertyValueSpecification\",\"valueRequired\":true,\"valueName\":\"search_term_string\"}}],\"inLanguage\":\"sq-AL\"}]}<\/script>\n<!-- \/ Yoast SEO plugin. -->","yoast_head_json":{"title":"Kushtet e sh\u00ebrbimit p\u00ebr aplikacionin Vonde Pro - Vondetech","robots":{"index":"index","follow":"follow","max-snippet":"max-snippet:-1","max-image-preview":"max-image-preview:large","max-video-preview":"max-video-preview:-1"},"canonical":"https:\/\/vondetech.com\/sq\/kushtet-e-sherbimit-per-aplikacionin-vonde-pro\/","og_locale":"sq_AL","og_type":"article","og_title":"Kushtet e sh\u00ebrbimit p\u00ebr aplikacionin Vonde Pro - Vondetech","og_description":"[vc_row][vc_column][vc_empty_space][vc_column_text el_class=&#8221;legal-text&#8221;]Data e hyrjes n\u00eb fuqi: 17 Mars 2025 Hyrje K\u00ebto Kushte t\u00eb Sh\u00ebrbimit (&#8220;Kushtet&#8221;) rregullojn\u00eb aksesin dhe p\u00ebrdorimin tuaj t\u00eb Aplikacionit Vonde Pro (&#8220;Aplikacioni&#8221;), i operuar nga Vonde Technology (&#8220;ne&#8221;, &#8220;jon\u00eb&#8221;, ose &#8220;kompania&#8221;), q\u00eb ofron karta dixhitale biznesi, shkurtim URL-sh, menaxhim t\u00eb kodeve NFC dhe QR, si dhe integrim me Apple\/Google Wallet. Pranimi i [&hellip;]","og_url":"https:\/\/vondetech.com\/sq\/kushtet-e-sherbimit-per-aplikacionin-vonde-pro\/","og_site_name":"Vondetech","article_modified_time":"2025-05-06T09:15:55+00:00","twitter_card":"summary_large_image","twitter_misc":{"Est. reading time":"2 minutes"},"schema":{"@context":"https:\/\/schema.org","@graph":[{"@type":"WebPage","@id":"https:\/\/vondetech.com\/sq\/kushtet-e-sherbimit-per-aplikacionin-vonde-pro\/","url":"https:\/\/vondetech.com\/sq\/kushtet-e-sherbimit-per-aplikacionin-vonde-pro\/","name":"Kushtet e sh\u00ebrbimit p\u00ebr aplikacionin Vonde Pro - Vondetech","isPartOf":{"@id":"https:\/\/vondetech.com\/sq\/#website"},"datePublished":"2024-05-23T12:47:33+00:00","dateModified":"2025-05-06T09:15:55+00:00","breadcrumb":{"@id":"https:\/\/vondetech.com\/sq\/kushtet-e-sherbimit-per-aplikacionin-vonde-pro\/#breadcrumb"},"inLanguage":"sq-AL","potentialAction":[{"@type":"ReadAction","target":["https:\/\/vondetech.com\/sq\/kushtet-e-sherbimit-per-aplikacionin-vonde-pro\/"]}]},{"@type":"BreadcrumbList","@id":"https:\/\/vondetech.com\/sq\/kushtet-e-sherbimit-per-aplikacionin-vonde-pro\/#breadcrumb","itemListElement":[{"@type":"ListItem","position":1,"name":"Home","item":"https:\/\/vondetech.com\/sq\/"},{"@type":"ListItem","position":2,"name":"Kushtet e sh\u00ebrbimit p\u00ebr aplikacionin Vonde Pro"}]},{"@type":"WebSite","@id":"https:\/\/vondetech.com\/sq\/#website","url":"https:\/\/vondetech.com\/sq\/","name":"Vondetech","description":"","potentialAction":[{"@type":"SearchAction","target":{"@type":"EntryPoint","urlTemplate":"https:\/\/vondetech.com\/sq\/?s={search_term_string}"},"query-input":{"@type":"PropertyValueSpecification","valueRequired":true,"valueName":"search_term_string"}}],"inLanguage":"sq-AL"}]}},"_links":{"self":[{"href":"https:\/\/vondetech.com\/sq\/wp-json\/wp\/v2\/pages\/29785","targetHints":{"allow":["GET"]}}],"collection":[{"href":"https:\/\/vondetech.com\/sq\/wp-json\/wp\/v2\/pages"}],"about":[{"href":"https:\/\/vondetech.com\/sq\/wp-json\/wp\/v2\/types\/page"}],"author":[{"embeddable":true,"href":"https:\/\/vondetech.com\/sq\/wp-json\/wp\/v2\/users\/1"}],"replies":[{"embeddable":true,"href":"https:\/\/vondetech.com\/sq\/wp-json\/wp\/v2\/comments?post=29785"}],"version-history":[{"count":1,"href":"https:\/\/vondetech.com\/sq\/wp-json\/wp\/v2\/pages\/29785\/revisions"}],"predecessor-version":[{"id":29786,"href":"https:\/\/vondetech.com\/sq\/wp-json\/wp\/v2\/pages\/29785\/revisions\/29786"}],"wp:attachment":[{"href":"https:\/\/vondetech.com\/sq\/wp-json\/wp\/v2\/media?parent=29785"}],"curies":[{"name":"wp","href":"https:\/\/api.w.org\/{rel}","templated":true}]}}