{"id":29779,"date":"2025-03-19T09:20:16","date_gmt":"2025-03-19T08:20:16","guid":{"rendered":"https:\/\/vondetech.com\/?page_id=29779"},"modified":"2025-05-06T11:15:27","modified_gmt":"2025-05-06T09:15:27","slug":"imprint-per-aplikacionin-vonde-pro","status":"publish","type":"page","link":"https:\/\/vondetech.com\/sq\/imprint-per-aplikacionin-vonde-pro\/","title":{"rendered":"Imprint p\u00ebr Aplikacionin Vonde Pro"},"content":{"rendered":"<div class=\"wpb-content-wrapper\"><p>[vc_row][vc_column][vc_empty_space][vc_column_text el_class=&#8221;legal-text&#8221;]<strong>Informacioni i Kompanis\u00eb:<\/strong><\/p>\n<p>Vonde Technology<\/p>\n<p><strong>Rreth Vonde Technology LLC:<\/strong><\/p>\n<p>Aplikacioni Vonde Pro \u00ebsht\u00eb nj\u00eb aplikacion inovativ mobil i zhvilluar dhe operuar p\u00ebrmes bashk\u00ebpunimit t\u00eb dy entiteteve:<\/p>\n<ul>\n<li>Vonde Technology LLC (SHBA) menaxhon tregjet globale dhe zgjerimin nd\u00ebrkomb\u00ebtar.<\/li>\n<li>KMAK Kelet-Magyarorsz\u00e1gi Adatk\u00f6zpont Kft. (Evrop\u00eb, Hungari) merret me zhvillimin dhe detyrat operacionale t\u00eb lidhura.<\/li>\n<\/ul>\n<p><strong>Operuar nga:<\/strong><\/p>\n<p>KMAK Kelet-Magyarorsz\u00e1gi Adatk\u00f6zpont Kft.<\/p>\n<p><strong>Adresa e Regjistruar:<\/strong><\/p>\n<p>H-5000 Szolnok, Szap\u00e1ry utca 20. Hungari<\/p>\n<p><strong>Informacion Kontakti:<\/strong><\/p>\n<p>Email: info@vondetechnology.com<\/p>\n<p><strong>Drejtori Menaxhues:<\/strong><\/p>\n<p>Laszlo Berta<\/p>\n<p><strong>Regjistrimi i Kompanis\u00eb:<\/strong><\/p>\n<p>D-U-N-S: 401605625<\/p>\n<p>Gjykata e Regjistrimit: [Sh\u00ebnoni Gjykat\u00ebn e Regjistrimit, p.sh., Gjykata Rajonale e Szolnokut]<\/p>\n<p><strong>Numri i Identifikimit t\u00eb TVSH-s\u00eb:<\/strong><\/p>\n<p>HU24373427<\/p>\n<p><strong>Zyrtari p\u00ebr Mbrojtjen e t\u00eb Dh\u00ebnave:<\/strong><\/p>\n<p>P\u00ebr pyetje n\u00eb lidhje me mbrojtjen e t\u00eb dh\u00ebnave, ju lutemi kontaktoni Zyrtarin ton\u00eb p\u00ebr Mbrojtjen e t\u00eb Dh\u00ebnave n\u00eb:<\/p>\n<p>Email: info@vondetechnology.com<\/p>\n<p><strong>Mohimi i P\u00ebrgjegj\u00ebsis\u00eb:<\/strong><\/p>\n<p>Pavar\u00ebsisht kontrollit t\u00eb kujdessh\u00ebm t\u00eb p\u00ebrmbajtjes, nuk marrim p\u00ebrgjegj\u00ebsi p\u00ebr p\u00ebrmbajtjen e lidhjeve t\u00eb jashtme. Operator\u00ebt e faqeve t\u00eb lidhura jan\u00eb vet\u00ebm p\u00ebrgjegj\u00ebs p\u00ebr p\u00ebrmbajtjen e tyre.<\/p>\n<p><strong>Zgjidhja e Mosmarr\u00ebveshjeve:<\/strong><\/p>\n<p>N\u00eb p\u00ebrputhje me rregulloret e BE-s\u00eb, mosmarr\u00ebveshjet mund t\u00eb zgjidhen p\u00ebrmes platform\u00ebs s\u00eb Zgjidhjes Online t\u00eb Mosmarr\u00ebveshjeve t\u00eb Komisionit Evropian: http:\/\/ec.europa.eu\/consumers\/odr<\/p>\n<p><strong>Informacion Kontakti:<\/strong><\/p>\n<p>P\u00ebr pyetje t\u00eb p\u00ebrgjithshme:<\/p>\n<p>Email: info@vondetechnology.com<\/p>\n<p>Ky Impresszum p\u00ebrputhet me rregulloret dhe standardet e BE-s\u00eb q\u00eb zbatohen p\u00ebr subjektet tregtare q\u00eb veprojn\u00eb brenda tregjeve t\u00eb Bashkimit Evropian.[\/vc_column_text][\/vc_column][\/vc_row]<\/p>\n<\/div>","protected":false},"excerpt":{"rendered":"<p>[vc_row][vc_column][vc_empty_space][vc_column_text el_class=&#8221;legal-text&#8221;]Informacioni i Kompanis\u00eb: Vonde Technology Rreth Vonde Technology LLC: Aplikacioni Vonde Pro \u00ebsht\u00eb nj\u00eb aplikacion inovativ mobil i zhvilluar dhe operuar p\u00ebrmes bashk\u00ebpunimit t\u00eb dy entiteteve: Vonde Technology LLC (SHBA) menaxhon tregjet globale dhe zgjerimin nd\u00ebrkomb\u00ebtar. KMAK Kelet-Magyarorsz\u00e1gi Adatk\u00f6zpont Kft. (Evrop\u00eb, Hungari) merret me zhvillimin dhe detyrat operacionale t\u00eb lidhura. Operuar nga: KMAK Kelet-Magyarorsz\u00e1gi [&hellip;]<\/p>\n","protected":false},"author":1,"featured_media":0,"parent":0,"menu_order":0,"comment_status":"closed","ping_status":"closed","template":"","meta":{"footnotes":""},"class_list":["post-29779","page","type-page","status-publish","hentry"],"yoast_head":"<!-- This site is optimized with the Yoast SEO plugin v24.7 - https:\/\/yoast.com\/wordpress\/plugins\/seo\/ -->\n<title>Imprint p\u00ebr Aplikacionin Vonde Pro - Vondetech<\/title>\n<meta name=\"robots\" content=\"index, follow, max-snippet:-1, max-image-preview:large, max-video-preview:-1\" \/>\n<link rel=\"canonical\" href=\"https:\/\/vondetech.com\/sq\/imprint-per-aplikacionin-vonde-pro\/\" \/>\n<meta property=\"og:locale\" content=\"sq_AL\" \/>\n<meta property=\"og:type\" content=\"article\" \/>\n<meta property=\"og:title\" content=\"Imprint p\u00ebr Aplikacionin Vonde Pro - Vondetech\" \/>\n<meta property=\"og:description\" content=\"[vc_row][vc_column][vc_empty_space][vc_column_text el_class=&#8221;legal-text&#8221;]Informacioni i Kompanis\u00eb: Vonde Technology Rreth Vonde Technology LLC: Aplikacioni Vonde Pro \u00ebsht\u00eb nj\u00eb aplikacion inovativ mobil i zhvilluar dhe operuar p\u00ebrmes bashk\u00ebpunimit t\u00eb dy entiteteve: Vonde Technology LLC (SHBA) menaxhon tregjet globale dhe zgjerimin nd\u00ebrkomb\u00ebtar. KMAK Kelet-Magyarorsz\u00e1gi Adatk\u00f6zpont Kft. (Evrop\u00eb, Hungari) merret me zhvillimin dhe detyrat operacionale t\u00eb lidhura. Operuar nga: KMAK Kelet-Magyarorsz\u00e1gi [&hellip;]\" \/>\n<meta property=\"og:url\" content=\"https:\/\/vondetech.com\/sq\/imprint-per-aplikacionin-vonde-pro\/\" \/>\n<meta property=\"og:site_name\" content=\"Vondetech\" \/>\n<meta property=\"article:modified_time\" content=\"2025-05-06T09:15:27+00:00\" \/>\n<meta name=\"twitter:card\" content=\"summary_large_image\" \/>\n<meta name=\"twitter:label1\" content=\"Est. reading time\" \/>\n\t<meta name=\"twitter:data1\" content=\"1 minute\" \/>\n<script type=\"application\/ld+json\" class=\"yoast-schema-graph\">{\"@context\":\"https:\/\/schema.org\",\"@graph\":[{\"@type\":\"WebPage\",\"@id\":\"https:\/\/vondetech.com\/sq\/imprint-per-aplikacionin-vonde-pro\/\",\"url\":\"https:\/\/vondetech.com\/sq\/imprint-per-aplikacionin-vonde-pro\/\",\"name\":\"Imprint p\u00ebr Aplikacionin Vonde Pro - Vondetech\",\"isPartOf\":{\"@id\":\"https:\/\/vondetech.com\/sq\/#website\"},\"datePublished\":\"2025-03-19T08:20:16+00:00\",\"dateModified\":\"2025-05-06T09:15:27+00:00\",\"breadcrumb\":{\"@id\":\"https:\/\/vondetech.com\/sq\/imprint-per-aplikacionin-vonde-pro\/#breadcrumb\"},\"inLanguage\":\"sq-AL\",\"potentialAction\":[{\"@type\":\"ReadAction\",\"target\":[\"https:\/\/vondetech.com\/sq\/imprint-per-aplikacionin-vonde-pro\/\"]}]},{\"@type\":\"BreadcrumbList\",\"@id\":\"https:\/\/vondetech.com\/sq\/imprint-per-aplikacionin-vonde-pro\/#breadcrumb\",\"itemListElement\":[{\"@type\":\"ListItem\",\"position\":1,\"name\":\"Home\",\"item\":\"https:\/\/vondetech.com\/sq\/\"},{\"@type\":\"ListItem\",\"position\":2,\"name\":\"Imprint p\u00ebr Aplikacionin Vonde Pro\"}]},{\"@type\":\"WebSite\",\"@id\":\"https:\/\/vondetech.com\/sq\/#website\",\"url\":\"https:\/\/vondetech.com\/sq\/\",\"name\":\"Vondetech\",\"description\":\"\",\"potentialAction\":[{\"@type\":\"SearchAction\",\"target\":{\"@type\":\"EntryPoint\",\"urlTemplate\":\"https:\/\/vondetech.com\/sq\/?s={search_term_string}\"},\"query-input\":{\"@type\":\"PropertyValueSpecification\",\"valueRequired\":true,\"valueName\":\"search_term_string\"}}],\"inLanguage\":\"sq-AL\"}]}<\/script>\n<!-- \/ Yoast SEO plugin. -->","yoast_head_json":{"title":"Imprint p\u00ebr Aplikacionin Vonde Pro - Vondetech","robots":{"index":"index","follow":"follow","max-snippet":"max-snippet:-1","max-image-preview":"max-image-preview:large","max-video-preview":"max-video-preview:-1"},"canonical":"https:\/\/vondetech.com\/sq\/imprint-per-aplikacionin-vonde-pro\/","og_locale":"sq_AL","og_type":"article","og_title":"Imprint p\u00ebr Aplikacionin Vonde Pro - Vondetech","og_description":"[vc_row][vc_column][vc_empty_space][vc_column_text el_class=&#8221;legal-text&#8221;]Informacioni i Kompanis\u00eb: Vonde Technology Rreth Vonde Technology LLC: Aplikacioni Vonde Pro \u00ebsht\u00eb nj\u00eb aplikacion inovativ mobil i zhvilluar dhe operuar p\u00ebrmes bashk\u00ebpunimit t\u00eb dy entiteteve: Vonde Technology LLC (SHBA) menaxhon tregjet globale dhe zgjerimin nd\u00ebrkomb\u00ebtar. KMAK Kelet-Magyarorsz\u00e1gi Adatk\u00f6zpont Kft. (Evrop\u00eb, Hungari) merret me zhvillimin dhe detyrat operacionale t\u00eb lidhura. Operuar nga: KMAK Kelet-Magyarorsz\u00e1gi [&hellip;]","og_url":"https:\/\/vondetech.com\/sq\/imprint-per-aplikacionin-vonde-pro\/","og_site_name":"Vondetech","article_modified_time":"2025-05-06T09:15:27+00:00","twitter_card":"summary_large_image","twitter_misc":{"Est. reading time":"1 minute"},"schema":{"@context":"https:\/\/schema.org","@graph":[{"@type":"WebPage","@id":"https:\/\/vondetech.com\/sq\/imprint-per-aplikacionin-vonde-pro\/","url":"https:\/\/vondetech.com\/sq\/imprint-per-aplikacionin-vonde-pro\/","name":"Imprint p\u00ebr Aplikacionin Vonde Pro - Vondetech","isPartOf":{"@id":"https:\/\/vondetech.com\/sq\/#website"},"datePublished":"2025-03-19T08:20:16+00:00","dateModified":"2025-05-06T09:15:27+00:00","breadcrumb":{"@id":"https:\/\/vondetech.com\/sq\/imprint-per-aplikacionin-vonde-pro\/#breadcrumb"},"inLanguage":"sq-AL","potentialAction":[{"@type":"ReadAction","target":["https:\/\/vondetech.com\/sq\/imprint-per-aplikacionin-vonde-pro\/"]}]},{"@type":"BreadcrumbList","@id":"https:\/\/vondetech.com\/sq\/imprint-per-aplikacionin-vonde-pro\/#breadcrumb","itemListElement":[{"@type":"ListItem","position":1,"name":"Home","item":"https:\/\/vondetech.com\/sq\/"},{"@type":"ListItem","position":2,"name":"Imprint p\u00ebr Aplikacionin Vonde Pro"}]},{"@type":"WebSite","@id":"https:\/\/vondetech.com\/sq\/#website","url":"https:\/\/vondetech.com\/sq\/","name":"Vondetech","description":"","potentialAction":[{"@type":"SearchAction","target":{"@type":"EntryPoint","urlTemplate":"https:\/\/vondetech.com\/sq\/?s={search_term_string}"},"query-input":{"@type":"PropertyValueSpecification","valueRequired":true,"valueName":"search_term_string"}}],"inLanguage":"sq-AL"}]}},"_links":{"self":[{"href":"https:\/\/vondetech.com\/sq\/wp-json\/wp\/v2\/pages\/29779","targetHints":{"allow":["GET"]}}],"collection":[{"href":"https:\/\/vondetech.com\/sq\/wp-json\/wp\/v2\/pages"}],"about":[{"href":"https:\/\/vondetech.com\/sq\/wp-json\/wp\/v2\/types\/page"}],"author":[{"embeddable":true,"href":"https:\/\/vondetech.com\/sq\/wp-json\/wp\/v2\/users\/1"}],"replies":[{"embeddable":true,"href":"https:\/\/vondetech.com\/sq\/wp-json\/wp\/v2\/comments?post=29779"}],"version-history":[{"count":2,"href":"https:\/\/vondetech.com\/sq\/wp-json\/wp\/v2\/pages\/29779\/revisions"}],"predecessor-version":[{"id":29789,"href":"https:\/\/vondetech.com\/sq\/wp-json\/wp\/v2\/pages\/29779\/revisions\/29789"}],"wp:attachment":[{"href":"https:\/\/vondetech.com\/sq\/wp-json\/wp\/v2\/media?parent=29779"}],"curies":[{"name":"wp","href":"https:\/\/api.w.org\/{rel}","templated":true}]}}