{"id":29777,"date":"2025-03-19T09:19:24","date_gmt":"2025-03-19T08:19:24","guid":{"rendered":"https:\/\/vondetech.com\/?page_id=29777"},"modified":"2025-05-06T11:16:31","modified_gmt":"2025-05-06T09:16:31","slug":"marreveshja-e-licences-se-perdoruesit-fundor","status":"publish","type":"page","link":"https:\/\/vondetech.com\/sq\/marreveshja-e-licences-se-perdoruesit-fundor\/","title":{"rendered":"Marr\u00ebveshja e Licenc\u00ebs s\u00eb P\u00ebrdoruesit Fundor"},"content":{"rendered":"<div class=\"wpb-content-wrapper\"><p>[vc_row][vc_column][vc_empty_space][vc_column_text el_class=&#8221;legal-text&#8221;]<strong>E R\u00cbND\u00cbSISHME \u2013 LEXONI ME KUJDES:<\/strong> Kjo Marr\u00ebveshje e Licenc\u00ebs s\u00eb P\u00ebrdoruesit t\u00eb Fundit (&#8220;EULA&#8221;) \u00ebsht\u00eb nj\u00eb marr\u00ebveshje ligjore nd\u00ebrmjet jush (&#8220;Licencuar&#8221; ose &#8220;ju&#8221;) dhe KMAK Kelet-Magyarorsz\u00e1gi Adatk\u00f6zpont Kft. (&#8220;Licensues&#8221; ose &#8220;ne&#8221;) p\u00ebr aplikacionin softuerik Vonde Pro (&#8220;Aplikacioni&#8221;). Duke instaluar, kopjuar ose p\u00ebrdorur ndryshe Aplikacionin, ju pranoni t\u00eb jeni t\u00eb lidhur me kushtet e k\u00ebsaj EULA. N\u00ebse nuk jeni dakord me kushtet e k\u00ebsaj EULA, mos e instaloni ose p\u00ebrdorni Aplikacionin.<\/p>\n<ol>\n<li><strong> Dh\u00ebnia e Licenc\u00ebs:<\/strong><\/li>\n<\/ol>\n<p>Licensuesi ju jep nj\u00eb licenc\u00eb t\u00eb kufizuar, jo-ekskluzive, t\u00eb patransferueshme dhe t\u00eb revokueshme p\u00ebr t\u00eb p\u00ebrdorur Aplikacionin n\u00eb nj\u00eb pajisje mobile t\u00eb vetme p\u00ebr p\u00ebrdorim personal, jo-komercial.<\/p>\n<ol start=\"2\">\n<li><strong> Kufizime:<\/strong><\/li>\n<\/ol>\n<p>Ju nuk duhet t\u00eb:<\/p>\n<ul>\n<li>Modifikoni, p\u00ebrshtatni ose zhb\u00ebni inxhinierin\u00eb e Aplikacionit, ose t\u00eb p\u00ebrpiqeni t\u00eb nxirrni kodin burimor t\u00eb tij.<\/li>\n<li>P\u00ebrdorni Aplikacionin p\u00ebr q\u00ebllime komerciale, ose ta shisni, shp\u00ebrndani, jepni me qira, sublicensoni, huazoni ose ta transferoni ndryshe tek pal\u00eb t\u00eb treta.<\/li>\n<li>Hiqni, ndryshoni ose mbuloni \u00e7do t\u00eb drejt\u00eb autori, mark\u00eb tregtare ose njoftim tjet\u00ebr pron\u00ebsor.<\/li>\n<li>P\u00ebrdorni Aplikacionin n\u00eb m\u00ebnyr\u00eb q\u00eb shkel ligje apo rregullore n\u00eb fuqi, cenon t\u00eb drejtat e pron\u00ebsis\u00eb intelektuale t\u00eb t\u00eb tjer\u00ebve, ose tenton t\u00eb anashkaloj\u00eb masat e siguris\u00eb t\u00eb Aplikacionit.<\/li>\n<li>P\u00ebrdorni Aplikacionin p\u00ebr aktivitete t\u00eb paligjshme, duke p\u00ebrfshir\u00eb por pa u kufizuar n\u00eb, transmetimin ose ruajtjen e materialeve t\u00eb paligjshme, ose p\u00ebrfshirjen n\u00eb ndonj\u00eb aktivitet q\u00eb mund t\u00eb d\u00ebmtoj\u00eb, \u00e7aktivizoj\u00eb, mbingarkoj\u00eb ose d\u00ebmtoj\u00eb Aplikacionin ose sh\u00ebrbimet e tij.<\/li>\n<\/ul>\n<ol start=\"3\">\n<li><strong> Prona:<\/strong><\/li>\n<\/ol>\n<p>Aplikacioni \u00ebsht\u00eb n\u00eb pron\u00ebsi t\u00eb Licensuesit dhe mbrohet nga ligjet e t\u00eb drejtave t\u00eb autorit dhe pron\u00ebsis\u00eb intelektuale. Licenca juaj nuk ju jep titull ose pron\u00ebsi mbi Aplikacionin.<\/p>\n<ol start=\"4\">\n<li><strong> Privat\u00ebsia:<\/strong><\/li>\n<\/ol>\n<p>P\u00ebrdorimi i Aplikacionit i n\u00ebnshtrohet Politik\u00ebs son\u00eb t\u00eb Privat\u00ebsis\u00eb, e cila p\u00ebrshkruan n\u00eb detaje praktikat tona t\u00eb mbledhjes, p\u00ebrpunimit dhe mbrojtjes s\u00eb t\u00eb dh\u00ebnave. Duke p\u00ebrdorur Aplikacionin, ju pranoni termat e p\u00ebrshkruara n\u00eb Politik\u00ebn e Privat\u00ebsis\u00eb. Mund ta gjeni Politik\u00ebn ton\u00eb t\u00eb Privat\u00ebsis\u00eb n\u00eb: [Lidhje p\u00ebr Politik\u00ebn e Privat\u00ebsis\u00eb]<\/p>\n<ol start=\"5\">\n<li><strong> Mohimi i Garancive:<\/strong><\/li>\n<\/ol>\n<p>Aplikacioni ofrohet &#8220;SI\u00c7 \u00cbSHT\u00cb&#8221; dhe &#8220;SI\u00c7 \u00cbSHT\u00cb I DISPONUESH\u00cbM&#8221;, pa asnj\u00eb garanci t\u00eb \u00e7far\u00ebdo lloji. Vonde Technology mohon \u00e7do garanci, qoft\u00eb e shprehur, e n\u00ebnkuptuar, ligjore ose ndryshe, p\u00ebrfshir\u00eb, por pa u kufizuar n\u00eb, garanci t\u00eb tregtueshm\u00ebris\u00eb, p\u00ebrshtatshm\u00ebris\u00eb p\u00ebr nj\u00eb q\u00ebllim t\u00eb ve\u00e7ant\u00eb, mos-shkelje dhe \u00e7do garanci q\u00eb lind nga marr\u00ebdh\u00ebniet ose zakonet tregtare.<\/p>\n<ol start=\"6\">\n<li><strong> Kufizimi i P\u00ebrgjegj\u00ebsis\u00eb:<\/strong><\/li>\n<\/ol>\n<p>N\u00eb mas\u00ebn maksimale t\u00eb lejuar nga ligji n\u00eb fuqi, Vonde Technology nuk do t\u00eb jet\u00eb p\u00ebrgjegj\u00ebse p\u00ebr ndonj\u00eb d\u00ebm t\u00eb t\u00ebrthort\u00eb, rast\u00ebsor, t\u00eb ve\u00e7ant\u00eb, pasues ose nd\u00ebshkues (p\u00ebrfshir\u00eb, pa kufizim, d\u00ebmet p\u00ebr humbjen e fitimeve, t\u00eb dh\u00ebnave ose p\u00ebrdorimit) q\u00eb dalin nga ose lidhen me p\u00ebrdorimin ose pamund\u00ebsin\u00eb p\u00ebr t\u00eb p\u00ebrdorur Aplikacionin, edhe n\u00ebse Vonde Technology \u00ebsht\u00eb informuar p\u00ebr mund\u00ebsin\u00eb e till\u00eb d\u00ebmi. P\u00ebrgjegj\u00ebsia totale e Vonde Technology ndaj jush p\u00ebr \u00e7do k\u00ebrkes\u00eb q\u00eb lind nga ose lidhet me k\u00ebt\u00eb EULA ose Aplikacionin do t\u00eb kufizohet n\u00eb shum\u00ebn e paguar nga ju, n\u00ebse ka, p\u00ebr aksesin n\u00eb Aplikacion.<\/p>\n<ol start=\"7\">\n<li><strong> D\u00ebmshp\u00ebrblim:<\/strong><\/li>\n<\/ol>\n<p>Ju pranoni t\u00eb d\u00ebmshp\u00ebrbleni dhe t\u00eb mbani t\u00eb pad\u00ebmtuar Vonde Technology, filialet e saj, punonj\u00ebsit, drejtor\u00ebt dhe agjent\u00ebt p\u00ebr \u00e7do k\u00ebrkes\u00eb, d\u00ebm, p\u00ebrgjegj\u00ebsi, humbje ose shpenzim (p\u00ebrfshir\u00eb tarifat e arsyeshme t\u00eb avokat\u00ebve) q\u00eb dalin nga keqp\u00ebrdorimi juaj i Aplikacionit, shkelja juaj e k\u00ebsaj EULA ose cenimi i ndonj\u00eb t\u00eb drejte t\u00eb pron\u00ebsis\u00eb intelektuale ose tjet\u00ebr t\u00eb ndonj\u00eb personi ose entiteti.<\/p>\n<ol start=\"8\">\n<li><strong> P\u00ebrfundimi:<\/strong><\/li>\n<\/ol>\n<p>Kjo EULA mbetet n\u00eb fuqi deri n\u00eb p\u00ebrfundimin e saj nga ju ose nga Licensuesi. Licensuesi mund ta p\u00ebrfundoj\u00eb k\u00ebt\u00eb EULA n\u00eb \u00e7do koh\u00eb n\u00ebse ju nuk p\u00ebrmbushni ndonj\u00eb nga kushtet e saj. Pas p\u00ebrfundimit, duhet t\u00eb nd\u00ebrprisni \u00e7do p\u00ebrdorim t\u00eb Aplikacionit dhe t\u00eb shkat\u00ebrroni t\u00eb gjitha kopjet e plota ose t\u00eb pjesshme t\u00eb tij.<\/p>\n<ol start=\"9\">\n<li><strong> Ligji n\u00eb Fuqi:<\/strong><\/li>\n<\/ol>\n<p>Kjo EULA rregullohet dhe interpretohet n\u00eb p\u00ebrputhje me ligjet e Hungaris\u00eb. \u00c7do mosmarr\u00ebveshje q\u00eb lind nga ose lidhet me k\u00ebt\u00eb EULA do t\u2019i n\u00ebnshtrohet juridiksionit ekskluziv t\u00eb gjykatave n\u00eb Budapest, Hungari.<\/p>\n<ol start=\"10\">\n<li><strong> Ndryshime n\u00eb k\u00ebt\u00eb EULA:<\/strong><\/li>\n<\/ol>\n<p>Ne ruajm\u00eb t\u00eb drejt\u00ebn p\u00ebr t\u00eb p\u00ebrdit\u00ebsuar ose modifikuar k\u00ebt\u00eb EULA n\u00eb m\u00ebnyr\u00eb periodike. Ndryshimet e r\u00ebnd\u00ebsishme do t\u00eb komunikohen p\u00ebrmes njoftimeve n\u00eb aplikacion, emailit t\u00eb regjistruar ose p\u00ebrmes nj\u00eb njoftimi n\u00eb Aplikacion ose n\u00eb faqen ton\u00eb t\u00eb internetit. Vazhdimi i p\u00ebrdorimit t\u00eb Aplikacionit pas k\u00ebtyre ndryshimeve p\u00ebrb\u00ebn pranimin tuaj ndaj EULA-s s\u00eb p\u00ebrdit\u00ebsuar.<\/p>\n<ol start=\"11\">\n<li><strong> Informacion Kontakti:<\/strong><\/li>\n<\/ol>\n<p>P\u00ebr pyetje lidhur me k\u00ebt\u00eb EULA ose \u00e7\u00ebshtje t\u00eb ngjashme, ju lutemi na kontaktoni n\u00eb:<\/p>\n<p>KMAK Kelet-Magyarorsz\u00e1gi Adatk\u00f6zpont Kft.<\/p>\n<p>H-5000 Szolnok, Szap\u00e1ry utca 20.<\/p>\n<p>Email: info@vondetechnology.com<\/p>\n<p>Faqja e internetit: https:\/\/www.vondetech.com<\/p>\n<ol start=\"12\">\n<li><strong> Marr\u00ebveshja e Plot\u00eb:<\/strong><\/li>\n<\/ol>\n<p>Kjo EULA p\u00ebrb\u00ebn marr\u00ebveshjen e plot\u00eb nd\u00ebrmjet jush dhe Licensuesit n\u00eb lidhje me Aplikacionin dhe z\u00ebvend\u00ebson t\u00eb gjitha komunikimet dhe propozimet e m\u00ebparshme ose bashk\u00ebkohore, qoft\u00eb verbale apo me shkrim.[\/vc_column_text][\/vc_column][\/vc_row]<\/p>\n<\/div>","protected":false},"excerpt":{"rendered":"<p>[vc_row][vc_column][vc_empty_space][vc_column_text el_class=&#8221;legal-text&#8221;]E R\u00cbND\u00cbSISHME \u2013 LEXONI ME KUJDES: Kjo Marr\u00ebveshje e Licenc\u00ebs s\u00eb P\u00ebrdoruesit t\u00eb Fundit (&#8220;EULA&#8221;) \u00ebsht\u00eb nj\u00eb marr\u00ebveshje ligjore nd\u00ebrmjet jush (&#8220;Licencuar&#8221; ose &#8220;ju&#8221;) dhe KMAK Kelet-Magyarorsz\u00e1gi Adatk\u00f6zpont Kft. (&#8220;Licensues&#8221; ose &#8220;ne&#8221;) p\u00ebr aplikacionin softuerik Vonde Pro (&#8220;Aplikacioni&#8221;). Duke instaluar, kopjuar ose p\u00ebrdorur ndryshe Aplikacionin, ju pranoni t\u00eb jeni t\u00eb lidhur me kushtet e [&hellip;]<\/p>\n","protected":false},"author":1,"featured_media":0,"parent":0,"menu_order":0,"comment_status":"closed","ping_status":"closed","template":"","meta":{"footnotes":""},"class_list":["post-29777","page","type-page","status-publish","hentry"],"yoast_head":"<!-- This site is optimized with the Yoast SEO plugin v24.7 - https:\/\/yoast.com\/wordpress\/plugins\/seo\/ -->\n<title>Marr\u00ebveshja e Licenc\u00ebs s\u00eb P\u00ebrdoruesit Fundor - Vondetech<\/title>\n<meta name=\"robots\" content=\"index, follow, max-snippet:-1, max-image-preview:large, max-video-preview:-1\" \/>\n<link rel=\"canonical\" href=\"https:\/\/vondetech.com\/sq\/marreveshja-e-licences-se-perdoruesit-fundor\/\" \/>\n<meta property=\"og:locale\" content=\"sq_AL\" \/>\n<meta property=\"og:type\" content=\"article\" \/>\n<meta property=\"og:title\" content=\"Marr\u00ebveshja e Licenc\u00ebs s\u00eb P\u00ebrdoruesit Fundor - Vondetech\" \/>\n<meta property=\"og:description\" content=\"[vc_row][vc_column][vc_empty_space][vc_column_text el_class=&#8221;legal-text&#8221;]E R\u00cbND\u00cbSISHME \u2013 LEXONI ME KUJDES: Kjo Marr\u00ebveshje e Licenc\u00ebs s\u00eb P\u00ebrdoruesit t\u00eb Fundit (&#8220;EULA&#8221;) \u00ebsht\u00eb nj\u00eb marr\u00ebveshje ligjore nd\u00ebrmjet jush (&#8220;Licencuar&#8221; ose &#8220;ju&#8221;) dhe KMAK Kelet-Magyarorsz\u00e1gi Adatk\u00f6zpont Kft. (&#8220;Licensues&#8221; ose &#8220;ne&#8221;) p\u00ebr aplikacionin softuerik Vonde Pro (&#8220;Aplikacioni&#8221;). Duke instaluar, kopjuar ose p\u00ebrdorur ndryshe Aplikacionin, ju pranoni t\u00eb jeni t\u00eb lidhur me kushtet e [&hellip;]\" \/>\n<meta property=\"og:url\" content=\"https:\/\/vondetech.com\/sq\/marreveshja-e-licences-se-perdoruesit-fundor\/\" \/>\n<meta property=\"og:site_name\" content=\"Vondetech\" \/>\n<meta property=\"article:modified_time\" content=\"2025-05-06T09:16:31+00:00\" \/>\n<meta name=\"twitter:card\" content=\"summary_large_image\" \/>\n<meta name=\"twitter:label1\" content=\"Est. reading time\" \/>\n\t<meta name=\"twitter:data1\" content=\"4 minutes\" \/>\n<script type=\"application\/ld+json\" class=\"yoast-schema-graph\">{\"@context\":\"https:\/\/schema.org\",\"@graph\":[{\"@type\":\"WebPage\",\"@id\":\"https:\/\/vondetech.com\/sq\/marreveshja-e-licences-se-perdoruesit-fundor\/\",\"url\":\"https:\/\/vondetech.com\/sq\/marreveshja-e-licences-se-perdoruesit-fundor\/\",\"name\":\"Marr\u00ebveshja e Licenc\u00ebs s\u00eb P\u00ebrdoruesit Fundor - Vondetech\",\"isPartOf\":{\"@id\":\"https:\/\/vondetech.com\/sq\/#website\"},\"datePublished\":\"2025-03-19T08:19:24+00:00\",\"dateModified\":\"2025-05-06T09:16:31+00:00\",\"breadcrumb\":{\"@id\":\"https:\/\/vondetech.com\/sq\/marreveshja-e-licences-se-perdoruesit-fundor\/#breadcrumb\"},\"inLanguage\":\"sq-AL\",\"potentialAction\":[{\"@type\":\"ReadAction\",\"target\":[\"https:\/\/vondetech.com\/sq\/marreveshja-e-licences-se-perdoruesit-fundor\/\"]}]},{\"@type\":\"BreadcrumbList\",\"@id\":\"https:\/\/vondetech.com\/sq\/marreveshja-e-licences-se-perdoruesit-fundor\/#breadcrumb\",\"itemListElement\":[{\"@type\":\"ListItem\",\"position\":1,\"name\":\"Home\",\"item\":\"https:\/\/vondetech.com\/sq\/\"},{\"@type\":\"ListItem\",\"position\":2,\"name\":\"Marr\u00ebveshja e Licenc\u00ebs s\u00eb P\u00ebrdoruesit Fundor\"}]},{\"@type\":\"WebSite\",\"@id\":\"https:\/\/vondetech.com\/sq\/#website\",\"url\":\"https:\/\/vondetech.com\/sq\/\",\"name\":\"Vondetech\",\"description\":\"\",\"potentialAction\":[{\"@type\":\"SearchAction\",\"target\":{\"@type\":\"EntryPoint\",\"urlTemplate\":\"https:\/\/vondetech.com\/sq\/?s={search_term_string}\"},\"query-input\":{\"@type\":\"PropertyValueSpecification\",\"valueRequired\":true,\"valueName\":\"search_term_string\"}}],\"inLanguage\":\"sq-AL\"}]}<\/script>\n<!-- \/ Yoast SEO plugin. -->","yoast_head_json":{"title":"Marr\u00ebveshja e Licenc\u00ebs s\u00eb P\u00ebrdoruesit Fundor - Vondetech","robots":{"index":"index","follow":"follow","max-snippet":"max-snippet:-1","max-image-preview":"max-image-preview:large","max-video-preview":"max-video-preview:-1"},"canonical":"https:\/\/vondetech.com\/sq\/marreveshja-e-licences-se-perdoruesit-fundor\/","og_locale":"sq_AL","og_type":"article","og_title":"Marr\u00ebveshja e Licenc\u00ebs s\u00eb P\u00ebrdoruesit Fundor - Vondetech","og_description":"[vc_row][vc_column][vc_empty_space][vc_column_text el_class=&#8221;legal-text&#8221;]E R\u00cbND\u00cbSISHME \u2013 LEXONI ME KUJDES: Kjo Marr\u00ebveshje e Licenc\u00ebs s\u00eb P\u00ebrdoruesit t\u00eb Fundit (&#8220;EULA&#8221;) \u00ebsht\u00eb nj\u00eb marr\u00ebveshje ligjore nd\u00ebrmjet jush (&#8220;Licencuar&#8221; ose &#8220;ju&#8221;) dhe KMAK Kelet-Magyarorsz\u00e1gi Adatk\u00f6zpont Kft. (&#8220;Licensues&#8221; ose &#8220;ne&#8221;) p\u00ebr aplikacionin softuerik Vonde Pro (&#8220;Aplikacioni&#8221;). Duke instaluar, kopjuar ose p\u00ebrdorur ndryshe Aplikacionin, ju pranoni t\u00eb jeni t\u00eb lidhur me kushtet e [&hellip;]","og_url":"https:\/\/vondetech.com\/sq\/marreveshja-e-licences-se-perdoruesit-fundor\/","og_site_name":"Vondetech","article_modified_time":"2025-05-06T09:16:31+00:00","twitter_card":"summary_large_image","twitter_misc":{"Est. reading time":"4 minutes"},"schema":{"@context":"https:\/\/schema.org","@graph":[{"@type":"WebPage","@id":"https:\/\/vondetech.com\/sq\/marreveshja-e-licences-se-perdoruesit-fundor\/","url":"https:\/\/vondetech.com\/sq\/marreveshja-e-licences-se-perdoruesit-fundor\/","name":"Marr\u00ebveshja e Licenc\u00ebs s\u00eb P\u00ebrdoruesit Fundor - Vondetech","isPartOf":{"@id":"https:\/\/vondetech.com\/sq\/#website"},"datePublished":"2025-03-19T08:19:24+00:00","dateModified":"2025-05-06T09:16:31+00:00","breadcrumb":{"@id":"https:\/\/vondetech.com\/sq\/marreveshja-e-licences-se-perdoruesit-fundor\/#breadcrumb"},"inLanguage":"sq-AL","potentialAction":[{"@type":"ReadAction","target":["https:\/\/vondetech.com\/sq\/marreveshja-e-licences-se-perdoruesit-fundor\/"]}]},{"@type":"BreadcrumbList","@id":"https:\/\/vondetech.com\/sq\/marreveshja-e-licences-se-perdoruesit-fundor\/#breadcrumb","itemListElement":[{"@type":"ListItem","position":1,"name":"Home","item":"https:\/\/vondetech.com\/sq\/"},{"@type":"ListItem","position":2,"name":"Marr\u00ebveshja e Licenc\u00ebs s\u00eb P\u00ebrdoruesit Fundor"}]},{"@type":"WebSite","@id":"https:\/\/vondetech.com\/sq\/#website","url":"https:\/\/vondetech.com\/sq\/","name":"Vondetech","description":"","potentialAction":[{"@type":"SearchAction","target":{"@type":"EntryPoint","urlTemplate":"https:\/\/vondetech.com\/sq\/?s={search_term_string}"},"query-input":{"@type":"PropertyValueSpecification","valueRequired":true,"valueName":"search_term_string"}}],"inLanguage":"sq-AL"}]}},"_links":{"self":[{"href":"https:\/\/vondetech.com\/sq\/wp-json\/wp\/v2\/pages\/29777","targetHints":{"allow":["GET"]}}],"collection":[{"href":"https:\/\/vondetech.com\/sq\/wp-json\/wp\/v2\/pages"}],"about":[{"href":"https:\/\/vondetech.com\/sq\/wp-json\/wp\/v2\/types\/page"}],"author":[{"embeddable":true,"href":"https:\/\/vondetech.com\/sq\/wp-json\/wp\/v2\/users\/1"}],"replies":[{"embeddable":true,"href":"https:\/\/vondetech.com\/sq\/wp-json\/wp\/v2\/comments?post=29777"}],"version-history":[{"count":1,"href":"https:\/\/vondetech.com\/sq\/wp-json\/wp\/v2\/pages\/29777\/revisions"}],"predecessor-version":[{"id":29778,"href":"https:\/\/vondetech.com\/sq\/wp-json\/wp\/v2\/pages\/29777\/revisions\/29778"}],"wp:attachment":[{"href":"https:\/\/vondetech.com\/sq\/wp-json\/wp\/v2\/media?parent=29777"}],"curies":[{"name":"wp","href":"https:\/\/api.w.org\/{rel}","templated":true}]}}