{"id":20962,"date":"2025-03-19T09:20:16","date_gmt":"2025-03-19T08:20:16","guid":{"rendered":"https:\/\/vondetech.com\/odtis-za-aplikacijo-vonde-pro\/"},"modified":"2025-03-20T15:59:42","modified_gmt":"2025-03-20T14:59:42","slug":"odtis-za-aplikacijo-vonde-pro","status":"publish","type":"page","link":"https:\/\/vondetech.com\/sl\/odtis-za-aplikacijo-vonde-pro\/","title":{"rendered":"Odtis za aplikacijo Vonde Pro"},"content":{"rendered":"<div class=\"wpb-content-wrapper\"><p>[vc_row][vc_column][vc_empty_space][vc_column_text el_class=&#8221;legal-text&#8221;]<strong>Informacije o podjetju:<\/strong><\/p>\n<p>Tehnologija Vonde<\/p>\n<p><strong>O podjetju Vonde Technology LLC:<\/strong><\/p>\n<p>Vonde Pro App je inovativna mobilna aplikacija, ki je bila razvita in deluje v sodelovanju dveh subjektov:<\/p>\n<ul>\n<li>Vonde Technology LLC (ZDA) upravlja globalne trge in mednarodno \u0161iritev.<\/li>\n<li>KMAK Kelet-Magyarorsz\u00e1gi Adatk\u00f6zpont Kft. (Evropa, Mad\u017earska) skrbi za razvoj in s tem povezane operativne naloge.<\/li>\n<\/ul>\n<p><strong>Upravlja ga:<\/strong><\/p>\n<p>KMAK Kelet-Magyarorsz\u00e1gi Adatk\u00f6zpont Kft.<\/p>\n<p><strong>Naslov sede\u017ea:<\/strong><\/p>\n<p>H-5000 Szolnok, Szap\u00e1ry utca 20. Mad\u017earska<\/p>\n<p><strong>Kontaktni podatki:<\/strong><\/p>\n<p>E-naslov: info@vondetechnology.com<\/p>\n<p><strong>Direktor:<\/strong><\/p>\n<p>Laszlo Berta<\/p>\n<p><strong>Registracija podjetja:<\/strong><\/p>\n<p>D-U-N-S: 401605625<\/p>\n<p>Sodni tajnik: [Navedite registrsko sodi\u0161\u010de, npr. Okro\u017eno sodi\u0161\u010de Szolnok]<\/p>\n<p><strong>Identifikacijska \u0161tevilka za DDV:<\/strong><\/p>\n<p>HU24373427<\/p>\n<p><strong>Poobla\u0161\u010dena oseba za varstvo podatkov:<\/strong><\/p>\n<p>Za poizvedbe o varstvu podatkov se obrnite na na\u0161ega poobla\u0161\u010denca za varstvo podatkov na:<\/p>\n<p>E-naslov: info@vondetechnology.com<\/p>\n<p><strong>Izjava o omejitvi odgovornosti:<\/strong><\/p>\n<p>Kljub skrbnemu spremljanju vsebine ne prevzemamo odgovornosti za vsebino zunanjih povezav. Za vsebino povezanih strani so odgovorni izklju\u010dno njihovi upravljavci. <\/p>\n<p><strong>Re\u0161evanje sporov:<\/strong><\/p>\n<p>V skladu s predpisi EU lahko spore re\u0161ujete prek platforme Komisije EU za spletno re\u0161evanje sporov: http:\/\/ec.europa.eu\/consumers\/odr.<\/p>\n<p><strong>Kontaktni podatki:<\/strong><\/p>\n<p>Za splo\u0161na vpra\u0161anja:<\/p>\n<p>E-naslov: info@vondetechnology.com<\/p>\n<p>Ta Impresszum je skladen s predpisi in standardi EU, ki veljajo za poslovne subjekte, ki poslujejo na trgih Evropske unije.[\/vc_column_text][\/vc_column][\/vc_row]<\/p>\n<\/div>","protected":false},"excerpt":{"rendered":"<p>[vc_row][vc_column][vc_empty_space][vc_column_text el_class=&#8221;legal-text&#8221;]Informacije o podjetju: Tehnologija Vonde O podjetju Vonde Technology LLC: Vonde Pro App je inovativna mobilna aplikacija, ki je bila razvita in deluje v sodelovanju dveh subjektov: Vonde Technology LLC (ZDA) upravlja globalne trge in mednarodno \u0161iritev. KMAK Kelet-Magyarorsz\u00e1gi Adatk\u00f6zpont Kft. (Evropa, Mad\u017earska) skrbi za razvoj in s tem povezane operativne naloge. Upravlja ga: [&hellip;]<\/p>\n","protected":false},"author":1,"featured_media":0,"parent":0,"menu_order":0,"comment_status":"closed","ping_status":"closed","template":"","meta":{"footnotes":""},"class_list":["post-20962","page","type-page","status-publish","hentry"],"yoast_head":"<!-- This site is optimized with the Yoast SEO plugin v24.7 - https:\/\/yoast.com\/wordpress\/plugins\/seo\/ -->\n<title>Odtis za aplikacijo Vonde Pro - Vondetech<\/title>\n<meta name=\"robots\" content=\"index, follow, max-snippet:-1, max-image-preview:large, max-video-preview:-1\" \/>\n<link rel=\"canonical\" href=\"https:\/\/vondetech.com\/sl\/odtis-za-aplikacijo-vonde-pro\/\" \/>\n<meta property=\"og:locale\" content=\"sl_SI\" \/>\n<meta property=\"og:type\" content=\"article\" \/>\n<meta property=\"og:title\" content=\"Odtis za aplikacijo Vonde Pro - Vondetech\" \/>\n<meta property=\"og:description\" content=\"[vc_row][vc_column][vc_empty_space][vc_column_text el_class=&#8221;legal-text&#8221;]Informacije o podjetju: Tehnologija Vonde O podjetju Vonde Technology LLC: Vonde Pro App je inovativna mobilna aplikacija, ki je bila razvita in deluje v sodelovanju dveh subjektov: Vonde Technology LLC (ZDA) upravlja globalne trge in mednarodno \u0161iritev. KMAK Kelet-Magyarorsz\u00e1gi Adatk\u00f6zpont Kft. (Evropa, Mad\u017earska) skrbi za razvoj in s tem povezane operativne naloge. Upravlja ga: [&hellip;]\" \/>\n<meta property=\"og:url\" content=\"https:\/\/vondetech.com\/sl\/odtis-za-aplikacijo-vonde-pro\/\" \/>\n<meta property=\"og:site_name\" content=\"Vondetech\" \/>\n<meta property=\"article:modified_time\" content=\"2025-03-20T14:59:42+00:00\" \/>\n<meta name=\"twitter:card\" content=\"summary_large_image\" \/>\n<meta name=\"twitter:label1\" content=\"Est. reading time\" \/>\n\t<meta name=\"twitter:data1\" content=\"1 minuta\" \/>\n<script type=\"application\/ld+json\" class=\"yoast-schema-graph\">{\"@context\":\"https:\/\/schema.org\",\"@graph\":[{\"@type\":\"WebPage\",\"@id\":\"https:\/\/vondetech.com\/sl\/odtis-za-aplikacijo-vonde-pro\/\",\"url\":\"https:\/\/vondetech.com\/sl\/odtis-za-aplikacijo-vonde-pro\/\",\"name\":\"Odtis za aplikacijo Vonde Pro - Vondetech\",\"isPartOf\":{\"@id\":\"https:\/\/vondetech.com\/sl\/#website\"},\"datePublished\":\"2025-03-19T08:20:16+00:00\",\"dateModified\":\"2025-03-20T14:59:42+00:00\",\"breadcrumb\":{\"@id\":\"https:\/\/vondetech.com\/sl\/odtis-za-aplikacijo-vonde-pro\/#breadcrumb\"},\"inLanguage\":\"sl-SI\",\"potentialAction\":[{\"@type\":\"ReadAction\",\"target\":[\"https:\/\/vondetech.com\/sl\/odtis-za-aplikacijo-vonde-pro\/\"]}]},{\"@type\":\"BreadcrumbList\",\"@id\":\"https:\/\/vondetech.com\/sl\/odtis-za-aplikacijo-vonde-pro\/#breadcrumb\",\"itemListElement\":[{\"@type\":\"ListItem\",\"position\":1,\"name\":\"Domov\",\"item\":\"https:\/\/vondetech.com\/sl\/domov\/\"},{\"@type\":\"ListItem\",\"position\":2,\"name\":\"Odtis za aplikacijo Vonde Pro\"}]},{\"@type\":\"WebSite\",\"@id\":\"https:\/\/vondetech.com\/sl\/#website\",\"url\":\"https:\/\/vondetech.com\/sl\/\",\"name\":\"Vondetech\",\"description\":\"\",\"potentialAction\":[{\"@type\":\"SearchAction\",\"target\":{\"@type\":\"EntryPoint\",\"urlTemplate\":\"https:\/\/vondetech.com\/sl\/?s={search_term_string}\"},\"query-input\":{\"@type\":\"PropertyValueSpecification\",\"valueRequired\":true,\"valueName\":\"search_term_string\"}}],\"inLanguage\":\"sl-SI\"}]}<\/script>\n<!-- \/ Yoast SEO plugin. -->","yoast_head_json":{"title":"Odtis za aplikacijo Vonde Pro - Vondetech","robots":{"index":"index","follow":"follow","max-snippet":"max-snippet:-1","max-image-preview":"max-image-preview:large","max-video-preview":"max-video-preview:-1"},"canonical":"https:\/\/vondetech.com\/sl\/odtis-za-aplikacijo-vonde-pro\/","og_locale":"sl_SI","og_type":"article","og_title":"Odtis za aplikacijo Vonde Pro - Vondetech","og_description":"[vc_row][vc_column][vc_empty_space][vc_column_text el_class=&#8221;legal-text&#8221;]Informacije o podjetju: Tehnologija Vonde O podjetju Vonde Technology LLC: Vonde Pro App je inovativna mobilna aplikacija, ki je bila razvita in deluje v sodelovanju dveh subjektov: Vonde Technology LLC (ZDA) upravlja globalne trge in mednarodno \u0161iritev. KMAK Kelet-Magyarorsz\u00e1gi Adatk\u00f6zpont Kft. (Evropa, Mad\u017earska) skrbi za razvoj in s tem povezane operativne naloge. Upravlja ga: [&hellip;]","og_url":"https:\/\/vondetech.com\/sl\/odtis-za-aplikacijo-vonde-pro\/","og_site_name":"Vondetech","article_modified_time":"2025-03-20T14:59:42+00:00","twitter_card":"summary_large_image","twitter_misc":{"Est. reading time":"1 minuta"},"schema":{"@context":"https:\/\/schema.org","@graph":[{"@type":"WebPage","@id":"https:\/\/vondetech.com\/sl\/odtis-za-aplikacijo-vonde-pro\/","url":"https:\/\/vondetech.com\/sl\/odtis-za-aplikacijo-vonde-pro\/","name":"Odtis za aplikacijo Vonde Pro - Vondetech","isPartOf":{"@id":"https:\/\/vondetech.com\/sl\/#website"},"datePublished":"2025-03-19T08:20:16+00:00","dateModified":"2025-03-20T14:59:42+00:00","breadcrumb":{"@id":"https:\/\/vondetech.com\/sl\/odtis-za-aplikacijo-vonde-pro\/#breadcrumb"},"inLanguage":"sl-SI","potentialAction":[{"@type":"ReadAction","target":["https:\/\/vondetech.com\/sl\/odtis-za-aplikacijo-vonde-pro\/"]}]},{"@type":"BreadcrumbList","@id":"https:\/\/vondetech.com\/sl\/odtis-za-aplikacijo-vonde-pro\/#breadcrumb","itemListElement":[{"@type":"ListItem","position":1,"name":"Domov","item":"https:\/\/vondetech.com\/sl\/domov\/"},{"@type":"ListItem","position":2,"name":"Odtis za aplikacijo Vonde Pro"}]},{"@type":"WebSite","@id":"https:\/\/vondetech.com\/sl\/#website","url":"https:\/\/vondetech.com\/sl\/","name":"Vondetech","description":"","potentialAction":[{"@type":"SearchAction","target":{"@type":"EntryPoint","urlTemplate":"https:\/\/vondetech.com\/sl\/?s={search_term_string}"},"query-input":{"@type":"PropertyValueSpecification","valueRequired":true,"valueName":"search_term_string"}}],"inLanguage":"sl-SI"}]}},"_links":{"self":[{"href":"https:\/\/vondetech.com\/sl\/wp-json\/wp\/v2\/pages\/20962","targetHints":{"allow":["GET"]}}],"collection":[{"href":"https:\/\/vondetech.com\/sl\/wp-json\/wp\/v2\/pages"}],"about":[{"href":"https:\/\/vondetech.com\/sl\/wp-json\/wp\/v2\/types\/page"}],"author":[{"embeddable":true,"href":"https:\/\/vondetech.com\/sl\/wp-json\/wp\/v2\/users\/1"}],"replies":[{"embeddable":true,"href":"https:\/\/vondetech.com\/sl\/wp-json\/wp\/v2\/comments?post=20962"}],"version-history":[{"count":2,"href":"https:\/\/vondetech.com\/sl\/wp-json\/wp\/v2\/pages\/20962\/revisions"}],"predecessor-version":[{"id":20977,"href":"https:\/\/vondetech.com\/sl\/wp-json\/wp\/v2\/pages\/20962\/revisions\/20977"}],"wp:attachment":[{"href":"https:\/\/vondetech.com\/sl\/wp-json\/wp\/v2\/media?parent=20962"}],"curies":[{"name":"wp","href":"https:\/\/api.w.org\/{rel}","templated":true}]}}