{"id":20782,"date":"2025-03-19T09:19:24","date_gmt":"2025-03-19T08:19:24","guid":{"rendered":"https:\/\/vondetech.com\/eula\/"},"modified":"2025-03-20T15:50:09","modified_gmt":"2025-03-20T14:50:09","slug":"eula","status":"publish","type":"page","link":"https:\/\/vondetech.com\/sl\/eula\/","title":{"rendered":"EULA"},"content":{"rendered":"<div class=\"wpb-content-wrapper\"><p>[vc_row][vc_column][vc_empty_space][vc_column_text el_class=&#8221;legal-text&#8221;]<strong>POMEMBNO &#8211; POZORNO PREBERITE:<\/strong> Ta licen\u010dna pogodba s kon\u010dnim uporabnikom (&#8220;EULA&#8221;) je pravni sporazum med vami (&#8220;imetnik licence&#8221; ali &#8220;vi&#8221;) in KMAK Kelet-Magyarorsz\u00e1gi Adatk\u00f6zpont Kft. (&#8220;Izdajatelj licence&#8221; ali &#8220;mi&#8221;) za programsko aplikacijo Vonde Pro App (&#8220;Aplikacija&#8221;). Z namestitvijo, kopiranjem ali drugo uporabo aplikacije se strinjate, da vas zavezujejo pogoji te licen\u010dne pogodbe EULA. \u010ce se ne strinjate s pogoji tega sporazuma EULA, aplikacije ne name\u0161\u010dajte in ne uporabljajte.   <\/p>\n<ol>\n<li><strong>  Podelitev licence:<\/strong><\/li>\n<\/ol>\n<p>Izdajatelj licence vam podeljuje omejeno, neizklju\u010dno, neprenosljivo in preklicno licenco za uporabo aplikacije v eni sami mobilni napravi za osebno, nekomercialno uporabo.<\/p>\n<ol start=\"2\">\n<li><strong>  Omejitve:<\/strong><\/li>\n<\/ol>\n<p>Ne sme\u0161:<\/p>\n<ul>\n<li>spreminjati, prilagajati ali izvajati povratnega in\u017eeniringa aplikacije ali posku\u0161ati pridobiti njeno izvorno kodo.<\/li>\n<li>uporabo aplikacije v komercialne namene ali prodajo, distribucijo, zakup, podlicenciranje, najem, posojanje ali druga\u010den prenos aplikacije tretjim osebam.<\/li>\n<li>odstranjevanje, spreminjanje ali zakrivanje obvestil o avtorskih pravicah, blagovnih znamkah ali drugih lastni\u0161kih pravicah.<\/li>\n<li>uporabo aplikacije na na\u010din, ki kr\u0161i veljavne zakone ali predpise, kr\u0161i pravice intelektualne lastnine drugih ali posku\u0161a zaobiti varnostne ukrepe aplikacije.<\/li>\n<li>Uporaba aplikacije za kakr\u0161no koli nezakonito dejavnost, med drugim tudi za prenos ali shranjevanje nezakonitega gradiva ali kakr\u0161no koli dejavnost, ki bi lahko po\u0161kodovala, onemogo\u010dila, preobremenila ali oslabila aplikacijo ali njene storitve.<\/li>\n<\/ul>\n<ol start=\"3\">\n<li><strong>  Lastni\u0161tvo:<\/strong><\/li>\n<\/ol>\n<p>Aplikacija je v lasti izdajatelja licence in je za\u0161\u010ditena z avtorskimi pravicami in drugimi zakoni o intelektualni lastnini. Va\u0161a licenca ne podeljuje nobenega naslova ali lastni\u0161tva na aplikaciji. <\/p>\n<ol start=\"4\">\n<li><strong>  Zasebnost:<\/strong><\/li>\n<\/ol>\n<p>Za uporabo aplikacije velja na\u0161 pravilnik o zasebnosti, ki podrobno opisuje na\u0161e postopke zbiranja, obdelave in za\u0161\u010dite podatkov. Z uporabo aplikacije se strinjate s pogoji, opisanimi v pravilniku o zasebnosti. Na\u0161 pravilnik o zasebnosti lahko najdete na naslovu:    [Link to Privacy Policy]<\/p>\n<ol start=\"5\">\n<li><strong>  Izjava o zavrnitvi jamstev:<\/strong><\/li>\n<\/ol>\n<p>Aplikacija je na voljo &#8220;KAKO JE&#8221; in &#8220;KAKO JE DOSTOPNA&#8221; brez kakr\u0161nih koli jamstev. Vonde Technology zavra\u010da vsa jamstva, izrecna, implicitna, zakonska ali druga, vklju\u010dno z, vendar ne omejeno na, implicitna jamstva o primernosti za prodajo, primernosti za dolo\u010den namen, ne\u0161kodljivosti in vsa jamstva, ki izhajajo iz na\u010dina poslovanja ali uporabe v trgovini. <\/p>\n<ol start=\"6\">\n<li><strong>  Omejitev odgovornosti:<\/strong><\/li>\n<\/ol>\n<p>V najve\u010djem obsegu, ki ga dovoljuje veljavna zakonodaja, dru\u017eba Vonde Technology v nobenem primeru ne bo odgovorna za kakr\u0161no koli posredno, naklju\u010dno, posebno, posledi\u010dno ali od\u0161kodninsko \u0161kodo (vklju\u010dno, brez omejitev, s \u0161kodo zaradi izgube dobi\u010dka, podatkov ali uporabe), ki izhaja iz va\u0161e uporabe ali nezmo\u017enosti uporabe aplikacije ali je z njo povezana, tudi \u010de je bila dru\u017eba Vonde Technology opozorjena na mo\u017enost tak\u0161ne \u0161kode. Celotna odgovornost dru\u017ebe Vonde Technology do vas za vse zahtevke, ki izhajajo iz ali so povezani s to licen\u010dno pogodbo ali aplikacijo, je omejena na znesek, ki ste ga pla\u010dali za dostop do aplikacije, \u010de ste ga pla\u010dali. <\/p>\n<ol start=\"7\">\n<li><strong>  Od\u0161kodnina:<\/strong><\/li>\n<\/ol>\n<p>Strinjate se, da boste dru\u017ebi Vonde Technology, njenim podru\u017enicam, zaposlenim, direktorjem in zastopnikom povrnili \u0161kodo in jih razbremenili vseh zahtevkov, od\u0161kodnin, obveznosti, izgub ali stro\u0161kov (vklju\u010dno z razumnimi odvetni\u0161kimi honorarji), ki izhajajo iz va\u0161e zlorabe aplikacije, va\u0161e kr\u0161itve tega sporazuma EULA ali va\u0161e kr\u0161itve pravic intelektualne lastnine ali drugih pravic katere koli osebe ali subjekta ali so z njo povezani.<\/p>\n<ol start=\"8\">\n<li><strong>  Prenehanje:<\/strong><\/li>\n<\/ol>\n<p>Ta licen\u010dna pogodba EULA velja, dokler je ne prekli\u010dete vi ali izdajatelj licence. Dajalec licence lahko kadar koli prekine ta LSPZ, \u010de ne izpolnjujete katerega koli pogoja(-ev) tega LSPZ. Po prekinitvi morate prenehati uporabljati aplikacijo in uni\u010diti vse popolne ali delne kopije aplikacije.  <\/p>\n<ol start=\"9\">\n<li><strong>  Pristojno pravo:<\/strong><\/li>\n<\/ol>\n<p>To pogodbo EULA urejajo in razlagajo zakoni Mad\u017earske. Za vse spore, ki izhajajo iz te pogodbe EULA ali so z njo povezani, so izklju\u010dno pristojna sodi\u0161\u010da v Budimpe\u0161ti na Mad\u017earskem. <\/p>\n<ol start=\"10\">\n<li><strong>  Spremembe tega sporazuma EULA:<\/strong><\/li>\n<\/ol>\n<p>Pridr\u017eujemo si pravico do ob\u010dasnega posodabljanja ali spreminjanja tega sporazuma EULA. O bistvenih spremembah vas bomo obvestili z obvestili aplikacije, registrirano e-po\u0161to ali z objavo obvestila v aplikaciji ali na na\u0161em spletnem mestu. Va\u0161a nadaljnja uporaba aplikacije po tak\u0161nih spremembah pomeni, da se strinjate s spremenjenim LEKS.  <\/p>\n<ol start=\"11\">\n<li><strong>  Kontaktni podatki:<\/strong><\/li>\n<\/ol>\n<p>Za vpra\u0161anja v zvezi s to licenco EULA ali drugimi povezanimi zadevami se obrnite na nas na:<\/p>\n<p>KMAK Kelet-Magyarorsz\u00e1gi Adatk\u00f6zpont Kft.<\/p>\n<p>H-5000 Szolnok, Szap\u00e1ry utca 20.<\/p>\n<p>E-naslov: info@vondetechnology.com<\/p>\n<p>Spletna stran: https:\/\/www.vondetech.com<\/p>\n<ol start=\"12\">\n<li><strong>  Celotna pogodba:<\/strong><\/li>\n<\/ol>\n<p>Ta licen\u010dna pogodba EULA predstavlja celotno pogodbo med vami in izdajateljem licence v zvezi z aplikacijo in nadome\u0161\u010da vsa predhodna ali so\u010dasna ustna ali pisna sporo\u010dila in predloge.[\/vc_column_text][\/vc_column][\/vc_row]<\/p>\n<\/div>","protected":false},"excerpt":{"rendered":"<p>[vc_row][vc_column][vc_empty_space][vc_column_text el_class=&#8221;legal-text&#8221;]POMEMBNO &#8211; POZORNO PREBERITE: Ta licen\u010dna pogodba s kon\u010dnim uporabnikom (&#8220;EULA&#8221;) je pravni sporazum med vami (&#8220;imetnik licence&#8221; ali &#8220;vi&#8221;) in KMAK Kelet-Magyarorsz\u00e1gi Adatk\u00f6zpont Kft. (&#8220;Izdajatelj licence&#8221; ali &#8220;mi&#8221;) za programsko aplikacijo Vonde Pro App (&#8220;Aplikacija&#8221;). Z namestitvijo, kopiranjem ali drugo uporabo aplikacije se strinjate, da vas zavezujejo pogoji te licen\u010dne pogodbe EULA. \u010ce [&hellip;]<\/p>\n","protected":false},"author":1,"featured_media":0,"parent":0,"menu_order":0,"comment_status":"closed","ping_status":"closed","template":"","meta":{"footnotes":""},"class_list":["post-20782","page","type-page","status-publish","hentry"],"yoast_head":"<!-- This site is optimized with the Yoast SEO plugin v24.7 - https:\/\/yoast.com\/wordpress\/plugins\/seo\/ -->\n<title>EULA - Vondetech<\/title>\n<meta name=\"robots\" content=\"index, follow, max-snippet:-1, max-image-preview:large, max-video-preview:-1\" \/>\n<link rel=\"canonical\" href=\"https:\/\/vondetech.com\/sl\/eula\/\" \/>\n<meta property=\"og:locale\" content=\"sl_SI\" \/>\n<meta property=\"og:type\" content=\"article\" \/>\n<meta property=\"og:title\" content=\"EULA - Vondetech\" \/>\n<meta property=\"og:description\" content=\"[vc_row][vc_column][vc_empty_space][vc_column_text el_class=&#8221;legal-text&#8221;]POMEMBNO &#8211; POZORNO PREBERITE: Ta licen\u010dna pogodba s kon\u010dnim uporabnikom (&#8220;EULA&#8221;) je pravni sporazum med vami (&#8220;imetnik licence&#8221; ali &#8220;vi&#8221;) in KMAK Kelet-Magyarorsz\u00e1gi Adatk\u00f6zpont Kft. (&#8220;Izdajatelj licence&#8221; ali &#8220;mi&#8221;) za programsko aplikacijo Vonde Pro App (&#8220;Aplikacija&#8221;). Z namestitvijo, kopiranjem ali drugo uporabo aplikacije se strinjate, da vas zavezujejo pogoji te licen\u010dne pogodbe EULA. \u010ce [&hellip;]\" \/>\n<meta property=\"og:url\" content=\"https:\/\/vondetech.com\/sl\/eula\/\" \/>\n<meta property=\"og:site_name\" content=\"Vondetech\" \/>\n<meta property=\"article:modified_time\" content=\"2025-03-20T14:50:09+00:00\" \/>\n<meta name=\"twitter:card\" content=\"summary_large_image\" \/>\n<meta name=\"twitter:label1\" content=\"Est. reading time\" \/>\n\t<meta name=\"twitter:data1\" content=\"4 minute\" \/>\n<script type=\"application\/ld+json\" class=\"yoast-schema-graph\">{\"@context\":\"https:\/\/schema.org\",\"@graph\":[{\"@type\":\"WebPage\",\"@id\":\"https:\/\/vondetech.com\/sl\/eula\/\",\"url\":\"https:\/\/vondetech.com\/sl\/eula\/\",\"name\":\"EULA - Vondetech\",\"isPartOf\":{\"@id\":\"https:\/\/vondetech.com\/sl\/#website\"},\"datePublished\":\"2025-03-19T08:19:24+00:00\",\"dateModified\":\"2025-03-20T14:50:09+00:00\",\"breadcrumb\":{\"@id\":\"https:\/\/vondetech.com\/sl\/eula\/#breadcrumb\"},\"inLanguage\":\"sl-SI\",\"potentialAction\":[{\"@type\":\"ReadAction\",\"target\":[\"https:\/\/vondetech.com\/sl\/eula\/\"]}]},{\"@type\":\"BreadcrumbList\",\"@id\":\"https:\/\/vondetech.com\/sl\/eula\/#breadcrumb\",\"itemListElement\":[{\"@type\":\"ListItem\",\"position\":1,\"name\":\"Domov\",\"item\":\"https:\/\/vondetech.com\/sl\/domov\/\"},{\"@type\":\"ListItem\",\"position\":2,\"name\":\"EULA\"}]},{\"@type\":\"WebSite\",\"@id\":\"https:\/\/vondetech.com\/sl\/#website\",\"url\":\"https:\/\/vondetech.com\/sl\/\",\"name\":\"Vondetech\",\"description\":\"\",\"potentialAction\":[{\"@type\":\"SearchAction\",\"target\":{\"@type\":\"EntryPoint\",\"urlTemplate\":\"https:\/\/vondetech.com\/sl\/?s={search_term_string}\"},\"query-input\":{\"@type\":\"PropertyValueSpecification\",\"valueRequired\":true,\"valueName\":\"search_term_string\"}}],\"inLanguage\":\"sl-SI\"}]}<\/script>\n<!-- \/ Yoast SEO plugin. -->","yoast_head_json":{"title":"EULA - Vondetech","robots":{"index":"index","follow":"follow","max-snippet":"max-snippet:-1","max-image-preview":"max-image-preview:large","max-video-preview":"max-video-preview:-1"},"canonical":"https:\/\/vondetech.com\/sl\/eula\/","og_locale":"sl_SI","og_type":"article","og_title":"EULA - Vondetech","og_description":"[vc_row][vc_column][vc_empty_space][vc_column_text el_class=&#8221;legal-text&#8221;]POMEMBNO &#8211; POZORNO PREBERITE: Ta licen\u010dna pogodba s kon\u010dnim uporabnikom (&#8220;EULA&#8221;) je pravni sporazum med vami (&#8220;imetnik licence&#8221; ali &#8220;vi&#8221;) in KMAK Kelet-Magyarorsz\u00e1gi Adatk\u00f6zpont Kft. (&#8220;Izdajatelj licence&#8221; ali &#8220;mi&#8221;) za programsko aplikacijo Vonde Pro App (&#8220;Aplikacija&#8221;). Z namestitvijo, kopiranjem ali drugo uporabo aplikacije se strinjate, da vas zavezujejo pogoji te licen\u010dne pogodbe EULA. \u010ce [&hellip;]","og_url":"https:\/\/vondetech.com\/sl\/eula\/","og_site_name":"Vondetech","article_modified_time":"2025-03-20T14:50:09+00:00","twitter_card":"summary_large_image","twitter_misc":{"Est. reading time":"4 minute"},"schema":{"@context":"https:\/\/schema.org","@graph":[{"@type":"WebPage","@id":"https:\/\/vondetech.com\/sl\/eula\/","url":"https:\/\/vondetech.com\/sl\/eula\/","name":"EULA - Vondetech","isPartOf":{"@id":"https:\/\/vondetech.com\/sl\/#website"},"datePublished":"2025-03-19T08:19:24+00:00","dateModified":"2025-03-20T14:50:09+00:00","breadcrumb":{"@id":"https:\/\/vondetech.com\/sl\/eula\/#breadcrumb"},"inLanguage":"sl-SI","potentialAction":[{"@type":"ReadAction","target":["https:\/\/vondetech.com\/sl\/eula\/"]}]},{"@type":"BreadcrumbList","@id":"https:\/\/vondetech.com\/sl\/eula\/#breadcrumb","itemListElement":[{"@type":"ListItem","position":1,"name":"Domov","item":"https:\/\/vondetech.com\/sl\/domov\/"},{"@type":"ListItem","position":2,"name":"EULA"}]},{"@type":"WebSite","@id":"https:\/\/vondetech.com\/sl\/#website","url":"https:\/\/vondetech.com\/sl\/","name":"Vondetech","description":"","potentialAction":[{"@type":"SearchAction","target":{"@type":"EntryPoint","urlTemplate":"https:\/\/vondetech.com\/sl\/?s={search_term_string}"},"query-input":{"@type":"PropertyValueSpecification","valueRequired":true,"valueName":"search_term_string"}}],"inLanguage":"sl-SI"}]}},"_links":{"self":[{"href":"https:\/\/vondetech.com\/sl\/wp-json\/wp\/v2\/pages\/20782","targetHints":{"allow":["GET"]}}],"collection":[{"href":"https:\/\/vondetech.com\/sl\/wp-json\/wp\/v2\/pages"}],"about":[{"href":"https:\/\/vondetech.com\/sl\/wp-json\/wp\/v2\/types\/page"}],"author":[{"embeddable":true,"href":"https:\/\/vondetech.com\/sl\/wp-json\/wp\/v2\/users\/1"}],"replies":[{"embeddable":true,"href":"https:\/\/vondetech.com\/sl\/wp-json\/wp\/v2\/comments?post=20782"}],"version-history":[{"count":2,"href":"https:\/\/vondetech.com\/sl\/wp-json\/wp\/v2\/pages\/20782\/revisions"}],"predecessor-version":[{"id":20801,"href":"https:\/\/vondetech.com\/sl\/wp-json\/wp\/v2\/pages\/20782\/revisions\/20801"}],"wp:attachment":[{"href":"https:\/\/vondetech.com\/sl\/wp-json\/wp\/v2\/media?parent=20782"}],"curies":[{"name":"wp","href":"https:\/\/api.w.org\/{rel}","templated":true}]}}