{"id":18129,"date":"2018-12-28T10:50:09","date_gmt":"2018-12-28T09:50:09","guid":{"rendered":"https:\/\/vondetech.com\/blog\/"},"modified":"2025-01-07T08:04:01","modified_gmt":"2025-01-07T07:04:01","slug":"blog","status":"publish","type":"page","link":"https:\/\/vondetech.com\/sl\/blog\/","title":{"rendered":"Blog"},"content":{"rendered":"<div class=\"wpb-content-wrapper\"><p>[vc_row][vc_column][vc_empty_space][vc_custom_heading text=&#8221;BLOG VONDETECH INSIGHTS&#8221; font_container=&#8221;tag:h2|font_size:32px|text_align:center|color:%23b0358b&#8221; use_theme_fonts=&#8221;yes&#8221;][vc_custom_heading text=&#8221;Digitalne poslovne inovacije: Dana\u0161nje tehnologije za prihodnost: inovativne digitalne inovacije: dana\u0161nje tehnologije za prihodnost&#8221; font_container=&#8221;tag:h2|font_size:24px|text_align:center|color:%23000000&#8243; use_theme_fonts=&#8221;yes&#8221;][vc_empty_space height=&#8221;10px&#8221;][vc_column_text]Dobrodo\u0161li v publikaciji &#8220;Digitalne poslovne inovacije: Na spletni strani bloga &#8220;Dana\u0161nje tehnologije za prihodnost&#8221; so predstavljeni najnovej\u0161i tehnolo\u0161ki dose\u017eki in njihov vpliv na poslovni svet. Na tej strani se lahko poglobite v \u0161tevilne teme, od revolucionarnih digitalnih orodij do novih razse\u017enosti poslovne komunikacije, vedno v skladu z najnovej\u0161imi trendi in inovacijami.<\/p>\n<p>&nbsp;<\/p>\n<p style=\"text-align: center;\">Na na\u0161em blogu strokovnjaki iz podjetja Vonde Technology in gostujo\u010di avtorji delijo svoja razmi\u0161ljanja, \u0161tudije in vpoglede, da bi vas navdihnili, informirali in vam pomagali razumeti, kako sodobne tehnologije spreminjajo na\u0161e vsakdanje \u017eivljenje.<\/p>\n<p>[\/vc_column_text][\/vc_column][\/vc_row][vc_row][vc_column][vc_empty_space]<!-- blog -->\r<div class=\"blog element-one hover-style-one  rt1509481394 isotope\"  data-row-items=\"3\"><p>No items found<\/p><\/div>\r<!-- blog -->\r[\/vc_column][\/vc_row]<\/p>\n<\/div>","protected":false},"excerpt":{"rendered":"<p>[vc_row][vc_column][vc_empty_space][vc_custom_heading text=&#8221;BLOG VONDETECH INSIGHTS&#8221; font_container=&#8221;tag:h2|font_size:32px|text_align:center|color:%23b0358b&#8221; use_theme_fonts=&#8221;yes&#8221;][vc_custom_heading text=&#8221;Digitalne poslovne inovacije: Dana\u0161nje tehnologije za prihodnost: inovativne digitalne inovacije: dana\u0161nje tehnologije za prihodnost&#8221; font_container=&#8221;tag:h2|font_size:24px|text_align:center|color:%23000000&#8243; use_theme_fonts=&#8221;yes&#8221;][vc_empty_space height=&#8221;10px&#8221;][vc_column_text]Dobrodo\u0161li v publikaciji &#8220;Digitalne poslovne inovacije: Na spletni strani bloga &#8220;Dana\u0161nje tehnologije za prihodnost&#8221; so predstavljeni najnovej\u0161i tehnolo\u0161ki dose\u017eki in njihov vpliv na poslovni svet. Na tej strani se lahko poglobite v \u0161tevilne [&hellip;]<\/p>\n","protected":false},"author":1,"featured_media":0,"parent":0,"menu_order":0,"comment_status":"closed","ping_status":"closed","template":"","meta":{"footnotes":""},"class_list":["post-18129","page","type-page","status-publish","hentry"],"yoast_head":"<!-- This site is optimized with the Yoast SEO plugin v24.7 - https:\/\/yoast.com\/wordpress\/plugins\/seo\/ -->\n<title>Blog - Vondetech<\/title>\n<meta name=\"robots\" content=\"index, follow, max-snippet:-1, max-image-preview:large, max-video-preview:-1\" \/>\n<link rel=\"canonical\" href=\"https:\/\/vondetech.com\/sl\/blog\/\" \/>\n<meta property=\"og:locale\" content=\"sl_SI\" \/>\n<meta property=\"og:type\" content=\"article\" \/>\n<meta property=\"og:title\" content=\"Blog - Vondetech\" \/>\n<meta property=\"og:description\" content=\"[vc_row][vc_column][vc_empty_space][vc_custom_heading text=&#8221;BLOG VONDETECH INSIGHTS&#8221; font_container=&#8221;tag:h2|font_size:32px|text_align:center|color:%23b0358b&#8221; use_theme_fonts=&#8221;yes&#8221;][vc_custom_heading text=&#8221;Digitalne poslovne inovacije: Dana\u0161nje tehnologije za prihodnost: inovativne digitalne inovacije: dana\u0161nje tehnologije za prihodnost&#8221; font_container=&#8221;tag:h2|font_size:24px|text_align:center|color:%23000000&#8243; use_theme_fonts=&#8221;yes&#8221;][vc_empty_space height=&#8221;10px&#8221;][vc_column_text]Dobrodo\u0161li v publikaciji &#8220;Digitalne poslovne inovacije: Na spletni strani bloga &#8220;Dana\u0161nje tehnologije za prihodnost&#8221; so predstavljeni najnovej\u0161i tehnolo\u0161ki dose\u017eki in njihov vpliv na poslovni svet. Na tej strani se lahko poglobite v \u0161tevilne [&hellip;]\" \/>\n<meta property=\"og:url\" content=\"https:\/\/vondetech.com\/sl\/blog\/\" \/>\n<meta property=\"og:site_name\" content=\"Vondetech\" \/>\n<meta property=\"article:modified_time\" content=\"2025-01-07T07:04:01+00:00\" \/>\n<meta name=\"twitter:card\" content=\"summary_large_image\" \/>\n<meta name=\"twitter:label1\" content=\"Est. reading time\" \/>\n\t<meta name=\"twitter:data1\" content=\"1 minuta\" \/>\n<script type=\"application\/ld+json\" class=\"yoast-schema-graph\">{\"@context\":\"https:\/\/schema.org\",\"@graph\":[{\"@type\":\"WebPage\",\"@id\":\"https:\/\/vondetech.com\/sl\/blog\/\",\"url\":\"https:\/\/vondetech.com\/sl\/blog\/\",\"name\":\"Blog - Vondetech\",\"isPartOf\":{\"@id\":\"https:\/\/vondetech.com\/sl\/#website\"},\"datePublished\":\"2018-12-28T09:50:09+00:00\",\"dateModified\":\"2025-01-07T07:04:01+00:00\",\"breadcrumb\":{\"@id\":\"https:\/\/vondetech.com\/sl\/blog\/#breadcrumb\"},\"inLanguage\":\"sl-SI\",\"potentialAction\":[{\"@type\":\"ReadAction\",\"target\":[\"https:\/\/vondetech.com\/sl\/blog\/\"]}]},{\"@type\":\"BreadcrumbList\",\"@id\":\"https:\/\/vondetech.com\/sl\/blog\/#breadcrumb\",\"itemListElement\":[{\"@type\":\"ListItem\",\"position\":1,\"name\":\"Domov\",\"item\":\"https:\/\/vondetech.com\/sl\/domov\/\"},{\"@type\":\"ListItem\",\"position\":2,\"name\":\"Blog\"}]},{\"@type\":\"WebSite\",\"@id\":\"https:\/\/vondetech.com\/sl\/#website\",\"url\":\"https:\/\/vondetech.com\/sl\/\",\"name\":\"Vondetech\",\"description\":\"\",\"potentialAction\":[{\"@type\":\"SearchAction\",\"target\":{\"@type\":\"EntryPoint\",\"urlTemplate\":\"https:\/\/vondetech.com\/sl\/?s={search_term_string}\"},\"query-input\":{\"@type\":\"PropertyValueSpecification\",\"valueRequired\":true,\"valueName\":\"search_term_string\"}}],\"inLanguage\":\"sl-SI\"}]}<\/script>\n<!-- \/ Yoast SEO plugin. -->","yoast_head_json":{"title":"Blog - Vondetech","robots":{"index":"index","follow":"follow","max-snippet":"max-snippet:-1","max-image-preview":"max-image-preview:large","max-video-preview":"max-video-preview:-1"},"canonical":"https:\/\/vondetech.com\/sl\/blog\/","og_locale":"sl_SI","og_type":"article","og_title":"Blog - Vondetech","og_description":"[vc_row][vc_column][vc_empty_space][vc_custom_heading text=&#8221;BLOG VONDETECH INSIGHTS&#8221; font_container=&#8221;tag:h2|font_size:32px|text_align:center|color:%23b0358b&#8221; use_theme_fonts=&#8221;yes&#8221;][vc_custom_heading text=&#8221;Digitalne poslovne inovacije: Dana\u0161nje tehnologije za prihodnost: inovativne digitalne inovacije: dana\u0161nje tehnologije za prihodnost&#8221; font_container=&#8221;tag:h2|font_size:24px|text_align:center|color:%23000000&#8243; use_theme_fonts=&#8221;yes&#8221;][vc_empty_space height=&#8221;10px&#8221;][vc_column_text]Dobrodo\u0161li v publikaciji &#8220;Digitalne poslovne inovacije: Na spletni strani bloga &#8220;Dana\u0161nje tehnologije za prihodnost&#8221; so predstavljeni najnovej\u0161i tehnolo\u0161ki dose\u017eki in njihov vpliv na poslovni svet. Na tej strani se lahko poglobite v \u0161tevilne [&hellip;]","og_url":"https:\/\/vondetech.com\/sl\/blog\/","og_site_name":"Vondetech","article_modified_time":"2025-01-07T07:04:01+00:00","twitter_card":"summary_large_image","twitter_misc":{"Est. reading time":"1 minuta"},"schema":{"@context":"https:\/\/schema.org","@graph":[{"@type":"WebPage","@id":"https:\/\/vondetech.com\/sl\/blog\/","url":"https:\/\/vondetech.com\/sl\/blog\/","name":"Blog - Vondetech","isPartOf":{"@id":"https:\/\/vondetech.com\/sl\/#website"},"datePublished":"2018-12-28T09:50:09+00:00","dateModified":"2025-01-07T07:04:01+00:00","breadcrumb":{"@id":"https:\/\/vondetech.com\/sl\/blog\/#breadcrumb"},"inLanguage":"sl-SI","potentialAction":[{"@type":"ReadAction","target":["https:\/\/vondetech.com\/sl\/blog\/"]}]},{"@type":"BreadcrumbList","@id":"https:\/\/vondetech.com\/sl\/blog\/#breadcrumb","itemListElement":[{"@type":"ListItem","position":1,"name":"Domov","item":"https:\/\/vondetech.com\/sl\/domov\/"},{"@type":"ListItem","position":2,"name":"Blog"}]},{"@type":"WebSite","@id":"https:\/\/vondetech.com\/sl\/#website","url":"https:\/\/vondetech.com\/sl\/","name":"Vondetech","description":"","potentialAction":[{"@type":"SearchAction","target":{"@type":"EntryPoint","urlTemplate":"https:\/\/vondetech.com\/sl\/?s={search_term_string}"},"query-input":{"@type":"PropertyValueSpecification","valueRequired":true,"valueName":"search_term_string"}}],"inLanguage":"sl-SI"}]}},"_links":{"self":[{"href":"https:\/\/vondetech.com\/sl\/wp-json\/wp\/v2\/pages\/18129","targetHints":{"allow":["GET"]}}],"collection":[{"href":"https:\/\/vondetech.com\/sl\/wp-json\/wp\/v2\/pages"}],"about":[{"href":"https:\/\/vondetech.com\/sl\/wp-json\/wp\/v2\/types\/page"}],"author":[{"embeddable":true,"href":"https:\/\/vondetech.com\/sl\/wp-json\/wp\/v2\/users\/1"}],"replies":[{"embeddable":true,"href":"https:\/\/vondetech.com\/sl\/wp-json\/wp\/v2\/comments?post=18129"}],"version-history":[{"count":3,"href":"https:\/\/vondetech.com\/sl\/wp-json\/wp\/v2\/pages\/18129\/revisions"}],"predecessor-version":[{"id":18132,"href":"https:\/\/vondetech.com\/sl\/wp-json\/wp\/v2\/pages\/18129\/revisions\/18132"}],"wp:attachment":[{"href":"https:\/\/vondetech.com\/sl\/wp-json\/wp\/v2\/media?parent=18129"}],"curies":[{"name":"wp","href":"https:\/\/api.w.org\/{rel}","templated":true}]}}