{"id":17961,"date":"2024-05-23T15:08:00","date_gmt":"2024-05-23T13:08:00","guid":{"rendered":"https:\/\/vondetech.com\/pravilnik-o-vracilu-in-povracilu\/"},"modified":"2025-03-21T07:57:39","modified_gmt":"2025-03-21T06:57:39","slug":"pravilnik-o-vracilu-in-povracilu","status":"publish","type":"page","link":"https:\/\/vondetech.com\/sl\/pravilnik-o-vracilu-in-povracilu\/","title":{"rendered":"Pravila vra\u010dila in odpovedi za Vonde Pro App"},"content":{"rendered":"<div class=\"wpb-content-wrapper\"><p>[vc_row][vc_column][vc_empty_space][vc_column_text el_class=&#8221;legal-text&#8221;]<strong>Datum za\u010detka veljavnosti:<\/strong> marec 2025<\/p>\n<ol>\n<li><strong>  Uvod<\/strong><\/li>\n<\/ol>\n<p>Ta pravilnik o vra\u010dilu in odpovedi opisuje postopke in pogoje v zvezi z vra\u010dili in odpovedmi nakupov in naro\u010dnin, opravljenih v aplikaciji Vonde Pro (&#8220;aplikacija&#8221;), ki jo zagotavlja dru\u017eba Vonde Technology (&#8220;mi&#8221;, &#8220;nas&#8221;, &#8220;na\u0161a&#8221;). Ker je aplikacija Vonde Pro App na voljo izklju\u010dno prek Apple App Store in Google Play Store, za vse transakcije, preklice in vra\u010dila veljajo pravila zadevne trgovine. <\/p>\n<ol start=\"2\">\n<li><strong>  Preklic naro\u010dnin<\/strong><\/li>\n<\/ol>\n<p>Uporabniki lahko naro\u010dnine kadar koli prekli\u010dejo v nastavitvah svojega ra\u010duna v Apple App Store ali Google Play Store. Podrobna navodila so na voljo v naslednjih virih: <\/p>\n<ul>\n<li><strong>Trgovina Apple App Store:<\/strong> [https:\/\/support .apple.com\/en-us\/118428]<\/li>\n<li><strong>Trgovina Google Play:<\/strong> [https:\/\/support .google.com=&#8221;&#8221;]<\/li>\n<\/ul>\n<p>Zahtevki za preklic za\u010dnejo veljati ob koncu trenutnega obra\u010dunskega cikla. Za neizkori\u0161\u010dena naro\u010dni\u0161ka obdobja se ne vra\u010dajo ali delno vra\u010dajo sredstva, razen \u010de to zahteva zakon ali \u010de Apple ali Google na prodajnem mestu izrecno navede druga\u010de. <\/p>\n<ol start=\"3\">\n<li><strong>  Upravi\u010denost do povra\u010dila<\/strong><\/li>\n<\/ol>\n<p>Za vra\u010dila za nakupe ali naro\u010dnine, opravljene prek aplikacije Vonde Pro, veljajo pravila za vra\u010dila v trgovini Apple App Store ali Google Play Store, odvisno od tega, kje je bila transakcija opravljena. Na splo\u0161no se lahko vra\u010dila odobrijo v naslednjih okoli\u0161\u010dinah, ki jih dolo\u010dita Apple ali Google: <\/p>\n<ul>\n<li>Tehni\u010dne te\u017eave ali okvare aplikacije, ki prepre\u010dujejo uporabo pla\u010dljivih storitev in jih ne moremo odpraviti v razumnem roku.<\/li>\n<li>Nepoobla\u0161\u010dene transakcije, ki so dokazano nastale zaradi kr\u0161itev varnosti, ki jih ni povzro\u010dila malomarnost uporabnika.<\/li>\n<\/ul>\n<p>Zahtevki za vra\u010dilo, ki temeljijo izklju\u010dno na nezadovoljstvu s storitvijo ali spremenjenih osebnih okoli\u0161\u010dinah, obi\u010dajno niso upravi\u010deni, saj jih Apple ali Google obravnavata po lastni presoji.<\/p>\n<ol start=\"4\">\n<li><strong>  Postopek zahtevka za vra\u010dilo<\/strong><\/li>\n<\/ol>\n<p>Vsi zahtevki za vra\u010dilo morajo biti predlo\u017eeni v skladu s pravili in postopki trgovine Apple App Store ali Google Play Store. \u010ce \u017eelite zahtevati povra\u010dilo, upo\u0161tevajte navodila, ki jih zagotavlja zadevna trgovina: <\/p>\n<ul>\n<li><strong>Trgovina Apple App Store:<\/strong> [https:\/\/support .apple.com\/en-gb\/118223]<\/li>\n<li><strong>Trgovina Google Play:<\/strong> [https:\/\/support .google.com=&#8221;&#8221;]<\/li>\n<\/ul>\n<p>Vsa sporo\u010dila v zvezi z zahtevki za povra\u010dilo je treba nasloviti na ustrezno trgovino z aplikacijami.<\/p>\n<ol start=\"5\">\n<li><strong>  Obdelava vra\u010dil<\/strong><\/li>\n<\/ol>\n<p>Odobrena povra\u010dila bosta Apple ali Google obdelala prek prvotnega na\u010dina pla\u010dila. \u010cas obdelave se lahko razlikuje glede na ponudnike pla\u010dil in pravila trgovine z aplikacijami. <\/p>\n<ol start=\"6\">\n<li><strong>  Omejitve<\/strong><\/li>\n<\/ol>\n<p>Na\u0161e podjetje si pridr\u017euje pravico, da zavrne pomo\u010d pri zahtevkih za povra\u010dilo, ki niso v skladu s pravili trgovine Apple App Store ali Google Play Store.<\/p>\n<ol start=\"7\">\n<li><strong>  Spremembe tega pravilnika<\/strong><\/li>\n<\/ol>\n<p>Ta pravilnik o vra\u010dilu in odpovedi se lahko redno posodablja. O pomembnih spremembah boste obve\u0161\u010deni z obvestili v aplikaciji ali registriranem e-po\u0161tnem sporo\u010dilu. <\/p>\n<ol start=\"8\">\n<li><strong>  Kontaktni podatki<\/strong><\/li>\n<\/ol>\n<p>Za vpra\u0161anja ali pomo\u010d v zvezi s tem pravilnikom se obrnite na:<\/p>\n<p>KMAK Kelet-Magyarorsz\u00e1gi Adatk\u00f6zpont Kft.<\/p>\n<p>H-5000 Szolnok, Szap\u00e1ry utca 20.<\/p>\n<p>E-naslov: info@vondetechnology.com<\/p>\n<p>Z nakupom ali naro\u010dnino v aplikaciji Vonde Pro potrjujete in se strinjate s pogoji tega pravilnika o vra\u010dilu in odpovedi ter razumete, da sta postopek vra\u010dila in odpovedi urejena s pravili trgovine Apple App Store ali Google Play Store.[\/vc_column_text][\/vc_column][\/vc_row]<\/p>\n<\/div>","protected":false},"excerpt":{"rendered":"<p>[vc_row][vc_column][vc_empty_space][vc_column_text el_class=&#8221;legal-text&#8221;]Datum za\u010detka veljavnosti: marec 2025 Uvod Ta pravilnik o vra\u010dilu in odpovedi opisuje postopke in pogoje v zvezi z vra\u010dili in odpovedmi nakupov in naro\u010dnin, opravljenih v aplikaciji Vonde Pro (&#8220;aplikacija&#8221;), ki jo zagotavlja dru\u017eba Vonde Technology (&#8220;mi&#8221;, &#8220;nas&#8221;, &#8220;na\u0161a&#8221;). Ker je aplikacija Vonde Pro App na voljo izklju\u010dno prek Apple App Store in [&hellip;]<\/p>\n","protected":false},"author":1,"featured_media":0,"parent":0,"menu_order":0,"comment_status":"closed","ping_status":"closed","template":"","meta":{"footnotes":""},"class_list":["post-17961","page","type-page","status-publish","hentry"],"yoast_head":"<!-- This site is optimized with the Yoast SEO plugin v24.7 - https:\/\/yoast.com\/wordpress\/plugins\/seo\/ -->\n<title>Pravila vra\u010dila in odpovedi za Vonde Pro App - Vondetech<\/title>\n<meta name=\"robots\" content=\"index, follow, max-snippet:-1, max-image-preview:large, max-video-preview:-1\" \/>\n<link rel=\"canonical\" href=\"https:\/\/vondetech.com\/sl\/pravilnik-o-vracilu-in-povracilu\/\" \/>\n<meta property=\"og:locale\" content=\"sl_SI\" \/>\n<meta property=\"og:type\" content=\"article\" \/>\n<meta property=\"og:title\" content=\"Pravila vra\u010dila in odpovedi za Vonde Pro App - Vondetech\" \/>\n<meta property=\"og:description\" content=\"[vc_row][vc_column][vc_empty_space][vc_column_text el_class=&#8221;legal-text&#8221;]Datum za\u010detka veljavnosti: marec 2025 Uvod Ta pravilnik o vra\u010dilu in odpovedi opisuje postopke in pogoje v zvezi z vra\u010dili in odpovedmi nakupov in naro\u010dnin, opravljenih v aplikaciji Vonde Pro (&#8220;aplikacija&#8221;), ki jo zagotavlja dru\u017eba Vonde Technology (&#8220;mi&#8221;, &#8220;nas&#8221;, &#8220;na\u0161a&#8221;). Ker je aplikacija Vonde Pro App na voljo izklju\u010dno prek Apple App Store in [&hellip;]\" \/>\n<meta property=\"og:url\" content=\"https:\/\/vondetech.com\/sl\/pravilnik-o-vracilu-in-povracilu\/\" \/>\n<meta property=\"og:site_name\" content=\"Vondetech\" \/>\n<meta property=\"article:modified_time\" content=\"2025-03-21T06:57:39+00:00\" \/>\n<meta name=\"twitter:card\" content=\"summary_large_image\" \/>\n<meta name=\"twitter:label1\" content=\"Est. reading time\" \/>\n\t<meta name=\"twitter:data1\" content=\"2 minuti\" \/>\n<script type=\"application\/ld+json\" class=\"yoast-schema-graph\">{\"@context\":\"https:\/\/schema.org\",\"@graph\":[{\"@type\":\"WebPage\",\"@id\":\"https:\/\/vondetech.com\/sl\/pravilnik-o-vracilu-in-povracilu\/\",\"url\":\"https:\/\/vondetech.com\/sl\/pravilnik-o-vracilu-in-povracilu\/\",\"name\":\"Pravila vra\u010dila in odpovedi za Vonde Pro App - Vondetech\",\"isPartOf\":{\"@id\":\"https:\/\/vondetech.com\/sl\/#website\"},\"datePublished\":\"2024-05-23T13:08:00+00:00\",\"dateModified\":\"2025-03-21T06:57:39+00:00\",\"breadcrumb\":{\"@id\":\"https:\/\/vondetech.com\/sl\/pravilnik-o-vracilu-in-povracilu\/#breadcrumb\"},\"inLanguage\":\"sl-SI\",\"potentialAction\":[{\"@type\":\"ReadAction\",\"target\":[\"https:\/\/vondetech.com\/sl\/pravilnik-o-vracilu-in-povracilu\/\"]}]},{\"@type\":\"BreadcrumbList\",\"@id\":\"https:\/\/vondetech.com\/sl\/pravilnik-o-vracilu-in-povracilu\/#breadcrumb\",\"itemListElement\":[{\"@type\":\"ListItem\",\"position\":1,\"name\":\"Domov\",\"item\":\"https:\/\/vondetech.com\/sl\/domov\/\"},{\"@type\":\"ListItem\",\"position\":2,\"name\":\"Pravila vra\u010dila in odpovedi za Vonde Pro App\"}]},{\"@type\":\"WebSite\",\"@id\":\"https:\/\/vondetech.com\/sl\/#website\",\"url\":\"https:\/\/vondetech.com\/sl\/\",\"name\":\"Vondetech\",\"description\":\"\",\"potentialAction\":[{\"@type\":\"SearchAction\",\"target\":{\"@type\":\"EntryPoint\",\"urlTemplate\":\"https:\/\/vondetech.com\/sl\/?s={search_term_string}\"},\"query-input\":{\"@type\":\"PropertyValueSpecification\",\"valueRequired\":true,\"valueName\":\"search_term_string\"}}],\"inLanguage\":\"sl-SI\"}]}<\/script>\n<!-- \/ Yoast SEO plugin. -->","yoast_head_json":{"title":"Pravila vra\u010dila in odpovedi za Vonde Pro App - Vondetech","robots":{"index":"index","follow":"follow","max-snippet":"max-snippet:-1","max-image-preview":"max-image-preview:large","max-video-preview":"max-video-preview:-1"},"canonical":"https:\/\/vondetech.com\/sl\/pravilnik-o-vracilu-in-povracilu\/","og_locale":"sl_SI","og_type":"article","og_title":"Pravila vra\u010dila in odpovedi za Vonde Pro App - Vondetech","og_description":"[vc_row][vc_column][vc_empty_space][vc_column_text el_class=&#8221;legal-text&#8221;]Datum za\u010detka veljavnosti: marec 2025 Uvod Ta pravilnik o vra\u010dilu in odpovedi opisuje postopke in pogoje v zvezi z vra\u010dili in odpovedmi nakupov in naro\u010dnin, opravljenih v aplikaciji Vonde Pro (&#8220;aplikacija&#8221;), ki jo zagotavlja dru\u017eba Vonde Technology (&#8220;mi&#8221;, &#8220;nas&#8221;, &#8220;na\u0161a&#8221;). Ker je aplikacija Vonde Pro App na voljo izklju\u010dno prek Apple App Store in [&hellip;]","og_url":"https:\/\/vondetech.com\/sl\/pravilnik-o-vracilu-in-povracilu\/","og_site_name":"Vondetech","article_modified_time":"2025-03-21T06:57:39+00:00","twitter_card":"summary_large_image","twitter_misc":{"Est. reading time":"2 minuti"},"schema":{"@context":"https:\/\/schema.org","@graph":[{"@type":"WebPage","@id":"https:\/\/vondetech.com\/sl\/pravilnik-o-vracilu-in-povracilu\/","url":"https:\/\/vondetech.com\/sl\/pravilnik-o-vracilu-in-povracilu\/","name":"Pravila vra\u010dila in odpovedi za Vonde Pro App - Vondetech","isPartOf":{"@id":"https:\/\/vondetech.com\/sl\/#website"},"datePublished":"2024-05-23T13:08:00+00:00","dateModified":"2025-03-21T06:57:39+00:00","breadcrumb":{"@id":"https:\/\/vondetech.com\/sl\/pravilnik-o-vracilu-in-povracilu\/#breadcrumb"},"inLanguage":"sl-SI","potentialAction":[{"@type":"ReadAction","target":["https:\/\/vondetech.com\/sl\/pravilnik-o-vracilu-in-povracilu\/"]}]},{"@type":"BreadcrumbList","@id":"https:\/\/vondetech.com\/sl\/pravilnik-o-vracilu-in-povracilu\/#breadcrumb","itemListElement":[{"@type":"ListItem","position":1,"name":"Domov","item":"https:\/\/vondetech.com\/sl\/domov\/"},{"@type":"ListItem","position":2,"name":"Pravila vra\u010dila in odpovedi za Vonde Pro App"}]},{"@type":"WebSite","@id":"https:\/\/vondetech.com\/sl\/#website","url":"https:\/\/vondetech.com\/sl\/","name":"Vondetech","description":"","potentialAction":[{"@type":"SearchAction","target":{"@type":"EntryPoint","urlTemplate":"https:\/\/vondetech.com\/sl\/?s={search_term_string}"},"query-input":{"@type":"PropertyValueSpecification","valueRequired":true,"valueName":"search_term_string"}}],"inLanguage":"sl-SI"}]}},"_links":{"self":[{"href":"https:\/\/vondetech.com\/sl\/wp-json\/wp\/v2\/pages\/17961","targetHints":{"allow":["GET"]}}],"collection":[{"href":"https:\/\/vondetech.com\/sl\/wp-json\/wp\/v2\/pages"}],"about":[{"href":"https:\/\/vondetech.com\/sl\/wp-json\/wp\/v2\/types\/page"}],"author":[{"embeddable":true,"href":"https:\/\/vondetech.com\/sl\/wp-json\/wp\/v2\/users\/1"}],"replies":[{"embeddable":true,"href":"https:\/\/vondetech.com\/sl\/wp-json\/wp\/v2\/comments?post=17961"}],"version-history":[{"count":7,"href":"https:\/\/vondetech.com\/sl\/wp-json\/wp\/v2\/pages\/17961\/revisions"}],"predecessor-version":[{"id":21226,"href":"https:\/\/vondetech.com\/sl\/wp-json\/wp\/v2\/pages\/17961\/revisions\/21226"}],"wp:attachment":[{"href":"https:\/\/vondetech.com\/sl\/wp-json\/wp\/v2\/media?parent=17961"}],"curies":[{"name":"wp","href":"https:\/\/api.w.org\/{rel}","templated":true}]}}