{"id":20918,"date":"2025-03-19T09:20:16","date_gmt":"2025-03-19T08:20:16","guid":{"rendered":"https:\/\/vondetech.com\/odtlacok-pre-aplikaciu-vonde-pro\/"},"modified":"2025-03-20T15:59:43","modified_gmt":"2025-03-20T14:59:43","slug":"odtlacok-pre-aplikaciu-vonde-pro","status":"publish","type":"page","link":"https:\/\/vondetech.com\/sk\/odtlacok-pre-aplikaciu-vonde-pro\/","title":{"rendered":"Odtla\u010dok pre aplik\u00e1ciu Vonde Pro"},"content":{"rendered":"<div class=\"wpb-content-wrapper\"><p>[vc_row][vc_column][vc_empty_space][vc_column_text el_class=&#8221;legal-text&#8221;]<strong>Inform\u00e1cie o spolo\u010dnosti:<\/strong><\/p>\n<p>Technol\u00f3gia Vonde<\/p>\n<p><strong>O spolo\u010dnosti Vonde Technology LLC:<\/strong><\/p>\n<p>Vonde Pro App je inovat\u00edvna mobiln\u00e1 aplik\u00e1cia vyvinut\u00e1 a prev\u00e1dzkovan\u00e1 v spolupr\u00e1ci dvoch subjektov:<\/p>\n<ul>\n<li>Spolo\u010dnos\u0165 Vonde Technology LLC (USA) riadi glob\u00e1lne trhy a medzin\u00e1rodn\u00fa expanziu.<\/li>\n<li>KMAK Kelet-Magyarorsz\u00e1gi Adatk\u00f6zpont Kft. (Eur\u00f3pa, Ma\u010farsko) zabezpe\u010duje v\u00fdvoj a s\u00favisiace prev\u00e1dzkov\u00e9 \u00falohy.<\/li>\n<\/ul>\n<p><strong>Prev\u00e1dzkuje:<\/strong><\/p>\n<p>KMAK Kelet-Magyarorsz\u00e1gi Adatk\u00f6zpont Kft.<\/p>\n<p><strong>Adresa s\u00eddla:<\/strong><\/p>\n<p>H-5000 Szolnok, Szap\u00e1ry utca 20. Ma\u010farsko<\/p>\n<p><strong>Kontaktn\u00e9 inform\u00e1cie:<\/strong><\/p>\n<p>E-mail: info@vondetechnology.com<\/p>\n<p><strong>V\u00fdkonn\u00fd riadite\u013e:<\/strong><\/p>\n<p>Laszlo Berta<\/p>\n<p><strong>Registr\u00e1cia spolo\u010dnosti:<\/strong><\/p>\n<p>D-U-N-S: 401605625<\/p>\n<p>Registra\u010dn\u00fd s\u00fad: [uve\u010fte Registra\u010dn\u00fd s\u00fad, napr. Krajsk\u00fd s\u00fad v Szolnoku]<\/p>\n<p><strong>Identifika\u010dn\u00e9 \u010d\u00edslo DPH:<\/strong><\/p>\n<p>HU24373427<\/p>\n<p><strong>\u00daradn\u00edk pre ochranu \u00fadajov:<\/strong><\/p>\n<p>V pr\u00edpade ot\u00e1zok t\u00fdkaj\u00facich sa ochrany \u00fadajov kontaktujte n\u00e1\u0161ho \u00faradn\u00edka pre ochranu \u00fadajov na adrese:<\/p>\n<p>E-mail: info@vondetechnology.com<\/p>\n<p><strong>Zrieknutie sa zodpovednosti:<\/strong><\/p>\n<p>Napriek starostliv\u00e9mu monitorovaniu obsahu nenesieme zodpovednos\u0165 za obsah extern\u00fdch odkazov. Za obsah odkazovan\u00fdch str\u00e1nok zodpovedaj\u00fa v\u00fdlu\u010dne ich prev\u00e1dzkovatelia. <\/p>\n<p><strong>Rie\u0161enie sporov:<\/strong><\/p>\n<p>V s\u00falade s nariadeniami E\u00da mo\u017eno spory rie\u0161i\u0165 prostredn\u00edctvom platformy Komisie E\u00da pre rie\u0161enie sporov online: http:\/\/ec.europa.eu\/consumers\/odr.<\/p>\n<p><strong>Kontaktn\u00e9 inform\u00e1cie:<\/strong><\/p>\n<p>V\u0161eobecn\u00e9 ot\u00e1zky:<\/p>\n<p>E-mail: info@vondetechnology.com<\/p>\n<p>Tento Impresszum je v s\u00falade s predpismi a normami E\u00da platn\u00fdmi pre obchodn\u00e9 subjekty p\u00f4sobiace na trhoch Eur\u00f3pskej \u00fanie.[\/vc_column_text][\/vc_column][\/vc_row]<\/p>\n<\/div>","protected":false},"excerpt":{"rendered":"<p>[vc_row][vc_column][vc_empty_space][vc_column_text el_class=&#8221;legal-text&#8221;]Inform\u00e1cie o spolo\u010dnosti: Technol\u00f3gia Vonde O spolo\u010dnosti Vonde Technology LLC: Vonde Pro App je inovat\u00edvna mobiln\u00e1 aplik\u00e1cia vyvinut\u00e1 a prev\u00e1dzkovan\u00e1 v spolupr\u00e1ci dvoch subjektov: Spolo\u010dnos\u0165 Vonde Technology LLC (USA) riadi glob\u00e1lne trhy a medzin\u00e1rodn\u00fa expanziu. KMAK Kelet-Magyarorsz\u00e1gi Adatk\u00f6zpont Kft. (Eur\u00f3pa, Ma\u010farsko) zabezpe\u010duje v\u00fdvoj a s\u00favisiace prev\u00e1dzkov\u00e9 \u00falohy. Prev\u00e1dzkuje: KMAK Kelet-Magyarorsz\u00e1gi Adatk\u00f6zpont Kft. Adresa s\u00eddla: [&hellip;]<\/p>\n","protected":false},"author":1,"featured_media":0,"parent":0,"menu_order":0,"comment_status":"closed","ping_status":"closed","template":"","meta":{"footnotes":""},"class_list":["post-20918","page","type-page","status-publish","hentry"],"yoast_head":"<!-- This site is optimized with the Yoast SEO plugin v24.7 - https:\/\/yoast.com\/wordpress\/plugins\/seo\/ -->\n<title>Odtla\u010dok pre aplik\u00e1ciu Vonde Pro - Vondetech<\/title>\n<meta name=\"robots\" content=\"index, follow, max-snippet:-1, max-image-preview:large, max-video-preview:-1\" \/>\n<link rel=\"canonical\" href=\"https:\/\/vondetech.com\/sk\/odtlacok-pre-aplikaciu-vonde-pro\/\" \/>\n<meta property=\"og:locale\" content=\"sk_SK\" \/>\n<meta property=\"og:type\" content=\"article\" \/>\n<meta property=\"og:title\" content=\"Odtla\u010dok pre aplik\u00e1ciu Vonde Pro - Vondetech\" \/>\n<meta property=\"og:description\" content=\"[vc_row][vc_column][vc_empty_space][vc_column_text el_class=&#8221;legal-text&#8221;]Inform\u00e1cie o spolo\u010dnosti: Technol\u00f3gia Vonde O spolo\u010dnosti Vonde Technology LLC: Vonde Pro App je inovat\u00edvna mobiln\u00e1 aplik\u00e1cia vyvinut\u00e1 a prev\u00e1dzkovan\u00e1 v spolupr\u00e1ci dvoch subjektov: Spolo\u010dnos\u0165 Vonde Technology LLC (USA) riadi glob\u00e1lne trhy a medzin\u00e1rodn\u00fa expanziu. KMAK Kelet-Magyarorsz\u00e1gi Adatk\u00f6zpont Kft. (Eur\u00f3pa, Ma\u010farsko) zabezpe\u010duje v\u00fdvoj a s\u00favisiace prev\u00e1dzkov\u00e9 \u00falohy. Prev\u00e1dzkuje: KMAK Kelet-Magyarorsz\u00e1gi Adatk\u00f6zpont Kft. Adresa s\u00eddla: [&hellip;]\" \/>\n<meta property=\"og:url\" content=\"https:\/\/vondetech.com\/sk\/odtlacok-pre-aplikaciu-vonde-pro\/\" \/>\n<meta property=\"og:site_name\" content=\"Vondetech\" \/>\n<meta property=\"article:modified_time\" content=\"2025-03-20T14:59:43+00:00\" \/>\n<meta name=\"twitter:card\" content=\"summary_large_image\" \/>\n<meta name=\"twitter:label1\" content=\"Predpokladan\u00fd \u010das \u010d\u00edtania\" \/>\n\t<meta name=\"twitter:data1\" content=\"1 min\u00fata\" \/>\n<script type=\"application\/ld+json\" class=\"yoast-schema-graph\">{\"@context\":\"https:\/\/schema.org\",\"@graph\":[{\"@type\":\"WebPage\",\"@id\":\"https:\/\/vondetech.com\/sk\/odtlacok-pre-aplikaciu-vonde-pro\/\",\"url\":\"https:\/\/vondetech.com\/sk\/odtlacok-pre-aplikaciu-vonde-pro\/\",\"name\":\"Odtla\u010dok pre aplik\u00e1ciu Vonde Pro - Vondetech\",\"isPartOf\":{\"@id\":\"https:\/\/vondetech.com\/sk\/#website\"},\"datePublished\":\"2025-03-19T08:20:16+00:00\",\"dateModified\":\"2025-03-20T14:59:43+00:00\",\"breadcrumb\":{\"@id\":\"https:\/\/vondetech.com\/sk\/odtlacok-pre-aplikaciu-vonde-pro\/#breadcrumb\"},\"inLanguage\":\"sk-SK\",\"potentialAction\":[{\"@type\":\"ReadAction\",\"target\":[\"https:\/\/vondetech.com\/sk\/odtlacok-pre-aplikaciu-vonde-pro\/\"]}]},{\"@type\":\"BreadcrumbList\",\"@id\":\"https:\/\/vondetech.com\/sk\/odtlacok-pre-aplikaciu-vonde-pro\/#breadcrumb\",\"itemListElement\":[{\"@type\":\"ListItem\",\"position\":1,\"name\":\"Domov\",\"item\":\"https:\/\/vondetech.com\/sk\/domov\/\"},{\"@type\":\"ListItem\",\"position\":2,\"name\":\"Odtla\u010dok pre aplik\u00e1ciu Vonde Pro\"}]},{\"@type\":\"WebSite\",\"@id\":\"https:\/\/vondetech.com\/sk\/#website\",\"url\":\"https:\/\/vondetech.com\/sk\/\",\"name\":\"Vondetech\",\"description\":\"\",\"potentialAction\":[{\"@type\":\"SearchAction\",\"target\":{\"@type\":\"EntryPoint\",\"urlTemplate\":\"https:\/\/vondetech.com\/sk\/?s={search_term_string}\"},\"query-input\":{\"@type\":\"PropertyValueSpecification\",\"valueRequired\":true,\"valueName\":\"search_term_string\"}}],\"inLanguage\":\"sk-SK\"}]}<\/script>\n<!-- \/ Yoast SEO plugin. -->","yoast_head_json":{"title":"Odtla\u010dok pre aplik\u00e1ciu Vonde Pro - Vondetech","robots":{"index":"index","follow":"follow","max-snippet":"max-snippet:-1","max-image-preview":"max-image-preview:large","max-video-preview":"max-video-preview:-1"},"canonical":"https:\/\/vondetech.com\/sk\/odtlacok-pre-aplikaciu-vonde-pro\/","og_locale":"sk_SK","og_type":"article","og_title":"Odtla\u010dok pre aplik\u00e1ciu Vonde Pro - Vondetech","og_description":"[vc_row][vc_column][vc_empty_space][vc_column_text el_class=&#8221;legal-text&#8221;]Inform\u00e1cie o spolo\u010dnosti: Technol\u00f3gia Vonde O spolo\u010dnosti Vonde Technology LLC: Vonde Pro App je inovat\u00edvna mobiln\u00e1 aplik\u00e1cia vyvinut\u00e1 a prev\u00e1dzkovan\u00e1 v spolupr\u00e1ci dvoch subjektov: Spolo\u010dnos\u0165 Vonde Technology LLC (USA) riadi glob\u00e1lne trhy a medzin\u00e1rodn\u00fa expanziu. KMAK Kelet-Magyarorsz\u00e1gi Adatk\u00f6zpont Kft. (Eur\u00f3pa, Ma\u010farsko) zabezpe\u010duje v\u00fdvoj a s\u00favisiace prev\u00e1dzkov\u00e9 \u00falohy. Prev\u00e1dzkuje: KMAK Kelet-Magyarorsz\u00e1gi Adatk\u00f6zpont Kft. Adresa s\u00eddla: [&hellip;]","og_url":"https:\/\/vondetech.com\/sk\/odtlacok-pre-aplikaciu-vonde-pro\/","og_site_name":"Vondetech","article_modified_time":"2025-03-20T14:59:43+00:00","twitter_card":"summary_large_image","twitter_misc":{"Predpokladan\u00fd \u010das \u010d\u00edtania":"1 min\u00fata"},"schema":{"@context":"https:\/\/schema.org","@graph":[{"@type":"WebPage","@id":"https:\/\/vondetech.com\/sk\/odtlacok-pre-aplikaciu-vonde-pro\/","url":"https:\/\/vondetech.com\/sk\/odtlacok-pre-aplikaciu-vonde-pro\/","name":"Odtla\u010dok pre aplik\u00e1ciu Vonde Pro - Vondetech","isPartOf":{"@id":"https:\/\/vondetech.com\/sk\/#website"},"datePublished":"2025-03-19T08:20:16+00:00","dateModified":"2025-03-20T14:59:43+00:00","breadcrumb":{"@id":"https:\/\/vondetech.com\/sk\/odtlacok-pre-aplikaciu-vonde-pro\/#breadcrumb"},"inLanguage":"sk-SK","potentialAction":[{"@type":"ReadAction","target":["https:\/\/vondetech.com\/sk\/odtlacok-pre-aplikaciu-vonde-pro\/"]}]},{"@type":"BreadcrumbList","@id":"https:\/\/vondetech.com\/sk\/odtlacok-pre-aplikaciu-vonde-pro\/#breadcrumb","itemListElement":[{"@type":"ListItem","position":1,"name":"Domov","item":"https:\/\/vondetech.com\/sk\/domov\/"},{"@type":"ListItem","position":2,"name":"Odtla\u010dok pre aplik\u00e1ciu Vonde Pro"}]},{"@type":"WebSite","@id":"https:\/\/vondetech.com\/sk\/#website","url":"https:\/\/vondetech.com\/sk\/","name":"Vondetech","description":"","potentialAction":[{"@type":"SearchAction","target":{"@type":"EntryPoint","urlTemplate":"https:\/\/vondetech.com\/sk\/?s={search_term_string}"},"query-input":{"@type":"PropertyValueSpecification","valueRequired":true,"valueName":"search_term_string"}}],"inLanguage":"sk-SK"}]}},"_links":{"self":[{"href":"https:\/\/vondetech.com\/sk\/wp-json\/wp\/v2\/pages\/20918","targetHints":{"allow":["GET"]}}],"collection":[{"href":"https:\/\/vondetech.com\/sk\/wp-json\/wp\/v2\/pages"}],"about":[{"href":"https:\/\/vondetech.com\/sk\/wp-json\/wp\/v2\/types\/page"}],"author":[{"embeddable":true,"href":"https:\/\/vondetech.com\/sk\/wp-json\/wp\/v2\/users\/1"}],"replies":[{"embeddable":true,"href":"https:\/\/vondetech.com\/sk\/wp-json\/wp\/v2\/comments?post=20918"}],"version-history":[{"count":10,"href":"https:\/\/vondetech.com\/sk\/wp-json\/wp\/v2\/pages\/20918\/revisions"}],"predecessor-version":[{"id":20981,"href":"https:\/\/vondetech.com\/sk\/wp-json\/wp\/v2\/pages\/20918\/revisions\/20981"}],"wp:attachment":[{"href":"https:\/\/vondetech.com\/sk\/wp-json\/wp\/v2\/media?parent=20918"}],"curies":[{"name":"wp","href":"https:\/\/api.w.org\/{rel}","templated":true}]}}