{"id":20740,"date":"2025-03-19T09:19:24","date_gmt":"2025-03-19T08:19:24","guid":{"rendered":"https:\/\/vondetech.com\/eula\/"},"modified":"2025-03-20T15:50:09","modified_gmt":"2025-03-20T14:50:09","slug":"eula","status":"publish","type":"page","link":"https:\/\/vondetech.com\/sk\/eula\/","title":{"rendered":"EULA"},"content":{"rendered":"<div class=\"wpb-content-wrapper\"><p>[vc_row][vc_column][vc_empty_space][vc_column_text el_class=&#8221;legal-text&#8221;]<strong>D\u00d4LE\u017dIT\u00c9 &#8211; POZORNE SI PRE\u010c\u00cdTAJTE:<\/strong> T\u00e1to licen\u010dn\u00e1 zmluva s koncov\u00fdm u\u017e\u00edvate\u013eom (\u010falej len &#8220;EULA&#8221;) je pr\u00e1vna dohoda medzi vami (\u010falej len &#8220;dr\u017eite\u013e licencie&#8221; alebo &#8220;vy&#8221;) a spolo\u010dnos\u0165ou KMAK Kelet-Magyarorsz\u00e1gi Adatk\u00f6zpont Kft. (&#8220;Poskytovate\u013e licencie&#8221; alebo &#8220;my&#8221;) pre softv\u00e9rov\u00fa aplik\u00e1ciu Vonde Pro App (&#8220;Aplik\u00e1cia&#8221;). In\u0161tal\u00e1ciou, kop\u00edrovan\u00edm alebo in\u00fdm pou\u017e\u00edvan\u00edm aplik\u00e1cie s\u00fahlas\u00edte s podmienkami tejto licen\u010dnej zmluvy EULA. Ak nes\u00fahlas\u00edte s podmienkami tejto EULA, aplik\u00e1ciu nein\u0161talujte ani nepou\u017e\u00edvajte.   <\/p>\n<ol>\n<li><strong>  Udelenie licencie:<\/strong><\/li>\n<\/ol>\n<p>Poskytovate\u013e licencie v\u00e1m ude\u013euje obmedzen\u00fa, nev\u00fdhradn\u00fa, neprevodite\u013en\u00fa a odvolate\u013en\u00fa licenciu na pou\u017e\u00edvanie aplik\u00e1cie na jednom mobilnom zariaden\u00ed na va\u0161e osobn\u00e9, nekomer\u010dn\u00e9 pou\u017eitie.<\/p>\n<ol start=\"2\">\n<li><strong>  Obmedzenia:<\/strong><\/li>\n<\/ol>\n<p>Nesmiete:<\/p>\n<ul>\n<li>upravova\u0165, prisp\u00f4sobova\u0165 alebo sp\u00e4tne analyzova\u0165 aplik\u00e1ciu alebo sa pok\u00fa\u0161a\u0165 z\u00edska\u0165 jej zdrojov\u00fd k\u00f3d.<\/li>\n<li>pou\u017e\u00edva\u0165 aplik\u00e1ciu na komer\u010dn\u00e9 \u00fa\u010dely alebo ju pred\u00e1va\u0165, distribuova\u0165, prenaj\u00edma\u0165, poskytova\u0165 sublicencie, prenaj\u00edma\u0165, po\u017ei\u010diava\u0165 alebo inak pren\u00e1\u0161a\u0165 tret\u00edm stran\u00e1m.<\/li>\n<li>Odstr\u00e1ni\u0165, zmeni\u0165 alebo zakry\u0165 ak\u00e9ko\u013evek upozornenia o autorsk\u00fdch pr\u00e1vach, ochrann\u00fdch zn\u00e1mkach alebo in\u00fdch vlastn\u00edckych pr\u00e1vach.<\/li>\n<li>pou\u017e\u00edva\u0165 aplik\u00e1ciu sp\u00f4sobom, ktor\u00fd poru\u0161uje platn\u00e9 z\u00e1kony alebo predpisy, poru\u0161uje pr\u00e1va du\u0161evn\u00e9ho vlastn\u00edctva in\u00fdch os\u00f4b alebo sa pok\u00fa\u0161a ob\u00eds\u0165 bezpe\u010dnostn\u00e9 opatrenia aplik\u00e1cie.<\/li>\n<li>pou\u017e\u00edva\u0165 aplik\u00e1ciu na ak\u00fako\u013evek nez\u00e1konn\u00fa \u010dinnos\u0165, okrem in\u00e9ho vr\u00e1tane prenosu alebo ukladania nez\u00e1konn\u00e9ho materi\u00e1lu alebo vykon\u00e1vania akejko\u013evek \u010dinnosti, ktor\u00e1 by mohla po\u0161kodi\u0165, znefunk\u010dni\u0165, nadmerne za\u0165a\u017eova\u0165 alebo znehodnoti\u0165 aplik\u00e1ciu alebo jej slu\u017eby.<\/li>\n<\/ul>\n<ol start=\"3\">\n<li><strong>  Vlastn\u00edctvo:<\/strong><\/li>\n<\/ol>\n<p>Aplik\u00e1cia je vo vlastn\u00edctve poskytovate\u013ea licencie a je chr\u00e1nen\u00e1 autorsk\u00fdmi pr\u00e1vami a in\u00fdmi z\u00e1konmi o du\u0161evnom vlastn\u00edctve. Va\u0161a licencia nezaklad\u00e1 \u017eiadne vlastn\u00edcke pr\u00e1vo k aplik\u00e1cii. <\/p>\n<ol start=\"4\">\n<li><strong>  Ochrana osobn\u00fdch \u00fadajov:<\/strong><\/li>\n<\/ol>\n<p>Na pou\u017e\u00edvanie aplik\u00e1cie sa vz\u0165ahuj\u00fa na\u0161e z\u00e1sady ochrany osobn\u00fdch \u00fadajov, ktor\u00e9 podrobne opisuj\u00fa na\u0161e postupy zhroma\u017e\u010fovania, spracovania a ochrany \u00fadajov. Pou\u017e\u00edvan\u00edm aplik\u00e1cie vyjadrujete s\u00fahlas s podmienkami podrobne uveden\u00fdmi v Z\u00e1sad\u00e1ch ochrany osobn\u00fdch \u00fadajov. Na\u0161e Z\u00e1sady ochrany osobn\u00fdch \u00fadajov n\u00e1jdete na adrese:    [Link to Privacy Policy]<\/p>\n<ol start=\"5\">\n<li><strong>  Odmietnutie z\u00e1ruk:<\/strong><\/li>\n<\/ol>\n<p>Aplik\u00e1cia sa poskytuje &#8220;TAK, AKO JE&#8221; a &#8220;AKO JE DOSTUPN\u00c1&#8221; bez ak\u00fdchko\u013evek z\u00e1ruk. Vonde Technology sa zrieka v\u0161etk\u00fdch z\u00e1ruk, \u010di u\u017e v\u00fdslovn\u00fdch, predpokladan\u00fdch, z\u00e1konn\u00fdch alebo in\u00fdch, vr\u00e1tane, ale nie v\u00fdlu\u010dne, predpokladan\u00fdch z\u00e1ruk predajnosti, vhodnosti na konkr\u00e9tny \u00fa\u010del, neporu\u0161enia a ak\u00fdchko\u013evek z\u00e1ruk vypl\u00fdvaj\u00facich z obchodovania alebo obchodn\u00fdch zvyklost\u00ed. <\/p>\n<ol start=\"6\">\n<li><strong>  Obmedzenie zodpovednosti:<\/strong><\/li>\n<\/ol>\n<p>V maxim\u00e1lnom rozsahu povolenom platn\u00fdmi pr\u00e1vnymi predpismi nebude spolo\u010dnos\u0165 Vonde Technology v \u017eiadnom pr\u00edpade zodpovedn\u00e1 za ak\u00e9ko\u013evek nepriame, n\u00e1hodn\u00e9, osobitn\u00e9, n\u00e1sledn\u00e9 alebo sankcionovan\u00e9 \u0161kody (vr\u00e1tane, bez obmedzenia, \u0161k\u00f4d za stratu zisku, \u00fadajov alebo pou\u017e\u00edvania), ktor\u00e9 vznikli v d\u00f4sledku alebo v s\u00favislosti s pou\u017e\u00edvan\u00edm alebo nemo\u017enos\u0165ou pou\u017e\u00edvania aplik\u00e1cie, a to ani v pr\u00edpade, \u017ee spolo\u010dnos\u0165 Vonde Technology bola upozornen\u00e1 na mo\u017enos\u0165 vzniku tak\u00fdchto \u0161k\u00f4d. Celkov\u00e1 zodpovednos\u0165 spolo\u010dnosti Vonde Technology vo\u010di v\u00e1m za ak\u00e9ko\u013evek a v\u0161etky n\u00e1roky vypl\u00fdvaj\u00face z tejto zmluvy EULA alebo z aplik\u00e1cie alebo v s\u00favislosti s \u0148ou je obmedzen\u00e1 na sumu, ktor\u00fa ste pr\u00edpadne zaplatili za pr\u00edstup k aplik\u00e1cii. <\/p>\n<ol start=\"7\">\n<li><strong>  Od\u0161kodnenie:<\/strong><\/li>\n<\/ol>\n<p>S\u00fahlas\u00edte s t\u00fdm, \u017ee od\u0161kodn\u00edte spolo\u010dnos\u0165 Vonde Technology, jej pridru\u017een\u00e9 spolo\u010dnosti, zamestnancov, riadite\u013eov a z\u00e1stupcov za v\u0161etky n\u00e1roky, \u0161kody, z\u00e1v\u00e4zky, straty alebo v\u00fddavky (vr\u00e1tane primeran\u00fdch poplatkov za pr\u00e1vne zastupovanie) vypl\u00fdvaj\u00face z v\u00e1\u0161ho nespr\u00e1vneho pou\u017e\u00edvania aplik\u00e1cie, poru\u0161enia tejto zmluvy EULA alebo poru\u0161enia ak\u00e9hoko\u013evek pr\u00e1va du\u0161evn\u00e9ho vlastn\u00edctva alebo in\u00e9ho pr\u00e1va akejko\u013evek osoby alebo subjektu.<\/p>\n<ol start=\"8\">\n<li><strong>  Ukon\u010denie:<\/strong><\/li>\n<\/ol>\n<p>T\u00e1to zmluva EULA je platn\u00e1, k\u00fdm ju neukon\u010d\u00edte vy alebo poskytovate\u013e licencie. Poskytovate\u013e licencie m\u00f4\u017ee t\u00fato LZVU kedyko\u013evek ukon\u010di\u0165, ak nedodr\u017e\u00edte niektor\u00fa z podmienok tejto LZVU. Po ukon\u010den\u00ed licencie mus\u00edte presta\u0165 pou\u017e\u00edva\u0165 aplik\u00e1ciu a zni\u010di\u0165 v\u0161etky k\u00f3pie, \u00fapln\u00e9 alebo \u010diasto\u010dn\u00e9, aplik\u00e1cie.  <\/p>\n<ol start=\"9\">\n<li><strong>  Rozhodn\u00e9 pr\u00e1vo:<\/strong><\/li>\n<\/ol>\n<p>T\u00e1to zmluva EULA sa riadi a vyklad\u00e1 v s\u00falade so z\u00e1konmi Ma\u010farska. V\u0161etky spory vypl\u00fdvaj\u00face z tejto EULA alebo s \u0148ou s\u00favisiace podliehaj\u00fa v\u00fdlu\u010dnej pr\u00e1vomoci s\u00fadov v Budape\u0161ti, Ma\u010farsko. <\/p>\n<ol start=\"10\">\n<li><strong>  Zmeny tejto licen\u010dnej zmluvy EULA:<\/strong><\/li>\n<\/ol>\n<p>Vyhradzujeme si pr\u00e1vo pravidelne aktualizova\u0165 alebo upravova\u0165 t\u00fato licenciu EULA. O podstatn\u00fdch zmen\u00e1ch v\u00e1s budeme informova\u0165 prostredn\u00edctvom ozn\u00e1men\u00ed aplik\u00e1cie, registrovan\u00e9ho e-mailu alebo zverejnen\u00edm ozn\u00e1menia v aplik\u00e1cii alebo na na\u0161ej webovej lokalite. Va\u0161e \u010fal\u0161ie pou\u017e\u00edvanie aplik\u00e1cie po tak\u00fdchto zmen\u00e1ch znamen\u00e1, \u017ee s\u00fahlas\u00edte s revidovanou zmluvou EULA.  <\/p>\n<ol start=\"11\">\n<li><strong>  Kontaktn\u00e9 inform\u00e1cie:<\/strong><\/li>\n<\/ol>\n<p>V pr\u00edpade ot\u00e1zok t\u00fdkaj\u00facich sa tejto zmluvy EULA alebo ak\u00fdchko\u013evek s\u00favisiacich z\u00e1le\u017eitost\u00ed n\u00e1s kontaktujte na:<\/p>\n<p>KMAK Kelet-Magyarorsz\u00e1gi Adatk\u00f6zpont Kft.<\/p>\n<p>H-5000 Szolnok, Szap\u00e1ry utca 20.<\/p>\n<p>E-mail: info@vondetechnology.com<\/p>\n<p>Webov\u00e1 str\u00e1nka: https:\/\/www.vondetech.com<\/p>\n<ol start=\"12\">\n<li><strong>  \u00dapln\u00e1 dohoda:<\/strong><\/li>\n<\/ol>\n<p>T\u00e1to licen\u010dn\u00e1 zmluva EULA predstavuje \u00fapln\u00fa dohodu medzi vami a poskytovate\u013eom licencie t\u00fdkaj\u00facu sa aplik\u00e1cie a nahr\u00e1dza v\u0161etky predch\u00e1dzaj\u00face alebo s\u00fa\u010dasn\u00e9 ozn\u00e1menia a n\u00e1vrhy, \u010di u\u017e \u00fastne alebo p\u00edsomn\u00e9.[\/vc_column_text][\/vc_column][\/vc_row]<\/p>\n<\/div>","protected":false},"excerpt":{"rendered":"<p>[vc_row][vc_column][vc_empty_space][vc_column_text el_class=&#8221;legal-text&#8221;]D\u00d4LE\u017dIT\u00c9 &#8211; POZORNE SI PRE\u010c\u00cdTAJTE: T\u00e1to licen\u010dn\u00e1 zmluva s koncov\u00fdm u\u017e\u00edvate\u013eom (\u010falej len &#8220;EULA&#8221;) je pr\u00e1vna dohoda medzi vami (\u010falej len &#8220;dr\u017eite\u013e licencie&#8221; alebo &#8220;vy&#8221;) a spolo\u010dnos\u0165ou KMAK Kelet-Magyarorsz\u00e1gi Adatk\u00f6zpont Kft. (&#8220;Poskytovate\u013e licencie&#8221; alebo &#8220;my&#8221;) pre softv\u00e9rov\u00fa aplik\u00e1ciu Vonde Pro App (&#8220;Aplik\u00e1cia&#8221;). In\u0161tal\u00e1ciou, kop\u00edrovan\u00edm alebo in\u00fdm pou\u017e\u00edvan\u00edm aplik\u00e1cie s\u00fahlas\u00edte s podmienkami tejto licen\u010dnej zmluvy [&hellip;]<\/p>\n","protected":false},"author":1,"featured_media":0,"parent":0,"menu_order":0,"comment_status":"closed","ping_status":"closed","template":"","meta":{"footnotes":""},"class_list":["post-20740","page","type-page","status-publish","hentry"],"yoast_head":"<!-- This site is optimized with the Yoast SEO plugin v24.7 - https:\/\/yoast.com\/wordpress\/plugins\/seo\/ -->\n<title>EULA - Vondetech<\/title>\n<meta name=\"robots\" content=\"index, follow, max-snippet:-1, max-image-preview:large, max-video-preview:-1\" \/>\n<link rel=\"canonical\" href=\"https:\/\/vondetech.com\/sk\/eula\/\" \/>\n<meta property=\"og:locale\" content=\"sk_SK\" \/>\n<meta property=\"og:type\" content=\"article\" \/>\n<meta property=\"og:title\" content=\"EULA - Vondetech\" \/>\n<meta property=\"og:description\" content=\"[vc_row][vc_column][vc_empty_space][vc_column_text el_class=&#8221;legal-text&#8221;]D\u00d4LE\u017dIT\u00c9 &#8211; POZORNE SI PRE\u010c\u00cdTAJTE: T\u00e1to licen\u010dn\u00e1 zmluva s koncov\u00fdm u\u017e\u00edvate\u013eom (\u010falej len &#8220;EULA&#8221;) je pr\u00e1vna dohoda medzi vami (\u010falej len &#8220;dr\u017eite\u013e licencie&#8221; alebo &#8220;vy&#8221;) a spolo\u010dnos\u0165ou KMAK Kelet-Magyarorsz\u00e1gi Adatk\u00f6zpont Kft. (&#8220;Poskytovate\u013e licencie&#8221; alebo &#8220;my&#8221;) pre softv\u00e9rov\u00fa aplik\u00e1ciu Vonde Pro App (&#8220;Aplik\u00e1cia&#8221;). In\u0161tal\u00e1ciou, kop\u00edrovan\u00edm alebo in\u00fdm pou\u017e\u00edvan\u00edm aplik\u00e1cie s\u00fahlas\u00edte s podmienkami tejto licen\u010dnej zmluvy [&hellip;]\" \/>\n<meta property=\"og:url\" content=\"https:\/\/vondetech.com\/sk\/eula\/\" \/>\n<meta property=\"og:site_name\" content=\"Vondetech\" \/>\n<meta property=\"article:modified_time\" content=\"2025-03-20T14:50:09+00:00\" \/>\n<meta name=\"twitter:card\" content=\"summary_large_image\" \/>\n<meta name=\"twitter:label1\" content=\"Predpokladan\u00fd \u010das \u010d\u00edtania\" \/>\n\t<meta name=\"twitter:data1\" content=\"5 min\u00fat\" \/>\n<script type=\"application\/ld+json\" class=\"yoast-schema-graph\">{\"@context\":\"https:\/\/schema.org\",\"@graph\":[{\"@type\":\"WebPage\",\"@id\":\"https:\/\/vondetech.com\/sk\/eula\/\",\"url\":\"https:\/\/vondetech.com\/sk\/eula\/\",\"name\":\"EULA - Vondetech\",\"isPartOf\":{\"@id\":\"https:\/\/vondetech.com\/sk\/#website\"},\"datePublished\":\"2025-03-19T08:19:24+00:00\",\"dateModified\":\"2025-03-20T14:50:09+00:00\",\"breadcrumb\":{\"@id\":\"https:\/\/vondetech.com\/sk\/eula\/#breadcrumb\"},\"inLanguage\":\"sk-SK\",\"potentialAction\":[{\"@type\":\"ReadAction\",\"target\":[\"https:\/\/vondetech.com\/sk\/eula\/\"]}]},{\"@type\":\"BreadcrumbList\",\"@id\":\"https:\/\/vondetech.com\/sk\/eula\/#breadcrumb\",\"itemListElement\":[{\"@type\":\"ListItem\",\"position\":1,\"name\":\"Domov\",\"item\":\"https:\/\/vondetech.com\/sk\/domov\/\"},{\"@type\":\"ListItem\",\"position\":2,\"name\":\"EULA\"}]},{\"@type\":\"WebSite\",\"@id\":\"https:\/\/vondetech.com\/sk\/#website\",\"url\":\"https:\/\/vondetech.com\/sk\/\",\"name\":\"Vondetech\",\"description\":\"\",\"potentialAction\":[{\"@type\":\"SearchAction\",\"target\":{\"@type\":\"EntryPoint\",\"urlTemplate\":\"https:\/\/vondetech.com\/sk\/?s={search_term_string}\"},\"query-input\":{\"@type\":\"PropertyValueSpecification\",\"valueRequired\":true,\"valueName\":\"search_term_string\"}}],\"inLanguage\":\"sk-SK\"}]}<\/script>\n<!-- \/ Yoast SEO plugin. -->","yoast_head_json":{"title":"EULA - Vondetech","robots":{"index":"index","follow":"follow","max-snippet":"max-snippet:-1","max-image-preview":"max-image-preview:large","max-video-preview":"max-video-preview:-1"},"canonical":"https:\/\/vondetech.com\/sk\/eula\/","og_locale":"sk_SK","og_type":"article","og_title":"EULA - Vondetech","og_description":"[vc_row][vc_column][vc_empty_space][vc_column_text el_class=&#8221;legal-text&#8221;]D\u00d4LE\u017dIT\u00c9 &#8211; POZORNE SI PRE\u010c\u00cdTAJTE: T\u00e1to licen\u010dn\u00e1 zmluva s koncov\u00fdm u\u017e\u00edvate\u013eom (\u010falej len &#8220;EULA&#8221;) je pr\u00e1vna dohoda medzi vami (\u010falej len &#8220;dr\u017eite\u013e licencie&#8221; alebo &#8220;vy&#8221;) a spolo\u010dnos\u0165ou KMAK Kelet-Magyarorsz\u00e1gi Adatk\u00f6zpont Kft. (&#8220;Poskytovate\u013e licencie&#8221; alebo &#8220;my&#8221;) pre softv\u00e9rov\u00fa aplik\u00e1ciu Vonde Pro App (&#8220;Aplik\u00e1cia&#8221;). In\u0161tal\u00e1ciou, kop\u00edrovan\u00edm alebo in\u00fdm pou\u017e\u00edvan\u00edm aplik\u00e1cie s\u00fahlas\u00edte s podmienkami tejto licen\u010dnej zmluvy [&hellip;]","og_url":"https:\/\/vondetech.com\/sk\/eula\/","og_site_name":"Vondetech","article_modified_time":"2025-03-20T14:50:09+00:00","twitter_card":"summary_large_image","twitter_misc":{"Predpokladan\u00fd \u010das \u010d\u00edtania":"5 min\u00fat"},"schema":{"@context":"https:\/\/schema.org","@graph":[{"@type":"WebPage","@id":"https:\/\/vondetech.com\/sk\/eula\/","url":"https:\/\/vondetech.com\/sk\/eula\/","name":"EULA - Vondetech","isPartOf":{"@id":"https:\/\/vondetech.com\/sk\/#website"},"datePublished":"2025-03-19T08:19:24+00:00","dateModified":"2025-03-20T14:50:09+00:00","breadcrumb":{"@id":"https:\/\/vondetech.com\/sk\/eula\/#breadcrumb"},"inLanguage":"sk-SK","potentialAction":[{"@type":"ReadAction","target":["https:\/\/vondetech.com\/sk\/eula\/"]}]},{"@type":"BreadcrumbList","@id":"https:\/\/vondetech.com\/sk\/eula\/#breadcrumb","itemListElement":[{"@type":"ListItem","position":1,"name":"Domov","item":"https:\/\/vondetech.com\/sk\/domov\/"},{"@type":"ListItem","position":2,"name":"EULA"}]},{"@type":"WebSite","@id":"https:\/\/vondetech.com\/sk\/#website","url":"https:\/\/vondetech.com\/sk\/","name":"Vondetech","description":"","potentialAction":[{"@type":"SearchAction","target":{"@type":"EntryPoint","urlTemplate":"https:\/\/vondetech.com\/sk\/?s={search_term_string}"},"query-input":{"@type":"PropertyValueSpecification","valueRequired":true,"valueName":"search_term_string"}}],"inLanguage":"sk-SK"}]}},"_links":{"self":[{"href":"https:\/\/vondetech.com\/sk\/wp-json\/wp\/v2\/pages\/20740","targetHints":{"allow":["GET"]}}],"collection":[{"href":"https:\/\/vondetech.com\/sk\/wp-json\/wp\/v2\/pages"}],"about":[{"href":"https:\/\/vondetech.com\/sk\/wp-json\/wp\/v2\/types\/page"}],"author":[{"embeddable":true,"href":"https:\/\/vondetech.com\/sk\/wp-json\/wp\/v2\/users\/1"}],"replies":[{"embeddable":true,"href":"https:\/\/vondetech.com\/sk\/wp-json\/wp\/v2\/comments?post=20740"}],"version-history":[{"count":10,"href":"https:\/\/vondetech.com\/sk\/wp-json\/wp\/v2\/pages\/20740\/revisions"}],"predecessor-version":[{"id":20802,"href":"https:\/\/vondetech.com\/sk\/wp-json\/wp\/v2\/pages\/20740\/revisions\/20802"}],"wp:attachment":[{"href":"https:\/\/vondetech.com\/sk\/wp-json\/wp\/v2\/media?parent=20740"}],"curies":[{"name":"wp","href":"https:\/\/api.w.org\/{rel}","templated":true}]}}