{"id":20679,"date":"2025-03-19T09:18:12","date_gmt":"2025-03-19T08:18:12","guid":{"rendered":"https:\/\/vondetech.com\/zasady-pouzivania-suborov-cookie-pre-mobilnu-aplikaciu-vonde-pro\/"},"modified":"2025-07-02T13:01:45","modified_gmt":"2025-07-02T11:01:45","slug":"zasady-pouzivania-suborov-cookie-pre-mobilnu-aplikaciu-vonde-pro","status":"publish","type":"page","link":"https:\/\/vondetech.com\/sk\/zasady-pouzivania-suborov-cookie-pre-mobilnu-aplikaciu-vonde-pro\/","title":{"rendered":"Z\u00e1sady pou\u017e\u00edvania s\u00faborov cookie pre mobiln\u00fa aplik\u00e1ciu Vonde Pro"},"content":{"rendered":"<div class=\"wpb-content-wrapper\"><p>[vc_row][vc_column][vc_empty_space][vc_column_text el_class=&#8221;legal-text&#8221;]<strong>D\u00e1tum \u00fa\u010dinnosti:<\/strong> marca 2025<\/p>\n<ol>\n<li><strong>  \u00davod<\/strong><\/li>\n<\/ol>\n<p>Tieto z\u00e1sady pou\u017e\u00edvania s\u00faborov cookie vysvet\u013euj\u00fa, ako spolo\u010dnos\u0165 Vonde Technology (\u010falej len &#8220;my&#8221;, &#8220;n\u00e1s&#8221; alebo &#8220;na\u0161a&#8221;) pou\u017e\u00edva s\u00fabory cookie a podobn\u00e9 technol\u00f3gie v mobilnej aplik\u00e1cii Vonde Pro (\u010falej len &#8220;aplik\u00e1cia&#8221;). Tieto z\u00e1sady sa vz\u0165ahuj\u00fa konkr\u00e9tne na aplik\u00e1ciu a l\u00ed\u0161ia sa od z\u00e1sad pou\u017e\u00edvania s\u00faborov cookie platn\u00fdch pre na\u0161e webov\u00e9 str\u00e1nky. <\/p>\n<ol start=\"2\">\n<li><strong>  \u010co s\u00fa s\u00fabory cookie a technol\u00f3gie sledovania?<\/strong><\/li>\n<\/ol>\n<p>S\u00fabory cookie a technol\u00f3gie sledovania v mobiln\u00fdch aplik\u00e1ci\u00e1ch zah\u0155\u0148aj\u00fa identifik\u00e1tory zariadenia, pixely a miestne \u00falo\u017eisko, ktor\u00e9 zhroma\u017e\u010fuj\u00fa a ukladaj\u00fa \u00fadaje o va\u0161om zariaden\u00ed a pou\u017e\u00edvan\u00ed aplik\u00e1cie.<\/p>\n<ol start=\"3\">\n<li><strong>  Typy s\u00faborov cookie a sledovac\u00edch technol\u00f3gi\u00ed, ktor\u00e9 pou\u017e\u00edvame<\/strong><\/li>\n<\/ol>\n<ul>\n<li><strong>Z\u00e1kladn\u00e9 technol\u00f3gie:<\/strong> Tieto technol\u00f3gie s\u00fa potrebn\u00e9 na zabezpe\u010denie z\u00e1kladn\u00fdch funkci\u00ed aplik\u00e1cie, ako je overovanie pou\u017e\u00edvate\u013eov, bezpe\u010dnostn\u00e9 funkcie a v\u00fdkon aplik\u00e1cie. Tieto technol\u00f3gie nezhroma\u017e\u010fuj\u00fa \u017eiadne osobn\u00e9 \u00fadaje. <\/li>\n<li><strong>Analytick\u00e9 technol\u00f3gie:<\/strong> Pou\u017e\u00edvame Firebase Analytics, Firebase Performance Monitoring a Firebase Crashlytics na anal\u00fdzu interakcie pou\u017e\u00edvate\u013eov, diagnostiku p\u00e1dov a monitorovanie v\u00fdkonu s cie\u013eom zv\u00fd\u0161i\u0165 kvalitu aplik\u00e1cie. Tieto technol\u00f3gie zhroma\u017e\u010fuj\u00fa anonymizovan\u00e9 \u00fadaje o interakci\u00e1ch pou\u017e\u00edvate\u013eov, pou\u017e\u00edvan\u00ed aplik\u00e1cie a inform\u00e1cie o zariaden\u00ed, ktor\u00e9 n\u00e1m pom\u00e1haj\u00fa pochopi\u0165, ako pou\u017e\u00edvatelia s aplik\u00e1ciou interaguj\u00fa, a identifikova\u0165 oblasti, ktor\u00e9 je potrebn\u00e9 zlep\u0161i\u0165. <\/li>\n<li><strong>Reklamn\u00e9 technol\u00f3gie:<\/strong> Google AdMob zhroma\u017e\u010fuje identifik\u00e1tory zariaden\u00ed a \u00fadaje o pou\u017e\u00edvan\u00ed aplik\u00e1ci\u00ed na zobrazovanie personalizovan\u00fdch rekl\u00e1m prisp\u00f4soben\u00fdch z\u00e1ujmom pou\u017e\u00edvate\u013eov. Google AdMob pou\u017e\u00edva na prisp\u00f4sobenie rekl\u00e1m technol\u00f3gie, ako je napr\u00edklad reklamn\u00fd identifik\u00e1tor zariadenia. Pou\u017e\u00edvanie tohto identifik\u00e1tora m\u00f4\u017eete kontrolova\u0165 v nastaveniach zariadenia.  <\/li>\n<\/ul>\n<ol start=\"4\">\n<li><strong>  \u00da\u010dely pou\u017e\u00edvania sledovac\u00edch technol\u00f3gi\u00ed<\/strong><\/li>\n<\/ol>\n<p>Tieto technol\u00f3gie vyu\u017e\u00edvame na:<\/p>\n<ul>\n<li>Poskytovanie z\u00e1kladn\u00fdch funkci\u00ed aplik\u00e1cie.<\/li>\n<li>Monitorovanie a zvy\u0161ovanie v\u00fdkonu a stability aplik\u00e1cie.<\/li>\n<li>Poskytovanie personalizovan\u00fdch rekl\u00e1m prostredn\u00edctvom slu\u017eby Google AdMob.<\/li>\n<li>Analyzujte interakcie pou\u017e\u00edvate\u013eov s cie\u013eom zlep\u0161i\u0165 pou\u017e\u00edvate\u013esk\u00fa sk\u00fasenos\u0165 a optimalizova\u0165 funkcie aplik\u00e1cie.<\/li>\n<\/ul>\n<ol start=\"5\">\n<li><strong>  Spr\u00e1va s\u00faborov cookie a predvolieb<\/strong><\/li>\n<\/ol>\n<p>Pou\u017e\u00edvanie s\u00faborov cookie a sledovac\u00edch technol\u00f3gi\u00ed m\u00f4\u017eete kontrolova\u0165 prostredn\u00edctvom nastaven\u00ed svojho zariadenia.<\/p>\n<ul>\n<li><strong>Pre zariadenia so syst\u00e9mom Android:<\/strong> V nastaveniach zariadenia m\u00f4\u017eete odmietnu\u0165 personalizovan\u00fa reklamu povolen\u00edm funkcie &#8220;Odmietnu\u0165 personaliz\u00e1ciu rekl\u00e1m&#8221;. Zhroma\u017e\u010fovanie analytick\u00fdch \u00fadajov m\u00f4\u017eete kontrolova\u0165 aj v nastaveniach ochrany osobn\u00fdch \u00fadajov svojho zariadenia. <\/li>\n<li><strong>Pre zariadenia so syst\u00e9mom iOS:<\/strong> V nastaveniach zariadenia m\u00f4\u017eete obmedzi\u0165 sledovanie rekl\u00e1m povolen\u00edm funkcie &#8220;Obmedzi\u0165 sledovanie rekl\u00e1m&#8221;. Zhroma\u017e\u010fovanie analytick\u00fdch \u00fadajov m\u00f4\u017eete kontrolova\u0165 aj v nastaveniach ochrany osobn\u00fdch \u00fadajov svojho zariadenia. <\/li>\n<li>\u010eal\u0161ie inform\u00e1cie o tom, ako spravova\u0165 nastavenia ochrany osobn\u00fdch \u00fadajov, n\u00e1jdete v dokument\u00e1cii k svojmu zariadeniu.<\/li>\n<\/ul>\n<p>Niektor\u00e9 z t\u00fdchto technol\u00f3gi\u00ed s\u00fa zalo\u017een\u00e9 na rel\u00e1cii, \u010do znamen\u00e1, \u017ee sa po zatvoren\u00ed aplik\u00e1cie vyma\u017e\u00fa. In\u00e9 s\u00fa trval\u00e9, \u010do znamen\u00e1, \u017ee zost\u00e1vaj\u00fa vo va\u0161om zariaden\u00ed dlh\u0161ie obdobie. <\/p>\n<ol start=\"6\">\n<li><strong>  Poskytovatelia slu\u017eieb tret\u00edch str\u00e1n<\/strong><\/li>\n<\/ol>\n<p>Pou\u017e\u00edvame t\u00fdchto poskytovate\u013eov tret\u00edch str\u00e1n, ktor\u00ed pou\u017e\u00edvaj\u00fa s\u00fabory cookie alebo technol\u00f3gie sledovania:<\/p>\n<ul>\n<li><strong>Z\u00e1klad\u0148a Google Firebase:<\/strong> Pou\u017e\u00edvame slu\u017eby Google Firebase vr\u00e1tane slu\u017eieb Firebase Analytics, Firebase Crashlytics a Firebase Performance Monitoring. Tieto slu\u017eby pou\u017e\u00edvaj\u00fa technol\u00f3gie na zhroma\u017e\u010fovanie a spracovanie \u00fadajov o va\u0161om pou\u017e\u00edvan\u00ed aplik\u00e1cie. Viac inform\u00e1ci\u00ed o postupoch spolo\u010dnosti Google v oblasti ochrany osobn\u00fdch \u00fadajov a o tom, ako spolo\u010dnos\u0165 Google pou\u017e\u00edva \u00fadaje, n\u00e1jdete v Z\u00e1sad\u00e1ch ochrany osobn\u00fdch \u00fadajov spolo\u010dnosti Google:    [Link to Google&#8217;s Privacy Policy]<\/li>\n<li><strong>Google AdMob:<\/strong> Na zobrazovanie personalizovan\u00fdch rekl\u00e1m v aplik\u00e1cii pou\u017e\u00edvame slu\u017ebu Google AdMob. Google AdMob pou\u017e\u00edva technol\u00f3gie na zhroma\u017e\u010fovanie a spracovanie \u00fadajov o va\u0161om pou\u017e\u00edvan\u00ed aplik\u00e1cie a v\u00e1\u0161ho zariadenia. Viac inform\u00e1ci\u00ed o postupoch spolo\u010dnosti Google v oblasti ochrany osobn\u00fdch \u00fadajov a o tom, ako spolo\u010dnos\u0165 Google pou\u017e\u00edva \u00fadaje, n\u00e1jdete v Z\u00e1sad\u00e1ch ochrany osobn\u00fdch \u00fadajov spolo\u010dnosti Google:    [Link to Google&#8217;s Privacy Policy]<\/li>\n<\/ul>\n<p>V\u0161etky tretie strany pr\u00edsne dodr\u017eiavaj\u00fa normy ochrany \u00fadajov a sprac\u00favaj\u00fa \u00fadaje v\u00fdlu\u010dne na uveden\u00e9 \u00fa\u010dely.<\/p>\n<ol start=\"7\">\n<li><strong>  Aktualiz\u00e1cie politiky<\/strong><\/li>\n<\/ol>\n<p>Tieto z\u00e1sady pou\u017e\u00edvania s\u00faborov cookie sa m\u00f4\u017eu pravidelne aktualizova\u0165. O v\u00fdznamn\u00fdch zmen\u00e1ch budete informovan\u00ed prostredn\u00edctvom ozn\u00e1men\u00ed aplik\u00e1cie alebo e-mailu. <\/p>\n<ol start=\"8\">\n<li><strong>  Kontaktn\u00e9 inform\u00e1cie<\/strong><\/li>\n<\/ol>\n<p>V pr\u00edpade ot\u00e1zok alebo ob\u00e1v t\u00fdkaj\u00facich sa t\u00fdchto z\u00e1sad pou\u017e\u00edvania s\u00faborov cookie n\u00e1s kontaktujte:<\/p>\n<p>KMAK Kelet-Magyarorsz\u00e1gi Adatk\u00f6zpont Kft.<\/p>\n<p>H-5000 Szolnok, Szap\u00e1ry utca 20.<\/p>\n<p>E-mail: info@vondetechnology.com<\/p>\n<p>Pou\u017e\u00edvan\u00edm aplik\u00e1cie Vonde Pro s\u00fahlas\u00edte s pou\u017e\u00edvan\u00edm s\u00faborov cookie a sledovac\u00edch technol\u00f3gi\u00ed, ako je op\u00edsan\u00e9 v t\u00fdchto Z\u00e1sad\u00e1ch pou\u017e\u00edvania s\u00faborov cookie.[\/vc_column_text][\/vc_column][\/vc_row]<\/p>\n<\/div>","protected":false},"excerpt":{"rendered":"<p>[vc_row][vc_column][vc_empty_space][vc_column_text el_class=&#8221;legal-text&#8221;]D\u00e1tum \u00fa\u010dinnosti: marca 2025 \u00davod Tieto z\u00e1sady pou\u017e\u00edvania s\u00faborov cookie vysvet\u013euj\u00fa, ako spolo\u010dnos\u0165 Vonde Technology (\u010falej len &#8220;my&#8221;, &#8220;n\u00e1s&#8221; alebo &#8220;na\u0161a&#8221;) pou\u017e\u00edva s\u00fabory cookie a podobn\u00e9 technol\u00f3gie v mobilnej aplik\u00e1cii Vonde Pro (\u010falej len &#8220;aplik\u00e1cia&#8221;). Tieto z\u00e1sady sa vz\u0165ahuj\u00fa konkr\u00e9tne na aplik\u00e1ciu a l\u00ed\u0161ia sa od z\u00e1sad pou\u017e\u00edvania s\u00faborov cookie platn\u00fdch pre na\u0161e webov\u00e9 [&hellip;]<\/p>\n","protected":false},"author":1,"featured_media":0,"parent":0,"menu_order":0,"comment_status":"closed","ping_status":"closed","template":"","meta":{"footnotes":""},"class_list":["post-20679","page","type-page","status-publish","hentry"],"yoast_head":"<!-- This site is optimized with the Yoast SEO plugin v24.7 - https:\/\/yoast.com\/wordpress\/plugins\/seo\/ -->\n<title>Z\u00e1sady pou\u017e\u00edvania s\u00faborov cookie pre mobiln\u00fa aplik\u00e1ciu Vonde Pro - Vondetech<\/title>\n<meta name=\"robots\" content=\"index, follow, max-snippet:-1, max-image-preview:large, max-video-preview:-1\" \/>\n<link rel=\"canonical\" href=\"https:\/\/vondetech.com\/sk\/zasady-pouzivania-suborov-cookie-pre-mobilnu-aplikaciu-vonde-pro\/\" \/>\n<meta property=\"og:locale\" content=\"sk_SK\" \/>\n<meta property=\"og:type\" content=\"article\" \/>\n<meta property=\"og:title\" content=\"Z\u00e1sady pou\u017e\u00edvania s\u00faborov cookie pre mobiln\u00fa aplik\u00e1ciu Vonde Pro - Vondetech\" \/>\n<meta property=\"og:description\" content=\"[vc_row][vc_column][vc_empty_space][vc_column_text el_class=&#8221;legal-text&#8221;]D\u00e1tum \u00fa\u010dinnosti: marca 2025 \u00davod Tieto z\u00e1sady pou\u017e\u00edvania s\u00faborov cookie vysvet\u013euj\u00fa, ako spolo\u010dnos\u0165 Vonde Technology (\u010falej len &#8220;my&#8221;, &#8220;n\u00e1s&#8221; alebo &#8220;na\u0161a&#8221;) pou\u017e\u00edva s\u00fabory cookie a podobn\u00e9 technol\u00f3gie v mobilnej aplik\u00e1cii Vonde Pro (\u010falej len &#8220;aplik\u00e1cia&#8221;). Tieto z\u00e1sady sa vz\u0165ahuj\u00fa konkr\u00e9tne na aplik\u00e1ciu a l\u00ed\u0161ia sa od z\u00e1sad pou\u017e\u00edvania s\u00faborov cookie platn\u00fdch pre na\u0161e webov\u00e9 [&hellip;]\" \/>\n<meta property=\"og:url\" content=\"https:\/\/vondetech.com\/sk\/zasady-pouzivania-suborov-cookie-pre-mobilnu-aplikaciu-vonde-pro\/\" \/>\n<meta property=\"og:site_name\" content=\"Vondetech\" \/>\n<meta property=\"article:modified_time\" content=\"2025-07-02T11:01:45+00:00\" \/>\n<meta name=\"twitter:card\" content=\"summary_large_image\" \/>\n<meta name=\"twitter:label1\" content=\"Predpokladan\u00fd \u010das \u010d\u00edtania\" \/>\n\t<meta name=\"twitter:data1\" content=\"4 min\u00faty\" \/>\n<script type=\"application\/ld+json\" class=\"yoast-schema-graph\">{\"@context\":\"https:\/\/schema.org\",\"@graph\":[{\"@type\":\"WebPage\",\"@id\":\"https:\/\/vondetech.com\/sk\/zasady-pouzivania-suborov-cookie-pre-mobilnu-aplikaciu-vonde-pro\/\",\"url\":\"https:\/\/vondetech.com\/sk\/zasady-pouzivania-suborov-cookie-pre-mobilnu-aplikaciu-vonde-pro\/\",\"name\":\"Z\u00e1sady pou\u017e\u00edvania s\u00faborov cookie pre mobiln\u00fa aplik\u00e1ciu Vonde Pro - Vondetech\",\"isPartOf\":{\"@id\":\"https:\/\/vondetech.com\/sk\/#website\"},\"datePublished\":\"2025-03-19T08:18:12+00:00\",\"dateModified\":\"2025-07-02T11:01:45+00:00\",\"breadcrumb\":{\"@id\":\"https:\/\/vondetech.com\/sk\/zasady-pouzivania-suborov-cookie-pre-mobilnu-aplikaciu-vonde-pro\/#breadcrumb\"},\"inLanguage\":\"sk-SK\",\"potentialAction\":[{\"@type\":\"ReadAction\",\"target\":[\"https:\/\/vondetech.com\/sk\/zasady-pouzivania-suborov-cookie-pre-mobilnu-aplikaciu-vonde-pro\/\"]}]},{\"@type\":\"BreadcrumbList\",\"@id\":\"https:\/\/vondetech.com\/sk\/zasady-pouzivania-suborov-cookie-pre-mobilnu-aplikaciu-vonde-pro\/#breadcrumb\",\"itemListElement\":[{\"@type\":\"ListItem\",\"position\":1,\"name\":\"Domov\",\"item\":\"https:\/\/vondetech.com\/sk\/domov\/\"},{\"@type\":\"ListItem\",\"position\":2,\"name\":\"Z\u00e1sady pou\u017e\u00edvania s\u00faborov cookie pre mobiln\u00fa aplik\u00e1ciu Vonde Pro\"}]},{\"@type\":\"WebSite\",\"@id\":\"https:\/\/vondetech.com\/sk\/#website\",\"url\":\"https:\/\/vondetech.com\/sk\/\",\"name\":\"Vondetech\",\"description\":\"\",\"potentialAction\":[{\"@type\":\"SearchAction\",\"target\":{\"@type\":\"EntryPoint\",\"urlTemplate\":\"https:\/\/vondetech.com\/sk\/?s={search_term_string}\"},\"query-input\":{\"@type\":\"PropertyValueSpecification\",\"valueRequired\":true,\"valueName\":\"search_term_string\"}}],\"inLanguage\":\"sk-SK\"}]}<\/script>\n<!-- \/ Yoast SEO plugin. -->","yoast_head_json":{"title":"Z\u00e1sady pou\u017e\u00edvania s\u00faborov cookie pre mobiln\u00fa aplik\u00e1ciu Vonde Pro - Vondetech","robots":{"index":"index","follow":"follow","max-snippet":"max-snippet:-1","max-image-preview":"max-image-preview:large","max-video-preview":"max-video-preview:-1"},"canonical":"https:\/\/vondetech.com\/sk\/zasady-pouzivania-suborov-cookie-pre-mobilnu-aplikaciu-vonde-pro\/","og_locale":"sk_SK","og_type":"article","og_title":"Z\u00e1sady pou\u017e\u00edvania s\u00faborov cookie pre mobiln\u00fa aplik\u00e1ciu Vonde Pro - Vondetech","og_description":"[vc_row][vc_column][vc_empty_space][vc_column_text el_class=&#8221;legal-text&#8221;]D\u00e1tum \u00fa\u010dinnosti: marca 2025 \u00davod Tieto z\u00e1sady pou\u017e\u00edvania s\u00faborov cookie vysvet\u013euj\u00fa, ako spolo\u010dnos\u0165 Vonde Technology (\u010falej len &#8220;my&#8221;, &#8220;n\u00e1s&#8221; alebo &#8220;na\u0161a&#8221;) pou\u017e\u00edva s\u00fabory cookie a podobn\u00e9 technol\u00f3gie v mobilnej aplik\u00e1cii Vonde Pro (\u010falej len &#8220;aplik\u00e1cia&#8221;). Tieto z\u00e1sady sa vz\u0165ahuj\u00fa konkr\u00e9tne na aplik\u00e1ciu a l\u00ed\u0161ia sa od z\u00e1sad pou\u017e\u00edvania s\u00faborov cookie platn\u00fdch pre na\u0161e webov\u00e9 [&hellip;]","og_url":"https:\/\/vondetech.com\/sk\/zasady-pouzivania-suborov-cookie-pre-mobilnu-aplikaciu-vonde-pro\/","og_site_name":"Vondetech","article_modified_time":"2025-07-02T11:01:45+00:00","twitter_card":"summary_large_image","twitter_misc":{"Predpokladan\u00fd \u010das \u010d\u00edtania":"4 min\u00faty"},"schema":{"@context":"https:\/\/schema.org","@graph":[{"@type":"WebPage","@id":"https:\/\/vondetech.com\/sk\/zasady-pouzivania-suborov-cookie-pre-mobilnu-aplikaciu-vonde-pro\/","url":"https:\/\/vondetech.com\/sk\/zasady-pouzivania-suborov-cookie-pre-mobilnu-aplikaciu-vonde-pro\/","name":"Z\u00e1sady pou\u017e\u00edvania s\u00faborov cookie pre mobiln\u00fa aplik\u00e1ciu Vonde Pro - Vondetech","isPartOf":{"@id":"https:\/\/vondetech.com\/sk\/#website"},"datePublished":"2025-03-19T08:18:12+00:00","dateModified":"2025-07-02T11:01:45+00:00","breadcrumb":{"@id":"https:\/\/vondetech.com\/sk\/zasady-pouzivania-suborov-cookie-pre-mobilnu-aplikaciu-vonde-pro\/#breadcrumb"},"inLanguage":"sk-SK","potentialAction":[{"@type":"ReadAction","target":["https:\/\/vondetech.com\/sk\/zasady-pouzivania-suborov-cookie-pre-mobilnu-aplikaciu-vonde-pro\/"]}]},{"@type":"BreadcrumbList","@id":"https:\/\/vondetech.com\/sk\/zasady-pouzivania-suborov-cookie-pre-mobilnu-aplikaciu-vonde-pro\/#breadcrumb","itemListElement":[{"@type":"ListItem","position":1,"name":"Domov","item":"https:\/\/vondetech.com\/sk\/domov\/"},{"@type":"ListItem","position":2,"name":"Z\u00e1sady pou\u017e\u00edvania s\u00faborov cookie pre mobiln\u00fa aplik\u00e1ciu Vonde Pro"}]},{"@type":"WebSite","@id":"https:\/\/vondetech.com\/sk\/#website","url":"https:\/\/vondetech.com\/sk\/","name":"Vondetech","description":"","potentialAction":[{"@type":"SearchAction","target":{"@type":"EntryPoint","urlTemplate":"https:\/\/vondetech.com\/sk\/?s={search_term_string}"},"query-input":{"@type":"PropertyValueSpecification","valueRequired":true,"valueName":"search_term_string"}}],"inLanguage":"sk-SK"}]}},"_links":{"self":[{"href":"https:\/\/vondetech.com\/sk\/wp-json\/wp\/v2\/pages\/20679","targetHints":{"allow":["GET"]}}],"collection":[{"href":"https:\/\/vondetech.com\/sk\/wp-json\/wp\/v2\/pages"}],"about":[{"href":"https:\/\/vondetech.com\/sk\/wp-json\/wp\/v2\/types\/page"}],"author":[{"embeddable":true,"href":"https:\/\/vondetech.com\/sk\/wp-json\/wp\/v2\/users\/1"}],"replies":[{"embeddable":true,"href":"https:\/\/vondetech.com\/sk\/wp-json\/wp\/v2\/comments?post=20679"}],"version-history":[{"count":6,"href":"https:\/\/vondetech.com\/sk\/wp-json\/wp\/v2\/pages\/20679\/revisions"}],"predecessor-version":[{"id":30460,"href":"https:\/\/vondetech.com\/sk\/wp-json\/wp\/v2\/pages\/20679\/revisions\/30460"}],"wp:attachment":[{"href":"https:\/\/vondetech.com\/sk\/wp-json\/wp\/v2\/media?parent=20679"}],"curies":[{"name":"wp","href":"https:\/\/api.w.org\/{rel}","templated":true}]}}