{"id":13271,"date":"2024-05-23T15:17:28","date_gmt":"2024-05-23T13:17:28","guid":{"rendered":"https:\/\/vondetech.com\/zasady-ochrany-osobnych-udajov\/"},"modified":"2025-03-19T13:29:17","modified_gmt":"2025-03-19T12:29:17","slug":"zasady-ochrany-osobnych-udajov","status":"publish","type":"page","link":"https:\/\/vondetech.com\/sk\/zasady-ochrany-osobnych-udajov\/","title":{"rendered":"Z\u00e1sady pou\u017e\u00edvania s\u00faborov cookie pre webov\u00e9 s\u00eddlo Vonde Pro"},"content":{"rendered":"<div class=\"wpb-content-wrapper\"><p>[vc_row][vc_column][vc_empty_space][vc_column_text el_class=&#8221;legal-text&#8221;]<strong>Z\u00e1sady pou\u017e\u00edvania s\u00faborov cookie pre webov\u00e9 s\u00eddlo Vonde Pro<\/strong><\/p>\n<p><strong>D\u00e1tum \u00fa\u010dinnosti:<\/strong> marca 2025<\/p>\n<ol>\n<li><strong>  \u00davod<\/strong><\/li>\n<\/ol>\n<p>Tieto z\u00e1sady pou\u017e\u00edvania s\u00faborov cookie vysvet\u013euj\u00fa, ako spolo\u010dnos\u0165 Vonde Technology (\u010falej len &#8220;my&#8221;, &#8220;n\u00e1s&#8221; alebo &#8220;na\u0161e&#8221;) pou\u017e\u00edva s\u00fabory cookie a podobn\u00e9 technol\u00f3gie na webovej str\u00e1nke Vonde Pro (\u010falej len &#8220;webov\u00e1 str\u00e1nka&#8221;). Tieto z\u00e1sady sa nevz\u0165ahuj\u00fa na mobiln\u00fa aplik\u00e1ciu Vonde Pro, ktor\u00e1 m\u00e1 vlastn\u00e9 samostatn\u00e9 Z\u00e1sady pou\u017e\u00edvania s\u00faborov cookie. <\/p>\n<ol start=\"2\">\n<li><strong>  \u010co s\u00fa to s\u00fabory cookie?<\/strong><\/li>\n<\/ol>\n<p>S\u00fabory cookie s\u00fa mal\u00e9 textov\u00e9 s\u00fabory, ktor\u00e9 sa ukladaj\u00fa do v\u00e1\u0161ho zariadenia pri n\u00e1v\u0161teve na\u0161ej webovej lokality. S\u00fabory cookie n\u00e1m pom\u00e1haj\u00fa analyzova\u0165 n\u00e1v\u0161tevnos\u0165 webovej lokality a zlep\u0161ova\u0165 pou\u017e\u00edvate\u013esk\u00e9 sk\u00fasenosti. <\/p>\n<ol start=\"3\">\n<li><strong>  Typy s\u00faborov cookie, ktor\u00e9 pou\u017e\u00edvame<\/strong><\/li>\n<\/ol>\n<ul>\n<li><strong>Z\u00e1kladn\u00e9 s\u00fabory cookie:<\/strong> Tieto s\u00fabory cookie s\u00fa potrebn\u00e9 na z\u00e1kladn\u00e9 fungovanie webovej str\u00e1nky. Umo\u017e\u0148uj\u00fa v\u00e1m navig\u00e1ciu na webovej lokalite, pou\u017e\u00edvanie z\u00e1kladn\u00fdch funkci\u00ed, ako je prihl\u00e1senie do v\u00e1\u0161ho \u00fa\u010dtu, prid\u00e1vanie polo\u017eiek do n\u00e1kupn\u00e9ho ko\u0161\u00edka a pr\u00edstup do zabezpe\u010den\u00fdch oblast\u00ed webovej lokality. <\/li>\n<li><strong>Analytick\u00e9 s\u00fabory cookie:<\/strong> Umo\u017e\u0148uj\u00fa n\u00e1m rozpozna\u0165 a spo\u010d\u00edta\u0165 n\u00e1v\u0161tevn\u00edkov a zisti\u0165, ako sa n\u00e1v\u0161tevn\u00edci pohybuj\u00fa po webovej lokalite. To n\u00e1m pom\u00e1ha zlep\u0161ova\u0165 pou\u017eite\u013enos\u0165 a v\u00fdkonnos\u0165 webovej str\u00e1nky. Na zhroma\u017e\u010fovanie inform\u00e1ci\u00ed o tom, ako n\u00e1v\u0161tevn\u00edci pou\u017e\u00edvaj\u00fa na\u0161u webov\u00fa lokalitu, pou\u017e\u00edvame slu\u017ebu Google Analytics. Tieto s\u00fabory cookie zhroma\u017e\u010fuj\u00fa \u00fadaje, ako je po\u010det n\u00e1v\u0161tevn\u00edkov, str\u00e1nky, ktor\u00e9 nav\u0161t\u00edvili, a \u010das, ktor\u00fd str\u00e1vili na ka\u017edej str\u00e1nke.   <\/li>\n<\/ul>\n<ol start=\"4\">\n<li><strong>  \u00da\u010del pou\u017e\u00edvania s\u00faborov cookie<\/strong><\/li>\n<\/ol>\n<p>S\u00fabory cookie pou\u017e\u00edvame v\u00fdlu\u010dne na:<\/p>\n<ul>\n<li>Monitorovanie a anal\u00fdza z\u00e1kladn\u00fdch \u0161tatist\u00edk n\u00e1v\u0161tevn\u00edkov a pou\u017e\u00edvania webovej str\u00e1nky.<\/li>\n<li>Zlep\u0161enie celkov\u00e9ho v\u00fdkonu a pou\u017e\u00edvate\u013esk\u00e9ho z\u00e1\u017eitku na na\u0161ej webovej lokalite.<\/li>\n<\/ul>\n<ol start=\"5\">\n<li><strong>  S\u00fabory cookie tret\u00edch str\u00e1n<\/strong><\/li>\n<\/ol>\n<ul>\n<li><strong>Slu\u017eba Google Analytics:<\/strong> Pou\u017e\u00edvame slu\u017ebu Google Analytics, ktor\u00fa poskytuje spolo\u010dnos\u0165 Google LLC. Slu\u017eba Google Analytics pou\u017e\u00edva s\u00fabory cookie na zhroma\u017e\u010fovanie inform\u00e1ci\u00ed o va\u0161om pou\u017e\u00edvan\u00ed na\u0161ej webovej str\u00e1nky vr\u00e1tane va\u0161ej IP adresy. Tieto inform\u00e1cie s\u00fa pren\u00e1\u0161an\u00e9 a ukladan\u00e9 spolo\u010dnos\u0165ou Google na serveroch v Spojen\u00fdch \u0161t\u00e1toch. Spolo\u010dnos\u0165 Google pou\u017e\u00edva tieto inform\u00e1cie na vyhodnocovanie v\u00e1\u0161ho pou\u017e\u00edvania na\u0161ej webovej lokality, zostavovanie spr\u00e1v o \u010dinnosti webovej lokality a poskytovanie \u010fal\u0161\u00edch slu\u017eieb t\u00fdkaj\u00facich sa \u010dinnosti webovej lokality a pou\u017e\u00edvania internetu. Spolo\u010dnos\u0165 Google m\u00f4\u017ee tieto inform\u00e1cie prenies\u0165 aj tret\u00edm stran\u00e1m, ak to vy\u017eaduje z\u00e1kon alebo ak tieto tretie strany sprac\u00favaj\u00fa inform\u00e1cie v mene spolo\u010dnosti Google. Viac inform\u00e1ci\u00ed o postupoch spolo\u010dnosti Google v oblasti ochrany s\u00fakromia a o tom, ako spolo\u010dnos\u0165 Google pou\u017e\u00edva s\u00fabory cookie, n\u00e1jdete v Z\u00e1sad\u00e1ch ochrany s\u00fakromia spolo\u010dnosti Google:       [Link to Google&#8217;s Privacy Policy]<\/li>\n<\/ul>\n<ol start=\"6\">\n<li><strong>  Spr\u00e1va s\u00faborov cookie<\/strong><\/li>\n<\/ol>\n<p>S\u00fabory cookie m\u00f4\u017eete kontrolova\u0165, blokova\u0165 alebo vymaza\u0165 prostredn\u00edctvom nastaven\u00ed prehliada\u010da. V\u00e4\u010d\u0161ina webov\u00fdch prehliada\u010dov automaticky prij\u00edma s\u00fabory cookie, ale ak si to \u017eel\u00e1te, m\u00f4\u017eete zvy\u010dajne zmeni\u0165 nastavenie prehliada\u010da tak, aby ste s\u00fabory cookie odmietli. Pokyny na spr\u00e1vu s\u00faborov cookie n\u00e1jdete v dokument\u00e1cii n\u00e1povedy svojho prehliada\u010da. Tu s\u00fa odkazy na str\u00e1nky pomocn\u00edka niektor\u00fdch ob\u013e\u00faben\u00fdch prehliada\u010dov:   <\/p>\n<ul>\n<li>Google Chrome:  [Link to Chrome&#8217;s cookie settings help page]<\/li>\n<li>Mozilla Firefox:  [Link to Firefox&#8217;s cookie settings help page]<\/li>\n<li>Microsoft Edge:  [Link to Edge&#8217;s cookie settings help page]<\/li>\n<li>Apple Safari:  [Link to Safari&#8217;s cookie settings help page]<\/li>\n<\/ul>\n<p>S\u00fabory cookie m\u00f4\u017eu by\u0165 s\u00fabory cookie rel\u00e1cie alebo trval\u00e9 s\u00fabory cookie. S\u00fabory cookie rel\u00e1cie s\u00fa do\u010dasn\u00e9 s\u00fabory cookie, ktor\u00e9 s\u00fa ulo\u017een\u00e9 vo va\u0161om zariaden\u00ed, k\u00fdm nezatvor\u00edte prehliada\u010d. Trval\u00e9 s\u00fabory cookie zost\u00e1vaj\u00fa vo va\u0161om zariaden\u00ed dlh\u0161ie alebo k\u00fdm ich neodstr\u00e1nite.  <\/p>\n<ol start=\"7\">\n<li><strong>  Aktualiz\u00e1cie politiky<\/strong><\/li>\n<\/ol>\n<p>Tieto z\u00e1sady pou\u017e\u00edvania s\u00faborov cookie m\u00f4\u017eeme pravidelne aktualizova\u0165. Zmeny bud\u00fa zverejnen\u00e9 na tejto str\u00e1nke s aktualizovan\u00fdm d\u00e1tumom \u00fa\u010dinnosti. <\/p>\n<ol start=\"8\">\n<li><strong>  Kontaktujte n\u00e1s<\/strong><\/li>\n<\/ol>\n<p>V pr\u00edpade ot\u00e1zok t\u00fdkaj\u00facich sa t\u00fdchto z\u00e1sad pou\u017e\u00edvania s\u00faborov cookie n\u00e1s kontaktujte na adrese:<\/p>\n<p>KMAK Kelet-Magyarorsz\u00e1gi Adatk\u00f6zpont Kft.<\/p>\n<p>H-5000 Szolnok, Szap\u00e1ry utca 20.<\/p>\n<p>E-mail: info@vondetechnology.com<\/p>\n<p>Pou\u017e\u00edvan\u00edm na\u0161ej webovej lokality s\u00fahlas\u00edte s pou\u017e\u00edvan\u00edm s\u00faborov cookie, ako je op\u00edsan\u00e9 v t\u00fdchto Z\u00e1sad\u00e1ch pou\u017e\u00edvania s\u00faborov cookie.[\/vc_column_text][\/vc_column][\/vc_row]<\/p>\n<\/div>","protected":false},"excerpt":{"rendered":"<p>[vc_row][vc_column][vc_empty_space][vc_column_text el_class=&#8221;legal-text&#8221;]Z\u00e1sady pou\u017e\u00edvania s\u00faborov cookie pre webov\u00e9 s\u00eddlo Vonde Pro D\u00e1tum \u00fa\u010dinnosti: marca 2025 \u00davod Tieto z\u00e1sady pou\u017e\u00edvania s\u00faborov cookie vysvet\u013euj\u00fa, ako spolo\u010dnos\u0165 Vonde Technology (\u010falej len &#8220;my&#8221;, &#8220;n\u00e1s&#8221; alebo &#8220;na\u0161e&#8221;) pou\u017e\u00edva s\u00fabory cookie a podobn\u00e9 technol\u00f3gie na webovej str\u00e1nke Vonde Pro (\u010falej len &#8220;webov\u00e1 str\u00e1nka&#8221;). Tieto z\u00e1sady sa nevz\u0165ahuj\u00fa na mobiln\u00fa aplik\u00e1ciu Vonde Pro, [&hellip;]<\/p>\n","protected":false},"author":1,"featured_media":0,"parent":0,"menu_order":0,"comment_status":"closed","ping_status":"closed","template":"","meta":{"footnotes":""},"class_list":["post-13271","page","type-page","status-publish","hentry"],"yoast_head":"<!-- This site is optimized with the Yoast SEO plugin v24.7 - https:\/\/yoast.com\/wordpress\/plugins\/seo\/ -->\n<title>Z\u00e1sady pou\u017e\u00edvania s\u00faborov cookie pre webov\u00e9 s\u00eddlo Vonde Pro - Vondetech<\/title>\n<meta name=\"robots\" content=\"index, follow, max-snippet:-1, max-image-preview:large, max-video-preview:-1\" \/>\n<link rel=\"canonical\" href=\"https:\/\/vondetech.com\/sk\/zasady-ochrany-osobnych-udajov\/\" \/>\n<meta property=\"og:locale\" content=\"sk_SK\" \/>\n<meta property=\"og:type\" content=\"article\" \/>\n<meta property=\"og:title\" content=\"Z\u00e1sady pou\u017e\u00edvania s\u00faborov cookie pre webov\u00e9 s\u00eddlo Vonde Pro - Vondetech\" \/>\n<meta property=\"og:description\" content=\"[vc_row][vc_column][vc_empty_space][vc_column_text el_class=&#8221;legal-text&#8221;]Z\u00e1sady pou\u017e\u00edvania s\u00faborov cookie pre webov\u00e9 s\u00eddlo Vonde Pro D\u00e1tum \u00fa\u010dinnosti: marca 2025 \u00davod Tieto z\u00e1sady pou\u017e\u00edvania s\u00faborov cookie vysvet\u013euj\u00fa, ako spolo\u010dnos\u0165 Vonde Technology (\u010falej len &#8220;my&#8221;, &#8220;n\u00e1s&#8221; alebo &#8220;na\u0161e&#8221;) pou\u017e\u00edva s\u00fabory cookie a podobn\u00e9 technol\u00f3gie na webovej str\u00e1nke Vonde Pro (\u010falej len &#8220;webov\u00e1 str\u00e1nka&#8221;). Tieto z\u00e1sady sa nevz\u0165ahuj\u00fa na mobiln\u00fa aplik\u00e1ciu Vonde Pro, [&hellip;]\" \/>\n<meta property=\"og:url\" content=\"https:\/\/vondetech.com\/sk\/zasady-ochrany-osobnych-udajov\/\" \/>\n<meta property=\"og:site_name\" content=\"Vondetech\" \/>\n<meta property=\"article:modified_time\" content=\"2025-03-19T12:29:17+00:00\" \/>\n<meta name=\"twitter:card\" content=\"summary_large_image\" \/>\n<meta name=\"twitter:label1\" content=\"Predpokladan\u00fd \u010das \u010d\u00edtania\" \/>\n\t<meta name=\"twitter:data1\" content=\"2 min\u00faty\" \/>\n<script type=\"application\/ld+json\" class=\"yoast-schema-graph\">{\"@context\":\"https:\/\/schema.org\",\"@graph\":[{\"@type\":\"WebPage\",\"@id\":\"https:\/\/vondetech.com\/sk\/zasady-ochrany-osobnych-udajov\/\",\"url\":\"https:\/\/vondetech.com\/sk\/zasady-ochrany-osobnych-udajov\/\",\"name\":\"Z\u00e1sady pou\u017e\u00edvania s\u00faborov cookie pre webov\u00e9 s\u00eddlo Vonde Pro - Vondetech\",\"isPartOf\":{\"@id\":\"https:\/\/vondetech.com\/sk\/#website\"},\"datePublished\":\"2024-05-23T13:17:28+00:00\",\"dateModified\":\"2025-03-19T12:29:17+00:00\",\"breadcrumb\":{\"@id\":\"https:\/\/vondetech.com\/sk\/zasady-ochrany-osobnych-udajov\/#breadcrumb\"},\"inLanguage\":\"sk-SK\",\"potentialAction\":[{\"@type\":\"ReadAction\",\"target\":[\"https:\/\/vondetech.com\/sk\/zasady-ochrany-osobnych-udajov\/\"]}]},{\"@type\":\"BreadcrumbList\",\"@id\":\"https:\/\/vondetech.com\/sk\/zasady-ochrany-osobnych-udajov\/#breadcrumb\",\"itemListElement\":[{\"@type\":\"ListItem\",\"position\":1,\"name\":\"Domov\",\"item\":\"https:\/\/vondetech.com\/sk\/domov\/\"},{\"@type\":\"ListItem\",\"position\":2,\"name\":\"Z\u00e1sady pou\u017e\u00edvania s\u00faborov cookie pre webov\u00e9 s\u00eddlo Vonde Pro\"}]},{\"@type\":\"WebSite\",\"@id\":\"https:\/\/vondetech.com\/sk\/#website\",\"url\":\"https:\/\/vondetech.com\/sk\/\",\"name\":\"Vondetech\",\"description\":\"\",\"potentialAction\":[{\"@type\":\"SearchAction\",\"target\":{\"@type\":\"EntryPoint\",\"urlTemplate\":\"https:\/\/vondetech.com\/sk\/?s={search_term_string}\"},\"query-input\":{\"@type\":\"PropertyValueSpecification\",\"valueRequired\":true,\"valueName\":\"search_term_string\"}}],\"inLanguage\":\"sk-SK\"}]}<\/script>\n<!-- \/ Yoast SEO plugin. -->","yoast_head_json":{"title":"Z\u00e1sady pou\u017e\u00edvania s\u00faborov cookie pre webov\u00e9 s\u00eddlo Vonde Pro - Vondetech","robots":{"index":"index","follow":"follow","max-snippet":"max-snippet:-1","max-image-preview":"max-image-preview:large","max-video-preview":"max-video-preview:-1"},"canonical":"https:\/\/vondetech.com\/sk\/zasady-ochrany-osobnych-udajov\/","og_locale":"sk_SK","og_type":"article","og_title":"Z\u00e1sady pou\u017e\u00edvania s\u00faborov cookie pre webov\u00e9 s\u00eddlo Vonde Pro - Vondetech","og_description":"[vc_row][vc_column][vc_empty_space][vc_column_text el_class=&#8221;legal-text&#8221;]Z\u00e1sady pou\u017e\u00edvania s\u00faborov cookie pre webov\u00e9 s\u00eddlo Vonde Pro D\u00e1tum \u00fa\u010dinnosti: marca 2025 \u00davod Tieto z\u00e1sady pou\u017e\u00edvania s\u00faborov cookie vysvet\u013euj\u00fa, ako spolo\u010dnos\u0165 Vonde Technology (\u010falej len &#8220;my&#8221;, &#8220;n\u00e1s&#8221; alebo &#8220;na\u0161e&#8221;) pou\u017e\u00edva s\u00fabory cookie a podobn\u00e9 technol\u00f3gie na webovej str\u00e1nke Vonde Pro (\u010falej len &#8220;webov\u00e1 str\u00e1nka&#8221;). Tieto z\u00e1sady sa nevz\u0165ahuj\u00fa na mobiln\u00fa aplik\u00e1ciu Vonde Pro, [&hellip;]","og_url":"https:\/\/vondetech.com\/sk\/zasady-ochrany-osobnych-udajov\/","og_site_name":"Vondetech","article_modified_time":"2025-03-19T12:29:17+00:00","twitter_card":"summary_large_image","twitter_misc":{"Predpokladan\u00fd \u010das \u010d\u00edtania":"2 min\u00faty"},"schema":{"@context":"https:\/\/schema.org","@graph":[{"@type":"WebPage","@id":"https:\/\/vondetech.com\/sk\/zasady-ochrany-osobnych-udajov\/","url":"https:\/\/vondetech.com\/sk\/zasady-ochrany-osobnych-udajov\/","name":"Z\u00e1sady pou\u017e\u00edvania s\u00faborov cookie pre webov\u00e9 s\u00eddlo Vonde Pro - Vondetech","isPartOf":{"@id":"https:\/\/vondetech.com\/sk\/#website"},"datePublished":"2024-05-23T13:17:28+00:00","dateModified":"2025-03-19T12:29:17+00:00","breadcrumb":{"@id":"https:\/\/vondetech.com\/sk\/zasady-ochrany-osobnych-udajov\/#breadcrumb"},"inLanguage":"sk-SK","potentialAction":[{"@type":"ReadAction","target":["https:\/\/vondetech.com\/sk\/zasady-ochrany-osobnych-udajov\/"]}]},{"@type":"BreadcrumbList","@id":"https:\/\/vondetech.com\/sk\/zasady-ochrany-osobnych-udajov\/#breadcrumb","itemListElement":[{"@type":"ListItem","position":1,"name":"Domov","item":"https:\/\/vondetech.com\/sk\/domov\/"},{"@type":"ListItem","position":2,"name":"Z\u00e1sady pou\u017e\u00edvania s\u00faborov cookie pre webov\u00e9 s\u00eddlo Vonde Pro"}]},{"@type":"WebSite","@id":"https:\/\/vondetech.com\/sk\/#website","url":"https:\/\/vondetech.com\/sk\/","name":"Vondetech","description":"","potentialAction":[{"@type":"SearchAction","target":{"@type":"EntryPoint","urlTemplate":"https:\/\/vondetech.com\/sk\/?s={search_term_string}"},"query-input":{"@type":"PropertyValueSpecification","valueRequired":true,"valueName":"search_term_string"}}],"inLanguage":"sk-SK"}]}},"_links":{"self":[{"href":"https:\/\/vondetech.com\/sk\/wp-json\/wp\/v2\/pages\/13271","targetHints":{"allow":["GET"]}}],"collection":[{"href":"https:\/\/vondetech.com\/sk\/wp-json\/wp\/v2\/pages"}],"about":[{"href":"https:\/\/vondetech.com\/sk\/wp-json\/wp\/v2\/types\/page"}],"author":[{"embeddable":true,"href":"https:\/\/vondetech.com\/sk\/wp-json\/wp\/v2\/users\/1"}],"replies":[{"embeddable":true,"href":"https:\/\/vondetech.com\/sk\/wp-json\/wp\/v2\/comments?post=13271"}],"version-history":[{"count":6,"href":"https:\/\/vondetech.com\/sk\/wp-json\/wp\/v2\/pages\/13271\/revisions"}],"predecessor-version":[{"id":19994,"href":"https:\/\/vondetech.com\/sk\/wp-json\/wp\/v2\/pages\/13271\/revisions\/19994"}],"wp:attachment":[{"href":"https:\/\/vondetech.com\/sk\/wp-json\/wp\/v2\/media?parent=13271"}],"curies":[{"name":"wp","href":"https:\/\/api.w.org\/{rel}","templated":true}]}}