{"id":13261,"date":"2024-05-23T15:02:08","date_gmt":"2024-05-23T13:02:08","guid":{"rendered":"https:\/\/vondetech.com\/pravo-na-zrusenie\/"},"modified":"2025-03-21T07:55:53","modified_gmt":"2025-03-21T06:55:53","slug":"pravo-na-zrusenie","status":"publish","type":"page","link":"https:\/\/vondetech.com\/sk\/pravo-na-zrusenie\/","title":{"rendered":"Z\u00e1sady ochrany osobn\u00fdch \u00fadajov pre aplik\u00e1ciu Vonde Pro"},"content":{"rendered":"<div class=\"wpb-content-wrapper\"><p>[vc_row][vc_column][vc_empty_space][vc_column_text el_class=&#8221;legal-text&#8221;]<strong>D\u00e1tum \u00fa\u010dinnosti:<\/strong> marca 2025<\/p>\n<ol>\n<li><strong>  \u00davod<\/strong><\/li>\n<\/ol>\n<p>KMAK Kelet-Magyarorsz\u00e1gi Adatk\u00f6zpont Kft. 5000 Szolnok, Szap\u00e1ry utca 20. E-mail: info@vondetechnology.com. (\u010falej len &#8220;my&#8221;, &#8220;na\u0161e&#8221; alebo &#8220;n\u00e1s&#8221;) poskytuje komplexn\u00e9 rie\u0161enia digit\u00e1lnych siet\u00ed prostredn\u00edctvom aplik\u00e1cie Vonde Pro (\u010falej len &#8220;aplik\u00e1cia&#8221;), ktor\u00e1 umo\u017e\u0148uje digit\u00e1lne vizitky, skracovanie URL adries, spr\u00e1vu NFC a QR k\u00f3dov a integr\u00e1ciu s pe\u0148a\u017eenkou Apple\/Google. Tieto z\u00e1sady ochrany osobn\u00fdch \u00fadajov uv\u00e1dzaj\u00fa na\u0161e met\u00f3dy zhroma\u017e\u010fovania, spracovania, spr\u00e1vy a ochrany osobn\u00fdch \u00fadajov.   <\/p>\n<p>Spolo\u010dnos\u0165 Vonde Technology LLC (USA) riadi glob\u00e1lne trhy a medzin\u00e1rodn\u00fa expanziu. KMAK Kelet-Magyarorsz\u00e1gi Adatk\u00f6zpont Kft. (Eur\u00f3pa, Ma\u010farsko) zabezpe\u010duje v\u00fdvoj a s\u00favisiace prev\u00e1dzkov\u00e9 \u00falohy.<\/p>\n<p>Aplik\u00e1cia Vonde Pro je komplexn\u00e9 digit\u00e1lne sie\u0165ov\u00e9 rie\u0161enie, ktor\u00e9 pon\u00faka funkcie, ako je vytv\u00e1ranie a zdie\u013eanie digit\u00e1lnych vizitiek, skracovanie adries URL, spr\u00e1va k\u00f3dov NFC a QR a bezprobl\u00e9mov\u00e1 integr\u00e1cia s pe\u0148a\u017eenkami Apple a Google.<\/p>\n<p>Zhrnutie politiky Tento dokument poskytuje inform\u00e1cie o:<\/p>\n<ul>\n<li>Typy zhroma\u017e\u010fovan\u00fdch osobn\u00fdch \u00fadajov<\/li>\n<li>\u00da\u010dely spracovania \u00fadajov<\/li>\n<li>Met\u00f3dy a miesta spracovania<\/li>\n<li>Zdie\u013eanie osobn\u00fdch \u00fadajov tret\u00edmi stranami<\/li>\n<li>Pr\u00e1va na s\u00fakromie \u0161pecifick\u00e9 pre jednotliv\u00e9 regi\u00f3ny (E\u00da, USA, Braz\u00edlia)<\/li>\n<li>Z\u00e1sady uchov\u00e1vania \u00fadajov<\/li>\n<li>Reklamn\u00e9 a analytick\u00e9 postupy (Google AdMob, Google Analytics, Firebase)<\/li>\n<li>Mo\u017enosti odhl\u00e1senia<\/li>\n<li>Postupy oznamovania poru\u0161enia ochrany \u00fadajov<\/li>\n<li>Kontaktn\u00e9 inform\u00e1cie pre ot\u00e1zky t\u00fdkaj\u00face sa ochrany osobn\u00fdch \u00fadajov<\/li>\n<\/ul>\n<ol start=\"2\">\n<li><strong>  Kateg\u00f3rie zhroma\u017e\u010fovan\u00fdch osobn\u00fdch \u00fadajov<\/strong><\/li>\n<\/ol>\n<p>Zbierame:<\/p>\n<ul>\n<li><strong>Kontaktn\u00e9 inform\u00e1cie:<\/strong> Meno (meno, priezvisko), e-mailov\u00e1 adresa, telef\u00f3nne \u010d\u00edslo<\/li>\n<li><strong>\u00dadaje o transakci\u00e1ch:<\/strong> \u00dadaje o n\u00e1kupe, z\u00e1znamy o predplatnom<\/li>\n<li><strong>Technick\u00e9 \u00fadaje:<\/strong> IP adresa, identifik\u00e1tory zariadenia (napr. Google Advertiser ID, IDFA), typ prehliada\u010da, \u00fadaje o opera\u010dnom syst\u00e9me<\/li>\n<li><strong>\u00dadaje o pou\u017e\u00edvan\u00ed:<\/strong> Interakcie s aplik\u00e1ciou, spr\u00edstupnen\u00e9 funkcie<\/li>\n<li><strong>Analytick\u00e9 \u00fadaje:<\/strong> Prostredn\u00edctvom slu\u017eieb Google Analytics a Firebase<\/li>\n<li><strong>\u00dadaje pou\u017e\u00edvate\u013ea:<\/strong> \u00dadaje profilu (napr. pou\u017e\u00edvate\u013esk\u00e9 meno, heslo), nastavenia, preferencie<\/li>\n<li><strong>S\u00fabory cookie a podobn\u00e9 technol\u00f3gie:<\/strong> Webov\u00e9 str\u00e1nky a aplik\u00e1cie pou\u017e\u00edvaj\u00fa s\u00fabory cookie, webov\u00e9 sign\u00e1ly a podobn\u00e9 technol\u00f3gie na zlep\u0161enie pou\u017e\u00edvate\u013esk\u00e9ho z\u00e1\u017eitku, anal\u00fdzu n\u00e1v\u0161tevnosti a prisp\u00f4sobenie rekl\u00e1m.<\/li>\n<\/ul>\n<ol start=\"3\">\n<li><strong>  Pr\u00e1vny z\u00e1klad pre spracovanie \u00fadajov<\/strong><\/li>\n<\/ol>\n<p>\u00dadaje sprac\u00favame na z\u00e1klade t\u00fdchto pr\u00e1vnych z\u00e1kladov:<\/p>\n<ul>\n<li><strong>S\u00fahlas pou\u017e\u00edvate\u013ea:<\/strong> Na personalizovan\u00fa reklamu, priamy marketing a ur\u010dit\u00e9 analytick\u00e9 \u00fa\u010dely po\u017eadujeme predch\u00e1dzaj\u00faci s\u00fahlas pou\u017e\u00edvate\u013ea.<\/li>\n<li><strong>Zmluvn\u00e1 nevyhnutnos\u0165:<\/strong> Vytvorenie \u00fa\u010dtu, digit\u00e1lnych vizitiek a poskytovanie slu\u017eieb je nevyhnutn\u00e9 na plnenie na\u0161ich zmluvn\u00fdch z\u00e1v\u00e4zkov.<\/li>\n<li><strong>Dodr\u017eiavanie pr\u00e1vnych povinnost\u00ed<\/strong><\/li>\n<li><strong>Opr\u00e1vnen\u00e9 z\u00e1ujmy:<\/strong> \u00dadaje sprac\u00favame na z\u00e1klade na\u0161ich opr\u00e1vnen\u00fdch z\u00e1ujmov na \u00fa\u010dely prevencie podvodov, zlep\u0161ovania kvality slu\u017eieb, udr\u017eiavania bezpe\u010dnosti a optimaliz\u00e1cie na\u0161ich obchodn\u00fdch oper\u00e1ci\u00ed.<\/li>\n<\/ul>\n<ol start=\"4\">\n<li><strong>  Reklama a analytika<\/strong><\/li>\n<\/ol>\n<p>Na cielen\u00fa reklamu zalo\u017een\u00fa na spr\u00e1van\u00ed pou\u017e\u00edvate\u013eov a identifik\u00e1toroch zariaden\u00ed pou\u017e\u00edvame slu\u017ebu Google AdMob. Google AdMob zobrazuje prisp\u00f4soben\u00e9 reklamy na z\u00e1klade spr\u00e1vania pou\u017e\u00edvate\u013ea a identifik\u00e1torov zariadenia. <\/p>\n<p>Analytick\u00e9 slu\u017eby (Google Analytics pre Firebase, Firebase Performance Monitoring, Firebase Crashlytics) analyzuj\u00fa interakcie pou\u017e\u00edvate\u013eov s cie\u013eom zlep\u0161i\u0165 funk\u010dnos\u0165 a v\u00fdkon aplik\u00e1cie. Slu\u017eba Google Analytics zhroma\u017e\u010fuje anonymizovan\u00e9 \u00fadaje o spr\u00e1van\u00ed pou\u017e\u00edvate\u013eov, n\u00e1v\u0161tevnosti a demografick\u00e9 inform\u00e1cie. Firebase Performance Monitoring a Firebase Crashlytics analyzuj\u00fa interakcie pou\u017e\u00edvate\u013eov, v\u00fdkon aplik\u00e1cie a p\u00e1dy s cie\u013eom zlep\u0161i\u0165 funk\u010dnos\u0165 a v\u00fdkon aplik\u00e1cie.  <\/p>\n<p>Pou\u017e\u00edvatelia m\u00f4\u017eu spravova\u0165 nastavenia personaliz\u00e1cie rekl\u00e1m v nastaveniach rekl\u00e1m spolo\u010dnosti Google alebo v in\u00fdch online reklamn\u00fdch platform\u00e1ch.<\/p>\n<ol start=\"5\">\n<li><strong>  Spracovanie \u00fadajov a zdie\u013eanie \u00fadajov tret\u00edmi stranami<\/strong><\/li>\n<\/ol>\n<p>Spracovanie \u00fadajov prebieha elektronicky na adrese:<\/p>\n<ul>\n<li>KMAK Kelet-Magyarorsz\u00e1gi Adatk\u00f6zpont Kft., 5000 Szolnok, Szap\u00e1ry utca 20., info@vondetechnology.com<\/li>\n<li>Amazon Web Services (AWS) Amazon Web Services (AWS) n\u00e1m poskytuje cloudov\u00e9 slu\u017eby ukladania a spracovania d\u00e1t.<\/li>\n<\/ul>\n<p>Osobn\u00e9 \u00fadaje m\u00f4\u017eeme zdie\u013ea\u0165 s:<\/p>\n<ul>\n<li>Poskytovatelia slu\u017eieb: AWS, Google AdMob, Firebase. Osobn\u00e9 \u00fadaje m\u00f4\u017eeme zdie\u013ea\u0165 s in\u00fdmi poskytovate\u013emi slu\u017eieb, ktor\u00ed n\u00e1m pom\u00e1haj\u00fa pri poskytovan\u00ed slu\u017eieb, spracovan\u00ed platieb, poskytovan\u00ed z\u00e1kazn\u00edckej podpory a vykon\u00e1van\u00ed marketingov\u00fdch aktiv\u00edt. <\/li>\n<li>Poskytovatelia analytick\u00fdch slu\u017eieb: Google Analytics<\/li>\n<li>V\u0161etky tretie strany s\u00fa povinn\u00e9 chr\u00e1ni\u0165 osobn\u00e9 \u00fadaje v s\u00falade s platn\u00fdmi z\u00e1konmi.<\/li>\n<\/ul>\n<ol start=\"6\">\n<li><strong>  Pr\u00e1va na ochranu osobn\u00fdch \u00fadajov v jednotliv\u00fdch regi\u00f3noch<\/strong><\/li>\n<\/ol>\n<ul>\n<li><strong>6.1 Eur\u00f3pska \u00fania (GDPR)<\/strong><\/li>\n<\/ul>\n<p>Pou\u017e\u00edvatelia v E\u00da maj\u00fa pr\u00e1vo na:<\/p>\n<ul>\n<li style=\"list-style-type: none;\">\n<ul>\n<li>Pr\u00edstup k osobn\u00fdm \u00fadajom, ich oprava alebo vymazanie<\/li>\n<li>Vznesenie n\u00e1mietky a obmedzenie spracovania \u00fadajov<\/li>\n<li>Prenosnos\u0165 \u00fadajov<\/li>\n<li>Odvolanie s\u00fahlasu<\/li>\n<li>pod\u00e1va\u0165 s\u0165a\u017enosti miestnym org\u00e1nom na ochranu \u00fadajov. Pou\u017e\u00edvatelia v E\u00da maj\u00fa pr\u00e1vo na pr\u00edstup, opravu, vymazanie, obmedzenie spracovania, vznies\u0165 n\u00e1mietku proti spracovaniu, po\u017eiada\u0165 o prenosnos\u0165 \u00fadajov a odvola\u0165 svoj s\u00fahlas. Pou\u017e\u00edvatelia maj\u00fa pr\u00e1vo poda\u0165 s\u0165a\u017enos\u0165 miestnemu org\u00e1nu na ochranu \u00fadajov.  <\/li>\n<\/ul>\n<\/li>\n<li><strong>6.2 Spojen\u00e9 \u0161t\u00e1ty (CCPA a in\u00e9 \u0161t\u00e1tne z\u00e1kony)<\/strong><\/li>\n<\/ul>\n<p>Pou\u017e\u00edvatelia v USA maj\u00fa pr\u00e1va na:<\/p>\n<ul>\n<li style=\"list-style-type: none;\">\n<ul>\n<li>Pr\u00edstup k osobn\u00fdm \u00fadajom a ich oprava<\/li>\n<li>\u017diados\u0165 o vymazanie \u00fadajov<\/li>\n<li>Odhl\u00e1senie z cielenej reklamy. Pou\u017e\u00edvatelia v USA maj\u00fa pr\u00e1vo na pr\u00edstup k svojim osobn\u00fdm \u00fadajom, ich opravu, vymazanie a odhl\u00e1senie sa z cielenej reklamy. <\/li>\n<li>Nediskrimin\u00e1cia pri uplat\u0148ovan\u00ed pr\u00e1v na s\u00fakromie<\/li>\n<li>\u0160pecifick\u00e9 pre Kaliforniu: Nepred\u00e1vame ani nezhroma\u017e\u010fujeme osobn\u00e9 \u00fadaje pou\u017e\u00edvate\u013eov mlad\u0161\u00edch ako 16 rokov. Obyvatelia Kalifornie maj\u00fa pr\u00e1vo neby\u0165 diskriminovan\u00ed za uplat\u0148ovanie svojich pr\u00e1v na ochranu s\u00fakromia. Nepred\u00e1vame ani nezhroma\u017e\u010fujeme osobn\u00e9 \u00fadaje od pou\u017e\u00edvate\u013eov mlad\u0161\u00edch ako 16 rokov.  <\/li>\n<\/ul>\n<\/li>\n<li><strong>6.3 Braz\u00edlia (LGPD)<\/strong><\/li>\n<\/ul>\n<p>Braz\u00edlski pou\u017e\u00edvatelia maj\u00fa pr\u00e1va na:<\/p>\n<ul>\n<li style=\"list-style-type: none;\">\n<ul>\n<li>Potvrdenie spracovania \u00fadajov<\/li>\n<li>Pr\u00edstup k osobn\u00fdm \u00fadajom a ich oprava<\/li>\n<li>\u017diados\u0165 o anonymiz\u00e1ciu, blokovanie alebo vymazanie \u00fadajov<\/li>\n<li>\u017diados\u0165 o prenosnos\u0165 \u00fadajov<\/li>\n<li>Odvolanie s\u00fahlasu<\/li>\n<li>Podajte s\u0165a\u017enos\u0165 na ANPD. Braz\u00edlski pou\u017e\u00edvatelia maj\u00fa pr\u00e1vo potvrdi\u0165 spracovanie svojich \u00fadajov, z\u00edska\u0165 k nim pr\u00edstup, opravi\u0165 ich, po\u017eiada\u0165 o anonymiz\u00e1ciu, zablokovanie alebo vymazanie \u00fadajov, po\u017eiada\u0165 o prenosnos\u0165 \u00fadajov, odvola\u0165 svoj s\u00fahlas a poda\u0165 s\u0165a\u017enos\u0165 na ANPD. <\/li>\n<\/ul>\n<\/li>\n<\/ul>\n<ol start=\"7\">\n<li><strong>  Uchov\u00e1vanie \u00fadajov<\/strong><\/li>\n<\/ol>\n<p>Osobn\u00e9 \u00fadaje sa uchov\u00e1vaj\u00fa len po\u010das obdobia potrebn\u00e9ho na splnenie uveden\u00fdch \u00fa\u010delov alebo do odvolania s\u00fahlasu, potom sa \u00fadaje bezpe\u010dne vyma\u017e\u00fa. Osobn\u00e9 \u00fadaje sa uchov\u00e1vaj\u00fa len po dobu nevyhnutn\u00fa na splnenie uveden\u00fdch \u00fa\u010delov alebo do odvolania s\u00fahlasu pou\u017e\u00edvate\u013ea. Potom sa \u00fadaje bezpe\u010dne vyma\u017e\u00fa.  <\/p>\n<p>Doby uchov\u00e1vania \u00fadajov ur\u010dujeme na z\u00e1klade t\u00fdchto krit\u00e9ri\u00ed: \u00fa\u010del, na ktor\u00fd boli \u00fadaje zhroma\u017eden\u00e9, z\u00e1konn\u00e9 povinnosti a na\u0161e opr\u00e1vnen\u00e9 obchodn\u00e9 z\u00e1ujmy.<\/p>\n<p>Zaviedli sme primeran\u00e9 opatrenia na zabezpe\u010denie \u00fadajov, aby sme chr\u00e1nili osobn\u00e9 \u00fadaje pred neopr\u00e1vnen\u00fdm pr\u00edstupom, pou\u017eit\u00edm, \u00fapravou alebo vymazan\u00edm. Tieto opatrenia zah\u0155\u0148aj\u00fa \u0161ifrovanie, bezpe\u010dn\u00e9 ukladanie, kontrolu pr\u00edstupu a pravideln\u00e9 audity. <\/p>\n<ol start=\"8\">\n<li><strong>  S\u00fabory cookie, analytika a odmietnutie<\/strong><\/li>\n<\/ol>\n<p>Pou\u017e\u00edvatelia m\u00f4\u017eu spravova\u0165 preferencie prostredn\u00edctvom nastaven\u00ed zariadenia alebo slu\u017eieb opt-out: Pou\u017e\u00edvatelia m\u00f4\u017eu spravova\u0165 nastavenia s\u00faborov cookie v nastaveniach svojho zariadenia alebo prehliada\u010da.<\/p>\n<ul>\n<li>YourOnlineChoices (E\u00da)<\/li>\n<li>Iniciat\u00edva pre sie\u0165ov\u00fa reklamu (USA)<\/li>\n<li>Digital Advertising Alliance (USA)<\/li>\n<li>Pou\u017e\u00edvatelia m\u00f4\u017eu personaliz\u00e1ciu rekl\u00e1m odmietnu\u0165 aj v nastaveniach rekl\u00e1m spolo\u010dnosti Google alebo in\u00fdch online reklamn\u00fdch platforiem.<\/li>\n<\/ul>\n<p>Pou\u017e\u00edvame s\u00fabory cookie rel\u00e1cie, trval\u00e9 s\u00fabory cookie, analytick\u00e9 s\u00fabory cookie a reklamn\u00e9 s\u00fabory cookie.<\/p>\n<ol start=\"9\">\n<li><strong>  Medzin\u00e1rodn\u00fd prenos \u00fadajov<\/strong><\/li>\n<\/ol>\n<p>Osobn\u00e9 \u00fadaje sa m\u00f4\u017eu sprac\u00fava\u0165 mimo krajiny pou\u017e\u00edvate\u013ea predov\u0161etk\u00fdm prostredn\u00edctvom infra\u0161trukt\u00fary AWS, \u010d\u00edm sa zabezpe\u010d\u00ed dodr\u017eiavanie medzin\u00e1rodn\u00fdch noriem ochrany \u00fadajov (napr. \u0161tandardn\u00fdch zmluvn\u00fdch dolo\u017eiek). Osobn\u00e9 \u00fadaje m\u00f4\u017eeme pren\u00e1\u0161a\u0165 do kraj\u00edn mimo Eur\u00f3pskej \u00fanie, napr\u00edklad do Spojen\u00fdch \u0161t\u00e1tov, kde sa pravidl\u00e1 ochrany \u00fadajov m\u00f4\u017eu l\u00ed\u0161i\u0165 od pravidiel v E\u00da. Medzin\u00e1rodn\u00e9 prenosy \u00fadajov s\u00fa zalo\u017een\u00e9 na \u0161tandardn\u00fdch zmluvn\u00fdch dolo\u017ek\u00e1ch (SCC) alebo in\u00fdch vhodn\u00fdch pr\u00e1vnych z\u00e1kladoch. Na ochranu osobn\u00fdch \u00fadajov po\u010das medzin\u00e1rodn\u00fdch prenosov \u00fadajov sme zaviedli vhodn\u00e9 opatrenia na ochranu \u00fadajov vr\u00e1tane pou\u017e\u00edvania \u0161tandardn\u00fdch zmluvn\u00fdch dolo\u017eiek a implement\u00e1cie vhodn\u00fdch bezpe\u010dnostn\u00fdch opatren\u00ed.   <\/p>\n<ol start=\"10\">\n<li><strong>  Automatizovan\u00e9 rozhodovanie a profilovanie<\/strong><\/li>\n<\/ol>\n<p>Pou\u017e\u00edvame automatizovan\u00e9 rozhodovanie na:<\/p>\n<ul>\n<li>Cielen\u00e1 reklama<\/li>\n<li>Anal\u00fdza spr\u00e1vania pou\u017e\u00edvate\u013eov<\/li>\n<li>Personalizovan\u00fd obsah<\/li>\n<li>Na zobrazovanie cielen\u00fdch rekl\u00e1m, anal\u00fdzu spr\u00e1vania pou\u017e\u00edvate\u013eov a odpor\u00fa\u010danie personalizovan\u00e9ho obsahu pou\u017e\u00edvame automatizovan\u00e9 rozhodovanie a profilovanie.<\/li>\n<\/ul>\n<p>Pou\u017e\u00edvatelia m\u00f4\u017eu kedyko\u013evek vznies\u0165 n\u00e1mietku proti tak\u00e9muto spracovaniu prostredn\u00edctvom str\u00e1nky info@vondetech.com. Pou\u017e\u00edvatelia maj\u00fa pr\u00e1vo namieta\u0165 proti automatizovan\u00e9mu rozhodovaniu a profilovaniu tak, \u017ee n\u00e1s kontaktuj\u00fa na adrese info@vondetech.com. <\/p>\n<ol start=\"11\">\n<li><strong>  Uplat\u0148ovanie pr\u00e1v pou\u017e\u00edvate\u013ea<\/strong><\/li>\n<\/ol>\n<p>Ak chcete uplatni\u0165 svoje pr\u00e1va na ochranu osobn\u00fdch \u00fadajov, po\u0161lite p\u00edsomn\u00fa \u017eiados\u0165 na adresu: KMAK Kelet-Magyarorsz\u00e1gi Adatk\u00f6zpont Kft. H-5000 Szolnok, Szap\u00e1ry utca 20. E-mail: info@vondetechnology.com. Pou\u017e\u00edvatelia m\u00f4\u017eu uplatni\u0165 svoje pr\u00e1va zaslan\u00edm p\u00edsomnej \u017eiadosti na adresu: KMAK Kelet-Magyarorsz\u00e1gi Adatk\u00f6zpont Kft.  H-5000 Szolnok, Szap\u00e1ry utca 20. E-mail: info@vondetechnology.com.<\/p>\n<p>Overenie toto\u017enosti: \u017diadosti musia poch\u00e1dza\u0165 z va\u0161ej registrovanej e-mailovej adresy. M\u00f4\u017ee sa po\u017eadova\u0165 dodato\u010dn\u00e9 overenie a pou\u017eit\u00e9 dokumenty bud\u00fa po overen\u00ed vymazan\u00e9. \u017diadosti musia poch\u00e1dza\u0165 z va\u0161ej registrovanej e-mailovej adresy. Pou\u017e\u00edvatelia musia pri odosielan\u00ed \u017eiadosti overi\u0165 svoju toto\u017enos\u0165. Na overenie toto\u017enosti m\u00f4\u017eeme po\u017eadova\u0165 dodato\u010dn\u00e9 inform\u00e1cie a dokumenty pou\u017eit\u00e9 na overenie bud\u00fa po overen\u00ed vymazan\u00e9.    <\/p>\n<p>Doba odozvy:<\/p>\n<ul>\n<li>GDPR (E\u00da): do 30 dn\u00ed<\/li>\n<li>LGPD (Braz\u00edlia): do 15 dn\u00ed<\/li>\n<li>CCPA a z\u00e1kony \u0161t\u00e1tov USA: do 45 dn\u00ed<\/li>\n<\/ul>\n<ol start=\"12\">\n<li><strong>  Ozn\u00e1menie o naru\u0161en\u00ed bezpe\u010dnosti \u00fadajov<\/strong><\/li>\n<\/ol>\n<p>V pr\u00edpade poru\u0161enia ochrany osobn\u00fdch \u00fadajov s\u00fa pou\u017e\u00edvatelia a pr\u00edslu\u0161n\u00e9 org\u00e1ny bezodkladne informovan\u00ed v s\u00falade s platn\u00fdmi predpismi. V pr\u00edpade poru\u0161enia ochrany osobn\u00fdch \u00fadajov sa pou\u017e\u00edvatelia a pr\u00edslu\u0161n\u00e9 org\u00e1ny bezodkladne informuj\u00fa v s\u00falade s platn\u00fdmi predpismi. <\/p>\n<ol start=\"13\">\n<li><strong>  Opatrenia na zabezpe\u010denie \u00fadajov<\/strong><\/li>\n<\/ol>\n<p>Na ochranu integrity \u00fadajov zav\u00e1dzame bezpe\u010dnostn\u00e9 opatrenia vr\u00e1tane \u0161ifrovania, bezpe\u010dn\u00e9ho ukladania, kontroly pr\u00edstupu a pravideln\u00fdch auditov. Na\u0161e opatrenia na zabezpe\u010denie \u00fadajov zah\u0155\u0148aj\u00fa \u0161ifrovanie (pri prenose aj v pokoji), bezpe\u010dn\u00e9 ukladanie, kontrolu pr\u00edstupu, pravideln\u00e9 bezpe\u010dnostn\u00e9 audity a \u0161kolenia zamestnancov o ochrane \u00fadajov. <\/p>\n<ol start=\"14\">\n<li><strong>  Ochrana s\u00fakromia det\u00ed<\/strong><\/li>\n<\/ol>\n<p>Z\u00e1merne nezhroma\u017e\u010fujeme \u00fadaje od neplnolet\u00fdch os\u00f4b mlad\u0161\u00edch ako 16 rokov. V\u0161etky tak\u00e9to \u00fadaje bud\u00fa okam\u017eite vymazan\u00e9. Z\u00e1merne nezhroma\u017e\u010fujeme \u00fadaje od malolet\u00fdch os\u00f4b mlad\u0161\u00edch ako 16 rokov. Ak tak\u00e9to \u00fadaje identifikujeme, bud\u00fa okam\u017eite vymazan\u00e9.   <\/p>\n<ol start=\"15\">\n<li><strong>  Aktualiz\u00e1cie politiky<\/strong><\/li>\n<\/ol>\n<p>Tieto z\u00e1sady ochrany osobn\u00fdch \u00fadajov sa m\u00f4\u017eu pravidelne aktualizova\u0165, pri\u010dom o v\u00fdznamn\u00fdch zmen\u00e1ch sa m\u00f4\u017eete dozvedie\u0165 prostredn\u00edctvom ozn\u00e1men\u00ed aplik\u00e1cie alebo e-mailu. Tieto z\u00e1sady ochrany osobn\u00fdch \u00fadajov sa m\u00f4\u017eu pravidelne aktualizova\u0165. V\u00fdznamn\u00e9 zmeny bud\u00fa ozn\u00e1men\u00e9 prostredn\u00edctvom ozn\u00e1men\u00ed aplik\u00e1cie alebo e-mailu. Aktualizovan\u00e9 Z\u00e1sady ochrany osobn\u00fdch \u00fadajov bud\u00fa zverejnen\u00e9 na na\u0161ej webovej lokalite a v na\u0161ej aplik\u00e1cii.   <\/p>\n<p><strong>Kontakt na ochranu \u00fadajov<\/strong><\/p>\n<p>V pr\u00edpade ot\u00e1zok alebo ob\u00e1v: KMAK Kelet-Magyarorsz\u00e1gi Adatk\u00f6zpont Kft. H-5000 Szolnok, Szap\u00e1ry utca 20. E-mail: info@vondetechnology.com<\/p>\n<p>Pou\u017e\u00edvan\u00edm aplik\u00e1cie Vonde Pro beriete na vedomie a s\u00fahlas\u00edte s t\u00fdmito z\u00e1sadami ochrany osobn\u00fdch \u00fadajov.[\/vc_column_text][\/vc_column][\/vc_row]<\/p>\n<\/div>","protected":false},"excerpt":{"rendered":"<p>[vc_row][vc_column][vc_empty_space][vc_column_text el_class=&#8221;legal-text&#8221;]D\u00e1tum \u00fa\u010dinnosti: marca 2025 \u00davod KMAK Kelet-Magyarorsz\u00e1gi Adatk\u00f6zpont Kft. 5000 Szolnok, Szap\u00e1ry utca 20. E-mail: info@vondetechnology.com. (\u010falej len &#8220;my&#8221;, &#8220;na\u0161e&#8221; alebo &#8220;n\u00e1s&#8221;) poskytuje komplexn\u00e9 rie\u0161enia digit\u00e1lnych siet\u00ed prostredn\u00edctvom aplik\u00e1cie Vonde Pro (\u010falej len &#8220;aplik\u00e1cia&#8221;), ktor\u00e1 umo\u017e\u0148uje digit\u00e1lne vizitky, skracovanie URL adries, spr\u00e1vu NFC a QR k\u00f3dov a integr\u00e1ciu s pe\u0148a\u017eenkou Apple\/Google. Tieto z\u00e1sady ochrany [&hellip;]<\/p>\n","protected":false},"author":1,"featured_media":0,"parent":0,"menu_order":0,"comment_status":"closed","ping_status":"closed","template":"","meta":{"footnotes":""},"class_list":["post-13261","page","type-page","status-publish","hentry"],"yoast_head":"<!-- This site is optimized with the Yoast SEO plugin v24.7 - https:\/\/yoast.com\/wordpress\/plugins\/seo\/ -->\n<title>Z\u00e1sady ochrany osobn\u00fdch \u00fadajov pre aplik\u00e1ciu Vonde Pro - Vondetech<\/title>\n<meta name=\"robots\" content=\"index, follow, max-snippet:-1, max-image-preview:large, max-video-preview:-1\" \/>\n<link rel=\"canonical\" href=\"https:\/\/vondetech.com\/sk\/pravo-na-zrusenie\/\" \/>\n<meta property=\"og:locale\" content=\"sk_SK\" \/>\n<meta property=\"og:type\" content=\"article\" \/>\n<meta property=\"og:title\" content=\"Z\u00e1sady ochrany osobn\u00fdch \u00fadajov pre aplik\u00e1ciu Vonde Pro - Vondetech\" \/>\n<meta property=\"og:description\" content=\"[vc_row][vc_column][vc_empty_space][vc_column_text el_class=&#8221;legal-text&#8221;]D\u00e1tum \u00fa\u010dinnosti: marca 2025 \u00davod KMAK Kelet-Magyarorsz\u00e1gi Adatk\u00f6zpont Kft. 5000 Szolnok, Szap\u00e1ry utca 20. E-mail: info@vondetechnology.com. (\u010falej len &#8220;my&#8221;, &#8220;na\u0161e&#8221; alebo &#8220;n\u00e1s&#8221;) poskytuje komplexn\u00e9 rie\u0161enia digit\u00e1lnych siet\u00ed prostredn\u00edctvom aplik\u00e1cie Vonde Pro (\u010falej len &#8220;aplik\u00e1cia&#8221;), ktor\u00e1 umo\u017e\u0148uje digit\u00e1lne vizitky, skracovanie URL adries, spr\u00e1vu NFC a QR k\u00f3dov a integr\u00e1ciu s pe\u0148a\u017eenkou Apple\/Google. Tieto z\u00e1sady ochrany [&hellip;]\" \/>\n<meta property=\"og:url\" content=\"https:\/\/vondetech.com\/sk\/pravo-na-zrusenie\/\" \/>\n<meta property=\"og:site_name\" content=\"Vondetech\" \/>\n<meta property=\"article:modified_time\" content=\"2025-03-21T06:55:53+00:00\" \/>\n<meta name=\"twitter:card\" content=\"summary_large_image\" \/>\n<meta name=\"twitter:label1\" content=\"Predpokladan\u00fd \u010das \u010d\u00edtania\" \/>\n\t<meta name=\"twitter:data1\" content=\"2 min\u00faty\" \/>\n<script type=\"application\/ld+json\" class=\"yoast-schema-graph\">{\"@context\":\"https:\/\/schema.org\",\"@graph\":[{\"@type\":\"WebPage\",\"@id\":\"https:\/\/vondetech.com\/sk\/pravo-na-zrusenie\/\",\"url\":\"https:\/\/vondetech.com\/sk\/pravo-na-zrusenie\/\",\"name\":\"Z\u00e1sady ochrany osobn\u00fdch \u00fadajov pre aplik\u00e1ciu Vonde Pro - Vondetech\",\"isPartOf\":{\"@id\":\"https:\/\/vondetech.com\/sk\/#website\"},\"datePublished\":\"2024-05-23T13:02:08+00:00\",\"dateModified\":\"2025-03-21T06:55:53+00:00\",\"breadcrumb\":{\"@id\":\"https:\/\/vondetech.com\/sk\/pravo-na-zrusenie\/#breadcrumb\"},\"inLanguage\":\"sk-SK\",\"potentialAction\":[{\"@type\":\"ReadAction\",\"target\":[\"https:\/\/vondetech.com\/sk\/pravo-na-zrusenie\/\"]}]},{\"@type\":\"BreadcrumbList\",\"@id\":\"https:\/\/vondetech.com\/sk\/pravo-na-zrusenie\/#breadcrumb\",\"itemListElement\":[{\"@type\":\"ListItem\",\"position\":1,\"name\":\"Domov\",\"item\":\"https:\/\/vondetech.com\/sk\/domov\/\"},{\"@type\":\"ListItem\",\"position\":2,\"name\":\"Z\u00e1sady ochrany osobn\u00fdch \u00fadajov pre aplik\u00e1ciu Vonde Pro\"}]},{\"@type\":\"WebSite\",\"@id\":\"https:\/\/vondetech.com\/sk\/#website\",\"url\":\"https:\/\/vondetech.com\/sk\/\",\"name\":\"Vondetech\",\"description\":\"\",\"potentialAction\":[{\"@type\":\"SearchAction\",\"target\":{\"@type\":\"EntryPoint\",\"urlTemplate\":\"https:\/\/vondetech.com\/sk\/?s={search_term_string}\"},\"query-input\":{\"@type\":\"PropertyValueSpecification\",\"valueRequired\":true,\"valueName\":\"search_term_string\"}}],\"inLanguage\":\"sk-SK\"}]}<\/script>\n<!-- \/ Yoast SEO plugin. -->","yoast_head_json":{"title":"Z\u00e1sady ochrany osobn\u00fdch \u00fadajov pre aplik\u00e1ciu Vonde Pro - Vondetech","robots":{"index":"index","follow":"follow","max-snippet":"max-snippet:-1","max-image-preview":"max-image-preview:large","max-video-preview":"max-video-preview:-1"},"canonical":"https:\/\/vondetech.com\/sk\/pravo-na-zrusenie\/","og_locale":"sk_SK","og_type":"article","og_title":"Z\u00e1sady ochrany osobn\u00fdch \u00fadajov pre aplik\u00e1ciu Vonde Pro - Vondetech","og_description":"[vc_row][vc_column][vc_empty_space][vc_column_text el_class=&#8221;legal-text&#8221;]D\u00e1tum \u00fa\u010dinnosti: marca 2025 \u00davod KMAK Kelet-Magyarorsz\u00e1gi Adatk\u00f6zpont Kft. 5000 Szolnok, Szap\u00e1ry utca 20. E-mail: info@vondetechnology.com. (\u010falej len &#8220;my&#8221;, &#8220;na\u0161e&#8221; alebo &#8220;n\u00e1s&#8221;) poskytuje komplexn\u00e9 rie\u0161enia digit\u00e1lnych siet\u00ed prostredn\u00edctvom aplik\u00e1cie Vonde Pro (\u010falej len &#8220;aplik\u00e1cia&#8221;), ktor\u00e1 umo\u017e\u0148uje digit\u00e1lne vizitky, skracovanie URL adries, spr\u00e1vu NFC a QR k\u00f3dov a integr\u00e1ciu s pe\u0148a\u017eenkou Apple\/Google. Tieto z\u00e1sady ochrany [&hellip;]","og_url":"https:\/\/vondetech.com\/sk\/pravo-na-zrusenie\/","og_site_name":"Vondetech","article_modified_time":"2025-03-21T06:55:53+00:00","twitter_card":"summary_large_image","twitter_misc":{"Predpokladan\u00fd \u010das \u010d\u00edtania":"2 min\u00faty"},"schema":{"@context":"https:\/\/schema.org","@graph":[{"@type":"WebPage","@id":"https:\/\/vondetech.com\/sk\/pravo-na-zrusenie\/","url":"https:\/\/vondetech.com\/sk\/pravo-na-zrusenie\/","name":"Z\u00e1sady ochrany osobn\u00fdch \u00fadajov pre aplik\u00e1ciu Vonde Pro - Vondetech","isPartOf":{"@id":"https:\/\/vondetech.com\/sk\/#website"},"datePublished":"2024-05-23T13:02:08+00:00","dateModified":"2025-03-21T06:55:53+00:00","breadcrumb":{"@id":"https:\/\/vondetech.com\/sk\/pravo-na-zrusenie\/#breadcrumb"},"inLanguage":"sk-SK","potentialAction":[{"@type":"ReadAction","target":["https:\/\/vondetech.com\/sk\/pravo-na-zrusenie\/"]}]},{"@type":"BreadcrumbList","@id":"https:\/\/vondetech.com\/sk\/pravo-na-zrusenie\/#breadcrumb","itemListElement":[{"@type":"ListItem","position":1,"name":"Domov","item":"https:\/\/vondetech.com\/sk\/domov\/"},{"@type":"ListItem","position":2,"name":"Z\u00e1sady ochrany osobn\u00fdch \u00fadajov pre aplik\u00e1ciu Vonde Pro"}]},{"@type":"WebSite","@id":"https:\/\/vondetech.com\/sk\/#website","url":"https:\/\/vondetech.com\/sk\/","name":"Vondetech","description":"","potentialAction":[{"@type":"SearchAction","target":{"@type":"EntryPoint","urlTemplate":"https:\/\/vondetech.com\/sk\/?s={search_term_string}"},"query-input":{"@type":"PropertyValueSpecification","valueRequired":true,"valueName":"search_term_string"}}],"inLanguage":"sk-SK"}]}},"_links":{"self":[{"href":"https:\/\/vondetech.com\/sk\/wp-json\/wp\/v2\/pages\/13261","targetHints":{"allow":["GET"]}}],"collection":[{"href":"https:\/\/vondetech.com\/sk\/wp-json\/wp\/v2\/pages"}],"about":[{"href":"https:\/\/vondetech.com\/sk\/wp-json\/wp\/v2\/types\/page"}],"author":[{"embeddable":true,"href":"https:\/\/vondetech.com\/sk\/wp-json\/wp\/v2\/users\/1"}],"replies":[{"embeddable":true,"href":"https:\/\/vondetech.com\/sk\/wp-json\/wp\/v2\/comments?post=13261"}],"version-history":[{"count":13,"href":"https:\/\/vondetech.com\/sk\/wp-json\/wp\/v2\/pages\/13261\/revisions"}],"predecessor-version":[{"id":21107,"href":"https:\/\/vondetech.com\/sk\/wp-json\/wp\/v2\/pages\/13261\/revisions\/21107"}],"wp:attachment":[{"href":"https:\/\/vondetech.com\/sk\/wp-json\/wp\/v2\/media?parent=13261"}],"curies":[{"name":"wp","href":"https:\/\/api.w.org\/{rel}","templated":true}]}}