{"id":13257,"date":"2024-05-23T14:47:33","date_gmt":"2024-05-23T12:47:33","guid":{"rendered":"https:\/\/vondetech.com\/podmienky-sluzby\/"},"modified":"2025-03-21T08:36:09","modified_gmt":"2025-03-21T07:36:09","slug":"podmienky-sluzby","status":"publish","type":"page","link":"https:\/\/vondetech.com\/sk\/podmienky-sluzby\/","title":{"rendered":"Podmienky slu\u017eby pre aplik\u00e1ciu Vonde Pro"},"content":{"rendered":"<div class=\"wpb-content-wrapper\"><p>[vc_row][vc_column][vc_empty_space][vc_column_text el_class=&#8221;legal-text&#8221;]<strong>D\u00e1tum \u00fa\u010dinnosti:<\/strong> marca 2025<\/p>\n<ol>\n<li><strong>  \u00davod<\/strong><\/li>\n<\/ol>\n<p>Tieto Podmienky pou\u017e\u00edvania slu\u017eby (\u010falej len &#8220;Podmienky&#8221;) upravuj\u00fa v\u00e1\u0161 pr\u00edstup k aplik\u00e1cii Vonde Pro (\u010falej len &#8220;aplik\u00e1cia&#8221;), ktor\u00fa prev\u00e1dzkuje spolo\u010dnos\u0165 Vonde Technology (\u010falej len &#8220;my&#8221;, &#8220;na\u0161a&#8221; alebo &#8220;n\u00e1s&#8221;) a ktor\u00e1 poskytuje slu\u017eby digit\u00e1lnych vizitiek, skracovania URL adries, spr\u00e1vy NFC a QR k\u00f3dov a integr\u00e1cie Apple\/Google Wallet.<\/p>\n<ol start=\"2\">\n<li><strong>  Prijatie podmienok<\/strong><\/li>\n<\/ol>\n<p>Pr\u00edstupom k aplik\u00e1cii alebo jej pou\u017e\u00edvan\u00edm vyjadrujete s\u00fahlas s t\u00fdmito podmienkami slu\u017eby. Ak nes\u00fahlas\u00edte s ktorouko\u013evek \u010das\u0165ou, nesmiete aplik\u00e1ciu pou\u017e\u00edva\u0165. <\/p>\n<ol start=\"3\">\n<li><strong>  Registr\u00e1cia a zabezpe\u010denie \u00fa\u010dtu<\/strong><\/li>\n<\/ol>\n<p>Pou\u017e\u00edvatelia musia poskytn\u00fa\u0165 presn\u00e9 a \u00fapln\u00e9 registra\u010dn\u00e9 inform\u00e1cie a zachova\u0165 ich d\u00f4vernos\u0165. Ste v\u00fdhradne zodpovedn\u00ed za v\u0161etky \u010dinnosti vykon\u00e1van\u00e9 prostredn\u00edctvom svojho \u00fa\u010dtu a mus\u00edte n\u00e1m okam\u017eite nahl\u00e1si\u0165 neopr\u00e1vnen\u00e9 pou\u017e\u00edvanie. <\/p>\n<ol start=\"3\">\n<li><strong>  Popis slu\u017eby<\/strong><\/li>\n<\/ol>\n<p>Aplik\u00e1cia poskytuje:<\/p>\n<ul>\n<li>Vytv\u00e1ranie a spr\u00e1va digit\u00e1lnych vizitiek (Biopages)<\/li>\n<li>Slu\u017eby skracovania adries URL<\/li>\n<li>Vytv\u00e1ranie a spr\u00e1va k\u00f3dov NFC a QR<\/li>\n<li>Integr\u00e1cia digit\u00e1lnych kariet Apple a Google Wallet<\/li>\n<\/ul>\n<ol start=\"4\">\n<li><strong>  \u00da\u010dty pou\u017e\u00edvate\u013eov<\/strong><\/li>\n<\/ol>\n<p>Pri vytv\u00e1ran\u00ed konta mus\u00edte poskytn\u00fa\u0165 presn\u00e9 a \u00fapln\u00e9 inform\u00e1cie. Ste zodpovedn\u00ed za zachovanie bezpe\u010dnosti a d\u00f4vernosti \u00fa\u010dtu. Okam\u017eite n\u00e1s informujte o akomko\u013evek neopr\u00e1vnenom pou\u017eit\u00ed alebo poru\u0161en\u00ed bezpe\u010dnosti.  <\/p>\n<ol start=\"5\">\n<li><strong>  Spr\u00e1vanie pou\u017e\u00edvate\u013ea<\/strong><\/li>\n<\/ol>\n<p>S\u00fahlas\u00edte s t\u00fdm, \u017ee:<\/p>\n<ul>\n<li>pou\u017e\u00edva\u0165 aplik\u00e1ciu nez\u00e1konne alebo podvodne<\/li>\n<li>Pokus o neopr\u00e1vnen\u00fd pr\u00edstup alebo naru\u0161enie slu\u017eieb aplik\u00e1cie<\/li>\n<li>Nahr\u00e1vanie \u0161kodliv\u00e9ho obsahu alebo v\u00edrusov<\/li>\n<li>Poru\u0161ovanie pr\u00e1v du\u0161evn\u00e9ho vlastn\u00edctva<\/li>\n<\/ul>\n<p>Poru\u0161enie t\u00fdchto podmienok m\u00f4\u017ee vies\u0165 k pozastaveniu alebo zru\u0161eniu v\u00e1\u0161ho \u00fa\u010dtu.<\/p>\n<ol start=\"5\">\n<li><strong>  Poplatky a predplatn\u00e9<\/strong><\/li>\n<\/ol>\n<p>Niektor\u00e9 funkcie aplik\u00e1cie m\u00f4\u017eu vy\u017eadova\u0165 platbu alebo predplatn\u00e9. Platby za predplatn\u00e9 sa realizuj\u00fa v\u00fdlu\u010dne prostredn\u00edctvom obchodu Apple App Store alebo Google Play Store, v z\u00e1vislosti od opera\u010dn\u00e9ho syst\u00e9mu v\u00e1\u0161ho zariadenia. <\/p>\n<p>Dostupn\u00e9 mo\u017enosti predplatn\u00e9ho, ich ceny, frekvencia faktur\u00e1cie a v\u0161etky pr\u00edslu\u0161n\u00e9 bezplatn\u00e9 sk\u00fa\u0161obn\u00e9 obdobia bud\u00fa zobrazen\u00e9 v aplik\u00e1cii a\/alebo po\u010das procesu predplatn\u00e9ho v pr\u00edslu\u0161nom obchode s aplik\u00e1ciami.<\/p>\n<p>Predplatn\u00e9 vr\u00e1tane zru\u0161enia m\u00f4\u017eete spravova\u0165 prostredn\u00edctvom nastaven\u00ed svojho konta v obchode Apple App Store alebo Google Play Store. Podrobn\u00e9 pokyny na spr\u00e1vu predplatn\u00e9ho n\u00e1jdete v dokument\u00e1cii podpory obchodu Apple App Store alebo Google Play Store. <\/p>\n<p>Spolo\u010dnos\u0165 Vonde Technology priamo nesprac\u00fava spracovanie platieb, faktur\u00e1ciu ani zru\u0161enie predplatn\u00e9ho. V\u0161etky s\u00favisiace ot\u00e1zky by ste mali smerova\u0165 na z\u00e1kazn\u00edcku podporu Apple App Store alebo Google Play Store. <\/p>\n<ol start=\"6\">\n<li><strong>  Slu\u017eby a webov\u00e9 lokality tret\u00edch str\u00e1n<\/strong><\/li>\n<\/ol>\n<p>Nezodpoved\u00e1me za slu\u017eby tret\u00edch str\u00e1n alebo extern\u00e9 webov\u00e9 str\u00e1nky, na ktor\u00e9 sa odkazuje z aplik\u00e1cie. Pou\u017e\u00edvatelia by si mali pred zapojen\u00edm pozorne pre\u010d\u00edta\u0165 podmienky tret\u00edch str\u00e1n. <\/p>\n<ol start=\"7\">\n<li><strong>  Pr\u00e1va du\u0161evn\u00e9ho vlastn\u00edctva<\/strong><\/li>\n<\/ol>\n<p>V\u0161etok obsah aplik\u00e1cie vr\u00e1tane textu, grafiky, loga, ochrann\u00fdch zn\u00e1mok a softv\u00e9ru je v\u00fdhradn\u00fdm vlastn\u00edctvom spolo\u010dnosti Vonde Technology a je chr\u00e1nen\u00fd z\u00e1konmi o du\u0161evnom vlastn\u00edctve.<\/p>\n<ol start=\"7\">\n<li><strong>  Ochrana \u00fadajov<\/strong><\/li>\n<\/ol>\n<p>Osobn\u00e9 \u00fadaje sprac\u00favame v s\u00falade s na\u0161imi z\u00e1sadami ochrany osobn\u00fdch \u00fadajov, v ktor\u00fdch s\u00fa podrobne uveden\u00e9 typy zhroma\u017e\u010fovan\u00fdch \u00fadajov, \u00fa\u010dely a met\u00f3dy spracovania.<\/p>\n<ol start=\"8\">\n<li><strong>  Zodpovednosti pou\u017e\u00edvate\u013ea<\/strong><\/li>\n<\/ol>\n<p>Vy sami ste zodpovedn\u00ed za z\u00e1konnos\u0165, presnos\u0165 a vhodnos\u0165 v\u0161etk\u00fdch \u00fadajov, ktor\u00e9 zdie\u013eate alebo zverej\u0148ujete prostredn\u00edctvom aplik\u00e1cie. V pr\u00edpade \u00fadajov tret\u00edch str\u00e1n mus\u00edte zabezpe\u010di\u0165 pr\u00edslu\u0161n\u00fd s\u00fahlas. <\/p>\n<ol start=\"9\">\n<li><strong>  Zrieknutie sa z\u00e1ruk<\/strong><\/li>\n<\/ol>\n<p>Aplik\u00e1cia sa poskytuje &#8220;tak, ako je&#8221;, bez ak\u00fdchko\u013evek z\u00e1ruk. Nezaru\u010dujeme nepreru\u0161ovan\u00fa alebo bezchybn\u00fa prev\u00e1dzku. <\/p>\n<ol start=\"10\">\n<li><strong>  Obmedzenie zodpovednosti<\/strong><\/li>\n<\/ol>\n<p>Spolo\u010dnos\u0165 Vonde Technology nenesie zodpovednos\u0165 za nepriame, n\u00e1hodn\u00e9 alebo n\u00e1sledn\u00e9 \u0161kody, ktor\u00e9 vznikn\u00fa v d\u00f4sledku pou\u017e\u00edvania alebo nemo\u017enosti pou\u017e\u00edvania aplik\u00e1cie.<\/p>\n<ol start=\"9\">\n<li><strong>  Od\u0161kodnenie<\/strong><\/li>\n<\/ol>\n<p>S\u00fahlas\u00edte, \u017ee od\u0161kodn\u00edte, budete br\u00e1ni\u0165 a zbav\u00edte spolo\u010dnos\u0165 Vonde Technology v\u0161etk\u00fdch n\u00e1rokov, \u0161k\u00f4d alebo n\u00e1kladov vypl\u00fdvaj\u00facich z v\u00e1\u0161ho pou\u017e\u00edvania aplik\u00e1cie, poru\u0161enia t\u00fdchto podmienok alebo poru\u0161enia ak\u00fdchko\u013evek pr\u00e1v.<\/p>\n<ol start=\"10\">\n<li><strong>  Ukon\u010denie<\/strong><\/li>\n<\/ol>\n<p>Vyhradzujeme si pr\u00e1vo pozastavi\u0165 alebo ukon\u010di\u0165 pr\u00edstup k aplik\u00e1cii, ak d\u00f4jde k poru\u0161eniu t\u00fdchto podmienok alebo z in\u00fdch opr\u00e1vnen\u00fdch d\u00f4vodov, a to pod\u013ea vlastn\u00e9ho uv\u00e1\u017eenia.<\/p>\n<ol start=\"11\">\n<li><strong>  Rozhodn\u00e9 pr\u00e1vo a rie\u0161enie sporov<\/strong><\/li>\n<\/ol>\n<p>Tieto podmienky sa riadia a vykladaj\u00fa v s\u00falade s platn\u00fdmi z\u00e1konmi. Ak\u00e9ko\u013evek spory vypl\u00fdvaj\u00face z t\u00fdchto Podmienok sa bud\u00fa rie\u0161i\u0165 na s\u00fadoch, ktor\u00e9 maj\u00fa pr\u00e1vomoc v mieste n\u00e1\u0161ho s\u00eddla. <\/p>\n<ol start=\"11\">\n<li><strong>  Zmeny podmienok<\/strong><\/li>\n<\/ol>\n<p>Tieto podmienky m\u00f4\u017eeme pravidelne aktualizova\u0165. O v\u00fdznamn\u00fdch zmen\u00e1ch v\u00e1s budeme informova\u0165 prostredn\u00edctvom aplik\u00e1cie alebo e-mailom. <\/p>\n<ol start=\"12\">\n<li><strong>  Kontaktn\u00e9 inform\u00e1cie<\/strong><\/li>\n<\/ol>\n<p>V pr\u00edpade ot\u00e1zok t\u00fdkaj\u00facich sa t\u00fdchto podmienok kontaktujte:<\/p>\n<p>Technol\u00f3gia Vonde<\/p>\n<p>KMAK Kelet-Magyarorsz\u00e1gi Adatk\u00f6zpont Kft.<\/p>\n<p>H-5000 Szolnok, Szap\u00e1ry utca 20.<\/p>\n<p>E-mail: info@vondetechnology.com<\/p>\n<p>Pou\u017e\u00edvan\u00edm aplik\u00e1cie Vonde Pro beriete na vedomie a s\u00fahlas\u00edte s dodr\u017eiavan\u00edm t\u00fdchto podmienok pou\u017e\u00edvania.<\/p>\n<p>Spolo\u010dnos\u0165 Vonde Technology LLC (USA) riadi glob\u00e1lne trhy a medzin\u00e1rodn\u00fa expanziu. KMAK Kelet-Magyarorsz\u00e1gi Adatk\u00f6zpont Kft. (Eur\u00f3pa, Ma\u010farsko) zabezpe\u010duje v\u00fdvoj a s\u00favisiace prev\u00e1dzkov\u00e9 \u00falohy.[\/vc_column_text][\/vc_column][\/vc_row]<\/p>\n<\/div>","protected":false},"excerpt":{"rendered":"<p>[vc_row][vc_column][vc_empty_space][vc_column_text el_class=&#8221;legal-text&#8221;]D\u00e1tum \u00fa\u010dinnosti: marca 2025 \u00davod Tieto Podmienky pou\u017e\u00edvania slu\u017eby (\u010falej len &#8220;Podmienky&#8221;) upravuj\u00fa v\u00e1\u0161 pr\u00edstup k aplik\u00e1cii Vonde Pro (\u010falej len &#8220;aplik\u00e1cia&#8221;), ktor\u00fa prev\u00e1dzkuje spolo\u010dnos\u0165 Vonde Technology (\u010falej len &#8220;my&#8221;, &#8220;na\u0161a&#8221; alebo &#8220;n\u00e1s&#8221;) a ktor\u00e1 poskytuje slu\u017eby digit\u00e1lnych vizitiek, skracovania URL adries, spr\u00e1vy NFC a QR k\u00f3dov a integr\u00e1cie Apple\/Google Wallet. Prijatie podmienok Pr\u00edstupom [&hellip;]<\/p>\n","protected":false},"author":1,"featured_media":0,"parent":0,"menu_order":0,"comment_status":"closed","ping_status":"closed","template":"","meta":{"footnotes":""},"class_list":["post-13257","page","type-page","status-publish","hentry"],"yoast_head":"<!-- This site is optimized with the Yoast SEO plugin v24.7 - https:\/\/yoast.com\/wordpress\/plugins\/seo\/ -->\n<title>Podmienky slu\u017eby pre aplik\u00e1ciu Vonde Pro - Vondetech<\/title>\n<meta name=\"robots\" content=\"index, follow, max-snippet:-1, max-image-preview:large, max-video-preview:-1\" \/>\n<link rel=\"canonical\" href=\"https:\/\/vondetech.com\/sk\/podmienky-sluzby\/\" \/>\n<meta property=\"og:locale\" content=\"sk_SK\" \/>\n<meta property=\"og:type\" content=\"article\" \/>\n<meta property=\"og:title\" content=\"Podmienky slu\u017eby pre aplik\u00e1ciu Vonde Pro - Vondetech\" \/>\n<meta property=\"og:description\" content=\"[vc_row][vc_column][vc_empty_space][vc_column_text el_class=&#8221;legal-text&#8221;]D\u00e1tum \u00fa\u010dinnosti: marca 2025 \u00davod Tieto Podmienky pou\u017e\u00edvania slu\u017eby (\u010falej len &#8220;Podmienky&#8221;) upravuj\u00fa v\u00e1\u0161 pr\u00edstup k aplik\u00e1cii Vonde Pro (\u010falej len &#8220;aplik\u00e1cia&#8221;), ktor\u00fa prev\u00e1dzkuje spolo\u010dnos\u0165 Vonde Technology (\u010falej len &#8220;my&#8221;, &#8220;na\u0161a&#8221; alebo &#8220;n\u00e1s&#8221;) a ktor\u00e1 poskytuje slu\u017eby digit\u00e1lnych vizitiek, skracovania URL adries, spr\u00e1vy NFC a QR k\u00f3dov a integr\u00e1cie Apple\/Google Wallet. Prijatie podmienok Pr\u00edstupom [&hellip;]\" \/>\n<meta property=\"og:url\" content=\"https:\/\/vondetech.com\/sk\/podmienky-sluzby\/\" \/>\n<meta property=\"og:site_name\" content=\"Vondetech\" \/>\n<meta property=\"article:modified_time\" content=\"2025-03-21T07:36:09+00:00\" \/>\n<meta name=\"twitter:card\" content=\"summary_large_image\" \/>\n<meta name=\"twitter:label1\" content=\"Predpokladan\u00fd \u010das \u010d\u00edtania\" \/>\n\t<meta name=\"twitter:data1\" content=\"3 min\u00faty\" \/>\n<script type=\"application\/ld+json\" class=\"yoast-schema-graph\">{\"@context\":\"https:\/\/schema.org\",\"@graph\":[{\"@type\":\"WebPage\",\"@id\":\"https:\/\/vondetech.com\/sk\/podmienky-sluzby\/\",\"url\":\"https:\/\/vondetech.com\/sk\/podmienky-sluzby\/\",\"name\":\"Podmienky slu\u017eby pre aplik\u00e1ciu Vonde Pro - Vondetech\",\"isPartOf\":{\"@id\":\"https:\/\/vondetech.com\/sk\/#website\"},\"datePublished\":\"2024-05-23T12:47:33+00:00\",\"dateModified\":\"2025-03-21T07:36:09+00:00\",\"breadcrumb\":{\"@id\":\"https:\/\/vondetech.com\/sk\/podmienky-sluzby\/#breadcrumb\"},\"inLanguage\":\"sk-SK\",\"potentialAction\":[{\"@type\":\"ReadAction\",\"target\":[\"https:\/\/vondetech.com\/sk\/podmienky-sluzby\/\"]}]},{\"@type\":\"BreadcrumbList\",\"@id\":\"https:\/\/vondetech.com\/sk\/podmienky-sluzby\/#breadcrumb\",\"itemListElement\":[{\"@type\":\"ListItem\",\"position\":1,\"name\":\"Domov\",\"item\":\"https:\/\/vondetech.com\/sk\/domov\/\"},{\"@type\":\"ListItem\",\"position\":2,\"name\":\"Podmienky slu\u017eby pre aplik\u00e1ciu Vonde Pro\"}]},{\"@type\":\"WebSite\",\"@id\":\"https:\/\/vondetech.com\/sk\/#website\",\"url\":\"https:\/\/vondetech.com\/sk\/\",\"name\":\"Vondetech\",\"description\":\"\",\"potentialAction\":[{\"@type\":\"SearchAction\",\"target\":{\"@type\":\"EntryPoint\",\"urlTemplate\":\"https:\/\/vondetech.com\/sk\/?s={search_term_string}\"},\"query-input\":{\"@type\":\"PropertyValueSpecification\",\"valueRequired\":true,\"valueName\":\"search_term_string\"}}],\"inLanguage\":\"sk-SK\"}]}<\/script>\n<!-- \/ Yoast SEO plugin. -->","yoast_head_json":{"title":"Podmienky slu\u017eby pre aplik\u00e1ciu Vonde Pro - Vondetech","robots":{"index":"index","follow":"follow","max-snippet":"max-snippet:-1","max-image-preview":"max-image-preview:large","max-video-preview":"max-video-preview:-1"},"canonical":"https:\/\/vondetech.com\/sk\/podmienky-sluzby\/","og_locale":"sk_SK","og_type":"article","og_title":"Podmienky slu\u017eby pre aplik\u00e1ciu Vonde Pro - Vondetech","og_description":"[vc_row][vc_column][vc_empty_space][vc_column_text el_class=&#8221;legal-text&#8221;]D\u00e1tum \u00fa\u010dinnosti: marca 2025 \u00davod Tieto Podmienky pou\u017e\u00edvania slu\u017eby (\u010falej len &#8220;Podmienky&#8221;) upravuj\u00fa v\u00e1\u0161 pr\u00edstup k aplik\u00e1cii Vonde Pro (\u010falej len &#8220;aplik\u00e1cia&#8221;), ktor\u00fa prev\u00e1dzkuje spolo\u010dnos\u0165 Vonde Technology (\u010falej len &#8220;my&#8221;, &#8220;na\u0161a&#8221; alebo &#8220;n\u00e1s&#8221;) a ktor\u00e1 poskytuje slu\u017eby digit\u00e1lnych vizitiek, skracovania URL adries, spr\u00e1vy NFC a QR k\u00f3dov a integr\u00e1cie Apple\/Google Wallet. Prijatie podmienok Pr\u00edstupom [&hellip;]","og_url":"https:\/\/vondetech.com\/sk\/podmienky-sluzby\/","og_site_name":"Vondetech","article_modified_time":"2025-03-21T07:36:09+00:00","twitter_card":"summary_large_image","twitter_misc":{"Predpokladan\u00fd \u010das \u010d\u00edtania":"3 min\u00faty"},"schema":{"@context":"https:\/\/schema.org","@graph":[{"@type":"WebPage","@id":"https:\/\/vondetech.com\/sk\/podmienky-sluzby\/","url":"https:\/\/vondetech.com\/sk\/podmienky-sluzby\/","name":"Podmienky slu\u017eby pre aplik\u00e1ciu Vonde Pro - Vondetech","isPartOf":{"@id":"https:\/\/vondetech.com\/sk\/#website"},"datePublished":"2024-05-23T12:47:33+00:00","dateModified":"2025-03-21T07:36:09+00:00","breadcrumb":{"@id":"https:\/\/vondetech.com\/sk\/podmienky-sluzby\/#breadcrumb"},"inLanguage":"sk-SK","potentialAction":[{"@type":"ReadAction","target":["https:\/\/vondetech.com\/sk\/podmienky-sluzby\/"]}]},{"@type":"BreadcrumbList","@id":"https:\/\/vondetech.com\/sk\/podmienky-sluzby\/#breadcrumb","itemListElement":[{"@type":"ListItem","position":1,"name":"Domov","item":"https:\/\/vondetech.com\/sk\/domov\/"},{"@type":"ListItem","position":2,"name":"Podmienky slu\u017eby pre aplik\u00e1ciu Vonde Pro"}]},{"@type":"WebSite","@id":"https:\/\/vondetech.com\/sk\/#website","url":"https:\/\/vondetech.com\/sk\/","name":"Vondetech","description":"","potentialAction":[{"@type":"SearchAction","target":{"@type":"EntryPoint","urlTemplate":"https:\/\/vondetech.com\/sk\/?s={search_term_string}"},"query-input":{"@type":"PropertyValueSpecification","valueRequired":true,"valueName":"search_term_string"}}],"inLanguage":"sk-SK"}]}},"_links":{"self":[{"href":"https:\/\/vondetech.com\/sk\/wp-json\/wp\/v2\/pages\/13257","targetHints":{"allow":["GET"]}}],"collection":[{"href":"https:\/\/vondetech.com\/sk\/wp-json\/wp\/v2\/pages"}],"about":[{"href":"https:\/\/vondetech.com\/sk\/wp-json\/wp\/v2\/types\/page"}],"author":[{"embeddable":true,"href":"https:\/\/vondetech.com\/sk\/wp-json\/wp\/v2\/users\/1"}],"replies":[{"embeddable":true,"href":"https:\/\/vondetech.com\/sk\/wp-json\/wp\/v2\/comments?post=13257"}],"version-history":[{"count":21,"href":"https:\/\/vondetech.com\/sk\/wp-json\/wp\/v2\/pages\/13257\/revisions"}],"predecessor-version":[{"id":21497,"href":"https:\/\/vondetech.com\/sk\/wp-json\/wp\/v2\/pages\/13257\/revisions\/21497"}],"wp:attachment":[{"href":"https:\/\/vondetech.com\/sk\/wp-json\/wp\/v2\/media?parent=13257"}],"curies":[{"name":"wp","href":"https:\/\/api.w.org\/{rel}","templated":true}]}}