{"id":20757,"date":"2025-03-19T09:19:24","date_gmt":"2025-03-19T08:19:24","guid":{"rendered":"https:\/\/vondetech.com\/eula\/"},"modified":"2025-03-20T15:50:09","modified_gmt":"2025-03-20T14:50:09","slug":"eula","status":"publish","type":"page","link":"https:\/\/vondetech.com\/ro\/eula\/","title":{"rendered":"EULA"},"content":{"rendered":"<div class=\"wpb-content-wrapper\"><p>[vc_row][vc_column][vc_empty_space][vc_column_text el_class=&#8221;legal-text&#8221;]<strong>IMPORTANT &#8211; Citi\u021bi cu aten\u021bie:<\/strong> Acest Acord de licen\u021b\u0103 pentru utilizatorul final (&#8220;EULA&#8221;) este un acord legal \u00eentre dumneavoastr\u0103 (&#8220;Licen\u021biat&#8221; sau &#8220;dumneavoastr\u0103&#8221;) \u0219i KMAK Kelet-Magyarorsz\u00e1gi Adatk\u00f6zpont Kft. (&#8220;Licen\u021biator&#8221; sau &#8220;noi&#8221;) pentru aplica\u021bia software Vonde Pro App (&#8220;App&#8221;). Prin instalarea, copierea sau utilizarea \u00een alt mod a Aplica\u021biei, sunte\u021bi de acord s\u0103 respecta\u021bi termenii prezentului EULA. Dac\u0103 nu sunte\u021bi de acord cu termenii prezentului EULA, nu instala\u021bi sau utiliza\u021bi aplica\u021bia.   <\/p>\n<ol>\n<li><strong>  Acordarea licen\u021bei:<\/strong><\/li>\n<\/ol>\n<p>Licen\u021biatorul v\u0103 acord\u0103 o licen\u021b\u0103 limitat\u0103, neexclusiv\u0103, netransferabil\u0103 \u0219i revocabil\u0103 de a utiliza aplica\u021bia pe un singur dispozitiv mobil pentru uz personal, necomercial.<\/p>\n<ol start=\"2\">\n<li><strong>  Restric\u021bii:<\/strong><\/li>\n<\/ol>\n<p>Nu trebuie:<\/p>\n<ul>\n<li>Modificarea, adaptarea sau ingineria invers\u0103 a aplica\u021biei sau \u00eencercarea de a ob\u021bine codul s\u0103u surs\u0103.<\/li>\n<li>s\u0103 utiliza\u021bi aplica\u021bia \u00een scopuri comerciale sau s\u0103 vinde\u021bi, s\u0103 distribui\u021bi, s\u0103 \u00eenchiria\u021bi, s\u0103 sublicen\u021bia\u021bi, s\u0103 \u00eenchiria\u021bi, s\u0103 \u00eemprumuta\u021bi sau s\u0103 transfera\u021bi \u00een alt mod aplica\u021bia c\u0103tre ter\u021be p\u0103r\u021bi.<\/li>\n<li>\u00cendep\u0103rta\u021bi, modifica\u021bi sau ascunde\u021bi orice drepturi de autor, m\u0103rci comerciale sau alte notific\u0103ri de proprietate.<\/li>\n<li>Utiliza\u021bi aplica\u021bia \u00een orice mod care \u00eencalc\u0103 legile sau reglement\u0103rile aplicabile, \u00eencalc\u0103 drepturile de proprietate intelectual\u0103 ale altor persoane sau \u00eencearc\u0103 s\u0103 eludeze m\u0103surile de securitate ale aplica\u021biei.<\/li>\n<li>Utilizarea aplica\u021biei pentru orice activitate ilegal\u0103, inclusiv, dar f\u0103r\u0103 a se limita la, transmiterea sau stocarea de materiale ilegale sau implicarea \u00een orice activitate care ar putea deteriora, dezactiva, supra\u00eenc\u0103rca sau afecta aplica\u021bia sau serviciile acesteia.<\/li>\n<\/ul>\n<ol start=\"3\">\n<li><strong>  Proprietate:<\/strong><\/li>\n<\/ol>\n<p>Aplica\u021bia este proprietatea Licen\u021biatorului \u0219i este protejat\u0103 prin drepturi de autor \u0219i alte legi privind proprietatea intelectual\u0103. Licen\u021ba dumneavoastr\u0103 nu confer\u0103 niciun titlu sau drept de proprietate asupra aplica\u021biei. <\/p>\n<ol start=\"4\">\n<li><strong>  Confiden\u021bialitate:<\/strong><\/li>\n<\/ol>\n<p>Utilizarea aplica\u021biei este supus\u0103 Politicii noastre de confiden\u021bialitate, care descrie \u00een detaliu practicile noastre de colectare, prelucrare \u0219i protec\u021bie a datelor. Prin utilizarea aplica\u021biei, sunte\u021bi de acord cu termenii detalia\u021bi \u00een Politica de confiden\u021bialitate. Pute\u021bi g\u0103si Politica noastr\u0103 de confiden\u021bialitate la adresa:    [Link to Privacy Policy]<\/p>\n<ol start=\"5\">\n<li><strong>  Excluderea garan\u021biilor:<\/strong><\/li>\n<\/ol>\n<p>Aplica\u021bia este furnizat\u0103 &#8220;a\u0219a cum este&#8221; \u0219i &#8220;conform disponibilit\u0103\u021bii&#8221;, f\u0103r\u0103 garan\u021bii de niciun fel. Vonde Technology respinge toate garan\u021biile, fie ele exprese, implicite, statutare sau de alt\u0103 natur\u0103, inclusiv, dar f\u0103r\u0103 a se limita la, garan\u021biile implicite de vandabilitate, adecvare pentru un anumit scop, ne\u00eenc\u0103lcare \u0219i orice garan\u021bii care rezult\u0103 din cursul tranzac\u021biilor sau utilizarea comercial\u0103. <\/p>\n<ol start=\"6\">\n<li><strong>  Limitarea r\u0103spunderii:<\/strong><\/li>\n<\/ol>\n<p>\u00cen m\u0103sura maxim\u0103 permis\u0103 de legea aplicabil\u0103, \u00een niciun caz Vonde Technology nu va fi r\u0103spunz\u0103toare pentru orice daune indirecte, accidentale, speciale, consecutive sau punitive (inclusiv, f\u0103r\u0103 limitare, daune pentru pierderea de profituri, date sau utilizare) rezultate din sau legate de utilizarea sau imposibilitatea de a utiliza aplica\u021bia, chiar dac\u0103 Vonde Technology a fost informat\u0103 cu privire la posibilitatea unor astfel de daune. R\u0103spunderea total\u0103 a Vonde Technology fa\u021b\u0103 de dumneavoastr\u0103 pentru oricare \u0219i toate reclama\u021biile care decurg din sau sunt legate de acest ALUF sau de aplica\u021bie se limiteaz\u0103 la suma pl\u0103tit\u0103 de dumneavoastr\u0103, dac\u0103 este cazul, pentru accesul la aplica\u021bie. <\/p>\n<ol start=\"7\">\n<li><strong>  Indemnizare:<\/strong><\/li>\n<\/ol>\n<p>Sunte\u021bi de acord s\u0103 desp\u0103gubi\u021bi \u0219i s\u0103 exonera\u021bi Vonde Technology, afilia\u021bii, angaja\u021bii, directorii \u0219i agen\u021bii acesteia de orice preten\u021bii, daune, responsabilit\u0103\u021bi, pierderi sau cheltuieli (inclusiv onorariile rezonabile ale avoca\u021bilor) care decurg din sau sunt legate de utilizarea necorespunz\u0103toare a aplica\u021biei de c\u0103tre dvs., de \u00eenc\u0103lcarea de c\u0103tre dvs. a prezentului EULA sau de \u00eenc\u0103lcarea de c\u0103tre dvs. a oric\u0103rei propriet\u0103\u021bi intelectuale sau a oric\u0103rui alt drept al oric\u0103rei persoane sau entit\u0103\u021bi.<\/p>\n<ol start=\"8\">\n<li><strong>  Rezilierea:<\/strong><\/li>\n<\/ol>\n<p>Prezentul EULA este valabil p\u00e2n\u0103 la rezilierea sa de c\u0103tre dumneavoastr\u0103 sau de c\u0103tre Licen\u021biator. Concedentul poate rezilia prezentul EULA \u00een orice moment dac\u0103 nu respecta\u021bi oricare dintre termenii prezentului EULA. La reziliere, trebuie s\u0103 \u00eenceta\u021bi orice utilizare a aplica\u021biei \u0219i s\u0103 distruge\u021bi toate copiile, complete sau par\u021biale, ale aplica\u021biei.  <\/p>\n<ol start=\"9\">\n<li><strong>  Legea aplicabil\u0103:<\/strong><\/li>\n<\/ol>\n<p>Prezentul CLUF este reglementat \u0219i interpretat \u00een conformitate cu legile din Ungaria. Orice litigiu care decurge din sau are leg\u0103tur\u0103 cu prezentul CLUF se supune jurisdic\u021biei exclusive a instan\u021belor din Budapesta, Ungaria. <\/p>\n<ol start=\"10\">\n<li><strong>  Modific\u0103ri ale prezentului EULA:<\/strong><\/li>\n<\/ol>\n<p>Ne rezerv\u0103m dreptul de a actualiza sau modifica periodic prezentul EULA. Modific\u0103rile importante v\u0103 vor fi comunicate prin intermediul notific\u0103rilor aplica\u021biei, prin e-mail \u00eenregistrat sau prin postarea unui anun\u021b \u00een cadrul aplica\u021biei sau pe site-ul nostru. Utilizarea \u00een continuare a aplica\u021biei de c\u0103tre dvs. dup\u0103 orice astfel de modific\u0103ri constituie acceptarea de c\u0103tre dvs. a EULA revizuit.  <\/p>\n<ol start=\"11\">\n<li><strong>  Informa\u021bii de contact:<\/strong><\/li>\n<\/ol>\n<p>Pentru \u00eentreb\u0103ri cu privire la acest EULA sau orice alte aspecte conexe, contacta\u021bi-ne la:<\/p>\n<p>KMAK Kelet-Magyarorsz\u00e1gi Adatk\u00f6zpont Kft.<\/p>\n<p>H-5000 Szolnok, Szap\u00e1ry utca 20.<\/p>\n<p>E-mail: info@vondetechnology.com<\/p>\n<p>Site web: https:\/\/www.vondetech.com<\/p>\n<ol start=\"12\">\n<li><strong>  Acordul integral:<\/strong><\/li>\n<\/ol>\n<p>Acest EULA constituie \u00eentregul acord dintre dumneavoastr\u0103 \u0219i Licen\u021biator cu privire la Aplica\u021bie \u0219i \u00eenlocuie\u0219te toate comunic\u0103rile \u0219i propunerile anterioare sau contemporane, verbale sau scrise.[\/vc_column_text][\/vc_column][\/vc_row]<\/p>\n<\/div>","protected":false},"excerpt":{"rendered":"<p>[vc_row][vc_column][vc_empty_space][vc_column_text el_class=&#8221;legal-text&#8221;]IMPORTANT &#8211; Citi\u021bi cu aten\u021bie: Acest Acord de licen\u021b\u0103 pentru utilizatorul final (&#8220;EULA&#8221;) este un acord legal \u00eentre dumneavoastr\u0103 (&#8220;Licen\u021biat&#8221; sau &#8220;dumneavoastr\u0103&#8221;) \u0219i KMAK Kelet-Magyarorsz\u00e1gi Adatk\u00f6zpont Kft. (&#8220;Licen\u021biator&#8221; sau &#8220;noi&#8221;) pentru aplica\u021bia software Vonde Pro App (&#8220;App&#8221;). Prin instalarea, copierea sau utilizarea \u00een alt mod a Aplica\u021biei, sunte\u021bi de acord s\u0103 respecta\u021bi termenii prezentului [&hellip;]<\/p>\n","protected":false},"author":1,"featured_media":0,"parent":0,"menu_order":0,"comment_status":"closed","ping_status":"closed","template":"","meta":{"footnotes":""},"class_list":["post-20757","page","type-page","status-publish","hentry"],"yoast_head":"<!-- This site is optimized with the Yoast SEO plugin v24.7 - https:\/\/yoast.com\/wordpress\/plugins\/seo\/ -->\n<title>EULA - Vondetech<\/title>\n<meta name=\"robots\" content=\"index, follow, max-snippet:-1, max-image-preview:large, max-video-preview:-1\" \/>\n<link rel=\"canonical\" href=\"https:\/\/vondetech.com\/ro\/eula\/\" \/>\n<meta property=\"og:locale\" content=\"ro_RO\" \/>\n<meta property=\"og:type\" content=\"article\" \/>\n<meta property=\"og:title\" content=\"EULA - Vondetech\" \/>\n<meta property=\"og:description\" content=\"[vc_row][vc_column][vc_empty_space][vc_column_text el_class=&#8221;legal-text&#8221;]IMPORTANT &#8211; Citi\u021bi cu aten\u021bie: Acest Acord de licen\u021b\u0103 pentru utilizatorul final (&#8220;EULA&#8221;) este un acord legal \u00eentre dumneavoastr\u0103 (&#8220;Licen\u021biat&#8221; sau &#8220;dumneavoastr\u0103&#8221;) \u0219i KMAK Kelet-Magyarorsz\u00e1gi Adatk\u00f6zpont Kft. (&#8220;Licen\u021biator&#8221; sau &#8220;noi&#8221;) pentru aplica\u021bia software Vonde Pro App (&#8220;App&#8221;). Prin instalarea, copierea sau utilizarea \u00een alt mod a Aplica\u021biei, sunte\u021bi de acord s\u0103 respecta\u021bi termenii prezentului [&hellip;]\" \/>\n<meta property=\"og:url\" content=\"https:\/\/vondetech.com\/ro\/eula\/\" \/>\n<meta property=\"og:site_name\" content=\"Vondetech\" \/>\n<meta property=\"article:modified_time\" content=\"2025-03-20T14:50:09+00:00\" \/>\n<meta name=\"twitter:card\" content=\"summary_large_image\" \/>\n<meta name=\"twitter:label1\" content=\"Timp estimat pentru citire\" \/>\n\t<meta name=\"twitter:data1\" content=\"5 minute\" \/>\n<script type=\"application\/ld+json\" class=\"yoast-schema-graph\">{\"@context\":\"https:\/\/schema.org\",\"@graph\":[{\"@type\":\"WebPage\",\"@id\":\"https:\/\/vondetech.com\/ro\/eula\/\",\"url\":\"https:\/\/vondetech.com\/ro\/eula\/\",\"name\":\"EULA - Vondetech\",\"isPartOf\":{\"@id\":\"https:\/\/vondetech.com\/ro\/#website\"},\"datePublished\":\"2025-03-19T08:19:24+00:00\",\"dateModified\":\"2025-03-20T14:50:09+00:00\",\"breadcrumb\":{\"@id\":\"https:\/\/vondetech.com\/ro\/eula\/#breadcrumb\"},\"inLanguage\":\"ro-RO\",\"potentialAction\":[{\"@type\":\"ReadAction\",\"target\":[\"https:\/\/vondetech.com\/ro\/eula\/\"]}]},{\"@type\":\"BreadcrumbList\",\"@id\":\"https:\/\/vondetech.com\/ro\/eula\/#breadcrumb\",\"itemListElement\":[{\"@type\":\"ListItem\",\"position\":1,\"name\":\"Acas\u0103\",\"item\":\"https:\/\/vondetech.com\/ro\/acasa\/\"},{\"@type\":\"ListItem\",\"position\":2,\"name\":\"EULA\"}]},{\"@type\":\"WebSite\",\"@id\":\"https:\/\/vondetech.com\/ro\/#website\",\"url\":\"https:\/\/vondetech.com\/ro\/\",\"name\":\"Vondetech\",\"description\":\"\",\"potentialAction\":[{\"@type\":\"SearchAction\",\"target\":{\"@type\":\"EntryPoint\",\"urlTemplate\":\"https:\/\/vondetech.com\/ro\/?s={search_term_string}\"},\"query-input\":{\"@type\":\"PropertyValueSpecification\",\"valueRequired\":true,\"valueName\":\"search_term_string\"}}],\"inLanguage\":\"ro-RO\"}]}<\/script>\n<!-- \/ Yoast SEO plugin. -->","yoast_head_json":{"title":"EULA - Vondetech","robots":{"index":"index","follow":"follow","max-snippet":"max-snippet:-1","max-image-preview":"max-image-preview:large","max-video-preview":"max-video-preview:-1"},"canonical":"https:\/\/vondetech.com\/ro\/eula\/","og_locale":"ro_RO","og_type":"article","og_title":"EULA - Vondetech","og_description":"[vc_row][vc_column][vc_empty_space][vc_column_text el_class=&#8221;legal-text&#8221;]IMPORTANT &#8211; Citi\u021bi cu aten\u021bie: Acest Acord de licen\u021b\u0103 pentru utilizatorul final (&#8220;EULA&#8221;) este un acord legal \u00eentre dumneavoastr\u0103 (&#8220;Licen\u021biat&#8221; sau &#8220;dumneavoastr\u0103&#8221;) \u0219i KMAK Kelet-Magyarorsz\u00e1gi Adatk\u00f6zpont Kft. (&#8220;Licen\u021biator&#8221; sau &#8220;noi&#8221;) pentru aplica\u021bia software Vonde Pro App (&#8220;App&#8221;). Prin instalarea, copierea sau utilizarea \u00een alt mod a Aplica\u021biei, sunte\u021bi de acord s\u0103 respecta\u021bi termenii prezentului [&hellip;]","og_url":"https:\/\/vondetech.com\/ro\/eula\/","og_site_name":"Vondetech","article_modified_time":"2025-03-20T14:50:09+00:00","twitter_card":"summary_large_image","twitter_misc":{"Timp estimat pentru citire":"5 minute"},"schema":{"@context":"https:\/\/schema.org","@graph":[{"@type":"WebPage","@id":"https:\/\/vondetech.com\/ro\/eula\/","url":"https:\/\/vondetech.com\/ro\/eula\/","name":"EULA - Vondetech","isPartOf":{"@id":"https:\/\/vondetech.com\/ro\/#website"},"datePublished":"2025-03-19T08:19:24+00:00","dateModified":"2025-03-20T14:50:09+00:00","breadcrumb":{"@id":"https:\/\/vondetech.com\/ro\/eula\/#breadcrumb"},"inLanguage":"ro-RO","potentialAction":[{"@type":"ReadAction","target":["https:\/\/vondetech.com\/ro\/eula\/"]}]},{"@type":"BreadcrumbList","@id":"https:\/\/vondetech.com\/ro\/eula\/#breadcrumb","itemListElement":[{"@type":"ListItem","position":1,"name":"Acas\u0103","item":"https:\/\/vondetech.com\/ro\/acasa\/"},{"@type":"ListItem","position":2,"name":"EULA"}]},{"@type":"WebSite","@id":"https:\/\/vondetech.com\/ro\/#website","url":"https:\/\/vondetech.com\/ro\/","name":"Vondetech","description":"","potentialAction":[{"@type":"SearchAction","target":{"@type":"EntryPoint","urlTemplate":"https:\/\/vondetech.com\/ro\/?s={search_term_string}"},"query-input":{"@type":"PropertyValueSpecification","valueRequired":true,"valueName":"search_term_string"}}],"inLanguage":"ro-RO"}]}},"_links":{"self":[{"href":"https:\/\/vondetech.com\/ro\/wp-json\/wp\/v2\/pages\/20757","targetHints":{"allow":["GET"]}}],"collection":[{"href":"https:\/\/vondetech.com\/ro\/wp-json\/wp\/v2\/pages"}],"about":[{"href":"https:\/\/vondetech.com\/ro\/wp-json\/wp\/v2\/types\/page"}],"author":[{"embeddable":true,"href":"https:\/\/vondetech.com\/ro\/wp-json\/wp\/v2\/users\/1"}],"replies":[{"embeddable":true,"href":"https:\/\/vondetech.com\/ro\/wp-json\/wp\/v2\/comments?post=20757"}],"version-history":[{"count":6,"href":"https:\/\/vondetech.com\/ro\/wp-json\/wp\/v2\/pages\/20757\/revisions"}],"predecessor-version":[{"id":20804,"href":"https:\/\/vondetech.com\/ro\/wp-json\/wp\/v2\/pages\/20757\/revisions\/20804"}],"wp:attachment":[{"href":"https:\/\/vondetech.com\/ro\/wp-json\/wp\/v2\/media?parent=20757"}],"curies":[{"name":"wp","href":"https:\/\/api.w.org\/{rel}","templated":true}]}}