{"id":12210,"date":"2024-05-23T15:17:28","date_gmt":"2024-05-23T13:17:28","guid":{"rendered":"https:\/\/vondetech.com\/politica-de-confidentialitate\/"},"modified":"2025-03-19T13:27:57","modified_gmt":"2025-03-19T12:27:57","slug":"politica-de-confidentialitate","status":"publish","type":"page","link":"https:\/\/vondetech.com\/ro\/politica-de-confidentialitate\/","title":{"rendered":"Politica privind modulele cookie pentru site-ul Vonde Pro"},"content":{"rendered":"<div class=\"wpb-content-wrapper\"><p>[vc_row][vc_column][vc_empty_space][vc_column_text el_class=&#8221;legal-text&#8221;]<strong>Politica privind modulele cookie pentru site-ul Vonde Pro<\/strong><\/p>\n<p><strong>Data intr\u0103rii \u00een vigoare:<\/strong> 17 martie 2025<\/p>\n<ol>\n<li><strong>  Introducere<\/strong><\/li>\n<\/ol>\n<p>Aceast\u0103 Politic\u0103 privind modulele cookie explic\u0103 modul \u00een care Vonde Technology (&#8220;noi&#8221; sau &#8220;al nostru&#8221;) utilizeaz\u0103 module cookie \u0219i tehnologii similare pe site-ul web Vonde Pro (&#8220;site-ul web&#8221;). Aceast\u0103 politic\u0103 nu se aplic\u0103 aplica\u021biei mobile Vonde Pro, care are propria sa Politic\u0103 privind Cookie-urile separat\u0103. <\/p>\n<ol start=\"2\">\n<li><strong>  Ce sunt modulele cookie?<\/strong><\/li>\n<\/ol>\n<p>Cookie-urile sunt fi\u0219iere text de mici dimensiuni stocate pe dispozitivul dumneavoastr\u0103 atunci c\u00e2nd vizita\u021bi site-ul nostru web. Modulele cookie ne ajut\u0103 s\u0103 analiz\u0103m traficul pe site \u0219i s\u0103 \u00eembun\u0103t\u0103\u021bim experien\u021ba utilizatorului. <\/p>\n<ol start=\"3\">\n<li><strong>  Tipuri de module cookie pe care le utiliz\u0103m<\/strong><\/li>\n<\/ol>\n<ul>\n<li><strong>Module cookie esen\u021biale:<\/strong> Aceste module cookie sunt necesare pentru func\u021bionarea de baz\u0103 a site-ului. Ele v\u0103 permit s\u0103 naviga\u021bi pe site, s\u0103 utiliza\u021bi func\u021bii esen\u021biale precum conectarea la contul dvs., ad\u0103ugarea de articole \u00een co\u0219ul de cump\u0103r\u0103turi \u0219i accesarea zonelor securizate ale site-ului. <\/li>\n<li><strong>Cookie-uri analitice:<\/strong> Ne permit s\u0103 recunoa\u0219tem \u0219i s\u0103 num\u0103r\u0103m vizitatorii \u0219i s\u0103 vedem cum se deplaseaz\u0103 vizitatorii pe site. Acest lucru ne ajut\u0103 s\u0103 \u00eembun\u0103t\u0103\u021bim utilitatea \u0219i performan\u021ba site-ului web. Utiliz\u0103m Google Analytics pentru a colecta informa\u021bii despre modul \u00een care vizitatorii utilizeaz\u0103 site-ul nostru web. Aceste module cookie colecteaz\u0103 date precum num\u0103rul de vizitatori, paginile pe care le viziteaz\u0103 \u0219i timpul pe care \u00eel petrec pe fiecare pagin\u0103.   <\/li>\n<\/ul>\n<ol start=\"4\">\n<li><strong>  Scopul utiliz\u0103rii modulelor cookie<\/strong><\/li>\n<\/ol>\n<p>Utiliz\u0103m module cookie exclusiv pentru:<\/p>\n<ul>\n<li>Monitorizarea \u0219i analizarea statisticilor de baz\u0103 privind vizitatorii \u0219i utilizarea site-ului.<\/li>\n<li>\u00cembun\u0103t\u0103\u021birea performan\u021bei generale \u0219i a experien\u021bei utilizatorului pe site-ul nostru web.<\/li>\n<\/ul>\n<ol start=\"5\">\n<li><strong>  Module cookie ter\u021b\u0103 parte<\/strong><\/li>\n<\/ol>\n<ul>\n<li><strong>Google Analytics:<\/strong> Utiliz\u0103m Google Analytics, un serviciu de analiz\u0103 web furnizat de Google LLC. Google Analytics utilizeaz\u0103 module cookie pentru a colecta informa\u021bii despre utilizarea de c\u0103tre dvs. a site-ului nostru web, inclusiv adresa dvs. de IP. Aceste informa\u021bii sunt transmise c\u0103tre \u0219i stocate de Google pe servere din Statele Unite. Google utilizeaz\u0103 aceste informa\u021bii pentru a evalua utilizarea de c\u0103tre dvs. a site-ului nostru, pentru a compila rapoarte privind activitatea site-ului \u0219i pentru a furniza alte servicii legate de activitatea site-ului \u0219i de utilizarea internetului. Google poate, de asemenea, s\u0103 transfere aceste informa\u021bii c\u0103tre ter\u021be p\u0103r\u021bi \u00een cazul \u00een care legea impune acest lucru sau \u00een cazul \u00een care aceste ter\u021be p\u0103r\u021bi proceseaz\u0103 informa\u021biile \u00een numele Google. Pute\u021bi g\u0103si mai multe informa\u021bii despre practicile de confiden\u021bialitate ale Google \u0219i despre modul \u00een care Google utilizeaz\u0103 cookie-urile \u00een Politica de confiden\u021bialitate a Google:       [Link to Google&#8217;s Privacy Policy]<\/li>\n<\/ul>\n<ol start=\"6\">\n<li><strong>  Gestionarea modulelor cookie<\/strong><\/li>\n<\/ol>\n<p>Pute\u021bi controla, bloca sau \u0219terge modulele cookie prin set\u0103rile browserului dvs. Majoritatea browserelor web accept\u0103 automat modulele cookie, dar de obicei pute\u021bi modifica set\u0103rile browserului pentru a refuza modulele cookie, dac\u0103 prefera\u021bi. V\u0103 rug\u0103m s\u0103 consulta\u021bi documenta\u021bia de ajutor a browserului dvs. pentru instruc\u021biuni privind modul de gestionare a modulelor cookie. Aici sunt linkuri c\u0103tre paginile de ajutor ale unor browsere populare:   <\/p>\n<ul>\n<li>Google Chrome:  [Link to Chrome&#8217;s cookie settings help page]<\/li>\n<li>Mozilla Firefox:  [Link to Firefox&#8217;s cookie settings help page]<\/li>\n<li>Microsoft Edge:  [Link to Edge&#8217;s cookie settings help page]<\/li>\n<li>Apple Safari:  [Link to Safari&#8217;s cookie settings help page]<\/li>\n<\/ul>\n<p>Modulele cookie pot fi module cookie de sesiune sau module cookie persistente. Modulele cookie de sesiune sunt module cookie temporare care sunt stocate pe dispozitivul dvs. p\u00e2n\u0103 c\u00e2nd \u00eenchide\u021bi browserul. Cookie-urile persistente r\u0103m\u00e2n pe dispozitivul dvs. pentru o perioad\u0103 mai lung\u0103 sau p\u00e2n\u0103 c\u00e2nd le \u0219terge\u021bi.  <\/p>\n<ol start=\"7\">\n<li><strong>  Actualiz\u0103ri ale politicilor<\/strong><\/li>\n<\/ol>\n<p>Putem actualiza periodic aceast\u0103 Politic\u0103 privind modulele cookie. Modific\u0103rile vor fi postate pe aceast\u0103 pagin\u0103 cu o dat\u0103 efectiv\u0103 actualizat\u0103. <\/p>\n<ol start=\"8\">\n<li><strong>  Contacta\u021bi-ne<\/strong><\/li>\n<\/ol>\n<p>Pentru \u00eentreb\u0103ri referitoare la aceast\u0103 politic\u0103 privind modulele cookie, v\u0103 rug\u0103m s\u0103 ne contacta\u021bi la:<\/p>\n<p>KMAK Kelet-Magyarorsz\u00e1gi Adatk\u00f6zpont Kft.<\/p>\n<p>H-5000 Szolnok, Szap\u00e1ry utca 20.<\/p>\n<p>E-mail: info@vondetechnology.com<\/p>\n<p>Prin utilizarea site-ului nostru, sunte\u021bi de acord cu utilizarea modulelor cookie, astfel cum este descris\u0103 \u00een prezenta Politic\u0103 privind modulele cookie.[\/vc_column_text][\/vc_column][\/vc_row]<\/p>\n<\/div>","protected":false},"excerpt":{"rendered":"<p>[vc_row][vc_column][vc_empty_space][vc_column_text el_class=&#8221;legal-text&#8221;]Politica privind modulele cookie pentru site-ul Vonde Pro Data intr\u0103rii \u00een vigoare: 17 martie 2025 Introducere Aceast\u0103 Politic\u0103 privind modulele cookie explic\u0103 modul \u00een care Vonde Technology (&#8220;noi&#8221; sau &#8220;al nostru&#8221;) utilizeaz\u0103 module cookie \u0219i tehnologii similare pe site-ul web Vonde Pro (&#8220;site-ul web&#8221;). Aceast\u0103 politic\u0103 nu se aplic\u0103 aplica\u021biei mobile Vonde Pro, care [&hellip;]<\/p>\n","protected":false},"author":1,"featured_media":0,"parent":0,"menu_order":0,"comment_status":"closed","ping_status":"closed","template":"","meta":{"footnotes":""},"class_list":["post-12210","page","type-page","status-publish","hentry"],"yoast_head":"<!-- This site is optimized with the Yoast SEO plugin v24.7 - https:\/\/yoast.com\/wordpress\/plugins\/seo\/ -->\n<title>Politica privind modulele cookie pentru site-ul Vonde Pro - Vondetech<\/title>\n<meta name=\"robots\" content=\"index, follow, max-snippet:-1, max-image-preview:large, max-video-preview:-1\" \/>\n<link rel=\"canonical\" href=\"https:\/\/vondetech.com\/ro\/politica-de-confidentialitate\/\" \/>\n<meta property=\"og:locale\" content=\"ro_RO\" \/>\n<meta property=\"og:type\" content=\"article\" \/>\n<meta property=\"og:title\" content=\"Politica privind modulele cookie pentru site-ul Vonde Pro - Vondetech\" \/>\n<meta property=\"og:description\" content=\"[vc_row][vc_column][vc_empty_space][vc_column_text el_class=&#8221;legal-text&#8221;]Politica privind modulele cookie pentru site-ul Vonde Pro Data intr\u0103rii \u00een vigoare: 17 martie 2025 Introducere Aceast\u0103 Politic\u0103 privind modulele cookie explic\u0103 modul \u00een care Vonde Technology (&#8220;noi&#8221; sau &#8220;al nostru&#8221;) utilizeaz\u0103 module cookie \u0219i tehnologii similare pe site-ul web Vonde Pro (&#8220;site-ul web&#8221;). Aceast\u0103 politic\u0103 nu se aplic\u0103 aplica\u021biei mobile Vonde Pro, care [&hellip;]\" \/>\n<meta property=\"og:url\" content=\"https:\/\/vondetech.com\/ro\/politica-de-confidentialitate\/\" \/>\n<meta property=\"og:site_name\" content=\"Vondetech\" \/>\n<meta property=\"article:modified_time\" content=\"2025-03-19T12:27:57+00:00\" \/>\n<meta name=\"twitter:card\" content=\"summary_large_image\" \/>\n<meta name=\"twitter:label1\" content=\"Timp estimat pentru citire\" \/>\n\t<meta name=\"twitter:data1\" content=\"3 minute\" \/>\n<script type=\"application\/ld+json\" class=\"yoast-schema-graph\">{\"@context\":\"https:\/\/schema.org\",\"@graph\":[{\"@type\":\"WebPage\",\"@id\":\"https:\/\/vondetech.com\/ro\/politica-de-confidentialitate\/\",\"url\":\"https:\/\/vondetech.com\/ro\/politica-de-confidentialitate\/\",\"name\":\"Politica privind modulele cookie pentru site-ul Vonde Pro - Vondetech\",\"isPartOf\":{\"@id\":\"https:\/\/vondetech.com\/ro\/#website\"},\"datePublished\":\"2024-05-23T13:17:28+00:00\",\"dateModified\":\"2025-03-19T12:27:57+00:00\",\"breadcrumb\":{\"@id\":\"https:\/\/vondetech.com\/ro\/politica-de-confidentialitate\/#breadcrumb\"},\"inLanguage\":\"ro-RO\",\"potentialAction\":[{\"@type\":\"ReadAction\",\"target\":[\"https:\/\/vondetech.com\/ro\/politica-de-confidentialitate\/\"]}]},{\"@type\":\"BreadcrumbList\",\"@id\":\"https:\/\/vondetech.com\/ro\/politica-de-confidentialitate\/#breadcrumb\",\"itemListElement\":[{\"@type\":\"ListItem\",\"position\":1,\"name\":\"Acas\u0103\",\"item\":\"https:\/\/vondetech.com\/ro\/acasa\/\"},{\"@type\":\"ListItem\",\"position\":2,\"name\":\"Politica privind modulele cookie pentru site-ul Vonde Pro\"}]},{\"@type\":\"WebSite\",\"@id\":\"https:\/\/vondetech.com\/ro\/#website\",\"url\":\"https:\/\/vondetech.com\/ro\/\",\"name\":\"Vondetech\",\"description\":\"\",\"potentialAction\":[{\"@type\":\"SearchAction\",\"target\":{\"@type\":\"EntryPoint\",\"urlTemplate\":\"https:\/\/vondetech.com\/ro\/?s={search_term_string}\"},\"query-input\":{\"@type\":\"PropertyValueSpecification\",\"valueRequired\":true,\"valueName\":\"search_term_string\"}}],\"inLanguage\":\"ro-RO\"}]}<\/script>\n<!-- \/ Yoast SEO plugin. -->","yoast_head_json":{"title":"Politica privind modulele cookie pentru site-ul Vonde Pro - Vondetech","robots":{"index":"index","follow":"follow","max-snippet":"max-snippet:-1","max-image-preview":"max-image-preview:large","max-video-preview":"max-video-preview:-1"},"canonical":"https:\/\/vondetech.com\/ro\/politica-de-confidentialitate\/","og_locale":"ro_RO","og_type":"article","og_title":"Politica privind modulele cookie pentru site-ul Vonde Pro - Vondetech","og_description":"[vc_row][vc_column][vc_empty_space][vc_column_text el_class=&#8221;legal-text&#8221;]Politica privind modulele cookie pentru site-ul Vonde Pro Data intr\u0103rii \u00een vigoare: 17 martie 2025 Introducere Aceast\u0103 Politic\u0103 privind modulele cookie explic\u0103 modul \u00een care Vonde Technology (&#8220;noi&#8221; sau &#8220;al nostru&#8221;) utilizeaz\u0103 module cookie \u0219i tehnologii similare pe site-ul web Vonde Pro (&#8220;site-ul web&#8221;). Aceast\u0103 politic\u0103 nu se aplic\u0103 aplica\u021biei mobile Vonde Pro, care [&hellip;]","og_url":"https:\/\/vondetech.com\/ro\/politica-de-confidentialitate\/","og_site_name":"Vondetech","article_modified_time":"2025-03-19T12:27:57+00:00","twitter_card":"summary_large_image","twitter_misc":{"Timp estimat pentru citire":"3 minute"},"schema":{"@context":"https:\/\/schema.org","@graph":[{"@type":"WebPage","@id":"https:\/\/vondetech.com\/ro\/politica-de-confidentialitate\/","url":"https:\/\/vondetech.com\/ro\/politica-de-confidentialitate\/","name":"Politica privind modulele cookie pentru site-ul Vonde Pro - Vondetech","isPartOf":{"@id":"https:\/\/vondetech.com\/ro\/#website"},"datePublished":"2024-05-23T13:17:28+00:00","dateModified":"2025-03-19T12:27:57+00:00","breadcrumb":{"@id":"https:\/\/vondetech.com\/ro\/politica-de-confidentialitate\/#breadcrumb"},"inLanguage":"ro-RO","potentialAction":[{"@type":"ReadAction","target":["https:\/\/vondetech.com\/ro\/politica-de-confidentialitate\/"]}]},{"@type":"BreadcrumbList","@id":"https:\/\/vondetech.com\/ro\/politica-de-confidentialitate\/#breadcrumb","itemListElement":[{"@type":"ListItem","position":1,"name":"Acas\u0103","item":"https:\/\/vondetech.com\/ro\/acasa\/"},{"@type":"ListItem","position":2,"name":"Politica privind modulele cookie pentru site-ul Vonde Pro"}]},{"@type":"WebSite","@id":"https:\/\/vondetech.com\/ro\/#website","url":"https:\/\/vondetech.com\/ro\/","name":"Vondetech","description":"","potentialAction":[{"@type":"SearchAction","target":{"@type":"EntryPoint","urlTemplate":"https:\/\/vondetech.com\/ro\/?s={search_term_string}"},"query-input":{"@type":"PropertyValueSpecification","valueRequired":true,"valueName":"search_term_string"}}],"inLanguage":"ro-RO"}]}},"_links":{"self":[{"href":"https:\/\/vondetech.com\/ro\/wp-json\/wp\/v2\/pages\/12210","targetHints":{"allow":["GET"]}}],"collection":[{"href":"https:\/\/vondetech.com\/ro\/wp-json\/wp\/v2\/pages"}],"about":[{"href":"https:\/\/vondetech.com\/ro\/wp-json\/wp\/v2\/types\/page"}],"author":[{"embeddable":true,"href":"https:\/\/vondetech.com\/ro\/wp-json\/wp\/v2\/users\/1"}],"replies":[{"embeddable":true,"href":"https:\/\/vondetech.com\/ro\/wp-json\/wp\/v2\/comments?post=12210"}],"version-history":[{"count":6,"href":"https:\/\/vondetech.com\/ro\/wp-json\/wp\/v2\/pages\/12210\/revisions"}],"predecessor-version":[{"id":19988,"href":"https:\/\/vondetech.com\/ro\/wp-json\/wp\/v2\/pages\/12210\/revisions\/19988"}],"wp:attachment":[{"href":"https:\/\/vondetech.com\/ro\/wp-json\/wp\/v2\/media?parent=12210"}],"curies":[{"name":"wp","href":"https:\/\/api.w.org\/{rel}","templated":true}]}}