{"id":12192,"date":"2024-05-23T15:23:20","date_gmt":"2024-05-23T13:23:20","guid":{"rendered":"https:\/\/vondetech.com\/acordul-de-prelucrare-a-datelor-dpa\/"},"modified":"2025-03-20T10:26:26","modified_gmt":"2025-03-20T09:26:26","slug":"acordul-de-prelucrare-a-datelor-dpa","status":"publish","type":"page","link":"https:\/\/vondetech.com\/ro\/acordul-de-prelucrare-a-datelor-dpa\/","title":{"rendered":"Acord de prelucrare a datelor (DPA) pentru Vonde Pro App"},"content":{"rendered":"<div class=\"wpb-content-wrapper\"><p>[vc_row][vc_column][vc_empty_space][vc_column_text el_class=&#8221;legal-text&#8221;]<strong>Data intr\u0103rii \u00een vigoare:<\/strong> 17 martie 2025<\/p>\n<p>Prezentul acord de prelucrare a datelor (&#8220;acordul&#8221;) este \u00eencheiat \u00eentre:<\/p>\n<p><strong>Controlorul de date:<\/strong> Utilizatorul sau clientul serviciilor Vonde Technology (&#8220;Controlorul de date&#8221;)<\/p>\n<p>\u0219i<\/p>\n<p><strong>Procesator de date:<\/strong> Vonde Technology, operat\u0103 de KMAK Kelet-Magyarorsz\u00e1gi Adatk\u00f6zpont Kft. (&#8220;Procesator de date&#8221;) <\/p>\n<ol>\n<li><strong>  Defini\u021bii<\/strong><\/li>\n<\/ol>\n<p>Termenii defini\u021bi de GDPR (Regulamentul UE 2016\/679) se aplic\u0103 prezentului acord:<\/p>\n<ul>\n<li>&#8220;date cu caracter personal&#8221;: orice informa\u021bii referitoare la o persoan\u0103 fizic\u0103 identificat\u0103 sau identificabil\u0103.<\/li>\n<li>&#8220;Prelucrare&#8221;: orice opera\u021biune efectuat\u0103 asupra datelor cu caracter personal, cum ar fi colectarea, stocarea, modificarea, transmiterea sau \u0219tergerea datelor.<\/li>\n<li>&#8220;\u00cenc\u0103lcare a securit\u0103\u021bii datelor&#8221;: Accesul neautorizat, modificarea, divulgarea sau pierderea de date cu caracter personal.<\/li>\n<\/ul>\n<ol start=\"2\">\n<li><strong>  Obiectul \u0219i durata prelucr\u0103rii<\/strong><\/li>\n<\/ol>\n<p>Procesatorul de date prelucreaz\u0103 datele cu caracter personal exclusiv pentru a furniza urm\u0103toarele servicii:<\/p>\n<ul>\n<li>Crearea \u0219i gestionarea c\u0103r\u021bilor de vizit\u0103 digitale (Biopage)<\/li>\n<li>Scurtarea URL<\/li>\n<li>Gestionarea codurilor NFC \u0219i QR<\/li>\n<li>Integrarea Apple\/Google Wallet<\/li>\n<\/ul>\n<p>Prelucrarea datelor continu\u0103 at\u00e2ta timp c\u00e2t serviciile sunt furnizate sau p\u00e2n\u0103 la \u00eencetarea serviciilor de c\u0103tre operatorul de date.<\/p>\n<ol start=\"3\">\n<li><strong>  Categorii de date cu caracter personal prelucrate<\/strong><\/li>\n<\/ol>\n<ul>\n<li>Informa\u021bii de contact: Nume, adres\u0103 de e-mail, num\u0103r de telefon<\/li>\n<li>Detalii privind tranzac\u021bia \u0219i abonamentul (dac\u0103 este cazul)<\/li>\n<li>Date tehnice: Adrese IP, identificatori de dispozitiv, informa\u021bii despre sistemul de operare<\/li>\n<li>Date de utilizare \u0219i analiz\u0103<\/li>\n<\/ul>\n<ol start=\"4\">\n<li><strong>  Obliga\u021biile procesatorului de date<\/strong><\/li>\n<\/ol>\n<p>Procesatorul de date este de acord s\u0103:<\/p>\n<ul>\n<li>prelucreaz\u0103 datele cu caracter personal numai pe baza instruc\u021biunilor documentate ale operatorului de date.<\/li>\n<li>P\u0103stra\u021bi confiden\u021bialitatea strict\u0103 a datelor cu caracter personal.<\/li>\n<li>Asigura\u021bi-v\u0103 c\u0103 tot personalul care prelucreaz\u0103 date cu caracter personal este supus obliga\u021biilor de confiden\u021bialitate.<\/li>\n<li>s\u0103 pun\u0103 \u00een aplicare m\u0103suri tehnice \u0219i organiza\u021bionale adecvate pentru a proteja datele cu caracter personal, inclusiv, dar f\u0103r\u0103 a se limita la criptare, stocare securizat\u0103, controale ale accesului \u0219i audituri de securitate periodice.<\/li>\n<li>notific\u0103 operatorul de date cu promptitudine \u0219i f\u0103r\u0103 \u00eent\u00e2rzieri nejustificate \u00een cazul \u00eenc\u0103lc\u0103rii securit\u0103\u021bii datelor, furniz\u00e2nd toate informa\u021biile necesare pentru a ajuta operatorul de date s\u0103 \u00ee\u0219i \u00eendeplineasc\u0103 obliga\u021biile \u00een temeiul GDPR.<\/li>\n<li>s\u0103 permit\u0103 operatorului de date s\u0103 efectueze audituri sau inspec\u021bii cu o notificare prealabil\u0103 rezonabil\u0103 pentru a verifica respectarea prezentului acord.<\/li>\n<li>s\u0103 informeze imediat operatorul de date cu privire la orice solicitare din partea persoanelor vizate sau a autorit\u0103\u021bilor referitoare la datele cu caracter personal prelucrate.<\/li>\n<li>Respecta\u021bi GDPR \u0219i toate celelalte legi \u0219i reglement\u0103ri aplicabile privind protec\u021bia datelor.<\/li>\n<\/ul>\n<ol start=\"5\">\n<li><strong>  Sub-procesoare<\/strong><\/li>\n<\/ol>\n<p>Procesatorul de date poate angaja urm\u0103torii subprocesatori:<\/p>\n<ul>\n<li>Amazon Web Services (AWS): furnizor de infrastructur\u0103 cloud<\/li>\n<li>Google (Firebase, AdMob, Analytics): servicii de analiz\u0103 \u0219i publicitate<\/li>\n<\/ul>\n<p>Operatorul de date se asigur\u0103 c\u0103 subcontractan\u021bii ader\u0103 la acelea\u0219i obliga\u021bii de protec\u021bie a datelor descrise \u00een prezentul acord \u0219i r\u0103m\u00e2ne r\u0103spunz\u0103tor pentru ac\u021biunile \u0219i omisiunile acestora. Operatorul de date furnizeaz\u0103 operatorului de date o list\u0103 a subcontractan\u021bilor \u0219i informeaz\u0103 operatorul de date cu privire la orice modific\u0103ri preconizate privind ad\u0103ugarea sau \u00eenlocuirea altor subcontractan\u021bi, oferind astfel operatorului de date posibilitatea de a se opune unor astfel de modific\u0103ri. <\/p>\n<ol start=\"6\">\n<li><strong>  Transferuri de date<\/strong><\/li>\n<\/ol>\n<p>Transferurile interna\u021bionale de date vor respecta standardele GDPR \u0219i vor include garan\u021bii precum clauzele contractuale standard UE sau alte mecanisme de transfer adecvate pentru a asigura un nivel adecvat de protec\u021bie.<\/p>\n<ol start=\"6\">\n<li><strong>  Obliga\u021biile operatorului de date<\/strong><\/li>\n<\/ol>\n<p>Operatorul de date este responsabil pentru:<\/p>\n<ul>\n<li>Asigurarea unui temei juridic valabil pentru prelucrarea datelor cu caracter personal.<\/li>\n<li>Informarea persoanelor vizate cu privire la activit\u0103\u021bile de prelucrare a datelor \u00eentr-un mod transparent.<\/li>\n<li>R\u0103spunsul la solicit\u0103rile persoanelor vizate \u0219i \u00eendeplinirea obliga\u021biilor \u00een temeiul GDPR sau al reglement\u0103rilor relevante privind protec\u021bia datelor, inclusiv, dar f\u0103r\u0103 a se limita la furnizarea de acces, rectificare, \u0219tergere, restric\u021bionare, portabilitate \u0219i dreptul de a se opune prelucr\u0103rii.<\/li>\n<\/ul>\n<ol start=\"7\">\n<li><strong>  M\u0103suri de securitate<\/strong><\/li>\n<\/ol>\n<p>Procesatorul de date implementeaz\u0103 m\u0103suri tehnice \u0219i organiza\u021bionale pentru a asigura securitatea datelor cu caracter personal, inclusiv:<\/p>\n<ul>\n<li>Criptarea datelor cu caracter personal at\u00e2t \u00een tranzit, c\u00e2t \u0219i \u00een repaus.<\/li>\n<li>Stocarea securizat\u0103 a datelor cu caracter personal.<\/li>\n<li>Controlul accesului la datele cu caracter personal, limit\u00e2nd accesul numai la personalul autorizat.<\/li>\n<li>Audituri periodice de securitate \u0219i evalu\u0103ri ale vulnerabilit\u0103\u021bilor.<\/li>\n<li>Implementarea unor mecanisme adecvate de autentificare \u0219i autorizare.<\/li>\n<li>Copii de siguran\u021b\u0103 regulate ale datelor \u0219i proceduri de recuperare \u00een caz de dezastru.<\/li>\n<\/ul>\n<ol start=\"8\">\n<li><strong>  Notificarea \u00eenc\u0103lc\u0103rii securit\u0103\u021bii datelor<\/strong><\/li>\n<\/ol>\n<p>\u00cen cazul unei \u00eenc\u0103lc\u0103ri a securit\u0103\u021bii datelor, procesatorul de date va notifica operatorul de date f\u0103r\u0103 \u00eent\u00e2rzieri nejustificate \u0219i, \u00een orice caz, \u00een termen de 72 de ore de la luarea la cuno\u0219tin\u021b\u0103 a \u00eenc\u0103lc\u0103rii. Notificarea va include toate informa\u021biile relevante solicitate \u00een temeiul RGPD, cum ar fi natura \u00eenc\u0103lc\u0103rii, categoriile \u0219i num\u0103rul de persoane vizate, consecin\u021bele probabile \u0219i m\u0103surile luate sau propuse a fi luate pentru a aborda \u00eenc\u0103lcarea. Prelucr\u0103torul de date va coopera pe deplin cu operatorul de date \u00een vederea abord\u0103rii \u0219i atenu\u0103rii \u00eenc\u0103lc\u0103rii.  <\/p>\n<ol start=\"8\">\n<li><strong>  Drepturile persoanelor vizate<\/strong><\/li>\n<\/ol>\n<p>Operatorul de date asist\u0103 operatorul de date \u00een \u00eendeplinirea obliga\u021biilor privind drepturile persoanelor vizate, inclusiv accesul, rectificarea, \u0219tergerea, restric\u021bionarea, portabilitatea \u0219i obiec\u021biile la prelucrare, furniz\u00e2nd operatorului de date informa\u021biile \u0219i instrumentele necesare pentru a r\u0103spunde solicit\u0103rilor persoanelor vizate.<\/p>\n<ol start=\"9\">\n<li><strong>  Rezilierea \u0219i \u0219tergerea datelor<\/strong><\/li>\n<\/ol>\n<p>La \u00eencetarea serviciului, operatorul de date va \u0219terge sau va returna toate datele cu caracter personal, pe baza instruc\u021biunilor documentate ale operatorului de date, cu excep\u021bia cazului \u00een care p\u0103strarea datelor este impus\u0103 de legisla\u021bia Uniunii sau a statului membru la care se supune operatorul de date.<\/p>\n<ol start=\"10\">\n<li><strong>  Audituri \u0219i inspec\u021bii<\/strong><\/li>\n<\/ol>\n<p>Operatorul de date poate efectua audituri, cu o notificare scris\u0103 prealabil\u0103 rezonabil\u0103, pentru a verifica conformitatea cu prezentul acord. Operatorul de date ofer\u0103 asisten\u021b\u0103 rezonabil\u0103 \u0219i acces la informa\u021biile necesare pentru ca operatorul de date s\u0103 efectueze astfel de audituri. <\/p>\n<ol start=\"10\">\n<li><strong>  Transferuri interna\u021bionale<\/strong><\/li>\n<\/ol>\n<p>Procesatorul de date asigur\u0103 conformitatea cu standardele interna\u021bionale de transfer de date, inclusiv utilizarea clauzelor contractuale standard sau a altor mecanisme adecvate, \u0219i va pune \u00een aplicare garan\u021bii suplimentare, dup\u0103 cum este necesar, pentru a asigura un nivel adecvat de protec\u021bie a datelor cu caracter personal transferate \u00een afara Spa\u021biului Economic European (SEE).<\/p>\n<ol start=\"10\">\n<li><strong>  Notificarea \u00eenc\u0103lc\u0103rii securit\u0103\u021bii datelor<\/strong><\/li>\n<\/ol>\n<p>Operatorul de date notific\u0103 operatorului de date orice \u00eenc\u0103lcare a securit\u0103\u021bii datelor f\u0103r\u0103 \u00eent\u00e2rzieri nejustificate \u0219i, \u00een orice caz, \u00een termen de 72 de ore de la luarea la cuno\u0219tin\u021b\u0103 a \u00eenc\u0103lc\u0103rii, \u0219i coopereaz\u0103 pe deplin \u00een vederea abord\u0103rii \u0219i atenu\u0103rii \u00eenc\u0103lc\u0103rii.<\/p>\n<ol start=\"11\">\n<li><strong>  Legea aplicabil\u0103<\/strong><\/li>\n<\/ol>\n<p>Prezentul acord este reglementat de legisla\u021bia UE aplicabil\u0103 privind protec\u021bia datelor, inclusiv GDPR, \u0219i de orice alte reglement\u0103ri jurisdic\u021bionale relevante.<\/p>\n<ol start=\"12\">\n<li><strong>  Actualiz\u0103ri ale prezentului acord<\/strong><\/li>\n<\/ol>\n<p>Ne rezerv\u0103m dreptul de a actualiza periodic prezentul acord. Actualiz\u0103rile vor fi comunicate \u00een mod clar operatorului de date, iar operatorul de date va avea dreptul de a se opune acestor modific\u0103ri. <\/p>\n<ol start=\"12\">\n<li><strong>  Informa\u021bii de contact<\/strong><\/li>\n<\/ol>\n<p>Pentru orice \u00eentreb\u0103ri legate de prezentul acord de prelucrare a datelor, v\u0103 rug\u0103m s\u0103 contacta\u021bi:<\/p>\n<p>KMAK Kelet-Magyarorsz\u00e1gi Adatk\u00f6zpont Kft.<\/p>\n<p>H-5000 Szolnok, Szap\u00e1ry utca 20.<\/p>\n<p>E-mail: info@vondetechnology.com<\/p>\n<p>Prin utilizarea serviciilor Vonde Technology, ambele p\u0103r\u021bi sunt de acord s\u0103 adere la termenii specifica\u021bi \u00een prezentul Acord de prelucrare a datelor.[\/vc_column_text][\/vc_column][\/vc_row]<\/p>\n<\/div>","protected":false},"excerpt":{"rendered":"<p>[vc_row][vc_column][vc_empty_space][vc_column_text el_class=&#8221;legal-text&#8221;]Data intr\u0103rii \u00een vigoare: 17 martie 2025 Prezentul acord de prelucrare a datelor (&#8220;acordul&#8221;) este \u00eencheiat \u00eentre: Controlorul de date: Utilizatorul sau clientul serviciilor Vonde Technology (&#8220;Controlorul de date&#8221;) \u0219i Procesator de date: Vonde Technology, operat\u0103 de KMAK Kelet-Magyarorsz\u00e1gi Adatk\u00f6zpont Kft. (&#8220;Procesator de date&#8221;) Defini\u021bii Termenii defini\u021bi de GDPR (Regulamentul UE 2016\/679) se aplic\u0103 [&hellip;]<\/p>\n","protected":false},"author":1,"featured_media":0,"parent":0,"menu_order":0,"comment_status":"closed","ping_status":"closed","template":"","meta":{"footnotes":""},"class_list":["post-12192","page","type-page","status-publish","hentry"],"yoast_head":"<!-- This site is optimized with the Yoast SEO plugin v24.7 - https:\/\/yoast.com\/wordpress\/plugins\/seo\/ -->\n<title>Acord de prelucrare a datelor (DPA) pentru Vonde Pro App - Vondetech<\/title>\n<meta name=\"robots\" content=\"index, follow, max-snippet:-1, max-image-preview:large, max-video-preview:-1\" \/>\n<link rel=\"canonical\" href=\"https:\/\/vondetech.com\/ro\/acordul-de-prelucrare-a-datelor-dpa\/\" \/>\n<meta property=\"og:locale\" content=\"ro_RO\" \/>\n<meta property=\"og:type\" content=\"article\" \/>\n<meta property=\"og:title\" content=\"Acord de prelucrare a datelor (DPA) pentru Vonde Pro App - Vondetech\" \/>\n<meta property=\"og:description\" content=\"[vc_row][vc_column][vc_empty_space][vc_column_text el_class=&#8221;legal-text&#8221;]Data intr\u0103rii \u00een vigoare: 17 martie 2025 Prezentul acord de prelucrare a datelor (&#8220;acordul&#8221;) este \u00eencheiat \u00eentre: Controlorul de date: Utilizatorul sau clientul serviciilor Vonde Technology (&#8220;Controlorul de date&#8221;) \u0219i Procesator de date: Vonde Technology, operat\u0103 de KMAK Kelet-Magyarorsz\u00e1gi Adatk\u00f6zpont Kft. (&#8220;Procesator de date&#8221;) Defini\u021bii Termenii defini\u021bi de GDPR (Regulamentul UE 2016\/679) se aplic\u0103 [&hellip;]\" \/>\n<meta property=\"og:url\" content=\"https:\/\/vondetech.com\/ro\/acordul-de-prelucrare-a-datelor-dpa\/\" \/>\n<meta property=\"og:site_name\" content=\"Vondetech\" \/>\n<meta property=\"article:modified_time\" content=\"2025-03-20T09:26:26+00:00\" \/>\n<meta name=\"twitter:card\" content=\"summary_large_image\" \/>\n<meta name=\"twitter:label1\" content=\"Timp estimat pentru citire\" \/>\n\t<meta name=\"twitter:data1\" content=\"6 minute\" \/>\n<script type=\"application\/ld+json\" class=\"yoast-schema-graph\">{\"@context\":\"https:\/\/schema.org\",\"@graph\":[{\"@type\":\"WebPage\",\"@id\":\"https:\/\/vondetech.com\/ro\/acordul-de-prelucrare-a-datelor-dpa\/\",\"url\":\"https:\/\/vondetech.com\/ro\/acordul-de-prelucrare-a-datelor-dpa\/\",\"name\":\"Acord de prelucrare a datelor (DPA) pentru Vonde Pro App - Vondetech\",\"isPartOf\":{\"@id\":\"https:\/\/vondetech.com\/ro\/#website\"},\"datePublished\":\"2024-05-23T13:23:20+00:00\",\"dateModified\":\"2025-03-20T09:26:26+00:00\",\"breadcrumb\":{\"@id\":\"https:\/\/vondetech.com\/ro\/acordul-de-prelucrare-a-datelor-dpa\/#breadcrumb\"},\"inLanguage\":\"ro-RO\",\"potentialAction\":[{\"@type\":\"ReadAction\",\"target\":[\"https:\/\/vondetech.com\/ro\/acordul-de-prelucrare-a-datelor-dpa\/\"]}]},{\"@type\":\"BreadcrumbList\",\"@id\":\"https:\/\/vondetech.com\/ro\/acordul-de-prelucrare-a-datelor-dpa\/#breadcrumb\",\"itemListElement\":[{\"@type\":\"ListItem\",\"position\":1,\"name\":\"Acas\u0103\",\"item\":\"https:\/\/vondetech.com\/ro\/acasa\/\"},{\"@type\":\"ListItem\",\"position\":2,\"name\":\"Acord de prelucrare a datelor (DPA) pentru Vonde Pro App\"}]},{\"@type\":\"WebSite\",\"@id\":\"https:\/\/vondetech.com\/ro\/#website\",\"url\":\"https:\/\/vondetech.com\/ro\/\",\"name\":\"Vondetech\",\"description\":\"\",\"potentialAction\":[{\"@type\":\"SearchAction\",\"target\":{\"@type\":\"EntryPoint\",\"urlTemplate\":\"https:\/\/vondetech.com\/ro\/?s={search_term_string}\"},\"query-input\":{\"@type\":\"PropertyValueSpecification\",\"valueRequired\":true,\"valueName\":\"search_term_string\"}}],\"inLanguage\":\"ro-RO\"}]}<\/script>\n<!-- \/ Yoast SEO plugin. -->","yoast_head_json":{"title":"Acord de prelucrare a datelor (DPA) pentru Vonde Pro App - Vondetech","robots":{"index":"index","follow":"follow","max-snippet":"max-snippet:-1","max-image-preview":"max-image-preview:large","max-video-preview":"max-video-preview:-1"},"canonical":"https:\/\/vondetech.com\/ro\/acordul-de-prelucrare-a-datelor-dpa\/","og_locale":"ro_RO","og_type":"article","og_title":"Acord de prelucrare a datelor (DPA) pentru Vonde Pro App - Vondetech","og_description":"[vc_row][vc_column][vc_empty_space][vc_column_text el_class=&#8221;legal-text&#8221;]Data intr\u0103rii \u00een vigoare: 17 martie 2025 Prezentul acord de prelucrare a datelor (&#8220;acordul&#8221;) este \u00eencheiat \u00eentre: Controlorul de date: Utilizatorul sau clientul serviciilor Vonde Technology (&#8220;Controlorul de date&#8221;) \u0219i Procesator de date: Vonde Technology, operat\u0103 de KMAK Kelet-Magyarorsz\u00e1gi Adatk\u00f6zpont Kft. (&#8220;Procesator de date&#8221;) Defini\u021bii Termenii defini\u021bi de GDPR (Regulamentul UE 2016\/679) se aplic\u0103 [&hellip;]","og_url":"https:\/\/vondetech.com\/ro\/acordul-de-prelucrare-a-datelor-dpa\/","og_site_name":"Vondetech","article_modified_time":"2025-03-20T09:26:26+00:00","twitter_card":"summary_large_image","twitter_misc":{"Timp estimat pentru citire":"6 minute"},"schema":{"@context":"https:\/\/schema.org","@graph":[{"@type":"WebPage","@id":"https:\/\/vondetech.com\/ro\/acordul-de-prelucrare-a-datelor-dpa\/","url":"https:\/\/vondetech.com\/ro\/acordul-de-prelucrare-a-datelor-dpa\/","name":"Acord de prelucrare a datelor (DPA) pentru Vonde Pro App - Vondetech","isPartOf":{"@id":"https:\/\/vondetech.com\/ro\/#website"},"datePublished":"2024-05-23T13:23:20+00:00","dateModified":"2025-03-20T09:26:26+00:00","breadcrumb":{"@id":"https:\/\/vondetech.com\/ro\/acordul-de-prelucrare-a-datelor-dpa\/#breadcrumb"},"inLanguage":"ro-RO","potentialAction":[{"@type":"ReadAction","target":["https:\/\/vondetech.com\/ro\/acordul-de-prelucrare-a-datelor-dpa\/"]}]},{"@type":"BreadcrumbList","@id":"https:\/\/vondetech.com\/ro\/acordul-de-prelucrare-a-datelor-dpa\/#breadcrumb","itemListElement":[{"@type":"ListItem","position":1,"name":"Acas\u0103","item":"https:\/\/vondetech.com\/ro\/acasa\/"},{"@type":"ListItem","position":2,"name":"Acord de prelucrare a datelor (DPA) pentru Vonde Pro App"}]},{"@type":"WebSite","@id":"https:\/\/vondetech.com\/ro\/#website","url":"https:\/\/vondetech.com\/ro\/","name":"Vondetech","description":"","potentialAction":[{"@type":"SearchAction","target":{"@type":"EntryPoint","urlTemplate":"https:\/\/vondetech.com\/ro\/?s={search_term_string}"},"query-input":{"@type":"PropertyValueSpecification","valueRequired":true,"valueName":"search_term_string"}}],"inLanguage":"ro-RO"}]}},"_links":{"self":[{"href":"https:\/\/vondetech.com\/ro\/wp-json\/wp\/v2\/pages\/12192","targetHints":{"allow":["GET"]}}],"collection":[{"href":"https:\/\/vondetech.com\/ro\/wp-json\/wp\/v2\/pages"}],"about":[{"href":"https:\/\/vondetech.com\/ro\/wp-json\/wp\/v2\/types\/page"}],"author":[{"embeddable":true,"href":"https:\/\/vondetech.com\/ro\/wp-json\/wp\/v2\/users\/1"}],"replies":[{"embeddable":true,"href":"https:\/\/vondetech.com\/ro\/wp-json\/wp\/v2\/comments?post=12192"}],"version-history":[{"count":7,"href":"https:\/\/vondetech.com\/ro\/wp-json\/wp\/v2\/pages\/12192\/revisions"}],"predecessor-version":[{"id":20057,"href":"https:\/\/vondetech.com\/ro\/wp-json\/wp\/v2\/pages\/12192\/revisions\/20057"}],"wp:attachment":[{"href":"https:\/\/vondetech.com\/ro\/wp-json\/wp\/v2\/media?parent=12192"}],"curies":[{"name":"wp","href":"https:\/\/api.w.org\/{rel}","templated":true}]}}