{"id":7992,"date":"2024-05-23T15:17:28","date_gmt":"2024-05-23T13:17:28","guid":{"rendered":"https:\/\/vondetech.com\/politica-de-privacidade\/"},"modified":"2025-03-19T13:22:09","modified_gmt":"2025-03-19T12:22:09","slug":"politica-de-privacidade","status":"publish","type":"page","link":"https:\/\/vondetech.com\/pt-pt\/politica-de-privacidade\/","title":{"rendered":"Pol\u00edtica de cookies para o site Vonde Pro"},"content":{"rendered":"<div class=\"wpb-content-wrapper\"><p>[vc_row][vc_column][vc_empty_space][vc_column_text el_class=&#8221;legal-text&#8221;]<strong>Pol\u00edtica de cookies para o site Vonde Pro<\/strong><\/p>\n<p><strong>Data de entrada em vigor:<\/strong> 17 de mar\u00e7o de 2025<\/p>\n<ol>\n<li><strong>  Introdu\u00e7\u00e3o<\/strong><\/li>\n<\/ol>\n<p>Esta Pol\u00edtica de Cookies explica como a Vonde Technology (&#8220;n\u00f3s&#8221;, &#8220;nos&#8221; ou &#8220;nosso&#8221;) usa cookies e tecnologias semelhantes no site Vonde Pro (&#8220;Site&#8221;). Esta pol\u00edtica n\u00e3o se aplica \u00e0 aplica\u00e7\u00e3o m\u00f3vel Vonde Pro, que tem a sua pr\u00f3pria Pol\u00edtica de Cookies separada. <\/p>\n<ol start=\"2\">\n<li><strong>  O que s\u00e3o cookies?<\/strong><\/li>\n<\/ol>\n<p>Os cookies s\u00e3o pequenos ficheiros de texto armazenados no teu dispositivo quando visitas o nosso Website. Os cookies ajudam-nos a analisar o tr\u00e1fego do site e a melhorar a experi\u00eancia do utilizador. <\/p>\n<ol start=\"3\">\n<li><strong>  Tipos de cookies que utilizamos<\/strong><\/li>\n<\/ol>\n<ul>\n<li><strong>Cookies essenciais:<\/strong> Estes cookies s\u00e3o necess\u00e1rios para o funcionamento b\u00e1sico do s\u00edtio Web. Permitem-te navegar no site, utilizar funcionalidades essenciais como iniciar sess\u00e3o na tua conta, adicionar itens ao teu carrinho de compras e aceder a \u00e1reas seguras do site. <\/li>\n<li><strong>Cookies anal\u00edticos:<\/strong> Permitem-nos reconhecer e contar os visitantes e ver como estes se movimentam no s\u00edtio Web. Isto ajuda-nos a melhorar a usabilidade e o desempenho do s\u00edtio Web. Utilizamos o Google Analytics para recolher informa\u00e7\u00f5es sobre a forma como os visitantes utilizam o nosso s\u00edtio Web. Estes cookies recolhem dados como o n\u00famero de visitantes, as p\u00e1ginas que visitam e o tempo que passam em cada p\u00e1gina.   <\/li>\n<\/ul>\n<ol start=\"4\">\n<li><strong>  Objetivo da utiliza\u00e7\u00e3o de cookies<\/strong><\/li>\n<\/ol>\n<p>Utilizamos cookies exclusivamente para:<\/p>\n<ul>\n<li>Monitorizar e analisar as estat\u00edsticas b\u00e1sicas dos visitantes e a utiliza\u00e7\u00e3o do s\u00edtio Web.<\/li>\n<li>Melhorar o desempenho geral e a experi\u00eancia do utilizador no nosso Website.<\/li>\n<\/ul>\n<ol start=\"5\">\n<li><strong>  Cookies de terceiros<\/strong><\/li>\n<\/ol>\n<ul>\n<li><strong>Google Analytics:<\/strong> Utilizamos o Google Analytics, um servi\u00e7o de an\u00e1lise da Web fornecido pela Google LLC. O Google Analytics utiliza cookies para recolher informa\u00e7\u00f5es sobre a tua utiliza\u00e7\u00e3o do nosso s\u00edtio Web, incluindo o teu endere\u00e7o IP. Estas informa\u00e7\u00f5es s\u00e3o transmitidas e armazenadas pela Google em servidores nos Estados Unidos. A Google utiliza estas informa\u00e7\u00f5es para avaliar a tua utiliza\u00e7\u00e3o do nosso Web site, compilar relat\u00f3rios sobre a atividade do Web site e fornecer outros servi\u00e7os relacionados com a atividade do Web site e a utiliza\u00e7\u00e3o da Internet. A Google tamb\u00e9m pode transferir estas informa\u00e7\u00f5es para terceiros quando tal for exigido por lei ou quando esses terceiros processarem as informa\u00e7\u00f5es em nome da Google. Podes encontrar mais informa\u00e7\u00f5es sobre as pr\u00e1ticas de privacidade da Google e a forma como a Google utiliza os cookies na Pol\u00edtica de Privacidade da Google:       [Link to Google&#8217;s Privacy Policy]<\/li>\n<\/ul>\n<ol start=\"6\">\n<li><strong>  Gerir cookies<\/strong><\/li>\n<\/ol>\n<p>Podes controlar, bloquear ou eliminar cookies atrav\u00e9s das defini\u00e7\u00f5es do teu browser. A maioria dos browsers aceita automaticamente os cookies, mas normalmente podes modificar as defini\u00e7\u00f5es do teu browser para recusar os cookies, se preferires. Consulta a documenta\u00e7\u00e3o de ajuda do teu browser para obteres instru\u00e7\u00f5es sobre como gerir os cookies. Aqui tens liga\u00e7\u00f5es para as p\u00e1ginas de ajuda de alguns browsers populares:   <\/p>\n<ul>\n<li>Google Chrome:  [Link to Chrome&#8217;s cookie settings help page]<\/li>\n<li>Mozilla Firefox:  [Link to Firefox&#8217;s cookie settings help page]<\/li>\n<li>Microsoft Edge:  [Link to Edge&#8217;s cookie settings help page]<\/li>\n<li>Apple Safari:  [Link to Safari&#8217;s cookie settings help page]<\/li>\n<\/ul>\n<p>Os cookies podem ser cookies de sess\u00e3o ou cookies persistentes. Os cookies de sess\u00e3o s\u00e3o cookies tempor\u00e1rios que s\u00e3o armazenados no teu dispositivo at\u00e9 fechares o browser. Os cookies persistentes permanecem no teu dispositivo durante um per\u00edodo mais longo ou at\u00e9 que os apagues.  <\/p>\n<ol start=\"7\">\n<li><strong>  Actualiza\u00e7\u00f5es de pol\u00edticas<\/strong><\/li>\n<\/ol>\n<p>Podemos atualizar esta Pol\u00edtica de Cookies periodicamente. As altera\u00e7\u00f5es ser\u00e3o publicadas nesta p\u00e1gina com uma data de entrada em vigor actualizada. <\/p>\n<ol start=\"8\">\n<li><strong>  Contacta-nos<\/strong><\/li>\n<\/ol>\n<p>Para quest\u00f5es relacionadas com esta Pol\u00edtica de Cookies, contacta-nos atrav\u00e9s de:<\/p>\n<p>KMAK Kelet-Magyarorsz\u00e1gi Adatk\u00f6zpont Kft.<\/p>\n<p>H-5000 Szolnok, Szap\u00e1ry utca 20.<\/p>\n<p>Correio eletr\u00f3nico: info@vondetechnology.com<\/p>\n<p>Ao utilizar o nosso Website, consente a utiliza\u00e7\u00e3o de cookies tal como descrito na presente Pol\u00edtica de Cookies.[\/vc_column_text][\/vc_column][\/vc_row]<\/p>\n<\/div>","protected":false},"excerpt":{"rendered":"<p>[vc_row][vc_column][vc_empty_space][vc_column_text el_class=&#8221;legal-text&#8221;]Pol\u00edtica de cookies para o site Vonde Pro Data de entrada em vigor: 17 de mar\u00e7o de 2025 Introdu\u00e7\u00e3o Esta Pol\u00edtica de Cookies explica como a Vonde Technology (&#8220;n\u00f3s&#8221;, &#8220;nos&#8221; ou &#8220;nosso&#8221;) usa cookies e tecnologias semelhantes no site Vonde Pro (&#8220;Site&#8221;). Esta pol\u00edtica n\u00e3o se aplica \u00e0 aplica\u00e7\u00e3o m\u00f3vel Vonde Pro, que tem [&hellip;]<\/p>\n","protected":false},"author":1,"featured_media":0,"parent":0,"menu_order":0,"comment_status":"closed","ping_status":"closed","template":"","meta":{"footnotes":""},"class_list":["post-7992","page","type-page","status-publish","hentry"],"yoast_head":"<!-- This site is optimized with the Yoast SEO plugin v24.7 - https:\/\/yoast.com\/wordpress\/plugins\/seo\/ -->\n<title>Pol\u00edtica de cookies para o site Vonde Pro - Vondetech<\/title>\n<meta name=\"robots\" content=\"index, follow, max-snippet:-1, max-image-preview:large, max-video-preview:-1\" \/>\n<link rel=\"canonical\" href=\"https:\/\/vondetech.com\/pt-pt\/politica-de-privacidade\/\" \/>\n<meta property=\"og:locale\" content=\"pt_PT\" \/>\n<meta property=\"og:type\" content=\"article\" \/>\n<meta property=\"og:title\" content=\"Pol\u00edtica de cookies para o site Vonde Pro - Vondetech\" \/>\n<meta property=\"og:description\" content=\"[vc_row][vc_column][vc_empty_space][vc_column_text el_class=&#8221;legal-text&#8221;]Pol\u00edtica de cookies para o site Vonde Pro Data de entrada em vigor: 17 de mar\u00e7o de 2025 Introdu\u00e7\u00e3o Esta Pol\u00edtica de Cookies explica como a Vonde Technology (&#8220;n\u00f3s&#8221;, &#8220;nos&#8221; ou &#8220;nosso&#8221;) usa cookies e tecnologias semelhantes no site Vonde Pro (&#8220;Site&#8221;). Esta pol\u00edtica n\u00e3o se aplica \u00e0 aplica\u00e7\u00e3o m\u00f3vel Vonde Pro, que tem [&hellip;]\" \/>\n<meta property=\"og:url\" content=\"https:\/\/vondetech.com\/pt-pt\/politica-de-privacidade\/\" \/>\n<meta property=\"og:site_name\" content=\"Vondetech\" \/>\n<meta property=\"article:modified_time\" content=\"2025-03-19T12:22:09+00:00\" \/>\n<meta name=\"twitter:card\" content=\"summary_large_image\" \/>\n<meta name=\"twitter:label1\" content=\"Tempo estimado de leitura\" \/>\n\t<meta name=\"twitter:data1\" content=\"3 minutos\" \/>\n<script type=\"application\/ld+json\" class=\"yoast-schema-graph\">{\"@context\":\"https:\/\/schema.org\",\"@graph\":[{\"@type\":\"WebPage\",\"@id\":\"https:\/\/vondetech.com\/pt-pt\/politica-de-privacidade\/\",\"url\":\"https:\/\/vondetech.com\/pt-pt\/politica-de-privacidade\/\",\"name\":\"Pol\u00edtica de cookies para o site Vonde Pro - Vondetech\",\"isPartOf\":{\"@id\":\"https:\/\/vondetech.com\/pt-pt\/#website\"},\"datePublished\":\"2024-05-23T13:17:28+00:00\",\"dateModified\":\"2025-03-19T12:22:09+00:00\",\"breadcrumb\":{\"@id\":\"https:\/\/vondetech.com\/pt-pt\/politica-de-privacidade\/#breadcrumb\"},\"inLanguage\":\"pt-PT\",\"potentialAction\":[{\"@type\":\"ReadAction\",\"target\":[\"https:\/\/vondetech.com\/pt-pt\/politica-de-privacidade\/\"]}]},{\"@type\":\"BreadcrumbList\",\"@id\":\"https:\/\/vondetech.com\/pt-pt\/politica-de-privacidade\/#breadcrumb\",\"itemListElement\":[{\"@type\":\"ListItem\",\"position\":1,\"name\":\"Casa\",\"item\":\"https:\/\/vondetech.com\/pt-pt\/casa\/\"},{\"@type\":\"ListItem\",\"position\":2,\"name\":\"Pol\u00edtica de cookies para o site Vonde Pro\"}]},{\"@type\":\"WebSite\",\"@id\":\"https:\/\/vondetech.com\/pt-pt\/#website\",\"url\":\"https:\/\/vondetech.com\/pt-pt\/\",\"name\":\"Vondetech\",\"description\":\"\",\"potentialAction\":[{\"@type\":\"SearchAction\",\"target\":{\"@type\":\"EntryPoint\",\"urlTemplate\":\"https:\/\/vondetech.com\/pt-pt\/?s={search_term_string}\"},\"query-input\":{\"@type\":\"PropertyValueSpecification\",\"valueRequired\":true,\"valueName\":\"search_term_string\"}}],\"inLanguage\":\"pt-PT\"}]}<\/script>\n<!-- \/ Yoast SEO plugin. -->","yoast_head_json":{"title":"Pol\u00edtica de cookies para o site Vonde Pro - Vondetech","robots":{"index":"index","follow":"follow","max-snippet":"max-snippet:-1","max-image-preview":"max-image-preview:large","max-video-preview":"max-video-preview:-1"},"canonical":"https:\/\/vondetech.com\/pt-pt\/politica-de-privacidade\/","og_locale":"pt_PT","og_type":"article","og_title":"Pol\u00edtica de cookies para o site Vonde Pro - Vondetech","og_description":"[vc_row][vc_column][vc_empty_space][vc_column_text el_class=&#8221;legal-text&#8221;]Pol\u00edtica de cookies para o site Vonde Pro Data de entrada em vigor: 17 de mar\u00e7o de 2025 Introdu\u00e7\u00e3o Esta Pol\u00edtica de Cookies explica como a Vonde Technology (&#8220;n\u00f3s&#8221;, &#8220;nos&#8221; ou &#8220;nosso&#8221;) usa cookies e tecnologias semelhantes no site Vonde Pro (&#8220;Site&#8221;). Esta pol\u00edtica n\u00e3o se aplica \u00e0 aplica\u00e7\u00e3o m\u00f3vel Vonde Pro, que tem [&hellip;]","og_url":"https:\/\/vondetech.com\/pt-pt\/politica-de-privacidade\/","og_site_name":"Vondetech","article_modified_time":"2025-03-19T12:22:09+00:00","twitter_card":"summary_large_image","twitter_misc":{"Tempo estimado de leitura":"3 minutos"},"schema":{"@context":"https:\/\/schema.org","@graph":[{"@type":"WebPage","@id":"https:\/\/vondetech.com\/pt-pt\/politica-de-privacidade\/","url":"https:\/\/vondetech.com\/pt-pt\/politica-de-privacidade\/","name":"Pol\u00edtica de cookies para o site Vonde Pro - Vondetech","isPartOf":{"@id":"https:\/\/vondetech.com\/pt-pt\/#website"},"datePublished":"2024-05-23T13:17:28+00:00","dateModified":"2025-03-19T12:22:09+00:00","breadcrumb":{"@id":"https:\/\/vondetech.com\/pt-pt\/politica-de-privacidade\/#breadcrumb"},"inLanguage":"pt-PT","potentialAction":[{"@type":"ReadAction","target":["https:\/\/vondetech.com\/pt-pt\/politica-de-privacidade\/"]}]},{"@type":"BreadcrumbList","@id":"https:\/\/vondetech.com\/pt-pt\/politica-de-privacidade\/#breadcrumb","itemListElement":[{"@type":"ListItem","position":1,"name":"Casa","item":"https:\/\/vondetech.com\/pt-pt\/casa\/"},{"@type":"ListItem","position":2,"name":"Pol\u00edtica de cookies para o site Vonde Pro"}]},{"@type":"WebSite","@id":"https:\/\/vondetech.com\/pt-pt\/#website","url":"https:\/\/vondetech.com\/pt-pt\/","name":"Vondetech","description":"","potentialAction":[{"@type":"SearchAction","target":{"@type":"EntryPoint","urlTemplate":"https:\/\/vondetech.com\/pt-pt\/?s={search_term_string}"},"query-input":{"@type":"PropertyValueSpecification","valueRequired":true,"valueName":"search_term_string"}}],"inLanguage":"pt-PT"}]}},"_links":{"self":[{"href":"https:\/\/vondetech.com\/pt-pt\/wp-json\/wp\/v2\/pages\/7992","targetHints":{"allow":["GET"]}}],"collection":[{"href":"https:\/\/vondetech.com\/pt-pt\/wp-json\/wp\/v2\/pages"}],"about":[{"href":"https:\/\/vondetech.com\/pt-pt\/wp-json\/wp\/v2\/types\/page"}],"author":[{"embeddable":true,"href":"https:\/\/vondetech.com\/pt-pt\/wp-json\/wp\/v2\/users\/1"}],"replies":[{"embeddable":true,"href":"https:\/\/vondetech.com\/pt-pt\/wp-json\/wp\/v2\/comments?post=7992"}],"version-history":[{"count":6,"href":"https:\/\/vondetech.com\/pt-pt\/wp-json\/wp\/v2\/pages\/7992\/revisions"}],"predecessor-version":[{"id":19985,"href":"https:\/\/vondetech.com\/pt-pt\/wp-json\/wp\/v2\/pages\/7992\/revisions\/19985"}],"wp:attachment":[{"href":"https:\/\/vondetech.com\/pt-pt\/wp-json\/wp\/v2\/media?parent=7992"}],"curies":[{"name":"wp","href":"https:\/\/api.w.org\/{rel}","templated":true}]}}