{"id":7830,"date":"2024-05-23T15:23:20","date_gmt":"2024-05-23T13:23:20","guid":{"rendered":"https:\/\/vondetech.com\/acordo-de-processamento-de-dados-dpa\/"},"modified":"2025-03-20T10:26:07","modified_gmt":"2025-03-20T09:26:07","slug":"acordo-de-processamento-de-dados-dpa","status":"publish","type":"page","link":"https:\/\/vondetech.com\/pt-pt\/acordo-de-processamento-de-dados-dpa\/","title":{"rendered":"Acordo de processamento de dados (DPA) para a aplica\u00e7\u00e3o Vonde Pro"},"content":{"rendered":"<div class=\"wpb-content-wrapper\"><p>[vc_row][vc_column][vc_empty_space][vc_column_text el_class=&#8221;legal-text&#8221;]<strong>Data de entrada em vigor:<\/strong> 17 de mar\u00e7o de 2025<\/p>\n<p>O presente Acordo de Tratamento de Dados (&#8220;Acordo&#8221;) \u00e9 celebrado entre:<\/p>\n<p><strong>Respons\u00e1vel pelo tratamento de dados:<\/strong> O utilizador ou cliente dos servi\u00e7os da Vonde Technology (&#8220;Controlador de Dados&#8221;)<\/p>\n<p>e<\/p>\n<p><strong>Processador de dados:<\/strong> A Vonde Technology, operada pela KMAK Kelet-Magyarorsz\u00e1gi Adatk\u00f6zpont Kft. (&#8220;Processador de Dados&#8221;) <\/p>\n<ol>\n<li><strong>  Defini\u00e7\u00f5es<\/strong><\/li>\n<\/ol>\n<p>Os termos definidos pelo RGPD (Regulamento UE 2016\/679) aplicam-se ao presente Acordo:<\/p>\n<ul>\n<li>&#8220;Dados pessoais&#8221;: qualquer informa\u00e7\u00e3o relativa a uma pessoa singular identificada ou identific\u00e1vel.<\/li>\n<li>&#8220;Processamento&#8221;: qualquer opera\u00e7\u00e3o efectuada sobre os Dados Pessoais, como a recolha, armazenamento, modifica\u00e7\u00e3o, transmiss\u00e3o ou elimina\u00e7\u00e3o de dados.<\/li>\n<li>&#8220;Viola\u00e7\u00e3o de dados&#8221;: Acesso n\u00e3o autorizado, altera\u00e7\u00e3o, divulga\u00e7\u00e3o ou perda de dados pessoais.<\/li>\n<\/ul>\n<ol start=\"2\">\n<li><strong>  Objeto e dura\u00e7\u00e3o do tratamento<\/strong><\/li>\n<\/ol>\n<p>O Processador de Dados processa dados pessoais exclusivamente para fornecer os seguintes servi\u00e7os:<\/p>\n<ul>\n<li>Cria\u00e7\u00e3o e gest\u00e3o de cart\u00f5es de visita digitais (Biopage)<\/li>\n<li>Encurtamento de URL<\/li>\n<li>Gest\u00e3o de c\u00f3digos NFC e QR<\/li>\n<li>Integra\u00e7\u00e3o Apple\/Google Wallet<\/li>\n<\/ul>\n<p>O tratamento de dados continua enquanto os servi\u00e7os forem prestados ou at\u00e9 \u00e0 cessa\u00e7\u00e3o dos servi\u00e7os pelo respons\u00e1vel pelo tratamento de dados.<\/p>\n<ol start=\"3\">\n<li><strong>  Categorias de dados pessoais processados<\/strong><\/li>\n<\/ol>\n<ul>\n<li>Informa\u00e7\u00f5es de contacto: Nome, endere\u00e7o de correio eletr\u00f3nico, n\u00famero de telefone<\/li>\n<li>Detalhes da transa\u00e7\u00e3o e da subscri\u00e7\u00e3o (se aplic\u00e1vel)<\/li>\n<li>Dados t\u00e9cnicos: Endere\u00e7os IP, identificadores de dispositivos, informa\u00e7\u00f5es sobre o sistema operativo<\/li>\n<li>Dados e an\u00e1lises de utiliza\u00e7\u00e3o<\/li>\n<\/ul>\n<ol start=\"4\">\n<li><strong>  Obriga\u00e7\u00f5es do processador de dados<\/strong><\/li>\n<\/ol>\n<p>O processador de dados compromete-se a:<\/p>\n<ul>\n<li>Processa os dados pessoais apenas com base em instru\u00e7\u00f5es documentadas do respons\u00e1vel pelo tratamento de dados.<\/li>\n<li>Mant\u00e9m a estrita confidencialidade dos dados pessoais.<\/li>\n<li>Assegura que todo o pessoal que trata dados pessoais est\u00e1 sujeito a obriga\u00e7\u00f5es de confidencialidade.<\/li>\n<li>Implementar medidas t\u00e9cnicas e organizacionais adequadas para proteger os dados pessoais, incluindo, entre outras, encripta\u00e7\u00e3o, armazenamento seguro, controlos de acesso e auditorias de seguran\u00e7a regulares.<\/li>\n<li>Notifica o respons\u00e1vel pelo tratamento de dados prontamente e sem atrasos indevidos em caso de viola\u00e7\u00e3o de dados, fornecendo todas as informa\u00e7\u00f5es necess\u00e1rias para ajudar o respons\u00e1vel pelo tratamento de dados a cumprir as suas obriga\u00e7\u00f5es ao abrigo do RGPD.<\/li>\n<li>Permitir que o Controlador de Dados efectue auditorias ou inspec\u00e7\u00f5es com aviso pr\u00e9vio razo\u00e1vel para verificar o cumprimento do presente Acordo.<\/li>\n<li>Informa imediatamente o respons\u00e1vel pelo tratamento de dados de quaisquer pedidos dos titulares dos dados ou das autoridades relacionados com os dados pessoais tratados.<\/li>\n<li>Cumpre o RGPD e todas as outras leis e regulamentos de prote\u00e7\u00e3o de dados aplic\u00e1veis.<\/li>\n<\/ul>\n<ol start=\"5\">\n<li><strong>  Subprocessadores<\/strong><\/li>\n<\/ol>\n<p>O Processador de Dados pode contratar os seguintes subprocessadores:<\/p>\n<ul>\n<li>Amazon Web Services (AWS): fornecedor de infra-estruturas de nuvem<\/li>\n<li>Google (Firebase, AdMob, Analytics): servi\u00e7os de an\u00e1lise e publicidade<\/li>\n<\/ul>\n<p>O subcontratante garante que os subcontratantes cumprem as mesmas obriga\u00e7\u00f5es em mat\u00e9ria de prote\u00e7\u00e3o de dados definidas no presente acordo e \u00e9 respons\u00e1vel pelas suas ac\u00e7\u00f5es e omiss\u00f5es. O subcontratante fornecer\u00e1 ao respons\u00e1vel pelo tratamento de dados uma lista de subcontratantes e inform\u00e1-lo-\u00e1 de quaisquer altera\u00e7\u00f5es previstas relativamente \u00e0 adi\u00e7\u00e3o ou substitui\u00e7\u00e3o de outros subcontratantes, dando assim ao respons\u00e1vel pelo tratamento de dados a oportunidade de se opor a essas altera\u00e7\u00f5es. <\/p>\n<ol start=\"6\">\n<li><strong>  Transfer\u00eancias de dados<\/strong><\/li>\n<\/ol>\n<p>As transfer\u00eancias internacionais de dados cumprem as normas do RGPD e incluem salvaguardas como as cl\u00e1usulas contratuais-tipo da UE ou outros mecanismos de transfer\u00eancia adequados para garantir um n\u00edvel de prote\u00e7\u00e3o adequado.<\/p>\n<ol start=\"6\">\n<li><strong>  Obriga\u00e7\u00f5es do respons\u00e1vel pelo tratamento de dados<\/strong><\/li>\n<\/ol>\n<p>O respons\u00e1vel pelo tratamento de dados \u00e9 respons\u00e1vel por:<\/p>\n<ul>\n<li>Assegurar uma base jur\u00eddica v\u00e1lida para o tratamento de dados pessoais.<\/li>\n<li>Informar os titulares dos dados sobre as actividades de tratamento de dados de forma transparente.<\/li>\n<li>Responder aos pedidos dos titulares dos dados e cumprir as obriga\u00e7\u00f5es ao abrigo do RGPD ou dos regulamentos de prote\u00e7\u00e3o de dados relevantes, incluindo, entre outros, o fornecimento de acesso, retifica\u00e7\u00e3o, apagamento, restri\u00e7\u00e3o, portabilidade e o direito de se opor ao processamento.<\/li>\n<\/ul>\n<ol start=\"7\">\n<li><strong>  Medidas de seguran\u00e7a<\/strong><\/li>\n<\/ol>\n<p>O Processador de Dados implementa medidas t\u00e9cnicas e organizacionais para garantir a seguran\u00e7a dos dados pessoais, incluindo:<\/p>\n<ul>\n<li>Encripta\u00e7\u00e3o de dados pessoais em tr\u00e2nsito e em repouso.<\/li>\n<li>Armazenamento seguro de dados pessoais.<\/li>\n<li>Controlos de acesso aos dados pessoais, limitando o acesso apenas ao pessoal autorizado.<\/li>\n<li>Auditorias de seguran\u00e7a e avalia\u00e7\u00f5es de vulnerabilidade regulares.<\/li>\n<li>Implementa\u00e7\u00e3o de mecanismos adequados de autentica\u00e7\u00e3o e autoriza\u00e7\u00e3o.<\/li>\n<li>C\u00f3pias de seguran\u00e7a regulares dos dados e procedimentos de recupera\u00e7\u00e3o de desastres.<\/li>\n<\/ul>\n<ol start=\"8\">\n<li><strong>  Notifica\u00e7\u00e3o de viola\u00e7\u00e3o de dados<\/strong><\/li>\n<\/ol>\n<p>No caso de uma viola\u00e7\u00e3o de dados, o Processador de Dados notificar\u00e1 o Controlador de Dados sem atrasos indevidos e, em qualquer caso, no prazo de 72 horas ap\u00f3s ter tido conhecimento da viola\u00e7\u00e3o. A notifica\u00e7\u00e3o incluir\u00e1 todas as informa\u00e7\u00f5es relevantes exigidas pelo RGPD, tais como a natureza da viola\u00e7\u00e3o, as categorias e o n\u00famero de titulares de dados em causa, as consequ\u00eancias prov\u00e1veis e as medidas tomadas ou propostas para resolver a viola\u00e7\u00e3o. O Processador de Dados cooperar\u00e1 plenamente com o Controlador de Dados na resolu\u00e7\u00e3o e mitiga\u00e7\u00e3o da viola\u00e7\u00e3o.  <\/p>\n<ol start=\"8\">\n<li><strong>  Direitos dos titulares dos dados<\/strong><\/li>\n<\/ol>\n<p>O Processador de Dados ajuda o Controlador de Dados a cumprir as obriga\u00e7\u00f5es relativas aos direitos dos titulares dos dados, incluindo o acesso, a retifica\u00e7\u00e3o, o apagamento, a restri\u00e7\u00e3o, a portabilidade e as objec\u00e7\u00f5es ao processamento, fornecendo ao Controlador de Dados as informa\u00e7\u00f5es e ferramentas necess\u00e1rias para responder aos pedidos dos titulares dos dados.<\/p>\n<ol start=\"9\">\n<li><strong>  Rescis\u00e3o e elimina\u00e7\u00e3o de dados<\/strong><\/li>\n<\/ol>\n<p>Ap\u00f3s a cessa\u00e7\u00e3o do servi\u00e7o, o subcontratante eliminar\u00e1 ou devolver\u00e1 todos os dados pessoais, com base nas instru\u00e7\u00f5es documentadas do respons\u00e1vel pelo tratamento de dados, exceto se a reten\u00e7\u00e3o for exigida pela legisla\u00e7\u00e3o da Uni\u00e3o ou do Estado-Membro a que o subcontratante est\u00e1 sujeito.<\/p>\n<ol start=\"10\">\n<li><strong>  Auditorias e inspec\u00e7\u00f5es<\/strong><\/li>\n<\/ol>\n<p>O respons\u00e1vel pelo tratamento de dados pode efetuar auditorias, mediante aviso pr\u00e9vio razo\u00e1vel por escrito, para verificar o cumprimento do presente acordo. O Subcontratante prestar\u00e1 a assist\u00eancia razo\u00e1vel e o acesso \u00e0s informa\u00e7\u00f5es necess\u00e1rias para que o Respons\u00e1vel pelo Tratamento de Dados efectue essas auditorias. <\/p>\n<ol start=\"10\">\n<li><strong>  Transfer\u00eancias internacionais<\/strong><\/li>\n<\/ol>\n<p>O Subcontratante garante o cumprimento das normas internacionais de transfer\u00eancia de dados, incluindo a utiliza\u00e7\u00e3o de Cl\u00e1usulas Contratuais-tipo ou outros mecanismos adequados, e implementar\u00e1 salvaguardas adicionais, conforme necess\u00e1rio, para garantir um n\u00edvel adequado de prote\u00e7\u00e3o dos dados pessoais transferidos para fora do Espa\u00e7o Econ\u00f3mico Europeu (EEE).<\/p>\n<ol start=\"10\">\n<li><strong>  Notifica\u00e7\u00e3o de viola\u00e7\u00e3o de dados<\/strong><\/li>\n<\/ol>\n<p>O subcontratante notifica o respons\u00e1vel pelo tratamento de dados de qualquer viola\u00e7\u00e3o de dados sem atrasos indevidos e, em qualquer caso, no prazo de 72 horas ap\u00f3s ter tido conhecimento da viola\u00e7\u00e3o, e coopera plenamente na resolu\u00e7\u00e3o e atenua\u00e7\u00e3o da viola\u00e7\u00e3o.<\/p>\n<ol start=\"11\">\n<li><strong>  Direito aplic\u00e1vel<\/strong><\/li>\n<\/ol>\n<p>O presente Acordo rege-se pelas leis de prote\u00e7\u00e3o de dados da UE aplic\u00e1veis, incluindo o RGPD, e por quaisquer outros regulamentos jurisdicionais relevantes.<\/p>\n<ol start=\"12\">\n<li><strong>  Actualiza\u00e7\u00f5es do presente Acordo<\/strong><\/li>\n<\/ol>\n<p>Reservamo-nos o direito de atualizar periodicamente o presente Acordo. As actualiza\u00e7\u00f5es ser\u00e3o comunicadas claramente ao Respons\u00e1vel pelo tratamento de dados e este ter\u00e1 o direito de se opor a essas altera\u00e7\u00f5es. <\/p>\n<ol start=\"12\">\n<li><strong>  Informa\u00e7\u00f5es de contacto<\/strong><\/li>\n<\/ol>\n<p>Para quaisquer quest\u00f5es relacionadas com o presente acordo de tratamento de dados, contacta:<\/p>\n<p>KMAK Kelet-Magyarorsz\u00e1gi Adatk\u00f6zpont Kft.<\/p>\n<p>H-5000 Szolnok, Szap\u00e1ry utca 20.<\/p>\n<p>Correio eletr\u00f3nico: info@vondetechnology.com<\/p>\n<p>Ao utilizar os servi\u00e7os da Vonde Technology, ambas as partes concordam em aderir aos termos especificados neste Contrato de Processamento de Dados.[\/vc_column_text][\/vc_column][\/vc_row]<\/p>\n<\/div>","protected":false},"excerpt":{"rendered":"<p>[vc_row][vc_column][vc_empty_space][vc_column_text el_class=&#8221;legal-text&#8221;]Data de entrada em vigor: 17 de mar\u00e7o de 2025 O presente Acordo de Tratamento de Dados (&#8220;Acordo&#8221;) \u00e9 celebrado entre: Respons\u00e1vel pelo tratamento de dados: O utilizador ou cliente dos servi\u00e7os da Vonde Technology (&#8220;Controlador de Dados&#8221;) e Processador de dados: A Vonde Technology, operada pela KMAK Kelet-Magyarorsz\u00e1gi Adatk\u00f6zpont Kft. (&#8220;Processador de Dados&#8221;) [&hellip;]<\/p>\n","protected":false},"author":1,"featured_media":0,"parent":0,"menu_order":0,"comment_status":"closed","ping_status":"closed","template":"","meta":{"footnotes":""},"class_list":["post-7830","page","type-page","status-publish","hentry"],"yoast_head":"<!-- This site is optimized with the Yoast SEO plugin v24.7 - https:\/\/yoast.com\/wordpress\/plugins\/seo\/ -->\n<title>Acordo de processamento de dados (DPA) para a aplica\u00e7\u00e3o Vonde Pro - Vondetech<\/title>\n<meta name=\"robots\" content=\"index, follow, max-snippet:-1, max-image-preview:large, max-video-preview:-1\" \/>\n<link rel=\"canonical\" href=\"https:\/\/vondetech.com\/pt-pt\/acordo-de-processamento-de-dados-dpa\/\" \/>\n<meta property=\"og:locale\" content=\"pt_PT\" \/>\n<meta property=\"og:type\" content=\"article\" \/>\n<meta property=\"og:title\" content=\"Acordo de processamento de dados (DPA) para a aplica\u00e7\u00e3o Vonde Pro - Vondetech\" \/>\n<meta property=\"og:description\" content=\"[vc_row][vc_column][vc_empty_space][vc_column_text el_class=&#8221;legal-text&#8221;]Data de entrada em vigor: 17 de mar\u00e7o de 2025 O presente Acordo de Tratamento de Dados (&#8220;Acordo&#8221;) \u00e9 celebrado entre: Respons\u00e1vel pelo tratamento de dados: O utilizador ou cliente dos servi\u00e7os da Vonde Technology (&#8220;Controlador de Dados&#8221;) e Processador de dados: A Vonde Technology, operada pela KMAK Kelet-Magyarorsz\u00e1gi Adatk\u00f6zpont Kft. (&#8220;Processador de Dados&#8221;) [&hellip;]\" \/>\n<meta property=\"og:url\" content=\"https:\/\/vondetech.com\/pt-pt\/acordo-de-processamento-de-dados-dpa\/\" \/>\n<meta property=\"og:site_name\" content=\"Vondetech\" \/>\n<meta property=\"article:modified_time\" content=\"2025-03-20T09:26:07+00:00\" \/>\n<meta name=\"twitter:card\" content=\"summary_large_image\" \/>\n<meta name=\"twitter:label1\" content=\"Tempo estimado de leitura\" \/>\n\t<meta name=\"twitter:data1\" content=\"7 minutos\" \/>\n<script type=\"application\/ld+json\" class=\"yoast-schema-graph\">{\"@context\":\"https:\/\/schema.org\",\"@graph\":[{\"@type\":\"WebPage\",\"@id\":\"https:\/\/vondetech.com\/pt-pt\/acordo-de-processamento-de-dados-dpa\/\",\"url\":\"https:\/\/vondetech.com\/pt-pt\/acordo-de-processamento-de-dados-dpa\/\",\"name\":\"Acordo de processamento de dados (DPA) para a aplica\u00e7\u00e3o Vonde Pro - Vondetech\",\"isPartOf\":{\"@id\":\"https:\/\/vondetech.com\/pt-pt\/#website\"},\"datePublished\":\"2024-05-23T13:23:20+00:00\",\"dateModified\":\"2025-03-20T09:26:07+00:00\",\"breadcrumb\":{\"@id\":\"https:\/\/vondetech.com\/pt-pt\/acordo-de-processamento-de-dados-dpa\/#breadcrumb\"},\"inLanguage\":\"pt-PT\",\"potentialAction\":[{\"@type\":\"ReadAction\",\"target\":[\"https:\/\/vondetech.com\/pt-pt\/acordo-de-processamento-de-dados-dpa\/\"]}]},{\"@type\":\"BreadcrumbList\",\"@id\":\"https:\/\/vondetech.com\/pt-pt\/acordo-de-processamento-de-dados-dpa\/#breadcrumb\",\"itemListElement\":[{\"@type\":\"ListItem\",\"position\":1,\"name\":\"Casa\",\"item\":\"https:\/\/vondetech.com\/pt-pt\/casa\/\"},{\"@type\":\"ListItem\",\"position\":2,\"name\":\"Acordo de processamento de dados (DPA) para a aplica\u00e7\u00e3o Vonde Pro\"}]},{\"@type\":\"WebSite\",\"@id\":\"https:\/\/vondetech.com\/pt-pt\/#website\",\"url\":\"https:\/\/vondetech.com\/pt-pt\/\",\"name\":\"Vondetech\",\"description\":\"\",\"potentialAction\":[{\"@type\":\"SearchAction\",\"target\":{\"@type\":\"EntryPoint\",\"urlTemplate\":\"https:\/\/vondetech.com\/pt-pt\/?s={search_term_string}\"},\"query-input\":{\"@type\":\"PropertyValueSpecification\",\"valueRequired\":true,\"valueName\":\"search_term_string\"}}],\"inLanguage\":\"pt-PT\"}]}<\/script>\n<!-- \/ Yoast SEO plugin. -->","yoast_head_json":{"title":"Acordo de processamento de dados (DPA) para a aplica\u00e7\u00e3o Vonde Pro - Vondetech","robots":{"index":"index","follow":"follow","max-snippet":"max-snippet:-1","max-image-preview":"max-image-preview:large","max-video-preview":"max-video-preview:-1"},"canonical":"https:\/\/vondetech.com\/pt-pt\/acordo-de-processamento-de-dados-dpa\/","og_locale":"pt_PT","og_type":"article","og_title":"Acordo de processamento de dados (DPA) para a aplica\u00e7\u00e3o Vonde Pro - Vondetech","og_description":"[vc_row][vc_column][vc_empty_space][vc_column_text el_class=&#8221;legal-text&#8221;]Data de entrada em vigor: 17 de mar\u00e7o de 2025 O presente Acordo de Tratamento de Dados (&#8220;Acordo&#8221;) \u00e9 celebrado entre: Respons\u00e1vel pelo tratamento de dados: O utilizador ou cliente dos servi\u00e7os da Vonde Technology (&#8220;Controlador de Dados&#8221;) e Processador de dados: A Vonde Technology, operada pela KMAK Kelet-Magyarorsz\u00e1gi Adatk\u00f6zpont Kft. (&#8220;Processador de Dados&#8221;) [&hellip;]","og_url":"https:\/\/vondetech.com\/pt-pt\/acordo-de-processamento-de-dados-dpa\/","og_site_name":"Vondetech","article_modified_time":"2025-03-20T09:26:07+00:00","twitter_card":"summary_large_image","twitter_misc":{"Tempo estimado de leitura":"7 minutos"},"schema":{"@context":"https:\/\/schema.org","@graph":[{"@type":"WebPage","@id":"https:\/\/vondetech.com\/pt-pt\/acordo-de-processamento-de-dados-dpa\/","url":"https:\/\/vondetech.com\/pt-pt\/acordo-de-processamento-de-dados-dpa\/","name":"Acordo de processamento de dados (DPA) para a aplica\u00e7\u00e3o Vonde Pro - Vondetech","isPartOf":{"@id":"https:\/\/vondetech.com\/pt-pt\/#website"},"datePublished":"2024-05-23T13:23:20+00:00","dateModified":"2025-03-20T09:26:07+00:00","breadcrumb":{"@id":"https:\/\/vondetech.com\/pt-pt\/acordo-de-processamento-de-dados-dpa\/#breadcrumb"},"inLanguage":"pt-PT","potentialAction":[{"@type":"ReadAction","target":["https:\/\/vondetech.com\/pt-pt\/acordo-de-processamento-de-dados-dpa\/"]}]},{"@type":"BreadcrumbList","@id":"https:\/\/vondetech.com\/pt-pt\/acordo-de-processamento-de-dados-dpa\/#breadcrumb","itemListElement":[{"@type":"ListItem","position":1,"name":"Casa","item":"https:\/\/vondetech.com\/pt-pt\/casa\/"},{"@type":"ListItem","position":2,"name":"Acordo de processamento de dados (DPA) para a aplica\u00e7\u00e3o Vonde Pro"}]},{"@type":"WebSite","@id":"https:\/\/vondetech.com\/pt-pt\/#website","url":"https:\/\/vondetech.com\/pt-pt\/","name":"Vondetech","description":"","potentialAction":[{"@type":"SearchAction","target":{"@type":"EntryPoint","urlTemplate":"https:\/\/vondetech.com\/pt-pt\/?s={search_term_string}"},"query-input":{"@type":"PropertyValueSpecification","valueRequired":true,"valueName":"search_term_string"}}],"inLanguage":"pt-PT"}]}},"_links":{"self":[{"href":"https:\/\/vondetech.com\/pt-pt\/wp-json\/wp\/v2\/pages\/7830","targetHints":{"allow":["GET"]}}],"collection":[{"href":"https:\/\/vondetech.com\/pt-pt\/wp-json\/wp\/v2\/pages"}],"about":[{"href":"https:\/\/vondetech.com\/pt-pt\/wp-json\/wp\/v2\/types\/page"}],"author":[{"embeddable":true,"href":"https:\/\/vondetech.com\/pt-pt\/wp-json\/wp\/v2\/users\/1"}],"replies":[{"embeddable":true,"href":"https:\/\/vondetech.com\/pt-pt\/wp-json\/wp\/v2\/comments?post=7830"}],"version-history":[{"count":6,"href":"https:\/\/vondetech.com\/pt-pt\/wp-json\/wp\/v2\/pages\/7830\/revisions"}],"predecessor-version":[{"id":20054,"href":"https:\/\/vondetech.com\/pt-pt\/wp-json\/wp\/v2\/pages\/7830\/revisions\/20054"}],"wp:attachment":[{"href":"https:\/\/vondetech.com\/pt-pt\/wp-json\/wp\/v2\/media?parent=7830"}],"curies":[{"name":"wp","href":"https:\/\/api.w.org\/{rel}","templated":true}]}}