{"id":20949,"date":"2025-03-19T09:20:16","date_gmt":"2025-03-19T08:20:16","guid":{"rendered":"https:\/\/vondetech.com\/impressao-para-a-aplicacao-vonde-pro\/"},"modified":"2025-03-20T15:59:43","modified_gmt":"2025-03-20T14:59:43","slug":"impressao-para-a-aplicacao-vonde-pro","status":"publish","type":"page","link":"https:\/\/vondetech.com\/pt-pt\/impressao-para-a-aplicacao-vonde-pro\/","title":{"rendered":"Impress\u00e3o para a aplica\u00e7\u00e3o Vonde Pro"},"content":{"rendered":"<div class=\"wpb-content-wrapper\"><p>[vc_row][vc_column][vc_empty_space][vc_column_text el_class=&#8221;legal-text&#8221;]<strong>Informa\u00e7\u00f5es sobre a empresa:<\/strong><\/p>\n<p>Tecnologia Vonde<\/p>\n<p><strong>Sobre a Vonde Technology LLC:<\/strong><\/p>\n<p>A Vonde Pro App \u00e9 uma aplica\u00e7\u00e3o m\u00f3vel inovadora desenvolvida e operada atrav\u00e9s da colabora\u00e7\u00e3o de duas entidades:<\/p>\n<ul>\n<li>A Vonde Technology LLC (EUA) gere os mercados globais e a expans\u00e3o internacional.<\/li>\n<li>KMAK Kelet-Magyarorsz\u00e1gi Adatk\u00f6zpont Kft. (Europa, Hungria) ocupa-se do desenvolvimento e das tarefas operacionais conexas.<\/li>\n<\/ul>\n<p><strong>Operado por:<\/strong><\/p>\n<p>KMAK Kelet-Magyarorsz\u00e1gi Adatk\u00f6zpont Kft.<\/p>\n<p><strong>Endere\u00e7o registado:<\/strong><\/p>\n<p>H-5000 Szolnok, Szap\u00e1ry utca 20. Hungria<\/p>\n<p><strong>Informa\u00e7\u00f5es de contacto:<\/strong><\/p>\n<p>Correio eletr\u00f3nico: info@vondetechnology.com<\/p>\n<p><strong>Diretor-geral:<\/strong><\/p>\n<p>Laszlo Berta<\/p>\n<p><strong>Registo da empresa:<\/strong><\/p>\n<p>D-U-N-S: 401605625<\/p>\n<p>Tribunal de registo: [Fornece o Tribunal de Registo, por exemplo, Tribunal Regional de Szolnok]<\/p>\n<p><strong>N\u00famero de identifica\u00e7\u00e3o IVA:<\/strong><\/p>\n<p>HU24373427<\/p>\n<p><strong>Respons\u00e1vel pela prote\u00e7\u00e3o de dados:<\/strong><\/p>\n<p>Para quest\u00f5es relacionadas com a prote\u00e7\u00e3o de dados, contacta o nosso respons\u00e1vel pela prote\u00e7\u00e3o de dados atrav\u00e9s do endere\u00e7o<\/p>\n<p>Correio eletr\u00f3nico: info@vondetechnology.com<\/p>\n<p><strong>Isen\u00e7\u00e3o de responsabilidade:<\/strong><\/p>\n<p>Apesar do controlo cuidadoso dos conte\u00fados, n\u00e3o assumimos qualquer responsabilidade pelo conte\u00fado das liga\u00e7\u00f5es externas. Os operadores das p\u00e1ginas ligadas s\u00e3o os \u00fanicos respons\u00e1veis pelo seu conte\u00fado. <\/p>\n<p><strong>Resolu\u00e7\u00e3o de lit\u00edgios:<\/strong><\/p>\n<p>Em conformidade com os regulamentos da UE, os lit\u00edgios podem ser resolvidos atrav\u00e9s da plataforma de resolu\u00e7\u00e3o de lit\u00edgios em linha da Comiss\u00e3o Europeia: http:\/\/ec.europa.eu\/consumers\/odr<\/p>\n<p><strong>Informa\u00e7\u00f5es de contacto:<\/strong><\/p>\n<p>Para quest\u00f5es de car\u00e1cter geral:<\/p>\n<p>Correio eletr\u00f3nico: info@vondetechnology.com<\/p>\n<p>Este Impresszum est\u00e1 em conformidade com os regulamentos e normas da UE aplic\u00e1veis \u00e0s entidades comerciais que operam nos mercados da Uni\u00e3o Europeia.[\/vc_column_text][\/vc_column][\/vc_row]<\/p>\n<\/div>","protected":false},"excerpt":{"rendered":"<p>[vc_row][vc_column][vc_empty_space][vc_column_text el_class=&#8221;legal-text&#8221;]Informa\u00e7\u00f5es sobre a empresa: Tecnologia Vonde Sobre a Vonde Technology LLC: A Vonde Pro App \u00e9 uma aplica\u00e7\u00e3o m\u00f3vel inovadora desenvolvida e operada atrav\u00e9s da colabora\u00e7\u00e3o de duas entidades: A Vonde Technology LLC (EUA) gere os mercados globais e a expans\u00e3o internacional. KMAK Kelet-Magyarorsz\u00e1gi Adatk\u00f6zpont Kft. (Europa, Hungria) ocupa-se do desenvolvimento e das tarefas [&hellip;]<\/p>\n","protected":false},"author":1,"featured_media":0,"parent":0,"menu_order":0,"comment_status":"closed","ping_status":"closed","template":"","meta":{"footnotes":""},"class_list":["post-20949","page","type-page","status-publish","hentry"],"yoast_head":"<!-- This site is optimized with the Yoast SEO plugin v24.7 - https:\/\/yoast.com\/wordpress\/plugins\/seo\/ -->\n<title>Impress\u00e3o para a aplica\u00e7\u00e3o Vonde Pro - Vondetech<\/title>\n<meta name=\"robots\" content=\"index, follow, max-snippet:-1, max-image-preview:large, max-video-preview:-1\" \/>\n<link rel=\"canonical\" href=\"https:\/\/vondetech.com\/pt-pt\/impressao-para-a-aplicacao-vonde-pro\/\" \/>\n<meta property=\"og:locale\" content=\"pt_PT\" \/>\n<meta property=\"og:type\" content=\"article\" \/>\n<meta property=\"og:title\" content=\"Impress\u00e3o para a aplica\u00e7\u00e3o Vonde Pro - Vondetech\" \/>\n<meta property=\"og:description\" content=\"[vc_row][vc_column][vc_empty_space][vc_column_text el_class=&#8221;legal-text&#8221;]Informa\u00e7\u00f5es sobre a empresa: Tecnologia Vonde Sobre a Vonde Technology LLC: A Vonde Pro App \u00e9 uma aplica\u00e7\u00e3o m\u00f3vel inovadora desenvolvida e operada atrav\u00e9s da colabora\u00e7\u00e3o de duas entidades: A Vonde Technology LLC (EUA) gere os mercados globais e a expans\u00e3o internacional. KMAK Kelet-Magyarorsz\u00e1gi Adatk\u00f6zpont Kft. (Europa, Hungria) ocupa-se do desenvolvimento e das tarefas [&hellip;]\" \/>\n<meta property=\"og:url\" content=\"https:\/\/vondetech.com\/pt-pt\/impressao-para-a-aplicacao-vonde-pro\/\" \/>\n<meta property=\"og:site_name\" content=\"Vondetech\" \/>\n<meta property=\"article:modified_time\" content=\"2025-03-20T14:59:43+00:00\" \/>\n<meta name=\"twitter:card\" content=\"summary_large_image\" \/>\n<meta name=\"twitter:label1\" content=\"Tempo estimado de leitura\" \/>\n\t<meta name=\"twitter:data1\" content=\"1 minuto\" \/>\n<script type=\"application\/ld+json\" class=\"yoast-schema-graph\">{\"@context\":\"https:\/\/schema.org\",\"@graph\":[{\"@type\":\"WebPage\",\"@id\":\"https:\/\/vondetech.com\/pt-pt\/impressao-para-a-aplicacao-vonde-pro\/\",\"url\":\"https:\/\/vondetech.com\/pt-pt\/impressao-para-a-aplicacao-vonde-pro\/\",\"name\":\"Impress\u00e3o para a aplica\u00e7\u00e3o Vonde Pro - Vondetech\",\"isPartOf\":{\"@id\":\"https:\/\/vondetech.com\/pt-pt\/#website\"},\"datePublished\":\"2025-03-19T08:20:16+00:00\",\"dateModified\":\"2025-03-20T14:59:43+00:00\",\"breadcrumb\":{\"@id\":\"https:\/\/vondetech.com\/pt-pt\/impressao-para-a-aplicacao-vonde-pro\/#breadcrumb\"},\"inLanguage\":\"pt-PT\",\"potentialAction\":[{\"@type\":\"ReadAction\",\"target\":[\"https:\/\/vondetech.com\/pt-pt\/impressao-para-a-aplicacao-vonde-pro\/\"]}]},{\"@type\":\"BreadcrumbList\",\"@id\":\"https:\/\/vondetech.com\/pt-pt\/impressao-para-a-aplicacao-vonde-pro\/#breadcrumb\",\"itemListElement\":[{\"@type\":\"ListItem\",\"position\":1,\"name\":\"Casa\",\"item\":\"https:\/\/vondetech.com\/pt-pt\/casa\/\"},{\"@type\":\"ListItem\",\"position\":2,\"name\":\"Impress\u00e3o para a aplica\u00e7\u00e3o Vonde Pro\"}]},{\"@type\":\"WebSite\",\"@id\":\"https:\/\/vondetech.com\/pt-pt\/#website\",\"url\":\"https:\/\/vondetech.com\/pt-pt\/\",\"name\":\"Vondetech\",\"description\":\"\",\"potentialAction\":[{\"@type\":\"SearchAction\",\"target\":{\"@type\":\"EntryPoint\",\"urlTemplate\":\"https:\/\/vondetech.com\/pt-pt\/?s={search_term_string}\"},\"query-input\":{\"@type\":\"PropertyValueSpecification\",\"valueRequired\":true,\"valueName\":\"search_term_string\"}}],\"inLanguage\":\"pt-PT\"}]}<\/script>\n<!-- \/ Yoast SEO plugin. -->","yoast_head_json":{"title":"Impress\u00e3o para a aplica\u00e7\u00e3o Vonde Pro - Vondetech","robots":{"index":"index","follow":"follow","max-snippet":"max-snippet:-1","max-image-preview":"max-image-preview:large","max-video-preview":"max-video-preview:-1"},"canonical":"https:\/\/vondetech.com\/pt-pt\/impressao-para-a-aplicacao-vonde-pro\/","og_locale":"pt_PT","og_type":"article","og_title":"Impress\u00e3o para a aplica\u00e7\u00e3o Vonde Pro - Vondetech","og_description":"[vc_row][vc_column][vc_empty_space][vc_column_text el_class=&#8221;legal-text&#8221;]Informa\u00e7\u00f5es sobre a empresa: Tecnologia Vonde Sobre a Vonde Technology LLC: A Vonde Pro App \u00e9 uma aplica\u00e7\u00e3o m\u00f3vel inovadora desenvolvida e operada atrav\u00e9s da colabora\u00e7\u00e3o de duas entidades: A Vonde Technology LLC (EUA) gere os mercados globais e a expans\u00e3o internacional. KMAK Kelet-Magyarorsz\u00e1gi Adatk\u00f6zpont Kft. (Europa, Hungria) ocupa-se do desenvolvimento e das tarefas [&hellip;]","og_url":"https:\/\/vondetech.com\/pt-pt\/impressao-para-a-aplicacao-vonde-pro\/","og_site_name":"Vondetech","article_modified_time":"2025-03-20T14:59:43+00:00","twitter_card":"summary_large_image","twitter_misc":{"Tempo estimado de leitura":"1 minuto"},"schema":{"@context":"https:\/\/schema.org","@graph":[{"@type":"WebPage","@id":"https:\/\/vondetech.com\/pt-pt\/impressao-para-a-aplicacao-vonde-pro\/","url":"https:\/\/vondetech.com\/pt-pt\/impressao-para-a-aplicacao-vonde-pro\/","name":"Impress\u00e3o para a aplica\u00e7\u00e3o Vonde Pro - Vondetech","isPartOf":{"@id":"https:\/\/vondetech.com\/pt-pt\/#website"},"datePublished":"2025-03-19T08:20:16+00:00","dateModified":"2025-03-20T14:59:43+00:00","breadcrumb":{"@id":"https:\/\/vondetech.com\/pt-pt\/impressao-para-a-aplicacao-vonde-pro\/#breadcrumb"},"inLanguage":"pt-PT","potentialAction":[{"@type":"ReadAction","target":["https:\/\/vondetech.com\/pt-pt\/impressao-para-a-aplicacao-vonde-pro\/"]}]},{"@type":"BreadcrumbList","@id":"https:\/\/vondetech.com\/pt-pt\/impressao-para-a-aplicacao-vonde-pro\/#breadcrumb","itemListElement":[{"@type":"ListItem","position":1,"name":"Casa","item":"https:\/\/vondetech.com\/pt-pt\/casa\/"},{"@type":"ListItem","position":2,"name":"Impress\u00e3o para a aplica\u00e7\u00e3o Vonde Pro"}]},{"@type":"WebSite","@id":"https:\/\/vondetech.com\/pt-pt\/#website","url":"https:\/\/vondetech.com\/pt-pt\/","name":"Vondetech","description":"","potentialAction":[{"@type":"SearchAction","target":{"@type":"EntryPoint","urlTemplate":"https:\/\/vondetech.com\/pt-pt\/?s={search_term_string}"},"query-input":{"@type":"PropertyValueSpecification","valueRequired":true,"valueName":"search_term_string"}}],"inLanguage":"pt-PT"}]}},"_links":{"self":[{"href":"https:\/\/vondetech.com\/pt-pt\/wp-json\/wp\/v2\/pages\/20949","targetHints":{"allow":["GET"]}}],"collection":[{"href":"https:\/\/vondetech.com\/pt-pt\/wp-json\/wp\/v2\/pages"}],"about":[{"href":"https:\/\/vondetech.com\/pt-pt\/wp-json\/wp\/v2\/types\/page"}],"author":[{"embeddable":true,"href":"https:\/\/vondetech.com\/pt-pt\/wp-json\/wp\/v2\/users\/1"}],"replies":[{"embeddable":true,"href":"https:\/\/vondetech.com\/pt-pt\/wp-json\/wp\/v2\/comments?post=20949"}],"version-history":[{"count":4,"href":"https:\/\/vondetech.com\/pt-pt\/wp-json\/wp\/v2\/pages\/20949\/revisions"}],"predecessor-version":[{"id":20984,"href":"https:\/\/vondetech.com\/pt-pt\/wp-json\/wp\/v2\/pages\/20949\/revisions\/20984"}],"wp:attachment":[{"href":"https:\/\/vondetech.com\/pt-pt\/wp-json\/wp\/v2\/media?parent=20949"}],"curies":[{"name":"wp","href":"https:\/\/api.w.org\/{rel}","templated":true}]}}