{"id":20771,"date":"2025-03-19T09:19:24","date_gmt":"2025-03-19T08:19:24","guid":{"rendered":"https:\/\/vondetech.com\/eula\/"},"modified":"2025-03-20T15:50:09","modified_gmt":"2025-03-20T14:50:09","slug":"eula","status":"publish","type":"page","link":"https:\/\/vondetech.com\/pt-pt\/eula\/","title":{"rendered":"EULA"},"content":{"rendered":"<div class=\"wpb-content-wrapper\"><p>[vc_row][vc_column][vc_empty_space][vc_column_text el_class=&#8221;legal-text&#8221;]<strong>IMPORTANTE &#8211; L\u00ca COM ATEN\u00c7\u00c3O:<\/strong> Este Contrato de Licen\u00e7a de Utilizador Final (&#8220;EULA&#8221;) \u00e9 um acordo legal entre o utilizador (&#8220;Licenciado&#8221; ou &#8220;tu&#8221;) e a KMAK Kelet-Magyarorsz\u00e1gi Adatk\u00f6zpont Kft. (&#8220;Licenciador&#8221; ou &#8220;n\u00f3s&#8221;) para a aplica\u00e7\u00e3o de software Vonde Pro App (&#8220;Aplica\u00e7\u00e3o&#8221;). Ao instalar, copiar ou utilizar a Aplica\u00e7\u00e3o, o utilizador concorda em ficar vinculado aos termos deste EULA. Se n\u00e3o concordares com os termos deste EULA, n\u00e3o instales nem utilizes a aplica\u00e7\u00e3o.   <\/p>\n<ol>\n<li><strong>  Concess\u00e3o de licen\u00e7a:<\/strong><\/li>\n<\/ol>\n<p>O Concession\u00e1rio concede-te uma licen\u00e7a limitada, n\u00e3o exclusiva, intransmiss\u00edvel e revog\u00e1vel para utilizares a Aplica\u00e7\u00e3o num \u00fanico dispositivo m\u00f3vel para tua utiliza\u00e7\u00e3o pessoal e n\u00e3o comercial.<\/p>\n<ol start=\"2\">\n<li><strong>  Restri\u00e7\u00f5es:<\/strong><\/li>\n<\/ol>\n<p>N\u00e3o o far\u00e1s:<\/p>\n<ul>\n<li>Modifica, adapta ou faz engenharia inversa da Aplica\u00e7\u00e3o, ou tenta obter o seu c\u00f3digo fonte.<\/li>\n<li>Utiliza a Aplica\u00e7\u00e3o comercialmente, ou vende, distribui, arrenda, sublicencia, aluga, empresta ou transfere de outra forma a Aplica\u00e7\u00e3o a terceiros.<\/li>\n<li>Remover, alterar ou ocultar quaisquer direitos de autor, marcas comerciais ou outros avisos de propriedade.<\/li>\n<li>Utilizar a aplica\u00e7\u00e3o de qualquer forma que viole as leis ou regulamentos aplic\u00e1veis, infrinja os direitos de propriedade intelectual de terceiros ou tente contornar as medidas de seguran\u00e7a da aplica\u00e7\u00e3o.<\/li>\n<li>Utilizar a aplica\u00e7\u00e3o para qualquer atividade ilegal, incluindo, mas n\u00e3o se limitando a, transmitir ou armazenar material ilegal, ou envolver-se em qualquer atividade que possa danificar, desativar, sobrecarregar ou prejudicar a aplica\u00e7\u00e3o ou os seus servi\u00e7os.<\/li>\n<\/ul>\n<ol start=\"3\">\n<li><strong>  Propriedade:<\/strong><\/li>\n<\/ol>\n<p>A Aplica\u00e7\u00e3o \u00e9 propriedade do Licenciador e est\u00e1 protegida por direitos de autor e outras leis de propriedade intelectual. A tua licen\u00e7a n\u00e3o confere qualquer t\u00edtulo ou propriedade sobre a Aplica\u00e7\u00e3o. <\/p>\n<ol start=\"4\">\n<li><strong>  Privacidade:<\/strong><\/li>\n<\/ol>\n<p>A utiliza\u00e7\u00e3o da aplica\u00e7\u00e3o est\u00e1 sujeita \u00e0 nossa Pol\u00edtica de privacidade, que descreve detalhadamente as nossas pr\u00e1ticas de recolha, processamento e prote\u00e7\u00e3o de dados. Ao utilizar a Aplica\u00e7\u00e3o, consente com os termos detalhados na Pol\u00edtica de Privacidade. Podes encontrar a nossa Pol\u00edtica de Privacidade em:    [Link to Privacy Policy]<\/p>\n<ol start=\"5\">\n<li><strong>  Ren\u00fancia de garantias:<\/strong><\/li>\n<\/ol>\n<p>A aplica\u00e7\u00e3o \u00e9 fornecida &#8220;TAL COMO EST\u00c1&#8221; e &#8220;CONFORME DISPON\u00cdVEL&#8221;, sem garantias de qualquer tipo. A Vonde Technology renuncia a todas as garantias, sejam elas expressas, impl\u00edcitas, estatut\u00e1rias ou de outra forma, incluindo, mas n\u00e3o se limitando a, garantias impl\u00edcitas de comercializa\u00e7\u00e3o, adequa\u00e7\u00e3o a uma finalidade espec\u00edfica, n\u00e3o viola\u00e7\u00e3o e quaisquer garantias decorrentes do curso de negocia\u00e7\u00e3o ou uso do com\u00e9rcio. <\/p>\n<ol start=\"6\">\n<li><strong>  Limita\u00e7\u00e3o de responsabilidade:<\/strong><\/li>\n<\/ol>\n<p>At\u00e9 ao limite m\u00e1ximo permitido pela lei aplic\u00e1vel, em nenhuma circunst\u00e2ncia o Vonde Technology ser\u00e1 respons\u00e1vel por quaisquer danos indirectos, incidentais, especiais, consequenciais ou punitivos (incluindo, sem limita\u00e7\u00e3o, danos por perda de lucros, dados ou utiliza\u00e7\u00e3o) decorrentes ou relacionados com a sua utiliza\u00e7\u00e3o ou incapacidade de utilizar a Aplica\u00e7\u00e3o, mesmo que o Vonde Technology tenha sido avisado da possibilidade de tais danos. A responsabilidade total da Vonde Technology para com voc\u00ea por toda e qualquer reivindica\u00e7\u00e3o decorrente ou relacionada a este EULA ou ao Aplicativo dever\u00e1 ser limitada ao valor pago por voc\u00ea, se houver, pelo acesso ao Aplicativo. <\/p>\n<ol start=\"7\">\n<li><strong>  Indemniza\u00e7\u00e3o:<\/strong><\/li>\n<\/ol>\n<p>Concorda em indemnizar e isentar a Vonde Technology, as suas afiliadas, funcion\u00e1rios, diretores e agentes de todas e quaisquer reivindica\u00e7\u00f5es, danos, responsabilidades, perdas ou despesas (incluindo honor\u00e1rios razo\u00e1veis de advogados) decorrentes ou relacionados com a utiliza\u00e7\u00e3o indevida da Aplica\u00e7\u00e3o, a viola\u00e7\u00e3o deste EULA ou a infra\u00e7\u00e3o de qualquer propriedade intelectual ou outro direito de qualquer pessoa ou entidade.<\/p>\n<ol start=\"8\">\n<li><strong>  Rescis\u00e3o:<\/strong><\/li>\n<\/ol>\n<p>O presente Contrato \u00e9 v\u00e1lido at\u00e9 ser rescindido por ti ou pelo Licenciador. O Licenciador poder\u00e1 rescindir o presente Contrato a qualquer momento se o utilizador n\u00e3o cumprir qualquer termo do presente Contrato. Ap\u00f3s a rescis\u00e3o, deves cessar toda a utiliza\u00e7\u00e3o da Aplica\u00e7\u00e3o e destruir todas as c\u00f3pias, totais ou parciais, da Aplica\u00e7\u00e3o.  <\/p>\n<ol start=\"9\">\n<li><strong>  Lei aplic\u00e1vel:<\/strong><\/li>\n<\/ol>\n<p>Este EULA \u00e9 regido e interpretado de acordo com as leis da Hungria. Qualquer lit\u00edgio resultante ou relacionado com este EULA estar\u00e1 sujeito \u00e0 jurisdi\u00e7\u00e3o exclusiva dos tribunais localizados em Budapeste, Hungria. <\/p>\n<ol start=\"10\">\n<li><strong>  Altera\u00e7\u00f5es ao presente EULA:<\/strong><\/li>\n<\/ol>\n<p>Reservamo-nos o direito de atualizar ou modificar este EULA periodicamente. As altera\u00e7\u00f5es materiais ser\u00e3o comunicadas ao utilizador atrav\u00e9s de notifica\u00e7\u00f5es da aplica\u00e7\u00e3o, e-mail registado ou atrav\u00e9s da publica\u00e7\u00e3o de um aviso na aplica\u00e7\u00e3o ou no nosso website. A tua utiliza\u00e7\u00e3o continuada da Aplica\u00e7\u00e3o ap\u00f3s tais altera\u00e7\u00f5es constitui a tua aceita\u00e7\u00e3o do EULA revisto.  <\/p>\n<ol start=\"11\">\n<li><strong>  Informa\u00e7\u00f5es de contacto:<\/strong><\/li>\n<\/ol>\n<p>Para quest\u00f5es relativas ao presente EULA ou a quaisquer assuntos relacionados, contacta-nos atrav\u00e9s de<\/p>\n<p>KMAK Kelet-Magyarorsz\u00e1gi Adatk\u00f6zpont Kft.<\/p>\n<p>H-5000 Szolnok, Szap\u00e1ry utca 20.<\/p>\n<p>Correio eletr\u00f3nico: info@vondetechnology.com<\/p>\n<p>S\u00edtio Web: https:\/\/www.vondetech.com<\/p>\n<ol start=\"12\">\n<li><strong>  Acordo integral:<\/strong><\/li>\n<\/ol>\n<p>Este EULA constitui o acordo integral entre o utilizador e o Concession\u00e1rio relativamente \u00e0 Aplica\u00e7\u00e3o e substitui todas as comunica\u00e7\u00f5es e propostas anteriores ou contempor\u00e2neas, quer orais quer escritas.[\/vc_column_text][\/vc_column][\/vc_row]<\/p>\n<\/div>","protected":false},"excerpt":{"rendered":"<p>[vc_row][vc_column][vc_empty_space][vc_column_text el_class=&#8221;legal-text&#8221;]IMPORTANTE &#8211; L\u00ca COM ATEN\u00c7\u00c3O: Este Contrato de Licen\u00e7a de Utilizador Final (&#8220;EULA&#8221;) \u00e9 um acordo legal entre o utilizador (&#8220;Licenciado&#8221; ou &#8220;tu&#8221;) e a KMAK Kelet-Magyarorsz\u00e1gi Adatk\u00f6zpont Kft. (&#8220;Licenciador&#8221; ou &#8220;n\u00f3s&#8221;) para a aplica\u00e7\u00e3o de software Vonde Pro App (&#8220;Aplica\u00e7\u00e3o&#8221;). Ao instalar, copiar ou utilizar a Aplica\u00e7\u00e3o, o utilizador concorda em ficar vinculado [&hellip;]<\/p>\n","protected":false},"author":1,"featured_media":0,"parent":0,"menu_order":0,"comment_status":"closed","ping_status":"closed","template":"","meta":{"footnotes":""},"class_list":["post-20771","page","type-page","status-publish","hentry"],"yoast_head":"<!-- This site is optimized with the Yoast SEO plugin v24.7 - https:\/\/yoast.com\/wordpress\/plugins\/seo\/ -->\n<title>EULA - Vondetech<\/title>\n<meta name=\"robots\" content=\"index, follow, max-snippet:-1, max-image-preview:large, max-video-preview:-1\" \/>\n<link rel=\"canonical\" href=\"https:\/\/vondetech.com\/pt-pt\/eula\/\" \/>\n<meta property=\"og:locale\" content=\"pt_PT\" \/>\n<meta property=\"og:type\" content=\"article\" \/>\n<meta property=\"og:title\" content=\"EULA - Vondetech\" \/>\n<meta property=\"og:description\" content=\"[vc_row][vc_column][vc_empty_space][vc_column_text el_class=&#8221;legal-text&#8221;]IMPORTANTE &#8211; L\u00ca COM ATEN\u00c7\u00c3O: Este Contrato de Licen\u00e7a de Utilizador Final (&#8220;EULA&#8221;) \u00e9 um acordo legal entre o utilizador (&#8220;Licenciado&#8221; ou &#8220;tu&#8221;) e a KMAK Kelet-Magyarorsz\u00e1gi Adatk\u00f6zpont Kft. (&#8220;Licenciador&#8221; ou &#8220;n\u00f3s&#8221;) para a aplica\u00e7\u00e3o de software Vonde Pro App (&#8220;Aplica\u00e7\u00e3o&#8221;). Ao instalar, copiar ou utilizar a Aplica\u00e7\u00e3o, o utilizador concorda em ficar vinculado [&hellip;]\" \/>\n<meta property=\"og:url\" content=\"https:\/\/vondetech.com\/pt-pt\/eula\/\" \/>\n<meta property=\"og:site_name\" content=\"Vondetech\" \/>\n<meta property=\"article:modified_time\" content=\"2025-03-20T14:50:09+00:00\" \/>\n<meta name=\"twitter:card\" content=\"summary_large_image\" \/>\n<meta name=\"twitter:label1\" content=\"Tempo estimado de leitura\" \/>\n\t<meta name=\"twitter:data1\" content=\"4 minutos\" \/>\n<script type=\"application\/ld+json\" class=\"yoast-schema-graph\">{\"@context\":\"https:\/\/schema.org\",\"@graph\":[{\"@type\":\"WebPage\",\"@id\":\"https:\/\/vondetech.com\/pt-pt\/eula\/\",\"url\":\"https:\/\/vondetech.com\/pt-pt\/eula\/\",\"name\":\"EULA - Vondetech\",\"isPartOf\":{\"@id\":\"https:\/\/vondetech.com\/pt-pt\/#website\"},\"datePublished\":\"2025-03-19T08:19:24+00:00\",\"dateModified\":\"2025-03-20T14:50:09+00:00\",\"breadcrumb\":{\"@id\":\"https:\/\/vondetech.com\/pt-pt\/eula\/#breadcrumb\"},\"inLanguage\":\"pt-PT\",\"potentialAction\":[{\"@type\":\"ReadAction\",\"target\":[\"https:\/\/vondetech.com\/pt-pt\/eula\/\"]}]},{\"@type\":\"BreadcrumbList\",\"@id\":\"https:\/\/vondetech.com\/pt-pt\/eula\/#breadcrumb\",\"itemListElement\":[{\"@type\":\"ListItem\",\"position\":1,\"name\":\"Casa\",\"item\":\"https:\/\/vondetech.com\/pt-pt\/casa\/\"},{\"@type\":\"ListItem\",\"position\":2,\"name\":\"EULA\"}]},{\"@type\":\"WebSite\",\"@id\":\"https:\/\/vondetech.com\/pt-pt\/#website\",\"url\":\"https:\/\/vondetech.com\/pt-pt\/\",\"name\":\"Vondetech\",\"description\":\"\",\"potentialAction\":[{\"@type\":\"SearchAction\",\"target\":{\"@type\":\"EntryPoint\",\"urlTemplate\":\"https:\/\/vondetech.com\/pt-pt\/?s={search_term_string}\"},\"query-input\":{\"@type\":\"PropertyValueSpecification\",\"valueRequired\":true,\"valueName\":\"search_term_string\"}}],\"inLanguage\":\"pt-PT\"}]}<\/script>\n<!-- \/ Yoast SEO plugin. -->","yoast_head_json":{"title":"EULA - Vondetech","robots":{"index":"index","follow":"follow","max-snippet":"max-snippet:-1","max-image-preview":"max-image-preview:large","max-video-preview":"max-video-preview:-1"},"canonical":"https:\/\/vondetech.com\/pt-pt\/eula\/","og_locale":"pt_PT","og_type":"article","og_title":"EULA - Vondetech","og_description":"[vc_row][vc_column][vc_empty_space][vc_column_text el_class=&#8221;legal-text&#8221;]IMPORTANTE &#8211; L\u00ca COM ATEN\u00c7\u00c3O: Este Contrato de Licen\u00e7a de Utilizador Final (&#8220;EULA&#8221;) \u00e9 um acordo legal entre o utilizador (&#8220;Licenciado&#8221; ou &#8220;tu&#8221;) e a KMAK Kelet-Magyarorsz\u00e1gi Adatk\u00f6zpont Kft. (&#8220;Licenciador&#8221; ou &#8220;n\u00f3s&#8221;) para a aplica\u00e7\u00e3o de software Vonde Pro App (&#8220;Aplica\u00e7\u00e3o&#8221;). Ao instalar, copiar ou utilizar a Aplica\u00e7\u00e3o, o utilizador concorda em ficar vinculado [&hellip;]","og_url":"https:\/\/vondetech.com\/pt-pt\/eula\/","og_site_name":"Vondetech","article_modified_time":"2025-03-20T14:50:09+00:00","twitter_card":"summary_large_image","twitter_misc":{"Tempo estimado de leitura":"4 minutos"},"schema":{"@context":"https:\/\/schema.org","@graph":[{"@type":"WebPage","@id":"https:\/\/vondetech.com\/pt-pt\/eula\/","url":"https:\/\/vondetech.com\/pt-pt\/eula\/","name":"EULA - Vondetech","isPartOf":{"@id":"https:\/\/vondetech.com\/pt-pt\/#website"},"datePublished":"2025-03-19T08:19:24+00:00","dateModified":"2025-03-20T14:50:09+00:00","breadcrumb":{"@id":"https:\/\/vondetech.com\/pt-pt\/eula\/#breadcrumb"},"inLanguage":"pt-PT","potentialAction":[{"@type":"ReadAction","target":["https:\/\/vondetech.com\/pt-pt\/eula\/"]}]},{"@type":"BreadcrumbList","@id":"https:\/\/vondetech.com\/pt-pt\/eula\/#breadcrumb","itemListElement":[{"@type":"ListItem","position":1,"name":"Casa","item":"https:\/\/vondetech.com\/pt-pt\/casa\/"},{"@type":"ListItem","position":2,"name":"EULA"}]},{"@type":"WebSite","@id":"https:\/\/vondetech.com\/pt-pt\/#website","url":"https:\/\/vondetech.com\/pt-pt\/","name":"Vondetech","description":"","potentialAction":[{"@type":"SearchAction","target":{"@type":"EntryPoint","urlTemplate":"https:\/\/vondetech.com\/pt-pt\/?s={search_term_string}"},"query-input":{"@type":"PropertyValueSpecification","valueRequired":true,"valueName":"search_term_string"}}],"inLanguage":"pt-PT"}]}},"_links":{"self":[{"href":"https:\/\/vondetech.com\/pt-pt\/wp-json\/wp\/v2\/pages\/20771","targetHints":{"allow":["GET"]}}],"collection":[{"href":"https:\/\/vondetech.com\/pt-pt\/wp-json\/wp\/v2\/pages"}],"about":[{"href":"https:\/\/vondetech.com\/pt-pt\/wp-json\/wp\/v2\/types\/page"}],"author":[{"embeddable":true,"href":"https:\/\/vondetech.com\/pt-pt\/wp-json\/wp\/v2\/users\/1"}],"replies":[{"embeddable":true,"href":"https:\/\/vondetech.com\/pt-pt\/wp-json\/wp\/v2\/comments?post=20771"}],"version-history":[{"count":4,"href":"https:\/\/vondetech.com\/pt-pt\/wp-json\/wp\/v2\/pages\/20771\/revisions"}],"predecessor-version":[{"id":20805,"href":"https:\/\/vondetech.com\/pt-pt\/wp-json\/wp\/v2\/pages\/20771\/revisions\/20805"}],"wp:attachment":[{"href":"https:\/\/vondetech.com\/pt-pt\/wp-json\/wp\/v2\/media?parent=20771"}],"curies":[{"name":"wp","href":"https:\/\/api.w.org\/{rel}","templated":true}]}}