{"id":20970,"date":"2025-03-19T09:20:16","date_gmt":"2025-03-19T08:20:16","guid":{"rendered":"https:\/\/vondetech.com\/nadruk-dla-aplikacji-vonde-pro\/"},"modified":"2025-03-20T15:59:43","modified_gmt":"2025-03-20T14:59:43","slug":"nadruk-dla-aplikacji-vonde-pro","status":"publish","type":"page","link":"https:\/\/vondetech.com\/pl\/nadruk-dla-aplikacji-vonde-pro\/","title":{"rendered":"Nadruk dla aplikacji Vonde Pro"},"content":{"rendered":"<div class=\"wpb-content-wrapper\"><p>[vc_row][vc_column][vc_empty_space][vc_column_text el_class=&#8221;legal-text&#8221;]<strong>Informacje o firmie:<\/strong><\/p>\n<p>Technologia Vonde<\/p>\n<p><strong>O Vonde Technology LLC:<\/strong><\/p>\n<p>Vonde Pro App to innowacyjna aplikacja mobilna opracowana i obs\u0142ugiwana dzi\u0119ki wsp\u00f3\u0142pracy dw\u00f3ch podmiot\u00f3w:<\/p>\n<ul>\n<li>Vonde Technology LLC (USA) zarz\u0105dza globalnymi rynkami i mi\u0119dzynarodow\u0105 ekspansj\u0105.<\/li>\n<li>KMAK Kelet-Magyarorsz\u00e1gi Adatk\u00f6zpont Kft. (Europa, W\u0119gry) zajmuje si\u0119 rozwojem i powi\u0105zanymi zadaniami operacyjnymi.<\/li>\n<\/ul>\n<p><strong>Obs\u0142ugiwany przez:<\/strong><\/p>\n<p>KMAK Kelet-Magyarorsz\u00e1gi Adatk\u00f6zpont Kft.<\/p>\n<p><strong>Zarejestrowany adres:<\/strong><\/p>\n<p>H-5000 Szolnok, Szap\u00e1ry utca 20. W\u0119gry<\/p>\n<p><strong>Informacje kontaktowe:<\/strong><\/p>\n<p>E-mail: info@vondetechnology.com<\/p>\n<p><strong>Dyrektor zarz\u0105dzaj\u0105cy:<\/strong><\/p>\n<p>Laszlo Berta<\/p>\n<p><strong>Rejestracja sp\u00f3\u0142ki:<\/strong><\/p>\n<p>D-U-N-S: 401605625<\/p>\n<p>S\u0105d Rejestrowy: [poda\u0107 s\u0105d rejestrowy, np. s\u0105d rejonowy w Szolnok].<\/p>\n<p><strong>Numer identyfikacyjny VAT:<\/strong><\/p>\n<p>HU24373427<\/p>\n<p><strong>Inspektor ochrony danych:<\/strong><\/p>\n<p>W przypadku pyta\u0144 dotycz\u0105cych ochrony danych prosimy o kontakt z naszym inspektorem ochrony danych pod adresem:<\/p>\n<p>E-mail: info@vondetechnology.com<\/p>\n<p><strong>Wy\u0142\u0105czenie odpowiedzialno\u015bci:<\/strong><\/p>\n<p>Pomimo starannego monitorowania tre\u015bci, nie ponosimy odpowiedzialno\u015bci za tre\u015b\u0107 link\u00f3w zewn\u0119trznych. Operatorzy stron, do kt\u00f3rych prowadz\u0105 linki, ponosz\u0105 wy\u0142\u0105czn\u0105 odpowiedzialno\u015b\u0107 za ich zawarto\u015b\u0107. <\/p>\n<p><strong>Rozstrzyganie spor\u00f3w:<\/strong><\/p>\n<p>Zgodnie z przepisami UE spory mog\u0105 by\u0107 rozstrzygane za po\u015brednictwem platformy internetowego rozstrzygania spor\u00f3w Komisji Europejskiej: http:\/\/ec.europa.eu\/consumers\/odr.<\/p>\n<p><strong>Informacje kontaktowe:<\/strong><\/p>\n<p>Pytania og\u00f3lne:<\/p>\n<p>E-mail: info@vondetechnology.com<\/p>\n<p>Niniejsze Impresszum jest zgodne z przepisami i normami UE maj\u0105cymi zastosowanie do podmiot\u00f3w handlowych dzia\u0142aj\u0105cych na rynkach Unii Europejskiej.[\/vc_column_text][\/vc_column][\/vc_row]<\/p>\n<\/div>","protected":false},"excerpt":{"rendered":"<p>[vc_row][vc_column][vc_empty_space][vc_column_text el_class=&#8221;legal-text&#8221;]Informacje o firmie: Technologia Vonde O Vonde Technology LLC: Vonde Pro App to innowacyjna aplikacja mobilna opracowana i obs\u0142ugiwana dzi\u0119ki wsp\u00f3\u0142pracy dw\u00f3ch podmiot\u00f3w: Vonde Technology LLC (USA) zarz\u0105dza globalnymi rynkami i mi\u0119dzynarodow\u0105 ekspansj\u0105. KMAK Kelet-Magyarorsz\u00e1gi Adatk\u00f6zpont Kft. (Europa, W\u0119gry) zajmuje si\u0119 rozwojem i powi\u0105zanymi zadaniami operacyjnymi. Obs\u0142ugiwany przez: KMAK Kelet-Magyarorsz\u00e1gi Adatk\u00f6zpont Kft. Zarejestrowany adres: [&hellip;]<\/p>\n","protected":false},"author":1,"featured_media":0,"parent":0,"menu_order":0,"comment_status":"closed","ping_status":"closed","template":"","meta":{"footnotes":""},"class_list":["post-20970","page","type-page","status-publish","hentry"],"yoast_head":"<!-- This site is optimized with the Yoast SEO plugin v24.7 - https:\/\/yoast.com\/wordpress\/plugins\/seo\/ -->\n<title>Nadruk dla aplikacji Vonde Pro - Vondetech<\/title>\n<meta name=\"robots\" content=\"index, follow, max-snippet:-1, max-image-preview:large, max-video-preview:-1\" \/>\n<link rel=\"canonical\" href=\"https:\/\/vondetech.com\/pl\/nadruk-dla-aplikacji-vonde-pro\/\" \/>\n<meta property=\"og:locale\" content=\"pl_PL\" \/>\n<meta property=\"og:type\" content=\"article\" \/>\n<meta property=\"og:title\" content=\"Nadruk dla aplikacji Vonde Pro - Vondetech\" \/>\n<meta property=\"og:description\" content=\"[vc_row][vc_column][vc_empty_space][vc_column_text el_class=&#8221;legal-text&#8221;]Informacje o firmie: Technologia Vonde O Vonde Technology LLC: Vonde Pro App to innowacyjna aplikacja mobilna opracowana i obs\u0142ugiwana dzi\u0119ki wsp\u00f3\u0142pracy dw\u00f3ch podmiot\u00f3w: Vonde Technology LLC (USA) zarz\u0105dza globalnymi rynkami i mi\u0119dzynarodow\u0105 ekspansj\u0105. KMAK Kelet-Magyarorsz\u00e1gi Adatk\u00f6zpont Kft. (Europa, W\u0119gry) zajmuje si\u0119 rozwojem i powi\u0105zanymi zadaniami operacyjnymi. Obs\u0142ugiwany przez: KMAK Kelet-Magyarorsz\u00e1gi Adatk\u00f6zpont Kft. Zarejestrowany adres: [&hellip;]\" \/>\n<meta property=\"og:url\" content=\"https:\/\/vondetech.com\/pl\/nadruk-dla-aplikacji-vonde-pro\/\" \/>\n<meta property=\"og:site_name\" content=\"Vondetech\" \/>\n<meta property=\"article:modified_time\" content=\"2025-03-20T14:59:43+00:00\" \/>\n<meta name=\"twitter:card\" content=\"summary_large_image\" \/>\n<meta name=\"twitter:label1\" content=\"Szacowany czas czytania\" \/>\n\t<meta name=\"twitter:data1\" content=\"1 minuta\" \/>\n<script type=\"application\/ld+json\" class=\"yoast-schema-graph\">{\"@context\":\"https:\/\/schema.org\",\"@graph\":[{\"@type\":\"WebPage\",\"@id\":\"https:\/\/vondetech.com\/pl\/nadruk-dla-aplikacji-vonde-pro\/\",\"url\":\"https:\/\/vondetech.com\/pl\/nadruk-dla-aplikacji-vonde-pro\/\",\"name\":\"Nadruk dla aplikacji Vonde Pro - Vondetech\",\"isPartOf\":{\"@id\":\"https:\/\/vondetech.com\/pl\/#website\"},\"datePublished\":\"2025-03-19T08:20:16+00:00\",\"dateModified\":\"2025-03-20T14:59:43+00:00\",\"breadcrumb\":{\"@id\":\"https:\/\/vondetech.com\/pl\/nadruk-dla-aplikacji-vonde-pro\/#breadcrumb\"},\"inLanguage\":\"pl-PL\",\"potentialAction\":[{\"@type\":\"ReadAction\",\"target\":[\"https:\/\/vondetech.com\/pl\/nadruk-dla-aplikacji-vonde-pro\/\"]}]},{\"@type\":\"BreadcrumbList\",\"@id\":\"https:\/\/vondetech.com\/pl\/nadruk-dla-aplikacji-vonde-pro\/#breadcrumb\",\"itemListElement\":[{\"@type\":\"ListItem\",\"position\":1,\"name\":\"Strona g\u0142\u00f3wna\",\"item\":\"https:\/\/vondetech.com\/pl\/strona-glowna\/\"},{\"@type\":\"ListItem\",\"position\":2,\"name\":\"Nadruk dla aplikacji Vonde Pro\"}]},{\"@type\":\"WebSite\",\"@id\":\"https:\/\/vondetech.com\/pl\/#website\",\"url\":\"https:\/\/vondetech.com\/pl\/\",\"name\":\"Vondetech\",\"description\":\"\",\"potentialAction\":[{\"@type\":\"SearchAction\",\"target\":{\"@type\":\"EntryPoint\",\"urlTemplate\":\"https:\/\/vondetech.com\/pl\/?s={search_term_string}\"},\"query-input\":{\"@type\":\"PropertyValueSpecification\",\"valueRequired\":true,\"valueName\":\"search_term_string\"}}],\"inLanguage\":\"pl-PL\"}]}<\/script>\n<!-- \/ Yoast SEO plugin. -->","yoast_head_json":{"title":"Nadruk dla aplikacji Vonde Pro - Vondetech","robots":{"index":"index","follow":"follow","max-snippet":"max-snippet:-1","max-image-preview":"max-image-preview:large","max-video-preview":"max-video-preview:-1"},"canonical":"https:\/\/vondetech.com\/pl\/nadruk-dla-aplikacji-vonde-pro\/","og_locale":"pl_PL","og_type":"article","og_title":"Nadruk dla aplikacji Vonde Pro - Vondetech","og_description":"[vc_row][vc_column][vc_empty_space][vc_column_text el_class=&#8221;legal-text&#8221;]Informacje o firmie: Technologia Vonde O Vonde Technology LLC: Vonde Pro App to innowacyjna aplikacja mobilna opracowana i obs\u0142ugiwana dzi\u0119ki wsp\u00f3\u0142pracy dw\u00f3ch podmiot\u00f3w: Vonde Technology LLC (USA) zarz\u0105dza globalnymi rynkami i mi\u0119dzynarodow\u0105 ekspansj\u0105. KMAK Kelet-Magyarorsz\u00e1gi Adatk\u00f6zpont Kft. (Europa, W\u0119gry) zajmuje si\u0119 rozwojem i powi\u0105zanymi zadaniami operacyjnymi. Obs\u0142ugiwany przez: KMAK Kelet-Magyarorsz\u00e1gi Adatk\u00f6zpont Kft. Zarejestrowany adres: [&hellip;]","og_url":"https:\/\/vondetech.com\/pl\/nadruk-dla-aplikacji-vonde-pro\/","og_site_name":"Vondetech","article_modified_time":"2025-03-20T14:59:43+00:00","twitter_card":"summary_large_image","twitter_misc":{"Szacowany czas czytania":"1 minuta"},"schema":{"@context":"https:\/\/schema.org","@graph":[{"@type":"WebPage","@id":"https:\/\/vondetech.com\/pl\/nadruk-dla-aplikacji-vonde-pro\/","url":"https:\/\/vondetech.com\/pl\/nadruk-dla-aplikacji-vonde-pro\/","name":"Nadruk dla aplikacji Vonde Pro - Vondetech","isPartOf":{"@id":"https:\/\/vondetech.com\/pl\/#website"},"datePublished":"2025-03-19T08:20:16+00:00","dateModified":"2025-03-20T14:59:43+00:00","breadcrumb":{"@id":"https:\/\/vondetech.com\/pl\/nadruk-dla-aplikacji-vonde-pro\/#breadcrumb"},"inLanguage":"pl-PL","potentialAction":[{"@type":"ReadAction","target":["https:\/\/vondetech.com\/pl\/nadruk-dla-aplikacji-vonde-pro\/"]}]},{"@type":"BreadcrumbList","@id":"https:\/\/vondetech.com\/pl\/nadruk-dla-aplikacji-vonde-pro\/#breadcrumb","itemListElement":[{"@type":"ListItem","position":1,"name":"Strona g\u0142\u00f3wna","item":"https:\/\/vondetech.com\/pl\/strona-glowna\/"},{"@type":"ListItem","position":2,"name":"Nadruk dla aplikacji Vonde Pro"}]},{"@type":"WebSite","@id":"https:\/\/vondetech.com\/pl\/#website","url":"https:\/\/vondetech.com\/pl\/","name":"Vondetech","description":"","potentialAction":[{"@type":"SearchAction","target":{"@type":"EntryPoint","urlTemplate":"https:\/\/vondetech.com\/pl\/?s={search_term_string}"},"query-input":{"@type":"PropertyValueSpecification","valueRequired":true,"valueName":"search_term_string"}}],"inLanguage":"pl-PL"}]}},"_links":{"self":[{"href":"https:\/\/vondetech.com\/pl\/wp-json\/wp\/v2\/pages\/20970","targetHints":{"allow":["GET"]}}],"collection":[{"href":"https:\/\/vondetech.com\/pl\/wp-json\/wp\/v2\/pages"}],"about":[{"href":"https:\/\/vondetech.com\/pl\/wp-json\/wp\/v2\/types\/page"}],"author":[{"embeddable":true,"href":"https:\/\/vondetech.com\/pl\/wp-json\/wp\/v2\/users\/1"}],"replies":[{"embeddable":true,"href":"https:\/\/vondetech.com\/pl\/wp-json\/wp\/v2\/comments?post=20970"}],"version-history":[{"count":2,"href":"https:\/\/vondetech.com\/pl\/wp-json\/wp\/v2\/pages\/20970\/revisions"}],"predecessor-version":[{"id":20985,"href":"https:\/\/vondetech.com\/pl\/wp-json\/wp\/v2\/pages\/20970\/revisions\/20985"}],"wp:attachment":[{"href":"https:\/\/vondetech.com\/pl\/wp-json\/wp\/v2\/media?parent=20970"}],"curies":[{"name":"wp","href":"https:\/\/api.w.org\/{rel}","templated":true}]}}