{"id":20789,"date":"2025-03-19T09:19:24","date_gmt":"2025-03-19T08:19:24","guid":{"rendered":"https:\/\/vondetech.com\/eula\/"},"modified":"2025-03-20T15:50:09","modified_gmt":"2025-03-20T14:50:09","slug":"eula","status":"publish","type":"page","link":"https:\/\/vondetech.com\/pl\/eula\/","title":{"rendered":"EULA"},"content":{"rendered":"<div class=\"wpb-content-wrapper\"><p>[vc_row][vc_column][vc_empty_space][vc_column_text el_class=&#8221;legal-text&#8221;]<strong>WA\u017bNE &#8211; PRZECZYTAJ UWA\u017bNIE:<\/strong> Niniejsza Umowa Licencyjna U\u017cytkownika Ko\u0144cowego (&#8220;EULA&#8221;) jest umow\u0105 prawn\u0105 pomi\u0119dzy u\u017cytkownikiem (&#8220;Licencjobiorca&#8221; lub &#8220;Ty&#8221;) a KMAK Kelet-Magyarorsz\u00e1gi Adatk\u00f6zpont Kft. (&#8220;Licencjodawca&#8221; lub &#8220;my&#8221;) w odniesieniu do aplikacji Vonde Pro App (&#8220;Aplikacja&#8221;). Instaluj\u0105c, kopiuj\u0105c lub w inny spos\u00f3b korzystaj\u0105c z Aplikacji, u\u017cytkownik wyra\u017ca zgod\u0119 na przestrzeganie warunk\u00f3w niniejszej umowy EULA. Je\u015bli nie wyra\u017casz zgody na warunki niniejszej umowy EULA, nie instaluj ani nie korzystaj z Aplikacji.   <\/p>\n<ol>\n<li><strong>  Udzielenie licencji:<\/strong><\/li>\n<\/ol>\n<p>Licencjodawca udziela u\u017cytkownikowi ograniczonej, niewy\u0142\u0105cznej, nieprzenoszalnej, odwo\u0142alnej licencji na korzystanie z Aplikacji na jednym urz\u0105dzeniu mobilnym do osobistego, niekomercyjnego u\u017cytku.<\/p>\n<ol start=\"2\">\n<li><strong>  Ograniczenia:<\/strong><\/li>\n<\/ol>\n<p>Nie b\u0119dziesz:<\/p>\n<ul>\n<li>Modyfikowanie, dostosowywanie lub odtwarzanie kodu \u017ar\u00f3d\u0142owego Aplikacji lub podejmowanie pr\u00f3b uzyskania jej kodu \u017ar\u00f3d\u0142owego.<\/li>\n<li>U\u017cywa\u0107 Aplikacji w celach komercyjnych lub sprzedawa\u0107, dystrybuowa\u0107, wydzier\u017cawia\u0107, udziela\u0107 sublicencji, wynajmowa\u0107, wypo\u017cycza\u0107 lub w inny spos\u00f3b przekazywa\u0107 Aplikacj\u0119 osobom trzecim.<\/li>\n<li>Usuwanie, zmienianie lub zas\u0142anianie jakichkolwiek informacji o prawach autorskich, znakach towarowych lub innych prawach w\u0142asno\u015bci.<\/li>\n<li>Korzysta\u0107 z Aplikacji w spos\u00f3b naruszaj\u0105cy obowi\u0105zuj\u0105ce przepisy prawa lub regulacje, naruszaj\u0105cy prawa w\u0142asno\u015bci intelektualnej innych os\u00f3b lub pr\u00f3buj\u0105cy obej\u015b\u0107 \u015brodki bezpiecze\u0144stwa Aplikacji.<\/li>\n<li>U\u017cywanie Aplikacji do jakichkolwiek nielegalnych dzia\u0142a\u0144, w tym mi\u0119dzy innymi do przesy\u0142ania lub przechowywania nielegalnych materia\u0142\u00f3w lub anga\u017cowania si\u0119 w jakiekolwiek dzia\u0142ania, kt\u00f3re mog\u0105 uszkodzi\u0107, wy\u0142\u0105czy\u0107, przeci\u0105\u017cy\u0107 lub os\u0142abi\u0107 Aplikacj\u0119 lub jej us\u0142ugi.<\/li>\n<\/ul>\n<ol start=\"3\">\n<li><strong>  W\u0142asno\u015b\u0107:<\/strong><\/li>\n<\/ol>\n<p>Aplikacja jest w\u0142asno\u015bci\u0105 Licencjodawcy i jest chroniona prawem autorskim oraz innymi prawami w\u0142asno\u015bci intelektualnej. Licencja u\u017cytkownika nie przyznaje \u017cadnego tytu\u0142u ani prawa w\u0142asno\u015bci do Aplikacji. <\/p>\n<ol start=\"4\">\n<li><strong>  Prywatno\u015b\u0107:<\/strong><\/li>\n<\/ol>\n<p>Korzystanie z Aplikacji podlega naszej Polityce Prywatno\u015bci, kt\u00f3ra szczeg\u00f3\u0142owo opisuje nasze praktyki w zakresie gromadzenia, przetwarzania i ochrony danych. Korzystaj\u0105c z Aplikacji, u\u017cytkownik wyra\u017ca zgod\u0119 na warunki okre\u015blone w Polityce prywatno\u015bci. Nasz\u0105 Polityk\u0119 prywatno\u015bci mo\u017cna znale\u017a\u0107 pod adresem:    [Link to Privacy Policy]<\/p>\n<ol start=\"5\">\n<li><strong>  Wy\u0142\u0105czenie gwarancji:<\/strong><\/li>\n<\/ol>\n<p>Aplikacja jest dostarczana &#8220;W STANIE, W JAKIM JEST&#8221; i &#8220;W MIAR\u0118 DOST\u0118PNO\u015aCI&#8221; bez jakichkolwiek gwarancji. Vonde Technology zrzeka si\u0119 wszelkich gwarancji, wyra\u017anych, dorozumianych, ustawowych lub innych, w tym mi\u0119dzy innymi dorozumianych gwarancji przydatno\u015bci handlowej, przydatno\u015bci do okre\u015blonego celu, nienaruszania praw oraz wszelkich gwarancji wynikaj\u0105cych z przebiegu transakcji lub zwyczaj\u00f3w handlowych. <\/p>\n<ol start=\"6\">\n<li><strong>  Ograniczenie odpowiedzialno\u015bci:<\/strong><\/li>\n<\/ol>\n<p>W maksymalnym zakresie dozwolonym przez obowi\u0105zuj\u0105ce prawo, w \u017cadnym wypadku Vonde Technology nie b\u0119dzie ponosi\u0107 odpowiedzialno\u015bci za jakiekolwiek szkody po\u015brednie, przypadkowe, szczeg\u00f3lne, wynikowe lub moralne (w tym, bez ogranicze\u0144, szkody za utrat\u0119 zysk\u00f3w, danych lub u\u017cytkowania) wynikaj\u0105ce z lub zwi\u0105zane z korzystaniem lub niemo\u017cno\u015bci\u0105 korzystania z Aplikacji, nawet je\u015bli Vonde Technology zosta\u0142a poinformowana o mo\u017cliwo\u015bci wyst\u0105pienia takich szk\u00f3d. Ca\u0142kowita odpowiedzialno\u015b\u0107 Vonde Technology wobec u\u017cytkownika z tytu\u0142u wszelkich roszcze\u0144 wynikaj\u0105cych lub zwi\u0105zanych z niniejsz\u0105 umow\u0105 EULA lub Aplikacj\u0105 b\u0119dzie ograniczona do kwoty zap\u0142aconej przez u\u017cytkownika, je\u015bli taka istnieje, za dost\u0119p do Aplikacji. <\/p>\n<ol start=\"7\">\n<li><strong>  Odszkodowanie:<\/strong><\/li>\n<\/ol>\n<p>U\u017cytkownik zgadza si\u0119 zabezpieczy\u0107 i zwolni\u0107 z odpowiedzialno\u015bci Vonde Technology, jej podmioty powi\u0105zane, pracownik\u00f3w, dyrektor\u00f3w i agent\u00f3w z tytu\u0142u wszelkich roszcze\u0144, szk\u00f3d, zobowi\u0105za\u0144, strat lub wydatk\u00f3w (w tym uzasadnionych koszt\u00f3w obs\u0142ugi prawnej) wynikaj\u0105cych z lub zwi\u0105zanych z niew\u0142a\u015bciwym korzystaniem z Aplikacji przez u\u017cytkownika, naruszeniem przez u\u017cytkownika niniejszej EULA lub naruszeniem przez u\u017cytkownika jakiejkolwiek w\u0142asno\u015bci intelektualnej lub innych praw jakiejkolwiek osoby lub podmiotu.<\/p>\n<ol start=\"8\">\n<li><strong>  Zako\u0144czenie:<\/strong><\/li>\n<\/ol>\n<p>Niniejsza umowa EULA obowi\u0105zuje do momentu jej wypowiedzenia przez u\u017cytkownika lub Licencjodawc\u0119. Licencjodawca mo\u017ce wypowiedzie\u0107 niniejsz\u0105 umow\u0119 EULA w dowolnym momencie, je\u015bli u\u017cytkownik nie przestrzega kt\u00f3regokolwiek z warunk\u00f3w niniejszej umowy EULA. Po rozwi\u0105zaniu umowy u\u017cytkownik musi zaprzesta\u0107 korzystania z Aplikacji i zniszczy\u0107 wszystkie jej kopie, pe\u0142ne lub cz\u0119\u015bciowe.  <\/p>\n<ol start=\"9\">\n<li><strong>  Prawo w\u0142a\u015bciwe:<\/strong><\/li>\n<\/ol>\n<p>Niniejsza EULA podlega i jest interpretowana zgodnie z prawem w\u0119gierskim. Wszelkie spory wynikaj\u0105ce z niniejszej EULA lub z ni\u0105 zwi\u0105zane podlegaj\u0105 wy\u0142\u0105cznej jurysdykcji s\u0105d\u00f3w w Budapeszcie, na W\u0119grzech. <\/p>\n<ol start=\"10\">\n<li><strong>  Zmiany niniejszej umowy EULA:<\/strong><\/li>\n<\/ol>\n<p>Zastrzegamy sobie prawo do okresowej aktualizacji lub modyfikacji niniejszej umowy EULA. Istotne zmiany b\u0119d\u0105 przekazywane u\u017cytkownikowi za po\u015brednictwem powiadomie\u0144 aplikacji, zarejestrowanej wiadomo\u015bci e-mail lub poprzez zamieszczenie powiadomienia w Aplikacji lub na naszej stronie internetowej. Dalsze korzystanie z Aplikacji po wprowadzeniu takich zmian oznacza akceptacj\u0119 zmienionej umowy EULA.  <\/p>\n<ol start=\"11\">\n<li><strong>  Informacje kontaktowe:<\/strong><\/li>\n<\/ol>\n<p>W przypadku pyta\u0144 dotycz\u0105cych niniejszej umowy EULA lub wszelkich powi\u0105zanych kwestii, prosimy o kontakt pod adresem:<\/p>\n<p>KMAK Kelet-Magyarorsz\u00e1gi Adatk\u00f6zpont Kft.<\/p>\n<p>H-5000 Szolnok, Szap\u00e1ry utca 20.<\/p>\n<p>E-mail: info@vondetechnology.com<\/p>\n<p>Strona internetowa: https:\/\/www.vondetech.com<\/p>\n<ol start=\"12\">\n<li><strong>  Ca\u0142o\u015b\u0107 Umowy:<\/strong><\/li>\n<\/ol>\n<p>Niniejsza umowa EULA stanowi ca\u0142o\u015b\u0107 porozumienia pomi\u0119dzy u\u017cytkownikiem a Licencjodawc\u0105 dotycz\u0105cego Aplikacji i zast\u0119puje wszelkie wcze\u015bniejsze lub r\u00f3wnoczesne komunikaty i propozycje, zar\u00f3wno ustne, jak i pisemne.[\/vc_column_text][\/vc_column][\/vc_row]<\/p>\n<\/div>","protected":false},"excerpt":{"rendered":"<p>[vc_row][vc_column][vc_empty_space][vc_column_text el_class=&#8221;legal-text&#8221;]WA\u017bNE &#8211; PRZECZYTAJ UWA\u017bNIE: Niniejsza Umowa Licencyjna U\u017cytkownika Ko\u0144cowego (&#8220;EULA&#8221;) jest umow\u0105 prawn\u0105 pomi\u0119dzy u\u017cytkownikiem (&#8220;Licencjobiorca&#8221; lub &#8220;Ty&#8221;) a KMAK Kelet-Magyarorsz\u00e1gi Adatk\u00f6zpont Kft. (&#8220;Licencjodawca&#8221; lub &#8220;my&#8221;) w odniesieniu do aplikacji Vonde Pro App (&#8220;Aplikacja&#8221;). Instaluj\u0105c, kopiuj\u0105c lub w inny spos\u00f3b korzystaj\u0105c z Aplikacji, u\u017cytkownik wyra\u017ca zgod\u0119 na przestrzeganie warunk\u00f3w niniejszej umowy EULA. Je\u015bli nie [&hellip;]<\/p>\n","protected":false},"author":1,"featured_media":0,"parent":0,"menu_order":0,"comment_status":"closed","ping_status":"closed","template":"","meta":{"footnotes":""},"class_list":["post-20789","page","type-page","status-publish","hentry"],"yoast_head":"<!-- This site is optimized with the Yoast SEO plugin v24.7 - https:\/\/yoast.com\/wordpress\/plugins\/seo\/ -->\n<title>EULA - Vondetech<\/title>\n<meta name=\"robots\" content=\"index, follow, max-snippet:-1, max-image-preview:large, max-video-preview:-1\" \/>\n<link rel=\"canonical\" href=\"https:\/\/vondetech.com\/pl\/eula\/\" \/>\n<meta property=\"og:locale\" content=\"pl_PL\" \/>\n<meta property=\"og:type\" content=\"article\" \/>\n<meta property=\"og:title\" content=\"EULA - Vondetech\" \/>\n<meta property=\"og:description\" content=\"[vc_row][vc_column][vc_empty_space][vc_column_text el_class=&#8221;legal-text&#8221;]WA\u017bNE &#8211; PRZECZYTAJ UWA\u017bNIE: Niniejsza Umowa Licencyjna U\u017cytkownika Ko\u0144cowego (&#8220;EULA&#8221;) jest umow\u0105 prawn\u0105 pomi\u0119dzy u\u017cytkownikiem (&#8220;Licencjobiorca&#8221; lub &#8220;Ty&#8221;) a KMAK Kelet-Magyarorsz\u00e1gi Adatk\u00f6zpont Kft. (&#8220;Licencjodawca&#8221; lub &#8220;my&#8221;) w odniesieniu do aplikacji Vonde Pro App (&#8220;Aplikacja&#8221;). Instaluj\u0105c, kopiuj\u0105c lub w inny spos\u00f3b korzystaj\u0105c z Aplikacji, u\u017cytkownik wyra\u017ca zgod\u0119 na przestrzeganie warunk\u00f3w niniejszej umowy EULA. Je\u015bli nie [&hellip;]\" \/>\n<meta property=\"og:url\" content=\"https:\/\/vondetech.com\/pl\/eula\/\" \/>\n<meta property=\"og:site_name\" content=\"Vondetech\" \/>\n<meta property=\"article:modified_time\" content=\"2025-03-20T14:50:09+00:00\" \/>\n<meta name=\"twitter:card\" content=\"summary_large_image\" \/>\n<meta name=\"twitter:label1\" content=\"Szacowany czas czytania\" \/>\n\t<meta name=\"twitter:data1\" content=\"4 minuty\" \/>\n<script type=\"application\/ld+json\" class=\"yoast-schema-graph\">{\"@context\":\"https:\/\/schema.org\",\"@graph\":[{\"@type\":\"WebPage\",\"@id\":\"https:\/\/vondetech.com\/pl\/eula\/\",\"url\":\"https:\/\/vondetech.com\/pl\/eula\/\",\"name\":\"EULA - Vondetech\",\"isPartOf\":{\"@id\":\"https:\/\/vondetech.com\/pl\/#website\"},\"datePublished\":\"2025-03-19T08:19:24+00:00\",\"dateModified\":\"2025-03-20T14:50:09+00:00\",\"breadcrumb\":{\"@id\":\"https:\/\/vondetech.com\/pl\/eula\/#breadcrumb\"},\"inLanguage\":\"pl-PL\",\"potentialAction\":[{\"@type\":\"ReadAction\",\"target\":[\"https:\/\/vondetech.com\/pl\/eula\/\"]}]},{\"@type\":\"BreadcrumbList\",\"@id\":\"https:\/\/vondetech.com\/pl\/eula\/#breadcrumb\",\"itemListElement\":[{\"@type\":\"ListItem\",\"position\":1,\"name\":\"Strona g\u0142\u00f3wna\",\"item\":\"https:\/\/vondetech.com\/pl\/strona-glowna\/\"},{\"@type\":\"ListItem\",\"position\":2,\"name\":\"EULA\"}]},{\"@type\":\"WebSite\",\"@id\":\"https:\/\/vondetech.com\/pl\/#website\",\"url\":\"https:\/\/vondetech.com\/pl\/\",\"name\":\"Vondetech\",\"description\":\"\",\"potentialAction\":[{\"@type\":\"SearchAction\",\"target\":{\"@type\":\"EntryPoint\",\"urlTemplate\":\"https:\/\/vondetech.com\/pl\/?s={search_term_string}\"},\"query-input\":{\"@type\":\"PropertyValueSpecification\",\"valueRequired\":true,\"valueName\":\"search_term_string\"}}],\"inLanguage\":\"pl-PL\"}]}<\/script>\n<!-- \/ Yoast SEO plugin. -->","yoast_head_json":{"title":"EULA - Vondetech","robots":{"index":"index","follow":"follow","max-snippet":"max-snippet:-1","max-image-preview":"max-image-preview:large","max-video-preview":"max-video-preview:-1"},"canonical":"https:\/\/vondetech.com\/pl\/eula\/","og_locale":"pl_PL","og_type":"article","og_title":"EULA - Vondetech","og_description":"[vc_row][vc_column][vc_empty_space][vc_column_text el_class=&#8221;legal-text&#8221;]WA\u017bNE &#8211; PRZECZYTAJ UWA\u017bNIE: Niniejsza Umowa Licencyjna U\u017cytkownika Ko\u0144cowego (&#8220;EULA&#8221;) jest umow\u0105 prawn\u0105 pomi\u0119dzy u\u017cytkownikiem (&#8220;Licencjobiorca&#8221; lub &#8220;Ty&#8221;) a KMAK Kelet-Magyarorsz\u00e1gi Adatk\u00f6zpont Kft. (&#8220;Licencjodawca&#8221; lub &#8220;my&#8221;) w odniesieniu do aplikacji Vonde Pro App (&#8220;Aplikacja&#8221;). Instaluj\u0105c, kopiuj\u0105c lub w inny spos\u00f3b korzystaj\u0105c z Aplikacji, u\u017cytkownik wyra\u017ca zgod\u0119 na przestrzeganie warunk\u00f3w niniejszej umowy EULA. Je\u015bli nie [&hellip;]","og_url":"https:\/\/vondetech.com\/pl\/eula\/","og_site_name":"Vondetech","article_modified_time":"2025-03-20T14:50:09+00:00","twitter_card":"summary_large_image","twitter_misc":{"Szacowany czas czytania":"4 minuty"},"schema":{"@context":"https:\/\/schema.org","@graph":[{"@type":"WebPage","@id":"https:\/\/vondetech.com\/pl\/eula\/","url":"https:\/\/vondetech.com\/pl\/eula\/","name":"EULA - Vondetech","isPartOf":{"@id":"https:\/\/vondetech.com\/pl\/#website"},"datePublished":"2025-03-19T08:19:24+00:00","dateModified":"2025-03-20T14:50:09+00:00","breadcrumb":{"@id":"https:\/\/vondetech.com\/pl\/eula\/#breadcrumb"},"inLanguage":"pl-PL","potentialAction":[{"@type":"ReadAction","target":["https:\/\/vondetech.com\/pl\/eula\/"]}]},{"@type":"BreadcrumbList","@id":"https:\/\/vondetech.com\/pl\/eula\/#breadcrumb","itemListElement":[{"@type":"ListItem","position":1,"name":"Strona g\u0142\u00f3wna","item":"https:\/\/vondetech.com\/pl\/strona-glowna\/"},{"@type":"ListItem","position":2,"name":"EULA"}]},{"@type":"WebSite","@id":"https:\/\/vondetech.com\/pl\/#website","url":"https:\/\/vondetech.com\/pl\/","name":"Vondetech","description":"","potentialAction":[{"@type":"SearchAction","target":{"@type":"EntryPoint","urlTemplate":"https:\/\/vondetech.com\/pl\/?s={search_term_string}"},"query-input":{"@type":"PropertyValueSpecification","valueRequired":true,"valueName":"search_term_string"}}],"inLanguage":"pl-PL"}]}},"_links":{"self":[{"href":"https:\/\/vondetech.com\/pl\/wp-json\/wp\/v2\/pages\/20789","targetHints":{"allow":["GET"]}}],"collection":[{"href":"https:\/\/vondetech.com\/pl\/wp-json\/wp\/v2\/pages"}],"about":[{"href":"https:\/\/vondetech.com\/pl\/wp-json\/wp\/v2\/types\/page"}],"author":[{"embeddable":true,"href":"https:\/\/vondetech.com\/pl\/wp-json\/wp\/v2\/users\/1"}],"replies":[{"embeddable":true,"href":"https:\/\/vondetech.com\/pl\/wp-json\/wp\/v2\/comments?post=20789"}],"version-history":[{"count":2,"href":"https:\/\/vondetech.com\/pl\/wp-json\/wp\/v2\/pages\/20789\/revisions"}],"predecessor-version":[{"id":20806,"href":"https:\/\/vondetech.com\/pl\/wp-json\/wp\/v2\/pages\/20789\/revisions\/20806"}],"wp:attachment":[{"href":"https:\/\/vondetech.com\/pl\/wp-json\/wp\/v2\/media?parent=20789"}],"curies":[{"name":"wp","href":"https:\/\/api.w.org\/{rel}","templated":true}]}}