{"id":20652,"date":"2025-03-19T09:18:12","date_gmt":"2025-03-19T08:18:12","guid":{"rendered":"https:\/\/vondetech.com\/polityka-plikow-cookie-dla-aplikacji-mobilnej-vonde-pro\/"},"modified":"2025-07-02T13:01:44","modified_gmt":"2025-07-02T11:01:44","slug":"polityka-plikow-cookie-dla-aplikacji-mobilnej-vonde-pro","status":"publish","type":"page","link":"https:\/\/vondetech.com\/pl\/polityka-plikow-cookie-dla-aplikacji-mobilnej-vonde-pro\/","title":{"rendered":"Polityka plik\u00f3w cookie dla aplikacji mobilnej Vonde Pro"},"content":{"rendered":"<div class=\"wpb-content-wrapper\"><p>[vc_row][vc_column][vc_empty_space][vc_column_text el_class=&#8221;legal-text&#8221;]<strong>Data wej\u015bcia w \u017cycie:<\/strong> 17 marca 2025 r.<\/p>\n<ol>\n<li><strong>  Wprowadzenie<\/strong><\/li>\n<\/ol>\n<p>Niniejsza Polityka dotycz\u0105ca plik\u00f3w cookie wyja\u015bnia, w jaki spos\u00f3b Vonde Technology (&#8220;my&#8221;, &#8220;nas&#8221; lub &#8220;nasz&#8221;) wykorzystuje pliki cookie i podobne technologie w aplikacji mobilnej Vonde Pro (&#8220;Aplikacja&#8221;). Niniejsza Polityka dotyczy w szczeg\u00f3lno\u015bci Aplikacji i r\u00f3\u017cni si\u0119 od Polityki Plik\u00f3w Cookie maj\u0105cej zastosowanie do naszej strony internetowej. <\/p>\n<ol start=\"2\">\n<li><strong>  Czym s\u0105 pliki cookie i technologie \u015bledzenia?<\/strong><\/li>\n<\/ol>\n<p>Pliki cookie i technologie \u015bledzenia w aplikacjach mobilnych obejmuj\u0105 identyfikatory urz\u0105dze\u0144, piksele i pami\u0119\u0107 lokaln\u0105, kt\u00f3re zbieraj\u0105 i przechowuj\u0105 dane o urz\u0105dzeniu u\u017cytkownika i korzystaniu z aplikacji.<\/p>\n<ol start=\"3\">\n<li><strong>  Rodzaje u\u017cywanych przez nas plik\u00f3w cookie i technologii \u015bledzenia<\/strong><\/li>\n<\/ol>\n<ul>\n<li><strong>Niezb\u0119dne technologie:<\/strong> Technologie te s\u0105 niezb\u0119dne do zapewnienia podstawowych funkcji Aplikacji, takich jak uwierzytelnianie u\u017cytkownika, funkcje bezpiecze\u0144stwa i wydajno\u015b\u0107 aplikacji. Technologie te nie gromadz\u0105 \u017cadnych danych osobowych. <\/li>\n<li><strong>Technologie analityczne:<\/strong> U\u017cywamy Firebase Analytics, Firebase Performance Monitoring i Firebase Crashlytics do analizowania interakcji u\u017cytkownika, diagnozowania awarii i monitorowania wydajno\u015bci w celu poprawy jako\u015bci aplikacji. Technologie te gromadz\u0105 zanonimizowane dane o interakcjach u\u017cytkownik\u00f3w, korzystaniu z aplikacji i informacje o urz\u0105dzeniu, aby pom\u00f3c nam zrozumie\u0107, w jaki spos\u00f3b u\u017cytkownicy wchodz\u0105 w interakcje z Aplikacj\u0105 i zidentyfikowa\u0107 obszary wymagaj\u0105ce poprawy. <\/li>\n<li><strong>Technologie reklamowe:<\/strong> Google AdMob gromadzi identyfikatory urz\u0105dze\u0144 i dane dotycz\u0105ce korzystania z aplikacji w celu wy\u015bwietlania spersonalizowanych reklam dostosowanych do zainteresowa\u0144 u\u017cytkownika. Google AdMob wykorzystuje technologie takie jak identyfikator reklamowy urz\u0105dzenia w celu personalizacji reklam. U\u017cytkownik mo\u017ce kontrolowa\u0107 u\u017cycie tego identyfikatora w ustawieniach swojego urz\u0105dzenia.  <\/li>\n<\/ul>\n<ol start=\"4\">\n<li><strong>  Cele korzystania z technologii \u015bledzenia<\/strong><\/li>\n<\/ol>\n<p>Wykorzystujemy te technologie do:<\/p>\n<ul>\n<li>Zapewnienie podstawowej funkcjonalno\u015bci aplikacji.<\/li>\n<li>Monitorowanie i zwi\u0119kszanie wydajno\u015bci i stabilno\u015bci aplikacji.<\/li>\n<li>Dostarczanie spersonalizowanych reklam za po\u015brednictwem Google AdMob.<\/li>\n<li>Analizuj interakcje u\u017cytkownik\u00f3w, aby poprawi\u0107 ich do\u015bwiadczenia i zoptymalizowa\u0107 funkcjonalno\u015b\u0107 aplikacji.<\/li>\n<\/ul>\n<ol start=\"5\">\n<li><strong>  Zarz\u0105dzanie plikami cookie i preferencjami<\/strong><\/li>\n<\/ol>\n<p>U\u017cytkownik mo\u017ce kontrolowa\u0107 korzystanie z plik\u00f3w cookie i technologii \u015bledzenia za pomoc\u0105 ustawie\u0144 urz\u0105dzenia.<\/p>\n<ul>\n<li><strong>Dla urz\u0105dze\u0144 z systemem Android:<\/strong> Mo\u017cesz zrezygnowa\u0107 ze spersonalizowanych reklam, w\u0142\u0105czaj\u0105c opcj\u0119 &#8220;Opt out of Ads Personalization&#8221; w ustawieniach urz\u0105dzenia. Gromadzenie danych analitycznych mo\u017cna r\u00f3wnie\u017c kontrolowa\u0107 w ustawieniach prywatno\u015bci urz\u0105dzenia. <\/li>\n<li><strong>Dla urz\u0105dze\u0144 z systemem iOS:<\/strong> Mo\u017cesz ograniczy\u0107 \u015bledzenie reklam, w\u0142\u0105czaj\u0105c opcj\u0119 &#8220;Ogranicz \u015bledzenie reklam&#8221; w ustawieniach urz\u0105dzenia. Gromadzenie danych analitycznych mo\u017cna r\u00f3wnie\u017c kontrolowa\u0107 w ustawieniach prywatno\u015bci urz\u0105dzenia. <\/li>\n<li>Wi\u0119cej informacji na temat zarz\u0105dzania ustawieniami prywatno\u015bci mo\u017cna znale\u017a\u0107 w dokumentacji pomocy urz\u0105dzenia.<\/li>\n<\/ul>\n<p>Niekt\u00f3re z tych technologii s\u0105 oparte na sesjach, co oznacza, \u017ce s\u0105 usuwane po zamkni\u0119ciu aplikacji. Inne s\u0105 trwa\u0142e, co oznacza, \u017ce pozostaj\u0105 na urz\u0105dzeniu u\u017cytkownika przez d\u0142u\u017cszy czas. <\/p>\n<ol start=\"6\">\n<li><strong>  Zewn\u0119trzni dostawcy us\u0142ug<\/strong><\/li>\n<\/ol>\n<p>Korzystamy z us\u0142ug nast\u0119puj\u0105cych dostawc\u00f3w zewn\u0119trznych, kt\u00f3rzy stosuj\u0105 pliki cookie lub technologie \u015bledzenia:<\/p>\n<ul>\n<li><strong>Google Firebase:<\/strong> Korzystamy z us\u0142ug Google Firebase, w tym Firebase Analytics, Firebase Crashlytics i Firebase Performance Monitoring. Us\u0142ugi te wykorzystuj\u0105 technologie do gromadzenia i przetwarzania danych dotycz\u0105cych korzystania z Aplikacji przez u\u017cytkownika. Wi\u0119cej informacji na temat praktyk Google w zakresie prywatno\u015bci i sposobu wykorzystywania danych przez Google mo\u017cna znale\u017a\u0107 w Polityce prywatno\u015bci Google:    [Link to Google&#8217;s Privacy Policy]<\/li>\n<li><strong>Google AdMob:<\/strong> U\u017cywamy Google AdMob do wy\u015bwietlania spersonalizowanych reklam w Aplikacji. Google AdMob wykorzystuje technologie do gromadzenia i przetwarzania danych dotycz\u0105cych korzystania z Aplikacji i urz\u0105dzenia u\u017cytkownika. Wi\u0119cej informacji na temat praktyk Google w zakresie prywatno\u015bci i sposobu wykorzystywania danych przez Google mo\u017cna znale\u017a\u0107 w Polityce prywatno\u015bci Google:    [Link to Google&#8217;s Privacy Policy]<\/li>\n<\/ul>\n<p>Wszystkie strony trzecie \u015bci\u015ble przestrzegaj\u0105 standard\u00f3w ochrony danych i przetwarzaj\u0105 dane wy\u0142\u0105cznie w okre\u015blonych celach.<\/p>\n<ol start=\"7\">\n<li><strong>  Aktualizacje polityki<\/strong><\/li>\n<\/ol>\n<p>Niniejsza Polityka dotycz\u0105ca plik\u00f3w cookie mo\u017ce by\u0107 okresowo aktualizowana. Istotne zmiany b\u0119d\u0105 przekazywane za po\u015brednictwem powiadomie\u0144 aplikacji lub wiadomo\u015bci e-mail. <\/p>\n<ol start=\"8\">\n<li><strong>  Informacje kontaktowe<\/strong><\/li>\n<\/ol>\n<p>W przypadku pyta\u0144 lub w\u0105tpliwo\u015bci dotycz\u0105cych niniejszej Polityki dotycz\u0105cej plik\u00f3w cookie prosimy o kontakt:<\/p>\n<p>KMAK Kelet-Magyarorsz\u00e1gi Adatk\u00f6zpont Kft.<\/p>\n<p>H-5000 Szolnok, Szap\u00e1ry utca 20.<\/p>\n<p>E-mail: info@vondetechnology.com<\/p>\n<p>Korzystaj\u0105c z Aplikacji Vonde Pro, u\u017cytkownik wyra\u017ca zgod\u0119 na korzystanie z plik\u00f3w cookie i technologii \u015bledzenia opisanych w niniejszej Polityce plik\u00f3w cookie.[\/vc_column_text][\/vc_column][\/vc_row]<\/p>\n<\/div>","protected":false},"excerpt":{"rendered":"<p>[vc_row][vc_column][vc_empty_space][vc_column_text el_class=&#8221;legal-text&#8221;]Data wej\u015bcia w \u017cycie: 17 marca 2025 r. Wprowadzenie Niniejsza Polityka dotycz\u0105ca plik\u00f3w cookie wyja\u015bnia, w jaki spos\u00f3b Vonde Technology (&#8220;my&#8221;, &#8220;nas&#8221; lub &#8220;nasz&#8221;) wykorzystuje pliki cookie i podobne technologie w aplikacji mobilnej Vonde Pro (&#8220;Aplikacja&#8221;). Niniejsza Polityka dotyczy w szczeg\u00f3lno\u015bci Aplikacji i r\u00f3\u017cni si\u0119 od Polityki Plik\u00f3w Cookie maj\u0105cej zastosowanie do naszej strony [&hellip;]<\/p>\n","protected":false},"author":1,"featured_media":0,"parent":0,"menu_order":0,"comment_status":"closed","ping_status":"closed","template":"","meta":{"footnotes":""},"class_list":["post-20652","page","type-page","status-publish","hentry"],"yoast_head":"<!-- This site is optimized with the Yoast SEO plugin v24.7 - https:\/\/yoast.com\/wordpress\/plugins\/seo\/ -->\n<title>Polityka plik\u00f3w cookie dla aplikacji mobilnej Vonde Pro - Vondetech<\/title>\n<meta name=\"robots\" content=\"index, follow, max-snippet:-1, max-image-preview:large, max-video-preview:-1\" \/>\n<link rel=\"canonical\" href=\"https:\/\/vondetech.com\/pl\/polityka-plikow-cookie-dla-aplikacji-mobilnej-vonde-pro\/\" \/>\n<meta property=\"og:locale\" content=\"pl_PL\" \/>\n<meta property=\"og:type\" content=\"article\" \/>\n<meta property=\"og:title\" content=\"Polityka plik\u00f3w cookie dla aplikacji mobilnej Vonde Pro - Vondetech\" \/>\n<meta property=\"og:description\" content=\"[vc_row][vc_column][vc_empty_space][vc_column_text el_class=&#8221;legal-text&#8221;]Data wej\u015bcia w \u017cycie: 17 marca 2025 r. Wprowadzenie Niniejsza Polityka dotycz\u0105ca plik\u00f3w cookie wyja\u015bnia, w jaki spos\u00f3b Vonde Technology (&#8220;my&#8221;, &#8220;nas&#8221; lub &#8220;nasz&#8221;) wykorzystuje pliki cookie i podobne technologie w aplikacji mobilnej Vonde Pro (&#8220;Aplikacja&#8221;). Niniejsza Polityka dotyczy w szczeg\u00f3lno\u015bci Aplikacji i r\u00f3\u017cni si\u0119 od Polityki Plik\u00f3w Cookie maj\u0105cej zastosowanie do naszej strony [&hellip;]\" \/>\n<meta property=\"og:url\" content=\"https:\/\/vondetech.com\/pl\/polityka-plikow-cookie-dla-aplikacji-mobilnej-vonde-pro\/\" \/>\n<meta property=\"og:site_name\" content=\"Vondetech\" \/>\n<meta property=\"article:modified_time\" content=\"2025-07-02T11:01:44+00:00\" \/>\n<meta name=\"twitter:card\" content=\"summary_large_image\" \/>\n<meta name=\"twitter:label1\" content=\"Szacowany czas czytania\" \/>\n\t<meta name=\"twitter:data1\" content=\"4 minuty\" \/>\n<script type=\"application\/ld+json\" class=\"yoast-schema-graph\">{\"@context\":\"https:\/\/schema.org\",\"@graph\":[{\"@type\":\"WebPage\",\"@id\":\"https:\/\/vondetech.com\/pl\/polityka-plikow-cookie-dla-aplikacji-mobilnej-vonde-pro\/\",\"url\":\"https:\/\/vondetech.com\/pl\/polityka-plikow-cookie-dla-aplikacji-mobilnej-vonde-pro\/\",\"name\":\"Polityka plik\u00f3w cookie dla aplikacji mobilnej Vonde Pro - Vondetech\",\"isPartOf\":{\"@id\":\"https:\/\/vondetech.com\/pl\/#website\"},\"datePublished\":\"2025-03-19T08:18:12+00:00\",\"dateModified\":\"2025-07-02T11:01:44+00:00\",\"breadcrumb\":{\"@id\":\"https:\/\/vondetech.com\/pl\/polityka-plikow-cookie-dla-aplikacji-mobilnej-vonde-pro\/#breadcrumb\"},\"inLanguage\":\"pl-PL\",\"potentialAction\":[{\"@type\":\"ReadAction\",\"target\":[\"https:\/\/vondetech.com\/pl\/polityka-plikow-cookie-dla-aplikacji-mobilnej-vonde-pro\/\"]}]},{\"@type\":\"BreadcrumbList\",\"@id\":\"https:\/\/vondetech.com\/pl\/polityka-plikow-cookie-dla-aplikacji-mobilnej-vonde-pro\/#breadcrumb\",\"itemListElement\":[{\"@type\":\"ListItem\",\"position\":1,\"name\":\"Strona g\u0142\u00f3wna\",\"item\":\"https:\/\/vondetech.com\/pl\/strona-glowna\/\"},{\"@type\":\"ListItem\",\"position\":2,\"name\":\"Polityka plik\u00f3w cookie dla aplikacji mobilnej Vonde Pro\"}]},{\"@type\":\"WebSite\",\"@id\":\"https:\/\/vondetech.com\/pl\/#website\",\"url\":\"https:\/\/vondetech.com\/pl\/\",\"name\":\"Vondetech\",\"description\":\"\",\"potentialAction\":[{\"@type\":\"SearchAction\",\"target\":{\"@type\":\"EntryPoint\",\"urlTemplate\":\"https:\/\/vondetech.com\/pl\/?s={search_term_string}\"},\"query-input\":{\"@type\":\"PropertyValueSpecification\",\"valueRequired\":true,\"valueName\":\"search_term_string\"}}],\"inLanguage\":\"pl-PL\"}]}<\/script>\n<!-- \/ Yoast SEO plugin. -->","yoast_head_json":{"title":"Polityka plik\u00f3w cookie dla aplikacji mobilnej Vonde Pro - Vondetech","robots":{"index":"index","follow":"follow","max-snippet":"max-snippet:-1","max-image-preview":"max-image-preview:large","max-video-preview":"max-video-preview:-1"},"canonical":"https:\/\/vondetech.com\/pl\/polityka-plikow-cookie-dla-aplikacji-mobilnej-vonde-pro\/","og_locale":"pl_PL","og_type":"article","og_title":"Polityka plik\u00f3w cookie dla aplikacji mobilnej Vonde Pro - Vondetech","og_description":"[vc_row][vc_column][vc_empty_space][vc_column_text el_class=&#8221;legal-text&#8221;]Data wej\u015bcia w \u017cycie: 17 marca 2025 r. Wprowadzenie Niniejsza Polityka dotycz\u0105ca plik\u00f3w cookie wyja\u015bnia, w jaki spos\u00f3b Vonde Technology (&#8220;my&#8221;, &#8220;nas&#8221; lub &#8220;nasz&#8221;) wykorzystuje pliki cookie i podobne technologie w aplikacji mobilnej Vonde Pro (&#8220;Aplikacja&#8221;). Niniejsza Polityka dotyczy w szczeg\u00f3lno\u015bci Aplikacji i r\u00f3\u017cni si\u0119 od Polityki Plik\u00f3w Cookie maj\u0105cej zastosowanie do naszej strony [&hellip;]","og_url":"https:\/\/vondetech.com\/pl\/polityka-plikow-cookie-dla-aplikacji-mobilnej-vonde-pro\/","og_site_name":"Vondetech","article_modified_time":"2025-07-02T11:01:44+00:00","twitter_card":"summary_large_image","twitter_misc":{"Szacowany czas czytania":"4 minuty"},"schema":{"@context":"https:\/\/schema.org","@graph":[{"@type":"WebPage","@id":"https:\/\/vondetech.com\/pl\/polityka-plikow-cookie-dla-aplikacji-mobilnej-vonde-pro\/","url":"https:\/\/vondetech.com\/pl\/polityka-plikow-cookie-dla-aplikacji-mobilnej-vonde-pro\/","name":"Polityka plik\u00f3w cookie dla aplikacji mobilnej Vonde Pro - Vondetech","isPartOf":{"@id":"https:\/\/vondetech.com\/pl\/#website"},"datePublished":"2025-03-19T08:18:12+00:00","dateModified":"2025-07-02T11:01:44+00:00","breadcrumb":{"@id":"https:\/\/vondetech.com\/pl\/polityka-plikow-cookie-dla-aplikacji-mobilnej-vonde-pro\/#breadcrumb"},"inLanguage":"pl-PL","potentialAction":[{"@type":"ReadAction","target":["https:\/\/vondetech.com\/pl\/polityka-plikow-cookie-dla-aplikacji-mobilnej-vonde-pro\/"]}]},{"@type":"BreadcrumbList","@id":"https:\/\/vondetech.com\/pl\/polityka-plikow-cookie-dla-aplikacji-mobilnej-vonde-pro\/#breadcrumb","itemListElement":[{"@type":"ListItem","position":1,"name":"Strona g\u0142\u00f3wna","item":"https:\/\/vondetech.com\/pl\/strona-glowna\/"},{"@type":"ListItem","position":2,"name":"Polityka plik\u00f3w cookie dla aplikacji mobilnej Vonde Pro"}]},{"@type":"WebSite","@id":"https:\/\/vondetech.com\/pl\/#website","url":"https:\/\/vondetech.com\/pl\/","name":"Vondetech","description":"","potentialAction":[{"@type":"SearchAction","target":{"@type":"EntryPoint","urlTemplate":"https:\/\/vondetech.com\/pl\/?s={search_term_string}"},"query-input":{"@type":"PropertyValueSpecification","valueRequired":true,"valueName":"search_term_string"}}],"inLanguage":"pl-PL"}]}},"_links":{"self":[{"href":"https:\/\/vondetech.com\/pl\/wp-json\/wp\/v2\/pages\/20652","targetHints":{"allow":["GET"]}}],"collection":[{"href":"https:\/\/vondetech.com\/pl\/wp-json\/wp\/v2\/pages"}],"about":[{"href":"https:\/\/vondetech.com\/pl\/wp-json\/wp\/v2\/types\/page"}],"author":[{"embeddable":true,"href":"https:\/\/vondetech.com\/pl\/wp-json\/wp\/v2\/users\/1"}],"replies":[{"embeddable":true,"href":"https:\/\/vondetech.com\/pl\/wp-json\/wp\/v2\/comments?post=20652"}],"version-history":[{"count":8,"href":"https:\/\/vondetech.com\/pl\/wp-json\/wp\/v2\/pages\/20652\/revisions"}],"predecessor-version":[{"id":30456,"href":"https:\/\/vondetech.com\/pl\/wp-json\/wp\/v2\/pages\/20652\/revisions\/30456"}],"wp:attachment":[{"href":"https:\/\/vondetech.com\/pl\/wp-json\/wp\/v2\/media?parent=20652"}],"curies":[{"name":"wp","href":"https:\/\/api.w.org\/{rel}","templated":true}]}}