{"id":11501,"date":"2024-05-23T15:23:20","date_gmt":"2024-05-23T13:23:20","guid":{"rendered":"https:\/\/vondetech.com\/umowa-o-przetwarzaniu-danych-dpa\/"},"modified":"2025-03-20T10:23:12","modified_gmt":"2025-03-20T09:23:12","slug":"umowa-o-przetwarzaniu-danych-dpa","status":"publish","type":"page","link":"https:\/\/vondetech.com\/pl\/umowa-o-przetwarzaniu-danych-dpa\/","title":{"rendered":"Umowa o przetwarzaniu danych (DPA) dla aplikacji Vonde Pro"},"content":{"rendered":"<div class=\"wpb-content-wrapper\"><p>[vc_row][vc_column][vc_empty_space][vc_column_text el_class=&#8221;legal-text&#8221;]<strong>Data wej\u015bcia w \u017cycie:<\/strong> 17 marca 2025 r.<\/p>\n<p>Niniejsza Umowa powierzenia przetwarzania danych (&#8220;Umowa&#8221;) zostaje zawarta pomi\u0119dzy:<\/p>\n<p><strong>Administrator danych:<\/strong> U\u017cytkownik lub klient us\u0142ug Vonde Technology (&#8220;Administrator Danych&#8221;)<\/p>\n<p>oraz<\/p>\n<p><strong>Podmiot przetwarzaj\u0105cy dane:<\/strong> Vonde Technology, obs\u0142ugiwany przez KMAK Kelet-Magyarorsz\u00e1gi Adatk\u00f6zpont Kft. (&#8220;Podmiot przetwarzaj\u0105cy dane&#8221;) <\/p>\n<ol>\n<li><strong>  Definicje<\/strong><\/li>\n<\/ol>\n<p>Warunki okre\u015blone w RODO (Rozporz\u0105dzenie UE 2016\/679) maj\u0105 zastosowanie do niniejszej Umowy:<\/p>\n<ul>\n<li>&#8220;Dane osobowe&#8221;: wszelkie informacje dotycz\u0105ce zidentyfikowanej lub mo\u017cliwej do zidentyfikowania osoby fizycznej.<\/li>\n<li>&#8220;Przetwarzanie&#8221;: wszelkie operacje wykonywane na Danych Osobowych, takie jak gromadzenie, przechowywanie, modyfikowanie, przesy\u0142anie lub usuwanie danych.<\/li>\n<li>&#8220;Naruszenie ochrony danych&#8221;: Nieautoryzowany dost\u0119p, zmiana, ujawnienie lub utrata danych osobowych.<\/li>\n<\/ul>\n<ol start=\"2\">\n<li><strong>  Przedmiot i czas trwania przetwarzania<\/strong><\/li>\n<\/ol>\n<p>Podmiot przetwarzaj\u0105cy dane przetwarza dane osobowe wy\u0142\u0105cznie w celu \u015bwiadczenia nast\u0119puj\u0105cych us\u0142ug:<\/p>\n<ul>\n<li>Tworzenie i zarz\u0105dzanie cyfrow\u0105 wizyt\u00f3wk\u0105 (Biopage)<\/li>\n<li>Skracanie adres\u00f3w URL<\/li>\n<li>Zarz\u0105dzanie kodami NFC i QR<\/li>\n<li>Integracja z Apple\/Google Wallet<\/li>\n<\/ul>\n<p>Przetwarzanie danych trwa tak d\u0142ugo, jak d\u0142ugo \u015bwiadczone s\u0105 us\u0142ugi lub do momentu zako\u0144czenia \u015bwiadczenia us\u0142ug przez Administratora danych.<\/p>\n<ol start=\"3\">\n<li><strong>  Kategorie przetwarzanych danych osobowych<\/strong><\/li>\n<\/ol>\n<ul>\n<li>Informacje kontaktowe: Imi\u0119 i nazwisko, adres e-mail, numer telefonu<\/li>\n<li>Szczeg\u00f3\u0142y transakcji i subskrypcji (je\u015bli dotyczy)<\/li>\n<li>Dane techniczne: Adresy IP, identyfikatory urz\u0105dze\u0144, informacje o systemie operacyjnym<\/li>\n<li>Dane dotycz\u0105ce u\u017cytkowania i analizy<\/li>\n<\/ul>\n<ol start=\"4\">\n<li><strong>  Obowi\u0105zki podmiotu przetwarzaj\u0105cego dane<\/strong><\/li>\n<\/ol>\n<p>Podmiot przetwarzaj\u0105cy dane zobowi\u0105zuje si\u0119 do:<\/p>\n<ul>\n<li>Przetwarza\u0107 dane osobowe wy\u0142\u0105cznie na podstawie udokumentowanych instrukcji Administratora Danych.<\/li>\n<li>Zachowanie \u015bcis\u0142ej poufno\u015bci danych osobowych.<\/li>\n<li>Upewnienie si\u0119, \u017ce wszyscy pracownicy przetwarzaj\u0105cy dane osobowe s\u0105 zobowi\u0105zani do zachowania poufno\u015bci.<\/li>\n<li>Wdro\u017cenie odpowiednich \u015brodk\u00f3w technicznych i organizacyjnych w celu ochrony danych osobowych, w tym mi\u0119dzy innymi szyfrowania, bezpiecznego przechowywania, kontroli dost\u0119pu i regularnych audyt\u00f3w bezpiecze\u0144stwa.<\/li>\n<li>Niezw\u0142ocznie i bez zb\u0119dnej zw\u0142oki powiadomi\u0107 Administratora Danych w przypadku naruszenia danych, dostarczaj\u0105c wszelkich niezb\u0119dnych informacji, aby pom\u00f3c Administratorowi Danych w wype\u0142nieniu jego obowi\u0105zk\u00f3w wynikaj\u0105cych z RODO.<\/li>\n<li>Zezwoli\u0107 Administratorowi Danych na przeprowadzanie audyt\u00f3w lub inspekcji z odpowiednim wyprzedzeniem w celu weryfikacji zgodno\u015bci z niniejsz\u0105 Umow\u0105.<\/li>\n<li>Niezw\u0142ocznie informowa\u0107 Administratora Danych o wszelkich \u017c\u0105daniach os\u00f3b, kt\u00f3rych dane dotycz\u0105, lub organ\u00f3w zwi\u0105zanych z przetwarzanymi danymi osobowymi.<\/li>\n<li>Przestrzega\u0107 RODO i wszystkich innych obowi\u0105zuj\u0105cych przepis\u00f3w i regulacji dotycz\u0105cych ochrony danych.<\/li>\n<\/ul>\n<ol start=\"5\">\n<li><strong>  Podprzetwarzaj\u0105cy<\/strong><\/li>\n<\/ol>\n<p>Podmiot Przetwarzaj\u0105cy Dane mo\u017ce anga\u017cowa\u0107 nast\u0119puj\u0105cych podprzetwarzaj\u0105cych:<\/p>\n<ul>\n<li>Amazon Web Services (AWS): dostawca infrastruktury w chmurze<\/li>\n<li>Google (Firebase, AdMob, Analytics): us\u0142ugi analityczne i reklamowe<\/li>\n<\/ul>\n<p>Przetwarzaj\u0105cy dane zapewnia, \u017ce podprzetwarzaj\u0105cy przestrzegaj\u0105 tych samych obowi\u0105zk\u00f3w ochrony danych okre\u015blonych w niniejszej umowie i pozostaje odpowiedzialny za ich dzia\u0142ania i zaniechania. Przetwarzaj\u0105cy Dane dostarczy Administratorowi Danych list\u0119 podwykonawc\u00f3w przetwarzania i poinformuje Administratora Danych o wszelkich zamierzonych zmianach dotycz\u0105cych dodania lub zast\u0105pienia innych podwykonawc\u00f3w przetwarzania, daj\u0105c tym samym Administratorowi Danych mo\u017cliwo\u015b\u0107 wyra\u017cenia sprzeciwu wobec takich zmian. <\/p>\n<ol start=\"6\">\n<li><strong>  Transfery danych<\/strong><\/li>\n<\/ol>\n<p>Mi\u0119dzynarodowe transfery danych b\u0119d\u0105 zgodne ze standardami RODO i b\u0119d\u0105 obejmowa\u0107 zabezpieczenia, takie jak standardowe klauzule umowne UE lub inne odpowiednie mechanizmy transferu w celu zapewnienia odpowiedniego poziomu ochrony.<\/p>\n<ol start=\"6\">\n<li><strong>  Obowi\u0105zki administratora danych<\/strong><\/li>\n<\/ol>\n<p>Administrator danych jest odpowiedzialny za:<\/p>\n<ul>\n<li>Zapewnienie wa\u017cnej podstawy prawnej przetwarzania danych osobowych.<\/li>\n<li>Informowanie os\u00f3b, kt\u00f3rych dane dotycz\u0105, o dzia\u0142aniach zwi\u0105zanych z przetwarzaniem danych w przejrzysty spos\u00f3b.<\/li>\n<li>Odpowiadanie na \u017c\u0105dania os\u00f3b, kt\u00f3rych dane dotycz\u0105, i wype\u0142nianie obowi\u0105zk\u00f3w wynikaj\u0105cych z RODO lub odpowiednich przepis\u00f3w o ochronie danych, w tym mi\u0119dzy innymi zapewnienie dost\u0119pu, sprostowania, usuni\u0119cia, ograniczenia, przenoszenia i prawa do sprzeciwu wobec przetwarzania.<\/li>\n<\/ul>\n<ol start=\"7\">\n<li><strong>  \u015arodki bezpiecze\u0144stwa<\/strong><\/li>\n<\/ol>\n<p>Przetwarzaj\u0105cy dane wdra\u017ca \u015brodki techniczne i organizacyjne w celu zapewnienia bezpiecze\u0144stwa danych osobowych, w tym:<\/p>\n<ul>\n<li>Szyfrowanie danych osobowych zar\u00f3wno podczas ich przesy\u0142ania, jak i przechowywania.<\/li>\n<li>Bezpieczne przechowywanie danych osobowych.<\/li>\n<li>Kontrola dost\u0119pu do danych osobowych, ograniczaj\u0105ca dost\u0119p wy\u0142\u0105cznie do upowa\u017cnionego personelu.<\/li>\n<li>Regularne audyty bezpiecze\u0144stwa i oceny podatno\u015bci.<\/li>\n<li>Wdro\u017cenie odpowiednich mechanizm\u00f3w uwierzytelniania i autoryzacji.<\/li>\n<li>Regularne tworzenie kopii zapasowych danych i procedury odzyskiwania danych po awarii.<\/li>\n<\/ul>\n<ol start=\"8\">\n<li><strong>  Powiadomienie o naruszeniu danych<\/strong><\/li>\n<\/ol>\n<p>W przypadku naruszenia ochrony danych Przetwarzaj\u0105cy dane powiadomi Administratora danych bez zb\u0119dnej zw\u0142oki, a w ka\u017cdym razie w ci\u0105gu 72 godzin od powzi\u0119cia wiadomo\u015bci o naruszeniu. Powiadomienie b\u0119dzie zawiera\u0107 wszystkie istotne informacje wymagane na mocy RODO, takie jak charakter naruszenia, kategorie i liczba os\u00f3b, kt\u00f3rych dane dotycz\u0105, prawdopodobne konsekwencje oraz \u015brodki podj\u0119te lub proponowane do podj\u0119cia w celu zaradzenia naruszeniu. Podmiot przetwarzaj\u0105cy dane b\u0119dzie w pe\u0142ni wsp\u00f3\u0142pracowa\u0107 z Administratorem danych w celu usuni\u0119cia i z\u0142agodzenia skutk\u00f3w naruszenia.  <\/p>\n<ol start=\"8\">\n<li><strong>  Prawa podmiotu danych<\/strong><\/li>\n<\/ol>\n<p>Przetwarzaj\u0105cy dane pomaga Administratorowi danych w wype\u0142nianiu obowi\u0105zk\u00f3w dotycz\u0105cych praw os\u00f3b, kt\u00f3rych dane dotycz\u0105, w tym dost\u0119pu, sprostowania, usuni\u0119cia, ograniczenia, przenoszenia i sprzeciwu wobec przetwarzania, zapewniaj\u0105c Administratorowi danych niezb\u0119dne informacje i narz\u0119dzia do reagowania na \u017c\u0105dania os\u00f3b, kt\u00f3rych dane dotycz\u0105.<\/p>\n<ol start=\"9\">\n<li><strong>  Zako\u0144czenie i usuni\u0119cie danych<\/strong><\/li>\n<\/ol>\n<p>Po zako\u0144czeniu \u015bwiadczenia us\u0142ugi Podmiot przetwarzaj\u0105cy dane usunie lub zwr\u00f3ci wszystkie dane osobowe na podstawie udokumentowanych instrukcji Administratora danych, chyba \u017ce ich przechowywanie jest wymagane przez prawo Unii lub prawo pa\u0144stwa cz\u0142onkowskiego, kt\u00f3remu podlega Podmiot przetwarzaj\u0105cy dane.<\/p>\n<ol start=\"10\">\n<li><strong>  Audyty i inspekcje<\/strong><\/li>\n<\/ol>\n<p>Administrator Danych mo\u017ce przeprowadza\u0107 audyty, po uprzednim pisemnym powiadomieniu, w celu sprawdzenia zgodno\u015bci z niniejsz\u0105 Umow\u0105. Przetwarzaj\u0105cy Dane zapewni rozs\u0105dn\u0105 pomoc i dost\u0119p do informacji niezb\u0119dnych Administratorowi Danych do przeprowadzenia takich audyt\u00f3w. <\/p>\n<ol start=\"10\">\n<li><strong>  Przelewy mi\u0119dzynarodowe<\/strong><\/li>\n<\/ol>\n<p>Podmiot przetwarzaj\u0105cy dane zapewnia zgodno\u015b\u0107 z mi\u0119dzynarodowymi standardami przekazywania danych, w tym z wykorzystaniem standardowych klauzul umownych lub innych odpowiednich mechanizm\u00f3w, i w razie potrzeby wdro\u017cy dodatkowe zabezpieczenia w celu zapewnienia odpowiedniego poziomu ochrony danych osobowych przekazywanych poza Europejski Obszar Gospodarczy (EOG).<\/p>\n<ol start=\"10\">\n<li><strong>  Powiadomienie o naruszeniu danych<\/strong><\/li>\n<\/ol>\n<p>Podmiot przetwarzaj\u0105cy dane powiadamia Administratora danych o ka\u017cdym naruszeniu ochrony danych bez zb\u0119dnej zw\u0142oki, a w ka\u017cdym razie w ci\u0105gu 72 godzin od powzi\u0119cia wiadomo\u015bci o naruszeniu, i w pe\u0142ni wsp\u00f3\u0142pracuje w celu zaradzenia naruszeniu i z\u0142agodzenia jego skutk\u00f3w.<\/p>\n<ol start=\"11\">\n<li><strong>  Prawo w\u0142a\u015bciwe<\/strong><\/li>\n<\/ol>\n<p>Niniejsza Umowa podlega obowi\u0105zuj\u0105cym w UE przepisom o ochronie danych, w tym RODO, oraz wszelkim innym stosownym przepisom jurysdykcyjnym.<\/p>\n<ol start=\"12\">\n<li><strong>  Aktualizacje niniejszej Umowy<\/strong><\/li>\n<\/ol>\n<p>Zastrzegamy sobie prawo do okresowej aktualizacji niniejszej Umowy. Aktualizacje b\u0119d\u0105 wyra\u017anie komunikowane Administratorowi Danych, a Administrator Danych b\u0119dzie mia\u0142 prawo sprzeciwi\u0107 si\u0119 takim zmianom. <\/p>\n<ol start=\"12\">\n<li><strong>  Informacje kontaktowe<\/strong><\/li>\n<\/ol>\n<p>W przypadku jakichkolwiek pyta\u0144 zwi\u0105zanych z niniejsz\u0105 Umow\u0105 o Przetwarzaniu Danych prosimy o kontakt:<\/p>\n<p>KMAK Kelet-Magyarorsz\u00e1gi Adatk\u00f6zpont Kft.<\/p>\n<p>H-5000 Szolnok, Szap\u00e1ry utca 20.<\/p>\n<p>E-mail: info@vondetechnology.com<\/p>\n<p>Korzystaj\u0105c z us\u0142ug Vonde Technology, obie strony zgadzaj\u0105 si\u0119 przestrzega\u0107 warunk\u00f3w okre\u015blonych w niniejszej Umowie Przetwarzania Danych.[\/vc_column_text][\/vc_column][\/vc_row]<\/p>\n<\/div>","protected":false},"excerpt":{"rendered":"<p>[vc_row][vc_column][vc_empty_space][vc_column_text el_class=&#8221;legal-text&#8221;]Data wej\u015bcia w \u017cycie: 17 marca 2025 r. Niniejsza Umowa powierzenia przetwarzania danych (&#8220;Umowa&#8221;) zostaje zawarta pomi\u0119dzy: Administrator danych: U\u017cytkownik lub klient us\u0142ug Vonde Technology (&#8220;Administrator Danych&#8221;) oraz Podmiot przetwarzaj\u0105cy dane: Vonde Technology, obs\u0142ugiwany przez KMAK Kelet-Magyarorsz\u00e1gi Adatk\u00f6zpont Kft. (&#8220;Podmiot przetwarzaj\u0105cy dane&#8221;) Definicje Warunki okre\u015blone w RODO (Rozporz\u0105dzenie UE 2016\/679) maj\u0105 zastosowanie do niniejszej [&hellip;]<\/p>\n","protected":false},"author":1,"featured_media":0,"parent":0,"menu_order":0,"comment_status":"closed","ping_status":"closed","template":"","meta":{"footnotes":""},"class_list":["post-11501","page","type-page","status-publish","hentry"],"yoast_head":"<!-- This site is optimized with the Yoast SEO plugin v24.7 - https:\/\/yoast.com\/wordpress\/plugins\/seo\/ -->\n<title>Umowa o przetwarzaniu danych (DPA) dla aplikacji Vonde Pro - Vondetech<\/title>\n<meta name=\"robots\" content=\"index, follow, max-snippet:-1, max-image-preview:large, max-video-preview:-1\" \/>\n<link rel=\"canonical\" href=\"https:\/\/vondetech.com\/pl\/umowa-o-przetwarzaniu-danych-dpa\/\" \/>\n<meta property=\"og:locale\" content=\"pl_PL\" \/>\n<meta property=\"og:type\" content=\"article\" \/>\n<meta property=\"og:title\" content=\"Umowa o przetwarzaniu danych (DPA) dla aplikacji Vonde Pro - Vondetech\" \/>\n<meta property=\"og:description\" content=\"[vc_row][vc_column][vc_empty_space][vc_column_text el_class=&#8221;legal-text&#8221;]Data wej\u015bcia w \u017cycie: 17 marca 2025 r. Niniejsza Umowa powierzenia przetwarzania danych (&#8220;Umowa&#8221;) zostaje zawarta pomi\u0119dzy: Administrator danych: U\u017cytkownik lub klient us\u0142ug Vonde Technology (&#8220;Administrator Danych&#8221;) oraz Podmiot przetwarzaj\u0105cy dane: Vonde Technology, obs\u0142ugiwany przez KMAK Kelet-Magyarorsz\u00e1gi Adatk\u00f6zpont Kft. (&#8220;Podmiot przetwarzaj\u0105cy dane&#8221;) Definicje Warunki okre\u015blone w RODO (Rozporz\u0105dzenie UE 2016\/679) maj\u0105 zastosowanie do niniejszej [&hellip;]\" \/>\n<meta property=\"og:url\" content=\"https:\/\/vondetech.com\/pl\/umowa-o-przetwarzaniu-danych-dpa\/\" \/>\n<meta property=\"og:site_name\" content=\"Vondetech\" \/>\n<meta property=\"article:modified_time\" content=\"2025-03-20T09:23:12+00:00\" \/>\n<meta name=\"twitter:card\" content=\"summary_large_image\" \/>\n<meta name=\"twitter:label1\" content=\"Szacowany czas czytania\" \/>\n\t<meta name=\"twitter:data1\" content=\"5 minut\" \/>\n<script type=\"application\/ld+json\" class=\"yoast-schema-graph\">{\"@context\":\"https:\/\/schema.org\",\"@graph\":[{\"@type\":\"WebPage\",\"@id\":\"https:\/\/vondetech.com\/pl\/umowa-o-przetwarzaniu-danych-dpa\/\",\"url\":\"https:\/\/vondetech.com\/pl\/umowa-o-przetwarzaniu-danych-dpa\/\",\"name\":\"Umowa o przetwarzaniu danych (DPA) dla aplikacji Vonde Pro - Vondetech\",\"isPartOf\":{\"@id\":\"https:\/\/vondetech.com\/pl\/#website\"},\"datePublished\":\"2024-05-23T13:23:20+00:00\",\"dateModified\":\"2025-03-20T09:23:12+00:00\",\"breadcrumb\":{\"@id\":\"https:\/\/vondetech.com\/pl\/umowa-o-przetwarzaniu-danych-dpa\/#breadcrumb\"},\"inLanguage\":\"pl-PL\",\"potentialAction\":[{\"@type\":\"ReadAction\",\"target\":[\"https:\/\/vondetech.com\/pl\/umowa-o-przetwarzaniu-danych-dpa\/\"]}]},{\"@type\":\"BreadcrumbList\",\"@id\":\"https:\/\/vondetech.com\/pl\/umowa-o-przetwarzaniu-danych-dpa\/#breadcrumb\",\"itemListElement\":[{\"@type\":\"ListItem\",\"position\":1,\"name\":\"Strona g\u0142\u00f3wna\",\"item\":\"https:\/\/vondetech.com\/pl\/strona-glowna\/\"},{\"@type\":\"ListItem\",\"position\":2,\"name\":\"Umowa o przetwarzaniu danych (DPA) dla aplikacji Vonde Pro\"}]},{\"@type\":\"WebSite\",\"@id\":\"https:\/\/vondetech.com\/pl\/#website\",\"url\":\"https:\/\/vondetech.com\/pl\/\",\"name\":\"Vondetech\",\"description\":\"\",\"potentialAction\":[{\"@type\":\"SearchAction\",\"target\":{\"@type\":\"EntryPoint\",\"urlTemplate\":\"https:\/\/vondetech.com\/pl\/?s={search_term_string}\"},\"query-input\":{\"@type\":\"PropertyValueSpecification\",\"valueRequired\":true,\"valueName\":\"search_term_string\"}}],\"inLanguage\":\"pl-PL\"}]}<\/script>\n<!-- \/ Yoast SEO plugin. -->","yoast_head_json":{"title":"Umowa o przetwarzaniu danych (DPA) dla aplikacji Vonde Pro - Vondetech","robots":{"index":"index","follow":"follow","max-snippet":"max-snippet:-1","max-image-preview":"max-image-preview:large","max-video-preview":"max-video-preview:-1"},"canonical":"https:\/\/vondetech.com\/pl\/umowa-o-przetwarzaniu-danych-dpa\/","og_locale":"pl_PL","og_type":"article","og_title":"Umowa o przetwarzaniu danych (DPA) dla aplikacji Vonde Pro - Vondetech","og_description":"[vc_row][vc_column][vc_empty_space][vc_column_text el_class=&#8221;legal-text&#8221;]Data wej\u015bcia w \u017cycie: 17 marca 2025 r. Niniejsza Umowa powierzenia przetwarzania danych (&#8220;Umowa&#8221;) zostaje zawarta pomi\u0119dzy: Administrator danych: U\u017cytkownik lub klient us\u0142ug Vonde Technology (&#8220;Administrator Danych&#8221;) oraz Podmiot przetwarzaj\u0105cy dane: Vonde Technology, obs\u0142ugiwany przez KMAK Kelet-Magyarorsz\u00e1gi Adatk\u00f6zpont Kft. (&#8220;Podmiot przetwarzaj\u0105cy dane&#8221;) Definicje Warunki okre\u015blone w RODO (Rozporz\u0105dzenie UE 2016\/679) maj\u0105 zastosowanie do niniejszej [&hellip;]","og_url":"https:\/\/vondetech.com\/pl\/umowa-o-przetwarzaniu-danych-dpa\/","og_site_name":"Vondetech","article_modified_time":"2025-03-20T09:23:12+00:00","twitter_card":"summary_large_image","twitter_misc":{"Szacowany czas czytania":"5 minut"},"schema":{"@context":"https:\/\/schema.org","@graph":[{"@type":"WebPage","@id":"https:\/\/vondetech.com\/pl\/umowa-o-przetwarzaniu-danych-dpa\/","url":"https:\/\/vondetech.com\/pl\/umowa-o-przetwarzaniu-danych-dpa\/","name":"Umowa o przetwarzaniu danych (DPA) dla aplikacji Vonde Pro - Vondetech","isPartOf":{"@id":"https:\/\/vondetech.com\/pl\/#website"},"datePublished":"2024-05-23T13:23:20+00:00","dateModified":"2025-03-20T09:23:12+00:00","breadcrumb":{"@id":"https:\/\/vondetech.com\/pl\/umowa-o-przetwarzaniu-danych-dpa\/#breadcrumb"},"inLanguage":"pl-PL","potentialAction":[{"@type":"ReadAction","target":["https:\/\/vondetech.com\/pl\/umowa-o-przetwarzaniu-danych-dpa\/"]}]},{"@type":"BreadcrumbList","@id":"https:\/\/vondetech.com\/pl\/umowa-o-przetwarzaniu-danych-dpa\/#breadcrumb","itemListElement":[{"@type":"ListItem","position":1,"name":"Strona g\u0142\u00f3wna","item":"https:\/\/vondetech.com\/pl\/strona-glowna\/"},{"@type":"ListItem","position":2,"name":"Umowa o przetwarzaniu danych (DPA) dla aplikacji Vonde Pro"}]},{"@type":"WebSite","@id":"https:\/\/vondetech.com\/pl\/#website","url":"https:\/\/vondetech.com\/pl\/","name":"Vondetech","description":"","potentialAction":[{"@type":"SearchAction","target":{"@type":"EntryPoint","urlTemplate":"https:\/\/vondetech.com\/pl\/?s={search_term_string}"},"query-input":{"@type":"PropertyValueSpecification","valueRequired":true,"valueName":"search_term_string"}}],"inLanguage":"pl-PL"}]}},"_links":{"self":[{"href":"https:\/\/vondetech.com\/pl\/wp-json\/wp\/v2\/pages\/11501","targetHints":{"allow":["GET"]}}],"collection":[{"href":"https:\/\/vondetech.com\/pl\/wp-json\/wp\/v2\/pages"}],"about":[{"href":"https:\/\/vondetech.com\/pl\/wp-json\/wp\/v2\/types\/page"}],"author":[{"embeddable":true,"href":"https:\/\/vondetech.com\/pl\/wp-json\/wp\/v2\/users\/1"}],"replies":[{"embeddable":true,"href":"https:\/\/vondetech.com\/pl\/wp-json\/wp\/v2\/comments?post=11501"}],"version-history":[{"count":6,"href":"https:\/\/vondetech.com\/pl\/wp-json\/wp\/v2\/pages\/11501\/revisions"}],"predecessor-version":[{"id":20051,"href":"https:\/\/vondetech.com\/pl\/wp-json\/wp\/v2\/pages\/11501\/revisions\/20051"}],"wp:attachment":[{"href":"https:\/\/vondetech.com\/pl\/wp-json\/wp\/v2\/media?parent=11501"}],"curies":[{"name":"wp","href":"https:\/\/api.w.org\/{rel}","templated":true}]}}