{"id":11496,"date":"2024-05-23T15:08:00","date_gmt":"2024-05-23T13:08:00","guid":{"rendered":"https:\/\/vondetech.com\/polityka-zwrotow-i-refundacji\/"},"modified":"2025-03-21T07:57:39","modified_gmt":"2025-03-21T06:57:39","slug":"polityka-zwrotow-i-refundacji","status":"publish","type":"page","link":"https:\/\/vondetech.com\/pl\/polityka-zwrotow-i-refundacji\/","title":{"rendered":"Polityka zwrot\u00f3w i anulowania dla aplikacji Vonde Pro"},"content":{"rendered":"<div class=\"wpb-content-wrapper\"><p>[vc_row][vc_column][vc_empty_space][vc_column_text el_class=&#8221;legal-text&#8221;]<strong>Data wej\u015bcia w \u017cycie:<\/strong> 17 marca 2025 r.<\/p>\n<ol>\n<li><strong>  Wprowadzenie<\/strong><\/li>\n<\/ol>\n<p>Niniejsza Polityka Zwrot\u00f3w i Anulowania opisuje procedury i warunki dotycz\u0105ce zwrot\u00f3w i anulowania zakup\u00f3w i subskrypcji dokonanych w ramach Aplikacji Vonde Pro (&#8220;Aplikacja&#8221;), dostarczonej przez Vonde Technology (&#8220;my&#8221;, &#8220;nas&#8221;, &#8220;nasz&#8221;). Poniewa\u017c Aplikacja Vonde Pro jest dost\u0119pna wy\u0142\u0105cznie za po\u015brednictwem Apple App Store i Google Play Store, wszystkie transakcje, anulacje i zwroty podlegaj\u0105 zasadom odpowiedniego sklepu. <\/p>\n<ol start=\"2\">\n<li><strong>  Anulowanie subskrypcji<\/strong><\/li>\n<\/ol>\n<p>U\u017cytkownicy mog\u0105 anulowa\u0107 subskrypcje w dowolnym momencie za po\u015brednictwem ustawie\u0144 konta Apple App Store lub Google Play Store. Szczeg\u00f3\u0142owe instrukcje znajduj\u0105 si\u0119 w poni\u017cszych zasobach: <\/p>\n<ul>\n<li><strong>Apple App Store:<\/strong> [https:\/\/support .apple.com\/en-us\/118428]<\/li>\n<li><strong>Sklep Google Play:<\/strong> [https:\/\/support .google.com=&#8221;&#8221;]<\/li>\n<\/ul>\n<p>Wnioski o anulowanie staj\u0105 si\u0119 skuteczne z ko\u0144cem bie\u017c\u0105cego cyklu rozliczeniowego. Za niewykorzystane okresy subskrypcji nie przys\u0142uguje zwrot pieni\u0119dzy ani cz\u0119\u015bciowy zwrot pieni\u0119dzy, chyba \u017ce wymagaj\u0105 tego przepisy prawa lub Apple lub Google wyra\u017anie postanowi\u0105 inaczej w punkcie sprzeda\u017cy. <\/p>\n<ol start=\"3\">\n<li><strong>  Kwalifikowalno\u015b\u0107 zwrotu<\/strong><\/li>\n<\/ol>\n<p>Zwroty za zakupy lub subskrypcje dokonane za po\u015brednictwem Aplikacji Vonde Pro podlegaj\u0105 zasadom zwrot\u00f3w obowi\u0105zuj\u0105cym w Apple App Store lub Google Play Store, w zale\u017cno\u015bci od miejsca dokonania transakcji. Zasadniczo, zwroty mog\u0105 by\u0107 przyznawane w nast\u0119puj\u0105cych okoliczno\u015bciach, okre\u015blonych przez Apple lub Google: <\/p>\n<ul>\n<li>Problemy techniczne lub nieprawid\u0142owe dzia\u0142anie Aplikacji uniemo\u017cliwiaj\u0105ce korzystanie z p\u0142atnych us\u0142ug, kt\u00f3rych nie mo\u017cemy rozwi\u0105za\u0107 w rozs\u0105dnym terminie.<\/li>\n<li>Udowodniono, \u017ce nieautoryzowane transakcje mia\u0142y miejsce z powodu naruszenia bezpiecze\u0144stwa, kt\u00f3re nie by\u0142o spowodowane zaniedbaniem u\u017cytkownika.<\/li>\n<\/ul>\n<p>Wnioski o zwrot koszt\u00f3w oparte wy\u0142\u0105cznie na niezadowoleniu z us\u0142ugi lub zmianie okoliczno\u015bci osobistych zazwyczaj nie kwalifikuj\u0105 si\u0119, poniewa\u017c s\u0105 one rozpatrywane wed\u0142ug uznania Apple lub Google.<\/p>\n<ol start=\"4\">\n<li><strong>  Procedura wnioskowania o zwrot koszt\u00f3w<\/strong><\/li>\n<\/ol>\n<p>Wszystkie wnioski o zwrot pieni\u0119dzy musz\u0105 by\u0107 sk\u0142adane zgodnie z zasadami i procedurami Apple App Store lub Google Play Store. Aby za\u017c\u0105da\u0107 zwrotu pieni\u0119dzy, nale\u017cy post\u0119powa\u0107 zgodnie z instrukcjami dostarczonymi przez odpowiedni sklep: <\/p>\n<ul>\n<li><strong>Apple App Store:<\/strong> [https:\/\/support .apple.com\/en-gb\/118223]<\/li>\n<li><strong>Sklep Google Play:<\/strong> [https:\/\/support .google.com=&#8221;&#8221;]<\/li>\n<\/ul>\n<p>Wszelkie informacje dotycz\u0105ce wniosk\u00f3w o zwrot koszt\u00f3w nale\u017cy kierowa\u0107 do odpowiedniego sklepu z aplikacjami.<\/p>\n<ol start=\"5\">\n<li><strong>  Przetwarzanie zwrot\u00f3w<\/strong><\/li>\n<\/ol>\n<p>Zatwierdzone zwroty b\u0119d\u0105 przetwarzane przez Apple lub Google za po\u015brednictwem oryginalnej metody p\u0142atno\u015bci. Czas przetwarzania mo\u017ce si\u0119 r\u00f3\u017cni\u0107 w zale\u017cno\u015bci od dostawc\u00f3w p\u0142atno\u015bci i zasad sklepu z aplikacjami. <\/p>\n<ol start=\"6\">\n<li><strong>  Ograniczenia<\/strong><\/li>\n<\/ol>\n<p>Nasza firma zastrzega sobie prawo do odmowy pomocy w przypadku wniosk\u00f3w o zwrot pieni\u0119dzy, kt\u00f3re nie s\u0105 zgodne z zasadami Apple App Store lub Google Play Store.<\/p>\n<ol start=\"7\">\n<li><strong>  Zmiany w niniejszej Polityce<\/strong><\/li>\n<\/ol>\n<p>Niniejsza Polityka zwrot\u00f3w i anulowania mo\u017ce by\u0107 okresowo aktualizowana. Istotne zmiany b\u0119d\u0105 przekazywane za po\u015brednictwem powiadomie\u0144 aplikacji lub zarejestrowanych wiadomo\u015bci e-mail. <\/p>\n<ol start=\"8\">\n<li><strong>  Informacje kontaktowe<\/strong><\/li>\n<\/ol>\n<p>W przypadku pyta\u0144 lub pomocy dotycz\u0105cej niniejszej polityki prosimy o kontakt:<\/p>\n<p>KMAK Kelet-Magyarorsz\u00e1gi Adatk\u00f6zpont Kft.<\/p>\n<p>H-5000 Szolnok, Szap\u00e1ry utca 20.<\/p>\n<p>E-mail: info@vondetechnology.com<\/p>\n<p>Dokonuj\u0105c zakupu lub subskrypcji w ramach Aplikacji Vonde Pro, u\u017cytkownik przyjmuje do wiadomo\u015bci i akceptuje warunki niniejszej Polityki Zwrot\u00f3w i Anulowania oraz rozumie, \u017ce procesy zwrotu i anulowania podlegaj\u0105 zasadom Apple App Store lub Google Play Store.[\/vc_column_text][\/vc_column][\/vc_row]<\/p>\n<\/div>","protected":false},"excerpt":{"rendered":"<p>[vc_row][vc_column][vc_empty_space][vc_column_text el_class=&#8221;legal-text&#8221;]Data wej\u015bcia w \u017cycie: 17 marca 2025 r. Wprowadzenie Niniejsza Polityka Zwrot\u00f3w i Anulowania opisuje procedury i warunki dotycz\u0105ce zwrot\u00f3w i anulowania zakup\u00f3w i subskrypcji dokonanych w ramach Aplikacji Vonde Pro (&#8220;Aplikacja&#8221;), dostarczonej przez Vonde Technology (&#8220;my&#8221;, &#8220;nas&#8221;, &#8220;nasz&#8221;). Poniewa\u017c Aplikacja Vonde Pro jest dost\u0119pna wy\u0142\u0105cznie za po\u015brednictwem Apple App Store i Google Play [&hellip;]<\/p>\n","protected":false},"author":1,"featured_media":0,"parent":0,"menu_order":0,"comment_status":"closed","ping_status":"closed","template":"","meta":{"footnotes":""},"class_list":["post-11496","page","type-page","status-publish","hentry"],"yoast_head":"<!-- This site is optimized with the Yoast SEO plugin v24.7 - https:\/\/yoast.com\/wordpress\/plugins\/seo\/ -->\n<title>Polityka zwrot\u00f3w i anulowania dla aplikacji Vonde Pro - Vondetech<\/title>\n<meta name=\"robots\" content=\"index, follow, max-snippet:-1, max-image-preview:large, max-video-preview:-1\" \/>\n<link rel=\"canonical\" href=\"https:\/\/vondetech.com\/pl\/polityka-zwrotow-i-refundacji\/\" \/>\n<meta property=\"og:locale\" content=\"pl_PL\" \/>\n<meta property=\"og:type\" content=\"article\" \/>\n<meta property=\"og:title\" content=\"Polityka zwrot\u00f3w i anulowania dla aplikacji Vonde Pro - Vondetech\" \/>\n<meta property=\"og:description\" content=\"[vc_row][vc_column][vc_empty_space][vc_column_text el_class=&#8221;legal-text&#8221;]Data wej\u015bcia w \u017cycie: 17 marca 2025 r. Wprowadzenie Niniejsza Polityka Zwrot\u00f3w i Anulowania opisuje procedury i warunki dotycz\u0105ce zwrot\u00f3w i anulowania zakup\u00f3w i subskrypcji dokonanych w ramach Aplikacji Vonde Pro (&#8220;Aplikacja&#8221;), dostarczonej przez Vonde Technology (&#8220;my&#8221;, &#8220;nas&#8221;, &#8220;nasz&#8221;). Poniewa\u017c Aplikacja Vonde Pro jest dost\u0119pna wy\u0142\u0105cznie za po\u015brednictwem Apple App Store i Google Play [&hellip;]\" \/>\n<meta property=\"og:url\" content=\"https:\/\/vondetech.com\/pl\/polityka-zwrotow-i-refundacji\/\" \/>\n<meta property=\"og:site_name\" content=\"Vondetech\" \/>\n<meta property=\"article:modified_time\" content=\"2025-03-21T06:57:39+00:00\" \/>\n<meta name=\"twitter:card\" content=\"summary_large_image\" \/>\n<meta name=\"twitter:label1\" content=\"Szacowany czas czytania\" \/>\n\t<meta name=\"twitter:data1\" content=\"2 minuty\" \/>\n<script type=\"application\/ld+json\" class=\"yoast-schema-graph\">{\"@context\":\"https:\/\/schema.org\",\"@graph\":[{\"@type\":\"WebPage\",\"@id\":\"https:\/\/vondetech.com\/pl\/polityka-zwrotow-i-refundacji\/\",\"url\":\"https:\/\/vondetech.com\/pl\/polityka-zwrotow-i-refundacji\/\",\"name\":\"Polityka zwrot\u00f3w i anulowania dla aplikacji Vonde Pro - Vondetech\",\"isPartOf\":{\"@id\":\"https:\/\/vondetech.com\/pl\/#website\"},\"datePublished\":\"2024-05-23T13:08:00+00:00\",\"dateModified\":\"2025-03-21T06:57:39+00:00\",\"breadcrumb\":{\"@id\":\"https:\/\/vondetech.com\/pl\/polityka-zwrotow-i-refundacji\/#breadcrumb\"},\"inLanguage\":\"pl-PL\",\"potentialAction\":[{\"@type\":\"ReadAction\",\"target\":[\"https:\/\/vondetech.com\/pl\/polityka-zwrotow-i-refundacji\/\"]}]},{\"@type\":\"BreadcrumbList\",\"@id\":\"https:\/\/vondetech.com\/pl\/polityka-zwrotow-i-refundacji\/#breadcrumb\",\"itemListElement\":[{\"@type\":\"ListItem\",\"position\":1,\"name\":\"Strona g\u0142\u00f3wna\",\"item\":\"https:\/\/vondetech.com\/pl\/strona-glowna\/\"},{\"@type\":\"ListItem\",\"position\":2,\"name\":\"Polityka zwrot\u00f3w i anulowania dla aplikacji Vonde Pro\"}]},{\"@type\":\"WebSite\",\"@id\":\"https:\/\/vondetech.com\/pl\/#website\",\"url\":\"https:\/\/vondetech.com\/pl\/\",\"name\":\"Vondetech\",\"description\":\"\",\"potentialAction\":[{\"@type\":\"SearchAction\",\"target\":{\"@type\":\"EntryPoint\",\"urlTemplate\":\"https:\/\/vondetech.com\/pl\/?s={search_term_string}\"},\"query-input\":{\"@type\":\"PropertyValueSpecification\",\"valueRequired\":true,\"valueName\":\"search_term_string\"}}],\"inLanguage\":\"pl-PL\"}]}<\/script>\n<!-- \/ Yoast SEO plugin. -->","yoast_head_json":{"title":"Polityka zwrot\u00f3w i anulowania dla aplikacji Vonde Pro - Vondetech","robots":{"index":"index","follow":"follow","max-snippet":"max-snippet:-1","max-image-preview":"max-image-preview:large","max-video-preview":"max-video-preview:-1"},"canonical":"https:\/\/vondetech.com\/pl\/polityka-zwrotow-i-refundacji\/","og_locale":"pl_PL","og_type":"article","og_title":"Polityka zwrot\u00f3w i anulowania dla aplikacji Vonde Pro - Vondetech","og_description":"[vc_row][vc_column][vc_empty_space][vc_column_text el_class=&#8221;legal-text&#8221;]Data wej\u015bcia w \u017cycie: 17 marca 2025 r. Wprowadzenie Niniejsza Polityka Zwrot\u00f3w i Anulowania opisuje procedury i warunki dotycz\u0105ce zwrot\u00f3w i anulowania zakup\u00f3w i subskrypcji dokonanych w ramach Aplikacji Vonde Pro (&#8220;Aplikacja&#8221;), dostarczonej przez Vonde Technology (&#8220;my&#8221;, &#8220;nas&#8221;, &#8220;nasz&#8221;). Poniewa\u017c Aplikacja Vonde Pro jest dost\u0119pna wy\u0142\u0105cznie za po\u015brednictwem Apple App Store i Google Play [&hellip;]","og_url":"https:\/\/vondetech.com\/pl\/polityka-zwrotow-i-refundacji\/","og_site_name":"Vondetech","article_modified_time":"2025-03-21T06:57:39+00:00","twitter_card":"summary_large_image","twitter_misc":{"Szacowany czas czytania":"2 minuty"},"schema":{"@context":"https:\/\/schema.org","@graph":[{"@type":"WebPage","@id":"https:\/\/vondetech.com\/pl\/polityka-zwrotow-i-refundacji\/","url":"https:\/\/vondetech.com\/pl\/polityka-zwrotow-i-refundacji\/","name":"Polityka zwrot\u00f3w i anulowania dla aplikacji Vonde Pro - Vondetech","isPartOf":{"@id":"https:\/\/vondetech.com\/pl\/#website"},"datePublished":"2024-05-23T13:08:00+00:00","dateModified":"2025-03-21T06:57:39+00:00","breadcrumb":{"@id":"https:\/\/vondetech.com\/pl\/polityka-zwrotow-i-refundacji\/#breadcrumb"},"inLanguage":"pl-PL","potentialAction":[{"@type":"ReadAction","target":["https:\/\/vondetech.com\/pl\/polityka-zwrotow-i-refundacji\/"]}]},{"@type":"BreadcrumbList","@id":"https:\/\/vondetech.com\/pl\/polityka-zwrotow-i-refundacji\/#breadcrumb","itemListElement":[{"@type":"ListItem","position":1,"name":"Strona g\u0142\u00f3wna","item":"https:\/\/vondetech.com\/pl\/strona-glowna\/"},{"@type":"ListItem","position":2,"name":"Polityka zwrot\u00f3w i anulowania dla aplikacji Vonde Pro"}]},{"@type":"WebSite","@id":"https:\/\/vondetech.com\/pl\/#website","url":"https:\/\/vondetech.com\/pl\/","name":"Vondetech","description":"","potentialAction":[{"@type":"SearchAction","target":{"@type":"EntryPoint","urlTemplate":"https:\/\/vondetech.com\/pl\/?s={search_term_string}"},"query-input":{"@type":"PropertyValueSpecification","valueRequired":true,"valueName":"search_term_string"}}],"inLanguage":"pl-PL"}]}},"_links":{"self":[{"href":"https:\/\/vondetech.com\/pl\/wp-json\/wp\/v2\/pages\/11496","targetHints":{"allow":["GET"]}}],"collection":[{"href":"https:\/\/vondetech.com\/pl\/wp-json\/wp\/v2\/pages"}],"about":[{"href":"https:\/\/vondetech.com\/pl\/wp-json\/wp\/v2\/types\/page"}],"author":[{"embeddable":true,"href":"https:\/\/vondetech.com\/pl\/wp-json\/wp\/v2\/users\/1"}],"replies":[{"embeddable":true,"href":"https:\/\/vondetech.com\/pl\/wp-json\/wp\/v2\/comments?post=11496"}],"version-history":[{"count":5,"href":"https:\/\/vondetech.com\/pl\/wp-json\/wp\/v2\/pages\/11496\/revisions"}],"predecessor-version":[{"id":21227,"href":"https:\/\/vondetech.com\/pl\/wp-json\/wp\/v2\/pages\/11496\/revisions\/21227"}],"wp:attachment":[{"href":"https:\/\/vondetech.com\/pl\/wp-json\/wp\/v2\/media?parent=11496"}],"curies":[{"name":"wp","href":"https:\/\/api.w.org\/{rel}","templated":true}]}}