{"id":11491,"date":"2024-05-23T15:17:28","date_gmt":"2024-05-23T13:17:28","guid":{"rendered":"https:\/\/vondetech.com\/polityka-prywatnosci\/"},"modified":"2025-03-19T13:21:50","modified_gmt":"2025-03-19T12:21:50","slug":"polityka-prywatnosci","status":"publish","type":"page","link":"https:\/\/vondetech.com\/pl\/polityka-prywatnosci\/","title":{"rendered":"Polityka plik\u00f3w cookie dla strony internetowej Vonde Pro"},"content":{"rendered":"<div class=\"wpb-content-wrapper\"><p>[vc_row][vc_column][vc_empty_space][vc_column_text el_class=&#8221;legal-text&#8221;]<strong>Polityka plik\u00f3w cookie dla strony internetowej Vonde Pro<\/strong><\/p>\n<p><strong>Data wej\u015bcia w \u017cycie:<\/strong> 17 marca 2025 r.<\/p>\n<ol>\n<li><strong>  Wprowadzenie<\/strong><\/li>\n<\/ol>\n<p>Niniejsza Polityka dotycz\u0105ca plik\u00f3w cookie wyja\u015bnia, w jaki spos\u00f3b Vonde Technology (&#8220;my&#8221;, &#8220;nas&#8221; lub &#8220;nasz&#8221;) wykorzystuje pliki cookie i podobne technologie na stronie internetowej Vonde Pro (&#8220;Strona internetowa&#8221;). Niniejsza polityka nie ma zastosowania do aplikacji mobilnej Vonde Pro, kt\u00f3ra posiada w\u0142asn\u0105 odr\u0119bn\u0105 Polityk\u0119 Cookie. <\/p>\n<ol start=\"2\">\n<li><strong>  Czym s\u0105 pliki cookie?<\/strong><\/li>\n<\/ol>\n<p>Pliki cookie to ma\u0142e pliki tekstowe przechowywane na urz\u0105dzeniu u\u017cytkownika podczas odwiedzania naszej witryny. Pliki cookie pomagaj\u0105 nam analizowa\u0107 ruch w witrynie i poprawia\u0107 komfort u\u017cytkowania. <\/p>\n<ol start=\"3\">\n<li><strong>  Rodzaje u\u017cywanych przez nas plik\u00f3w cookie<\/strong><\/li>\n<\/ol>\n<ul>\n<li><strong>Niezb\u0119dne pliki cookie:<\/strong> Te pliki cookie s\u0105 niezb\u0119dne do podstawowego funkcjonowania witryny. Umo\u017cliwiaj\u0105 poruszanie si\u0119 po witrynie, korzystanie z podstawowych funkcji, takich jak logowanie do konta, dodawanie produkt\u00f3w do koszyka i uzyskiwanie dost\u0119pu do bezpiecznych obszar\u00f3w witryny. <\/li>\n<li><strong>Analityczne pliki cookie:<\/strong> Pozwalaj\u0105 nam rozpoznawa\u0107 i zlicza\u0107 odwiedzaj\u0105cych oraz sprawdza\u0107, w jaki spos\u00f3b poruszaj\u0105 si\u0119 oni po witrynie. Pomaga nam to poprawi\u0107 u\u017cyteczno\u015b\u0107 i wydajno\u015b\u0107 witryny. U\u017cywamy Google Analytics do zbierania informacji o tym, jak odwiedzaj\u0105cy korzystaj\u0105 z naszej witryny. Te pliki cookie gromadz\u0105 dane, takie jak liczba odwiedzaj\u0105cych, odwiedzane przez nich strony i czas sp\u0119dzony na ka\u017cdej z nich.   <\/li>\n<\/ul>\n<ol start=\"4\">\n<li><strong>  Cel korzystania z plik\u00f3w cookie<\/strong><\/li>\n<\/ol>\n<p>U\u017cywamy plik\u00f3w cookie wy\u0142\u0105cznie do:<\/p>\n<ul>\n<li>Monitorowanie i analizowanie podstawowych statystyk odwiedzin i korzystania z witryny.<\/li>\n<li>Poprawa og\u00f3lnej wydajno\u015bci i komfortu korzystania z naszej Witryny.<\/li>\n<\/ul>\n<ol start=\"5\">\n<li><strong>  Pliki cookie stron trzecich<\/strong><\/li>\n<\/ol>\n<ul>\n<li><strong>Google Analytics:<\/strong> Korzystamy z Google Analytics, us\u0142ugi analityki internetowej \u015bwiadczonej przez Google LLC. Google Analytics wykorzystuje pliki cookie do zbierania informacji o korzystaniu z naszej strony internetowej, w tym adresu IP u\u017cytkownika. Informacje te s\u0105 przekazywane i przechowywane przez Google na serwerach w Stanach Zjednoczonych. Google wykorzystuje te informacje do oceny korzystania z naszej witryny przez u\u017cytkownika, tworzenia raport\u00f3w dotycz\u0105cych aktywno\u015bci w witrynie oraz \u015bwiadczenia innych us\u0142ug zwi\u0105zanych z aktywno\u015bci\u0105 w witrynie i korzystaniem z Internetu. Google mo\u017ce r\u00f3wnie\u017c przekazywa\u0107 te informacje stronom trzecim, je\u015bli jest to wymagane przez prawo lub je\u015bli takie strony trzecie przetwarzaj\u0105 informacje w imieniu Google. Wi\u0119cej informacji na temat praktyk Google w zakresie ochrony prywatno\u015bci i sposobu wykorzystywania plik\u00f3w cookie przez Google mo\u017cna znale\u017a\u0107 w Polityce prywatno\u015bci Google:       [Link to Google&#8217;s Privacy Policy]<\/li>\n<\/ul>\n<ol start=\"6\">\n<li><strong>  Zarz\u0105dzanie plikami cookie<\/strong><\/li>\n<\/ol>\n<p>U\u017cytkownik mo\u017ce kontrolowa\u0107, blokowa\u0107 lub usuwa\u0107 pliki cookie za pomoc\u0105 ustawie\u0144 przegl\u0105darki. Wi\u0119kszo\u015b\u0107 przegl\u0105darek internetowych automatycznie akceptuje pliki cookie, ale zazwyczaj mo\u017cna zmodyfikowa\u0107 ustawienia przegl\u0105darki, aby odrzuci\u0107 pliki cookie, je\u015bli wolisz. Instrukcje dotycz\u0105ce zarz\u0105dzania plikami cookie mo\u017cna znale\u017a\u0107 w dokumentacji pomocy przegl\u0105darki. Poni\u017cej znajduj\u0105 si\u0119 linki do stron pomocy niekt\u00f3rych popularnych przegl\u0105darek:   <\/p>\n<ul>\n<li>Google Chrome:  [Link to Chrome&#8217;s cookie settings help page]<\/li>\n<li>Mozilla Firefox:  [Link to Firefox&#8217;s cookie settings help page]<\/li>\n<li>Microsoft Edge:  [Link to Edge&#8217;s cookie settings help page]<\/li>\n<li>Apple Safari:  [Link to Safari&#8217;s cookie settings help page]<\/li>\n<\/ul>\n<p>Pliki cookie mog\u0105 by\u0107 sesyjne lub trwa\u0142e. Sesyjne pliki cookie to tymczasowe pliki cookie, kt\u00f3re s\u0105 przechowywane na urz\u0105dzeniu do momentu zamkni\u0119cia przegl\u0105darki. Trwa\u0142e pliki cookie pozostaj\u0105 na urz\u0105dzeniu u\u017cytkownika przez d\u0142u\u017cszy czas lub do momentu ich usuni\u0119cia przez u\u017cytkownika.  <\/p>\n<ol start=\"7\">\n<li><strong>  Aktualizacje polityki<\/strong><\/li>\n<\/ol>\n<p>Niniejsza Polityka dotycz\u0105ca plik\u00f3w cookie mo\u017ce by\u0107 okresowo aktualizowana. Zmiany b\u0119d\u0105 publikowane na tej stronie z aktualn\u0105 dat\u0105 wej\u015bcia w \u017cycie. <\/p>\n<ol start=\"8\">\n<li><strong>  Kontakt<\/strong><\/li>\n<\/ol>\n<p>W przypadku pyta\u0144 dotycz\u0105cych niniejszej Polityki dotycz\u0105cej plik\u00f3w cookie prosimy o kontakt pod adresem:<\/p>\n<p>KMAK Kelet-Magyarorsz\u00e1gi Adatk\u00f6zpont Kft.<\/p>\n<p>H-5000 Szolnok, Szap\u00e1ry utca 20.<\/p>\n<p>E-mail: info@vondetechnology.com<\/p>\n<p>Korzystaj\u0105c z naszej Witryny, u\u017cytkownik wyra\u017ca zgod\u0119 na u\u017cywanie plik\u00f3w cookie zgodnie z niniejsz\u0105 Polityk\u0105 dotycz\u0105c\u0105 plik\u00f3w cookie.[\/vc_column_text][\/vc_column][\/vc_row]<\/p>\n<\/div>","protected":false},"excerpt":{"rendered":"<p>[vc_row][vc_column][vc_empty_space][vc_column_text el_class=&#8221;legal-text&#8221;]Polityka plik\u00f3w cookie dla strony internetowej Vonde Pro Data wej\u015bcia w \u017cycie: 17 marca 2025 r. Wprowadzenie Niniejsza Polityka dotycz\u0105ca plik\u00f3w cookie wyja\u015bnia, w jaki spos\u00f3b Vonde Technology (&#8220;my&#8221;, &#8220;nas&#8221; lub &#8220;nasz&#8221;) wykorzystuje pliki cookie i podobne technologie na stronie internetowej Vonde Pro (&#8220;Strona internetowa&#8221;). Niniejsza polityka nie ma zastosowania do aplikacji mobilnej Vonde [&hellip;]<\/p>\n","protected":false},"author":1,"featured_media":0,"parent":0,"menu_order":0,"comment_status":"closed","ping_status":"closed","template":"","meta":{"footnotes":""},"class_list":["post-11491","page","type-page","status-publish","hentry"],"yoast_head":"<!-- This site is optimized with the Yoast SEO plugin v24.7 - https:\/\/yoast.com\/wordpress\/plugins\/seo\/ -->\n<title>Polityka plik\u00f3w cookie dla strony internetowej Vonde Pro - Vondetech<\/title>\n<meta name=\"robots\" content=\"index, follow, max-snippet:-1, max-image-preview:large, max-video-preview:-1\" \/>\n<link rel=\"canonical\" href=\"https:\/\/vondetech.com\/pl\/polityka-prywatnosci\/\" \/>\n<meta property=\"og:locale\" content=\"pl_PL\" \/>\n<meta property=\"og:type\" content=\"article\" \/>\n<meta property=\"og:title\" content=\"Polityka plik\u00f3w cookie dla strony internetowej Vonde Pro - Vondetech\" \/>\n<meta property=\"og:description\" content=\"[vc_row][vc_column][vc_empty_space][vc_column_text el_class=&#8221;legal-text&#8221;]Polityka plik\u00f3w cookie dla strony internetowej Vonde Pro Data wej\u015bcia w \u017cycie: 17 marca 2025 r. Wprowadzenie Niniejsza Polityka dotycz\u0105ca plik\u00f3w cookie wyja\u015bnia, w jaki spos\u00f3b Vonde Technology (&#8220;my&#8221;, &#8220;nas&#8221; lub &#8220;nasz&#8221;) wykorzystuje pliki cookie i podobne technologie na stronie internetowej Vonde Pro (&#8220;Strona internetowa&#8221;). Niniejsza polityka nie ma zastosowania do aplikacji mobilnej Vonde [&hellip;]\" \/>\n<meta property=\"og:url\" content=\"https:\/\/vondetech.com\/pl\/polityka-prywatnosci\/\" \/>\n<meta property=\"og:site_name\" content=\"Vondetech\" \/>\n<meta property=\"article:modified_time\" content=\"2025-03-19T12:21:50+00:00\" \/>\n<meta name=\"twitter:card\" content=\"summary_large_image\" \/>\n<meta name=\"twitter:label1\" content=\"Szacowany czas czytania\" \/>\n\t<meta name=\"twitter:data1\" content=\"2 minuty\" \/>\n<script type=\"application\/ld+json\" class=\"yoast-schema-graph\">{\"@context\":\"https:\/\/schema.org\",\"@graph\":[{\"@type\":\"WebPage\",\"@id\":\"https:\/\/vondetech.com\/pl\/polityka-prywatnosci\/\",\"url\":\"https:\/\/vondetech.com\/pl\/polityka-prywatnosci\/\",\"name\":\"Polityka plik\u00f3w cookie dla strony internetowej Vonde Pro - Vondetech\",\"isPartOf\":{\"@id\":\"https:\/\/vondetech.com\/pl\/#website\"},\"datePublished\":\"2024-05-23T13:17:28+00:00\",\"dateModified\":\"2025-03-19T12:21:50+00:00\",\"breadcrumb\":{\"@id\":\"https:\/\/vondetech.com\/pl\/polityka-prywatnosci\/#breadcrumb\"},\"inLanguage\":\"pl-PL\",\"potentialAction\":[{\"@type\":\"ReadAction\",\"target\":[\"https:\/\/vondetech.com\/pl\/polityka-prywatnosci\/\"]}]},{\"@type\":\"BreadcrumbList\",\"@id\":\"https:\/\/vondetech.com\/pl\/polityka-prywatnosci\/#breadcrumb\",\"itemListElement\":[{\"@type\":\"ListItem\",\"position\":1,\"name\":\"Strona g\u0142\u00f3wna\",\"item\":\"https:\/\/vondetech.com\/pl\/strona-glowna\/\"},{\"@type\":\"ListItem\",\"position\":2,\"name\":\"Polityka plik\u00f3w cookie dla strony internetowej Vonde Pro\"}]},{\"@type\":\"WebSite\",\"@id\":\"https:\/\/vondetech.com\/pl\/#website\",\"url\":\"https:\/\/vondetech.com\/pl\/\",\"name\":\"Vondetech\",\"description\":\"\",\"potentialAction\":[{\"@type\":\"SearchAction\",\"target\":{\"@type\":\"EntryPoint\",\"urlTemplate\":\"https:\/\/vondetech.com\/pl\/?s={search_term_string}\"},\"query-input\":{\"@type\":\"PropertyValueSpecification\",\"valueRequired\":true,\"valueName\":\"search_term_string\"}}],\"inLanguage\":\"pl-PL\"}]}<\/script>\n<!-- \/ Yoast SEO plugin. -->","yoast_head_json":{"title":"Polityka plik\u00f3w cookie dla strony internetowej Vonde Pro - Vondetech","robots":{"index":"index","follow":"follow","max-snippet":"max-snippet:-1","max-image-preview":"max-image-preview:large","max-video-preview":"max-video-preview:-1"},"canonical":"https:\/\/vondetech.com\/pl\/polityka-prywatnosci\/","og_locale":"pl_PL","og_type":"article","og_title":"Polityka plik\u00f3w cookie dla strony internetowej Vonde Pro - Vondetech","og_description":"[vc_row][vc_column][vc_empty_space][vc_column_text el_class=&#8221;legal-text&#8221;]Polityka plik\u00f3w cookie dla strony internetowej Vonde Pro Data wej\u015bcia w \u017cycie: 17 marca 2025 r. Wprowadzenie Niniejsza Polityka dotycz\u0105ca plik\u00f3w cookie wyja\u015bnia, w jaki spos\u00f3b Vonde Technology (&#8220;my&#8221;, &#8220;nas&#8221; lub &#8220;nasz&#8221;) wykorzystuje pliki cookie i podobne technologie na stronie internetowej Vonde Pro (&#8220;Strona internetowa&#8221;). Niniejsza polityka nie ma zastosowania do aplikacji mobilnej Vonde [&hellip;]","og_url":"https:\/\/vondetech.com\/pl\/polityka-prywatnosci\/","og_site_name":"Vondetech","article_modified_time":"2025-03-19T12:21:50+00:00","twitter_card":"summary_large_image","twitter_misc":{"Szacowany czas czytania":"2 minuty"},"schema":{"@context":"https:\/\/schema.org","@graph":[{"@type":"WebPage","@id":"https:\/\/vondetech.com\/pl\/polityka-prywatnosci\/","url":"https:\/\/vondetech.com\/pl\/polityka-prywatnosci\/","name":"Polityka plik\u00f3w cookie dla strony internetowej Vonde Pro - Vondetech","isPartOf":{"@id":"https:\/\/vondetech.com\/pl\/#website"},"datePublished":"2024-05-23T13:17:28+00:00","dateModified":"2025-03-19T12:21:50+00:00","breadcrumb":{"@id":"https:\/\/vondetech.com\/pl\/polityka-prywatnosci\/#breadcrumb"},"inLanguage":"pl-PL","potentialAction":[{"@type":"ReadAction","target":["https:\/\/vondetech.com\/pl\/polityka-prywatnosci\/"]}]},{"@type":"BreadcrumbList","@id":"https:\/\/vondetech.com\/pl\/polityka-prywatnosci\/#breadcrumb","itemListElement":[{"@type":"ListItem","position":1,"name":"Strona g\u0142\u00f3wna","item":"https:\/\/vondetech.com\/pl\/strona-glowna\/"},{"@type":"ListItem","position":2,"name":"Polityka plik\u00f3w cookie dla strony internetowej Vonde Pro"}]},{"@type":"WebSite","@id":"https:\/\/vondetech.com\/pl\/#website","url":"https:\/\/vondetech.com\/pl\/","name":"Vondetech","description":"","potentialAction":[{"@type":"SearchAction","target":{"@type":"EntryPoint","urlTemplate":"https:\/\/vondetech.com\/pl\/?s={search_term_string}"},"query-input":{"@type":"PropertyValueSpecification","valueRequired":true,"valueName":"search_term_string"}}],"inLanguage":"pl-PL"}]}},"_links":{"self":[{"href":"https:\/\/vondetech.com\/pl\/wp-json\/wp\/v2\/pages\/11491","targetHints":{"allow":["GET"]}}],"collection":[{"href":"https:\/\/vondetech.com\/pl\/wp-json\/wp\/v2\/pages"}],"about":[{"href":"https:\/\/vondetech.com\/pl\/wp-json\/wp\/v2\/types\/page"}],"author":[{"embeddable":true,"href":"https:\/\/vondetech.com\/pl\/wp-json\/wp\/v2\/users\/1"}],"replies":[{"embeddable":true,"href":"https:\/\/vondetech.com\/pl\/wp-json\/wp\/v2\/comments?post=11491"}],"version-history":[{"count":6,"href":"https:\/\/vondetech.com\/pl\/wp-json\/wp\/v2\/pages\/11491\/revisions"}],"predecessor-version":[{"id":19982,"href":"https:\/\/vondetech.com\/pl\/wp-json\/wp\/v2\/pages\/11491\/revisions\/19982"}],"wp:attachment":[{"href":"https:\/\/vondetech.com\/pl\/wp-json\/wp\/v2\/media?parent=11491"}],"curies":[{"name":"wp","href":"https:\/\/api.w.org\/{rel}","templated":true}]}}