{"id":11486,"date":"2024-05-23T15:02:08","date_gmt":"2024-05-23T13:02:08","guid":{"rendered":"https:\/\/vondetech.com\/prawo-do-anulowania\/"},"modified":"2025-03-21T07:55:54","modified_gmt":"2025-03-21T06:55:54","slug":"prawo-do-anulowania","status":"publish","type":"page","link":"https:\/\/vondetech.com\/pl\/prawo-do-anulowania\/","title":{"rendered":"Polityka prywatno\u015bci dla aplikacji Vonde Pro"},"content":{"rendered":"<div class=\"wpb-content-wrapper\"><p>[vc_row][vc_column][vc_empty_space][vc_column_text el_class=&#8221;legal-text&#8221;]<strong>Data wej\u015bcia w \u017cycie:<\/strong> 17 marca 2025 r.<\/p>\n<ol>\n<li><strong>  Wprowadzenie<\/strong><\/li>\n<\/ol>\n<p>KMAK Kelet-Magyarorsz\u00e1gi Adatk\u00f6zpont Kft. 5000 Szolnok, Szap\u00e1ry utca 20. E-mail: info@vondetechnology.com. (&#8220;my&#8221;, &#8220;nasz&#8221; lub &#8220;nas&#8221;) zapewnia kompleksowe cyfrowe rozwi\u0105zania sieciowe za po\u015brednictwem aplikacji Vonde Pro (&#8220;Aplikacja&#8221;), u\u0142atwiaj\u0105c cyfrowe wizyt\u00f3wki, skracanie adres\u00f3w URL, zarz\u0105dzanie kodami NFC i QR oraz integracj\u0119 z Apple\/Google Wallet. Niniejsza Polityka Prywatno\u015bci okre\u015bla nasze metody gromadzenia, przetwarzania, zarz\u0105dzania i ochrony danych osobowych.   <\/p>\n<p>Vonde Technology LLC (USA) zarz\u0105dza globalnymi rynkami i mi\u0119dzynarodow\u0105 ekspansj\u0105. KMAK Kelet-Magyarorsz\u00e1gi Adatk\u00f6zpont Kft. (Europa, W\u0119gry) zajmuje si\u0119 rozwojem i powi\u0105zanymi zadaniami operacyjnymi.<\/p>\n<p>Aplikacja Vonde Pro to kompleksowe cyfrowe rozwi\u0105zanie sieciowe, kt\u00f3re oferuje takie funkcje, jak tworzenie i udost\u0119pnianie cyfrowych wizyt\u00f3wek, skracanie adres\u00f3w URL, zarz\u0105dzanie NFC i kodami QR oraz p\u0142ynn\u0105 integracj\u0119 z Apple i Google Wallet.<\/p>\n<p>Podsumowanie polityki Niniejszy dokument zawiera informacje na temat:<\/p>\n<ul>\n<li>Rodzaje gromadzonych danych osobowych<\/li>\n<li>Cele przetwarzania danych<\/li>\n<li>Metody i miejsca przetwarzania<\/li>\n<li>Udost\u0119pnianie danych osobowych stronom trzecim<\/li>\n<li>Prawa do prywatno\u015bci specyficzne dla regionu (UE, USA, Brazylia)<\/li>\n<li>Zasady przechowywania danych<\/li>\n<li>Praktyki reklamowe i analityczne (Google AdMob, Google Analytics, Firebase)<\/li>\n<li>Opcje rezygnacji<\/li>\n<li>Procedury powiadamiania o naruszeniu ochrony danych<\/li>\n<li>Informacje kontaktowe dla zapyta\u0144 dotycz\u0105cych prywatno\u015bci<\/li>\n<\/ul>\n<ol start=\"2\">\n<li><strong>  Kategorie gromadzonych danych osobowych<\/strong><\/li>\n<\/ol>\n<p>Zbieramy:<\/p>\n<ul>\n<li><strong>Dane kontaktowe:<\/strong> Imi\u0119 (Imi\u0119, Nazwisko), adres e-mail, numer telefonu<\/li>\n<li><strong>Dane transakcji:<\/strong> Szczeg\u00f3\u0142y zakupu, rekordy subskrypcji<\/li>\n<li><strong>Dane techniczne:<\/strong> Adres IP, identyfikatory urz\u0105dze\u0144 (np. Google Advertiser ID, IDFA), typ przegl\u0105darki, szczeg\u00f3\u0142y dotycz\u0105ce systemu operacyjnego<\/li>\n<li><strong>Dane o u\u017cytkowaniu:<\/strong> Interakcje z aplikacj\u0105, u\u017cywane funkcje<\/li>\n<li><strong>Dane analityczne:<\/strong> Za po\u015brednictwem Google Analytics i Firebase<\/li>\n<li><strong>Dane u\u017cytkownika:<\/strong> Dane profilu (np. nazwa u\u017cytkownika, has\u0142o), ustawienia, preferencje.<\/li>\n<li><strong>Pliki cookie i podobne technologie:<\/strong> Witryna i aplikacja wykorzystuj\u0105 pliki cookie, sygna\u0142y nawigacyjne i podobne technologie w celu poprawy komfortu u\u017cytkowania, analizy ruchu i personalizacji reklam.<\/li>\n<\/ul>\n<ol start=\"3\">\n<li><strong>  Podstawa prawna przetwarzania danych<\/strong><\/li>\n<\/ol>\n<p>Przetwarzamy dane w oparciu o nast\u0119puj\u0105ce podstawy prawne:<\/p>\n<ul>\n<li><strong>Zgoda u\u017cytkownika:<\/strong> W przypadku spersonalizowanych reklam, marketingu bezpo\u015bredniego i niekt\u00f3rych cel\u00f3w analitycznych prosimy o uprzedni\u0105 zgod\u0119 u\u017cytkownika.<\/li>\n<li><strong>Konieczno\u015b\u0107 umowna:<\/strong> Utworzenie konta, cyfrowe wizyt\u00f3wki i \u015bwiadczenie us\u0142ug s\u0105 niezb\u0119dne do wype\u0142nienia naszych zobowi\u0105za\u0144 umownych.<\/li>\n<li><strong>Zgodno\u015b\u0107 ze zobowi\u0105zaniami prawnymi<\/strong><\/li>\n<li><strong>Uzasadnione interesy:<\/strong> Przetwarzamy dane w oparciu o nasze uzasadnione interesy w celu zapobiegania oszustwom, poprawy jako\u015bci us\u0142ug, utrzymania bezpiecze\u0144stwa i optymalizacji naszych operacji biznesowych.<\/li>\n<\/ul>\n<ol start=\"4\">\n<li><strong>  Reklama i analityka<\/strong><\/li>\n<\/ol>\n<p>U\u017cywamy Google AdMob do wy\u015bwietlania reklam ukierunkowanych na podstawie zachowania u\u017cytkownika i identyfikator\u00f3w urz\u0105dze\u0144. Google AdMob wy\u015bwietla spersonalizowane reklamy w oparciu o zachowanie u\u017cytkownika i identyfikatory urz\u0105dze\u0144. <\/p>\n<p>Us\u0142ugi analityczne (Google Analytics for Firebase, Firebase Performance Monitoring, Firebase Crashlytics) analizuj\u0105 interakcje u\u017cytkownik\u00f3w w celu zwi\u0119kszenia funkcjonalno\u015bci i wydajno\u015bci aplikacji. Google Analytics gromadzi zanonimizowane dane o zachowaniu u\u017cytkownik\u00f3w, ruchu i informacje demograficzne. Firebase Performance Monitoring i Firebase Crashlytics analizuj\u0105 interakcje u\u017cytkownik\u00f3w, wydajno\u015b\u0107 aplikacji i awarie w celu poprawy funkcjonalno\u015bci i wydajno\u015bci aplikacji.  <\/p>\n<p>U\u017cytkownicy mog\u0105 zarz\u0105dza\u0107 ustawieniami personalizacji reklam w ustawieniach reklam Google lub innych platform reklamowych online.<\/p>\n<ol start=\"5\">\n<li><strong>  Przetwarzanie danych i udost\u0119pnianie danych stronom trzecim<\/strong><\/li>\n<\/ol>\n<p>Przetwarzanie danych odbywa si\u0119 elektronicznie pod adresem:<\/p>\n<ul>\n<li>KMAK Kelet-Magyarorsz\u00e1gi Adatk\u00f6zpont Kft., 5000 Szolnok, Szap\u00e1ry utca 20., info@vondetechnology.com<\/li>\n<li>Amazon Web Services (AWS) Amazon Web Services (AWS) zapewnia nam us\u0142ugi przechowywania i przetwarzania danych w chmurze.<\/li>\n<\/ul>\n<p>Mo\u017cemy udost\u0119pnia\u0107 dane osobowe<\/p>\n<ul>\n<li>Dostawcy us\u0142ug: AWS, Google AdMob, Firebase. Mo\u017cemy udost\u0119pnia\u0107 dane osobowe innym dostawcom us\u0142ug, kt\u00f3rzy pomagaj\u0105 nam w \u015bwiadczeniu us\u0142ug, przetwarzaniu p\u0142atno\u015bci, zapewnianiu obs\u0142ugi klienta i prowadzeniu dzia\u0142a\u0144 marketingowych. <\/li>\n<li>Dostawcy us\u0142ug analitycznych: Google Analytics<\/li>\n<li>Wszystkie strony trzecie s\u0105 zobowi\u0105zane do ochrony danych osobowych zgodnie z obowi\u0105zuj\u0105cymi przepisami prawa.<\/li>\n<\/ul>\n<ol start=\"6\">\n<li><strong>  Prawa do prywatno\u015bci specyficzne dla regionu<\/strong><\/li>\n<\/ol>\n<ul>\n<li><strong>6.1 Unia Europejska (RODO)<\/strong><\/li>\n<\/ul>\n<p>U\u017cytkownicy z UE maj\u0105 prawo do:<\/p>\n<ul>\n<li style=\"list-style-type: none;\">\n<ul>\n<li>Dost\u0119p, poprawianie lub usuwanie danych osobowych<\/li>\n<li>Sprzeciw i ograniczenie przetwarzania danych<\/li>\n<li>Przenoszenie danych<\/li>\n<li>Wycofanie zgody<\/li>\n<li>Sk\u0142adania skarg do lokalnych organ\u00f3w ochrony danych. U\u017cytkownicy z UE maj\u0105 prawo do dost\u0119pu, sprostowania, usuni\u0119cia, ograniczenia przetwarzania, sprzeciwu wobec przetwarzania, \u017c\u0105dania przeniesienia danych i wycofania zgody. U\u017cytkownicy s\u0105 uprawnieni do z\u0142o\u017cenia skargi do lokalnego organu ochrony danych.  <\/li>\n<\/ul>\n<\/li>\n<li><strong>6.2 Stany Zjednoczone (CCPA i inne przepisy stanowe)<\/strong><\/li>\n<\/ul>\n<p>U\u017cytkownicy z USA maj\u0105 prawa do:<\/p>\n<ul>\n<li style=\"list-style-type: none;\">\n<ul>\n<li>Dost\u0119p do danych osobowych i ich poprawianie<\/li>\n<li>\u017b\u0105danie usuni\u0119cia danych<\/li>\n<li>Rezygnacja z reklam ukierunkowanych. U\u017cytkownicy z USA maj\u0105 prawo do dost\u0119pu do swoich danych osobowych, ich poprawiania, usuwania i rezygnacji z reklam ukierunkowanych. <\/li>\n<li>Niedyskryminacja za korzystanie z prawa do prywatno\u015bci<\/li>\n<li>Dotyczy Kalifornii: Nie sprzedajemy ani nie gromadzimy danych osobowych u\u017cytkownik\u00f3w poni\u017cej 16 roku \u017cycia. Mieszka\u0144cy Kalifornii maj\u0105 prawo nie by\u0107 dyskryminowani za korzystanie ze swoich praw do prywatno\u015bci. Nie sprzedajemy ani nie gromadzimy danych osobowych u\u017cytkownik\u00f3w w wieku poni\u017cej 16 lat.  <\/li>\n<\/ul>\n<\/li>\n<li><strong>6.3 Brazylia (LGPD)<\/strong><\/li>\n<\/ul>\n<p>Brazylijscy u\u017cytkownicy maj\u0105 prawa do:<\/p>\n<ul>\n<li style=\"list-style-type: none;\">\n<ul>\n<li>Potwierdzenie przetwarzania danych<\/li>\n<li>Dost\u0119p do danych osobowych i ich poprawianie<\/li>\n<li>\u017b\u0105danie anonimizacji, zablokowania lub usuni\u0119cia danych<\/li>\n<li>\u017b\u0105danie przeniesienia danych<\/li>\n<li>Wycofanie zgody<\/li>\n<li>Sk\u0142adanie skarg do ANPD. Brazylijscy u\u017cytkownicy maj\u0105 prawo potwierdzi\u0107 przetwarzanie swoich danych, uzyska\u0107 do nich dost\u0119p, sprostowa\u0107 je, za\u017c\u0105da\u0107 anonimizacji, zablokowania lub usuni\u0119cia danych, za\u017c\u0105da\u0107 przeniesienia danych, wycofa\u0107 swoj\u0105 zgod\u0119 i z\u0142o\u017cy\u0107 skarg\u0119 do ANPD. <\/li>\n<\/ul>\n<\/li>\n<\/ul>\n<ol start=\"7\">\n<li><strong>  Przechowywanie danych<\/strong><\/li>\n<\/ol>\n<p>Dane osobowe s\u0105 przechowywane wy\u0142\u0105cznie przez okres niezb\u0119dny do realizacji okre\u015blonych cel\u00f3w lub do momentu wycofania zgody, po czym s\u0105 bezpiecznie usuwane. Dane osobowe s\u0105 przechowywane tylko tak d\u0142ugo, jak jest to konieczne do realizacji okre\u015blonych cel\u00f3w lub do momentu wycofania zgody przez u\u017cytkownika. Nast\u0119pnie dane s\u0105 bezpiecznie usuwane.  <\/p>\n<p>Okre\u015blamy okresy przechowywania danych w oparciu o nast\u0119puj\u0105ce kryteria: cel, dla kt\u00f3rego dane zosta\u0142y zebrane, zobowi\u0105zania prawne i nasze uzasadnione interesy biznesowe.<\/p>\n<p>Wdro\u017cyli\u015bmy odpowiednie \u015brodki bezpiecze\u0144stwa danych w celu ochrony danych osobowych przed nieautoryzowanym dost\u0119pem, wykorzystaniem, modyfikacj\u0105 lub usuni\u0119ciem. \u015arodki te obejmuj\u0105 szyfrowanie, bezpieczne przechowywanie, kontrol\u0119 dost\u0119pu i regularne audyty. <\/p>\n<ol start=\"8\">\n<li><strong>  Pliki cookie, analityka i rezygnacja<\/strong><\/li>\n<\/ol>\n<p>U\u017cytkownicy mog\u0105 zarz\u0105dza\u0107 preferencjami za po\u015brednictwem ustawie\u0144 urz\u0105dzenia lub us\u0142ug rezygnacji: U\u017cytkownicy mog\u0105 zarz\u0105dza\u0107 ustawieniami plik\u00f3w cookie w ustawieniach swojego urz\u0105dzenia lub przegl\u0105darki.<\/p>\n<ul>\n<li>YourOnlineChoices (UE)<\/li>\n<li>Network Advertising Initiative (USA)<\/li>\n<li>Digital Advertising Alliance (USA)<\/li>\n<li>U\u017cytkownicy mog\u0105 r\u00f3wnie\u017c zrezygnowa\u0107 z personalizacji reklam w ustawieniach reklam Google lub innych platform reklamowych online.<\/li>\n<\/ul>\n<p>U\u017cywamy plik\u00f3w cookie sesji, trwa\u0142ych plik\u00f3w cookie, analitycznych plik\u00f3w cookie i reklamowych plik\u00f3w cookie.<\/p>\n<ol start=\"9\">\n<li><strong>  Mi\u0119dzynarodowy transfer danych<\/strong><\/li>\n<\/ol>\n<p>Dane osobowe mog\u0105 by\u0107 przetwarzane poza krajem u\u017cytkownika g\u0142\u00f3wnie za po\u015brednictwem infrastruktury AWS, zapewniaj\u0105c zgodno\u015b\u0107 z mi\u0119dzynarodowymi standardami ochrony danych (np. Standardowymi Klauzulami Umownymi). Mo\u017cemy przekazywa\u0107 dane osobowe do kraj\u00f3w spoza Unii Europejskiej, takich jak Stany Zjednoczone, gdzie zasady ochrony danych mog\u0105 r\u00f3\u017cni\u0107 si\u0119 od zasad obowi\u0105zuj\u0105cych w UE. Mi\u0119dzynarodowe przekazywanie danych opiera si\u0119 na standardowych klauzulach umownych (SCC) lub innych odpowiednich podstawach prawnych. Wdro\u017cyli\u015bmy odpowiednie \u015brodki ochrony danych w celu ochrony danych osobowych podczas mi\u0119dzynarodowych transfer\u00f3w danych, w tym stosowanie standardowych klauzul umownych i wdra\u017canie odpowiednich \u015brodk\u00f3w bezpiecze\u0144stwa.   <\/p>\n<ol start=\"10\">\n<li><strong>  Zautomatyzowane podejmowanie decyzji i profilowanie<\/strong><\/li>\n<\/ol>\n<p>Stosujemy zautomatyzowane podejmowanie decyzji w celu:<\/p>\n<ul>\n<li>Reklama ukierunkowana<\/li>\n<li>Analiza zachowania u\u017cytkownika<\/li>\n<li>Spersonalizowana zawarto\u015b\u0107<\/li>\n<li>Korzystamy ze zautomatyzowanego podejmowania decyzji i profilowania w celu wy\u015bwietlania ukierunkowanych reklam, analizowania zachowa\u0144 u\u017cytkownik\u00f3w i rekomendowania spersonalizowanych tre\u015bci.<\/li>\n<\/ul>\n<p>U\u017cytkownicy mog\u0105 sprzeciwi\u0107 si\u0119 takiemu przetwarzaniu w dowolnym momencie za po\u015brednictwem strony info@vondetech.com. U\u017cytkownicy maj\u0105 prawo sprzeciwi\u0107 si\u0119 zautomatyzowanemu podejmowaniu decyzji i profilowaniu, kontaktuj\u0105c si\u0119 z nami pod adresem info@vondetech.com. <\/p>\n<ol start=\"11\">\n<li><strong>  Wykonywanie praw u\u017cytkownika<\/strong><\/li>\n<\/ol>\n<p>Aby skorzysta\u0107 z prawa do prywatno\u015bci, nale\u017cy z\u0142o\u017cy\u0107 pisemny wniosek do: KMAK Kelet-Magyarorsz\u00e1gi Adatk\u00f6zpont Kft. H-5000 Szolnok, Szap\u00e1ry utca 20. E-mail: info@vondetechnology.com. U\u017cytkownicy mog\u0105 wykonywa\u0107 swoje prawa, sk\u0142adaj\u0105c pisemny wniosek do: KMAK Kelet-Magyarorsz\u00e1gi Adatk\u00f6zpont Kft.  H-5000 Szolnok, Szap\u00e1ry utca 20. E-mail: info@vondetechnology.com.<\/p>\n<p>Weryfikacja to\u017csamo\u015bci: Wnioski musz\u0105 pochodzi\u0107 z zarejestrowanego adresu e-mail. Mo\u017ce by\u0107 wymagana dodatkowa weryfikacja, a u\u017cyte dokumenty zostan\u0105 usuni\u0119te po weryfikacji. Wnioski musz\u0105 pochodzi\u0107 z zarejestrowanego adresu e-mail. U\u017cytkownicy musz\u0105 zweryfikowa\u0107 swoj\u0105 to\u017csamo\u015b\u0107 podczas sk\u0142adania wniosku. Mo\u017cemy poprosi\u0107 o dodatkowe informacje w celu weryfikacji to\u017csamo\u015bci, a dokumenty u\u017cyte do weryfikacji zostan\u0105 usuni\u0119te po weryfikacji.    <\/p>\n<p>Czasy reakcji:<\/p>\n<ul>\n<li>RODO (UE): w ci\u0105gu 30 dni<\/li>\n<li>LGPD (Brazylia): w ci\u0105gu 15 dni<\/li>\n<li>CCPA i przepisy stanowe USA: w ci\u0105gu 45 dni<\/li>\n<\/ul>\n<ol start=\"12\">\n<li><strong>  Powiadomienie o naruszeniu danych<\/strong><\/li>\n<\/ol>\n<p>W przypadku naruszenia danych osobowych u\u017cytkownicy i odpowiednie organy s\u0105 niezw\u0142ocznie powiadamiani zgodnie z obowi\u0105zuj\u0105cymi przepisami. W przypadku naruszenia danych osobowych u\u017cytkownicy i odpowiednie organy zostan\u0105 niezw\u0142ocznie powiadomieni zgodnie z obowi\u0105zuj\u0105cymi przepisami. <\/p>\n<ol start=\"13\">\n<li><strong>  \u015arodki bezpiecze\u0144stwa danych<\/strong><\/li>\n<\/ol>\n<p>Wdra\u017camy \u015brodki bezpiecze\u0144stwa, w tym szyfrowanie, bezpieczne przechowywanie, kontrol\u0119 dost\u0119pu i regularne audyty w celu ochrony integralno\u015bci danych. Nasze \u015brodki bezpiecze\u0144stwa danych obejmuj\u0105 szyfrowanie (zar\u00f3wno podczas przesy\u0142ania, jak i przechowywania), bezpieczne przechowywanie, kontrol\u0119 dost\u0119pu, regularne audyty bezpiecze\u0144stwa i szkolenia pracownik\u00f3w w zakresie ochrony danych. <\/p>\n<ol start=\"14\">\n<li><strong>  Prywatno\u015b\u0107 dzieci<\/strong><\/li>\n<\/ol>\n<p>Nie gromadzimy celowo danych os\u00f3b ma\u0142oletnich poni\u017cej 16 roku \u017cycia. Wszelkie takie zidentyfikowane dane zostan\u0105 natychmiast usuni\u0119te. Nie gromadzimy celowo danych os\u00f3b ma\u0142oletnich poni\u017cej 16 roku \u017cycia. Je\u015bli zidentyfikujemy takie dane, zostan\u0105 one natychmiast usuni\u0119te.   <\/p>\n<ol start=\"15\">\n<li><strong>  Aktualizacje polityki<\/strong><\/li>\n<\/ol>\n<p>Niniejsza Polityka prywatno\u015bci mo\u017ce by\u0107 okresowo aktualizowana, a istotne zmiany b\u0119d\u0105 przekazywane za po\u015brednictwem powiadomie\u0144 aplikacji lub wiadomo\u015bci e-mail. Niniejsza Polityka prywatno\u015bci mo\u017ce by\u0107 okresowo aktualizowana. Istotne zmiany b\u0119d\u0105 przekazywane za po\u015brednictwem powiadomie\u0144 aplikacji lub wiadomo\u015bci e-mail. Zaktualizowana Polityka prywatno\u015bci zostanie opublikowana na naszej stronie internetowej i w naszej aplikacji.   <\/p>\n<p><strong>Kontakt w sprawie ochrony danych<\/strong><\/p>\n<p>W przypadku pyta\u0144 lub w\u0105tpliwo\u015bci: Inspektor ochrony danych KMAK Kelet-Magyarorsz\u00e1gi Adatk\u00f6zpont Kft. H-5000 Szolnok, Szap\u00e1ry utca 20. E-mail: info@vondetechnology.com<\/p>\n<p>Korzystaj\u0105c z aplikacji Vonde Pro, u\u017cytkownik przyjmuje do wiadomo\u015bci i akceptuje niniejsz\u0105 Polityk\u0119 Prywatno\u015bci.[\/vc_column_text][\/vc_column][\/vc_row]<\/p>\n<\/div>","protected":false},"excerpt":{"rendered":"<p>[vc_row][vc_column][vc_empty_space][vc_column_text el_class=&#8221;legal-text&#8221;]Data wej\u015bcia w \u017cycie: 17 marca 2025 r. Wprowadzenie KMAK Kelet-Magyarorsz\u00e1gi Adatk\u00f6zpont Kft. 5000 Szolnok, Szap\u00e1ry utca 20. E-mail: info@vondetechnology.com. (&#8220;my&#8221;, &#8220;nasz&#8221; lub &#8220;nas&#8221;) zapewnia kompleksowe cyfrowe rozwi\u0105zania sieciowe za po\u015brednictwem aplikacji Vonde Pro (&#8220;Aplikacja&#8221;), u\u0142atwiaj\u0105c cyfrowe wizyt\u00f3wki, skracanie adres\u00f3w URL, zarz\u0105dzanie kodami NFC i QR oraz integracj\u0119 z Apple\/Google Wallet. Niniejsza Polityka Prywatno\u015bci [&hellip;]<\/p>\n","protected":false},"author":1,"featured_media":0,"parent":0,"menu_order":0,"comment_status":"closed","ping_status":"closed","template":"","meta":{"footnotes":""},"class_list":["post-11486","page","type-page","status-publish","hentry"],"yoast_head":"<!-- This site is optimized with the Yoast SEO plugin v24.7 - https:\/\/yoast.com\/wordpress\/plugins\/seo\/ -->\n<title>Polityka prywatno\u015bci dla aplikacji Vonde Pro - Vondetech<\/title>\n<meta name=\"robots\" content=\"index, follow, max-snippet:-1, max-image-preview:large, max-video-preview:-1\" \/>\n<link rel=\"canonical\" href=\"https:\/\/vondetech.com\/pl\/prawo-do-anulowania\/\" \/>\n<meta property=\"og:locale\" content=\"pl_PL\" \/>\n<meta property=\"og:type\" content=\"article\" \/>\n<meta property=\"og:title\" content=\"Polityka prywatno\u015bci dla aplikacji Vonde Pro - Vondetech\" \/>\n<meta property=\"og:description\" content=\"[vc_row][vc_column][vc_empty_space][vc_column_text el_class=&#8221;legal-text&#8221;]Data wej\u015bcia w \u017cycie: 17 marca 2025 r. Wprowadzenie KMAK Kelet-Magyarorsz\u00e1gi Adatk\u00f6zpont Kft. 5000 Szolnok, Szap\u00e1ry utca 20. E-mail: info@vondetechnology.com. (&#8220;my&#8221;, &#8220;nasz&#8221; lub &#8220;nas&#8221;) zapewnia kompleksowe cyfrowe rozwi\u0105zania sieciowe za po\u015brednictwem aplikacji Vonde Pro (&#8220;Aplikacja&#8221;), u\u0142atwiaj\u0105c cyfrowe wizyt\u00f3wki, skracanie adres\u00f3w URL, zarz\u0105dzanie kodami NFC i QR oraz integracj\u0119 z Apple\/Google Wallet. Niniejsza Polityka Prywatno\u015bci [&hellip;]\" \/>\n<meta property=\"og:url\" content=\"https:\/\/vondetech.com\/pl\/prawo-do-anulowania\/\" \/>\n<meta property=\"og:site_name\" content=\"Vondetech\" \/>\n<meta property=\"article:modified_time\" content=\"2025-03-21T06:55:54+00:00\" \/>\n<meta name=\"twitter:card\" content=\"summary_large_image\" \/>\n<meta name=\"twitter:label1\" content=\"Szacowany czas czytania\" \/>\n\t<meta name=\"twitter:data1\" content=\"2 minuty\" \/>\n<script type=\"application\/ld+json\" class=\"yoast-schema-graph\">{\"@context\":\"https:\/\/schema.org\",\"@graph\":[{\"@type\":\"WebPage\",\"@id\":\"https:\/\/vondetech.com\/pl\/prawo-do-anulowania\/\",\"url\":\"https:\/\/vondetech.com\/pl\/prawo-do-anulowania\/\",\"name\":\"Polityka prywatno\u015bci dla aplikacji Vonde Pro - Vondetech\",\"isPartOf\":{\"@id\":\"https:\/\/vondetech.com\/pl\/#website\"},\"datePublished\":\"2024-05-23T13:02:08+00:00\",\"dateModified\":\"2025-03-21T06:55:54+00:00\",\"breadcrumb\":{\"@id\":\"https:\/\/vondetech.com\/pl\/prawo-do-anulowania\/#breadcrumb\"},\"inLanguage\":\"pl-PL\",\"potentialAction\":[{\"@type\":\"ReadAction\",\"target\":[\"https:\/\/vondetech.com\/pl\/prawo-do-anulowania\/\"]}]},{\"@type\":\"BreadcrumbList\",\"@id\":\"https:\/\/vondetech.com\/pl\/prawo-do-anulowania\/#breadcrumb\",\"itemListElement\":[{\"@type\":\"ListItem\",\"position\":1,\"name\":\"Strona g\u0142\u00f3wna\",\"item\":\"https:\/\/vondetech.com\/pl\/strona-glowna\/\"},{\"@type\":\"ListItem\",\"position\":2,\"name\":\"Polityka prywatno\u015bci dla aplikacji Vonde Pro\"}]},{\"@type\":\"WebSite\",\"@id\":\"https:\/\/vondetech.com\/pl\/#website\",\"url\":\"https:\/\/vondetech.com\/pl\/\",\"name\":\"Vondetech\",\"description\":\"\",\"potentialAction\":[{\"@type\":\"SearchAction\",\"target\":{\"@type\":\"EntryPoint\",\"urlTemplate\":\"https:\/\/vondetech.com\/pl\/?s={search_term_string}\"},\"query-input\":{\"@type\":\"PropertyValueSpecification\",\"valueRequired\":true,\"valueName\":\"search_term_string\"}}],\"inLanguage\":\"pl-PL\"}]}<\/script>\n<!-- \/ Yoast SEO plugin. -->","yoast_head_json":{"title":"Polityka prywatno\u015bci dla aplikacji Vonde Pro - Vondetech","robots":{"index":"index","follow":"follow","max-snippet":"max-snippet:-1","max-image-preview":"max-image-preview:large","max-video-preview":"max-video-preview:-1"},"canonical":"https:\/\/vondetech.com\/pl\/prawo-do-anulowania\/","og_locale":"pl_PL","og_type":"article","og_title":"Polityka prywatno\u015bci dla aplikacji Vonde Pro - Vondetech","og_description":"[vc_row][vc_column][vc_empty_space][vc_column_text el_class=&#8221;legal-text&#8221;]Data wej\u015bcia w \u017cycie: 17 marca 2025 r. Wprowadzenie KMAK Kelet-Magyarorsz\u00e1gi Adatk\u00f6zpont Kft. 5000 Szolnok, Szap\u00e1ry utca 20. E-mail: info@vondetechnology.com. (&#8220;my&#8221;, &#8220;nasz&#8221; lub &#8220;nas&#8221;) zapewnia kompleksowe cyfrowe rozwi\u0105zania sieciowe za po\u015brednictwem aplikacji Vonde Pro (&#8220;Aplikacja&#8221;), u\u0142atwiaj\u0105c cyfrowe wizyt\u00f3wki, skracanie adres\u00f3w URL, zarz\u0105dzanie kodami NFC i QR oraz integracj\u0119 z Apple\/Google Wallet. Niniejsza Polityka Prywatno\u015bci [&hellip;]","og_url":"https:\/\/vondetech.com\/pl\/prawo-do-anulowania\/","og_site_name":"Vondetech","article_modified_time":"2025-03-21T06:55:54+00:00","twitter_card":"summary_large_image","twitter_misc":{"Szacowany czas czytania":"2 minuty"},"schema":{"@context":"https:\/\/schema.org","@graph":[{"@type":"WebPage","@id":"https:\/\/vondetech.com\/pl\/prawo-do-anulowania\/","url":"https:\/\/vondetech.com\/pl\/prawo-do-anulowania\/","name":"Polityka prywatno\u015bci dla aplikacji Vonde Pro - Vondetech","isPartOf":{"@id":"https:\/\/vondetech.com\/pl\/#website"},"datePublished":"2024-05-23T13:02:08+00:00","dateModified":"2025-03-21T06:55:54+00:00","breadcrumb":{"@id":"https:\/\/vondetech.com\/pl\/prawo-do-anulowania\/#breadcrumb"},"inLanguage":"pl-PL","potentialAction":[{"@type":"ReadAction","target":["https:\/\/vondetech.com\/pl\/prawo-do-anulowania\/"]}]},{"@type":"BreadcrumbList","@id":"https:\/\/vondetech.com\/pl\/prawo-do-anulowania\/#breadcrumb","itemListElement":[{"@type":"ListItem","position":1,"name":"Strona g\u0142\u00f3wna","item":"https:\/\/vondetech.com\/pl\/strona-glowna\/"},{"@type":"ListItem","position":2,"name":"Polityka prywatno\u015bci dla aplikacji Vonde Pro"}]},{"@type":"WebSite","@id":"https:\/\/vondetech.com\/pl\/#website","url":"https:\/\/vondetech.com\/pl\/","name":"Vondetech","description":"","potentialAction":[{"@type":"SearchAction","target":{"@type":"EntryPoint","urlTemplate":"https:\/\/vondetech.com\/pl\/?s={search_term_string}"},"query-input":{"@type":"PropertyValueSpecification","valueRequired":true,"valueName":"search_term_string"}}],"inLanguage":"pl-PL"}]}},"_links":{"self":[{"href":"https:\/\/vondetech.com\/pl\/wp-json\/wp\/v2\/pages\/11486","targetHints":{"allow":["GET"]}}],"collection":[{"href":"https:\/\/vondetech.com\/pl\/wp-json\/wp\/v2\/pages"}],"about":[{"href":"https:\/\/vondetech.com\/pl\/wp-json\/wp\/v2\/types\/page"}],"author":[{"embeddable":true,"href":"https:\/\/vondetech.com\/pl\/wp-json\/wp\/v2\/users\/1"}],"replies":[{"embeddable":true,"href":"https:\/\/vondetech.com\/pl\/wp-json\/wp\/v2\/comments?post=11486"}],"version-history":[{"count":5,"href":"https:\/\/vondetech.com\/pl\/wp-json\/wp\/v2\/pages\/11486\/revisions"}],"predecessor-version":[{"id":21115,"href":"https:\/\/vondetech.com\/pl\/wp-json\/wp\/v2\/pages\/11486\/revisions\/21115"}],"wp:attachment":[{"href":"https:\/\/vondetech.com\/pl\/wp-json\/wp\/v2\/media?parent=11486"}],"curies":[{"name":"wp","href":"https:\/\/api.w.org\/{rel}","templated":true}]}}