{"id":20986,"date":"2025-03-19T09:20:16","date_gmt":"2025-03-19T08:20:16","guid":{"rendered":"https:\/\/vondetech.com\/avtrykk-for-vonde-pro-appen\/"},"modified":"2025-03-20T15:59:49","modified_gmt":"2025-03-20T14:59:49","slug":"avtrykk-for-vonde-pro-appen","status":"publish","type":"page","link":"https:\/\/vondetech.com\/no\/avtrykk-for-vonde-pro-appen\/","title":{"rendered":"Avtrykk for Vonde Pro-appen"},"content":{"rendered":"<div class=\"wpb-content-wrapper\"><p>[vc_row][vc_column][vc_empty_space][vc_column_text el_class=&#8221;legal-text&#8221;]<strong>Informasjon om selskapet:<\/strong><\/p>\n<p>Vonde Technology<\/p>\n<p><strong>Om Vonde Technology LLC:<\/strong><\/p>\n<p>Vonde Pro App er en innovativ mobilapplikasjon som er utviklet og drives gjennom et samarbeid mellom to enheter:<\/p>\n<ul>\n<li>Vonde Technology LLC (USA) h\u00e5ndterer globale markeder og internasjonal ekspansjon.<\/li>\n<li>KMAK Kelet-Magyarorsz\u00e1gi Adatk\u00f6zpont Kft. (Europa, Ungarn) tar seg av utvikling og relaterte driftsoppgaver.<\/li>\n<\/ul>\n<p><strong>Drives av:<\/strong><\/p>\n<p>KMAK Kelet-Magyarorsz\u00e1gi Adatk\u00f6zpont Kft.<\/p>\n<p><strong>Registrert adresse<\/strong><\/p>\n<p>H-5000 Szolnok, Szap\u00e1ry utca 20. Ungarn<\/p>\n<p><strong>Kontaktinformasjon:<\/strong><\/p>\n<p>E-post: info@vondetechnology.com<\/p>\n<p><strong>Administrerende direkt\u00f8r:<\/strong><\/p>\n<p>Laszlo Berta<\/p>\n<p><strong>Selskapsregistrering:<\/strong><\/p>\n<p>D-U-N-S: 401605625<\/p>\n<p>Registreringsdomstol: [Oppgi registreringsdomstol, f.eks. Szolnok regionale domstol]<\/p>\n<p><strong>Identifikasjonsnummer for merverdiavgift:<\/strong><\/p>\n<p>HU24373427<\/p>\n<p><strong>Personvernombud:<\/strong><\/p>\n<p>For henvendelser om personvern, vennligst kontakt v\u00e5rt personvernombud p\u00e5<\/p>\n<p>E-post: info@vondetechnology.com<\/p>\n<p><strong>Ansvarsfraskrivelse:<\/strong><\/p>\n<p>Til tross for n\u00f8ye overv\u00e5king av innholdet p\u00e5tar vi oss ikke ansvar for innholdet p\u00e5 eksterne lenker. Operat\u00f8rene av de lenkede sidene er ene og alene ansvarlige for innholdet. <\/p>\n<p><strong>Tvistel\u00f8sning:<\/strong><\/p>\n<p>I samsvar med EU-regelverket kan tvister l\u00f8ses via EU-kommisjonens plattform for tvistel\u00f8sning p\u00e5 nett: http:\/\/ec.europa.eu\/consumers\/odr<\/p>\n<p><strong>Kontaktinformasjon:<\/strong><\/p>\n<p>For generelle henvendelser:<\/p>\n<p>E-post: info@vondetechnology.com<\/p>\n<p>Dette Impresszum er i samsvar med EU-forskrifter og standarder som gjelder for kommersielle enheter som opererer p\u00e5 EU-markeder.[\/vc_column_text][\/vc_column][\/vc_row]<\/p>\n<\/div>","protected":false},"excerpt":{"rendered":"<p>[vc_row][vc_column][vc_empty_space][vc_column_text el_class=&#8221;legal-text&#8221;]Informasjon om selskapet: Vonde Technology Om Vonde Technology LLC: Vonde Pro App er en innovativ mobilapplikasjon som er utviklet og drives gjennom et samarbeid mellom to enheter: Vonde Technology LLC (USA) h\u00e5ndterer globale markeder og internasjonal ekspansjon. KMAK Kelet-Magyarorsz\u00e1gi Adatk\u00f6zpont Kft. (Europa, Ungarn) tar seg av utvikling og relaterte driftsoppgaver. Drives av: KMAK Kelet-Magyarorsz\u00e1gi [&hellip;]<\/p>\n","protected":false},"author":1,"featured_media":0,"parent":0,"menu_order":0,"comment_status":"closed","ping_status":"closed","template":"","meta":{"footnotes":""},"class_list":["post-20986","page","type-page","status-publish","hentry"],"yoast_head":"<!-- This site is optimized with the Yoast SEO plugin v24.7 - https:\/\/yoast.com\/wordpress\/plugins\/seo\/ -->\n<title>Avtrykk for Vonde Pro-appen - Vondetech<\/title>\n<meta name=\"robots\" content=\"index, follow, max-snippet:-1, max-image-preview:large, max-video-preview:-1\" \/>\n<link rel=\"canonical\" href=\"https:\/\/vondetech.com\/no\/avtrykk-for-vonde-pro-appen\/\" \/>\n<meta property=\"og:locale\" content=\"nb_NO\" \/>\n<meta property=\"og:type\" content=\"article\" \/>\n<meta property=\"og:title\" content=\"Avtrykk for Vonde Pro-appen - Vondetech\" \/>\n<meta property=\"og:description\" content=\"[vc_row][vc_column][vc_empty_space][vc_column_text el_class=&#8221;legal-text&#8221;]Informasjon om selskapet: Vonde Technology Om Vonde Technology LLC: Vonde Pro App er en innovativ mobilapplikasjon som er utviklet og drives gjennom et samarbeid mellom to enheter: Vonde Technology LLC (USA) h\u00e5ndterer globale markeder og internasjonal ekspansjon. KMAK Kelet-Magyarorsz\u00e1gi Adatk\u00f6zpont Kft. (Europa, Ungarn) tar seg av utvikling og relaterte driftsoppgaver. Drives av: KMAK Kelet-Magyarorsz\u00e1gi [&hellip;]\" \/>\n<meta property=\"og:url\" content=\"https:\/\/vondetech.com\/no\/avtrykk-for-vonde-pro-appen\/\" \/>\n<meta property=\"og:site_name\" content=\"Vondetech\" \/>\n<meta property=\"article:modified_time\" content=\"2025-03-20T14:59:49+00:00\" \/>\n<meta name=\"twitter:card\" content=\"summary_large_image\" \/>\n<meta name=\"twitter:label1\" content=\"Ansl. lesetid\" \/>\n\t<meta name=\"twitter:data1\" content=\"1 minutt\" \/>\n<script type=\"application\/ld+json\" class=\"yoast-schema-graph\">{\"@context\":\"https:\/\/schema.org\",\"@graph\":[{\"@type\":\"WebPage\",\"@id\":\"https:\/\/vondetech.com\/no\/avtrykk-for-vonde-pro-appen\/\",\"url\":\"https:\/\/vondetech.com\/no\/avtrykk-for-vonde-pro-appen\/\",\"name\":\"Avtrykk for Vonde Pro-appen - Vondetech\",\"isPartOf\":{\"@id\":\"https:\/\/vondetech.com\/no\/#website\"},\"datePublished\":\"2025-03-19T08:20:16+00:00\",\"dateModified\":\"2025-03-20T14:59:49+00:00\",\"breadcrumb\":{\"@id\":\"https:\/\/vondetech.com\/no\/avtrykk-for-vonde-pro-appen\/#breadcrumb\"},\"inLanguage\":\"nb-NO\",\"potentialAction\":[{\"@type\":\"ReadAction\",\"target\":[\"https:\/\/vondetech.com\/no\/avtrykk-for-vonde-pro-appen\/\"]}]},{\"@type\":\"BreadcrumbList\",\"@id\":\"https:\/\/vondetech.com\/no\/avtrykk-for-vonde-pro-appen\/#breadcrumb\",\"itemListElement\":[{\"@type\":\"ListItem\",\"position\":1,\"name\":\"Hjem\",\"item\":\"https:\/\/vondetech.com\/no\/hjem\/\"},{\"@type\":\"ListItem\",\"position\":2,\"name\":\"Avtrykk for Vonde Pro-appen\"}]},{\"@type\":\"WebSite\",\"@id\":\"https:\/\/vondetech.com\/no\/#website\",\"url\":\"https:\/\/vondetech.com\/no\/\",\"name\":\"Vondetech\",\"description\":\"\",\"potentialAction\":[{\"@type\":\"SearchAction\",\"target\":{\"@type\":\"EntryPoint\",\"urlTemplate\":\"https:\/\/vondetech.com\/no\/?s={search_term_string}\"},\"query-input\":{\"@type\":\"PropertyValueSpecification\",\"valueRequired\":true,\"valueName\":\"search_term_string\"}}],\"inLanguage\":\"nb-NO\"}]}<\/script>\n<!-- \/ Yoast SEO plugin. -->","yoast_head_json":{"title":"Avtrykk for Vonde Pro-appen - Vondetech","robots":{"index":"index","follow":"follow","max-snippet":"max-snippet:-1","max-image-preview":"max-image-preview:large","max-video-preview":"max-video-preview:-1"},"canonical":"https:\/\/vondetech.com\/no\/avtrykk-for-vonde-pro-appen\/","og_locale":"nb_NO","og_type":"article","og_title":"Avtrykk for Vonde Pro-appen - Vondetech","og_description":"[vc_row][vc_column][vc_empty_space][vc_column_text el_class=&#8221;legal-text&#8221;]Informasjon om selskapet: Vonde Technology Om Vonde Technology LLC: Vonde Pro App er en innovativ mobilapplikasjon som er utviklet og drives gjennom et samarbeid mellom to enheter: Vonde Technology LLC (USA) h\u00e5ndterer globale markeder og internasjonal ekspansjon. KMAK Kelet-Magyarorsz\u00e1gi Adatk\u00f6zpont Kft. (Europa, Ungarn) tar seg av utvikling og relaterte driftsoppgaver. Drives av: KMAK Kelet-Magyarorsz\u00e1gi [&hellip;]","og_url":"https:\/\/vondetech.com\/no\/avtrykk-for-vonde-pro-appen\/","og_site_name":"Vondetech","article_modified_time":"2025-03-20T14:59:49+00:00","twitter_card":"summary_large_image","twitter_misc":{"Ansl. lesetid":"1 minutt"},"schema":{"@context":"https:\/\/schema.org","@graph":[{"@type":"WebPage","@id":"https:\/\/vondetech.com\/no\/avtrykk-for-vonde-pro-appen\/","url":"https:\/\/vondetech.com\/no\/avtrykk-for-vonde-pro-appen\/","name":"Avtrykk for Vonde Pro-appen - Vondetech","isPartOf":{"@id":"https:\/\/vondetech.com\/no\/#website"},"datePublished":"2025-03-19T08:20:16+00:00","dateModified":"2025-03-20T14:59:49+00:00","breadcrumb":{"@id":"https:\/\/vondetech.com\/no\/avtrykk-for-vonde-pro-appen\/#breadcrumb"},"inLanguage":"nb-NO","potentialAction":[{"@type":"ReadAction","target":["https:\/\/vondetech.com\/no\/avtrykk-for-vonde-pro-appen\/"]}]},{"@type":"BreadcrumbList","@id":"https:\/\/vondetech.com\/no\/avtrykk-for-vonde-pro-appen\/#breadcrumb","itemListElement":[{"@type":"ListItem","position":1,"name":"Hjem","item":"https:\/\/vondetech.com\/no\/hjem\/"},{"@type":"ListItem","position":2,"name":"Avtrykk for Vonde Pro-appen"}]},{"@type":"WebSite","@id":"https:\/\/vondetech.com\/no\/#website","url":"https:\/\/vondetech.com\/no\/","name":"Vondetech","description":"","potentialAction":[{"@type":"SearchAction","target":{"@type":"EntryPoint","urlTemplate":"https:\/\/vondetech.com\/no\/?s={search_term_string}"},"query-input":{"@type":"PropertyValueSpecification","valueRequired":true,"valueName":"search_term_string"}}],"inLanguage":"nb-NO"}]}},"_links":{"self":[{"href":"https:\/\/vondetech.com\/no\/wp-json\/wp\/v2\/pages\/20986","targetHints":{"allow":["GET"]}}],"collection":[{"href":"https:\/\/vondetech.com\/no\/wp-json\/wp\/v2\/pages"}],"about":[{"href":"https:\/\/vondetech.com\/no\/wp-json\/wp\/v2\/types\/page"}],"author":[{"embeddable":true,"href":"https:\/\/vondetech.com\/no\/wp-json\/wp\/v2\/users\/1"}],"replies":[{"embeddable":true,"href":"https:\/\/vondetech.com\/no\/wp-json\/wp\/v2\/comments?post=20986"}],"version-history":[{"count":4,"href":"https:\/\/vondetech.com\/no\/wp-json\/wp\/v2\/pages\/20986\/revisions"}],"predecessor-version":[{"id":20992,"href":"https:\/\/vondetech.com\/no\/wp-json\/wp\/v2\/pages\/20986\/revisions\/20992"}],"wp:attachment":[{"href":"https:\/\/vondetech.com\/no\/wp-json\/wp\/v2\/media?parent=20986"}],"curies":[{"name":"wp","href":"https:\/\/api.w.org\/{rel}","templated":true}]}}