{"id":20807,"date":"2025-03-19T09:19:24","date_gmt":"2025-03-19T08:19:24","guid":{"rendered":"https:\/\/vondetech.com\/eula\/"},"modified":"2025-03-20T15:50:21","modified_gmt":"2025-03-20T14:50:21","slug":"eula","status":"publish","type":"page","link":"https:\/\/vondetech.com\/no\/eula\/","title":{"rendered":"EULA"},"content":{"rendered":"<div class=\"wpb-content-wrapper\"><p>[vc_row][vc_column][vc_empty_space][vc_column_text el_class=&#8221;legal-text&#8221;]<strong>VIKTIG &#8211; LES N\u00d8YE:<\/strong> Denne lisensavtalen for sluttbrukere (&#8220;EULA&#8221;) er en juridisk avtale mellom deg (&#8220;lisensinnehaver&#8221; eller &#8220;deg&#8221;) og KMAK Kelet-Magyarorsz\u00e1gi Adatk\u00f6zpont Kft. (&#8220;Lisensgiver&#8221; eller &#8220;vi&#8221;) for Vonde Pro App-programvaren (&#8220;App&#8221;). Ved \u00e5 installere, kopiere eller p\u00e5 annen m\u00e5te bruke appen, samtykker du i \u00e5 v\u00e6re bundet av vilk\u00e5rene i denne lisensavtalen. Hvis du ikke godtar vilk\u00e5rene i denne lisensavtalen, m\u00e5 du ikke installere eller bruke appen.   <\/p>\n<ol>\n<li><strong>  Innvilgelse av lisens:<\/strong><\/li>\n<\/ol>\n<p>Lisensgiveren gir deg en begrenset, ikke-eksklusiv, ikke-overf\u00f8rbar, gjenkallelig lisens til \u00e5 bruke appen p\u00e5 en enkelt mobil enhet for personlig, ikke-kommersiell bruk.<\/p>\n<ol start=\"2\">\n<li><strong>  Restriksjoner:<\/strong><\/li>\n<\/ol>\n<p>Det skal du ikke:<\/p>\n<ul>\n<li>endre, tilpasse eller reversere Appen, eller fors\u00f8ke \u00e5 utlede kildekoden.<\/li>\n<li>bruke appen kommersielt, eller selge, distribuere, lease, viderelisensiere, leie ut, l\u00e5ne ut eller p\u00e5 annen m\u00e5te overf\u00f8re appen til tredjeparter.<\/li>\n<li>fjerne, endre eller skjule opphavsrett, varemerker eller andre merknader om eiendomsrett.<\/li>\n<li>bruke appen p\u00e5 en m\u00e5te som bryter med gjeldende lover eller forskrifter, krenker andres immaterielle rettigheter eller fors\u00f8ker \u00e5 omg\u00e5 appens sikkerhetstiltak.<\/li>\n<li>bruke appen til ulovlig aktivitet, inkludert, men ikke begrenset til, overf\u00f8ring eller lagring av ulovlig materiale, eller delta i aktiviteter som kan skade, deaktivere, overbelaste eller svekke appen eller dens tjenester.<\/li>\n<\/ul>\n<ol start=\"3\">\n<li><strong>  Eierskap:<\/strong><\/li>\n<\/ol>\n<p>Appen eies av Lisensgiver og er beskyttet av opphavsrett og andre lover om immaterielle rettigheter. Din lisens gir ingen eiendomsrett eller eierskap til appen. <\/p>\n<ol start=\"4\">\n<li><strong>  Personvern:<\/strong><\/li>\n<\/ol>\n<p>Bruk av appen er underlagt v\u00e5r personvernerkl\u00e6ring, som beskriver v\u00e5r praksis for innsamling, behandling og beskyttelse av data i detalj. Ved \u00e5 bruke appen samtykker du til vilk\u00e5rene som er beskrevet i personvernerkl\u00e6ringen. Du finner personvernerkl\u00e6ringen v\u00e5r p\u00e5:    [Link to Privacy Policy]<\/p>\n<ol start=\"5\">\n<li><strong>  Ansvarsfraskrivelse av garantier:<\/strong><\/li>\n<\/ol>\n<p>Appen leveres &#8220;SOM DEN ER&#8221; og &#8220;SOM TILGJENGELIG&#8221; uten garantier av noe slag. Vonde Technology fraskriver seg alle garantier, enten det er uttrykkelig, underforst\u00e5tt, lovbestemt eller p\u00e5 annen m\u00e5te, inkludert, men ikke begrenset til, underforst\u00e5tte garantier for salgbarhet, egnethet for et bestemt form\u00e5l, ikke-krenkelse og eventuelle garantier som oppst\u00e5r som f\u00f8lge av handel eller bruk av handel. <\/p>\n<ol start=\"6\">\n<li><strong>  Begrensning av ansvar:<\/strong><\/li>\n<\/ol>\n<p>I den grad det er tillatt i henhold til gjeldende lov, vil Vonde Technology under ingen omstendigheter v\u00e6re ansvarlig for indirekte, tilfeldige, spesielle, f\u00f8lgeskader eller straffeskade (inkludert, uten begrensning, skader for tap av fortjeneste, data eller bruk) som oppst\u00e5r som f\u00f8lge av eller i forbindelse med din bruk eller manglende evne til \u00e5 bruke appen, selv om Vonde Technology har blitt informert om muligheten for slike skader. Vonde Technologys totale ansvar overfor deg for alle krav som oppst\u00e5r som f\u00f8lge av eller relatert til denne EULA eller appen, skal v\u00e6re begrenset til det bel\u00f8pet du har betalt, hvis noen, for tilgang til appen. <\/p>\n<ol start=\"7\">\n<li><strong>  Skadesl\u00f8sholdelse:<\/strong><\/li>\n<\/ol>\n<p>Du samtykker i \u00e5 holde Vonde Technology, dets tilknyttede selskaper, ansatte, styremedlemmer og agenter skadesl\u00f8se fra alle krav, skader, forpliktelser, tap eller utgifter (inkludert rimelige advokatsal\u00e6rer) som oppst\u00e5r som f\u00f8lge av eller i forbindelse med misbruk av appen, brudd p\u00e5 denne EULA eller brudd p\u00e5 immaterielle rettigheter eller andre rettigheter til enhver person eller enhet.<\/p>\n<ol start=\"8\">\n<li><strong>  Oppsigelse:<\/strong><\/li>\n<\/ol>\n<p>Denne lisensavtalen gjelder inntil den sies opp av deg eller lisensgiveren. Lisensgiveren kan n\u00e5r som helst si opp denne lisensavtalen hvis du ikke overholder vilk\u00e5rene i denne lisensavtalen. Ved oppsigelse m\u00e5 du avslutte all bruk av appen og \u00f8delegge alle kopier, helt eller delvis, av appen.  <\/p>\n<ol start=\"9\">\n<li><strong>  Gjeldende lov:<\/strong><\/li>\n<\/ol>\n<p>Denne EULA er underlagt og tolkes i samsvar med lovene i Ungarn. Enhver tvist som oppst\u00e5r som f\u00f8lge av eller i forbindelse med denne EULA skal v\u00e6re underlagt den eksklusive jurisdiksjonen til domstolene i Budapest, Ungarn. <\/p>\n<ol start=\"10\">\n<li><strong>  Endringer i denne EULA-en:<\/strong><\/li>\n<\/ol>\n<p>Vi forbeholder oss retten til \u00e5 oppdatere eller endre denne lisensavtalen med jevne mellomrom. Vesentlige endringer vil bli kommunisert til deg via appvarsler, registrert e-post, eller ved \u00e5 legge ut et varsel i appen eller p\u00e5 nettstedet v\u00e5rt. Din fortsatte bruk av appen etter slike endringer utgj\u00f8r din aksept av den reviderte LISA-en.  <\/p>\n<ol start=\"11\">\n<li><strong>  Kontaktinformasjon:<\/strong><\/li>\n<\/ol>\n<p>Hvis du har sp\u00f8rsm\u00e5l om denne lisensavtalen eller andre relaterte forhold, kan du kontakte oss p\u00e5<\/p>\n<p>KMAK Kelet-Magyarorsz\u00e1gi Adatk\u00f6zpont Kft.<\/p>\n<p>H-5000 Szolnok, Szap\u00e1ry utca 20.<\/p>\n<p>E-post: info@vondetechnology.com<\/p>\n<p>Nettsted: https:\/\/www.vondetech.com<\/p>\n<ol start=\"12\">\n<li><strong>  Hele avtalen:<\/strong><\/li>\n<\/ol>\n<p>Denne lisensavtalen utgj\u00f8r hele avtalen mellom deg og lisensgiveren ang\u00e5ende appen og erstatter all tidligere eller samtidig kommunikasjon og forslag, enten muntlig eller skriftlig.[\/vc_column_text][\/vc_column][\/vc_row]<\/p>\n<\/div>","protected":false},"excerpt":{"rendered":"<p>[vc_row][vc_column][vc_empty_space][vc_column_text el_class=&#8221;legal-text&#8221;]VIKTIG &#8211; LES N\u00d8YE: Denne lisensavtalen for sluttbrukere (&#8220;EULA&#8221;) er en juridisk avtale mellom deg (&#8220;lisensinnehaver&#8221; eller &#8220;deg&#8221;) og KMAK Kelet-Magyarorsz\u00e1gi Adatk\u00f6zpont Kft. (&#8220;Lisensgiver&#8221; eller &#8220;vi&#8221;) for Vonde Pro App-programvaren (&#8220;App&#8221;). Ved \u00e5 installere, kopiere eller p\u00e5 annen m\u00e5te bruke appen, samtykker du i \u00e5 v\u00e6re bundet av vilk\u00e5rene i denne lisensavtalen. Hvis du [&hellip;]<\/p>\n","protected":false},"author":1,"featured_media":0,"parent":0,"menu_order":0,"comment_status":"closed","ping_status":"closed","template":"","meta":{"footnotes":""},"class_list":["post-20807","page","type-page","status-publish","hentry"],"yoast_head":"<!-- This site is optimized with the Yoast SEO plugin v24.7 - https:\/\/yoast.com\/wordpress\/plugins\/seo\/ -->\n<title>EULA - Vondetech<\/title>\n<meta name=\"robots\" content=\"index, follow, max-snippet:-1, max-image-preview:large, max-video-preview:-1\" \/>\n<link rel=\"canonical\" href=\"https:\/\/vondetech.com\/no\/eula\/\" \/>\n<meta property=\"og:locale\" content=\"nb_NO\" \/>\n<meta property=\"og:type\" content=\"article\" \/>\n<meta property=\"og:title\" content=\"EULA - Vondetech\" \/>\n<meta property=\"og:description\" content=\"[vc_row][vc_column][vc_empty_space][vc_column_text el_class=&#8221;legal-text&#8221;]VIKTIG &#8211; LES N\u00d8YE: Denne lisensavtalen for sluttbrukere (&#8220;EULA&#8221;) er en juridisk avtale mellom deg (&#8220;lisensinnehaver&#8221; eller &#8220;deg&#8221;) og KMAK Kelet-Magyarorsz\u00e1gi Adatk\u00f6zpont Kft. (&#8220;Lisensgiver&#8221; eller &#8220;vi&#8221;) for Vonde Pro App-programvaren (&#8220;App&#8221;). Ved \u00e5 installere, kopiere eller p\u00e5 annen m\u00e5te bruke appen, samtykker du i \u00e5 v\u00e6re bundet av vilk\u00e5rene i denne lisensavtalen. Hvis du [&hellip;]\" \/>\n<meta property=\"og:url\" content=\"https:\/\/vondetech.com\/no\/eula\/\" \/>\n<meta property=\"og:site_name\" content=\"Vondetech\" \/>\n<meta property=\"article:modified_time\" content=\"2025-03-20T14:50:21+00:00\" \/>\n<meta name=\"twitter:card\" content=\"summary_large_image\" \/>\n<meta name=\"twitter:label1\" content=\"Ansl. lesetid\" \/>\n\t<meta name=\"twitter:data1\" content=\"4 minutter\" \/>\n<script type=\"application\/ld+json\" class=\"yoast-schema-graph\">{\"@context\":\"https:\/\/schema.org\",\"@graph\":[{\"@type\":\"WebPage\",\"@id\":\"https:\/\/vondetech.com\/no\/eula\/\",\"url\":\"https:\/\/vondetech.com\/no\/eula\/\",\"name\":\"EULA - Vondetech\",\"isPartOf\":{\"@id\":\"https:\/\/vondetech.com\/no\/#website\"},\"datePublished\":\"2025-03-19T08:19:24+00:00\",\"dateModified\":\"2025-03-20T14:50:21+00:00\",\"breadcrumb\":{\"@id\":\"https:\/\/vondetech.com\/no\/eula\/#breadcrumb\"},\"inLanguage\":\"nb-NO\",\"potentialAction\":[{\"@type\":\"ReadAction\",\"target\":[\"https:\/\/vondetech.com\/no\/eula\/\"]}]},{\"@type\":\"BreadcrumbList\",\"@id\":\"https:\/\/vondetech.com\/no\/eula\/#breadcrumb\",\"itemListElement\":[{\"@type\":\"ListItem\",\"position\":1,\"name\":\"Hjem\",\"item\":\"https:\/\/vondetech.com\/no\/hjem\/\"},{\"@type\":\"ListItem\",\"position\":2,\"name\":\"EULA\"}]},{\"@type\":\"WebSite\",\"@id\":\"https:\/\/vondetech.com\/no\/#website\",\"url\":\"https:\/\/vondetech.com\/no\/\",\"name\":\"Vondetech\",\"description\":\"\",\"potentialAction\":[{\"@type\":\"SearchAction\",\"target\":{\"@type\":\"EntryPoint\",\"urlTemplate\":\"https:\/\/vondetech.com\/no\/?s={search_term_string}\"},\"query-input\":{\"@type\":\"PropertyValueSpecification\",\"valueRequired\":true,\"valueName\":\"search_term_string\"}}],\"inLanguage\":\"nb-NO\"}]}<\/script>\n<!-- \/ Yoast SEO plugin. -->","yoast_head_json":{"title":"EULA - Vondetech","robots":{"index":"index","follow":"follow","max-snippet":"max-snippet:-1","max-image-preview":"max-image-preview:large","max-video-preview":"max-video-preview:-1"},"canonical":"https:\/\/vondetech.com\/no\/eula\/","og_locale":"nb_NO","og_type":"article","og_title":"EULA - Vondetech","og_description":"[vc_row][vc_column][vc_empty_space][vc_column_text el_class=&#8221;legal-text&#8221;]VIKTIG &#8211; LES N\u00d8YE: Denne lisensavtalen for sluttbrukere (&#8220;EULA&#8221;) er en juridisk avtale mellom deg (&#8220;lisensinnehaver&#8221; eller &#8220;deg&#8221;) og KMAK Kelet-Magyarorsz\u00e1gi Adatk\u00f6zpont Kft. (&#8220;Lisensgiver&#8221; eller &#8220;vi&#8221;) for Vonde Pro App-programvaren (&#8220;App&#8221;). Ved \u00e5 installere, kopiere eller p\u00e5 annen m\u00e5te bruke appen, samtykker du i \u00e5 v\u00e6re bundet av vilk\u00e5rene i denne lisensavtalen. Hvis du [&hellip;]","og_url":"https:\/\/vondetech.com\/no\/eula\/","og_site_name":"Vondetech","article_modified_time":"2025-03-20T14:50:21+00:00","twitter_card":"summary_large_image","twitter_misc":{"Ansl. lesetid":"4 minutter"},"schema":{"@context":"https:\/\/schema.org","@graph":[{"@type":"WebPage","@id":"https:\/\/vondetech.com\/no\/eula\/","url":"https:\/\/vondetech.com\/no\/eula\/","name":"EULA - Vondetech","isPartOf":{"@id":"https:\/\/vondetech.com\/no\/#website"},"datePublished":"2025-03-19T08:19:24+00:00","dateModified":"2025-03-20T14:50:21+00:00","breadcrumb":{"@id":"https:\/\/vondetech.com\/no\/eula\/#breadcrumb"},"inLanguage":"nb-NO","potentialAction":[{"@type":"ReadAction","target":["https:\/\/vondetech.com\/no\/eula\/"]}]},{"@type":"BreadcrumbList","@id":"https:\/\/vondetech.com\/no\/eula\/#breadcrumb","itemListElement":[{"@type":"ListItem","position":1,"name":"Hjem","item":"https:\/\/vondetech.com\/no\/hjem\/"},{"@type":"ListItem","position":2,"name":"EULA"}]},{"@type":"WebSite","@id":"https:\/\/vondetech.com\/no\/#website","url":"https:\/\/vondetech.com\/no\/","name":"Vondetech","description":"","potentialAction":[{"@type":"SearchAction","target":{"@type":"EntryPoint","urlTemplate":"https:\/\/vondetech.com\/no\/?s={search_term_string}"},"query-input":{"@type":"PropertyValueSpecification","valueRequired":true,"valueName":"search_term_string"}}],"inLanguage":"nb-NO"}]}},"_links":{"self":[{"href":"https:\/\/vondetech.com\/no\/wp-json\/wp\/v2\/pages\/20807","targetHints":{"allow":["GET"]}}],"collection":[{"href":"https:\/\/vondetech.com\/no\/wp-json\/wp\/v2\/pages"}],"about":[{"href":"https:\/\/vondetech.com\/no\/wp-json\/wp\/v2\/types\/page"}],"author":[{"embeddable":true,"href":"https:\/\/vondetech.com\/no\/wp-json\/wp\/v2\/users\/1"}],"replies":[{"embeddable":true,"href":"https:\/\/vondetech.com\/no\/wp-json\/wp\/v2\/comments?post=20807"}],"version-history":[{"count":10,"href":"https:\/\/vondetech.com\/no\/wp-json\/wp\/v2\/pages\/20807\/revisions"}],"predecessor-version":[{"id":20852,"href":"https:\/\/vondetech.com\/no\/wp-json\/wp\/v2\/pages\/20807\/revisions\/20852"}],"wp:attachment":[{"href":"https:\/\/vondetech.com\/no\/wp-json\/wp\/v2\/media?parent=20807"}],"curies":[{"name":"wp","href":"https:\/\/api.w.org\/{rel}","templated":true}]}}