{"id":11161,"date":"2024-05-23T15:17:28","date_gmt":"2024-05-23T13:17:28","guid":{"rendered":"https:\/\/vondetech.com\/retningslinjer-for-personvern\/"},"modified":"2025-03-19T13:17:23","modified_gmt":"2025-03-19T12:17:23","slug":"retningslinjer-for-personvern","status":"publish","type":"page","link":"https:\/\/vondetech.com\/no\/retningslinjer-for-personvern\/","title":{"rendered":"Retningslinjer for informasjonskapsler for Vonde Pro-nettstedet"},"content":{"rendered":"<div class=\"wpb-content-wrapper\"><p>[vc_row][vc_column][vc_empty_space][vc_column_text el_class=&#8221;legal-text&#8221;]<strong>Retningslinjer for informasjonskapsler for Vonde Pro-nettstedet<\/strong><\/p>\n<p><strong>Ikrafttredelsesdato:<\/strong> 17. mars 2025<\/p>\n<ol>\n<li><strong>  Innledning<\/strong><\/li>\n<\/ol>\n<p>Disse retningslinjene for informasjonskapsler forklarer hvordan Vonde Technology (&#8220;vi&#8221;, &#8220;oss&#8221; eller &#8220;v\u00e5r&#8221;) bruker informasjonskapsler og lignende teknologier p\u00e5 Vonde Pro-nettstedet (&#8220;nettstedet&#8221;). Disse retningslinjene gjelder ikke for Vonde Pro-mobilapplikasjonen, som har sine egne retningslinjer for informasjonskapsler. <\/p>\n<ol start=\"2\">\n<li><strong>  Hva er informasjonskapsler?<\/strong><\/li>\n<\/ol>\n<p>Informasjonskapsler er sm\u00e5 tekstfiler som lagres p\u00e5 enheten din n\u00e5r du bes\u00f8ker nettstedet v\u00e5rt. Informasjonskapsler hjelper oss med \u00e5 analysere trafikken p\u00e5 nettstedet og forbedre brukeropplevelsen. <\/p>\n<ol start=\"3\">\n<li><strong>  Typer informasjonskapsler vi bruker<\/strong><\/li>\n<\/ol>\n<ul>\n<li><strong>N\u00f8dvendige informasjonskapsler:<\/strong> Disse informasjonskapslene er n\u00f8dvendige for at nettstedet skal fungere p\u00e5 en grunnleggende m\u00e5te. De gj\u00f8r det mulig for deg \u00e5 navigere p\u00e5 nettstedet, bruke viktige funksjoner som \u00e5 logge inn p\u00e5 kontoen din, legge varer i handlekurven og f\u00e5 tilgang til sikre omr\u00e5der p\u00e5 nettstedet. <\/li>\n<li><strong>Analytiske informasjonskapsler:<\/strong> Gj\u00f8r det mulig for oss \u00e5 gjenkjenne og telle bes\u00f8kende og se hvordan bes\u00f8kende beveger seg rundt p\u00e5 nettstedet. Dette hjelper oss med \u00e5 forbedre nettstedets brukervennlighet og ytelse. Vi bruker Google Analytics til \u00e5 samle inn informasjon om hvordan bes\u00f8kende bruker nettstedet v\u00e5rt. Disse informasjonskapslene samler inn data som antall bes\u00f8kende, hvilke sider de bes\u00f8ker, og hvor lang tid de bruker p\u00e5 hver side.   <\/li>\n<\/ul>\n<ol start=\"4\">\n<li><strong>  Form\u00e5let med bruk av informasjonskapsler<\/strong><\/li>\n<\/ol>\n<p>Vi bruker informasjonskapsler utelukkende til:<\/p>\n<ul>\n<li>Overv\u00e5king og analyse av grunnleggende bes\u00f8ksstatistikk og bruk av nettstedet.<\/li>\n<li>Forbedre den generelle ytelsen og brukeropplevelsen p\u00e5 nettstedet v\u00e5rt.<\/li>\n<\/ul>\n<ol start=\"5\">\n<li><strong>  Informasjonskapsler fra tredjeparter<\/strong><\/li>\n<\/ol>\n<ul>\n<li><strong>Google Analytics:<\/strong> Vi bruker Google Analytics, en webanalysetjeneste levert av Google LLC. Google Analytics bruker informasjonskapsler for \u00e5 samle inn informasjon om din bruk av nettstedet v\u00e5rt, inkludert din IP-adresse. Denne informasjonen overf\u00f8res til og lagres av Google p\u00e5 servere i USA. Google bruker denne informasjonen til \u00e5 evaluere din bruk av nettstedet v\u00e5rt, utarbeide rapporter om nettstedsaktivitet og tilby andre tjenester knyttet til nettstedsaktivitet og internettbruk. Google kan ogs\u00e5 overf\u00f8re denne informasjonen til tredjeparter der dette er lovp\u00e5lagt, eller der slike tredjeparter behandler informasjonen p\u00e5 vegne av Google. Du finner mer informasjon om Googles personvernpraksis og hvordan Google bruker informasjonskapsler i Googles personvernerkl\u00e6ring:       [Link to Google&#8217;s Privacy Policy]<\/li>\n<\/ul>\n<ol start=\"6\">\n<li><strong>  Administrere informasjonskapsler<\/strong><\/li>\n<\/ol>\n<p>Du kan kontrollere, blokkere eller slette informasjonskapsler via innstillingene i nettleseren din. De fleste nettlesere godtar informasjonskapsler automatisk, men du kan vanligvis endre innstillingene i nettleseren slik at du kan avvise informasjonskapsler hvis du foretrekker det. Du finner instruksjoner om hvordan du administrerer informasjonskapsler i hjelpedokumentasjonen til nettleseren din. Her finner du lenker til hjelpesidene til noen popul\u00e6re nettlesere:   <\/p>\n<ul>\n<li>Google Chrome:  [Link to Chrome&#8217;s cookie settings help page]<\/li>\n<li>Mozilla Firefox:  [Link to Firefox&#8217;s cookie settings help page]<\/li>\n<li>Microsoft Edge:  [Link to Edge&#8217;s cookie settings help page]<\/li>\n<li>Apple Safari:  [Link to Safari&#8217;s cookie settings help page]<\/li>\n<\/ul>\n<p>Informasjonskapsler kan v\u00e6re \u00f8ktinformasjonskapsler eller faste informasjonskapsler. \u00d8ktinformasjonskapsler er midlertidige informasjonskapsler som lagres p\u00e5 enheten din til du lukker nettleseren. Vedvarende informasjonskapsler forblir p\u00e5 enheten din i en lengre periode, eller til du sletter dem.  <\/p>\n<ol start=\"7\">\n<li><strong>  Politiske oppdateringer<\/strong><\/li>\n<\/ol>\n<p>Vi kan oppdatere disse retningslinjene for informasjonskapsler med jevne mellomrom. Endringer vil bli lagt ut p\u00e5 denne siden med en oppdatert ikrafttredelsesdato. <\/p>\n<ol start=\"8\">\n<li><strong>  Kontakt oss<\/strong><\/li>\n<\/ol>\n<p>Hvis du har sp\u00f8rsm\u00e5l om disse retningslinjene for informasjonskapsler, kan du kontakte oss p\u00e5<\/p>\n<p>KMAK Kelet-Magyarorsz\u00e1gi Adatk\u00f6zpont Kft.<\/p>\n<p>H-5000 Szolnok, Szap\u00e1ry utca 20.<\/p>\n<p>E-post: info@vondetechnology.com<\/p>\n<p>Ved \u00e5 bruke nettstedet v\u00e5rt samtykker du i bruken av informasjonskapsler som beskrevet i disse retningslinjene for informasjonskapsler.[\/vc_column_text][\/vc_column][\/vc_row]<\/p>\n<\/div>","protected":false},"excerpt":{"rendered":"<p>[vc_row][vc_column][vc_empty_space][vc_column_text el_class=&#8221;legal-text&#8221;]Retningslinjer for informasjonskapsler for Vonde Pro-nettstedet Ikrafttredelsesdato: 17. mars 2025 Innledning Disse retningslinjene for informasjonskapsler forklarer hvordan Vonde Technology (&#8220;vi&#8221;, &#8220;oss&#8221; eller &#8220;v\u00e5r&#8221;) bruker informasjonskapsler og lignende teknologier p\u00e5 Vonde Pro-nettstedet (&#8220;nettstedet&#8221;). Disse retningslinjene gjelder ikke for Vonde Pro-mobilapplikasjonen, som har sine egne retningslinjer for informasjonskapsler. Hva er informasjonskapsler? Informasjonskapsler er sm\u00e5 tekstfiler som [&hellip;]<\/p>\n","protected":false},"author":1,"featured_media":0,"parent":0,"menu_order":0,"comment_status":"closed","ping_status":"closed","template":"","meta":{"footnotes":""},"class_list":["post-11161","page","type-page","status-publish","hentry"],"yoast_head":"<!-- This site is optimized with the Yoast SEO plugin v24.7 - https:\/\/yoast.com\/wordpress\/plugins\/seo\/ -->\n<title>Retningslinjer for informasjonskapsler for Vonde Pro-nettstedet - Vondetech<\/title>\n<meta name=\"robots\" content=\"index, follow, max-snippet:-1, max-image-preview:large, max-video-preview:-1\" \/>\n<link rel=\"canonical\" href=\"https:\/\/vondetech.com\/no\/retningslinjer-for-personvern\/\" \/>\n<meta property=\"og:locale\" content=\"nb_NO\" \/>\n<meta property=\"og:type\" content=\"article\" \/>\n<meta property=\"og:title\" content=\"Retningslinjer for informasjonskapsler for Vonde Pro-nettstedet - Vondetech\" \/>\n<meta property=\"og:description\" content=\"[vc_row][vc_column][vc_empty_space][vc_column_text el_class=&#8221;legal-text&#8221;]Retningslinjer for informasjonskapsler for Vonde Pro-nettstedet Ikrafttredelsesdato: 17. mars 2025 Innledning Disse retningslinjene for informasjonskapsler forklarer hvordan Vonde Technology (&#8220;vi&#8221;, &#8220;oss&#8221; eller &#8220;v\u00e5r&#8221;) bruker informasjonskapsler og lignende teknologier p\u00e5 Vonde Pro-nettstedet (&#8220;nettstedet&#8221;). Disse retningslinjene gjelder ikke for Vonde Pro-mobilapplikasjonen, som har sine egne retningslinjer for informasjonskapsler. Hva er informasjonskapsler? Informasjonskapsler er sm\u00e5 tekstfiler som [&hellip;]\" \/>\n<meta property=\"og:url\" content=\"https:\/\/vondetech.com\/no\/retningslinjer-for-personvern\/\" \/>\n<meta property=\"og:site_name\" content=\"Vondetech\" \/>\n<meta property=\"article:modified_time\" content=\"2025-03-19T12:17:23+00:00\" \/>\n<meta name=\"twitter:card\" content=\"summary_large_image\" \/>\n<meta name=\"twitter:label1\" content=\"Ansl. lesetid\" \/>\n\t<meta name=\"twitter:data1\" content=\"2 minutter\" \/>\n<script type=\"application\/ld+json\" class=\"yoast-schema-graph\">{\"@context\":\"https:\/\/schema.org\",\"@graph\":[{\"@type\":\"WebPage\",\"@id\":\"https:\/\/vondetech.com\/no\/retningslinjer-for-personvern\/\",\"url\":\"https:\/\/vondetech.com\/no\/retningslinjer-for-personvern\/\",\"name\":\"Retningslinjer for informasjonskapsler for Vonde Pro-nettstedet - Vondetech\",\"isPartOf\":{\"@id\":\"https:\/\/vondetech.com\/no\/#website\"},\"datePublished\":\"2024-05-23T13:17:28+00:00\",\"dateModified\":\"2025-03-19T12:17:23+00:00\",\"breadcrumb\":{\"@id\":\"https:\/\/vondetech.com\/no\/retningslinjer-for-personvern\/#breadcrumb\"},\"inLanguage\":\"nb-NO\",\"potentialAction\":[{\"@type\":\"ReadAction\",\"target\":[\"https:\/\/vondetech.com\/no\/retningslinjer-for-personvern\/\"]}]},{\"@type\":\"BreadcrumbList\",\"@id\":\"https:\/\/vondetech.com\/no\/retningslinjer-for-personvern\/#breadcrumb\",\"itemListElement\":[{\"@type\":\"ListItem\",\"position\":1,\"name\":\"Hjem\",\"item\":\"https:\/\/vondetech.com\/no\/hjem\/\"},{\"@type\":\"ListItem\",\"position\":2,\"name\":\"Retningslinjer for informasjonskapsler for Vonde Pro-nettstedet\"}]},{\"@type\":\"WebSite\",\"@id\":\"https:\/\/vondetech.com\/no\/#website\",\"url\":\"https:\/\/vondetech.com\/no\/\",\"name\":\"Vondetech\",\"description\":\"\",\"potentialAction\":[{\"@type\":\"SearchAction\",\"target\":{\"@type\":\"EntryPoint\",\"urlTemplate\":\"https:\/\/vondetech.com\/no\/?s={search_term_string}\"},\"query-input\":{\"@type\":\"PropertyValueSpecification\",\"valueRequired\":true,\"valueName\":\"search_term_string\"}}],\"inLanguage\":\"nb-NO\"}]}<\/script>\n<!-- \/ Yoast SEO plugin. -->","yoast_head_json":{"title":"Retningslinjer for informasjonskapsler for Vonde Pro-nettstedet - Vondetech","robots":{"index":"index","follow":"follow","max-snippet":"max-snippet:-1","max-image-preview":"max-image-preview:large","max-video-preview":"max-video-preview:-1"},"canonical":"https:\/\/vondetech.com\/no\/retningslinjer-for-personvern\/","og_locale":"nb_NO","og_type":"article","og_title":"Retningslinjer for informasjonskapsler for Vonde Pro-nettstedet - Vondetech","og_description":"[vc_row][vc_column][vc_empty_space][vc_column_text el_class=&#8221;legal-text&#8221;]Retningslinjer for informasjonskapsler for Vonde Pro-nettstedet Ikrafttredelsesdato: 17. mars 2025 Innledning Disse retningslinjene for informasjonskapsler forklarer hvordan Vonde Technology (&#8220;vi&#8221;, &#8220;oss&#8221; eller &#8220;v\u00e5r&#8221;) bruker informasjonskapsler og lignende teknologier p\u00e5 Vonde Pro-nettstedet (&#8220;nettstedet&#8221;). Disse retningslinjene gjelder ikke for Vonde Pro-mobilapplikasjonen, som har sine egne retningslinjer for informasjonskapsler. Hva er informasjonskapsler? Informasjonskapsler er sm\u00e5 tekstfiler som [&hellip;]","og_url":"https:\/\/vondetech.com\/no\/retningslinjer-for-personvern\/","og_site_name":"Vondetech","article_modified_time":"2025-03-19T12:17:23+00:00","twitter_card":"summary_large_image","twitter_misc":{"Ansl. lesetid":"2 minutter"},"schema":{"@context":"https:\/\/schema.org","@graph":[{"@type":"WebPage","@id":"https:\/\/vondetech.com\/no\/retningslinjer-for-personvern\/","url":"https:\/\/vondetech.com\/no\/retningslinjer-for-personvern\/","name":"Retningslinjer for informasjonskapsler for Vonde Pro-nettstedet - Vondetech","isPartOf":{"@id":"https:\/\/vondetech.com\/no\/#website"},"datePublished":"2024-05-23T13:17:28+00:00","dateModified":"2025-03-19T12:17:23+00:00","breadcrumb":{"@id":"https:\/\/vondetech.com\/no\/retningslinjer-for-personvern\/#breadcrumb"},"inLanguage":"nb-NO","potentialAction":[{"@type":"ReadAction","target":["https:\/\/vondetech.com\/no\/retningslinjer-for-personvern\/"]}]},{"@type":"BreadcrumbList","@id":"https:\/\/vondetech.com\/no\/retningslinjer-for-personvern\/#breadcrumb","itemListElement":[{"@type":"ListItem","position":1,"name":"Hjem","item":"https:\/\/vondetech.com\/no\/hjem\/"},{"@type":"ListItem","position":2,"name":"Retningslinjer for informasjonskapsler for Vonde Pro-nettstedet"}]},{"@type":"WebSite","@id":"https:\/\/vondetech.com\/no\/#website","url":"https:\/\/vondetech.com\/no\/","name":"Vondetech","description":"","potentialAction":[{"@type":"SearchAction","target":{"@type":"EntryPoint","urlTemplate":"https:\/\/vondetech.com\/no\/?s={search_term_string}"},"query-input":{"@type":"PropertyValueSpecification","valueRequired":true,"valueName":"search_term_string"}}],"inLanguage":"nb-NO"}]}},"_links":{"self":[{"href":"https:\/\/vondetech.com\/no\/wp-json\/wp\/v2\/pages\/11161","targetHints":{"allow":["GET"]}}],"collection":[{"href":"https:\/\/vondetech.com\/no\/wp-json\/wp\/v2\/pages"}],"about":[{"href":"https:\/\/vondetech.com\/no\/wp-json\/wp\/v2\/types\/page"}],"author":[{"embeddable":true,"href":"https:\/\/vondetech.com\/no\/wp-json\/wp\/v2\/users\/1"}],"replies":[{"embeddable":true,"href":"https:\/\/vondetech.com\/no\/wp-json\/wp\/v2\/comments?post=11161"}],"version-history":[{"count":6,"href":"https:\/\/vondetech.com\/no\/wp-json\/wp\/v2\/pages\/11161\/revisions"}],"predecessor-version":[{"id":19979,"href":"https:\/\/vondetech.com\/no\/wp-json\/wp\/v2\/pages\/11161\/revisions\/19979"}],"wp:attachment":[{"href":"https:\/\/vondetech.com\/no\/wp-json\/wp\/v2\/media?parent=11161"}],"curies":[{"name":"wp","href":"https:\/\/api.w.org\/{rel}","templated":true}]}}