{"id":29113,"date":"2024-05-23T14:47:33","date_gmt":"2024-05-23T12:47:33","guid":{"rendered":"https:\/\/vondetech.com\/?page_id=29113"},"modified":"2025-04-29T14:41:46","modified_gmt":"2025-04-29T12:41:46","slug":"vonde-pro-lietotnes-pakalpojumu-sniegsanas-noteikumi","status":"publish","type":"page","link":"https:\/\/vondetech.com\/lv\/vonde-pro-lietotnes-pakalpojumu-sniegsanas-noteikumi\/","title":{"rendered":"Vonde Pro lietotnes pakalpojumu snieg\u0161anas noteikumi"},"content":{"rendered":"<div class=\"wpb-content-wrapper\"><p>[vc_row][vc_column][vc_empty_space][vc_column_text el_class=&#8221;legal-text&#8221;]<strong>Sp\u0113k\u0101 st\u0101\u0161an\u0101s datums:<\/strong> 2025. gada 17. marts<\/p>\n<ol>\n<li><strong> Ievads<\/strong><\/li>\n<\/ol>\n<p>\u0160ie pakalpojumu snieg\u0161anas noteikumi (&#8220;Noteikumi&#8221;) reglament\u0113 j\u016bsu piek\u013cuvi Vonde Pro lietotnei (&#8220;Lietotne&#8221;) un t\u0101s lieto\u0161anu, ko p\u0101rvalda Vonde Technology (&#8220;m\u0113s&#8221;, &#8220;m\u016bsu&#8221; vai &#8220;m\u016bs&#8221;), kas nodro\u0161ina digit\u0101l\u0101s viz\u012btkartes, URL sa\u012bsin\u0101\u0161anas, NFC un QR kodu p\u0101rvald\u012bbas un Apple\/Google maci\u0146a integr\u0101cijas pakalpojumus.<\/p>\n<ol start=\"2\">\n<li><strong> Noteikumu pie\u0146em\u0161ana<\/strong><\/li>\n<\/ol>\n<p>Piek\u013c\u016bstot Lietotnei vai lietojot to, j\u016bs piekr\u012btat \u0161iem Pakalpojumu snieg\u0161anas noteikumiem. Ja j\u016bs nepiekr\u012btat k\u0101dai da\u013cai, jums nav at\u013cauts lietot Lietotni.<\/p>\n<ol start=\"3\">\n<li><strong> Konta re\u0123istr\u0101cija un dro\u0161\u012bba<\/strong><\/li>\n<\/ol>\n<p>Lietot\u0101jiem ir j\u0101sniedz prec\u012bza un piln\u012bga re\u0123istr\u0101cijas inform\u0101cija un j\u0101saglab\u0101 t\u0101s konfidencialit\u0101te. J\u016bs esat piln\u012bb\u0101 atbild\u012bgs par vis\u0101m darb\u012bb\u0101m, kas tiek veiktas, izmantojot j\u016bsu kontu, un jums nekav\u0113joties j\u0101zi\u0146o mums par neat\u013cautu izmanto\u0161anu.<\/p>\n<ol start=\"3\">\n<li><strong> Pakalpojuma apraksts<\/strong><\/li>\n<\/ol>\n<p>Programma nodro\u0161ina:<\/p>\n<ul>\n<li>Digit\u0101lo viz\u012btkar\u0161u (Biopages) izveide un p\u0101rvald\u012bba<\/li>\n<li>URL sa\u012bsin\u0101\u0161anas pakalpojumi<\/li>\n<li>NFC un QR kodu izveide un p\u0101rvald\u012bba<\/li>\n<li>Apple un Google Wallet digit\u0101lo kar\u0161u integr\u0101cija<\/li>\n<\/ul>\n<ol start=\"4\">\n<li><strong> Lietot\u0101ju konti<\/strong><\/li>\n<\/ol>\n<p>Veidojot kontu, jums ir j\u0101sniedz prec\u012bza un piln\u012bga inform\u0101cija. J\u016bs esat atbild\u012bgs par konta dro\u0161\u012bbas un konfidencialit\u0101tes uztur\u0113\u0161anu. Nekav\u0113joties pazi\u0146ojiet mums par jebkuru neat\u013cautu izmanto\u0161anu vai dro\u0161\u012bbas p\u0101rk\u0101pumu.<\/p>\n<ol start=\"5\">\n<li><strong> Lietot\u0101ja uzved\u012bba<\/strong><\/li>\n<\/ol>\n<p>J\u016bs piekr\u012btat:<\/p>\n<ul>\n<li>lietot Lietotni nelikum\u012bgi vai kr\u0101pnieciski.<\/li>\n<li>M\u0113\u0123in\u0101jums ieg\u016bt nesankcion\u0113tu piek\u013cuvi vai p\u0101rtraukt lietotnes pakalpojumu darb\u012bbu.<\/li>\n<li>aug\u0161upiel\u0101d\u0113t kait\u012bgu saturu vai v\u012brusus<\/li>\n<li>P\u0101rk\u0101pj intelektu\u0101l\u0101 \u012bpa\u0161uma ties\u012bbas<\/li>\n<\/ul>\n<p>\u0160o nosac\u012bjumu p\u0101rk\u0101p\u0161ana var novest pie konta aptur\u0113\u0161anas vai sl\u0113g\u0161anas.<\/p>\n<ol start=\"5\">\n<li><strong> Nodevas un abon\u0113\u0161anas maksas<\/strong><\/li>\n<\/ol>\n<p>Par da\u017e\u0101m Lietotnes funkcij\u0101m var b\u016bt j\u0101veic maks\u0101jums vai j\u0101piesak\u0101s. Maks\u0101jumi par abonementiem tiek apstr\u0101d\u0101ti tikai Apple App Store vai Google Play veikal\u0101 atkar\u012bb\u0101 no j\u016bsu ier\u012bces oper\u0113t\u0101jsist\u0113mas.<\/p>\n<p>Pieejam\u0101s abon\u0113\u0161anas iesp\u0113jas, to cenas, nor\u0113\u0137inu bie\u017eums un piem\u0113rojamie bezmaksas izm\u0113\u0123in\u0101juma periodi tiks par\u0101d\u012bti Lietotn\u0113 un\/vai abon\u0113\u0161anas procesa laik\u0101 attiec\u012bgaj\u0101 lietot\u0146u veikal\u0101.<\/p>\n<p>Abonementus, tostarp to atcel\u0161anu, varat p\u0101rvald\u012bt, izmantojot Apple App Store vai Google Play Store konta iestat\u012bjumus. S\u012bk\u0101ku inform\u0101ciju par abonementu p\u0101rvald\u012bbu skatiet Apple App Store vai Google Play Store atbalsta dokument\u0101cij\u0101.<\/p>\n<p>Vonde Technology tie\u0161i neapstr\u0101d\u0101 maks\u0101jumu apstr\u0101di, r\u0113\u0137inu izrakst\u012b\u0161anu vai abon\u0113\u0161anas atcel\u0161anu. Visi ar to saist\u012btie jaut\u0101jumi ir j\u0101adres\u0113 Apple App Store vai Google Play Store klientu atbalsta dienestam.<\/p>\n<ol start=\"6\">\n<li><strong> Tre\u0161o pu\u0161u pakalpojumi un vietnes<\/strong><\/li>\n<\/ol>\n<p>M\u0113s neesam atbild\u012bgi par tre\u0161o pu\u0161u pakalpojumiem vai \u0101r\u0113j\u0101m vietn\u0113m, uz kur\u0101m ir saites no Lietotnes. Lietot\u0101jiem pirms iesaist\u012b\u0161an\u0101s r\u016bp\u012bgi j\u0101izskata tre\u0161o pu\u0161u noteikumi.<\/p>\n<ol start=\"7\">\n<li><strong> Intelektu\u0101l\u0101 \u012bpa\u0161uma ties\u012bbas<\/strong><\/li>\n<\/ol>\n<p>Viss Lietotn\u0113 eso\u0161ais saturs, tostarp teksts, grafika, logotipi, pre\u010du z\u012bmes un programmat\u016bra, ir Vonde Technology ekskluz\u012bvs \u012bpa\u0161ums, un to aizsarg\u0101 intelektu\u0101l\u0101 \u012bpa\u0161uma ties\u012bbas.<\/p>\n<ol start=\"7\">\n<li><strong> Datu aizsardz\u012bba<\/strong><\/li>\n<\/ol>\n<p>M\u0113s apstr\u0101d\u0101jam personas datus saska\u0146\u0101 ar m\u016bsu konfidencialit\u0101tes politiku, kur\u0101 ir s\u012bki izkl\u0101st\u012bti sav\u0101kto datu veidi, apstr\u0101des nol\u016bki un metodes.<\/p>\n<ol start=\"8\">\n<li><strong> Lietot\u0101ja pien\u0101kumi<\/strong><\/li>\n<\/ol>\n<p>J\u016bs pats esat atbild\u012bgs par visu datu, kurus kop\u012bgojat vai public\u0113jat, izmantojot Lietotni, likum\u012bbu, precizit\u0101ti un atbilst\u012bbu. Jums ir j\u0101nodro\u0161ina atbilsto\u0161a piekri\u0161ana tre\u0161o personu datiem.<\/p>\n<ol start=\"9\">\n<li><strong> Atteik\u0161an\u0101s no garantij\u0101m<\/strong><\/li>\n<\/ol>\n<p>Lietotne tiek nodro\u0161in\u0101ta &#8220;t\u0101da, k\u0101da t\u0101 ir&#8221; bez jebk\u0101d\u0101m garantij\u0101m. M\u0113s negarant\u0113jam nep\u0101rtrauktu vai bezk\u013c\u016bdu pakalpojumu.<\/p>\n<ol start=\"10\">\n<li><strong> Atbild\u012bbas ierobe\u017eo\u0161ana<\/strong><\/li>\n<\/ol>\n<p>Vonde Technology nav atbild\u012bga par netie\u0161iem, nejau\u0161iem vai izrieto\u0161iem zaud\u0113jumiem, kas radu\u0161ies saist\u012bb\u0101 ar Lietotnes lieto\u0161anu vai nesp\u0113ju to lietot.<\/p>\n<ol start=\"9\">\n<li><strong> Atl\u012bdz\u012bba<\/strong><\/li>\n<\/ol>\n<p>J\u016bs piekr\u012btat atl\u012bdzin\u0101t, aizst\u0101v\u0113t un pasarg\u0101t Vonde Technology no jebk\u0101d\u0101m pras\u012bb\u0101m, zaud\u0113jumiem vai izmaks\u0101m, kas radu\u0161\u0101s saist\u012bb\u0101 ar Lietojumprogrammas lieto\u0161anu, \u0161o Noteikumu p\u0101rk\u0101pumiem vai jebk\u0101du ties\u012bbu p\u0101rk\u0101pumiem.<\/p>\n<ol start=\"10\">\n<li><strong> Izbeig\u0161ana<\/strong><\/li>\n<\/ol>\n<p>M\u0113s paturam ties\u012bbas p\u0113c saviem ieskatiem aptur\u0113t vai p\u0101rtraukt piek\u013cuvi Lietotnei, ja tiek p\u0101rk\u0101pti \u0161ie Noteikumi, vai citu pamatotu iemeslu d\u0113\u013c.<\/p>\n<ol start=\"11\">\n<li><strong> Piem\u0113rojamais likums un str\u012bdu iz\u0161\u0137ir\u0161ana<\/strong><\/li>\n<\/ol>\n<p>\u0160os Noteikumus reglament\u0113 un interpret\u0113 saska\u0146\u0101 ar piem\u0113rojamiem ties\u012bbu aktiem. Jebkurus str\u012bdus, kas izriet no \u0161iem Noteikumiem, risina tiesas, kuru jurisdikcij\u0101 ir m\u016bsu juridisk\u0101 adrese.<\/p>\n<ol start=\"11\">\n<li><strong> Izmai\u0146as noteikumos<\/strong><\/li>\n<\/ol>\n<p>M\u0113s varam periodiski atjaunin\u0101t \u0161os Noteikumus. Par b\u016btisk\u0101m izmai\u0146\u0101m j\u016bs tiksiet inform\u0113ts, izmantojot lietotni vai e-pastu.<\/p>\n<ol start=\"12\">\n<li><strong> Kontaktinform\u0101cija<\/strong><\/li>\n<\/ol>\n<p>Lai sa\u0146emtu ar \u0161iem Noteikumiem saist\u012btus jaut\u0101jumus, l\u016bdzu, sazinieties ar:<\/p>\n<p>Vonde Technology<\/p>\n<p>KMAK Kelet-Magyarorsz\u00e1gi Adatk\u00f6zpont Kft.<\/p>\n<p>H-5000 Szolnok, Szap\u00e1ry utca 20.<\/p>\n<p>E-pasts: info@vondetechnology.com<\/p>\n<p>Izmantojot Vonde Pro lietotni, j\u016bs atz\u012bstat un piekr\u012btat iev\u0113rot \u0161os Pakalpojuma snieg\u0161anas noteikumus.<\/p>\n<p>Vonde Technology LLC (ASV) p\u0101rvalda glob\u0101los tirgus un starptautisko papla\u0161in\u0101\u0161anos. KMAK Kelet-Magyarorsz\u00e1gi Adatk\u00f6zpont Kft. (Eiropa, Ung\u0101rija) nodarbojas ar izstr\u0101di un ar to saist\u012btiem darb\u012bbas uzdevumiem. [\/vc_column_text][\/vc_column][\/vc_row]<\/p>\n<\/div>","protected":false},"excerpt":{"rendered":"<p>[vc_row][vc_column][vc_empty_space][vc_column_text el_class=&#8221;legal-text&#8221;]Sp\u0113k\u0101 st\u0101\u0161an\u0101s datums: 2025. gada 17. marts Ievads \u0160ie pakalpojumu snieg\u0161anas noteikumi (&#8220;Noteikumi&#8221;) reglament\u0113 j\u016bsu piek\u013cuvi Vonde Pro lietotnei (&#8220;Lietotne&#8221;) un t\u0101s lieto\u0161anu, ko p\u0101rvalda Vonde Technology (&#8220;m\u0113s&#8221;, &#8220;m\u016bsu&#8221; vai &#8220;m\u016bs&#8221;), kas nodro\u0161ina digit\u0101l\u0101s viz\u012btkartes, URL sa\u012bsin\u0101\u0161anas, NFC un QR kodu p\u0101rvald\u012bbas un Apple\/Google maci\u0146a integr\u0101cijas pakalpojumus. Noteikumu pie\u0146em\u0161ana Piek\u013c\u016bstot Lietotnei vai lietojot to, [&hellip;]<\/p>\n","protected":false},"author":1,"featured_media":0,"parent":0,"menu_order":0,"comment_status":"closed","ping_status":"closed","template":"","meta":{"footnotes":""},"class_list":["post-29113","page","type-page","status-publish","hentry"],"yoast_head":"<!-- This site is optimized with the Yoast SEO plugin v24.7 - https:\/\/yoast.com\/wordpress\/plugins\/seo\/ -->\n<title>Vonde Pro lietotnes pakalpojumu snieg\u0161anas noteikumi - Vondetech<\/title>\n<meta name=\"robots\" content=\"index, follow, max-snippet:-1, max-image-preview:large, max-video-preview:-1\" \/>\n<link rel=\"canonical\" href=\"https:\/\/vondetech.com\/lv\/vonde-pro-lietotnes-pakalpojumu-sniegsanas-noteikumi\/\" \/>\n<meta property=\"og:locale\" content=\"lv_LV\" \/>\n<meta property=\"og:type\" content=\"article\" \/>\n<meta property=\"og:title\" content=\"Vonde Pro lietotnes pakalpojumu snieg\u0161anas noteikumi - Vondetech\" \/>\n<meta property=\"og:description\" content=\"[vc_row][vc_column][vc_empty_space][vc_column_text el_class=&#8221;legal-text&#8221;]Sp\u0113k\u0101 st\u0101\u0161an\u0101s datums: 2025. gada 17. marts Ievads \u0160ie pakalpojumu snieg\u0161anas noteikumi (&#8220;Noteikumi&#8221;) reglament\u0113 j\u016bsu piek\u013cuvi Vonde Pro lietotnei (&#8220;Lietotne&#8221;) un t\u0101s lieto\u0161anu, ko p\u0101rvalda Vonde Technology (&#8220;m\u0113s&#8221;, &#8220;m\u016bsu&#8221; vai &#8220;m\u016bs&#8221;), kas nodro\u0161ina digit\u0101l\u0101s viz\u012btkartes, URL sa\u012bsin\u0101\u0161anas, NFC un QR kodu p\u0101rvald\u012bbas un Apple\/Google maci\u0146a integr\u0101cijas pakalpojumus. Noteikumu pie\u0146em\u0161ana Piek\u013c\u016bstot Lietotnei vai lietojot to, [&hellip;]\" \/>\n<meta property=\"og:url\" content=\"https:\/\/vondetech.com\/lv\/vonde-pro-lietotnes-pakalpojumu-sniegsanas-noteikumi\/\" \/>\n<meta property=\"og:site_name\" content=\"Vondetech\" \/>\n<meta property=\"article:modified_time\" content=\"2025-04-29T12:41:46+00:00\" \/>\n<meta name=\"twitter:card\" content=\"summary_large_image\" \/>\n<meta name=\"twitter:label1\" content=\"Est. reading time\" \/>\n\t<meta name=\"twitter:data1\" content=\"3 minutes\" \/>\n<script type=\"application\/ld+json\" class=\"yoast-schema-graph\">{\"@context\":\"https:\/\/schema.org\",\"@graph\":[{\"@type\":\"WebPage\",\"@id\":\"https:\/\/vondetech.com\/lv\/vonde-pro-lietotnes-pakalpojumu-sniegsanas-noteikumi\/\",\"url\":\"https:\/\/vondetech.com\/lv\/vonde-pro-lietotnes-pakalpojumu-sniegsanas-noteikumi\/\",\"name\":\"Vonde Pro lietotnes pakalpojumu snieg\u0161anas noteikumi - Vondetech\",\"isPartOf\":{\"@id\":\"https:\/\/vondetech.com\/lv\/#website\"},\"datePublished\":\"2024-05-23T12:47:33+00:00\",\"dateModified\":\"2025-04-29T12:41:46+00:00\",\"breadcrumb\":{\"@id\":\"https:\/\/vondetech.com\/lv\/vonde-pro-lietotnes-pakalpojumu-sniegsanas-noteikumi\/#breadcrumb\"},\"inLanguage\":\"lv-LV\",\"potentialAction\":[{\"@type\":\"ReadAction\",\"target\":[\"https:\/\/vondetech.com\/lv\/vonde-pro-lietotnes-pakalpojumu-sniegsanas-noteikumi\/\"]}]},{\"@type\":\"BreadcrumbList\",\"@id\":\"https:\/\/vondetech.com\/lv\/vonde-pro-lietotnes-pakalpojumu-sniegsanas-noteikumi\/#breadcrumb\",\"itemListElement\":[{\"@type\":\"ListItem\",\"position\":1,\"name\":\"Home\",\"item\":\"https:\/\/vondetech.com\/lv\/\"},{\"@type\":\"ListItem\",\"position\":2,\"name\":\"Vonde Pro lietotnes pakalpojumu snieg\u0161anas noteikumi\"}]},{\"@type\":\"WebSite\",\"@id\":\"https:\/\/vondetech.com\/lv\/#website\",\"url\":\"https:\/\/vondetech.com\/lv\/\",\"name\":\"Vondetech\",\"description\":\"\",\"potentialAction\":[{\"@type\":\"SearchAction\",\"target\":{\"@type\":\"EntryPoint\",\"urlTemplate\":\"https:\/\/vondetech.com\/lv\/?s={search_term_string}\"},\"query-input\":{\"@type\":\"PropertyValueSpecification\",\"valueRequired\":true,\"valueName\":\"search_term_string\"}}],\"inLanguage\":\"lv-LV\"}]}<\/script>\n<!-- \/ Yoast SEO plugin. -->","yoast_head_json":{"title":"Vonde Pro lietotnes pakalpojumu snieg\u0161anas noteikumi - Vondetech","robots":{"index":"index","follow":"follow","max-snippet":"max-snippet:-1","max-image-preview":"max-image-preview:large","max-video-preview":"max-video-preview:-1"},"canonical":"https:\/\/vondetech.com\/lv\/vonde-pro-lietotnes-pakalpojumu-sniegsanas-noteikumi\/","og_locale":"lv_LV","og_type":"article","og_title":"Vonde Pro lietotnes pakalpojumu snieg\u0161anas noteikumi - Vondetech","og_description":"[vc_row][vc_column][vc_empty_space][vc_column_text el_class=&#8221;legal-text&#8221;]Sp\u0113k\u0101 st\u0101\u0161an\u0101s datums: 2025. gada 17. marts Ievads \u0160ie pakalpojumu snieg\u0161anas noteikumi (&#8220;Noteikumi&#8221;) reglament\u0113 j\u016bsu piek\u013cuvi Vonde Pro lietotnei (&#8220;Lietotne&#8221;) un t\u0101s lieto\u0161anu, ko p\u0101rvalda Vonde Technology (&#8220;m\u0113s&#8221;, &#8220;m\u016bsu&#8221; vai &#8220;m\u016bs&#8221;), kas nodro\u0161ina digit\u0101l\u0101s viz\u012btkartes, URL sa\u012bsin\u0101\u0161anas, NFC un QR kodu p\u0101rvald\u012bbas un Apple\/Google maci\u0146a integr\u0101cijas pakalpojumus. Noteikumu pie\u0146em\u0161ana Piek\u013c\u016bstot Lietotnei vai lietojot to, [&hellip;]","og_url":"https:\/\/vondetech.com\/lv\/vonde-pro-lietotnes-pakalpojumu-sniegsanas-noteikumi\/","og_site_name":"Vondetech","article_modified_time":"2025-04-29T12:41:46+00:00","twitter_card":"summary_large_image","twitter_misc":{"Est. reading time":"3 minutes"},"schema":{"@context":"https:\/\/schema.org","@graph":[{"@type":"WebPage","@id":"https:\/\/vondetech.com\/lv\/vonde-pro-lietotnes-pakalpojumu-sniegsanas-noteikumi\/","url":"https:\/\/vondetech.com\/lv\/vonde-pro-lietotnes-pakalpojumu-sniegsanas-noteikumi\/","name":"Vonde Pro lietotnes pakalpojumu snieg\u0161anas noteikumi - Vondetech","isPartOf":{"@id":"https:\/\/vondetech.com\/lv\/#website"},"datePublished":"2024-05-23T12:47:33+00:00","dateModified":"2025-04-29T12:41:46+00:00","breadcrumb":{"@id":"https:\/\/vondetech.com\/lv\/vonde-pro-lietotnes-pakalpojumu-sniegsanas-noteikumi\/#breadcrumb"},"inLanguage":"lv-LV","potentialAction":[{"@type":"ReadAction","target":["https:\/\/vondetech.com\/lv\/vonde-pro-lietotnes-pakalpojumu-sniegsanas-noteikumi\/"]}]},{"@type":"BreadcrumbList","@id":"https:\/\/vondetech.com\/lv\/vonde-pro-lietotnes-pakalpojumu-sniegsanas-noteikumi\/#breadcrumb","itemListElement":[{"@type":"ListItem","position":1,"name":"Home","item":"https:\/\/vondetech.com\/lv\/"},{"@type":"ListItem","position":2,"name":"Vonde Pro lietotnes pakalpojumu snieg\u0161anas noteikumi"}]},{"@type":"WebSite","@id":"https:\/\/vondetech.com\/lv\/#website","url":"https:\/\/vondetech.com\/lv\/","name":"Vondetech","description":"","potentialAction":[{"@type":"SearchAction","target":{"@type":"EntryPoint","urlTemplate":"https:\/\/vondetech.com\/lv\/?s={search_term_string}"},"query-input":{"@type":"PropertyValueSpecification","valueRequired":true,"valueName":"search_term_string"}}],"inLanguage":"lv-LV"}]}},"_links":{"self":[{"href":"https:\/\/vondetech.com\/lv\/wp-json\/wp\/v2\/pages\/29113","targetHints":{"allow":["GET"]}}],"collection":[{"href":"https:\/\/vondetech.com\/lv\/wp-json\/wp\/v2\/pages"}],"about":[{"href":"https:\/\/vondetech.com\/lv\/wp-json\/wp\/v2\/types\/page"}],"author":[{"embeddable":true,"href":"https:\/\/vondetech.com\/lv\/wp-json\/wp\/v2\/users\/1"}],"replies":[{"embeddable":true,"href":"https:\/\/vondetech.com\/lv\/wp-json\/wp\/v2\/comments?post=29113"}],"version-history":[{"count":8,"href":"https:\/\/vondetech.com\/lv\/wp-json\/wp\/v2\/pages\/29113\/revisions"}],"predecessor-version":[{"id":29126,"href":"https:\/\/vondetech.com\/lv\/wp-json\/wp\/v2\/pages\/29113\/revisions\/29126"}],"wp:attachment":[{"href":"https:\/\/vondetech.com\/lv\/wp-json\/wp\/v2\/media?parent=29113"}],"curies":[{"name":"wp","href":"https:\/\/api.w.org\/{rel}","templated":true}]}}