{"id":29111,"date":"2024-05-23T15:08:00","date_gmt":"2024-05-23T13:08:00","guid":{"rendered":"https:\/\/vondetech.com\/?page_id=29111"},"modified":"2025-04-29T14:39:55","modified_gmt":"2025-04-29T12:39:55","slug":"kompanijas-vonde-pro-lietotnes-atmaksas-un-atcelsanas-politika","status":"publish","type":"page","link":"https:\/\/vondetech.com\/lv\/kompanijas-vonde-pro-lietotnes-atmaksas-un-atcelsanas-politika\/","title":{"rendered":"Komp\u0101nijas Vonde Pro lietotnes atmaksas un atcel\u0161anas politika"},"content":{"rendered":"<div class=\"wpb-content-wrapper\"><p>[vc_row][vc_column][vc_empty_space][vc_column_text el_class=&#8221;legal-text&#8221;]<strong>Sp\u0113k\u0101 st\u0101\u0161an\u0101s datums:<\/strong> 2025. gada 17. marts<\/p>\n<ol>\n<li><strong> Ievads<\/strong><\/li>\n<\/ol>\n<p>\u0160\u012b Atmaksas un Atcel\u0161anas politika apraksta k\u0101rt\u012bbu un noteikumus attiec\u012bb\u0101 uz pirkumu un abonementu atmaksu un atcel\u0161anu, kas veikti Vonde Pro lietotn\u0113 (&#8220;Lietotne&#8221;), ko nodro\u0161ina Vonde Technology (&#8220;m\u0113s&#8221;, &#8220;m\u016bsu&#8221;, &#8220;mums&#8221;). T\u0101 k\u0101 Vonde Pro lietotne ir pieejama tikai Apple App Store un Google Play Store platform\u0101s, visi dar\u012bjumi, atcel\u0161anas un atmaksas ir pak\u013cauti attiec\u012bgo veikalu politik\u0101m.<\/p>\n<ol start=\"2\">\n<li><strong> Abonementu atcel\u0161ana<\/strong><\/li>\n<\/ol>\n<p>Lietot\u0101ji jebkur\u0101 laik\u0101 var atcelt abonementu, izmantojot savus Apple App Store vai Google Play Store konta iestat\u012bjumus. L\u016bdzu, skatiet \u0161\u0101dus resursus ar detaliz\u0113t\u0101m instrukcij\u0101m:<\/p>\n<ul>\n<li><strong>Apple App Store:<\/strong> [https:\/\/support.apple.com\/en-us\/118428]<\/li>\n<li><strong>Google Play Store:<\/strong> [https:\/\/support.google.com\/googleplay\/answer\/7018481?hl=en]<\/li>\n<\/ul>\n<p>Atcel\u0161anas piepras\u012bjumi st\u0101jas sp\u0113k\u0101 pa\u0161reiz\u0113j\u0101 nor\u0113\u0137inu cikla beig\u0101s. Atmaksas vai da\u013c\u0113jas atmaksas par neizmantotajiem abonementa periodiem netiek nodro\u0161in\u0101tas, iz\u0146emot gad\u012bjumus, kad to nosaka likums vai to skaidri nor\u0101da Apple vai Google pirkuma br\u012bd\u012b.<\/p>\n<ol start=\"3\">\n<li><strong> Atmaksas ties\u012bbas<\/strong><\/li>\n<\/ol>\n<p>Pirkumu vai abonementu atmaksas, kas veiktas, izmantojot Vonde Pro lietotni, tiek piem\u0113rotas Apple App Store vai Google Play Store atmaksas politik\u0101m, atkar\u012bb\u0101 no dar\u012bjuma veik\u0161anas vietas. Parasti atmaksas var tikt pie\u0161\u0137irtas \u0161\u0101dos gad\u012bjumos, k\u0101 to nosaka Apple vai Google:<\/p>\n<ul>\n<li>Tehniskas probl\u0113mas vai lietotnes darb\u012bbas trauc\u0113jumi, kas liedz maksas pakalpojumu izmanto\u0161anu un kurus nav iesp\u0113jams nov\u0113rst sapr\u0101t\u012bg\u0101 laik\u0101.<\/li>\n<li>Neautoriz\u0113ti dar\u012bjumi, kas radu\u0161ies dro\u0161\u012bbas p\u0101rk\u0101pumu d\u0113\u013c, kurus nav izrais\u012bjusi lietot\u0101ja nolaid\u012bba.<\/li>\n<\/ul>\n<p>Atmaksas piepras\u012bjumi, kas balst\u012bti tikai uz neapmierin\u0101t\u012bbu ar pakalpojumu vai izmai\u0146\u0101m person\u012bgajos apst\u0101k\u013cos, parasti nav attiecin\u0101mi, jo tos izskata Apple vai Google p\u0113c saviem ieskatiem.<\/p>\n<ol start=\"4\">\n<li><strong> Atmaksas piepras\u012bjuma proced\u016bra<\/strong><\/li>\n<\/ol>\n<p>Visiem atmaksas piepras\u012bjumiem j\u0101b\u016bt iesniegtiem saska\u0146\u0101 ar Apple App Store vai Google Play Store noteikumiem un proced\u016br\u0101m. Lai piepras\u012btu atmaksu, l\u016bdzu, sekojiet nor\u0101d\u012bjumiem attiec\u012bgaj\u0101 platform\u0101:<\/p>\n<ul>\n<li><strong>Apple App Store:<\/strong> [https:\/\/support.apple.com\/en-gb\/118223]<\/li>\n<li><strong>Google Play Store:<\/strong> [https:\/\/support.google.com\/googleplay\/answer\/2479637?hl=en]<\/li>\n<\/ul>\n<p>Visa sazi\u0146a par atmaksas piepras\u012bjumiem j\u0101adres\u0113 attiec\u012bgajam lietot\u0146u veikalam.<\/p>\n<ol start=\"5\">\n<li><strong> Atmaksas apstr\u0101de<\/strong><\/li>\n<\/ol>\n<p>Apstiprin\u0101t\u0101s atmaksas apstr\u0101d\u0101 Apple vai Google, izmantojot s\u0101kotn\u0113jo maks\u0101juma metodi. Apstr\u0101des laiks var at\u0161\u0137irties atkar\u012bb\u0101 no maks\u0101jumu pakalpojumu sniedz\u0113jiem un veikala politik\u0101m.<\/p>\n<ol start=\"6\">\n<li><strong> Ierobe\u017eojumi<\/strong><\/li>\n<\/ol>\n<p>M\u016bsu uz\u0146\u0113mums patur ties\u012bbas atteikt pal\u012bdz\u012bbu atmaksas piepras\u012bjumos, kas neatbilst Apple App Store vai Google Play Store noteikumiem.<\/p>\n<ol start=\"7\">\n<li><strong> Politikas izmai\u0146as<\/strong><\/li>\n<\/ol>\n<p>\u0160\u012b Atmaksas un Atcel\u0161anas politika var periodiski tikt atjaunin\u0101ta. B\u016btiskas izmai\u0146as tiks pazi\u0146otas, izmantojot lietotnes pazi\u0146ojumus vai re\u0123istr\u0113to e-pastu.<\/p>\n<ol start=\"8\">\n<li><strong> Kontaktinform\u0101cija<\/strong><\/li>\n<\/ol>\n<p>Jaut\u0101jumu vai pal\u012bdz\u012bbas gad\u012bjum\u0101, l\u016bdzu, sazinieties:<\/p>\n<p>KMAK Kelet-Magyarorsz\u00e1gi Adatk\u00f6zpont Kft.<\/p>\n<p>H-5000 Szolnok, Szap\u00e1ry iela 20.<\/p>\n<p>E-pasts: info@vondetechnology.com<\/p>\n<p>Veicot pirkumu vai abon\u0113jot Vonde Pro lietotn\u0113, j\u016bs apliecin\u0101t, ka piekr\u012btat \u0161\u012bs Atmaksas un Atcel\u0161anas politikas noteikumiem un saprotat, ka atmaksa un atcel\u0161ana tiek regul\u0113ta p\u0113c Apple App Store vai Google Play Store noteikumiem.<br \/>\n[\/vc_column_text][\/vc_column][\/vc_row]<\/p>\n<\/div>","protected":false},"excerpt":{"rendered":"<p>[vc_row][vc_column][vc_empty_space][vc_column_text el_class=&#8221;legal-text&#8221;]Sp\u0113k\u0101 st\u0101\u0161an\u0101s datums: 2025. gada 17. marts Ievads \u0160\u012b Atmaksas un Atcel\u0161anas politika apraksta k\u0101rt\u012bbu un noteikumus attiec\u012bb\u0101 uz pirkumu un abonementu atmaksu un atcel\u0161anu, kas veikti Vonde Pro lietotn\u0113 (&#8220;Lietotne&#8221;), ko nodro\u0161ina Vonde Technology (&#8220;m\u0113s&#8221;, &#8220;m\u016bsu&#8221;, &#8220;mums&#8221;). T\u0101 k\u0101 Vonde Pro lietotne ir pieejama tikai Apple App Store un Google Play Store platform\u0101s, [&hellip;]<\/p>\n","protected":false},"author":1,"featured_media":0,"parent":0,"menu_order":0,"comment_status":"closed","ping_status":"closed","template":"","meta":{"footnotes":""},"class_list":["post-29111","page","type-page","status-publish","hentry"],"yoast_head":"<!-- This site is optimized with the Yoast SEO plugin v24.7 - https:\/\/yoast.com\/wordpress\/plugins\/seo\/ -->\n<title>Komp\u0101nijas Vonde Pro lietotnes atmaksas un atcel\u0161anas politika - Vondetech<\/title>\n<meta name=\"robots\" content=\"index, follow, max-snippet:-1, max-image-preview:large, max-video-preview:-1\" \/>\n<link rel=\"canonical\" href=\"https:\/\/vondetech.com\/lv\/kompanijas-vonde-pro-lietotnes-atmaksas-un-atcelsanas-politika\/\" \/>\n<meta property=\"og:locale\" content=\"lv_LV\" \/>\n<meta property=\"og:type\" content=\"article\" \/>\n<meta property=\"og:title\" content=\"Komp\u0101nijas Vonde Pro lietotnes atmaksas un atcel\u0161anas politika - Vondetech\" \/>\n<meta property=\"og:description\" content=\"[vc_row][vc_column][vc_empty_space][vc_column_text el_class=&#8221;legal-text&#8221;]Sp\u0113k\u0101 st\u0101\u0161an\u0101s datums: 2025. gada 17. marts Ievads \u0160\u012b Atmaksas un Atcel\u0161anas politika apraksta k\u0101rt\u012bbu un noteikumus attiec\u012bb\u0101 uz pirkumu un abonementu atmaksu un atcel\u0161anu, kas veikti Vonde Pro lietotn\u0113 (&#8220;Lietotne&#8221;), ko nodro\u0161ina Vonde Technology (&#8220;m\u0113s&#8221;, &#8220;m\u016bsu&#8221;, &#8220;mums&#8221;). T\u0101 k\u0101 Vonde Pro lietotne ir pieejama tikai Apple App Store un Google Play Store platform\u0101s, [&hellip;]\" \/>\n<meta property=\"og:url\" content=\"https:\/\/vondetech.com\/lv\/kompanijas-vonde-pro-lietotnes-atmaksas-un-atcelsanas-politika\/\" \/>\n<meta property=\"og:site_name\" content=\"Vondetech\" \/>\n<meta property=\"article:modified_time\" content=\"2025-04-29T12:39:55+00:00\" \/>\n<meta name=\"twitter:card\" content=\"summary_large_image\" \/>\n<meta name=\"twitter:label1\" content=\"Est. reading time\" \/>\n\t<meta name=\"twitter:data1\" content=\"2 minutes\" \/>\n<script type=\"application\/ld+json\" class=\"yoast-schema-graph\">{\"@context\":\"https:\/\/schema.org\",\"@graph\":[{\"@type\":\"WebPage\",\"@id\":\"https:\/\/vondetech.com\/lv\/kompanijas-vonde-pro-lietotnes-atmaksas-un-atcelsanas-politika\/\",\"url\":\"https:\/\/vondetech.com\/lv\/kompanijas-vonde-pro-lietotnes-atmaksas-un-atcelsanas-politika\/\",\"name\":\"Komp\u0101nijas Vonde Pro lietotnes atmaksas un atcel\u0161anas politika - Vondetech\",\"isPartOf\":{\"@id\":\"https:\/\/vondetech.com\/lv\/#website\"},\"datePublished\":\"2024-05-23T13:08:00+00:00\",\"dateModified\":\"2025-04-29T12:39:55+00:00\",\"breadcrumb\":{\"@id\":\"https:\/\/vondetech.com\/lv\/kompanijas-vonde-pro-lietotnes-atmaksas-un-atcelsanas-politika\/#breadcrumb\"},\"inLanguage\":\"lv-LV\",\"potentialAction\":[{\"@type\":\"ReadAction\",\"target\":[\"https:\/\/vondetech.com\/lv\/kompanijas-vonde-pro-lietotnes-atmaksas-un-atcelsanas-politika\/\"]}]},{\"@type\":\"BreadcrumbList\",\"@id\":\"https:\/\/vondetech.com\/lv\/kompanijas-vonde-pro-lietotnes-atmaksas-un-atcelsanas-politika\/#breadcrumb\",\"itemListElement\":[{\"@type\":\"ListItem\",\"position\":1,\"name\":\"Home\",\"item\":\"https:\/\/vondetech.com\/lv\/\"},{\"@type\":\"ListItem\",\"position\":2,\"name\":\"Komp\u0101nijas Vonde Pro lietotnes atmaksas un atcel\u0161anas politika\"}]},{\"@type\":\"WebSite\",\"@id\":\"https:\/\/vondetech.com\/lv\/#website\",\"url\":\"https:\/\/vondetech.com\/lv\/\",\"name\":\"Vondetech\",\"description\":\"\",\"potentialAction\":[{\"@type\":\"SearchAction\",\"target\":{\"@type\":\"EntryPoint\",\"urlTemplate\":\"https:\/\/vondetech.com\/lv\/?s={search_term_string}\"},\"query-input\":{\"@type\":\"PropertyValueSpecification\",\"valueRequired\":true,\"valueName\":\"search_term_string\"}}],\"inLanguage\":\"lv-LV\"}]}<\/script>\n<!-- \/ Yoast SEO plugin. -->","yoast_head_json":{"title":"Komp\u0101nijas Vonde Pro lietotnes atmaksas un atcel\u0161anas politika - Vondetech","robots":{"index":"index","follow":"follow","max-snippet":"max-snippet:-1","max-image-preview":"max-image-preview:large","max-video-preview":"max-video-preview:-1"},"canonical":"https:\/\/vondetech.com\/lv\/kompanijas-vonde-pro-lietotnes-atmaksas-un-atcelsanas-politika\/","og_locale":"lv_LV","og_type":"article","og_title":"Komp\u0101nijas Vonde Pro lietotnes atmaksas un atcel\u0161anas politika - Vondetech","og_description":"[vc_row][vc_column][vc_empty_space][vc_column_text el_class=&#8221;legal-text&#8221;]Sp\u0113k\u0101 st\u0101\u0161an\u0101s datums: 2025. gada 17. marts Ievads \u0160\u012b Atmaksas un Atcel\u0161anas politika apraksta k\u0101rt\u012bbu un noteikumus attiec\u012bb\u0101 uz pirkumu un abonementu atmaksu un atcel\u0161anu, kas veikti Vonde Pro lietotn\u0113 (&#8220;Lietotne&#8221;), ko nodro\u0161ina Vonde Technology (&#8220;m\u0113s&#8221;, &#8220;m\u016bsu&#8221;, &#8220;mums&#8221;). T\u0101 k\u0101 Vonde Pro lietotne ir pieejama tikai Apple App Store un Google Play Store platform\u0101s, [&hellip;]","og_url":"https:\/\/vondetech.com\/lv\/kompanijas-vonde-pro-lietotnes-atmaksas-un-atcelsanas-politika\/","og_site_name":"Vondetech","article_modified_time":"2025-04-29T12:39:55+00:00","twitter_card":"summary_large_image","twitter_misc":{"Est. reading time":"2 minutes"},"schema":{"@context":"https:\/\/schema.org","@graph":[{"@type":"WebPage","@id":"https:\/\/vondetech.com\/lv\/kompanijas-vonde-pro-lietotnes-atmaksas-un-atcelsanas-politika\/","url":"https:\/\/vondetech.com\/lv\/kompanijas-vonde-pro-lietotnes-atmaksas-un-atcelsanas-politika\/","name":"Komp\u0101nijas Vonde Pro lietotnes atmaksas un atcel\u0161anas politika - Vondetech","isPartOf":{"@id":"https:\/\/vondetech.com\/lv\/#website"},"datePublished":"2024-05-23T13:08:00+00:00","dateModified":"2025-04-29T12:39:55+00:00","breadcrumb":{"@id":"https:\/\/vondetech.com\/lv\/kompanijas-vonde-pro-lietotnes-atmaksas-un-atcelsanas-politika\/#breadcrumb"},"inLanguage":"lv-LV","potentialAction":[{"@type":"ReadAction","target":["https:\/\/vondetech.com\/lv\/kompanijas-vonde-pro-lietotnes-atmaksas-un-atcelsanas-politika\/"]}]},{"@type":"BreadcrumbList","@id":"https:\/\/vondetech.com\/lv\/kompanijas-vonde-pro-lietotnes-atmaksas-un-atcelsanas-politika\/#breadcrumb","itemListElement":[{"@type":"ListItem","position":1,"name":"Home","item":"https:\/\/vondetech.com\/lv\/"},{"@type":"ListItem","position":2,"name":"Komp\u0101nijas Vonde Pro lietotnes atmaksas un atcel\u0161anas politika"}]},{"@type":"WebSite","@id":"https:\/\/vondetech.com\/lv\/#website","url":"https:\/\/vondetech.com\/lv\/","name":"Vondetech","description":"","potentialAction":[{"@type":"SearchAction","target":{"@type":"EntryPoint","urlTemplate":"https:\/\/vondetech.com\/lv\/?s={search_term_string}"},"query-input":{"@type":"PropertyValueSpecification","valueRequired":true,"valueName":"search_term_string"}}],"inLanguage":"lv-LV"}]}},"_links":{"self":[{"href":"https:\/\/vondetech.com\/lv\/wp-json\/wp\/v2\/pages\/29111","targetHints":{"allow":["GET"]}}],"collection":[{"href":"https:\/\/vondetech.com\/lv\/wp-json\/wp\/v2\/pages"}],"about":[{"href":"https:\/\/vondetech.com\/lv\/wp-json\/wp\/v2\/types\/page"}],"author":[{"embeddable":true,"href":"https:\/\/vondetech.com\/lv\/wp-json\/wp\/v2\/users\/1"}],"replies":[{"embeddable":true,"href":"https:\/\/vondetech.com\/lv\/wp-json\/wp\/v2\/comments?post=29111"}],"version-history":[{"count":1,"href":"https:\/\/vondetech.com\/lv\/wp-json\/wp\/v2\/pages\/29111\/revisions"}],"predecessor-version":[{"id":29112,"href":"https:\/\/vondetech.com\/lv\/wp-json\/wp\/v2\/pages\/29111\/revisions\/29112"}],"wp:attachment":[{"href":"https:\/\/vondetech.com\/lv\/wp-json\/wp\/v2\/media?parent=29111"}],"curies":[{"name":"wp","href":"https:\/\/api.w.org\/{rel}","templated":true}]}}