{"id":28958,"date":"2025-03-19T09:20:16","date_gmt":"2025-03-19T08:20:16","guid":{"rendered":"https:\/\/vondetech.com\/?page_id=28958"},"modified":"2025-04-29T14:39:34","modified_gmt":"2025-04-29T12:39:34","slug":"izdruka-lietotnei-vonde-pro-app","status":"publish","type":"page","link":"https:\/\/vondetech.com\/lv\/izdruka-lietotnei-vonde-pro-app\/","title":{"rendered":"Izdruka lietotnei Vonde Pro App"},"content":{"rendered":"<div class=\"wpb-content-wrapper\"><p>[vc_row][vc_column][vc_empty_space][vc_column_text el_class=&#8221;legal-text&#8221;]<strong>Uz\u0146\u0113muma inform\u0101cija:<\/strong><\/p>\n<p>Vonde Technology<\/p>\n<p><strong>Par Vonde Technology LLC:<\/strong><\/p>\n<p>Vonde Pro Lietotne ir inovat\u012bva mobil\u0101 lietotne, kas izstr\u0101d\u0101ta un tiek darbin\u0101ta, sadarbojoties div\u0101m vien\u012bb\u0101m:<\/p>\n<ul>\n<li>Vonde Technology LLC (ASV) p\u0101rvalda glob\u0101los tirgus un starptautisko papla\u0161in\u0101\u0161anos.<\/li>\n<li>KMAK Kelet-Magyarorsz\u00e1gi Adatk\u00f6zpont Kft. (Eiropa, Ung\u0101rija) nodro\u0161ina izstr\u0101di un saist\u012btos darb\u012bbas uzdevumus.<\/li>\n<\/ul>\n<p><strong>Operators:<\/strong><\/p>\n<p>KMAK Kelet-Magyarorsz\u00e1gi Adatk\u00f6zpont Kft.<\/p>\n<p><strong>Re\u0123istr\u0113t\u0101 adrese:<\/strong><\/p>\n<p>H-5000 Szolnok, Szap\u00e1ry iela 20, Ung\u0101rija<\/p>\n<p><strong>Kontaktinform\u0101cija:<\/strong><\/p>\n<p>E-pasts: info@vondetechnology.com<\/p>\n<p><strong>Izpilddirektors:<\/strong><\/p>\n<p>Laszlo Berta<\/p>\n<p><strong>Uz\u0146\u0113muma re\u0123istr\u0101cija:<\/strong><\/p>\n<p>D-U-N-S: 401605625<\/p>\n<p>Re\u0123istr\u0101cijas tiesa: [Nor\u0101d\u012bt re\u0123istr\u0101cijas tiesu, piem\u0113ram, Szolnoka Re\u0123ion\u0101l\u0101 tiesa]<\/p>\n<p><strong>PVN identifik\u0101cijas numurs:<\/strong><\/p>\n<p>HU24373427<\/p>\n<p><strong>Datu aizsardz\u012bbas speci\u0101lists:<\/strong><\/p>\n<p>Datu aizsardz\u012bbas jaut\u0101jumu gad\u012bjum\u0101, l\u016bdzu, sazinieties ar m\u016bsu Datu aizsardz\u012bbas speci\u0101listu:<\/p>\n<p>E-pasts: info@vondetechnology.com<\/p>\n<p><strong>Atbild\u012bbas atruna:<\/strong><\/p>\n<p>Neskatoties uz r\u016bp\u012bgu saturu p\u0101rbaudi, m\u0113s neuz\u0146emamies atbild\u012bbu par \u0101r\u0113jo sai\u0161u saturu. Saist\u012bto lapu operatori ir piln\u012bb\u0101 atbild\u012bgi par to saturu.<\/p>\n<p><strong>Str\u012bdu iz\u0161\u0137ir\u0161ana:<\/strong><\/p>\n<p>Saska\u0146\u0101 ar ES normat\u012bvajiem aktiem str\u012bdus var risin\u0101t, izmantojot ES Komisijas Tie\u0161saistes Str\u012bdu Iz\u0161\u0137ir\u0161anas platformu: http:\/\/ec.europa.eu\/consumers\/odr<\/p>\n<p><strong>Kontaktinform\u0101cija:<\/strong><\/p>\n<p>Visp\u0101r\u012bgiem jaut\u0101jumiem:<\/p>\n<p>E-pasts: info@vondetechnology.com<\/p>\n<p>\u0160is Impresszum atbilst ES normat\u012bvajiem aktiem un standartiem, kas piem\u0113rojami komercuz\u0146\u0113mumiem, kuri darbojas Eiropas Savien\u012bbas tirgos.[\/vc_column_text][\/vc_column][\/vc_row]<\/p>\n<\/div>","protected":false},"excerpt":{"rendered":"<p>[vc_row][vc_column][vc_empty_space][vc_column_text el_class=&#8221;legal-text&#8221;]Uz\u0146\u0113muma inform\u0101cija: Vonde Technology Par Vonde Technology LLC: Vonde Pro Lietotne ir inovat\u012bva mobil\u0101 lietotne, kas izstr\u0101d\u0101ta un tiek darbin\u0101ta, sadarbojoties div\u0101m vien\u012bb\u0101m: Vonde Technology LLC (ASV) p\u0101rvalda glob\u0101los tirgus un starptautisko papla\u0161in\u0101\u0161anos. KMAK Kelet-Magyarorsz\u00e1gi Adatk\u00f6zpont Kft. (Eiropa, Ung\u0101rija) nodro\u0161ina izstr\u0101di un saist\u012btos darb\u012bbas uzdevumus. Operators: KMAK Kelet-Magyarorsz\u00e1gi Adatk\u00f6zpont Kft. Re\u0123istr\u0113t\u0101 adrese: H-5000 Szolnok, [&hellip;]<\/p>\n","protected":false},"author":1,"featured_media":0,"parent":0,"menu_order":0,"comment_status":"closed","ping_status":"closed","template":"","meta":{"footnotes":""},"class_list":["post-28958","page","type-page","status-publish","hentry"],"yoast_head":"<!-- This site is optimized with the Yoast SEO plugin v24.7 - https:\/\/yoast.com\/wordpress\/plugins\/seo\/ -->\n<title>Izdruka lietotnei Vonde Pro App - Vondetech<\/title>\n<meta name=\"robots\" content=\"index, follow, max-snippet:-1, max-image-preview:large, max-video-preview:-1\" \/>\n<link rel=\"canonical\" href=\"https:\/\/vondetech.com\/lv\/izdruka-lietotnei-vonde-pro-app\/\" \/>\n<meta property=\"og:locale\" content=\"lv_LV\" \/>\n<meta property=\"og:type\" content=\"article\" \/>\n<meta property=\"og:title\" content=\"Izdruka lietotnei Vonde Pro App - Vondetech\" \/>\n<meta property=\"og:description\" content=\"[vc_row][vc_column][vc_empty_space][vc_column_text el_class=&#8221;legal-text&#8221;]Uz\u0146\u0113muma inform\u0101cija: Vonde Technology Par Vonde Technology LLC: Vonde Pro Lietotne ir inovat\u012bva mobil\u0101 lietotne, kas izstr\u0101d\u0101ta un tiek darbin\u0101ta, sadarbojoties div\u0101m vien\u012bb\u0101m: Vonde Technology LLC (ASV) p\u0101rvalda glob\u0101los tirgus un starptautisko papla\u0161in\u0101\u0161anos. KMAK Kelet-Magyarorsz\u00e1gi Adatk\u00f6zpont Kft. (Eiropa, Ung\u0101rija) nodro\u0161ina izstr\u0101di un saist\u012btos darb\u012bbas uzdevumus. Operators: KMAK Kelet-Magyarorsz\u00e1gi Adatk\u00f6zpont Kft. Re\u0123istr\u0113t\u0101 adrese: H-5000 Szolnok, [&hellip;]\" \/>\n<meta property=\"og:url\" content=\"https:\/\/vondetech.com\/lv\/izdruka-lietotnei-vonde-pro-app\/\" \/>\n<meta property=\"og:site_name\" content=\"Vondetech\" \/>\n<meta property=\"article:modified_time\" content=\"2025-04-29T12:39:34+00:00\" \/>\n<meta name=\"twitter:card\" content=\"summary_large_image\" \/>\n<meta name=\"twitter:label1\" content=\"Est. reading time\" \/>\n\t<meta name=\"twitter:data1\" content=\"1 minute\" \/>\n<script type=\"application\/ld+json\" class=\"yoast-schema-graph\">{\"@context\":\"https:\/\/schema.org\",\"@graph\":[{\"@type\":\"WebPage\",\"@id\":\"https:\/\/vondetech.com\/lv\/izdruka-lietotnei-vonde-pro-app\/\",\"url\":\"https:\/\/vondetech.com\/lv\/izdruka-lietotnei-vonde-pro-app\/\",\"name\":\"Izdruka lietotnei Vonde Pro App - Vondetech\",\"isPartOf\":{\"@id\":\"https:\/\/vondetech.com\/lv\/#website\"},\"datePublished\":\"2025-03-19T08:20:16+00:00\",\"dateModified\":\"2025-04-29T12:39:34+00:00\",\"breadcrumb\":{\"@id\":\"https:\/\/vondetech.com\/lv\/izdruka-lietotnei-vonde-pro-app\/#breadcrumb\"},\"inLanguage\":\"lv-LV\",\"potentialAction\":[{\"@type\":\"ReadAction\",\"target\":[\"https:\/\/vondetech.com\/lv\/izdruka-lietotnei-vonde-pro-app\/\"]}]},{\"@type\":\"BreadcrumbList\",\"@id\":\"https:\/\/vondetech.com\/lv\/izdruka-lietotnei-vonde-pro-app\/#breadcrumb\",\"itemListElement\":[{\"@type\":\"ListItem\",\"position\":1,\"name\":\"Home\",\"item\":\"https:\/\/vondetech.com\/lv\/\"},{\"@type\":\"ListItem\",\"position\":2,\"name\":\"Izdruka lietotnei Vonde Pro App\"}]},{\"@type\":\"WebSite\",\"@id\":\"https:\/\/vondetech.com\/lv\/#website\",\"url\":\"https:\/\/vondetech.com\/lv\/\",\"name\":\"Vondetech\",\"description\":\"\",\"potentialAction\":[{\"@type\":\"SearchAction\",\"target\":{\"@type\":\"EntryPoint\",\"urlTemplate\":\"https:\/\/vondetech.com\/lv\/?s={search_term_string}\"},\"query-input\":{\"@type\":\"PropertyValueSpecification\",\"valueRequired\":true,\"valueName\":\"search_term_string\"}}],\"inLanguage\":\"lv-LV\"}]}<\/script>\n<!-- \/ Yoast SEO plugin. -->","yoast_head_json":{"title":"Izdruka lietotnei Vonde Pro App - Vondetech","robots":{"index":"index","follow":"follow","max-snippet":"max-snippet:-1","max-image-preview":"max-image-preview:large","max-video-preview":"max-video-preview:-1"},"canonical":"https:\/\/vondetech.com\/lv\/izdruka-lietotnei-vonde-pro-app\/","og_locale":"lv_LV","og_type":"article","og_title":"Izdruka lietotnei Vonde Pro App - Vondetech","og_description":"[vc_row][vc_column][vc_empty_space][vc_column_text el_class=&#8221;legal-text&#8221;]Uz\u0146\u0113muma inform\u0101cija: Vonde Technology Par Vonde Technology LLC: Vonde Pro Lietotne ir inovat\u012bva mobil\u0101 lietotne, kas izstr\u0101d\u0101ta un tiek darbin\u0101ta, sadarbojoties div\u0101m vien\u012bb\u0101m: Vonde Technology LLC (ASV) p\u0101rvalda glob\u0101los tirgus un starptautisko papla\u0161in\u0101\u0161anos. KMAK Kelet-Magyarorsz\u00e1gi Adatk\u00f6zpont Kft. (Eiropa, Ung\u0101rija) nodro\u0161ina izstr\u0101di un saist\u012btos darb\u012bbas uzdevumus. Operators: KMAK Kelet-Magyarorsz\u00e1gi Adatk\u00f6zpont Kft. Re\u0123istr\u0113t\u0101 adrese: H-5000 Szolnok, [&hellip;]","og_url":"https:\/\/vondetech.com\/lv\/izdruka-lietotnei-vonde-pro-app\/","og_site_name":"Vondetech","article_modified_time":"2025-04-29T12:39:34+00:00","twitter_card":"summary_large_image","twitter_misc":{"Est. reading time":"1 minute"},"schema":{"@context":"https:\/\/schema.org","@graph":[{"@type":"WebPage","@id":"https:\/\/vondetech.com\/lv\/izdruka-lietotnei-vonde-pro-app\/","url":"https:\/\/vondetech.com\/lv\/izdruka-lietotnei-vonde-pro-app\/","name":"Izdruka lietotnei Vonde Pro App - Vondetech","isPartOf":{"@id":"https:\/\/vondetech.com\/lv\/#website"},"datePublished":"2025-03-19T08:20:16+00:00","dateModified":"2025-04-29T12:39:34+00:00","breadcrumb":{"@id":"https:\/\/vondetech.com\/lv\/izdruka-lietotnei-vonde-pro-app\/#breadcrumb"},"inLanguage":"lv-LV","potentialAction":[{"@type":"ReadAction","target":["https:\/\/vondetech.com\/lv\/izdruka-lietotnei-vonde-pro-app\/"]}]},{"@type":"BreadcrumbList","@id":"https:\/\/vondetech.com\/lv\/izdruka-lietotnei-vonde-pro-app\/#breadcrumb","itemListElement":[{"@type":"ListItem","position":1,"name":"Home","item":"https:\/\/vondetech.com\/lv\/"},{"@type":"ListItem","position":2,"name":"Izdruka lietotnei Vonde Pro App"}]},{"@type":"WebSite","@id":"https:\/\/vondetech.com\/lv\/#website","url":"https:\/\/vondetech.com\/lv\/","name":"Vondetech","description":"","potentialAction":[{"@type":"SearchAction","target":{"@type":"EntryPoint","urlTemplate":"https:\/\/vondetech.com\/lv\/?s={search_term_string}"},"query-input":{"@type":"PropertyValueSpecification","valueRequired":true,"valueName":"search_term_string"}}],"inLanguage":"lv-LV"}]}},"_links":{"self":[{"href":"https:\/\/vondetech.com\/lv\/wp-json\/wp\/v2\/pages\/28958","targetHints":{"allow":["GET"]}}],"collection":[{"href":"https:\/\/vondetech.com\/lv\/wp-json\/wp\/v2\/pages"}],"about":[{"href":"https:\/\/vondetech.com\/lv\/wp-json\/wp\/v2\/types\/page"}],"author":[{"embeddable":true,"href":"https:\/\/vondetech.com\/lv\/wp-json\/wp\/v2\/users\/1"}],"replies":[{"embeddable":true,"href":"https:\/\/vondetech.com\/lv\/wp-json\/wp\/v2\/comments?post=28958"}],"version-history":[{"count":1,"href":"https:\/\/vondetech.com\/lv\/wp-json\/wp\/v2\/pages\/28958\/revisions"}],"predecessor-version":[{"id":28959,"href":"https:\/\/vondetech.com\/lv\/wp-json\/wp\/v2\/pages\/28958\/revisions\/28959"}],"wp:attachment":[{"href":"https:\/\/vondetech.com\/lv\/wp-json\/wp\/v2\/media?parent=28958"}],"curies":[{"name":"wp","href":"https:\/\/api.w.org\/{rel}","templated":true}]}}