{"id":28956,"date":"2025-03-19T09:19:24","date_gmt":"2025-03-19T08:19:24","guid":{"rendered":"https:\/\/vondetech.com\/?page_id=28956"},"modified":"2025-04-29T14:39:16","modified_gmt":"2025-04-29T12:39:16","slug":"eula","status":"publish","type":"page","link":"https:\/\/vondetech.com\/lv\/eula\/","title":{"rendered":"EULA"},"content":{"rendered":"<div class=\"wpb-content-wrapper\"><p>[vc_row][vc_column][vc_empty_space][vc_column_text el_class=&#8221;legal-text&#8221;]<strong>SVAR\u012aGI \u2013 IZLASIET UZMAN\u012aGI:<\/strong> \u0160\u012b Lietot\u0101ja Licences L\u012bgums (&#8220;EULA&#8221;) ir juridiska vieno\u0161an\u0101s starp jums (&#8220;Lietot\u0101js&#8221; vai &#8220;j\u016bs&#8221;) un KMAK Kelet-Magyarorsz\u00e1gi Adatk\u00f6zpont Kft. (&#8220;Licenc\u0113t\u0101js&#8221; vai &#8220;m\u0113s&#8221;) par Vonde Pro lietotnes (&#8220;Lietotne&#8221;) lieto\u0161anu. Instal\u0113jot, kop\u0113jot vai cit\u0101di izmantojot Lietotni, j\u016bs piekr\u012btat iev\u0113rot \u0161\u012b EULA noteikumus. Ja nepiekr\u012btat \u0161iem noteikumiem, nelietojiet un neinstal\u0113jiet Lietotni.<\/p>\n<ol>\n<li><strong> Licences pie\u0161\u0137ir\u0161ana:<\/strong><\/li>\n<\/ol>\n<p>Licenc\u0113t\u0101js pie\u0161\u0137ir jums ierobe\u017eotu, neekskluz\u012bvu, nenododamu un atsaucamu licenci lietot Lietotni vien\u0101 mobilaj\u0101 ier\u012bc\u0113 person\u012bgai, nekomerci\u0101lai lieto\u0161anai.<\/p>\n<ol start=\"2\">\n<li><strong> Ierobe\u017eojumi:<\/strong><\/li>\n<\/ol>\n<p>Jums nav at\u013cauts:<\/p>\n<ul>\n<li>Main\u012bt, piel\u0101got vai dekompil\u0113t Lietotni, vai m\u0113\u0123in\u0101t ieg\u016bt t\u0101s pirmkodu.<\/li>\n<li>Komerci\u0101li izmantot Lietotni vai p\u0101rdot, izplat\u012bt, iz\u012br\u0113t, apak\u0161licenc\u0113t, aizdot vai cit\u0101di nodot Lietotni tre\u0161aj\u0101m person\u0101m.<\/li>\n<li>No\u0146emt, main\u012bt vai aizkl\u0101t autorties\u012bbu, pre\u010du z\u012bmju vai citus \u012bpa\u0161uma pazi\u0146ojumus.<\/li>\n<li>Lietot Lietotni jebk\u0101d\u0101 veid\u0101, kas p\u0101rk\u0101pj piem\u0113rojamos ties\u012bbu aktus vai citu personu intelektu\u0101l\u0101 \u012bpa\u0161uma ties\u012bbas vai m\u0113\u0123in\u0101t apiet Lietotnes dro\u0161\u012bbas pas\u0101kumus.<\/li>\n<li>Izmantot Lietotni jebk\u0101dai nelikum\u012bgai darb\u012bbai, tostarp aizliegtu materi\u0101lu p\u0101rs\u016bt\u012b\u0161anai vai glab\u0101\u0161anai, vai darb\u012bb\u0101m, kas var\u0113tu kait\u0113t, atsp\u0113jot vai p\u0101rslogot Lietotni vai t\u0101s pakalpojumus.<\/li>\n<\/ul>\n<ol start=\"3\">\n<li><strong> \u012apa\u0161umties\u012bbas:<\/strong><\/li>\n<\/ol>\n<p>Lietotni pieder Licenc\u0113t\u0101js, un t\u0101 ir aizsarg\u0101ta ar autorties\u012bbu un citiem intelektu\u0101l\u0101 \u012bpa\u0161uma ties\u012bbu aktiem. Licence jums nepie\u0161\u0137ir nek\u0101das \u012bpa\u0161umties\u012bbas uz Lietotni.<\/p>\n<ol start=\"4\">\n<li><strong> Priv\u0101tums:<\/strong><\/li>\n<\/ol>\n<p>Lietotnes lieto\u0161ana ir pak\u013cauta m\u016bsu Priv\u0101tuma Politikai, kas apraksta m\u016bsu datu v\u0101k\u0161anas, apstr\u0101des un aizsardz\u012bbas praksi. Lietojot Lietotni, j\u016bs piekr\u012btat Priv\u0101tuma Politikas noteikumiem. Priv\u0101tuma Politiku varat atrast \u0161eit: [Saite uz Priv\u0101tuma Politiku]<\/p>\n<ol start=\"5\">\n<li><strong> Garantiju atruna:<\/strong><\/li>\n<\/ol>\n<p>Lietotne tiek nodro\u0161in\u0101ta &#8220;K\u0100 IR&#8221; un &#8220;K\u0100 PIEEJAMA&#8221; bez jebk\u0101d\u0101m garantij\u0101m. Vonde Technology atsak\u0101s no jebk\u0101d\u0101m garantij\u0101m, tostarp skaidri izteikt\u0101m vai netie\u0161\u0101m, par piem\u0113rot\u012bbu tirgo\u0161anai, piem\u0113rot\u012bbu konkr\u0113tam nol\u016bkam, nep\u0101rk\u0101p\u0161anu un jebk\u0101d\u0101m garantij\u0101m, kas izriet no lieto\u0161anas prakses.<\/p>\n<ol start=\"6\">\n<li><strong> Atbild\u012bbas ierobe\u017eojums:<\/strong><\/li>\n<\/ol>\n<p>Cikt\u0101l to pie\u013cauj piem\u0113rojamie ties\u012bbu akti, Vonde Technology nek\u0101d\u0101 gad\u012bjum\u0101 neatbild\u0113s par netie\u0161iem, \u012bpa\u0161iem, nejau\u0161iem vai izrieto\u0161iem zaud\u0113jumiem (ieskaitot pe\u013c\u0146as, datu vai lieto\u0161anas zaud\u0113jumus), kas saist\u012bti ar Lietotnes izmanto\u0161anu vai nesp\u0113ju to izmantot, pat ja Vonde Technology tika br\u012bdin\u0101ts par \u0161\u0101du zaud\u0113jumu iesp\u0113jam\u012bbu. Kop\u0113j\u0101 atbild\u012bba nep\u0101rsniegs summu, ko esat samaks\u0101jis par Lietotni (ja t\u0101da ir).<\/p>\n<ol start=\"7\">\n<li><strong> Atl\u012bdz\u012bbas pien\u0101kums:<\/strong><\/li>\n<\/ol>\n<p>J\u016bs piekr\u012btat atl\u012bdzin\u0101t un aizsarg\u0101t Vonde Technology, t\u0101 darbiniekus, direktorus un a\u0123entus pret jebk\u0101diem pras\u012bjumiem, zaud\u0113jumiem vai izdevumiem (tostarp sapr\u0101t\u012bg\u0101m juridisk\u0101m izmaks\u0101m), kas radu\u0161ies saist\u012bb\u0101 ar j\u016bsu Lietotnes \u013caunpr\u0101t\u012bgu izmanto\u0161anu, EULA p\u0101rk\u0101pumu vai citu personu ties\u012bbu p\u0101rk\u0101pumu.<\/p>\n<ol start=\"8\">\n<li><strong> L\u012bguma izbeig\u0161ana:<\/strong><\/li>\n<\/ol>\n<p>\u0160is EULA ir sp\u0113k\u0101 l\u012bdz t\u0101 izbeig\u0161anai no j\u016bsu vai Licenc\u0113t\u0101ja puses. Licenc\u0113t\u0101js var izbeigt \u0161o EULA jebkur\u0101 laik\u0101, ja j\u016bs p\u0101rk\u0101pjat \u0161\u012b l\u012bguma nosac\u012bjumus. Izbeidzot l\u012bgumu, jums j\u0101p\u0101rtrauc Lietotnes lieto\u0161ana un j\u0101izn\u012bcina visas t\u0101s kopijas.<\/p>\n<ol start=\"9\">\n<li><strong> Piem\u0113rojamie ties\u012bbu akti:<\/strong><\/li>\n<\/ol>\n<p>\u0160o EULA reglament\u0113 un interpret\u0113 atbilsto\u0161i Ung\u0101rijas ties\u012bbu aktiem. Jebkur\u0161 str\u012bds tiks izskat\u012bts ekskluz\u012bvi Budape\u0161tas ties\u0101s.<\/p>\n<ol start=\"10\">\n<li><strong> Izmai\u0146as \u0161aj\u0101 EULA:<\/strong><\/li>\n<\/ol>\n<p>M\u0113s paturam ties\u012bbas periodiski atjaunin\u0101t \u0161o EULA. B\u016btiskas izmai\u0146as tiks pazi\u0146otas jums caur lietotnes pazi\u0146ojumiem, e-pastu vai m\u0101jaslapu. Lietotnes turpm\u0101ka izmanto\u0161ana p\u0113c izmai\u0146\u0101m noz\u012bm\u0113 piekri\u0161anu groz\u012bjumiem.<\/p>\n<ol start=\"11\">\n<li><strong> Kontaktinform\u0101cija:<\/strong><\/li>\n<\/ol>\n<p>Jaut\u0101jumu gad\u012bjum\u0101 par \u0161o EULA, l\u016bdzu, sazinieties ar:<\/p>\n<p>KMAK Kelet-Magyarorsz\u00e1gi Adatk\u00f6zpont Kft.<\/p>\n<p>H-5000 Szolnok, Szap\u00e1ry iela 20.<\/p>\n<p>E-pasts: info@vondetechnology.com<\/p>\n<p>M\u0101jaslapa: https:\/\/www.vondetech.com<\/p>\n<ol start=\"12\">\n<li><strong> Piln\u012bga vieno\u0161an\u0101s:<\/strong><\/li>\n<\/ol>\n<p>\u0160\u012b EULA veido piln\u012bgu vieno\u0161anos starp jums un Licenc\u0113t\u0101ju attiec\u012bb\u0101 uz Lietotni un aizst\u0101j visas iepriek\u0161\u0113j\u0101s vieno\u0161an\u0101s, mutiskas vai rakstiskas.[\/vc_column_text][\/vc_column][\/vc_row]<\/p>\n<\/div>","protected":false},"excerpt":{"rendered":"<p>[vc_row][vc_column][vc_empty_space][vc_column_text el_class=&#8221;legal-text&#8221;]SVAR\u012aGI \u2013 IZLASIET UZMAN\u012aGI: \u0160\u012b Lietot\u0101ja Licences L\u012bgums (&#8220;EULA&#8221;) ir juridiska vieno\u0161an\u0101s starp jums (&#8220;Lietot\u0101js&#8221; vai &#8220;j\u016bs&#8221;) un KMAK Kelet-Magyarorsz\u00e1gi Adatk\u00f6zpont Kft. (&#8220;Licenc\u0113t\u0101js&#8221; vai &#8220;m\u0113s&#8221;) par Vonde Pro lietotnes (&#8220;Lietotne&#8221;) lieto\u0161anu. Instal\u0113jot, kop\u0113jot vai cit\u0101di izmantojot Lietotni, j\u016bs piekr\u012btat iev\u0113rot \u0161\u012b EULA noteikumus. Ja nepiekr\u012btat \u0161iem noteikumiem, nelietojiet un neinstal\u0113jiet Lietotni. Licences pie\u0161\u0137ir\u0161ana: Licenc\u0113t\u0101js [&hellip;]<\/p>\n","protected":false},"author":1,"featured_media":0,"parent":0,"menu_order":0,"comment_status":"closed","ping_status":"closed","template":"","meta":{"footnotes":""},"class_list":["post-28956","page","type-page","status-publish","hentry"],"yoast_head":"<!-- This site is optimized with the Yoast SEO plugin v24.7 - https:\/\/yoast.com\/wordpress\/plugins\/seo\/ -->\n<title>EULA - Vondetech<\/title>\n<meta name=\"robots\" content=\"index, follow, max-snippet:-1, max-image-preview:large, max-video-preview:-1\" \/>\n<link rel=\"canonical\" href=\"https:\/\/vondetech.com\/lv\/eula\/\" \/>\n<meta property=\"og:locale\" content=\"lv_LV\" \/>\n<meta property=\"og:type\" content=\"article\" \/>\n<meta property=\"og:title\" content=\"EULA - Vondetech\" \/>\n<meta property=\"og:description\" content=\"[vc_row][vc_column][vc_empty_space][vc_column_text el_class=&#8221;legal-text&#8221;]SVAR\u012aGI \u2013 IZLASIET UZMAN\u012aGI: \u0160\u012b Lietot\u0101ja Licences L\u012bgums (&#8220;EULA&#8221;) ir juridiska vieno\u0161an\u0101s starp jums (&#8220;Lietot\u0101js&#8221; vai &#8220;j\u016bs&#8221;) un KMAK Kelet-Magyarorsz\u00e1gi Adatk\u00f6zpont Kft. (&#8220;Licenc\u0113t\u0101js&#8221; vai &#8220;m\u0113s&#8221;) par Vonde Pro lietotnes (&#8220;Lietotne&#8221;) lieto\u0161anu. Instal\u0113jot, kop\u0113jot vai cit\u0101di izmantojot Lietotni, j\u016bs piekr\u012btat iev\u0113rot \u0161\u012b EULA noteikumus. Ja nepiekr\u012btat \u0161iem noteikumiem, nelietojiet un neinstal\u0113jiet Lietotni. Licences pie\u0161\u0137ir\u0161ana: Licenc\u0113t\u0101js [&hellip;]\" \/>\n<meta property=\"og:url\" content=\"https:\/\/vondetech.com\/lv\/eula\/\" \/>\n<meta property=\"og:site_name\" content=\"Vondetech\" \/>\n<meta property=\"article:modified_time\" content=\"2025-04-29T12:39:16+00:00\" \/>\n<meta name=\"twitter:card\" content=\"summary_large_image\" \/>\n<meta name=\"twitter:label1\" content=\"Est. reading time\" \/>\n\t<meta name=\"twitter:data1\" content=\"3 minutes\" \/>\n<script type=\"application\/ld+json\" class=\"yoast-schema-graph\">{\"@context\":\"https:\/\/schema.org\",\"@graph\":[{\"@type\":\"WebPage\",\"@id\":\"https:\/\/vondetech.com\/lv\/eula\/\",\"url\":\"https:\/\/vondetech.com\/lv\/eula\/\",\"name\":\"EULA - Vondetech\",\"isPartOf\":{\"@id\":\"https:\/\/vondetech.com\/lv\/#website\"},\"datePublished\":\"2025-03-19T08:19:24+00:00\",\"dateModified\":\"2025-04-29T12:39:16+00:00\",\"breadcrumb\":{\"@id\":\"https:\/\/vondetech.com\/lv\/eula\/#breadcrumb\"},\"inLanguage\":\"lv-LV\",\"potentialAction\":[{\"@type\":\"ReadAction\",\"target\":[\"https:\/\/vondetech.com\/lv\/eula\/\"]}]},{\"@type\":\"BreadcrumbList\",\"@id\":\"https:\/\/vondetech.com\/lv\/eula\/#breadcrumb\",\"itemListElement\":[{\"@type\":\"ListItem\",\"position\":1,\"name\":\"Home\",\"item\":\"https:\/\/vondetech.com\/lv\/\"},{\"@type\":\"ListItem\",\"position\":2,\"name\":\"EULA\"}]},{\"@type\":\"WebSite\",\"@id\":\"https:\/\/vondetech.com\/lv\/#website\",\"url\":\"https:\/\/vondetech.com\/lv\/\",\"name\":\"Vondetech\",\"description\":\"\",\"potentialAction\":[{\"@type\":\"SearchAction\",\"target\":{\"@type\":\"EntryPoint\",\"urlTemplate\":\"https:\/\/vondetech.com\/lv\/?s={search_term_string}\"},\"query-input\":{\"@type\":\"PropertyValueSpecification\",\"valueRequired\":true,\"valueName\":\"search_term_string\"}}],\"inLanguage\":\"lv-LV\"}]}<\/script>\n<!-- \/ Yoast SEO plugin. -->","yoast_head_json":{"title":"EULA - Vondetech","robots":{"index":"index","follow":"follow","max-snippet":"max-snippet:-1","max-image-preview":"max-image-preview:large","max-video-preview":"max-video-preview:-1"},"canonical":"https:\/\/vondetech.com\/lv\/eula\/","og_locale":"lv_LV","og_type":"article","og_title":"EULA - Vondetech","og_description":"[vc_row][vc_column][vc_empty_space][vc_column_text el_class=&#8221;legal-text&#8221;]SVAR\u012aGI \u2013 IZLASIET UZMAN\u012aGI: \u0160\u012b Lietot\u0101ja Licences L\u012bgums (&#8220;EULA&#8221;) ir juridiska vieno\u0161an\u0101s starp jums (&#8220;Lietot\u0101js&#8221; vai &#8220;j\u016bs&#8221;) un KMAK Kelet-Magyarorsz\u00e1gi Adatk\u00f6zpont Kft. (&#8220;Licenc\u0113t\u0101js&#8221; vai &#8220;m\u0113s&#8221;) par Vonde Pro lietotnes (&#8220;Lietotne&#8221;) lieto\u0161anu. Instal\u0113jot, kop\u0113jot vai cit\u0101di izmantojot Lietotni, j\u016bs piekr\u012btat iev\u0113rot \u0161\u012b EULA noteikumus. Ja nepiekr\u012btat \u0161iem noteikumiem, nelietojiet un neinstal\u0113jiet Lietotni. Licences pie\u0161\u0137ir\u0161ana: Licenc\u0113t\u0101js [&hellip;]","og_url":"https:\/\/vondetech.com\/lv\/eula\/","og_site_name":"Vondetech","article_modified_time":"2025-04-29T12:39:16+00:00","twitter_card":"summary_large_image","twitter_misc":{"Est. reading time":"3 minutes"},"schema":{"@context":"https:\/\/schema.org","@graph":[{"@type":"WebPage","@id":"https:\/\/vondetech.com\/lv\/eula\/","url":"https:\/\/vondetech.com\/lv\/eula\/","name":"EULA - Vondetech","isPartOf":{"@id":"https:\/\/vondetech.com\/lv\/#website"},"datePublished":"2025-03-19T08:19:24+00:00","dateModified":"2025-04-29T12:39:16+00:00","breadcrumb":{"@id":"https:\/\/vondetech.com\/lv\/eula\/#breadcrumb"},"inLanguage":"lv-LV","potentialAction":[{"@type":"ReadAction","target":["https:\/\/vondetech.com\/lv\/eula\/"]}]},{"@type":"BreadcrumbList","@id":"https:\/\/vondetech.com\/lv\/eula\/#breadcrumb","itemListElement":[{"@type":"ListItem","position":1,"name":"Home","item":"https:\/\/vondetech.com\/lv\/"},{"@type":"ListItem","position":2,"name":"EULA"}]},{"@type":"WebSite","@id":"https:\/\/vondetech.com\/lv\/#website","url":"https:\/\/vondetech.com\/lv\/","name":"Vondetech","description":"","potentialAction":[{"@type":"SearchAction","target":{"@type":"EntryPoint","urlTemplate":"https:\/\/vondetech.com\/lv\/?s={search_term_string}"},"query-input":{"@type":"PropertyValueSpecification","valueRequired":true,"valueName":"search_term_string"}}],"inLanguage":"lv-LV"}]}},"_links":{"self":[{"href":"https:\/\/vondetech.com\/lv\/wp-json\/wp\/v2\/pages\/28956","targetHints":{"allow":["GET"]}}],"collection":[{"href":"https:\/\/vondetech.com\/lv\/wp-json\/wp\/v2\/pages"}],"about":[{"href":"https:\/\/vondetech.com\/lv\/wp-json\/wp\/v2\/types\/page"}],"author":[{"embeddable":true,"href":"https:\/\/vondetech.com\/lv\/wp-json\/wp\/v2\/users\/1"}],"replies":[{"embeddable":true,"href":"https:\/\/vondetech.com\/lv\/wp-json\/wp\/v2\/comments?post=28956"}],"version-history":[{"count":1,"href":"https:\/\/vondetech.com\/lv\/wp-json\/wp\/v2\/pages\/28956\/revisions"}],"predecessor-version":[{"id":28957,"href":"https:\/\/vondetech.com\/lv\/wp-json\/wp\/v2\/pages\/28956\/revisions\/28957"}],"wp:attachment":[{"href":"https:\/\/vondetech.com\/lv\/wp-json\/wp\/v2\/media?parent=28956"}],"curies":[{"name":"wp","href":"https:\/\/api.w.org\/{rel}","templated":true}]}}