{"id":28952,"date":"2024-05-23T15:17:28","date_gmt":"2024-05-23T13:17:28","guid":{"rendered":"https:\/\/vondetech.com\/?page_id=28952"},"modified":"2025-04-29T14:40:40","modified_gmt":"2025-04-29T12:40:40","slug":"sikfailu-politika-vonde-pro-timekla-vietnei","status":"publish","type":"page","link":"https:\/\/vondetech.com\/lv\/sikfailu-politika-vonde-pro-timekla-vietnei\/","title":{"rendered":"S\u012bkfailu politika Vonde Pro t\u012bmek\u013ca vietnei"},"content":{"rendered":"<div class=\"wpb-content-wrapper\"><p>[vc_row][vc_column][vc_empty_space][vc_column_text el_class=&#8221;legal-text&#8221;]<strong>Vonde Pro m\u0101jaslapas s\u012bkfailu politika<\/strong><\/p>\n<p><strong>Sp\u0113k\u0101 st\u0101\u0161an\u0101s datums:<\/strong> 2025. gada 17. marts<\/p>\n<ol>\n<li><strong> Ievads<\/strong><\/li>\n<\/ol>\n<p>\u0160\u012b s\u012bkfailu politika izskaidro, k\u0101 Vonde Technology (&#8220;m\u0113s&#8221;, &#8220;m\u016bsu&#8221; vai &#8220;m\u016bs&#8221;) izmanto s\u012bkfailus un l\u012bdz\u012bgas tehnolo\u0123ijas Vonde Pro m\u0101jaslap\u0101 (&#8220;M\u0101jaslapa&#8221;). \u0160\u012b politika neattiecas uz Vonde Pro mobilo lietotni, kurai ir sava atsevi\u0161\u0137a s\u012bkfailu politika.<\/p>\n<ol start=\"2\">\n<li><strong> Kas ir s\u012bkfaili?<\/strong><\/li>\n<\/ol>\n<p>S\u012bkfaili ir mazi teksta faili, kas tiek saglab\u0101ti j\u016bsu ier\u012bc\u0113, apmekl\u0113jot m\u016bsu M\u0101jaslapu. S\u012bkfaili pal\u012bdz mums analiz\u0113t m\u0101jaslapas datpl\u016bsmu un uzlabot lietot\u0101ja pieredzi.<\/p>\n<ol start=\"3\">\n<li><strong> M\u016bsu izmantoto s\u012bkfailu veidi<\/strong><\/li>\n<\/ol>\n<ul>\n<li><strong>Oblig\u0101tie s\u012bkfaili:<\/strong> \u0160ie s\u012bkfaili ir nepiecie\u0161ami, lai m\u0101jaslapa darbotos pareizi. Tie \u013cauj jums p\u0101rvietoties pa vietni, izmantot b\u016btiskas funkcijas, piem\u0113ram, pieteikties sav\u0101 kont\u0101, pievienot preces iepirkumu grozam un piek\u013c\u016bt aizsarg\u0101t\u0101m vietnes sada\u013c\u0101m.<\/li>\n<li><strong>Anal\u012btiskie s\u012bkfaili:<\/strong> Tie \u013cauj mums atpaz\u012bt un skait\u012bt apmekl\u0113t\u0101jus un redz\u0113t, k\u0101 vi\u0146i p\u0101rvietojas pa m\u0101jaslapu. Tas pal\u012bdz mums uzlabot m\u0101jaslapas lietojam\u012bbu un veiktsp\u0113ju. M\u0113s izmantojam Google Analytics, lai apkopotu inform\u0101ciju par to, k\u0101 apmekl\u0113t\u0101ji izmanto m\u016bsu m\u0101jaslapu. \u0160ie s\u012bkfaili apkopo t\u0101dus datus k\u0101 apmekl\u0113t\u0101ju skaits, apmekl\u0113t\u0101s lapas un laiks, ko vi\u0146i pavada katr\u0101 lap\u0101.<\/li>\n<\/ul>\n<ol start=\"4\">\n<li><strong> S\u012bkfailu izmanto\u0161anas m\u0113r\u0137is<\/strong><\/li>\n<\/ol>\n<p>M\u0113s izmantojam s\u012bkfailus tikai:<\/p>\n<ul>\n<li>Lai uzraudz\u012btu un analiz\u0113tu pamata apmekl\u0113t\u0101ju statistiku un m\u0101jaslapas izmanto\u0161anu.<\/li>\n<li>Lai uzlabotu M\u0101jaslapas kop\u0113jo veiktsp\u0113ju un lietot\u0101ja pieredzi.<\/li>\n<\/ul>\n<ol start=\"5\">\n<li><strong> Tre\u0161o pu\u0161u s\u012bkfaili<\/strong><\/li>\n<\/ol>\n<ul>\n<li><strong>Google Analytics:<\/strong> M\u0113s izmantojam Google Analytics, ko nodro\u0161ina Google LLC. Google Analytics izmanto s\u012bkfailus, lai v\u0101ktu inform\u0101ciju par j\u016bsu M\u0101jaslapas izmanto\u0161anu, ieskaitot j\u016bsu IP adresi. \u0160\u012b inform\u0101cija tiek p\u0101rs\u016bt\u012bta un glab\u0101ta Google serveros Amerikas Savienotaj\u0101s Valst\u012bs. Google izmanto \u0161o inform\u0101ciju, lai nov\u0113rt\u0113tu j\u016bsu M\u0101jaslapas izmanto\u0161anu, sagatavotu atskaites par aktivit\u0101ti un sniegtu citus ar interneta lieto\u0161anu saist\u012btus pakalpojumus. Google var ar\u012b nodot \u0161o inform\u0101ciju tre\u0161aj\u0101m person\u0101m, ja tas ir noteikts ar likumu, vai ja \u0161\u0101das personas apstr\u0101d\u0101 inform\u0101ciju Google v\u0101rd\u0101. Pla\u0161\u0101ku inform\u0101ciju par Google priv\u0101tuma praksi un to, k\u0101 Google izmanto s\u012bkfailus, varat atrast Google priv\u0101tuma politik\u0101: [Saite uz Google priv\u0101tuma politiku]<\/li>\n<\/ul>\n<ol start=\"6\">\n<li><strong> S\u012bkfailu p\u0101rvald\u012bba<\/strong><\/li>\n<\/ol>\n<p>J\u016bs varat kontrol\u0113t, blo\u0137\u0113t vai dz\u0113st s\u012bkfailus, izmantojot sava p\u0101rl\u016bka iestat\u012bjumus. Liel\u0101k\u0101 da\u013ca p\u0101rl\u016bku autom\u0101tiski pie\u0146em s\u012bkfailus, ta\u010du j\u016bs parasti varat main\u012bt p\u0101rl\u016bka iestat\u012bjumus, lai atteiktos no s\u012bkfailiem, ja v\u0113laties. L\u016bdzu, skatiet sava p\u0101rl\u016bka pal\u012bdz\u012bbas dokument\u0101ciju, lai ieg\u016btu instrukcijas par s\u012bkfailu p\u0101rvald\u012bbu. \u0160eit ir saites uz da\u017eiem popul\u0101riem p\u0101rl\u016bkiem:<\/p>\n<ul>\n<li>Google Chrome: [Saite uz Chrome s\u012bkfailu iestat\u012bjumu pal\u012bdz\u012bbas lapu]<\/li>\n<li>Mozilla Firefox: [Saite uz Firefox s\u012bkfailu iestat\u012bjumu pal\u012bdz\u012bbas lapu]<\/li>\n<li>Microsoft Edge: [Saite uz Edge s\u012bkfailu iestat\u012bjumu pal\u012bdz\u012bbas lapu]<\/li>\n<li>Apple Safari: [Saite uz Safari s\u012bkfailu iestat\u012bjumu pal\u012bdz\u012bbas lapu]<\/li>\n<\/ul>\n<p>S\u012bkfaili var b\u016bt sesijas vai past\u0101v\u012bgie. Sesijas s\u012bkfaili ir pagaidu s\u012bkfaili, kas tiek glab\u0101ti j\u016bsu ier\u012bc\u0113 l\u012bdz br\u012bdim, kad aizverat p\u0101rl\u016bku. Past\u0101v\u012bgie s\u012bkfaili paliek j\u016bsu ier\u012bc\u0113 ilg\u0101ku laiku vai l\u012bdz j\u016bs tos dz\u0113\u0161at.<\/p>\n<ol start=\"7\">\n<li><strong> Politikas atjaunin\u0101jumi<\/strong><\/li>\n<\/ol>\n<p>M\u0113s varam periodiski atjaunin\u0101t \u0161o s\u012bkfailu politiku. Izmai\u0146as tiks public\u0113tas \u0161aj\u0101 lap\u0101 ar atjaunin\u0101tu sp\u0113k\u0101 st\u0101\u0161an\u0101s datumu.<\/p>\n<ol start=\"8\">\n<li><strong> Sazinieties ar mums<\/strong><\/li>\n<\/ol>\n<p>Jaut\u0101jumu gad\u012bjum\u0101 par \u0161o s\u012bkfailu politiku, l\u016bdzu, sazinieties ar mums:<\/p>\n<p>KMAK Kelet-Magyarorsz\u00e1gi Adatk\u00f6zpont Kft.<\/p>\n<p>H-5000 Szolnok, Szap\u0101ry iela 20.<\/p>\n<p>E-pasts: info@vondetechnology.com<\/p>\n<p>Izmantojot m\u016bsu M\u0101jaslapu, j\u016bs piekr\u012btat s\u012bkfailu izmanto\u0161anai, k\u0101 aprakst\u012bts \u0161aj\u0101 s\u012bkfailu politik\u0101.[\/vc_column_text][\/vc_column][\/vc_row]<\/p>\n<\/div>","protected":false},"excerpt":{"rendered":"<p>[vc_row][vc_column][vc_empty_space][vc_column_text el_class=&#8221;legal-text&#8221;]Vonde Pro m\u0101jaslapas s\u012bkfailu politika Sp\u0113k\u0101 st\u0101\u0161an\u0101s datums: 2025. gada 17. marts Ievads \u0160\u012b s\u012bkfailu politika izskaidro, k\u0101 Vonde Technology (&#8220;m\u0113s&#8221;, &#8220;m\u016bsu&#8221; vai &#8220;m\u016bs&#8221;) izmanto s\u012bkfailus un l\u012bdz\u012bgas tehnolo\u0123ijas Vonde Pro m\u0101jaslap\u0101 (&#8220;M\u0101jaslapa&#8221;). \u0160\u012b politika neattiecas uz Vonde Pro mobilo lietotni, kurai ir sava atsevi\u0161\u0137a s\u012bkfailu politika. Kas ir s\u012bkfaili? S\u012bkfaili ir mazi teksta [&hellip;]<\/p>\n","protected":false},"author":1,"featured_media":0,"parent":0,"menu_order":0,"comment_status":"closed","ping_status":"closed","template":"","meta":{"footnotes":""},"class_list":["post-28952","page","type-page","status-publish","hentry"],"yoast_head":"<!-- This site is optimized with the Yoast SEO plugin v24.7 - https:\/\/yoast.com\/wordpress\/plugins\/seo\/ -->\n<title>S\u012bkfailu politika Vonde Pro t\u012bmek\u013ca vietnei - Vondetech<\/title>\n<meta name=\"robots\" content=\"index, follow, max-snippet:-1, max-image-preview:large, max-video-preview:-1\" \/>\n<link rel=\"canonical\" href=\"https:\/\/vondetech.com\/lv\/sikfailu-politika-vonde-pro-timekla-vietnei\/\" \/>\n<meta property=\"og:locale\" content=\"lv_LV\" \/>\n<meta property=\"og:type\" content=\"article\" \/>\n<meta property=\"og:title\" content=\"S\u012bkfailu politika Vonde Pro t\u012bmek\u013ca vietnei - Vondetech\" \/>\n<meta property=\"og:description\" content=\"[vc_row][vc_column][vc_empty_space][vc_column_text el_class=&#8221;legal-text&#8221;]Vonde Pro m\u0101jaslapas s\u012bkfailu politika Sp\u0113k\u0101 st\u0101\u0161an\u0101s datums: 2025. gada 17. marts Ievads \u0160\u012b s\u012bkfailu politika izskaidro, k\u0101 Vonde Technology (&#8220;m\u0113s&#8221;, &#8220;m\u016bsu&#8221; vai &#8220;m\u016bs&#8221;) izmanto s\u012bkfailus un l\u012bdz\u012bgas tehnolo\u0123ijas Vonde Pro m\u0101jaslap\u0101 (&#8220;M\u0101jaslapa&#8221;). \u0160\u012b politika neattiecas uz Vonde Pro mobilo lietotni, kurai ir sava atsevi\u0161\u0137a s\u012bkfailu politika. Kas ir s\u012bkfaili? S\u012bkfaili ir mazi teksta [&hellip;]\" \/>\n<meta property=\"og:url\" content=\"https:\/\/vondetech.com\/lv\/sikfailu-politika-vonde-pro-timekla-vietnei\/\" \/>\n<meta property=\"og:site_name\" content=\"Vondetech\" \/>\n<meta property=\"article:modified_time\" content=\"2025-04-29T12:40:40+00:00\" \/>\n<meta name=\"twitter:card\" content=\"summary_large_image\" \/>\n<meta name=\"twitter:label1\" content=\"Est. reading time\" \/>\n\t<meta name=\"twitter:data1\" content=\"3 minutes\" \/>\n<script type=\"application\/ld+json\" class=\"yoast-schema-graph\">{\"@context\":\"https:\/\/schema.org\",\"@graph\":[{\"@type\":\"WebPage\",\"@id\":\"https:\/\/vondetech.com\/lv\/sikfailu-politika-vonde-pro-timekla-vietnei\/\",\"url\":\"https:\/\/vondetech.com\/lv\/sikfailu-politika-vonde-pro-timekla-vietnei\/\",\"name\":\"S\u012bkfailu politika Vonde Pro t\u012bmek\u013ca vietnei - Vondetech\",\"isPartOf\":{\"@id\":\"https:\/\/vondetech.com\/lv\/#website\"},\"datePublished\":\"2024-05-23T13:17:28+00:00\",\"dateModified\":\"2025-04-29T12:40:40+00:00\",\"breadcrumb\":{\"@id\":\"https:\/\/vondetech.com\/lv\/sikfailu-politika-vonde-pro-timekla-vietnei\/#breadcrumb\"},\"inLanguage\":\"lv-LV\",\"potentialAction\":[{\"@type\":\"ReadAction\",\"target\":[\"https:\/\/vondetech.com\/lv\/sikfailu-politika-vonde-pro-timekla-vietnei\/\"]}]},{\"@type\":\"BreadcrumbList\",\"@id\":\"https:\/\/vondetech.com\/lv\/sikfailu-politika-vonde-pro-timekla-vietnei\/#breadcrumb\",\"itemListElement\":[{\"@type\":\"ListItem\",\"position\":1,\"name\":\"Home\",\"item\":\"https:\/\/vondetech.com\/lv\/\"},{\"@type\":\"ListItem\",\"position\":2,\"name\":\"S\u012bkfailu politika Vonde Pro t\u012bmek\u013ca vietnei\"}]},{\"@type\":\"WebSite\",\"@id\":\"https:\/\/vondetech.com\/lv\/#website\",\"url\":\"https:\/\/vondetech.com\/lv\/\",\"name\":\"Vondetech\",\"description\":\"\",\"potentialAction\":[{\"@type\":\"SearchAction\",\"target\":{\"@type\":\"EntryPoint\",\"urlTemplate\":\"https:\/\/vondetech.com\/lv\/?s={search_term_string}\"},\"query-input\":{\"@type\":\"PropertyValueSpecification\",\"valueRequired\":true,\"valueName\":\"search_term_string\"}}],\"inLanguage\":\"lv-LV\"}]}<\/script>\n<!-- \/ Yoast SEO plugin. -->","yoast_head_json":{"title":"S\u012bkfailu politika Vonde Pro t\u012bmek\u013ca vietnei - Vondetech","robots":{"index":"index","follow":"follow","max-snippet":"max-snippet:-1","max-image-preview":"max-image-preview:large","max-video-preview":"max-video-preview:-1"},"canonical":"https:\/\/vondetech.com\/lv\/sikfailu-politika-vonde-pro-timekla-vietnei\/","og_locale":"lv_LV","og_type":"article","og_title":"S\u012bkfailu politika Vonde Pro t\u012bmek\u013ca vietnei - Vondetech","og_description":"[vc_row][vc_column][vc_empty_space][vc_column_text el_class=&#8221;legal-text&#8221;]Vonde Pro m\u0101jaslapas s\u012bkfailu politika Sp\u0113k\u0101 st\u0101\u0161an\u0101s datums: 2025. gada 17. marts Ievads \u0160\u012b s\u012bkfailu politika izskaidro, k\u0101 Vonde Technology (&#8220;m\u0113s&#8221;, &#8220;m\u016bsu&#8221; vai &#8220;m\u016bs&#8221;) izmanto s\u012bkfailus un l\u012bdz\u012bgas tehnolo\u0123ijas Vonde Pro m\u0101jaslap\u0101 (&#8220;M\u0101jaslapa&#8221;). \u0160\u012b politika neattiecas uz Vonde Pro mobilo lietotni, kurai ir sava atsevi\u0161\u0137a s\u012bkfailu politika. Kas ir s\u012bkfaili? S\u012bkfaili ir mazi teksta [&hellip;]","og_url":"https:\/\/vondetech.com\/lv\/sikfailu-politika-vonde-pro-timekla-vietnei\/","og_site_name":"Vondetech","article_modified_time":"2025-04-29T12:40:40+00:00","twitter_card":"summary_large_image","twitter_misc":{"Est. reading time":"3 minutes"},"schema":{"@context":"https:\/\/schema.org","@graph":[{"@type":"WebPage","@id":"https:\/\/vondetech.com\/lv\/sikfailu-politika-vonde-pro-timekla-vietnei\/","url":"https:\/\/vondetech.com\/lv\/sikfailu-politika-vonde-pro-timekla-vietnei\/","name":"S\u012bkfailu politika Vonde Pro t\u012bmek\u013ca vietnei - Vondetech","isPartOf":{"@id":"https:\/\/vondetech.com\/lv\/#website"},"datePublished":"2024-05-23T13:17:28+00:00","dateModified":"2025-04-29T12:40:40+00:00","breadcrumb":{"@id":"https:\/\/vondetech.com\/lv\/sikfailu-politika-vonde-pro-timekla-vietnei\/#breadcrumb"},"inLanguage":"lv-LV","potentialAction":[{"@type":"ReadAction","target":["https:\/\/vondetech.com\/lv\/sikfailu-politika-vonde-pro-timekla-vietnei\/"]}]},{"@type":"BreadcrumbList","@id":"https:\/\/vondetech.com\/lv\/sikfailu-politika-vonde-pro-timekla-vietnei\/#breadcrumb","itemListElement":[{"@type":"ListItem","position":1,"name":"Home","item":"https:\/\/vondetech.com\/lv\/"},{"@type":"ListItem","position":2,"name":"S\u012bkfailu politika Vonde Pro t\u012bmek\u013ca vietnei"}]},{"@type":"WebSite","@id":"https:\/\/vondetech.com\/lv\/#website","url":"https:\/\/vondetech.com\/lv\/","name":"Vondetech","description":"","potentialAction":[{"@type":"SearchAction","target":{"@type":"EntryPoint","urlTemplate":"https:\/\/vondetech.com\/lv\/?s={search_term_string}"},"query-input":{"@type":"PropertyValueSpecification","valueRequired":true,"valueName":"search_term_string"}}],"inLanguage":"lv-LV"}]}},"_links":{"self":[{"href":"https:\/\/vondetech.com\/lv\/wp-json\/wp\/v2\/pages\/28952","targetHints":{"allow":["GET"]}}],"collection":[{"href":"https:\/\/vondetech.com\/lv\/wp-json\/wp\/v2\/pages"}],"about":[{"href":"https:\/\/vondetech.com\/lv\/wp-json\/wp\/v2\/types\/page"}],"author":[{"embeddable":true,"href":"https:\/\/vondetech.com\/lv\/wp-json\/wp\/v2\/users\/1"}],"replies":[{"embeddable":true,"href":"https:\/\/vondetech.com\/lv\/wp-json\/wp\/v2\/comments?post=28952"}],"version-history":[{"count":1,"href":"https:\/\/vondetech.com\/lv\/wp-json\/wp\/v2\/pages\/28952\/revisions"}],"predecessor-version":[{"id":28953,"href":"https:\/\/vondetech.com\/lv\/wp-json\/wp\/v2\/pages\/28952\/revisions\/28953"}],"wp:attachment":[{"href":"https:\/\/vondetech.com\/lv\/wp-json\/wp\/v2\/media?parent=28952"}],"curies":[{"name":"wp","href":"https:\/\/api.w.org\/{rel}","templated":true}]}}