{"id":28949,"date":"2025-03-19T09:18:12","date_gmt":"2025-03-19T08:18:12","guid":{"rendered":"https:\/\/vondetech.com\/?page_id=28949"},"modified":"2025-04-29T14:40:19","modified_gmt":"2025-04-29T12:40:19","slug":"sikfailu-politika-vonde-pro-mobilajai-lietotnei","status":"publish","type":"page","link":"https:\/\/vondetech.com\/lv\/sikfailu-politika-vonde-pro-mobilajai-lietotnei\/","title":{"rendered":"S\u012bkfailu politika Vonde Pro mobilajai lietotnei"},"content":{"rendered":"<div class=\"wpb-content-wrapper\"><p>[vc_row][vc_column][vc_empty_space][vc_column_text el_class=&#8221;legal-text&#8221;]<strong>Sp\u0113k\u0101 st\u0101\u0161an\u0101s datums:<\/strong> 2025. gada 17. marts<\/p>\n<ol>\n<li><strong> Ievads<\/strong><\/li>\n<\/ol>\n<p>\u0160\u012b s\u012bkfailu politika izskaidro, k\u0101 Vonde Technology (&#8220;m\u0113s&#8221;, &#8220;m\u016bsu&#8221; vai &#8220;m\u016bs&#8221;) izmanto s\u012bkfailus un l\u012bdz\u012bgas tehnolo\u0123ijas Vonde Pro mobilaj\u0101 lietotn\u0113 (&#8220;Lietotne&#8221;). \u0160\u012b politika attiecas tie\u0161i uz Lietotni un at\u0161\u0137iras no m\u016bsu m\u0101jaslapas s\u012bkfailu politikas.<\/p>\n<ol start=\"2\">\n<li><strong> Kas ir s\u012bkfaili un izseko\u0161anas tehnolo\u0123ijas?<\/strong><\/li>\n<\/ol>\n<p>Mobilaj\u0101s lietotn\u0113s s\u012bkfaili un izseko\u0161anas tehnolo\u0123ijas ietver ier\u012bces identifikatorus, pikse\u013cus un lok\u0101lo kr\u0101tuvi, kas v\u0101c un glab\u0101 datus par j\u016bsu ier\u012bci un lietotnes izmanto\u0161anu.<\/p>\n<ol start=\"3\">\n<li><strong> S\u012bkfailu un izseko\u0161anas tehnolo\u0123iju veidi, ko m\u0113s izmantojam<\/strong><\/li>\n<\/ol>\n<ul>\n<li><strong>Oblig\u0101t\u0101s tehnolo\u0123ijas:<\/strong> \u0160\u012bs tehnolo\u0123ijas ir nepiecie\u0161amas, lai nodro\u0161in\u0101tu Lietotnes pamatfunkcionalit\u0101ti, piem\u0113ram, lietot\u0101ja autentifik\u0101ciju, dro\u0161\u012bbas funkcijas un lietotnes veiktsp\u0113ju. \u0160\u012bs tehnolo\u0123ijas nev\u0101c person\u012bgos datus.<\/li>\n<li><strong>Anal\u012btisk\u0101s tehnolo\u0123ijas:<\/strong> M\u0113s izmantojam Firebase Analytics, Firebase Performance Monitoring un Firebase Crashlytics, lai analiz\u0113tu lietot\u0101ju mijiedarb\u012bbu, diagnostic\u0113tu k\u013c\u016bmes un uzraudz\u012btu veiktsp\u0113ju, lai uzlabotu lietotnes kvalit\u0101ti. \u0160\u012bs tehnolo\u0123ijas apkopo anonimiz\u0113tus datus par lietot\u0101ja mijiedarb\u012bbu, lietotnes izmanto\u0161anu un ier\u012bces inform\u0101ciju, lai pal\u012bdz\u0113tu mums saprast, k\u0101 lietot\u0101ji mijiedarbojas ar Lietotni un identific\u0113t uzlabo\u0161anas iesp\u0113jas.<\/li>\n<li><strong>Rekl\u0101mas tehnolo\u0123ijas:<\/strong> Google AdMob v\u0101c ier\u012bces identifikatorus un lietotnes izmanto\u0161anas datus, lai r\u0101d\u012btu personaliz\u0113tas rekl\u0101mas, kas piel\u0101gotas lietot\u0101ja interes\u0113m. Google AdMob izmanto ier\u012bces rekl\u0101mas identifikatoru, lai personaliz\u0113tu rekl\u0101mas. J\u016bs varat kontrol\u0113t \u0161\u012b identifikatora izmanto\u0161anu savas ier\u012bces iestat\u012bjumos.<\/li>\n<\/ul>\n<ol start=\"4\">\n<li><strong> Izseko\u0161anas tehnolo\u0123iju izmanto\u0161anas m\u0113r\u0137i<\/strong><\/li>\n<\/ol>\n<p>M\u0113s izmantojam \u0161\u012bs tehnolo\u0123ijas, lai:<\/p>\n<ul>\n<li>Nodro\u0161in\u0101tu b\u016btisku lietotnes funkcionalit\u0101ti.<\/li>\n<li>Uzraudz\u012btu un uzlabotu lietotnes veiktsp\u0113ju un stabilit\u0101ti.<\/li>\n<li>Pieg\u0101d\u0101tu personaliz\u0113tas rekl\u0101mas, izmantojot Google AdMob.<\/li>\n<li>Analiz\u0113tu lietot\u0101ju mijiedarb\u012bbu, lai uzlabotu lietot\u0101ja pieredzi un optimiz\u0113tu lietotnes funkcionalit\u0101ti.<\/li>\n<\/ul>\n<ol start=\"5\">\n<li><strong> S\u012bkfailu un preferen\u010du p\u0101rvald\u012bba<\/strong><\/li>\n<\/ol>\n<p>J\u016bs varat kontrol\u0113t s\u012bkfailu un izseko\u0161anas tehnolo\u0123iju izmanto\u0161anu savas ier\u012bces iestat\u012bjumos.<\/p>\n<ul>\n<li><strong>Android ier\u012bc\u0113s:<\/strong> J\u016bs varat atteikties no personaliz\u0113t\u0101m rekl\u0101m\u0101m, aktiviz\u0113jot &#8220;Opt out of Ads Personalization&#8221; savas ier\u012bces iestat\u012bjumos. J\u016bs varat ar\u012b kontrol\u0113t anal\u012btisko datu v\u0101k\u0161anu savas ier\u012bces priv\u0101tuma iestat\u012bjumos.<\/li>\n<li><strong>iOS ier\u012bc\u0113s:<\/strong> J\u016bs varat ierobe\u017eot rekl\u0101mu izseko\u0161anu, aktiviz\u0113jot &#8220;Limit Ad Tracking&#8221; savas ier\u012bces iestat\u012bjumos. J\u016bs varat ar\u012b kontrol\u0113t anal\u012btisko datu v\u0101k\u0161anu savas ier\u012bces priv\u0101tuma iestat\u012bjumos.<\/li>\n<li>L\u016bdzu, skatiet savas ier\u012bces pal\u012bdz\u012bbas dokument\u0101ciju, lai ieg\u016btu vair\u0101k inform\u0101cijas par priv\u0101tuma iestat\u012bjumu p\u0101rvald\u012bbu.<\/li>\n<\/ul>\n<p>Da\u017eas no \u0161\u012bm tehnolo\u0123ij\u0101m ir sesijas b\u0101z\u0113tas, kas noz\u012bm\u0113, ka t\u0101s tiek dz\u0113stas, kad aizverat Lietotni. Citas ir past\u0101v\u012bgas un paliek j\u016bsu ier\u012bc\u0113 ilg\u0101ku laiku.<\/p>\n<ol start=\"6\">\n<li><strong> Tre\u0161o pu\u0161u pakalpojumu sniedz\u0113ji<\/strong><\/li>\n<\/ol>\n<p>M\u0113s izmantojam \u0161\u0101dus tre\u0161o pu\u0161u pakalpojumu sniedz\u0113jus, kas izmanto s\u012bkfailus vai izseko\u0161anas tehnolo\u0123ijas:<\/p>\n<ul>\n<li><strong>Google Firebase:<\/strong> M\u0113s izmantojam Google Firebase pakalpojumus, tostarp Firebase Analytics, Firebase Crashlytics un Firebase Performance Monitoring. \u0160ie pakalpojumi izmanto tehnolo\u0123ijas, lai v\u0101ktu un apstr\u0101d\u0101tu datus par j\u016bsu Lietotnes izmanto\u0161anu. Pla\u0161\u0101ku inform\u0101ciju par Google priv\u0101tuma praksi un to, k\u0101 Google izmanto datus, varat atrast Google priv\u0101tuma politik\u0101: [Saite uz Google priv\u0101tuma politiku]<\/li>\n<li><strong>Google AdMob:<\/strong> M\u0113s izmantojam Google AdMob, lai Lietotn\u0113 r\u0101d\u012btu personaliz\u0113tas rekl\u0101mas. Google AdMob izmanto tehnolo\u0123ijas, lai v\u0101ktu un apstr\u0101d\u0101tu datus par j\u016bsu Lietotnes izmanto\u0161anu un ier\u012bci. Pla\u0161\u0101ku inform\u0101ciju par Google priv\u0101tuma praksi un to, k\u0101 Google izmanto datus, varat atrast Google priv\u0101tuma politik\u0101: [Saite uz Google priv\u0101tuma politiku]<\/li>\n<\/ul>\n<p>Visi tre\u0161ie puses pakalpojumu sniedz\u0113ji stingri iev\u0113ro datu aizsardz\u012bbas standartus un apstr\u0101d\u0101 datus tikai nor\u0101d\u012btajiem m\u0113r\u0137iem.<\/p>\n<ol start=\"7\">\n<li><strong> Politikas atjaunin\u0101jumi<\/strong><\/li>\n<\/ol>\n<p>\u0160\u012b s\u012bkfailu politika var periodiski tikt atjaunin\u0101ta. B\u016btiskas izmai\u0146as tiks pazi\u0146otas, izmantojot lietotnes pazi\u0146ojumus vai e-pastu.<\/p>\n<ol start=\"8\">\n<li><strong> Kontaktinform\u0101cija<\/strong><\/li>\n<\/ol>\n<p>Jaut\u0101jumu vai neskaidr\u012bbu gad\u012bjum\u0101 par \u0161o s\u012bkfailu politiku, l\u016bdzu, sazinieties ar mums:<\/p>\n<p>KMAK Kelet-Magyarorsz\u00e1gi Adatk\u00f6zpont Kft.<\/p>\n<p>H-5000 Szolnok, Szap\u00e1ry iela 20.<\/p>\n<p>E-pasts: info@vondetechnology.com<\/p>\n<p>Izmantojot Vonde Pro Lietotni, j\u016bs piekr\u012btat s\u012bkfailu un izseko\u0161anas tehnolo\u0123iju izmanto\u0161anai, k\u0101 aprakst\u012bts \u0161aj\u0101 s\u012bkfailu politik\u0101.[\/vc_column_text][\/vc_column][\/vc_row]<\/p>\n<\/div>","protected":false},"excerpt":{"rendered":"<p>[vc_row][vc_column][vc_empty_space][vc_column_text el_class=&#8221;legal-text&#8221;]Sp\u0113k\u0101 st\u0101\u0161an\u0101s datums: 2025. gada 17. marts Ievads \u0160\u012b s\u012bkfailu politika izskaidro, k\u0101 Vonde Technology (&#8220;m\u0113s&#8221;, &#8220;m\u016bsu&#8221; vai &#8220;m\u016bs&#8221;) izmanto s\u012bkfailus un l\u012bdz\u012bgas tehnolo\u0123ijas Vonde Pro mobilaj\u0101 lietotn\u0113 (&#8220;Lietotne&#8221;). \u0160\u012b politika attiecas tie\u0161i uz Lietotni un at\u0161\u0137iras no m\u016bsu m\u0101jaslapas s\u012bkfailu politikas. Kas ir s\u012bkfaili un izseko\u0161anas tehnolo\u0123ijas? Mobilaj\u0101s lietotn\u0113s s\u012bkfaili un izseko\u0161anas tehnolo\u0123ijas [&hellip;]<\/p>\n","protected":false},"author":1,"featured_media":0,"parent":0,"menu_order":0,"comment_status":"closed","ping_status":"closed","template":"","meta":{"footnotes":""},"class_list":["post-28949","page","type-page","status-publish","hentry"],"yoast_head":"<!-- This site is optimized with the Yoast SEO plugin v24.7 - https:\/\/yoast.com\/wordpress\/plugins\/seo\/ -->\n<title>S\u012bkfailu politika Vonde Pro mobilajai lietotnei - Vondetech<\/title>\n<meta name=\"robots\" content=\"index, follow, max-snippet:-1, max-image-preview:large, max-video-preview:-1\" \/>\n<link rel=\"canonical\" href=\"https:\/\/vondetech.com\/lv\/sikfailu-politika-vonde-pro-mobilajai-lietotnei\/\" \/>\n<meta property=\"og:locale\" content=\"lv_LV\" \/>\n<meta property=\"og:type\" content=\"article\" \/>\n<meta property=\"og:title\" content=\"S\u012bkfailu politika Vonde Pro mobilajai lietotnei - Vondetech\" \/>\n<meta property=\"og:description\" content=\"[vc_row][vc_column][vc_empty_space][vc_column_text el_class=&#8221;legal-text&#8221;]Sp\u0113k\u0101 st\u0101\u0161an\u0101s datums: 2025. gada 17. marts Ievads \u0160\u012b s\u012bkfailu politika izskaidro, k\u0101 Vonde Technology (&#8220;m\u0113s&#8221;, &#8220;m\u016bsu&#8221; vai &#8220;m\u016bs&#8221;) izmanto s\u012bkfailus un l\u012bdz\u012bgas tehnolo\u0123ijas Vonde Pro mobilaj\u0101 lietotn\u0113 (&#8220;Lietotne&#8221;). \u0160\u012b politika attiecas tie\u0161i uz Lietotni un at\u0161\u0137iras no m\u016bsu m\u0101jaslapas s\u012bkfailu politikas. Kas ir s\u012bkfaili un izseko\u0161anas tehnolo\u0123ijas? Mobilaj\u0101s lietotn\u0113s s\u012bkfaili un izseko\u0161anas tehnolo\u0123ijas [&hellip;]\" \/>\n<meta property=\"og:url\" content=\"https:\/\/vondetech.com\/lv\/sikfailu-politika-vonde-pro-mobilajai-lietotnei\/\" \/>\n<meta property=\"og:site_name\" content=\"Vondetech\" \/>\n<meta property=\"article:modified_time\" content=\"2025-04-29T12:40:19+00:00\" \/>\n<meta name=\"twitter:card\" content=\"summary_large_image\" \/>\n<meta name=\"twitter:label1\" content=\"Est. reading time\" \/>\n\t<meta name=\"twitter:data1\" content=\"3 minutes\" \/>\n<script type=\"application\/ld+json\" class=\"yoast-schema-graph\">{\"@context\":\"https:\/\/schema.org\",\"@graph\":[{\"@type\":\"WebPage\",\"@id\":\"https:\/\/vondetech.com\/lv\/sikfailu-politika-vonde-pro-mobilajai-lietotnei\/\",\"url\":\"https:\/\/vondetech.com\/lv\/sikfailu-politika-vonde-pro-mobilajai-lietotnei\/\",\"name\":\"S\u012bkfailu politika Vonde Pro mobilajai lietotnei - Vondetech\",\"isPartOf\":{\"@id\":\"https:\/\/vondetech.com\/lv\/#website\"},\"datePublished\":\"2025-03-19T08:18:12+00:00\",\"dateModified\":\"2025-04-29T12:40:19+00:00\",\"breadcrumb\":{\"@id\":\"https:\/\/vondetech.com\/lv\/sikfailu-politika-vonde-pro-mobilajai-lietotnei\/#breadcrumb\"},\"inLanguage\":\"lv-LV\",\"potentialAction\":[{\"@type\":\"ReadAction\",\"target\":[\"https:\/\/vondetech.com\/lv\/sikfailu-politika-vonde-pro-mobilajai-lietotnei\/\"]}]},{\"@type\":\"BreadcrumbList\",\"@id\":\"https:\/\/vondetech.com\/lv\/sikfailu-politika-vonde-pro-mobilajai-lietotnei\/#breadcrumb\",\"itemListElement\":[{\"@type\":\"ListItem\",\"position\":1,\"name\":\"Home\",\"item\":\"https:\/\/vondetech.com\/lv\/\"},{\"@type\":\"ListItem\",\"position\":2,\"name\":\"S\u012bkfailu politika Vonde Pro mobilajai lietotnei\"}]},{\"@type\":\"WebSite\",\"@id\":\"https:\/\/vondetech.com\/lv\/#website\",\"url\":\"https:\/\/vondetech.com\/lv\/\",\"name\":\"Vondetech\",\"description\":\"\",\"potentialAction\":[{\"@type\":\"SearchAction\",\"target\":{\"@type\":\"EntryPoint\",\"urlTemplate\":\"https:\/\/vondetech.com\/lv\/?s={search_term_string}\"},\"query-input\":{\"@type\":\"PropertyValueSpecification\",\"valueRequired\":true,\"valueName\":\"search_term_string\"}}],\"inLanguage\":\"lv-LV\"}]}<\/script>\n<!-- \/ Yoast SEO plugin. -->","yoast_head_json":{"title":"S\u012bkfailu politika Vonde Pro mobilajai lietotnei - Vondetech","robots":{"index":"index","follow":"follow","max-snippet":"max-snippet:-1","max-image-preview":"max-image-preview:large","max-video-preview":"max-video-preview:-1"},"canonical":"https:\/\/vondetech.com\/lv\/sikfailu-politika-vonde-pro-mobilajai-lietotnei\/","og_locale":"lv_LV","og_type":"article","og_title":"S\u012bkfailu politika Vonde Pro mobilajai lietotnei - Vondetech","og_description":"[vc_row][vc_column][vc_empty_space][vc_column_text el_class=&#8221;legal-text&#8221;]Sp\u0113k\u0101 st\u0101\u0161an\u0101s datums: 2025. gada 17. marts Ievads \u0160\u012b s\u012bkfailu politika izskaidro, k\u0101 Vonde Technology (&#8220;m\u0113s&#8221;, &#8220;m\u016bsu&#8221; vai &#8220;m\u016bs&#8221;) izmanto s\u012bkfailus un l\u012bdz\u012bgas tehnolo\u0123ijas Vonde Pro mobilaj\u0101 lietotn\u0113 (&#8220;Lietotne&#8221;). \u0160\u012b politika attiecas tie\u0161i uz Lietotni un at\u0161\u0137iras no m\u016bsu m\u0101jaslapas s\u012bkfailu politikas. Kas ir s\u012bkfaili un izseko\u0161anas tehnolo\u0123ijas? Mobilaj\u0101s lietotn\u0113s s\u012bkfaili un izseko\u0161anas tehnolo\u0123ijas [&hellip;]","og_url":"https:\/\/vondetech.com\/lv\/sikfailu-politika-vonde-pro-mobilajai-lietotnei\/","og_site_name":"Vondetech","article_modified_time":"2025-04-29T12:40:19+00:00","twitter_card":"summary_large_image","twitter_misc":{"Est. reading time":"3 minutes"},"schema":{"@context":"https:\/\/schema.org","@graph":[{"@type":"WebPage","@id":"https:\/\/vondetech.com\/lv\/sikfailu-politika-vonde-pro-mobilajai-lietotnei\/","url":"https:\/\/vondetech.com\/lv\/sikfailu-politika-vonde-pro-mobilajai-lietotnei\/","name":"S\u012bkfailu politika Vonde Pro mobilajai lietotnei - Vondetech","isPartOf":{"@id":"https:\/\/vondetech.com\/lv\/#website"},"datePublished":"2025-03-19T08:18:12+00:00","dateModified":"2025-04-29T12:40:19+00:00","breadcrumb":{"@id":"https:\/\/vondetech.com\/lv\/sikfailu-politika-vonde-pro-mobilajai-lietotnei\/#breadcrumb"},"inLanguage":"lv-LV","potentialAction":[{"@type":"ReadAction","target":["https:\/\/vondetech.com\/lv\/sikfailu-politika-vonde-pro-mobilajai-lietotnei\/"]}]},{"@type":"BreadcrumbList","@id":"https:\/\/vondetech.com\/lv\/sikfailu-politika-vonde-pro-mobilajai-lietotnei\/#breadcrumb","itemListElement":[{"@type":"ListItem","position":1,"name":"Home","item":"https:\/\/vondetech.com\/lv\/"},{"@type":"ListItem","position":2,"name":"S\u012bkfailu politika Vonde Pro mobilajai lietotnei"}]},{"@type":"WebSite","@id":"https:\/\/vondetech.com\/lv\/#website","url":"https:\/\/vondetech.com\/lv\/","name":"Vondetech","description":"","potentialAction":[{"@type":"SearchAction","target":{"@type":"EntryPoint","urlTemplate":"https:\/\/vondetech.com\/lv\/?s={search_term_string}"},"query-input":{"@type":"PropertyValueSpecification","valueRequired":true,"valueName":"search_term_string"}}],"inLanguage":"lv-LV"}]}},"_links":{"self":[{"href":"https:\/\/vondetech.com\/lv\/wp-json\/wp\/v2\/pages\/28949","targetHints":{"allow":["GET"]}}],"collection":[{"href":"https:\/\/vondetech.com\/lv\/wp-json\/wp\/v2\/pages"}],"about":[{"href":"https:\/\/vondetech.com\/lv\/wp-json\/wp\/v2\/types\/page"}],"author":[{"embeddable":true,"href":"https:\/\/vondetech.com\/lv\/wp-json\/wp\/v2\/users\/1"}],"replies":[{"embeddable":true,"href":"https:\/\/vondetech.com\/lv\/wp-json\/wp\/v2\/comments?post=28949"}],"version-history":[{"count":1,"href":"https:\/\/vondetech.com\/lv\/wp-json\/wp\/v2\/pages\/28949\/revisions"}],"predecessor-version":[{"id":28950,"href":"https:\/\/vondetech.com\/lv\/wp-json\/wp\/v2\/pages\/28949\/revisions\/28950"}],"wp:attachment":[{"href":"https:\/\/vondetech.com\/lv\/wp-json\/wp\/v2\/media?parent=28949"}],"curies":[{"name":"wp","href":"https:\/\/api.w.org\/{rel}","templated":true}]}}