{"id":20989,"date":"2025-03-19T09:20:16","date_gmt":"2025-03-19T08:20:16","guid":{"rendered":"https:\/\/vondetech.com\/atspaudas-vonde-pro-programelei\/"},"modified":"2025-03-20T15:59:49","modified_gmt":"2025-03-20T14:59:49","slug":"atspaudas-vonde-pro-programelei","status":"publish","type":"page","link":"https:\/\/vondetech.com\/lt\/atspaudas-vonde-pro-programelei\/","title":{"rendered":"Atspaudas &#8220;Vonde Pro&#8221; program\u0117lei"},"content":{"rendered":"<div class=\"wpb-content-wrapper\"><p>[vc_row][vc_column][vc_empty_space][vc_column_text el_class=&#8221;legal-text&#8221;]<strong>Informacija apie \u012fmon\u0119:<\/strong><\/p>\n<p>&#8220;Vonde Technology<\/p>\n<p><strong>Apie &#8220;Vonde Technology LLC&#8221;:<\/strong><\/p>\n<p>&#8220;Vonde Pro App&#8221; &#8211; tai novatori\u0161ka mobilioji program\u0117l\u0117, sukurta ir veikianti bendradarbiaujant dviem subjektams:<\/p>\n<ul>\n<li>&#8220;Vonde Technology LLC&#8221; (JAV) valdo pasaulines rinkas ir tarptautin\u0119 pl\u0117tr\u0105.<\/li>\n<li>KMAK Kelet-Magyarorsz\u00e1gi Adatk\u00f6zpont Kft. (Europa, Vengrija) vykdo pl\u0117tros ir susijusias veiklos u\u017eduotis.<\/li>\n<\/ul>\n<p><strong>Valdo:<\/strong><\/p>\n<p>KMAK Kelet-Magyarorsz\u00e1gi Adatk\u00f6zpont Kft.<\/p>\n<p><strong>Registracijos adresas:<\/strong><\/p>\n<p>H-5000 Szolnok, Szap\u00e1ry utca 20. Vengrija<\/p>\n<p><strong>Kontaktin\u0117 informacija:<\/strong><\/p>\n<p>El. pa\u0161tas: info@vondetechnology.com<\/p>\n<p><strong>Valdantysis direktorius:<\/strong><\/p>\n<p>Laszlo Berta<\/p>\n<p><strong>\u012emon\u0117s registracija:<\/strong><\/p>\n<p>D-U-N-S: 401605625<\/p>\n<p>Teismo kanceliarija: [nurodyti registracijos teism\u0105, pvz., Szolnoko apylink\u0117s teismas]<\/p>\n<p><strong>PVM mok\u0117tojo kodas:<\/strong><\/p>\n<p>HU24373427<\/p>\n<p><strong>Duomen\u0173 apsaugos pareig\u016bnas:<\/strong><\/p>\n<p>Duomen\u0173 apsaugos klausimais kreipkit\u0117s \u012f m\u016bs\u0173 duomen\u0173 apsaugos pareig\u016bn\u0105 adresu:<\/p>\n<p>El. pa\u0161tas: info@vondetechnology.com<\/p>\n<p><strong>Atsakomyb\u0117s atsisakymas:<\/strong><\/p>\n<p>Nepaisant kruop\u0161\u010dios turinio steb\u0117senos, neprisiimame atsakomyb\u0117s u\u017e i\u0161orini\u0173 nuorod\u0173 turin\u012f. U\u017e puslapi\u0173, \u012f kuriuos pateikiamos nuorodos, turin\u012f atsako tik j\u0173 valdytojai. <\/p>\n<p><strong>Gin\u010d\u0173 sprendimas:<\/strong><\/p>\n<p>Vadovaujantis ES reglamentais, gin\u010dus galima spr\u0119sti per ES Komisijos internetin\u0119 gin\u010d\u0173 sprendimo platform\u0105: http:\/\/ec.europa.eu\/consumers\/odr.<\/p>\n<p><strong>Kontaktin\u0117 informacija:<\/strong><\/p>\n<p>Bendrosiomis u\u017eklausomis:<\/p>\n<p>El. pa\u0161tas: info@vondetechnology.com<\/p>\n<p>\u0160is &#8220;Impresszum&#8221; atitinka ES reglamentus ir standartus, taikomus Europos S\u0105jungos rinkose veikiantiems komerciniams subjektams.[\/vc_column_text][\/vc_column][\/vc_row]<\/p>\n<\/div>","protected":false},"excerpt":{"rendered":"<p>[vc_row][vc_column][vc_empty_space][vc_column_text el_class=&#8221;legal-text&#8221;]Informacija apie \u012fmon\u0119: &#8220;Vonde Technology Apie &#8220;Vonde Technology LLC&#8221;: &#8220;Vonde Pro App&#8221; &#8211; tai novatori\u0161ka mobilioji program\u0117l\u0117, sukurta ir veikianti bendradarbiaujant dviem subjektams: &#8220;Vonde Technology LLC&#8221; (JAV) valdo pasaulines rinkas ir tarptautin\u0119 pl\u0117tr\u0105. KMAK Kelet-Magyarorsz\u00e1gi Adatk\u00f6zpont Kft. (Europa, Vengrija) vykdo pl\u0117tros ir susijusias veiklos u\u017eduotis. Valdo: KMAK Kelet-Magyarorsz\u00e1gi Adatk\u00f6zpont Kft. Registracijos adresas: H-5000 Szolnok, [&hellip;]<\/p>\n","protected":false},"author":1,"featured_media":0,"parent":0,"menu_order":0,"comment_status":"closed","ping_status":"closed","template":"","meta":{"footnotes":""},"class_list":["post-20989","page","type-page","status-publish","hentry"],"yoast_head":"<!-- This site is optimized with the Yoast SEO plugin v24.7 - https:\/\/yoast.com\/wordpress\/plugins\/seo\/ -->\n<title>Atspaudas &quot;Vonde Pro&quot; program\u0117lei - Vondetech<\/title>\n<meta name=\"robots\" content=\"index, follow, max-snippet:-1, max-image-preview:large, max-video-preview:-1\" \/>\n<link rel=\"canonical\" href=\"https:\/\/vondetech.com\/lt\/atspaudas-vonde-pro-programelei\/\" \/>\n<meta property=\"og:locale\" content=\"lt_LT\" \/>\n<meta property=\"og:type\" content=\"article\" \/>\n<meta property=\"og:title\" content=\"Atspaudas &quot;Vonde Pro&quot; program\u0117lei - Vondetech\" \/>\n<meta property=\"og:description\" content=\"[vc_row][vc_column][vc_empty_space][vc_column_text el_class=&#8221;legal-text&#8221;]Informacija apie \u012fmon\u0119: &#8220;Vonde Technology Apie &#8220;Vonde Technology LLC&#8221;: &#8220;Vonde Pro App&#8221; &#8211; tai novatori\u0161ka mobilioji program\u0117l\u0117, sukurta ir veikianti bendradarbiaujant dviem subjektams: &#8220;Vonde Technology LLC&#8221; (JAV) valdo pasaulines rinkas ir tarptautin\u0119 pl\u0117tr\u0105. KMAK Kelet-Magyarorsz\u00e1gi Adatk\u00f6zpont Kft. (Europa, Vengrija) vykdo pl\u0117tros ir susijusias veiklos u\u017eduotis. Valdo: KMAK Kelet-Magyarorsz\u00e1gi Adatk\u00f6zpont Kft. Registracijos adresas: H-5000 Szolnok, [&hellip;]\" \/>\n<meta property=\"og:url\" content=\"https:\/\/vondetech.com\/lt\/atspaudas-vonde-pro-programelei\/\" \/>\n<meta property=\"og:site_name\" content=\"Vondetech\" \/>\n<meta property=\"article:modified_time\" content=\"2025-03-20T14:59:49+00:00\" \/>\n<meta name=\"twitter:card\" content=\"summary_large_image\" \/>\n<meta name=\"twitter:label1\" content=\"Est. reading time\" \/>\n\t<meta name=\"twitter:data1\" content=\"1 minut\u0117\" \/>\n<script type=\"application\/ld+json\" class=\"yoast-schema-graph\">{\"@context\":\"https:\/\/schema.org\",\"@graph\":[{\"@type\":\"WebPage\",\"@id\":\"https:\/\/vondetech.com\/lt\/atspaudas-vonde-pro-programelei\/\",\"url\":\"https:\/\/vondetech.com\/lt\/atspaudas-vonde-pro-programelei\/\",\"name\":\"Atspaudas \\\"Vonde Pro\\\" program\u0117lei - Vondetech\",\"isPartOf\":{\"@id\":\"https:\/\/vondetech.com\/lt\/#website\"},\"datePublished\":\"2025-03-19T08:20:16+00:00\",\"dateModified\":\"2025-03-20T14:59:49+00:00\",\"breadcrumb\":{\"@id\":\"https:\/\/vondetech.com\/lt\/atspaudas-vonde-pro-programelei\/#breadcrumb\"},\"inLanguage\":\"lt-LT\",\"potentialAction\":[{\"@type\":\"ReadAction\",\"target\":[\"https:\/\/vondetech.com\/lt\/atspaudas-vonde-pro-programelei\/\"]}]},{\"@type\":\"BreadcrumbList\",\"@id\":\"https:\/\/vondetech.com\/lt\/atspaudas-vonde-pro-programelei\/#breadcrumb\",\"itemListElement\":[{\"@type\":\"ListItem\",\"position\":1,\"name\":\"Pagrindinis\",\"item\":\"https:\/\/vondetech.com\/lt\/pagrindinis\/\"},{\"@type\":\"ListItem\",\"position\":2,\"name\":\"Atspaudas &#8220;Vonde Pro&#8221; program\u0117lei\"}]},{\"@type\":\"WebSite\",\"@id\":\"https:\/\/vondetech.com\/lt\/#website\",\"url\":\"https:\/\/vondetech.com\/lt\/\",\"name\":\"Vondetech\",\"description\":\"\",\"potentialAction\":[{\"@type\":\"SearchAction\",\"target\":{\"@type\":\"EntryPoint\",\"urlTemplate\":\"https:\/\/vondetech.com\/lt\/?s={search_term_string}\"},\"query-input\":{\"@type\":\"PropertyValueSpecification\",\"valueRequired\":true,\"valueName\":\"search_term_string\"}}],\"inLanguage\":\"lt-LT\"}]}<\/script>\n<!-- \/ Yoast SEO plugin. -->","yoast_head_json":{"title":"Atspaudas \"Vonde Pro\" program\u0117lei - Vondetech","robots":{"index":"index","follow":"follow","max-snippet":"max-snippet:-1","max-image-preview":"max-image-preview:large","max-video-preview":"max-video-preview:-1"},"canonical":"https:\/\/vondetech.com\/lt\/atspaudas-vonde-pro-programelei\/","og_locale":"lt_LT","og_type":"article","og_title":"Atspaudas \"Vonde Pro\" program\u0117lei - Vondetech","og_description":"[vc_row][vc_column][vc_empty_space][vc_column_text el_class=&#8221;legal-text&#8221;]Informacija apie \u012fmon\u0119: &#8220;Vonde Technology Apie &#8220;Vonde Technology LLC&#8221;: &#8220;Vonde Pro App&#8221; &#8211; tai novatori\u0161ka mobilioji program\u0117l\u0117, sukurta ir veikianti bendradarbiaujant dviem subjektams: &#8220;Vonde Technology LLC&#8221; (JAV) valdo pasaulines rinkas ir tarptautin\u0119 pl\u0117tr\u0105. KMAK Kelet-Magyarorsz\u00e1gi Adatk\u00f6zpont Kft. (Europa, Vengrija) vykdo pl\u0117tros ir susijusias veiklos u\u017eduotis. Valdo: KMAK Kelet-Magyarorsz\u00e1gi Adatk\u00f6zpont Kft. Registracijos adresas: H-5000 Szolnok, [&hellip;]","og_url":"https:\/\/vondetech.com\/lt\/atspaudas-vonde-pro-programelei\/","og_site_name":"Vondetech","article_modified_time":"2025-03-20T14:59:49+00:00","twitter_card":"summary_large_image","twitter_misc":{"Est. reading time":"1 minut\u0117"},"schema":{"@context":"https:\/\/schema.org","@graph":[{"@type":"WebPage","@id":"https:\/\/vondetech.com\/lt\/atspaudas-vonde-pro-programelei\/","url":"https:\/\/vondetech.com\/lt\/atspaudas-vonde-pro-programelei\/","name":"Atspaudas \"Vonde Pro\" program\u0117lei - Vondetech","isPartOf":{"@id":"https:\/\/vondetech.com\/lt\/#website"},"datePublished":"2025-03-19T08:20:16+00:00","dateModified":"2025-03-20T14:59:49+00:00","breadcrumb":{"@id":"https:\/\/vondetech.com\/lt\/atspaudas-vonde-pro-programelei\/#breadcrumb"},"inLanguage":"lt-LT","potentialAction":[{"@type":"ReadAction","target":["https:\/\/vondetech.com\/lt\/atspaudas-vonde-pro-programelei\/"]}]},{"@type":"BreadcrumbList","@id":"https:\/\/vondetech.com\/lt\/atspaudas-vonde-pro-programelei\/#breadcrumb","itemListElement":[{"@type":"ListItem","position":1,"name":"Pagrindinis","item":"https:\/\/vondetech.com\/lt\/pagrindinis\/"},{"@type":"ListItem","position":2,"name":"Atspaudas &#8220;Vonde Pro&#8221; program\u0117lei"}]},{"@type":"WebSite","@id":"https:\/\/vondetech.com\/lt\/#website","url":"https:\/\/vondetech.com\/lt\/","name":"Vondetech","description":"","potentialAction":[{"@type":"SearchAction","target":{"@type":"EntryPoint","urlTemplate":"https:\/\/vondetech.com\/lt\/?s={search_term_string}"},"query-input":{"@type":"PropertyValueSpecification","valueRequired":true,"valueName":"search_term_string"}}],"inLanguage":"lt-LT"}]}},"_links":{"self":[{"href":"https:\/\/vondetech.com\/lt\/wp-json\/wp\/v2\/pages\/20989","targetHints":{"allow":["GET"]}}],"collection":[{"href":"https:\/\/vondetech.com\/lt\/wp-json\/wp\/v2\/pages"}],"about":[{"href":"https:\/\/vondetech.com\/lt\/wp-json\/wp\/v2\/types\/page"}],"author":[{"embeddable":true,"href":"https:\/\/vondetech.com\/lt\/wp-json\/wp\/v2\/users\/1"}],"replies":[{"embeddable":true,"href":"https:\/\/vondetech.com\/lt\/wp-json\/wp\/v2\/comments?post=20989"}],"version-history":[{"count":2,"href":"https:\/\/vondetech.com\/lt\/wp-json\/wp\/v2\/pages\/20989\/revisions"}],"predecessor-version":[{"id":20993,"href":"https:\/\/vondetech.com\/lt\/wp-json\/wp\/v2\/pages\/20989\/revisions\/20993"}],"wp:attachment":[{"href":"https:\/\/vondetech.com\/lt\/wp-json\/wp\/v2\/media?parent=20989"}],"curies":[{"name":"wp","href":"https:\/\/api.w.org\/{rel}","templated":true}]}}