{"id":20668,"date":"2025-03-19T09:18:12","date_gmt":"2025-03-19T08:18:12","guid":{"rendered":"https:\/\/vondetech.com\/vonde-pro-mobiliosios-programos-slapuku-politika\/"},"modified":"2025-07-02T13:01:44","modified_gmt":"2025-07-02T11:01:44","slug":"vonde-pro-mobiliosios-programos-slapuku-politika","status":"publish","type":"page","link":"https:\/\/vondetech.com\/lt\/vonde-pro-mobiliosios-programos-slapuku-politika\/","title":{"rendered":"&#8220;Vonde Pro&#8221; mobiliosios programos slapuk\u0173 politika"},"content":{"rendered":"<div class=\"wpb-content-wrapper\"><p>[vc_row][vc_column][vc_empty_space][vc_column_text el_class=&#8221;legal-text&#8221;]<strong>\u012esigaliojimo data:<\/strong> 2025 m. kovo 17 d.<\/p>\n<ol>\n<li><strong>  \u012evadas<\/strong><\/li>\n<\/ol>\n<p>\u0160ioje slapuk\u0173 politikoje paai\u0161kinama, kaip &#8220;Vonde Technology&#8221; (&#8220;mes&#8221;, &#8220;mus&#8221; arba &#8220;m\u016bs\u0173&#8221;) naudoja slapukus ir pana\u0161ias technologijas &#8220;Vonde Pro&#8221; mobiliojoje program\u0117l\u0117je (&#8220;Program\u0117l\u0117&#8221;). \u0160i politika taikoma b\u016btent program\u0117lei ir skiriasi nuo m\u016bs\u0173 interneto svetainei taikomos slapuk\u0173 politikos. <\/p>\n<ol start=\"2\">\n<li><strong>  Kas yra slapukai ir sekimo technologijos?<\/strong><\/li>\n<\/ol>\n<p>Slapukai ir sekimo technologijos mobiliosiose program\u0117l\u0117se apima \u012frenginio identifikatorius, pikselius ir vietin\u0119 saugykl\u0105, kurie renka ir saugo duomenis apie j\u016bs\u0173 \u012frengin\u012f ir program\u0117l\u0117s naudojim\u0105.<\/p>\n<ol start=\"3\">\n<li><strong>  M\u016bs\u0173 naudojam\u0173 slapuk\u0173 ir sekimo technologij\u0173 tipai<\/strong><\/li>\n<\/ol>\n<ul>\n<li><strong>Pagrindin\u0117s technologijos:<\/strong> \u0160ios technologijos yra b\u016btinos, kad b\u016bt\u0173 \u012fjungtos pagrindin\u0117s Program\u0117l\u0117s funkcijos, pvz., naudotojo autentifikavimas, saugumo funkcijos ir Program\u0117l\u0117s veikimas. \u0160ios technologijos nerenka joki\u0173 asmens duomen\u0173. <\/li>\n<li><strong>Analitin\u0117s technologijos:<\/strong> Naudojame &#8220;Firebase Analytics&#8221;, &#8220;Firebase Performance Monitoring&#8221; ir &#8220;Firebase Crashlytics&#8221;, kad gal\u0117tume analizuoti naudotoj\u0173 s\u0105veik\u0105, diagnozuoti gedimus ir steb\u0117ti na\u0161um\u0105, siekiant pagerinti program\u0117l\u0117s kokyb\u0119. \u0160ios technologijos renka anoniminius duomenis apie naudotoj\u0173 s\u0105veikas, program\u0117l\u0117s naudojim\u0105 ir informacij\u0105 apie \u012frengin\u012f, kad gal\u0117tume suprasti, kaip naudotojai s\u0105veikauja su program\u0117le, ir nustatyti tobulintinas sritis. <\/li>\n<li><strong>Reklamos technologijos:<\/strong> &#8220;Google AdMob&#8221; renka \u012frenginio identifikatorius ir program\u0117l\u0117s naudojimo duomenis, kad gal\u0117t\u0173 rodyti asmeninius skelbimus, pritaikytus naudotojo interesams. &#8220;Google AdMob&#8221; naudoja tokias technologijas, kaip \u012frenginio reklaminis identifikatorius, kad pritaikyt\u0173 skelbimus. \u0160io identifikatoriaus naudojim\u0105 galite kontroliuoti savo \u012frenginio nustatymuose.  <\/li>\n<\/ul>\n<ol start=\"4\">\n<li><strong>  Sekimo technologij\u0173 naudojimo tikslai<\/strong><\/li>\n<\/ol>\n<p>\u0160ias technologijas naudojame:<\/p>\n<ul>\n<li>U\u017etikrinkite pagrindines program\u0117l\u0117s funkcijas.<\/li>\n<li>Steb\u0117kite ir gerinkite program\u0117l\u0117s veikim\u0105 ir stabilum\u0105.<\/li>\n<li>Pateikite suasmenintus skelbimus naudodami &#8220;Google AdMob&#8221;.<\/li>\n<li>Analizuokite naudotoj\u0173 s\u0105veikas, kad pagerintum\u0117te naudotoj\u0173 patirt\u012f ir optimizuotum\u0117te program\u0117l\u0117s funkcionalum\u0105.<\/li>\n<\/ul>\n<ol start=\"5\">\n<li><strong>  Slapuk\u0173 ir nuostat\u0173 tvarkymas<\/strong><\/li>\n<\/ol>\n<p>Slapuk\u0173 ir sekimo technologij\u0173 naudojim\u0105 galite kontroliuoti naudodami savo \u012frenginio nustatymus.<\/p>\n<ul>\n<li><strong>&#8220;Android&#8221; \u012frenginiams:<\/strong> Galite atsisakyti personalizuotos reklamos, \u012frenginio nustatymuose \u012fjung\u0119 &#8220;Atsisakyti skelbim\u0173 personalizavimo&#8221;. Analitini\u0173 duomen\u0173 rinkim\u0105 taip pat galite kontroliuoti savo prietaiso privatumo nustatymuose. <\/li>\n<li><strong>&#8220;iOS&#8221; \u012frenginiams:<\/strong> Galite apriboti skelbim\u0173 sekim\u0105 \u012fjung\u0119 &#8220;Riboti skelbim\u0173 sekim\u0105&#8221; savo \u012frenginio nustatymuose. Analitini\u0173 duomen\u0173 rinkim\u0105 taip pat galite kontroliuoti savo prietaiso privatumo nustatymuose. <\/li>\n<li>Daugiau informacijos, kaip tvarkyti privatumo nustatymus, rasite savo prietaiso pagalbos dokumentuose.<\/li>\n<\/ul>\n<p>Kai kurios i\u0161 \u0161i\u0173 technologij\u0173 pagr\u012fstos sesijomis, t. y. jos i\u0161trinamos, kai u\u017edarote program\u0117l\u0119. Kitos yra nuolatin\u0117s, t. y. jos lieka j\u016bs\u0173 prietaise ilgesn\u012f laik\u0105. <\/p>\n<ol start=\"6\">\n<li><strong>  Tre\u010di\u0173j\u0173 \u0161ali\u0173 paslaug\u0173 teik\u0117jai<\/strong><\/li>\n<\/ol>\n<p>Naudojame \u0161iuos tre\u010di\u0173j\u0173 \u0161ali\u0173 paslaug\u0173 teik\u0117jus, kurie naudoja slapukus arba sekimo technologijas:<\/p>\n<ul>\n<li><strong>&#8220;Google Firebase&#8221;:<\/strong> Naudojame &#8220;Google Firebase&#8221; paslaugas, \u012fskaitant &#8220;Firebase Analytics&#8221;, &#8220;Firebase Crashlytics&#8221; ir &#8220;Firebase Performance Monitoring&#8221;. \u0160iose paslaugose naudojamos technologijos, skirtos rinkti ir apdoroti duomenis apie j\u016bs\u0173 naudojim\u0105si Program\u0117le. Daugiau informacijos apie &#8220;Google&#8221; privatumo praktik\u0105 ir tai, kaip &#8220;Google&#8221; naudoja duomenis, galite rasti &#8220;Google&#8221; privatumo politikoje:    [Link to Google&#8217;s Privacy Policy]<\/li>\n<li><strong>&#8220;Google AdMob&#8221;:<\/strong> Naudojame &#8220;Google AdMob&#8221;, kad program\u0117l\u0117je b\u016bt\u0173 rodomi personalizuoti skelbimai. &#8220;Google AdMob&#8221; naudoja technologijas, kuriomis renka ir apdoroja duomenis apie j\u016bs\u0173 naudojim\u0105si Program\u0117le ir j\u016bs\u0173 \u012frengin\u012f. Daugiau informacijos apie &#8220;Google&#8221; privatumo praktik\u0105 ir tai, kaip &#8220;Google&#8221; naudoja duomenis, galite rasti &#8220;Google&#8221; privatumo politikoje:    [Link to Google&#8217;s Privacy Policy]<\/li>\n<\/ul>\n<p>Visos tre\u010diosios \u0161alys grie\u017etai laikosi duomen\u0173 apsaugos standart\u0173 ir tvarko duomenis tik nurodytais tikslais.<\/p>\n<ol start=\"7\">\n<li><strong>  Politikos atnaujinimai<\/strong><\/li>\n<\/ol>\n<p>\u0160i slapuk\u0173 politika gali b\u016bti periodi\u0161kai atnaujinama. Apie svarbius pakeitimus bus prane\u0161ta program\u0117l\u0117s prane\u0161imais arba el. pa\u0161tu. <\/p>\n<ol start=\"8\">\n<li><strong>  Kontaktin\u0117 informacija<\/strong><\/li>\n<\/ol>\n<p>Jei turite klausim\u0173 ar abejoni\u0173 d\u0117l \u0161ios slapuk\u0173 politikos, susisiekite su mumis:<\/p>\n<p>KMAK Kelet-Magyarorsz\u00e1gi Adatk\u00f6zpont Kft.<\/p>\n<p>H-5000 Szolnok, Szap\u00e1ry utca 20.<\/p>\n<p>El. pa\u0161tas: info@vondetechnology.com<\/p>\n<p>Naudodamiesi &#8220;Vonde Pro&#8221; program\u0117le sutinkate, kad b\u016bt\u0173 naudojami slapukai ir sekimo technologijos, kaip apra\u0161yta \u0161ioje slapuk\u0173 politikoje.[\/vc_column_text][\/vc_column][\/vc_row]<\/p>\n<\/div>","protected":false},"excerpt":{"rendered":"<p>[vc_row][vc_column][vc_empty_space][vc_column_text el_class=&#8221;legal-text&#8221;]\u012esigaliojimo data: 2025 m. kovo 17 d. \u012evadas \u0160ioje slapuk\u0173 politikoje paai\u0161kinama, kaip &#8220;Vonde Technology&#8221; (&#8220;mes&#8221;, &#8220;mus&#8221; arba &#8220;m\u016bs\u0173&#8221;) naudoja slapukus ir pana\u0161ias technologijas &#8220;Vonde Pro&#8221; mobiliojoje program\u0117l\u0117je (&#8220;Program\u0117l\u0117&#8221;). \u0160i politika taikoma b\u016btent program\u0117lei ir skiriasi nuo m\u016bs\u0173 interneto svetainei taikomos slapuk\u0173 politikos. Kas yra slapukai ir sekimo technologijos? Slapukai ir sekimo technologijos mobiliosiose [&hellip;]<\/p>\n","protected":false},"author":1,"featured_media":0,"parent":0,"menu_order":0,"comment_status":"closed","ping_status":"closed","template":"","meta":{"footnotes":""},"class_list":["post-20668","page","type-page","status-publish","hentry"],"yoast_head":"<!-- This site is optimized with the Yoast SEO plugin v24.7 - https:\/\/yoast.com\/wordpress\/plugins\/seo\/ -->\n<title>&quot;Vonde Pro&quot; mobiliosios programos slapuk\u0173 politika - Vondetech<\/title>\n<meta name=\"robots\" content=\"index, follow, max-snippet:-1, max-image-preview:large, max-video-preview:-1\" \/>\n<link rel=\"canonical\" href=\"https:\/\/vondetech.com\/lt\/vonde-pro-mobiliosios-programos-slapuku-politika\/\" \/>\n<meta property=\"og:locale\" content=\"lt_LT\" \/>\n<meta property=\"og:type\" content=\"article\" \/>\n<meta property=\"og:title\" content=\"&quot;Vonde Pro&quot; mobiliosios programos slapuk\u0173 politika - Vondetech\" \/>\n<meta property=\"og:description\" content=\"[vc_row][vc_column][vc_empty_space][vc_column_text el_class=&#8221;legal-text&#8221;]\u012esigaliojimo data: 2025 m. kovo 17 d. \u012evadas \u0160ioje slapuk\u0173 politikoje paai\u0161kinama, kaip &#8220;Vonde Technology&#8221; (&#8220;mes&#8221;, &#8220;mus&#8221; arba &#8220;m\u016bs\u0173&#8221;) naudoja slapukus ir pana\u0161ias technologijas &#8220;Vonde Pro&#8221; mobiliojoje program\u0117l\u0117je (&#8220;Program\u0117l\u0117&#8221;). \u0160i politika taikoma b\u016btent program\u0117lei ir skiriasi nuo m\u016bs\u0173 interneto svetainei taikomos slapuk\u0173 politikos. Kas yra slapukai ir sekimo technologijos? Slapukai ir sekimo technologijos mobiliosiose [&hellip;]\" \/>\n<meta property=\"og:url\" content=\"https:\/\/vondetech.com\/lt\/vonde-pro-mobiliosios-programos-slapuku-politika\/\" \/>\n<meta property=\"og:site_name\" content=\"Vondetech\" \/>\n<meta property=\"article:modified_time\" content=\"2025-07-02T11:01:44+00:00\" \/>\n<meta name=\"twitter:card\" content=\"summary_large_image\" \/>\n<meta name=\"twitter:label1\" content=\"Est. reading time\" \/>\n\t<meta name=\"twitter:data1\" content=\"3 minut\u0117s\" \/>\n<script type=\"application\/ld+json\" class=\"yoast-schema-graph\">{\"@context\":\"https:\/\/schema.org\",\"@graph\":[{\"@type\":\"WebPage\",\"@id\":\"https:\/\/vondetech.com\/lt\/vonde-pro-mobiliosios-programos-slapuku-politika\/\",\"url\":\"https:\/\/vondetech.com\/lt\/vonde-pro-mobiliosios-programos-slapuku-politika\/\",\"name\":\"\\\"Vonde Pro\\\" mobiliosios programos slapuk\u0173 politika - Vondetech\",\"isPartOf\":{\"@id\":\"https:\/\/vondetech.com\/lt\/#website\"},\"datePublished\":\"2025-03-19T08:18:12+00:00\",\"dateModified\":\"2025-07-02T11:01:44+00:00\",\"breadcrumb\":{\"@id\":\"https:\/\/vondetech.com\/lt\/vonde-pro-mobiliosios-programos-slapuku-politika\/#breadcrumb\"},\"inLanguage\":\"lt-LT\",\"potentialAction\":[{\"@type\":\"ReadAction\",\"target\":[\"https:\/\/vondetech.com\/lt\/vonde-pro-mobiliosios-programos-slapuku-politika\/\"]}]},{\"@type\":\"BreadcrumbList\",\"@id\":\"https:\/\/vondetech.com\/lt\/vonde-pro-mobiliosios-programos-slapuku-politika\/#breadcrumb\",\"itemListElement\":[{\"@type\":\"ListItem\",\"position\":1,\"name\":\"Pagrindinis\",\"item\":\"https:\/\/vondetech.com\/lt\/pagrindinis\/\"},{\"@type\":\"ListItem\",\"position\":2,\"name\":\"&#8220;Vonde Pro&#8221; mobiliosios programos slapuk\u0173 politika\"}]},{\"@type\":\"WebSite\",\"@id\":\"https:\/\/vondetech.com\/lt\/#website\",\"url\":\"https:\/\/vondetech.com\/lt\/\",\"name\":\"Vondetech\",\"description\":\"\",\"potentialAction\":[{\"@type\":\"SearchAction\",\"target\":{\"@type\":\"EntryPoint\",\"urlTemplate\":\"https:\/\/vondetech.com\/lt\/?s={search_term_string}\"},\"query-input\":{\"@type\":\"PropertyValueSpecification\",\"valueRequired\":true,\"valueName\":\"search_term_string\"}}],\"inLanguage\":\"lt-LT\"}]}<\/script>\n<!-- \/ Yoast SEO plugin. -->","yoast_head_json":{"title":"\"Vonde Pro\" mobiliosios programos slapuk\u0173 politika - Vondetech","robots":{"index":"index","follow":"follow","max-snippet":"max-snippet:-1","max-image-preview":"max-image-preview:large","max-video-preview":"max-video-preview:-1"},"canonical":"https:\/\/vondetech.com\/lt\/vonde-pro-mobiliosios-programos-slapuku-politika\/","og_locale":"lt_LT","og_type":"article","og_title":"\"Vonde Pro\" mobiliosios programos slapuk\u0173 politika - Vondetech","og_description":"[vc_row][vc_column][vc_empty_space][vc_column_text el_class=&#8221;legal-text&#8221;]\u012esigaliojimo data: 2025 m. kovo 17 d. \u012evadas \u0160ioje slapuk\u0173 politikoje paai\u0161kinama, kaip &#8220;Vonde Technology&#8221; (&#8220;mes&#8221;, &#8220;mus&#8221; arba &#8220;m\u016bs\u0173&#8221;) naudoja slapukus ir pana\u0161ias technologijas &#8220;Vonde Pro&#8221; mobiliojoje program\u0117l\u0117je (&#8220;Program\u0117l\u0117&#8221;). \u0160i politika taikoma b\u016btent program\u0117lei ir skiriasi nuo m\u016bs\u0173 interneto svetainei taikomos slapuk\u0173 politikos. Kas yra slapukai ir sekimo technologijos? Slapukai ir sekimo technologijos mobiliosiose [&hellip;]","og_url":"https:\/\/vondetech.com\/lt\/vonde-pro-mobiliosios-programos-slapuku-politika\/","og_site_name":"Vondetech","article_modified_time":"2025-07-02T11:01:44+00:00","twitter_card":"summary_large_image","twitter_misc":{"Est. reading time":"3 minut\u0117s"},"schema":{"@context":"https:\/\/schema.org","@graph":[{"@type":"WebPage","@id":"https:\/\/vondetech.com\/lt\/vonde-pro-mobiliosios-programos-slapuku-politika\/","url":"https:\/\/vondetech.com\/lt\/vonde-pro-mobiliosios-programos-slapuku-politika\/","name":"\"Vonde Pro\" mobiliosios programos slapuk\u0173 politika - Vondetech","isPartOf":{"@id":"https:\/\/vondetech.com\/lt\/#website"},"datePublished":"2025-03-19T08:18:12+00:00","dateModified":"2025-07-02T11:01:44+00:00","breadcrumb":{"@id":"https:\/\/vondetech.com\/lt\/vonde-pro-mobiliosios-programos-slapuku-politika\/#breadcrumb"},"inLanguage":"lt-LT","potentialAction":[{"@type":"ReadAction","target":["https:\/\/vondetech.com\/lt\/vonde-pro-mobiliosios-programos-slapuku-politika\/"]}]},{"@type":"BreadcrumbList","@id":"https:\/\/vondetech.com\/lt\/vonde-pro-mobiliosios-programos-slapuku-politika\/#breadcrumb","itemListElement":[{"@type":"ListItem","position":1,"name":"Pagrindinis","item":"https:\/\/vondetech.com\/lt\/pagrindinis\/"},{"@type":"ListItem","position":2,"name":"&#8220;Vonde Pro&#8221; mobiliosios programos slapuk\u0173 politika"}]},{"@type":"WebSite","@id":"https:\/\/vondetech.com\/lt\/#website","url":"https:\/\/vondetech.com\/lt\/","name":"Vondetech","description":"","potentialAction":[{"@type":"SearchAction","target":{"@type":"EntryPoint","urlTemplate":"https:\/\/vondetech.com\/lt\/?s={search_term_string}"},"query-input":{"@type":"PropertyValueSpecification","valueRequired":true,"valueName":"search_term_string"}}],"inLanguage":"lt-LT"}]}},"_links":{"self":[{"href":"https:\/\/vondetech.com\/lt\/wp-json\/wp\/v2\/pages\/20668","targetHints":{"allow":["GET"]}}],"collection":[{"href":"https:\/\/vondetech.com\/lt\/wp-json\/wp\/v2\/pages"}],"about":[{"href":"https:\/\/vondetech.com\/lt\/wp-json\/wp\/v2\/types\/page"}],"author":[{"embeddable":true,"href":"https:\/\/vondetech.com\/lt\/wp-json\/wp\/v2\/users\/1"}],"replies":[{"embeddable":true,"href":"https:\/\/vondetech.com\/lt\/wp-json\/wp\/v2\/comments?post=20668"}],"version-history":[{"count":4,"href":"https:\/\/vondetech.com\/lt\/wp-json\/wp\/v2\/pages\/20668\/revisions"}],"predecessor-version":[{"id":30454,"href":"https:\/\/vondetech.com\/lt\/wp-json\/wp\/v2\/pages\/20668\/revisions\/30454"}],"wp:attachment":[{"href":"https:\/\/vondetech.com\/lt\/wp-json\/wp\/v2\/media?parent=20668"}],"curies":[{"name":"wp","href":"https:\/\/api.w.org\/{rel}","templated":true}]}}