{"id":18450,"date":"2018-12-28T10:50:09","date_gmt":"2018-12-28T09:50:09","guid":{"rendered":"https:\/\/vondetech.com\/tinklarastis\/"},"modified":"2025-01-08T15:06:42","modified_gmt":"2025-01-08T14:06:42","slug":"blog","status":"publish","type":"page","link":"https:\/\/vondetech.com\/lt\/blog\/","title":{"rendered":"Blog"},"content":{"rendered":"<div class=\"wpb-content-wrapper\"><p>[vc_row][vc_column][vc_empty_space][vc_custom_heading text=&#8221;VONDETECH \u012e\u017dVALGOS TINKLARA\u0160TIS&#8221; font_container=&#8221;tag:h2|font_size:32px|text_align:center|color:%23b0358b&#8221; use_theme_fonts=&#8221;yes&#8221;][vc_custom_heading text=&#8221;Skaitmeninio verslo inovacijos: \u0160iandienos technologijos atei\u010diai&#8221; font_container=&#8221;tag:h2|font_size:24px|text_align:center|color:%23000000&#8243; use_theme_fonts=&#8221;yes&#8221;][vc_empty_space height=&#8221;10px&#8221;][vc_column_text]Sveiki atvyk\u0119 \u012f &#8220;Skaitmeninio verslo inovacijos: &#8220;\u0160iandienin\u0117s technologijos atei\u010diai&#8221; tinklara\u0161\u010dio puslapyje, kuriame aptariami naujausi technologiniai poky\u010diai ir j\u0173 poveikis verslo pasauliui. \u0160iame puslapyje galite gilintis \u012f \u012fvairias temas &#8211; nuo revoliucini\u0173 skaitmenini\u0173 \u012franki\u0173 iki nauj\u0173 verslo komunikacijos dimensij\u0173, visada atsi\u017evelgiant \u012f naujausias tendencijas ir inovacijas.<\/p>\n<p>&nbsp;<\/p>\n<p style=\"text-align: center;\">M\u016bs\u0173 tinklara\u0161tyje &#8220;Vonde Technology&#8221; ekspertai ir kviestiniai autoriai dalijasi savo mintimis, tyrimais ir \u012f\u017evalgomis, kad \u012fkv\u0117pt\u0173, informuot\u0173 ir pad\u0117t\u0173 suprasti, kaip \u0161iuolaikin\u0117s technologijos kei\u010dia m\u016bs\u0173 kasdien\u012f gyvenim\u0105.<\/p>\n<p>[\/vc_column_text][\/vc_column][\/vc_row][vc_row][vc_column][vc_empty_space]<!-- blog -->\r<div class=\"blog element-one hover-style-one  rt395883949 isotope\"  data-row-items=\"3\"><p>No items found<\/p><\/div>\r<!-- blog -->\r[\/vc_column][\/vc_row]<\/p>\n<\/div>","protected":false},"excerpt":{"rendered":"<p>[vc_row][vc_column][vc_empty_space][vc_custom_heading text=&#8221;VONDETECH \u012e\u017dVALGOS TINKLARA\u0160TIS&#8221; font_container=&#8221;tag:h2|font_size:32px|text_align:center|color:%23b0358b&#8221; use_theme_fonts=&#8221;yes&#8221;][vc_custom_heading text=&#8221;Skaitmeninio verslo inovacijos: \u0160iandienos technologijos atei\u010diai&#8221; font_container=&#8221;tag:h2|font_size:24px|text_align:center|color:%23000000&#8243; use_theme_fonts=&#8221;yes&#8221;][vc_empty_space height=&#8221;10px&#8221;][vc_column_text]Sveiki atvyk\u0119 \u012f &#8220;Skaitmeninio verslo inovacijos: &#8220;\u0160iandienin\u0117s technologijos atei\u010diai&#8221; tinklara\u0161\u010dio puslapyje, kuriame aptariami naujausi technologiniai poky\u010diai ir j\u0173 poveikis verslo pasauliui. \u0160iame puslapyje galite gilintis \u012f \u012fvairias temas &#8211; nuo revoliucini\u0173 skaitmenini\u0173 \u012franki\u0173 iki nauj\u0173 verslo komunikacijos dimensij\u0173, visada atsi\u017evelgiant \u012f [&hellip;]<\/p>\n","protected":false},"author":1,"featured_media":0,"parent":0,"menu_order":0,"comment_status":"closed","ping_status":"closed","template":"","meta":{"footnotes":""},"class_list":["post-18450","page","type-page","status-publish","hentry"],"yoast_head":"<!-- This site is optimized with the Yoast SEO plugin v24.7 - https:\/\/yoast.com\/wordpress\/plugins\/seo\/ -->\n<title>Blog - Vondetech<\/title>\n<meta name=\"robots\" content=\"index, follow, max-snippet:-1, max-image-preview:large, max-video-preview:-1\" \/>\n<link rel=\"canonical\" href=\"https:\/\/vondetech.com\/lt\/blog\/\" \/>\n<meta property=\"og:locale\" content=\"lt_LT\" \/>\n<meta property=\"og:type\" content=\"article\" \/>\n<meta property=\"og:title\" content=\"Blog - Vondetech\" \/>\n<meta property=\"og:description\" content=\"[vc_row][vc_column][vc_empty_space][vc_custom_heading text=&#8221;VONDETECH \u012e\u017dVALGOS TINKLARA\u0160TIS&#8221; font_container=&#8221;tag:h2|font_size:32px|text_align:center|color:%23b0358b&#8221; use_theme_fonts=&#8221;yes&#8221;][vc_custom_heading text=&#8221;Skaitmeninio verslo inovacijos: \u0160iandienos technologijos atei\u010diai&#8221; font_container=&#8221;tag:h2|font_size:24px|text_align:center|color:%23000000&#8243; use_theme_fonts=&#8221;yes&#8221;][vc_empty_space height=&#8221;10px&#8221;][vc_column_text]Sveiki atvyk\u0119 \u012f &#8220;Skaitmeninio verslo inovacijos: &#8220;\u0160iandienin\u0117s technologijos atei\u010diai&#8221; tinklara\u0161\u010dio puslapyje, kuriame aptariami naujausi technologiniai poky\u010diai ir j\u0173 poveikis verslo pasauliui. \u0160iame puslapyje galite gilintis \u012f \u012fvairias temas &#8211; nuo revoliucini\u0173 skaitmenini\u0173 \u012franki\u0173 iki nauj\u0173 verslo komunikacijos dimensij\u0173, visada atsi\u017evelgiant \u012f [&hellip;]\" \/>\n<meta property=\"og:url\" content=\"https:\/\/vondetech.com\/lt\/blog\/\" \/>\n<meta property=\"og:site_name\" content=\"Vondetech\" \/>\n<meta property=\"article:modified_time\" content=\"2025-01-08T14:06:42+00:00\" \/>\n<meta name=\"twitter:card\" content=\"summary_large_image\" \/>\n<meta name=\"twitter:label1\" content=\"Est. reading time\" \/>\n\t<meta name=\"twitter:data1\" content=\"1 minut\u0117\" \/>\n<script type=\"application\/ld+json\" class=\"yoast-schema-graph\">{\"@context\":\"https:\/\/schema.org\",\"@graph\":[{\"@type\":\"WebPage\",\"@id\":\"https:\/\/vondetech.com\/lt\/blog\/\",\"url\":\"https:\/\/vondetech.com\/lt\/blog\/\",\"name\":\"Blog - Vondetech\",\"isPartOf\":{\"@id\":\"https:\/\/vondetech.com\/lt\/#website\"},\"datePublished\":\"2018-12-28T09:50:09+00:00\",\"dateModified\":\"2025-01-08T14:06:42+00:00\",\"breadcrumb\":{\"@id\":\"https:\/\/vondetech.com\/lt\/blog\/#breadcrumb\"},\"inLanguage\":\"lt-LT\",\"potentialAction\":[{\"@type\":\"ReadAction\",\"target\":[\"https:\/\/vondetech.com\/lt\/blog\/\"]}]},{\"@type\":\"BreadcrumbList\",\"@id\":\"https:\/\/vondetech.com\/lt\/blog\/#breadcrumb\",\"itemListElement\":[{\"@type\":\"ListItem\",\"position\":1,\"name\":\"Pagrindinis\",\"item\":\"https:\/\/vondetech.com\/lt\/pagrindinis\/\"},{\"@type\":\"ListItem\",\"position\":2,\"name\":\"Blog\"}]},{\"@type\":\"WebSite\",\"@id\":\"https:\/\/vondetech.com\/lt\/#website\",\"url\":\"https:\/\/vondetech.com\/lt\/\",\"name\":\"Vondetech\",\"description\":\"\",\"potentialAction\":[{\"@type\":\"SearchAction\",\"target\":{\"@type\":\"EntryPoint\",\"urlTemplate\":\"https:\/\/vondetech.com\/lt\/?s={search_term_string}\"},\"query-input\":{\"@type\":\"PropertyValueSpecification\",\"valueRequired\":true,\"valueName\":\"search_term_string\"}}],\"inLanguage\":\"lt-LT\"}]}<\/script>\n<!-- \/ Yoast SEO plugin. -->","yoast_head_json":{"title":"Blog - Vondetech","robots":{"index":"index","follow":"follow","max-snippet":"max-snippet:-1","max-image-preview":"max-image-preview:large","max-video-preview":"max-video-preview:-1"},"canonical":"https:\/\/vondetech.com\/lt\/blog\/","og_locale":"lt_LT","og_type":"article","og_title":"Blog - Vondetech","og_description":"[vc_row][vc_column][vc_empty_space][vc_custom_heading text=&#8221;VONDETECH \u012e\u017dVALGOS TINKLARA\u0160TIS&#8221; font_container=&#8221;tag:h2|font_size:32px|text_align:center|color:%23b0358b&#8221; use_theme_fonts=&#8221;yes&#8221;][vc_custom_heading text=&#8221;Skaitmeninio verslo inovacijos: \u0160iandienos technologijos atei\u010diai&#8221; font_container=&#8221;tag:h2|font_size:24px|text_align:center|color:%23000000&#8243; use_theme_fonts=&#8221;yes&#8221;][vc_empty_space height=&#8221;10px&#8221;][vc_column_text]Sveiki atvyk\u0119 \u012f &#8220;Skaitmeninio verslo inovacijos: &#8220;\u0160iandienin\u0117s technologijos atei\u010diai&#8221; tinklara\u0161\u010dio puslapyje, kuriame aptariami naujausi technologiniai poky\u010diai ir j\u0173 poveikis verslo pasauliui. \u0160iame puslapyje galite gilintis \u012f \u012fvairias temas &#8211; nuo revoliucini\u0173 skaitmenini\u0173 \u012franki\u0173 iki nauj\u0173 verslo komunikacijos dimensij\u0173, visada atsi\u017evelgiant \u012f [&hellip;]","og_url":"https:\/\/vondetech.com\/lt\/blog\/","og_site_name":"Vondetech","article_modified_time":"2025-01-08T14:06:42+00:00","twitter_card":"summary_large_image","twitter_misc":{"Est. reading time":"1 minut\u0117"},"schema":{"@context":"https:\/\/schema.org","@graph":[{"@type":"WebPage","@id":"https:\/\/vondetech.com\/lt\/blog\/","url":"https:\/\/vondetech.com\/lt\/blog\/","name":"Blog - Vondetech","isPartOf":{"@id":"https:\/\/vondetech.com\/lt\/#website"},"datePublished":"2018-12-28T09:50:09+00:00","dateModified":"2025-01-08T14:06:42+00:00","breadcrumb":{"@id":"https:\/\/vondetech.com\/lt\/blog\/#breadcrumb"},"inLanguage":"lt-LT","potentialAction":[{"@type":"ReadAction","target":["https:\/\/vondetech.com\/lt\/blog\/"]}]},{"@type":"BreadcrumbList","@id":"https:\/\/vondetech.com\/lt\/blog\/#breadcrumb","itemListElement":[{"@type":"ListItem","position":1,"name":"Pagrindinis","item":"https:\/\/vondetech.com\/lt\/pagrindinis\/"},{"@type":"ListItem","position":2,"name":"Blog"}]},{"@type":"WebSite","@id":"https:\/\/vondetech.com\/lt\/#website","url":"https:\/\/vondetech.com\/lt\/","name":"Vondetech","description":"","potentialAction":[{"@type":"SearchAction","target":{"@type":"EntryPoint","urlTemplate":"https:\/\/vondetech.com\/lt\/?s={search_term_string}"},"query-input":{"@type":"PropertyValueSpecification","valueRequired":true,"valueName":"search_term_string"}}],"inLanguage":"lt-LT"}]}},"_links":{"self":[{"href":"https:\/\/vondetech.com\/lt\/wp-json\/wp\/v2\/pages\/18450","targetHints":{"allow":["GET"]}}],"collection":[{"href":"https:\/\/vondetech.com\/lt\/wp-json\/wp\/v2\/pages"}],"about":[{"href":"https:\/\/vondetech.com\/lt\/wp-json\/wp\/v2\/types\/page"}],"author":[{"embeddable":true,"href":"https:\/\/vondetech.com\/lt\/wp-json\/wp\/v2\/users\/1"}],"replies":[{"embeddable":true,"href":"https:\/\/vondetech.com\/lt\/wp-json\/wp\/v2\/comments?post=18450"}],"version-history":[{"count":3,"href":"https:\/\/vondetech.com\/lt\/wp-json\/wp\/v2\/pages\/18450\/revisions"}],"predecessor-version":[{"id":18453,"href":"https:\/\/vondetech.com\/lt\/wp-json\/wp\/v2\/pages\/18450\/revisions\/18453"}],"wp:attachment":[{"href":"https:\/\/vondetech.com\/lt\/wp-json\/wp\/v2\/media?parent=18450"}],"curies":[{"name":"wp","href":"https:\/\/api.w.org\/{rel}","templated":true}]}}